{"id":9744,"date":"2017-03-02T16:05:33","date_gmt":"2017-03-02T15:05:33","guid":{"rendered":"https:\/\/colegio.sanjaimemoncada.es\/titulos\/"},"modified":"2019-02-10T20:41:54","modified_gmt":"2019-02-10T19:41:54","slug":"titulos","status":"publish","type":"page","link":"https:\/\/colegio.sanjaimemoncada.es\/va\/titulos\/","title":{"rendered":"T\u00edtols"},"content":{"rendered":"<h3 style=\"text-align: center;\"><b>Sol\u00b7licitud del T\u00edtol de Batxillerat anys anteriors\/fora de termini\/duplicats<\/b><\/h3>\n<p><span style=\"font-weight: 400;\">Els alumnes que vullguen sol\u00b7licitar el t\u00edtol i es troben fora de termini, o hagen finalitzat segon de Batxillerat en cursos anteriors o desitgen sol\u00b7licitar un duplicat, hauran d\u2019omplir la sol\u00b7licitud de t\u00edtol, abonar la taxa i presentar-ho en la secretaria del centre IES Massamagrell (Av. Blasco Ib\u00e1\u00f1ez n 6 de Massamagrell)<\/span><\/p>\n<h3 style=\"text-align: center;\"><b>Sol\u00b7licitud del T\u00edtol de Cicles Formatius anys anteriors\/fora de termini\/duplicats<\/b><\/h3>\n<p><span style=\"font-weight: 400;\">Els alumnes que vullguen sol\u00b7licitar el t\u00edtol i es troben fora de termini, o hagen finalitzat el Cicle Formatius en cursos anteriors o desitgen sol\u00b7licitar un duplicat, hauran d\u2019omplir la sol\u00b7licitud de t\u00edtol, abonar la taxa i presentar-ho en la secretaria del centre IES Tierno Galv\u00e1n (Crta Benifaraig s\/n de Moncada)<\/span><\/p>\n","protected":false},"excerpt":{"rendered":"<p>Sol\u00b7licitud del T\u00edtol de Batxillerat anys anteriors\/fora de termini\/duplicats Els alumnes que vullguen sol\u00b7licitar el t\u00edtol i es troben fora de termini, o hagen finalitzat segon de Batxillerat en cursos anteriors o desitgen sol\u00b7licitar un duplicat, hauran d\u2019omplir la sol\u00b7licitud de t\u00edtol, abonar la taxa i presentar-ho en la secretaria del centre IES Massamagrell (Av. [&hellip;]<\/p>\n","protected":false},"author":4,"featured_media":0,"parent":0,"menu_order":0,"comment_status":"closed","ping_status":"closed","template":"","meta":{"_monsterinsights_skip_tracking":false,"_monsterinsights_sitenote_active":false,"_monsterinsights_sitenote_note":"","_monsterinsights_sitenote_category":0,"footnotes":""},"class_list":["post-9744","page","type-page","status-publish","hentry"],"yoast_head":"<!-- This site is optimized with the Yoast SEO plugin v26.2 - https:\/\/yoast.com\/wordpress\/plugins\/seo\/ -->\n<title>T\u00edtols - C. Parroquial San Jaime Ap\u00f3stol<\/title>\n<meta name=\"robots\" content=\"index, follow, max-snippet:-1, max-image-preview:large, max-video-preview:-1\" \/>\n<link rel=\"canonical\" href=\"https:\/\/colegio.sanjaimemoncada.es\/titulos\/\" \/>\n<meta property=\"og:locale\" content=\"en_US\" \/>\n<meta property=\"og:type\" content=\"article\" \/>\n<meta property=\"og:title\" content=\"T\u00edtols - C. Parroquial San Jaime Ap\u00f3stol\" \/>\n<meta property=\"og:description\" content=\"Sol\u00b7licitud del T\u00edtol de Batxillerat anys anteriors\/fora de termini\/duplicats Els alumnes que vullguen sol\u00b7licitar el t\u00edtol i es troben fora de termini, o hagen finalitzat segon de Batxillerat en cursos anteriors o desitgen sol\u00b7licitar un duplicat, hauran d\u2019omplir la sol\u00b7licitud de t\u00edtol, abonar la taxa i presentar-ho en la secretaria del centre IES Massamagrell (Av. [&hellip;]\" \/>\n<meta property=\"og:url\" content=\"https:\/\/colegio.sanjaimemoncada.es\/titulos\/\" \/>\n<meta property=\"og:site_name\" content=\"C. Parroquial San Jaime Ap\u00f3stol\" \/>\n<meta property=\"article:modified_time\" content=\"2019-02-10T19:41:54+00:00\" \/>\n<meta name=\"twitter:card\" content=\"summary_large_image\" \/>\n<meta name=\"twitter:label1\" content=\"Est. reading time\" \/>\n\t<meta name=\"twitter:data1\" content=\"1 minute\" \/>\n<script type=\"application\/ld+json\" class=\"yoast-schema-graph\">{\"@context\":\"https:\/\/schema.org\",\"@graph\":[{\"@type\":\"WebPage\",\"@id\":\"https:\/\/colegio.sanjaimemoncada.es\/titulos\/\",\"url\":\"https:\/\/colegio.sanjaimemoncada.es\/titulos\/\",\"name\":\"T\u00edtols - C. Parroquial San Jaime Ap\u00f3stol\",\"isPartOf\":{\"@id\":\"https:\/\/colegio.sanjaimemoncada.es\/#website\"},\"datePublished\":\"2017-03-02T15:05:33+00:00\",\"dateModified\":\"2019-02-10T19:41:54+00:00\",\"breadcrumb\":{\"@id\":\"https:\/\/colegio.sanjaimemoncada.es\/titulos\/#breadcrumb\"},\"inLanguage\":\"va\",\"potentialAction\":[{\"@type\":\"ReadAction\",\"target\":[\"https:\/\/colegio.sanjaimemoncada.es\/titulos\/\"]}]},{\"@type\":\"BreadcrumbList\",\"@id\":\"https:\/\/colegio.sanjaimemoncada.es\/titulos\/#breadcrumb\",\"itemListElement\":[{\"@type\":\"ListItem\",\"position\":1,\"name\":\"Portada\",\"item\":\"https:\/\/colegio.sanjaimemoncada.es\/va\/\"},{\"@type\":\"ListItem\",\"position\":2,\"name\":\"T\u00edtols\"}]},{\"@type\":\"WebSite\",\"@id\":\"https:\/\/colegio.sanjaimemoncada.es\/#website\",\"url\":\"https:\/\/colegio.sanjaimemoncada.es\/\",\"name\":\"C. Parroquial San Jaime Ap\u00f3stol\",\"description\":\"\",\"potentialAction\":[{\"@type\":\"SearchAction\",\"target\":{\"@type\":\"EntryPoint\",\"urlTemplate\":\"https:\/\/colegio.sanjaimemoncada.es\/?s={search_term_string}\"},\"query-input\":{\"@type\":\"PropertyValueSpecification\",\"valueRequired\":true,\"valueName\":\"search_term_string\"}}],\"inLanguage\":\"va\"}]}<\/script>\n<!-- \/ Yoast SEO plugin. -->","yoast_head_json":{"title":"T\u00edtols - C. Parroquial San Jaime Ap\u00f3stol","robots":{"index":"index","follow":"follow","max-snippet":"max-snippet:-1","max-image-preview":"max-image-preview:large","max-video-preview":"max-video-preview:-1"},"canonical":"https:\/\/colegio.sanjaimemoncada.es\/titulos\/","og_locale":"en_US","og_type":"article","og_title":"T\u00edtols - C. Parroquial San Jaime Ap\u00f3stol","og_description":"Sol\u00b7licitud del T\u00edtol de Batxillerat anys anteriors\/fora de termini\/duplicats Els alumnes que vullguen sol\u00b7licitar el t\u00edtol i es troben fora de termini, o hagen finalitzat segon de Batxillerat en cursos anteriors o desitgen sol\u00b7licitar un duplicat, hauran d\u2019omplir la sol\u00b7licitud de t\u00edtol, abonar la taxa i presentar-ho en la secretaria del centre IES Massamagrell (Av. [&hellip;]","og_url":"https:\/\/colegio.sanjaimemoncada.es\/titulos\/","og_site_name":"C. Parroquial San Jaime Ap\u00f3stol","article_modified_time":"2019-02-10T19:41:54+00:00","twitter_card":"summary_large_image","twitter_misc":{"Est. reading time":"1 minute"},"schema":{"@context":"https:\/\/schema.org","@graph":[{"@type":"WebPage","@id":"https:\/\/colegio.sanjaimemoncada.es\/titulos\/","url":"https:\/\/colegio.sanjaimemoncada.es\/titulos\/","name":"T\u00edtols - C. Parroquial San Jaime Ap\u00f3stol","isPartOf":{"@id":"https:\/\/colegio.sanjaimemoncada.es\/#website"},"datePublished":"2017-03-02T15:05:33+00:00","dateModified":"2019-02-10T19:41:54+00:00","breadcrumb":{"@id":"https:\/\/colegio.sanjaimemoncada.es\/titulos\/#breadcrumb"},"inLanguage":"va","potentialAction":[{"@type":"ReadAction","target":["https:\/\/colegio.sanjaimemoncada.es\/titulos\/"]}]},{"@type":"BreadcrumbList","@id":"https:\/\/colegio.sanjaimemoncada.es\/titulos\/#breadcrumb","itemListElement":[{"@type":"ListItem","position":1,"name":"Portada","item":"https:\/\/colegio.sanjaimemoncada.es\/va\/"},{"@type":"ListItem","position":2,"name":"T\u00edtols"}]},{"@type":"WebSite","@id":"https:\/\/colegio.sanjaimemoncada.es\/#website","url":"https:\/\/colegio.sanjaimemoncada.es\/","name":"C. Parroquial San Jaime Ap\u00f3stol","description":"","potentialAction":[{"@type":"SearchAction","target":{"@type":"EntryPoint","urlTemplate":"https:\/\/colegio.sanjaimemoncada.es\/?s={search_term_string}"},"query-input":{"@type":"PropertyValueSpecification","valueRequired":true,"valueName":"search_term_string"}}],"inLanguage":"va"}]}},"_links":{"self":[{"href":"https:\/\/colegio.sanjaimemoncada.es\/va\/wp-json\/wp\/v2\/pages\/9744","targetHints":{"allow":["GET"]}}],"collection":[{"href":"https:\/\/colegio.sanjaimemoncada.es\/va\/wp-json\/wp\/v2\/pages"}],"about":[{"href":"https:\/\/colegio.sanjaimemoncada.es\/va\/wp-json\/wp\/v2\/types\/page"}],"author":[{"embeddable":true,"href":"https:\/\/colegio.sanjaimemoncada.es\/va\/wp-json\/wp\/v2\/users\/4"}],"replies":[{"embeddable":true,"href":"https:\/\/colegio.sanjaimemoncada.es\/va\/wp-json\/wp\/v2\/comments?post=9744"}],"version-history":[{"count":2,"href":"https:\/\/colegio.sanjaimemoncada.es\/va\/wp-json\/wp\/v2\/pages\/9744\/revisions"}],"predecessor-version":[{"id":12057,"href":"https:\/\/colegio.sanjaimemoncada.es\/va\/wp-json\/wp\/v2\/pages\/9744\/revisions\/12057"}],"wp:attachment":[{"href":"https:\/\/colegio.sanjaimemoncada.es\/va\/wp-json\/wp\/v2\/media?parent=9744"}],"curies":[{"name":"wp","href":"https:\/\/api.w.org\/{rel}","templated":true}]}}