{"id":9718,"date":"2017-03-02T15:48:22","date_gmt":"2017-03-02T14:48:22","guid":{"rendered":"https:\/\/colegio.sanjaimemoncada.es\/libros\/"},"modified":"2019-02-10T20:15:11","modified_gmt":"2019-02-10T19:15:11","slug":"libros","status":"publish","type":"page","link":"https:\/\/colegio.sanjaimemoncada.es\/va\/libros\/","title":{"rendered":"Programa Xarxa Llibres Curs 2018\/2019"},"content":{"rendered":"<p><a href=\"https:\/\/colegio.sanjaimemoncada.es\/wp-content\/uploads\/2018\/06\/17.06.01-xarxa-llibres-17-18-cas-copia.jpg\"><img loading=\"lazy\" decoding=\"async\" class=\"aligncenter wp-image-6009\" src=\"https:\/\/colegio.sanjaimemoncada.es\/wp-content\/uploads\/2018\/06\/17.06.01-xarxa-llibres-17-18-cas-copia.jpg\" alt=\"\" width=\"668\" height=\"231\" \/><\/a><\/p>\n<p>&nbsp;<\/p>\n<h3><strong>Adhesi\u00f3 per primera vegada al Programa Xarxa Llibres per al curs 2018\/2019:<\/strong><\/h3>\n<p><span style=\"font-weight: 400;\">La sol\u00b7licitud es realitzar\u00e0 de forma telem\u00e0tica a trav\u00e9s de la p\u00e0gina web de la conselleria d\u2019Educaci\u00f3, seguint este enlla\u00e7:<\/span><\/p>\n<p><a href=\"https:\/\/www.tramita.gva.es\/ctt-att-atr\/asistente\/iniciarTramite.html?tramite=XARXALLIBRES-F2-BLL-SF&amp;version=2&amp;idioma=va&amp;login=a&amp;idProcGuc=18094&amp;idCatGuc=PR\"><span style=\"font-weight: 400;\">https:\/\/www.tramita.gva.es\/ctt-attatr\/asistente\/iniciarTramite.htmltramite=XARXALLIBRES-F2-BLL-SF&amp;version=2&amp;idioma=va&amp;login=a&amp;idProcGuc=18094&amp;idCatGuc=PR<\/span><\/a><\/p>\n<p><span style=\"font-weight: 400;\"> Per a poder participar en el banc de llibres, ser\u00e0 imprescindible entregar a finals de curs el lot complet de llibres de text i material curricular corresponents al curs 2017\/2019, en el centre on han estat matriculats (Excepte els alumnes que en el curs 18\/19 vagen a cursar 1r de Prim\u00e0ria). \u00a0Junt amb el lot de llibres caldr\u00e0 presentar el seg\u00fcent model d\u2019entrega:<\/span><\/p>\n<p><a href=\"http:\/\/www.ceice.gva.es\/documents\/162640666\/165761875\/S0_LLIURA_V_C_v2\/db8242d5-b77a-455d-ba3f-46679dcbc4e7\"><span style=\"font-weight: 400;\">http:\/\/www.ceice.gva.es\/documents\/162640666\/165761875\/S0_LLIURA_V_C_v2\/db8242d5-b77a-455d-ba3f-46679dcbc4e7<\/span><\/a><\/p>\n<p><span style=\"font-weight: 400;\">Per a pert\u00e0nyer al banc de llibres s\u2019ha d\u2019assumir el comprom\u00eds de fer \u00fas responsable dels llibres i materials que li proporcione el centre i tornar la seua totalitat una vegada finalitze el curs escolar.<\/span><\/p>\n<p><b>Les sol\u00b7licitudes de adhesi\u00f3 hauran d\u2019entregar-se en secund\u00e0ria en els terminis seg\u00fcents:<\/b><\/p>\n<p><span style=\"font-weight: 400;\"><strong>Prim\u00e0ria<\/strong>: del 13 de juny al 2 de juliol (o del 3 al 19 de juliol per a les matricules per vacants del proc\u00e9s d\u2019admissi\u00f3).<\/span><\/p>\n<p><span style=\"font-weight: 400;\"><strong>Secund\u00e0ria<\/strong>: fins al 20 de juliol de 2017.<\/span><\/p>\n<h3><\/h3>\n<h3><b>Alumnat que ja han participat en el Programa Xarxa Llibres durant el curs 2017\/2018:<\/b><\/h3>\n<p><span style=\"font-weight: 400;\">Els alumnes hauran d\u2019entregar al tutor el lot complet de llibres de text i material curricular corresponents al curs 2017-2018, en el centre on han estat matriculats. Junt<\/span> <span style=\"font-weight: 400;\">amb el lot de llibres caldr\u00e0 presentar el seg\u00fcents model d\u2019entrega:<\/span><\/p>\n<p><a href=\"http:\/\/www.ceice.gva.es\/documents\/162640666\/165761875\/S0_LLIURA_V_C_v2\/db8242d5-b77a-455d-ba3f-46679dcbc4e7\"><span style=\"font-weight: 400;\">http:\/\/www.ceice.gva.es\/documents\/162640666\/165761875\/S0_LLIURA_V_C_v2\/db8242d5-b77a-455d-ba3f-46679dcbc4e7<\/span><\/a><\/p>\n<p><span style=\"font-weight: 400;\">Terminis per a tonar els llibres:<\/span><\/p>\n<ul>\n<li style=\"font-weight: 400;\"><span style=\"font-weight: 400;\">Prim\u00e0ria: del 20 al 22 de juny<\/span><\/li>\n<li style=\"font-weight: 400;\"><span style=\"font-weight: 400;\">Secund\u00e0ria: fins al 15 de juny.<\/span><\/li>\n<\/ul>\n<p><span style=\"font-weight: 400;\">Els\/les alumnes participants en el programa de banc de llibres durant el curs 2017-2018 no hauran de presentar cap sol\u00b7licitud per a ser participants en el banc de llibres 2018-2019, ja que esta condici\u00f3 es mant\u00e9, excepte si exercixen el seu dret de ren\u00fancia, per a aix\u00f2 hauran d\u2019entregar el mateix full marcant la casella que fa menci\u00f3 d\u2019esta. <\/span><b>Esta ren\u00fancia no els eximimir\u00e0 de l\u2019obligaci\u00f3 de tornar els llibres deixats en pr\u00e9stec.<\/b><\/p>\n<p><span style=\"font-weight: 400;\">Els alumnes de 1r i 2n de Prim\u00e0ria no hauran de tornar els llibres de text i material curricular al centre, at\u00e9s que es tracta de material fungible.<\/span><\/p>\n<p>&nbsp;<\/p>\n<h3><strong>Instruccions per a omplir el model d\u2019entrega de llibres:<\/strong><\/h3>\n<p><span style=\"font-weight: 400;\">En els fulls deuran d\u2019omplir les caselles de l\u2019assignatura i el nom del llibre de cada asignatura que s\u2019entrega. Aix\u00ed com deuran d\u2019omplir l\u2019apartat que diu si fan entrega del lot complet, o fan entrega en part. (Apartat B)<\/span><\/p>\n<p style=\"text-align: justify;\">Exemple:<\/p>\n<p><a href=\"https:\/\/colegio.sanjaimemoncada.es\/wp-content\/uploads\/2017\/03\/Instrucciones.jpg\"><img loading=\"lazy\" decoding=\"async\" class=\"aligncenter wp-image-3244 \" src=\"https:\/\/colegio.sanjaimemoncada.es\/wp-content\/uploads\/2017\/03\/Instrucciones-1024x441.jpg\" alt=\"\" width=\"739\" height=\"339\" \/><\/a><\/p>\n<p><span style=\"font-weight: 400;\">Un full ser\u00e0 per a l\u2019administraci\u00f3 i l\u2019altra per als pares.<\/span><\/p>\n<p>&nbsp;<\/p>\n<p><b>Documentaci\u00f3 oficial relacionada:<\/b><\/p>\n<p><a href=\"http:\/\/www.dogv.gva.es\/datos\/2018\/06\/07\/pdf\/2018_5513.pdf\" target=\"_blank\" rel=\"noopener\">&#8211; R<span style=\"font-weight: 400;\">ESOLUCI\u00d3 de 4 de juny de 2018, de la Conselleria d\u2019Educaci\u00f3, Investigaci\u00f3, Cultura i Esport, per a la qual es convoquen subvencions per als centres privats concertats i centres de titularitat de les corporacions locals de la Comunitat Valenciana destinades a la reposici\u00f3 i renovaci\u00f3 de llibres de text i material curricular per al curs escolar 2018-2019.<\/span><\/a><\/p>\n<p><a href=\"http:\/\/www.dogv.gva.es\/datos\/2017\/05\/26\/pdf\/2017_4571.pdf\" target=\"_blank\" rel=\"noopener noreferrer\">&#8211; R<span style=\"font-weight: 400;\">ESOLUCI\u00d3 \u00a0de 24 de maig de 2017, de la Conseller Conselleria d\u2019Educaci\u00f3, Investigaci\u00f3, Cultura i Esport, per a la qual es convoquen subvencions per als centres privats concertats i centres de titularitat de les corporacions locals de la Comunitat Valenciana destinades a la reposici\u00f3 i renovaci\u00f3 de llibres de text i material curricular per al curs escolar 2017-2018 (DOGV n\u00fam. 8049, de 26\/05\/2017).<\/span><\/a><\/p>\n<p><a href=\"http:\/\/www.dogv.gva.es\/datos\/2017\/05\/26\/pdf\/2017_4566.pdf\" target=\"_blank\" rel=\"noopener noreferrer\">&#8211; R<span style=\"font-weight: 400;\">ESOLUCI\u00d3 de 24 de maig de 2017, de la Conseller Conselleria d\u2019Educaci\u00f3, Investigaci\u00f3, Cultura i Esport, per a la qual s\u2019estableix el procediment per a assignar una dotaci\u00f3 econ\u00f2mica als centres de titularitat de la Generalitat per a la reposici\u00f3 i renovaci\u00f3 de llibres de text i material curricular per al curs escolar 2017-2018 (DOGV n\u00fam. 8049, de 26\/05\/2017).<\/span><\/a><\/p>\n<p><a href=\"http:\/\/www.docv.gva.es\/datos\/2016\/06\/15\/pdf\/2016_4445.pdf\" target=\"_blank\" rel=\"noopener noreferrer\">&#8211; O<span style=\"font-weight: 400;\">rde 26\/2016, de 13 de juny, de la Conselleria d\u2019Educaci\u00f3, Investigaci\u00f3, Cultura i Esport, per a la qual es regula el programa de reutilitzaci\u00f3, reposici\u00f3 i renovaci\u00f3 de llibres de text i material curricular, a trav\u00e9s de la creaci\u00f3 i posada en funcionament de bancs de llibres de text i material curricular en els centres p\u00fablics i privats concertats de la Comunitats Valenciana, i es determinen les bases reguladores de les subvencions destinades a centres docents privats concertats i centres docents de titularitat de corporacions locals (DOCV n\u00fam. 7806, 15\/06\/2016)<\/span><\/a><\/p>\n","protected":false},"excerpt":{"rendered":"<p>&nbsp; Adhesi\u00f3 per primera vegada al Programa Xarxa Llibres per al curs 2018\/2019: La sol\u00b7licitud es realitzar\u00e0 de forma telem\u00e0tica a trav\u00e9s de la p\u00e0gina web de la conselleria d\u2019Educaci\u00f3, seguint este enlla\u00e7: https:\/\/www.tramita.gva.es\/ctt-attatr\/asistente\/iniciarTramite.htmltramite=XARXALLIBRES-F2-BLL-SF&amp;version=2&amp;idioma=va&amp;login=a&amp;idProcGuc=18094&amp;idCatGuc=PR Per a poder participar en el banc de llibres, ser\u00e0 imprescindible entregar a finals de curs el lot complet de llibres [&hellip;]<\/p>\n","protected":false},"author":4,"featured_media":0,"parent":0,"menu_order":0,"comment_status":"closed","ping_status":"closed","template":"","meta":{"_monsterinsights_skip_tracking":false,"_monsterinsights_sitenote_active":false,"_monsterinsights_sitenote_note":"","_monsterinsights_sitenote_category":0,"footnotes":""},"class_list":["post-9718","page","type-page","status-publish","hentry"],"yoast_head":"<!-- This site is optimized with the Yoast SEO plugin v26.2 - https:\/\/yoast.com\/wordpress\/plugins\/seo\/ -->\n<title>Programa Xarxa Llibres Curs 2018\/2019 - C. Parroquial San Jaime Ap\u00f3stol<\/title>\n<meta name=\"robots\" content=\"index, follow, max-snippet:-1, max-image-preview:large, max-video-preview:-1\" \/>\n<link rel=\"canonical\" href=\"https:\/\/colegio.sanjaimemoncada.es\/libros\/\" \/>\n<meta property=\"og:locale\" content=\"en_US\" \/>\n<meta property=\"og:type\" content=\"article\" \/>\n<meta property=\"og:title\" content=\"Programa Xarxa Llibres Curs 2018\/2019 - C. Parroquial San Jaime Ap\u00f3stol\" \/>\n<meta property=\"og:description\" content=\"&nbsp; Adhesi\u00f3 per primera vegada al Programa Xarxa Llibres per al curs 2018\/2019: La sol\u00b7licitud es realitzar\u00e0 de forma telem\u00e0tica a trav\u00e9s de la p\u00e0gina web de la conselleria d\u2019Educaci\u00f3, seguint este enlla\u00e7: https:\/\/www.tramita.gva.es\/ctt-attatr\/asistente\/iniciarTramite.htmltramite=XARXALLIBRES-F2-BLL-SF&amp;version=2&amp;idioma=va&amp;login=a&amp;idProcGuc=18094&amp;idCatGuc=PR Per a poder participar en el banc de llibres, ser\u00e0 imprescindible entregar a finals de curs el lot complet de llibres [&hellip;]\" \/>\n<meta property=\"og:url\" content=\"https:\/\/colegio.sanjaimemoncada.es\/libros\/\" \/>\n<meta property=\"og:site_name\" content=\"C. Parroquial San Jaime Ap\u00f3stol\" \/>\n<meta property=\"article:modified_time\" content=\"2019-02-10T19:15:11+00:00\" \/>\n<meta property=\"og:image\" content=\"https:\/\/colegio.sanjaimemoncada.es\/wp-content\/uploads\/2018\/06\/17.06.01-xarxa-llibres-17-18-cas-copia.jpg\" \/>\n\t<meta property=\"og:image:width\" content=\"820\" \/>\n\t<meta property=\"og:image:height\" content=\"329\" \/>\n\t<meta property=\"og:image:type\" content=\"image\/jpeg\" \/>\n<meta name=\"twitter:card\" content=\"summary_large_image\" \/>\n<meta name=\"twitter:label1\" content=\"Est. reading time\" \/>\n\t<meta name=\"twitter:data1\" content=\"4 minutes\" \/>\n<script type=\"application\/ld+json\" class=\"yoast-schema-graph\">{\"@context\":\"https:\/\/schema.org\",\"@graph\":[{\"@type\":\"WebPage\",\"@id\":\"https:\/\/colegio.sanjaimemoncada.es\/libros\/\",\"url\":\"https:\/\/colegio.sanjaimemoncada.es\/libros\/\",\"name\":\"Programa Xarxa Llibres Curs 2018\/2019 - C. Parroquial San Jaime Ap\u00f3stol\",\"isPartOf\":{\"@id\":\"https:\/\/colegio.sanjaimemoncada.es\/#website\"},\"primaryImageOfPage\":{\"@id\":\"https:\/\/colegio.sanjaimemoncada.es\/libros\/#primaryimage\"},\"image\":{\"@id\":\"https:\/\/colegio.sanjaimemoncada.es\/libros\/#primaryimage\"},\"thumbnailUrl\":\"https:\/\/colegio.sanjaimemoncada.es\/wp-content\/uploads\/2018\/06\/17.06.01-xarxa-llibres-17-18-cas-copia.jpg\",\"datePublished\":\"2017-03-02T14:48:22+00:00\",\"dateModified\":\"2019-02-10T19:15:11+00:00\",\"breadcrumb\":{\"@id\":\"https:\/\/colegio.sanjaimemoncada.es\/libros\/#breadcrumb\"},\"inLanguage\":\"va\",\"potentialAction\":[{\"@type\":\"ReadAction\",\"target\":[\"https:\/\/colegio.sanjaimemoncada.es\/libros\/\"]}]},{\"@type\":\"ImageObject\",\"inLanguage\":\"va\",\"@id\":\"https:\/\/colegio.sanjaimemoncada.es\/libros\/#primaryimage\",\"url\":\"https:\/\/colegio.sanjaimemoncada.es\/wp-content\/uploads\/2018\/06\/17.06.01-xarxa-llibres-17-18-cas-copia.jpg\",\"contentUrl\":\"https:\/\/colegio.sanjaimemoncada.es\/wp-content\/uploads\/2018\/06\/17.06.01-xarxa-llibres-17-18-cas-copia.jpg\"},{\"@type\":\"BreadcrumbList\",\"@id\":\"https:\/\/colegio.sanjaimemoncada.es\/libros\/#breadcrumb\",\"itemListElement\":[{\"@type\":\"ListItem\",\"position\":1,\"name\":\"Portada\",\"item\":\"https:\/\/colegio.sanjaimemoncada.es\/va\/\"},{\"@type\":\"ListItem\",\"position\":2,\"name\":\"Programa Xarxa Llibres Curs 2018\/2019\"}]},{\"@type\":\"WebSite\",\"@id\":\"https:\/\/colegio.sanjaimemoncada.es\/#website\",\"url\":\"https:\/\/colegio.sanjaimemoncada.es\/\",\"name\":\"C. Parroquial San Jaime Ap\u00f3stol\",\"description\":\"\",\"potentialAction\":[{\"@type\":\"SearchAction\",\"target\":{\"@type\":\"EntryPoint\",\"urlTemplate\":\"https:\/\/colegio.sanjaimemoncada.es\/?s={search_term_string}\"},\"query-input\":{\"@type\":\"PropertyValueSpecification\",\"valueRequired\":true,\"valueName\":\"search_term_string\"}}],\"inLanguage\":\"va\"}]}<\/script>\n<!-- \/ Yoast SEO plugin. -->","yoast_head_json":{"title":"Programa Xarxa Llibres Curs 2018\/2019 - C. Parroquial San Jaime Ap\u00f3stol","robots":{"index":"index","follow":"follow","max-snippet":"max-snippet:-1","max-image-preview":"max-image-preview:large","max-video-preview":"max-video-preview:-1"},"canonical":"https:\/\/colegio.sanjaimemoncada.es\/libros\/","og_locale":"en_US","og_type":"article","og_title":"Programa Xarxa Llibres Curs 2018\/2019 - C. Parroquial San Jaime Ap\u00f3stol","og_description":"&nbsp; Adhesi\u00f3 per primera vegada al Programa Xarxa Llibres per al curs 2018\/2019: La sol\u00b7licitud es realitzar\u00e0 de forma telem\u00e0tica a trav\u00e9s de la p\u00e0gina web de la conselleria d\u2019Educaci\u00f3, seguint este enlla\u00e7: https:\/\/www.tramita.gva.es\/ctt-attatr\/asistente\/iniciarTramite.htmltramite=XARXALLIBRES-F2-BLL-SF&amp;version=2&amp;idioma=va&amp;login=a&amp;idProcGuc=18094&amp;idCatGuc=PR Per a poder participar en el banc de llibres, ser\u00e0 imprescindible entregar a finals de curs el lot complet de llibres [&hellip;]","og_url":"https:\/\/colegio.sanjaimemoncada.es\/libros\/","og_site_name":"C. Parroquial San Jaime Ap\u00f3stol","article_modified_time":"2019-02-10T19:15:11+00:00","og_image":[{"width":820,"height":329,"url":"https:\/\/colegio.sanjaimemoncada.es\/wp-content\/uploads\/2018\/06\/17.06.01-xarxa-llibres-17-18-cas-copia.jpg","type":"image\/jpeg"}],"twitter_card":"summary_large_image","twitter_misc":{"Est. reading time":"4 minutes"},"schema":{"@context":"https:\/\/schema.org","@graph":[{"@type":"WebPage","@id":"https:\/\/colegio.sanjaimemoncada.es\/libros\/","url":"https:\/\/colegio.sanjaimemoncada.es\/libros\/","name":"Programa Xarxa Llibres Curs 2018\/2019 - C. Parroquial San Jaime Ap\u00f3stol","isPartOf":{"@id":"https:\/\/colegio.sanjaimemoncada.es\/#website"},"primaryImageOfPage":{"@id":"https:\/\/colegio.sanjaimemoncada.es\/libros\/#primaryimage"},"image":{"@id":"https:\/\/colegio.sanjaimemoncada.es\/libros\/#primaryimage"},"thumbnailUrl":"https:\/\/colegio.sanjaimemoncada.es\/wp-content\/uploads\/2018\/06\/17.06.01-xarxa-llibres-17-18-cas-copia.jpg","datePublished":"2017-03-02T14:48:22+00:00","dateModified":"2019-02-10T19:15:11+00:00","breadcrumb":{"@id":"https:\/\/colegio.sanjaimemoncada.es\/libros\/#breadcrumb"},"inLanguage":"va","potentialAction":[{"@type":"ReadAction","target":["https:\/\/colegio.sanjaimemoncada.es\/libros\/"]}]},{"@type":"ImageObject","inLanguage":"va","@id":"https:\/\/colegio.sanjaimemoncada.es\/libros\/#primaryimage","url":"https:\/\/colegio.sanjaimemoncada.es\/wp-content\/uploads\/2018\/06\/17.06.01-xarxa-llibres-17-18-cas-copia.jpg","contentUrl":"https:\/\/colegio.sanjaimemoncada.es\/wp-content\/uploads\/2018\/06\/17.06.01-xarxa-llibres-17-18-cas-copia.jpg"},{"@type":"BreadcrumbList","@id":"https:\/\/colegio.sanjaimemoncada.es\/libros\/#breadcrumb","itemListElement":[{"@type":"ListItem","position":1,"name":"Portada","item":"https:\/\/colegio.sanjaimemoncada.es\/va\/"},{"@type":"ListItem","position":2,"name":"Programa Xarxa Llibres Curs 2018\/2019"}]},{"@type":"WebSite","@id":"https:\/\/colegio.sanjaimemoncada.es\/#website","url":"https:\/\/colegio.sanjaimemoncada.es\/","name":"C. Parroquial San Jaime Ap\u00f3stol","description":"","potentialAction":[{"@type":"SearchAction","target":{"@type":"EntryPoint","urlTemplate":"https:\/\/colegio.sanjaimemoncada.es\/?s={search_term_string}"},"query-input":{"@type":"PropertyValueSpecification","valueRequired":true,"valueName":"search_term_string"}}],"inLanguage":"va"}]}},"_links":{"self":[{"href":"https:\/\/colegio.sanjaimemoncada.es\/va\/wp-json\/wp\/v2\/pages\/9718","targetHints":{"allow":["GET"]}}],"collection":[{"href":"https:\/\/colegio.sanjaimemoncada.es\/va\/wp-json\/wp\/v2\/pages"}],"about":[{"href":"https:\/\/colegio.sanjaimemoncada.es\/va\/wp-json\/wp\/v2\/types\/page"}],"author":[{"embeddable":true,"href":"https:\/\/colegio.sanjaimemoncada.es\/va\/wp-json\/wp\/v2\/users\/4"}],"replies":[{"embeddable":true,"href":"https:\/\/colegio.sanjaimemoncada.es\/va\/wp-json\/wp\/v2\/comments?post=9718"}],"version-history":[{"count":2,"href":"https:\/\/colegio.sanjaimemoncada.es\/va\/wp-json\/wp\/v2\/pages\/9718\/revisions"}],"predecessor-version":[{"id":12046,"href":"https:\/\/colegio.sanjaimemoncada.es\/va\/wp-json\/wp\/v2\/pages\/9718\/revisions\/12046"}],"wp:attachment":[{"href":"https:\/\/colegio.sanjaimemoncada.es\/va\/wp-json\/wp\/v2\/media?parent=9718"}],"curies":[{"name":"wp","href":"https:\/\/api.w.org\/{rel}","templated":true}]}}