{"id":9715,"date":"2018-02-28T11:37:27","date_gmt":"2018-02-28T10:37:27","guid":{"rendered":"https:\/\/colegio.sanjaimemoncada.es\/programa-inmersion-linguistica-ingles\/"},"modified":"2019-02-27T21:00:34","modified_gmt":"2019-02-27T20:00:34","slug":"programa-inmersion-linguistica-ingles","status":"publish","type":"page","link":"https:\/\/colegio.sanjaimemoncada.es\/va\/programa-inmersion-linguistica-ingles\/","title":{"rendered":"Programa d&#8217;immersi\u00f3 ling\u00fc\u00edstica en angl\u00e9s"},"content":{"rendered":"<div class=\"textarea-desti col-xs-12 col-sm-6\">\n<h2 class=\"form-control second-textarea\">Ajudes per a participaci\u00f3 d&#8217;alumnat en el programa d&#8217;immersi\u00f3 ling\u00fc\u00edstica en angl\u00e9s a Espanya 2018<\/h2>\n<\/div>\n<div class=\"textarea-desti col-xs-12 col-sm-6\">\n<div class=\"form-control second-textarea\"><strong>Objecte de la convocat\u00f2ria:<\/strong><\/div>\n<\/div>\n<div class=\"textarea-desti col-xs-12 col-sm-6\">\n<div class=\"form-control second-textarea\">Es convoquen un m\u00e0xim de 2.400 beques per a l&#8217;estada i participaci\u00f3 en un programa intensiu d&#8217;immersi\u00f3 ling\u00fc\u00edstica en angl\u00e9s a Espanya d&#8217;una setmana de durada cadascuna d&#8217;elles, en r\u00e8gim internat i pensi\u00f3 completa, entre l&#8217;1 i el 29 de juliol de 2018.<\/div>\n<\/div>\n<div class=\"textarea-desti col-xs-12 col-sm-6\">\n<div><\/div>\n<div class=\"form-control second-textarea\"><strong>Requisits per a ser beneficiari:<\/strong><\/div>\n<\/div>\n<ul>\n<li style=\"text-align: justify;\">\n<div class=\"textarea-desti col-xs-12 col-sm-6\">\n<div class=\"form-control second-textarea\">Haver nascut entre l&#8217;1 de gener de 1998 i el 31 de desembre de 2001 i estar matriculat en\u00a0el curs 2017-2018 en\u00a0Batxillerat o\u00a0Grau mitj\u00e0 de Formaci\u00f3 Professional.<\/div>\n<\/div>\n<\/li>\n<li style=\"text-align: justify;\">\n<div class=\"textarea-desti col-xs-12 col-sm-6\">\n<div class=\"form-control second-textarea\">Haver obtingut en el curs 2017-2018 la condici\u00f3 de becari del Ministeri d&#8217;Educaci\u00f3,\u00a0Cultura i Esport conforme a la Resoluci\u00f3 de 3 d&#8217;agost de 2017, de la Secretaria d&#8217;Estat\u00a0d&#8217;Educaci\u00f3, Formaci\u00f3 Professional i Universitats, per la qual es convoquen beques de car\u00e0cter\u00a0general, per al curs acad\u00e8mic 2017-2018, per a estudiants que cursen estudis\u00a0postobligatoris.<\/div>\n<\/div>\n<\/li>\n<li style=\"text-align: justify;\">\n<div class=\"textarea-desti col-xs-12 col-sm-6\">\n<div class=\"form-control second-textarea\">Acreditar tindre totalment aprovat el curs immediat anterior,\u00a0amb una nota final m\u00ednima de 7,50 punts en l&#8217;assignatura d&#8217;angl\u00e9s.<\/div>\n<\/div>\n<\/li>\n<li style=\"text-align: justify;\">\n<div class=\"textarea-desti col-xs-12 col-sm-6\">\n<div class=\"form-control second-textarea\">Estar situat en un lloc de l&#8217;ordre de prelaci\u00f3 de sol\u00b7licituds que li permeta l&#8217;obtenci\u00f3 de\u00a0una de les beques convocades.<\/div>\n<\/div>\n<\/li>\n<\/ul>\n<div class=\"textarea-desti col-xs-12 col-sm-6\">\n<div class=\"form-control second-textarea\"><strong>Quantia de la beca:<\/strong><\/div>\n<\/div>\n<ul>\n<li style=\"text-align: justify;\">\n<div class=\"textarea-desti col-xs-12 col-sm-6\">\n<div class=\"form-control second-textarea\">L&#8217;adjudicaci\u00f3 de la beca donar\u00e0 lloc a l&#8217;assignaci\u00f3 d&#8217;una pla\u00e7a per a participar en la\u00a0activitat. No obstant aix\u00f2, per a completar el preu total del curs els alumnes abonaran\u00a0necess\u00e0riament 100 euros a l&#8217;empresa que resulte adjudicat\u00e0ria del concurs.<\/div>\n<\/div>\n<\/li>\n<li style=\"text-align: justify;\">\n<div class=\"textarea-desti col-xs-12 col-sm-6\">\n<div class=\"form-control second-textarea\">No es concedir\u00e0 cap quantia en concepte de trasllat de l&#8217;alumne des del seu domicili a el\u00a0centre de destinaci\u00f3 ni des d&#8217;aquest al seu domicili, sent de compte de l&#8217;alumne aquest trasllat.<\/div>\n<\/div>\n<\/li>\n<\/ul>\n<div class=\"textarea-desti col-xs-12 col-sm-6\">\n<div class=\"form-control second-textarea\"><strong>Presentaci\u00f3 i tramitaci\u00f3 de sol\u00b7licituds:<\/strong><\/div>\n<\/div>\n<ul>\n<li style=\"text-align: justify;\">\n<div class=\"textarea-desti col-xs-12 col-sm-6\">\n<div class=\"form-control second-textarea\">La sol\u00b7licitud s&#8217;emplenar\u00e0 mitjan\u00e7ant el formulari accessible per internet en l&#8217;adre\u00e7a\u00a0<a href=\"https:\/\/sede.educacion.gob.es\/portada.html\">https:\/\/sede.educacion.gob.es\/portada.html<\/a> en l&#8217;apartat \u201cTr\u00e0mits i Serveis\u201d. Haur\u00e0 de presentar-se la certificaci\u00f3 del secretari del centre docent\u00a0on s&#8217;hagen cursat els estudis, en la qual figure que el sol\u00b7licitant compleix els requisits\u00a0acad\u00e8mics establits.<\/div>\n<\/div>\n<\/li>\n<li style=\"text-align: justify;\">\n<div class=\"textarea-desti col-xs-12 col-sm-6\">\n<div class=\"form-control second-textarea\">El termini per a la presentaci\u00f3 de sol\u00b7licituds s&#8217;estendr\u00e0 fins al dia 22 de mar\u00e7 de 2018\u00a0inclusivament.<\/div>\n<\/div>\n<\/li>\n<\/ul>\n<div class=\"textarea-desti col-xs-12 col-sm-6\">\n<div class=\"form-control second-textarea\"><strong>Criteris d&#8217;adjudicaci\u00f3<\/strong><\/div>\n<\/div>\n<ul>\n<li style=\"text-align: justify;\">\n<div class=\"textarea-desti col-xs-12 col-sm-6\">\n<div class=\"form-control second-textarea\">La selecci\u00f3 de candidats es far\u00e0, en una \u00fanica fase, ordenant als alumnes en funci\u00f3 de\u00a0la nota obtinguda en l&#8217;assignatura d&#8217;angl\u00e9s. A aquesta nota se li sumaran 1,50 punts quan el\u00a0sol\u00b7licitant siga de nova adjudicaci\u00f3 (aquells que no hagueren obtingut aquesta modalitat de beca amb anterioritat). Tindran\u00a0prefer\u00e8ncia els alumnes que hagueren obtingut una puntuaci\u00f3 superior.<\/div>\n<\/div>\n<\/li>\n<li style=\"text-align: justify;\">\n<div class=\"textarea-desti col-xs-12 col-sm-6\">\n<div class=\"form-control second-textarea\">En el cas d&#8217;empats en la puntuaci\u00f3, aquests es resoldran atenent la\u00a0menor renda per c\u00e0pita dels membres computables de la unitat familiar.<\/div>\n<\/div>\n<\/li>\n<\/ul>\n<div class=\"textarea-desti col-xs-12 col-sm-6\">\n<div class=\"form-control second-textarea\"><strong>Adjudicaci\u00f3 provisional:<\/strong><\/div>\n<\/div>\n<div class=\"textarea-desti col-xs-12 col-sm-6\">\n<div class=\"form-control second-textarea\">En el termini m\u00e0xim de sis mesos des de la finalitzaci\u00f3 del termini de presentaci\u00f3 de\u00a0sol\u00b7licituds.<\/div>\n<\/div>\n<p><strong>Notificacions:<\/strong><\/p>\n<div class=\"textarea-desti col-xs-12 col-sm-6\">\n<div class=\"form-control second-textarea\">Tant l&#8217;adjudicaci\u00f3 provisional com les denegacions i la inclusi\u00f3 en llista d&#8217;espera es\u00a0publicaran en l&#8217;adre\u00e7a www.mecd.gob.es a trav\u00e9s de la seu electr\u00f2nica del Ministeri de\u00a0Educaci\u00f3, Cultura i Esport en l&#8217;apartat corresponent a \u00abNotificacions\u00bb,\u00a0havent de procedir els interessats a efectuar la desc\u00e0rrega de la seua corresponent resoluci\u00f3 en\u00a0aquesta adre\u00e7a.<\/div>\n<\/div>\n<div class=\"textarea-desti col-xs-12 col-sm-6\">\n<div><\/div>\n<div class=\"form-control second-textarea\"><strong>Assignaci\u00f3 de destinacions:<\/strong><\/div>\n<\/div>\n<div class=\"textarea-desti col-xs-12 col-sm-6\">\n<div class=\"form-control second-textarea\">L&#8217;assignaci\u00f3 de centres de destinaci\u00f3 i torns per a la realitzaci\u00f3 de l&#8217;activitat s&#8217;efectuar\u00e0 per\u00a0les empreses contractades pel Ministeri d&#8217;Educaci\u00f3, Cultura i Esport una vegada adjudicada\u00a0la beca amb car\u00e0cter definitiu.<\/div>\n<\/div>\n<p><strong>Incompatibilitat:<\/strong><\/p>\n<div class=\"textarea-desti col-xs-12 col-sm-6\">\n<div class=\"form-control second-textarea\">Aquesta beca ser\u00e0 incompatible amb qualsevol altra subvenci\u00f3 o beca per a la mateixa finalitat.<\/div>\n<\/div>\n<p>&nbsp;<\/p>\n<p style=\"text-align: justify;\"><strong><span style=\"color: #008080;\"><em>M\u00e9s informaci\u00f3:<\/em><\/span><\/strong>\u00a0<a href=\"http:\/\/www.mecd.gob.es\/servicios-al-ciudadano-mecd\/catalogo\/educacion\/estudiantes\/becas-ayudas\/para-estudiar\/idiomas\/inmersion-ingles-para-becarios.html\" target=\"_blank\" rel=\"noopener\">http:\/\/www.mecd.gob.es\/servicios-al-ciudadano-mecd\/catalogo\/educacion\/estudiantes\/becas-ayudas\/para-estudiar\/idiomas\/inmersion-ingles-para-becarios.html<\/a><\/p>\n","protected":false},"excerpt":{"rendered":"<p>Ajudes per a participaci\u00f3 d&#8217;alumnat en el programa d&#8217;immersi\u00f3 ling\u00fc\u00edstica en angl\u00e9s a Espanya 2018 Objecte de la convocat\u00f2ria: Es convoquen un m\u00e0xim de 2.400 beques per a l&#8217;estada i participaci\u00f3 en un programa intensiu d&#8217;immersi\u00f3 ling\u00fc\u00edstica en angl\u00e9s a Espanya d&#8217;una setmana de durada cadascuna d&#8217;elles, en r\u00e8gim internat i pensi\u00f3 completa, entre l&#8217;1 [&hellip;]<\/p>\n","protected":false},"author":7,"featured_media":0,"parent":0,"menu_order":0,"comment_status":"closed","ping_status":"closed","template":"","meta":{"_monsterinsights_skip_tracking":false,"_monsterinsights_sitenote_active":false,"_monsterinsights_sitenote_note":"","_monsterinsights_sitenote_category":0,"footnotes":""},"class_list":["post-9715","page","type-page","status-publish","hentry"],"yoast_head":"<!-- This site is optimized with the Yoast SEO plugin v26.2 - https:\/\/yoast.com\/wordpress\/plugins\/seo\/ -->\n<title>Programa d&#039;immersi\u00f3 ling\u00fc\u00edstica en angl\u00e9s - C. Parroquial San Jaime Ap\u00f3stol<\/title>\n<meta name=\"robots\" content=\"index, follow, max-snippet:-1, max-image-preview:large, max-video-preview:-1\" \/>\n<link rel=\"canonical\" href=\"https:\/\/colegio.sanjaimemoncada.es\/programa-inmersion-linguistica-ingles\/\" \/>\n<meta property=\"og:locale\" content=\"en_US\" \/>\n<meta property=\"og:type\" content=\"article\" \/>\n<meta property=\"og:title\" content=\"Programa d&#039;immersi\u00f3 ling\u00fc\u00edstica en angl\u00e9s - C. Parroquial San Jaime Ap\u00f3stol\" \/>\n<meta property=\"og:description\" content=\"Ajudes per a participaci\u00f3 d&#8217;alumnat en el programa d&#8217;immersi\u00f3 ling\u00fc\u00edstica en angl\u00e9s a Espanya 2018 Objecte de la convocat\u00f2ria: Es convoquen un m\u00e0xim de 2.400 beques per a l&#8217;estada i participaci\u00f3 en un programa intensiu d&#8217;immersi\u00f3 ling\u00fc\u00edstica en angl\u00e9s a Espanya d&#8217;una setmana de durada cadascuna d&#8217;elles, en r\u00e8gim internat i pensi\u00f3 completa, entre l&#8217;1 [&hellip;]\" \/>\n<meta property=\"og:url\" content=\"https:\/\/colegio.sanjaimemoncada.es\/programa-inmersion-linguistica-ingles\/\" \/>\n<meta property=\"og:site_name\" content=\"C. Parroquial San Jaime Ap\u00f3stol\" \/>\n<meta property=\"article:modified_time\" content=\"2019-02-27T20:00:34+00:00\" \/>\n<meta name=\"twitter:card\" content=\"summary_large_image\" \/>\n<meta name=\"twitter:label1\" content=\"Est. reading time\" \/>\n\t<meta name=\"twitter:data1\" content=\"3 minutes\" \/>\n<script type=\"application\/ld+json\" class=\"yoast-schema-graph\">{\"@context\":\"https:\/\/schema.org\",\"@graph\":[{\"@type\":\"WebPage\",\"@id\":\"https:\/\/colegio.sanjaimemoncada.es\/programa-inmersion-linguistica-ingles\/\",\"url\":\"https:\/\/colegio.sanjaimemoncada.es\/programa-inmersion-linguistica-ingles\/\",\"name\":\"Programa d'immersi\u00f3 ling\u00fc\u00edstica en angl\u00e9s - C. Parroquial San Jaime Ap\u00f3stol\",\"isPartOf\":{\"@id\":\"https:\/\/colegio.sanjaimemoncada.es\/#website\"},\"datePublished\":\"2018-02-28T10:37:27+00:00\",\"dateModified\":\"2019-02-27T20:00:34+00:00\",\"breadcrumb\":{\"@id\":\"https:\/\/colegio.sanjaimemoncada.es\/programa-inmersion-linguistica-ingles\/#breadcrumb\"},\"inLanguage\":\"va\",\"potentialAction\":[{\"@type\":\"ReadAction\",\"target\":[\"https:\/\/colegio.sanjaimemoncada.es\/programa-inmersion-linguistica-ingles\/\"]}]},{\"@type\":\"BreadcrumbList\",\"@id\":\"https:\/\/colegio.sanjaimemoncada.es\/programa-inmersion-linguistica-ingles\/#breadcrumb\",\"itemListElement\":[{\"@type\":\"ListItem\",\"position\":1,\"name\":\"Portada\",\"item\":\"https:\/\/colegio.sanjaimemoncada.es\/va\/\"},{\"@type\":\"ListItem\",\"position\":2,\"name\":\"Programa d&#8217;immersi\u00f3 ling\u00fc\u00edstica en angl\u00e9s\"}]},{\"@type\":\"WebSite\",\"@id\":\"https:\/\/colegio.sanjaimemoncada.es\/#website\",\"url\":\"https:\/\/colegio.sanjaimemoncada.es\/\",\"name\":\"C. Parroquial San Jaime Ap\u00f3stol\",\"description\":\"\",\"potentialAction\":[{\"@type\":\"SearchAction\",\"target\":{\"@type\":\"EntryPoint\",\"urlTemplate\":\"https:\/\/colegio.sanjaimemoncada.es\/?s={search_term_string}\"},\"query-input\":{\"@type\":\"PropertyValueSpecification\",\"valueRequired\":true,\"valueName\":\"search_term_string\"}}],\"inLanguage\":\"va\"}]}<\/script>\n<!-- \/ Yoast SEO plugin. -->","yoast_head_json":{"title":"Programa d'immersi\u00f3 ling\u00fc\u00edstica en angl\u00e9s - C. Parroquial San Jaime Ap\u00f3stol","robots":{"index":"index","follow":"follow","max-snippet":"max-snippet:-1","max-image-preview":"max-image-preview:large","max-video-preview":"max-video-preview:-1"},"canonical":"https:\/\/colegio.sanjaimemoncada.es\/programa-inmersion-linguistica-ingles\/","og_locale":"en_US","og_type":"article","og_title":"Programa d'immersi\u00f3 ling\u00fc\u00edstica en angl\u00e9s - C. Parroquial San Jaime Ap\u00f3stol","og_description":"Ajudes per a participaci\u00f3 d&#8217;alumnat en el programa d&#8217;immersi\u00f3 ling\u00fc\u00edstica en angl\u00e9s a Espanya 2018 Objecte de la convocat\u00f2ria: Es convoquen un m\u00e0xim de 2.400 beques per a l&#8217;estada i participaci\u00f3 en un programa intensiu d&#8217;immersi\u00f3 ling\u00fc\u00edstica en angl\u00e9s a Espanya d&#8217;una setmana de durada cadascuna d&#8217;elles, en r\u00e8gim internat i pensi\u00f3 completa, entre l&#8217;1 [&hellip;]","og_url":"https:\/\/colegio.sanjaimemoncada.es\/programa-inmersion-linguistica-ingles\/","og_site_name":"C. Parroquial San Jaime Ap\u00f3stol","article_modified_time":"2019-02-27T20:00:34+00:00","twitter_card":"summary_large_image","twitter_misc":{"Est. reading time":"3 minutes"},"schema":{"@context":"https:\/\/schema.org","@graph":[{"@type":"WebPage","@id":"https:\/\/colegio.sanjaimemoncada.es\/programa-inmersion-linguistica-ingles\/","url":"https:\/\/colegio.sanjaimemoncada.es\/programa-inmersion-linguistica-ingles\/","name":"Programa d'immersi\u00f3 ling\u00fc\u00edstica en angl\u00e9s - C. Parroquial San Jaime Ap\u00f3stol","isPartOf":{"@id":"https:\/\/colegio.sanjaimemoncada.es\/#website"},"datePublished":"2018-02-28T10:37:27+00:00","dateModified":"2019-02-27T20:00:34+00:00","breadcrumb":{"@id":"https:\/\/colegio.sanjaimemoncada.es\/programa-inmersion-linguistica-ingles\/#breadcrumb"},"inLanguage":"va","potentialAction":[{"@type":"ReadAction","target":["https:\/\/colegio.sanjaimemoncada.es\/programa-inmersion-linguistica-ingles\/"]}]},{"@type":"BreadcrumbList","@id":"https:\/\/colegio.sanjaimemoncada.es\/programa-inmersion-linguistica-ingles\/#breadcrumb","itemListElement":[{"@type":"ListItem","position":1,"name":"Portada","item":"https:\/\/colegio.sanjaimemoncada.es\/va\/"},{"@type":"ListItem","position":2,"name":"Programa d&#8217;immersi\u00f3 ling\u00fc\u00edstica en angl\u00e9s"}]},{"@type":"WebSite","@id":"https:\/\/colegio.sanjaimemoncada.es\/#website","url":"https:\/\/colegio.sanjaimemoncada.es\/","name":"C. Parroquial San Jaime Ap\u00f3stol","description":"","potentialAction":[{"@type":"SearchAction","target":{"@type":"EntryPoint","urlTemplate":"https:\/\/colegio.sanjaimemoncada.es\/?s={search_term_string}"},"query-input":{"@type":"PropertyValueSpecification","valueRequired":true,"valueName":"search_term_string"}}],"inLanguage":"va"}]}},"_links":{"self":[{"href":"https:\/\/colegio.sanjaimemoncada.es\/va\/wp-json\/wp\/v2\/pages\/9715","targetHints":{"allow":["GET"]}}],"collection":[{"href":"https:\/\/colegio.sanjaimemoncada.es\/va\/wp-json\/wp\/v2\/pages"}],"about":[{"href":"https:\/\/colegio.sanjaimemoncada.es\/va\/wp-json\/wp\/v2\/types\/page"}],"author":[{"embeddable":true,"href":"https:\/\/colegio.sanjaimemoncada.es\/va\/wp-json\/wp\/v2\/users\/7"}],"replies":[{"embeddable":true,"href":"https:\/\/colegio.sanjaimemoncada.es\/va\/wp-json\/wp\/v2\/comments?post=9715"}],"version-history":[{"count":2,"href":"https:\/\/colegio.sanjaimemoncada.es\/va\/wp-json\/wp\/v2\/pages\/9715\/revisions"}],"predecessor-version":[{"id":12427,"href":"https:\/\/colegio.sanjaimemoncada.es\/va\/wp-json\/wp\/v2\/pages\/9715\/revisions\/12427"}],"wp:attachment":[{"href":"https:\/\/colegio.sanjaimemoncada.es\/va\/wp-json\/wp\/v2\/media?parent=9715"}],"curies":[{"name":"wp","href":"https:\/\/api.w.org\/{rel}","templated":true}]}}