{"id":9699,"date":"2016-11-16T20:12:42","date_gmt":"2016-11-16T19:12:42","guid":{"rendered":"https:\/\/colegio.sanjaimemoncada.es\/pat-personalizado\/"},"modified":"2019-02-27T20:48:22","modified_gmt":"2019-02-27T19:48:22","slug":"pat-personalizado","status":"publish","type":"page","link":"https:\/\/colegio.sanjaimemoncada.es\/va\/pat-personalizado\/","title":{"rendered":"PAT Personalitzat"},"content":{"rendered":"<p class=\"p1\" style=\"text-align: justify;\"><span class=\"s1\"><br \/>\n<img loading=\"lazy\" decoding=\"async\" class=\"alignleft wp-image-798\" src=\"https:\/\/colegio.sanjaimemoncada.es\/wp-content\/uploads\/2016\/11\/Captura-de-pantalla-2016-11-16-a-las-20.11.44.png\" alt=\"captura-de-pantalla-2016-11-16-a-las-20-11-44\" width=\"267\" height=\"170\" \/><\/span><\/p>\n<div class=\"textarea-desti col-xs-12 col-sm-6\">\n<div class=\"form-control second-textarea\">El Pla d&#8217;Acci\u00f3 Tutorial (PAT)del Col\u00b7legi Sant Jaume s&#8217;integra dins del Projecte Educatiu de Centre, el qual, en l\u00ednies b\u00e0siques, defineix i planifica l&#8217;acci\u00f3 tutorial, el responsable de la qual \u00e9s un professor del claustre denominat acompanyant. En ell es recullen el conjunt de finalitats, continguts, instruments i estrat\u00e8gies que ajuden l&#8217;alumne en el seu desenvolupament integral.<\/div>\n<\/div>\n<p class=\"p1\" style=\"text-align: justify;\"><span class=\"s1\">\u00a0<\/span><\/p>\n<div class=\"textarea-desti col-xs-12 col-sm-6\">\n<div class=\"form-control second-textarea\">Es tracta d&#8217;un proc\u00e9s continu i integrat en el desenvolupament educatiu de tots i cadascun dels alumnes de cicles formatius, per la qual cosa constitueix un element fonamental per a aconseguir les finalitats de l&#8217;educaci\u00f3.<\/div>\n<\/div>\n<p class=\"p1\" style=\"text-align: justify;\"><span class=\"s1\"><br \/>\n<img loading=\"lazy\" decoding=\"async\" class=\"wp-image-802 alignright\" src=\"https:\/\/colegio.sanjaimemoncada.es\/wp-content\/uploads\/2016\/11\/DSC_0004-300x199.jpg\" alt=\"PAT Personalizado PEC Sant Jaume\" width=\"326\" height=\"216\" srcset=\"https:\/\/colegio.sanjaimemoncada.es\/wp-content\/uploads\/2016\/11\/DSC_0004-300x199.jpg 300w, https:\/\/colegio.sanjaimemoncada.es\/wp-content\/uploads\/2016\/11\/DSC_0004-768x510.jpg 768w, https:\/\/colegio.sanjaimemoncada.es\/wp-content\/uploads\/2016\/11\/DSC_0004-1024x680.jpg 1024w\" sizes=\"auto, (max-width: 326px) 100vw, 326px\" \/><\/span><\/p>\n<div class=\"textarea-desti col-xs-12 col-sm-6\">\n<div class=\"form-control second-textarea\">El PATha de potenciar les habilitats necess\u00e0ries que asseguren el proc\u00e9s de socialitzaci\u00f3 propi de l&#8217;etapa evolutiva de l&#8217;alumnat, els cicles formatius professionals, i contribuir al desenvolupament del proc\u00e9s aprenentatge\/ensenyament de cara a una millor adaptaci\u00f3 a la societat actual. A m\u00e9s, en el nostre cas ha d&#8217;anar m\u00e9s enll\u00e0 i s&#8217;ha d&#8217;utilitzar com una eina per a aconseguir l&#8217;objectiu general marc enquadrat en Col\u00b7legis Diocesans.<\/div>\n<\/div>\n<div class=\"textarea-desti col-xs-12 col-sm-6\">\n<div class=\"form-control second-textarea\">El PATes fonamenta en la idea que l&#8217;aprenentatge, la socialitzaci\u00f3 i el creixement personal van lligats, perqu\u00e8 no existeix l&#8217;un sense l&#8217;altre. A m\u00e9s, tamb\u00e9 es basa en la idea que si es volen alumnes competents hem d&#8217;abordar simult\u00e0niament les seues tres dimensions: F\u00edsica, Psicol\u00f2gica i Transcendent.<\/div>\n<\/div>\n<p class=\"p1\">\n","protected":false},"excerpt":{"rendered":"<p>El Pla d&#8217;Acci\u00f3 Tutorial (PAT)del Col\u00b7legi Sant Jaume s&#8217;integra dins del Projecte Educatiu de Centre, el qual, en l\u00ednies b\u00e0siques, defineix i planifica l&#8217;acci\u00f3 tutorial, el responsable de la qual \u00e9s un professor del claustre denominat acompanyant. En ell es recullen el conjunt de finalitats, continguts, instruments i estrat\u00e8gies que ajuden l&#8217;alumne en el seu [&hellip;]<\/p>\n","protected":false},"author":4,"featured_media":0,"parent":0,"menu_order":0,"comment_status":"closed","ping_status":"closed","template":"","meta":{"_monsterinsights_skip_tracking":false,"_monsterinsights_sitenote_active":false,"_monsterinsights_sitenote_note":"","_monsterinsights_sitenote_category":0,"footnotes":""},"class_list":["post-9699","page","type-page","status-publish","hentry"],"yoast_head":"<!-- This site is optimized with the Yoast SEO plugin v26.2 - https:\/\/yoast.com\/wordpress\/plugins\/seo\/ -->\n<title>PAT Personalitzat - C. Parroquial San Jaime Ap\u00f3stol<\/title>\n<meta name=\"robots\" content=\"index, follow, max-snippet:-1, max-image-preview:large, max-video-preview:-1\" \/>\n<link rel=\"canonical\" href=\"https:\/\/colegio.sanjaimemoncada.es\/pat-personalizado\/\" \/>\n<meta property=\"og:locale\" content=\"en_US\" \/>\n<meta property=\"og:type\" content=\"article\" \/>\n<meta property=\"og:title\" content=\"PAT Personalitzat - C. Parroquial San Jaime Ap\u00f3stol\" \/>\n<meta property=\"og:description\" content=\"El Pla d&#8217;Acci\u00f3 Tutorial (PAT)del Col\u00b7legi Sant Jaume s&#8217;integra dins del Projecte Educatiu de Centre, el qual, en l\u00ednies b\u00e0siques, defineix i planifica l&#8217;acci\u00f3 tutorial, el responsable de la qual \u00e9s un professor del claustre denominat acompanyant. En ell es recullen el conjunt de finalitats, continguts, instruments i estrat\u00e8gies que ajuden l&#8217;alumne en el seu [&hellip;]\" \/>\n<meta property=\"og:url\" content=\"https:\/\/colegio.sanjaimemoncada.es\/pat-personalizado\/\" \/>\n<meta property=\"og:site_name\" content=\"C. Parroquial San Jaime Ap\u00f3stol\" \/>\n<meta property=\"article:modified_time\" content=\"2019-02-27T19:48:22+00:00\" \/>\n<meta property=\"og:image\" content=\"https:\/\/colegio.sanjaimemoncada.es\/wp-content\/uploads\/2016\/11\/Captura-de-pantalla-2016-11-16-a-las-20.11.44.png\" \/>\n\t<meta property=\"og:image:width\" content=\"273\" \/>\n\t<meta property=\"og:image:height\" content=\"174\" \/>\n\t<meta property=\"og:image:type\" content=\"image\/png\" \/>\n<meta name=\"twitter:card\" content=\"summary_large_image\" \/>\n<meta name=\"twitter:label1\" content=\"Est. reading time\" \/>\n\t<meta name=\"twitter:data1\" content=\"1 minute\" \/>\n<script type=\"application\/ld+json\" class=\"yoast-schema-graph\">{\"@context\":\"https:\/\/schema.org\",\"@graph\":[{\"@type\":\"WebPage\",\"@id\":\"https:\/\/colegio.sanjaimemoncada.es\/pat-personalizado\/\",\"url\":\"https:\/\/colegio.sanjaimemoncada.es\/pat-personalizado\/\",\"name\":\"PAT Personalitzat - C. Parroquial San Jaime Ap\u00f3stol\",\"isPartOf\":{\"@id\":\"https:\/\/colegio.sanjaimemoncada.es\/#website\"},\"primaryImageOfPage\":{\"@id\":\"https:\/\/colegio.sanjaimemoncada.es\/pat-personalizado\/#primaryimage\"},\"image\":{\"@id\":\"https:\/\/colegio.sanjaimemoncada.es\/pat-personalizado\/#primaryimage\"},\"thumbnailUrl\":\"https:\/\/colegio.sanjaimemoncada.es\/wp-content\/uploads\/2016\/11\/Captura-de-pantalla-2016-11-16-a-las-20.11.44.png\",\"datePublished\":\"2016-11-16T19:12:42+00:00\",\"dateModified\":\"2019-02-27T19:48:22+00:00\",\"breadcrumb\":{\"@id\":\"https:\/\/colegio.sanjaimemoncada.es\/pat-personalizado\/#breadcrumb\"},\"inLanguage\":\"va\",\"potentialAction\":[{\"@type\":\"ReadAction\",\"target\":[\"https:\/\/colegio.sanjaimemoncada.es\/pat-personalizado\/\"]}]},{\"@type\":\"ImageObject\",\"inLanguage\":\"va\",\"@id\":\"https:\/\/colegio.sanjaimemoncada.es\/pat-personalizado\/#primaryimage\",\"url\":\"https:\/\/colegio.sanjaimemoncada.es\/wp-content\/uploads\/2016\/11\/Captura-de-pantalla-2016-11-16-a-las-20.11.44.png\",\"contentUrl\":\"https:\/\/colegio.sanjaimemoncada.es\/wp-content\/uploads\/2016\/11\/Captura-de-pantalla-2016-11-16-a-las-20.11.44.png\"},{\"@type\":\"BreadcrumbList\",\"@id\":\"https:\/\/colegio.sanjaimemoncada.es\/pat-personalizado\/#breadcrumb\",\"itemListElement\":[{\"@type\":\"ListItem\",\"position\":1,\"name\":\"Portada\",\"item\":\"https:\/\/colegio.sanjaimemoncada.es\/va\/\"},{\"@type\":\"ListItem\",\"position\":2,\"name\":\"PAT Personalitzat\"}]},{\"@type\":\"WebSite\",\"@id\":\"https:\/\/colegio.sanjaimemoncada.es\/#website\",\"url\":\"https:\/\/colegio.sanjaimemoncada.es\/\",\"name\":\"C. Parroquial San Jaime Ap\u00f3stol\",\"description\":\"\",\"potentialAction\":[{\"@type\":\"SearchAction\",\"target\":{\"@type\":\"EntryPoint\",\"urlTemplate\":\"https:\/\/colegio.sanjaimemoncada.es\/?s={search_term_string}\"},\"query-input\":{\"@type\":\"PropertyValueSpecification\",\"valueRequired\":true,\"valueName\":\"search_term_string\"}}],\"inLanguage\":\"va\"}]}<\/script>\n<!-- \/ Yoast SEO plugin. -->","yoast_head_json":{"title":"PAT Personalitzat - C. Parroquial San Jaime Ap\u00f3stol","robots":{"index":"index","follow":"follow","max-snippet":"max-snippet:-1","max-image-preview":"max-image-preview:large","max-video-preview":"max-video-preview:-1"},"canonical":"https:\/\/colegio.sanjaimemoncada.es\/pat-personalizado\/","og_locale":"en_US","og_type":"article","og_title":"PAT Personalitzat - C. Parroquial San Jaime Ap\u00f3stol","og_description":"El Pla d&#8217;Acci\u00f3 Tutorial (PAT)del Col\u00b7legi Sant Jaume s&#8217;integra dins del Projecte Educatiu de Centre, el qual, en l\u00ednies b\u00e0siques, defineix i planifica l&#8217;acci\u00f3 tutorial, el responsable de la qual \u00e9s un professor del claustre denominat acompanyant. En ell es recullen el conjunt de finalitats, continguts, instruments i estrat\u00e8gies que ajuden l&#8217;alumne en el seu [&hellip;]","og_url":"https:\/\/colegio.sanjaimemoncada.es\/pat-personalizado\/","og_site_name":"C. Parroquial San Jaime Ap\u00f3stol","article_modified_time":"2019-02-27T19:48:22+00:00","og_image":[{"width":273,"height":174,"url":"https:\/\/colegio.sanjaimemoncada.es\/wp-content\/uploads\/2016\/11\/Captura-de-pantalla-2016-11-16-a-las-20.11.44.png","type":"image\/png"}],"twitter_card":"summary_large_image","twitter_misc":{"Est. reading time":"1 minute"},"schema":{"@context":"https:\/\/schema.org","@graph":[{"@type":"WebPage","@id":"https:\/\/colegio.sanjaimemoncada.es\/pat-personalizado\/","url":"https:\/\/colegio.sanjaimemoncada.es\/pat-personalizado\/","name":"PAT Personalitzat - C. Parroquial San Jaime Ap\u00f3stol","isPartOf":{"@id":"https:\/\/colegio.sanjaimemoncada.es\/#website"},"primaryImageOfPage":{"@id":"https:\/\/colegio.sanjaimemoncada.es\/pat-personalizado\/#primaryimage"},"image":{"@id":"https:\/\/colegio.sanjaimemoncada.es\/pat-personalizado\/#primaryimage"},"thumbnailUrl":"https:\/\/colegio.sanjaimemoncada.es\/wp-content\/uploads\/2016\/11\/Captura-de-pantalla-2016-11-16-a-las-20.11.44.png","datePublished":"2016-11-16T19:12:42+00:00","dateModified":"2019-02-27T19:48:22+00:00","breadcrumb":{"@id":"https:\/\/colegio.sanjaimemoncada.es\/pat-personalizado\/#breadcrumb"},"inLanguage":"va","potentialAction":[{"@type":"ReadAction","target":["https:\/\/colegio.sanjaimemoncada.es\/pat-personalizado\/"]}]},{"@type":"ImageObject","inLanguage":"va","@id":"https:\/\/colegio.sanjaimemoncada.es\/pat-personalizado\/#primaryimage","url":"https:\/\/colegio.sanjaimemoncada.es\/wp-content\/uploads\/2016\/11\/Captura-de-pantalla-2016-11-16-a-las-20.11.44.png","contentUrl":"https:\/\/colegio.sanjaimemoncada.es\/wp-content\/uploads\/2016\/11\/Captura-de-pantalla-2016-11-16-a-las-20.11.44.png"},{"@type":"BreadcrumbList","@id":"https:\/\/colegio.sanjaimemoncada.es\/pat-personalizado\/#breadcrumb","itemListElement":[{"@type":"ListItem","position":1,"name":"Portada","item":"https:\/\/colegio.sanjaimemoncada.es\/va\/"},{"@type":"ListItem","position":2,"name":"PAT Personalitzat"}]},{"@type":"WebSite","@id":"https:\/\/colegio.sanjaimemoncada.es\/#website","url":"https:\/\/colegio.sanjaimemoncada.es\/","name":"C. Parroquial San Jaime Ap\u00f3stol","description":"","potentialAction":[{"@type":"SearchAction","target":{"@type":"EntryPoint","urlTemplate":"https:\/\/colegio.sanjaimemoncada.es\/?s={search_term_string}"},"query-input":{"@type":"PropertyValueSpecification","valueRequired":true,"valueName":"search_term_string"}}],"inLanguage":"va"}]}},"_links":{"self":[{"href":"https:\/\/colegio.sanjaimemoncada.es\/va\/wp-json\/wp\/v2\/pages\/9699","targetHints":{"allow":["GET"]}}],"collection":[{"href":"https:\/\/colegio.sanjaimemoncada.es\/va\/wp-json\/wp\/v2\/pages"}],"about":[{"href":"https:\/\/colegio.sanjaimemoncada.es\/va\/wp-json\/wp\/v2\/types\/page"}],"author":[{"embeddable":true,"href":"https:\/\/colegio.sanjaimemoncada.es\/va\/wp-json\/wp\/v2\/users\/4"}],"replies":[{"embeddable":true,"href":"https:\/\/colegio.sanjaimemoncada.es\/va\/wp-json\/wp\/v2\/comments?post=9699"}],"version-history":[{"count":2,"href":"https:\/\/colegio.sanjaimemoncada.es\/va\/wp-json\/wp\/v2\/pages\/9699\/revisions"}],"predecessor-version":[{"id":12424,"href":"https:\/\/colegio.sanjaimemoncada.es\/va\/wp-json\/wp\/v2\/pages\/9699\/revisions\/12424"}],"wp:attachment":[{"href":"https:\/\/colegio.sanjaimemoncada.es\/va\/wp-json\/wp\/v2\/media?parent=9699"}],"curies":[{"name":"wp","href":"https:\/\/api.w.org\/{rel}","templated":true}]}}