{"id":9690,"date":"2016-04-20T18:38:40","date_gmt":"2016-04-20T16:38:40","guid":{"rendered":"https:\/\/colegio.sanjaimemoncada.es\/orientacion\/"},"modified":"2020-07-23T18:51:38","modified_gmt":"2020-07-23T16:51:38","slug":"orientacion","status":"publish","type":"page","link":"https:\/\/colegio.sanjaimemoncada.es\/va\/orientacion\/","title":{"rendered":"Orientaci\u00f3"},"content":{"rendered":"<p><b>COMPOSICI\u00d3 DEL DEPARTAMENT DE ORIENTACI\u00d3<\/b><\/p>\n<p><span style=\"font-weight: 400;\">El Departament d\u2019Orientaci\u00f3 del nostre centre est\u00e0 compost per quatres professionals. Comptem amb una orientadora docent per a l\u2019etapa d\u2019Educaci\u00f3 Secund\u00e0ria, aix\u00ed com amb tres docents per als programes de Diversificaci\u00f3 Curricular davall la metodologia dels \u00e0mbits que oferim (El programa per a la Millora de l\u2019Aprenentatge i el Rendiment i el Programa de Refor\u00e7 de 4t de l\u2019ESO), exercint dos d\u2019ells les tutories d\u2019estos grups.<\/span><\/p>\n<p><b>ATENCI\u00d3 A PARES:<\/b><span style=\"font-weight: 400;\">\u00a0Amb cita pr\u00e8via a trav\u00e9s de tutoria.<\/span><\/p>\n<p>&nbsp;<\/p>\n<p><b> OBJECTIUS GENERALS<\/b><\/p>\n<ol>\n<li style=\"font-weight: 400;\"><span style=\"font-weight: 400;\">Contribuir a la personalitzaci\u00f3 de l\u2019educaci\u00f3, gr\u00e0cies a una orientaci\u00f3 de car\u00e0cter individualitzat que concep la persona com un tot, atenent a una educaci\u00f3 integral.<\/span><\/li>\n<li style=\"font-weight: 400;\"><span style=\"font-weight: 400;\">Cooperat en els aspectes de la vida escolar des de la posici\u00f3 de l\u2019orientador, propiciant \u00a0aprenentatges funcionals i en connexi\u00f3 amb l\u2019entorn, assessorant tots els membres de la comunitat educativa en les q\u00fcestions que puguen incidir en estos aspectes.<\/span><\/li>\n<li style=\"font-weight: 400;\"><span style=\"font-weight: 400;\">Despertar en els alumnes la capacitat de dirigir el seu aprenentatge, afavorint l\u2019adopci\u00f3 d\u2019estrat\u00e8gies metacognitives, d\u2019autocontrol i d\u2019autoconeixement.<\/span><\/li>\n<li style=\"font-weight: 400;\"><span style=\"font-weight: 400;\">Previndre i identificar les dificultats d\u2019aprenentatge, integraci\u00f3 i creixement personal ,actuant sobre elles, proporcionant les respostes educatives adequades per a l\u2019alumnat, per mitj\u00e0 de les mesures d\u2019atenci\u00f3 a la diversitat, dins del paradigma de l\u2019educaci\u00f3 inclusiva.<\/span><\/li>\n<li style=\"font-weight: 400;\"><span style=\"font-weight: 400;\">Acompanyar en el creixement i l\u2019adquisici\u00f3 de la maduresa, el desenrotllament de la mateixa identitat i l\u2019adquisici\u00f3 d\u2019un sistema de valors s\u00f2lid.<\/span><\/li>\n<li style=\"font-weight: 400;\"><span style=\"font-weight: 400;\">Orientar els alumnes i a les seues fam\u00edlies en el proc\u00e9s de presa de decisions acad\u00e8miques i\/o professionals d\u2019acord amb les seues possibilitats, facilitant informaci\u00f3 dels distints itineraris formatius o laborals. <\/span><\/li>\n<\/ol>\n<div class=\"su-button-center\"><a href=\"https:\/\/sites.google.com\/sanjaimemoncada.es\/departamento-de-orientacion\" class=\"su-button su-button-style-flat\" style=\"color:#FFFFFF;background-color:#007a33;border-color:#006229;border-radius:66px\" target=\"_blank\" rel=\"noopener noreferrer\"><span style=\"color:#FFFFFF;padding:0px 30px;font-size:22px;line-height:44px;border-color:#4da271;border-radius:66px;text-shadow:none\"> El nostre treball<\/span><\/a><\/div>\n<p><b>\u00c1MBITS D&#8217;INTERVENCI\u00d3<\/b><\/p>\n<p><span style=\"font-weight: 400;\">Hi ha tres grans \u00e0mbits d\u2019intervenci\u00f3 que permeten el compliment \u00a0de les funcions del Departament d\u2019Orientaci\u00f3: El suport al proc\u00e9s d\u2019ensenyan\u00e7a-aprenentatge; l\u2019orientaci\u00f3 \u00a0acad\u00e8mica i professional i l \u2018acci\u00f3 tutorial. Tamb\u00e9 explicitarem les principals vies d\u2019assessorament a la comunitat educativa i la relaci\u00f3 amb institucions.<\/span><\/p>\n<p>&nbsp;<\/p>\n<p><b>EL SUPORT ALS PROCESSOS D\u2019ENSENYAN\u00c7A I APRENENTATGE<\/b><\/p>\n<p><span style=\"font-weight: 400;\">Realitzem els pertinents processos d\u2019avaluaci\u00f3, diagn\u00f2stic i assessorament d\u2019alumnes proposat pels docents, els tutors i\/o \u00a0les fam\u00edlies. En els casos que ens marca la legislaci\u00f3, s\u2019emet el pertinent informe psicopedag\u00f2gic, com en les adscripcions als nostres Programa de Millora de l\u2019Aprenentatge i el Rendiment (PMAR 3), Programa de Refor\u00e7 (PR 4), l\u2019aplicaci\u00f3 de mesures d\u2019Educaci\u00f3 Compensat\u00f2ria i l\u2019elaboraci\u00f3 d\u2019ACIS, entre altres. Esta mesura la fem extensiva als alumnes nous del centre i als alumnes que finalitzen l\u2019etapa educativa. <\/span><\/p>\n<p><span style=\"font-weight: 400;\">Analitzem les mesures adoptades pr\u00e8viament, els nivells de compet\u00e8ncia curricular i les caracter\u00edstiques personals i de context, concloent amb una proposta curricular de progr\u00e9s.<\/span><\/p>\n<p><span style=\"font-weight: 400;\">Tamb\u00e9 orientem sobre les tasques i les mesures educatives de car\u00e0cter preventiu, i de coordinaci\u00f3, facilitant al professorat les orientacions metodol\u00f2giques, criteris i procediments d\u2019avaluaci\u00f3 requerits. <\/span><\/p>\n<p><span style=\"font-weight: 400;\">Coordinem les mesures de suport ordinari i extraordinari dutes a terme \u00a0per afavorir els desenrotllament d\u2019alumnes amb Necessitats Educatives Especials o Necessitats de Compensaci\u00f3 Educativa, tant dins de l\u2019\u00e0mbit escolar com dins del familiar, articulant el seguiment de les mateixes, oferint un assessorament constant als professors que impartixen les activitats de refor\u00e7, als professors d\u2019\u00e0rea i als tutors, sobre les &lt;mesures d\u2019Atenci\u00f3 a la Diversitat. Q\u00fcestions d\u2019innovaci\u00f3 educativa i gesti\u00f3 de conflictes en l\u2019aula.<\/span><\/p>\n<p>&nbsp;<\/p>\n<p><b>PLA D\u2019ORIENTACI\u00d3 ACAD\u00c8MICA I PROFESSIONAL<\/b><\/p>\n<p>&nbsp;<\/p>\n<p><span style=\"font-weight: 400;\">\u00a0\u00a0\u00a0 <\/span><span style=\"font-weight: 400;\">Comptem amb un Pla d\u2019Orientaci\u00f3 Acad\u00e8mica i Professional que implica tots els alumnes de 4t d\u2019ESO i a les seues fam\u00edlies en un important proc\u00e9s d\u2019autodescobriment i de decisi\u00f3 a trav\u00e9s de la informaci\u00f3 i la reflexi\u00f3. Oferim una valoraci\u00f3 de les aptituds i prefer\u00e8ncies dels alumnes i \u00e0mplia informaci\u00f3 sobre les opcions educatives i laborals de l\u2019entorn, a trav\u00e9s de la realitzaci\u00f3 de proves psicot\u00e8cniques, assist\u00e8ncia a xarrades i tots els mitjans que el nostre centre posa a disposici\u00f3 dels tutors en este proc\u00e9s.<\/span><\/p>\n<p><span style=\"font-weight: 400;\">Tamb\u00e9 col\u00b7laborem amb els tutors cada curs en l\u2019ompliment del Consell Orientador, atenent a les propostes col\u00b7legiades i proporcionant assessorament i intervenci\u00f3 quan siga necessari. <\/span><\/p>\n<p>&nbsp;<\/p>\n<p><b>PLA D\u2019ACCI\u00d3 TUTORIAL<\/b><\/p>\n<p>&nbsp;<\/p>\n<p><span style=\"font-weight: 400;\">\u00a0\u00a0\u00a0 <\/span><span style=\"font-weight: 400;\">El nostre centre disposa d\u2019una important acci\u00f3 tutorial basada en l\u2019experi\u00e8ncia i implicaci\u00f3 d\u2019un gran equip \u00a0de tutors. Des del Departament d\u2019Orientaci\u00f3 ens encarreguem de l\u2019elaboraci\u00f3 del Pla d\u2019Acci\u00f3 Tutorial i de la seua coordinaci\u00f3, proporcionant als tutors els recursos que necessiten per a dur a terme la seua tasca de forma excel\u00b7lent.<\/span><\/p>\n<p><span style=\"font-weight: 400;\">\u00a0\u00a0\u00a0 <\/span><span style=\"font-weight: 400;\">En este Pla trobem integrades sessions sobre q\u00fcestions relacionades amb el creixement en virtuts, t\u00e8cniques d\u2019estudi, integraci\u00f3 social, resoluci\u00f3 de conflictes&#8230;<\/span><\/p>\n<p>&nbsp;<\/p>\n<p><b>ASSESSORAMENT A LA COMUNITAT EDUCATIVA<\/b><\/p>\n<p>&nbsp;<\/p>\n<p><span style=\"font-weight: 400;\">\u00a0\u00a0\u00a0 <\/span><span style=\"font-weight: 400;\">Estem al servici de la comunitat educativa per a realitzar un acompanyament en aquelles q\u00fcestions d\u2019\u00edndole sociopsicoeducativa que presenten repercussi\u00f3 en els \u00e0mbits personals i escolars dels nostres alumnes.<\/span><\/p>\n<p><span style=\"font-weight: 400;\">Oferim proximitat i escolta, assistint a tots els nostres alumnes i constituint una pres\u00e8ncia constant en les depend\u00e8ncies del centre. <\/span><\/p>\n<p><span style=\"font-weight: 400;\">Sempre a disposici\u00f3 de les fam\u00edlies, disposem d\u2019un ampli horari d\u2019atenci\u00f3 per a escoltar, assessorar i acompanyar, assistint a l\u2019acci\u00f3 tutorial i coordinant el treball conjunt dels diferents professionals implicats. Una d\u2019estes mesures \u00e9s l\u2019Escol\u00e0 de Pares on tractem temes d\u2019inter\u00e9s general relacionats amb l\u2019adolesc\u00e8ncia, normalment a proposta de les fam\u00edlies.<\/span><\/p>\n<p><span style=\"font-weight: 400;\">El departament d\u2019Orientaci\u00f3 exerceix un important paper consultor dins del centre, proporcionant assessorament i suport t\u00e8cnic a , tutors, professorat i equips directius, en q\u00fcestions com a establiment de mesures educatives, Diversificaci\u00f3 Curricular, implementaci\u00f3 de protocols i programes socioeducatius i adscripci\u00f3 dels alumnes als diferents recursos, entre altres. Tamb\u00e9 ofereix suport a les Direccions d\u2019Estudis i disciplina tant en intervenci\u00f3 directa amb programes de modificaci\u00f3 de conducta com a trav\u00e9s de consultes t\u00e8cniques.<\/span><\/p>\n<p>&nbsp;<\/p>\n<p>&nbsp;<\/p>\n<p><b>RELACI\u00d3 AMB LES INSTITUCIONS<\/b><\/p>\n<p>&nbsp;<\/p>\n<p><span style=\"font-weight: 400;\">Com a Col\u00b7legi Dioces\u00e0 pertanyem a la fundaci\u00f3 de Col\u00b7legis Diocesans Sant Vicent M\u00e0rtir, podem oferir als nostres alumnes tots els beneficis que la Fundaci\u00f3 ens reporta, assistint a les jornades formatives i informatives, especialment en les q\u00fcestions referides a innovaci\u00f3 pedag\u00f2gica i pol\u00edtiques d\u2019equitat i inclusi\u00f3 educativa.<\/span><\/p>\n<p><span style=\"font-weight: 400;\">\u00a0\u00a0\u00a0 <\/span><span style=\"font-weight: 400;\">D\u2019altra banda, dins del nostre entorn, considerem fonamental col\u00b7laborar amb el Gabinet Psicol\u00f2gic de l\u2019Ajuntament de Moncada i la Comissi\u00f3 Socioeducativa, aix\u00ed com amb \u00a0la comissi\u00f3 Municipal d\u2019Absentismes, amb l\u2019objectiu d\u2019integrar la nostra actuaci\u00f3 en el marc d\u2019un treball conjunt que puga ajudar els nostres alumnes a assolir els seus objectius de forma plena.<\/span><\/p>\n<p><span style=\"font-weight: 400;\">Tamb\u00e9 mantenim una estreta col\u00b7laboraci\u00f3 amb les universitats i diferents centres d\u2019ensenyan\u00e7a, dins del proc\u00e9s d\u2019Orientaci\u00f3 Acad\u00e8mica i Professional. D\u2019esta manera podem fer accessible als nostres alumnes tota la informaci\u00f3 necess\u00e0ria en este important proc\u00e9s de decisi\u00f3 sobre el seu futur.<\/span><\/p>\n<p>&nbsp;<\/p>\n<p>&nbsp;<\/p>\n<p>&nbsp;<\/p>\n","protected":false},"excerpt":{"rendered":"<p>COMPOSICI\u00d3 DEL DEPARTAMENT DE ORIENTACI\u00d3 El Departament d\u2019Orientaci\u00f3 del nostre centre est\u00e0 compost per quatres professionals. Comptem amb una orientadora docent per a l\u2019etapa d\u2019Educaci\u00f3 Secund\u00e0ria, aix\u00ed com amb tres docents per als programes de Diversificaci\u00f3 Curricular davall la metodologia dels \u00e0mbits que oferim (El programa per a la Millora de l\u2019Aprenentatge i el Rendiment [&hellip;]<\/p>\n","protected":false},"author":4,"featured_media":0,"parent":0,"menu_order":0,"comment_status":"closed","ping_status":"closed","template":"","meta":{"_monsterinsights_skip_tracking":false,"_monsterinsights_sitenote_active":false,"_monsterinsights_sitenote_note":"","_monsterinsights_sitenote_category":0,"footnotes":""},"class_list":["post-9690","page","type-page","status-publish","hentry"],"yoast_head":"<!-- This site is optimized with the Yoast SEO plugin v26.2 - https:\/\/yoast.com\/wordpress\/plugins\/seo\/ -->\n<title>Orientaci\u00f3 - C. Parroquial San Jaime Ap\u00f3stol<\/title>\n<meta name=\"robots\" content=\"index, follow, max-snippet:-1, max-image-preview:large, max-video-preview:-1\" \/>\n<link rel=\"canonical\" href=\"https:\/\/colegio.sanjaimemoncada.es\/orientacion\/\" \/>\n<meta property=\"og:locale\" content=\"en_US\" \/>\n<meta property=\"og:type\" content=\"article\" \/>\n<meta property=\"og:title\" content=\"Orientaci\u00f3 - C. Parroquial San Jaime Ap\u00f3stol\" \/>\n<meta property=\"og:description\" content=\"COMPOSICI\u00d3 DEL DEPARTAMENT DE ORIENTACI\u00d3 El Departament d\u2019Orientaci\u00f3 del nostre centre est\u00e0 compost per quatres professionals. Comptem amb una orientadora docent per a l\u2019etapa d\u2019Educaci\u00f3 Secund\u00e0ria, aix\u00ed com amb tres docents per als programes de Diversificaci\u00f3 Curricular davall la metodologia dels \u00e0mbits que oferim (El programa per a la Millora de l\u2019Aprenentatge i el Rendiment [&hellip;]\" \/>\n<meta property=\"og:url\" content=\"https:\/\/colegio.sanjaimemoncada.es\/orientacion\/\" \/>\n<meta property=\"og:site_name\" content=\"C. Parroquial San Jaime Ap\u00f3stol\" \/>\n<meta property=\"article:modified_time\" content=\"2020-07-23T16:51:38+00:00\" \/>\n<meta name=\"twitter:card\" content=\"summary_large_image\" \/>\n<meta name=\"twitter:label1\" content=\"Est. reading time\" \/>\n\t<meta name=\"twitter:data1\" content=\"6 minutes\" \/>\n<script type=\"application\/ld+json\" class=\"yoast-schema-graph\">{\"@context\":\"https:\/\/schema.org\",\"@graph\":[{\"@type\":\"WebPage\",\"@id\":\"https:\/\/colegio.sanjaimemoncada.es\/orientacion\/\",\"url\":\"https:\/\/colegio.sanjaimemoncada.es\/orientacion\/\",\"name\":\"Orientaci\u00f3 - C. Parroquial San Jaime Ap\u00f3stol\",\"isPartOf\":{\"@id\":\"https:\/\/colegio.sanjaimemoncada.es\/#website\"},\"datePublished\":\"2016-04-20T16:38:40+00:00\",\"dateModified\":\"2020-07-23T16:51:38+00:00\",\"breadcrumb\":{\"@id\":\"https:\/\/colegio.sanjaimemoncada.es\/orientacion\/#breadcrumb\"},\"inLanguage\":\"va\",\"potentialAction\":[{\"@type\":\"ReadAction\",\"target\":[\"https:\/\/colegio.sanjaimemoncada.es\/orientacion\/\"]}]},{\"@type\":\"BreadcrumbList\",\"@id\":\"https:\/\/colegio.sanjaimemoncada.es\/orientacion\/#breadcrumb\",\"itemListElement\":[{\"@type\":\"ListItem\",\"position\":1,\"name\":\"Portada\",\"item\":\"https:\/\/colegio.sanjaimemoncada.es\/va\/\"},{\"@type\":\"ListItem\",\"position\":2,\"name\":\"Orientaci\u00f3\"}]},{\"@type\":\"WebSite\",\"@id\":\"https:\/\/colegio.sanjaimemoncada.es\/#website\",\"url\":\"https:\/\/colegio.sanjaimemoncada.es\/\",\"name\":\"C. Parroquial San Jaime Ap\u00f3stol\",\"description\":\"\",\"potentialAction\":[{\"@type\":\"SearchAction\",\"target\":{\"@type\":\"EntryPoint\",\"urlTemplate\":\"https:\/\/colegio.sanjaimemoncada.es\/?s={search_term_string}\"},\"query-input\":{\"@type\":\"PropertyValueSpecification\",\"valueRequired\":true,\"valueName\":\"search_term_string\"}}],\"inLanguage\":\"va\"}]}<\/script>\n<!-- \/ Yoast SEO plugin. -->","yoast_head_json":{"title":"Orientaci\u00f3 - C. Parroquial San Jaime Ap\u00f3stol","robots":{"index":"index","follow":"follow","max-snippet":"max-snippet:-1","max-image-preview":"max-image-preview:large","max-video-preview":"max-video-preview:-1"},"canonical":"https:\/\/colegio.sanjaimemoncada.es\/orientacion\/","og_locale":"en_US","og_type":"article","og_title":"Orientaci\u00f3 - C. Parroquial San Jaime Ap\u00f3stol","og_description":"COMPOSICI\u00d3 DEL DEPARTAMENT DE ORIENTACI\u00d3 El Departament d\u2019Orientaci\u00f3 del nostre centre est\u00e0 compost per quatres professionals. Comptem amb una orientadora docent per a l\u2019etapa d\u2019Educaci\u00f3 Secund\u00e0ria, aix\u00ed com amb tres docents per als programes de Diversificaci\u00f3 Curricular davall la metodologia dels \u00e0mbits que oferim (El programa per a la Millora de l\u2019Aprenentatge i el Rendiment [&hellip;]","og_url":"https:\/\/colegio.sanjaimemoncada.es\/orientacion\/","og_site_name":"C. Parroquial San Jaime Ap\u00f3stol","article_modified_time":"2020-07-23T16:51:38+00:00","twitter_card":"summary_large_image","twitter_misc":{"Est. reading time":"6 minutes"},"schema":{"@context":"https:\/\/schema.org","@graph":[{"@type":"WebPage","@id":"https:\/\/colegio.sanjaimemoncada.es\/orientacion\/","url":"https:\/\/colegio.sanjaimemoncada.es\/orientacion\/","name":"Orientaci\u00f3 - C. Parroquial San Jaime Ap\u00f3stol","isPartOf":{"@id":"https:\/\/colegio.sanjaimemoncada.es\/#website"},"datePublished":"2016-04-20T16:38:40+00:00","dateModified":"2020-07-23T16:51:38+00:00","breadcrumb":{"@id":"https:\/\/colegio.sanjaimemoncada.es\/orientacion\/#breadcrumb"},"inLanguage":"va","potentialAction":[{"@type":"ReadAction","target":["https:\/\/colegio.sanjaimemoncada.es\/orientacion\/"]}]},{"@type":"BreadcrumbList","@id":"https:\/\/colegio.sanjaimemoncada.es\/orientacion\/#breadcrumb","itemListElement":[{"@type":"ListItem","position":1,"name":"Portada","item":"https:\/\/colegio.sanjaimemoncada.es\/va\/"},{"@type":"ListItem","position":2,"name":"Orientaci\u00f3"}]},{"@type":"WebSite","@id":"https:\/\/colegio.sanjaimemoncada.es\/#website","url":"https:\/\/colegio.sanjaimemoncada.es\/","name":"C. Parroquial San Jaime Ap\u00f3stol","description":"","potentialAction":[{"@type":"SearchAction","target":{"@type":"EntryPoint","urlTemplate":"https:\/\/colegio.sanjaimemoncada.es\/?s={search_term_string}"},"query-input":{"@type":"PropertyValueSpecification","valueRequired":true,"valueName":"search_term_string"}}],"inLanguage":"va"}]}},"_links":{"self":[{"href":"https:\/\/colegio.sanjaimemoncada.es\/va\/wp-json\/wp\/v2\/pages\/9690","targetHints":{"allow":["GET"]}}],"collection":[{"href":"https:\/\/colegio.sanjaimemoncada.es\/va\/wp-json\/wp\/v2\/pages"}],"about":[{"href":"https:\/\/colegio.sanjaimemoncada.es\/va\/wp-json\/wp\/v2\/types\/page"}],"author":[{"embeddable":true,"href":"https:\/\/colegio.sanjaimemoncada.es\/va\/wp-json\/wp\/v2\/users\/4"}],"replies":[{"embeddable":true,"href":"https:\/\/colegio.sanjaimemoncada.es\/va\/wp-json\/wp\/v2\/comments?post=9690"}],"version-history":[{"count":4,"href":"https:\/\/colegio.sanjaimemoncada.es\/va\/wp-json\/wp\/v2\/pages\/9690\/revisions"}],"predecessor-version":[{"id":20174,"href":"https:\/\/colegio.sanjaimemoncada.es\/va\/wp-json\/wp\/v2\/pages\/9690\/revisions\/20174"}],"wp:attachment":[{"href":"https:\/\/colegio.sanjaimemoncada.es\/va\/wp-json\/wp\/v2\/media?parent=9690"}],"curies":[{"name":"wp","href":"https:\/\/api.w.org\/{rel}","templated":true}]}}