{"id":9655,"date":"2016-04-06T16:04:42","date_gmt":"2016-04-06T16:04:42","guid":{"rendered":"https:\/\/colegio.sanjaimemoncada.es\/inicio\/"},"modified":"2023-04-25T19:12:12","modified_gmt":"2023-04-25T17:12:12","slug":"inicio","status":"publish","type":"page","link":"https:\/\/colegio.sanjaimemoncada.es\/va\/","title":{"rendered":"Inici"},"content":{"rendered":"","protected":false},"excerpt":{"rendered":"","protected":false},"author":4,"featured_media":0,"parent":0,"menu_order":0,"comment_status":"closed","ping_status":"closed","template":"","meta":{"_monsterinsights_skip_tracking":false,"_monsterinsights_sitenote_active":false,"_monsterinsights_sitenote_note":"","_monsterinsights_sitenote_category":0,"footnotes":""},"class_list":["post-9655","page","type-page","status-publish","hentry"],"yoast_head":"<!-- This site is optimized with the Yoast SEO plugin v26.2 - https:\/\/yoast.com\/wordpress\/plugins\/seo\/ -->\n<title>Centro Parroquial Sant Jaume Ap\u00f2stol<\/title>\n<meta name=\"description\" content=\"Centro Parroquial Sant Jaume Ap\u00f2stol de Montcada, Educaci\u00f3n infantil, primaria, ESO, bachillerato y ciclos formativos.\" \/>\n<meta name=\"robots\" content=\"index, follow, max-snippet:-1, max-image-preview:large, max-video-preview:-1\" \/>\n<link rel=\"canonical\" href=\"https:\/\/colegio.sanjaimemoncada.es\/va\/\" \/>\n<meta property=\"og:locale\" content=\"en_US\" \/>\n<meta property=\"og:type\" content=\"article\" \/>\n<meta property=\"og:title\" content=\"Centro Parroquial Sant Jaume Ap\u00f2stol\" \/>\n<meta property=\"og:description\" content=\"Centro Parroquial Sant Jaume Ap\u00f2stol de Montcada, Educaci\u00f3n infantil, primaria, ESO, bachillerato y ciclos formativos.\" \/>\n<meta property=\"og:url\" content=\"https:\/\/colegio.sanjaimemoncada.es\/va\/\" \/>\n<meta property=\"og:site_name\" content=\"C. Parroquial San Jaime Ap\u00f3stol\" \/>\n<meta property=\"article:modified_time\" content=\"2023-04-25T17:12:12+00:00\" \/>\n<meta name=\"twitter:card\" content=\"summary_large_image\" \/>\n<script type=\"application\/ld+json\" class=\"yoast-schema-graph\">{\"@context\":\"https:\/\/schema.org\",\"@graph\":[{\"@type\":\"WebPage\",\"@id\":\"https:\/\/colegio.sanjaimemoncada.es\/va\/\",\"url\":\"https:\/\/colegio.sanjaimemoncada.es\/va\/\",\"name\":\"Centro Parroquial Sant Jaume Ap\u00f2stol\",\"isPartOf\":{\"@id\":\"https:\/\/colegio.sanjaimemoncada.es\/#website\"},\"datePublished\":\"2016-04-06T16:04:42+00:00\",\"dateModified\":\"2023-04-25T17:12:12+00:00\",\"description\":\"Centro Parroquial Sant Jaume Ap\u00f2stol de Montcada, Educaci\u00f3n infantil, primaria, ESO, bachillerato y ciclos formativos.\",\"breadcrumb\":{\"@id\":\"https:\/\/colegio.sanjaimemoncada.es\/va\/#breadcrumb\"},\"inLanguage\":\"va\",\"potentialAction\":[{\"@type\":\"ReadAction\",\"target\":[\"https:\/\/colegio.sanjaimemoncada.es\/va\/\"]}]},{\"@type\":\"BreadcrumbList\",\"@id\":\"https:\/\/colegio.sanjaimemoncada.es\/va\/#breadcrumb\",\"itemListElement\":[{\"@type\":\"ListItem\",\"position\":1,\"name\":\"Portada\",\"item\":\"https:\/\/colegio.sanjaimemoncada.es\/va\/\"},{\"@type\":\"ListItem\",\"position\":2,\"name\":\"Inici\"}]},{\"@type\":\"WebSite\",\"@id\":\"https:\/\/colegio.sanjaimemoncada.es\/#website\",\"url\":\"https:\/\/colegio.sanjaimemoncada.es\/\",\"name\":\"C. Parroquial San Jaime Ap\u00f3stol\",\"description\":\"\",\"potentialAction\":[{\"@type\":\"SearchAction\",\"target\":{\"@type\":\"EntryPoint\",\"urlTemplate\":\"https:\/\/colegio.sanjaimemoncada.es\/?s={search_term_string}\"},\"query-input\":{\"@type\":\"PropertyValueSpecification\",\"valueRequired\":true,\"valueName\":\"search_term_string\"}}],\"inLanguage\":\"va\"}]}<\/script>\n<!-- \/ Yoast SEO plugin. -->","yoast_head_json":{"title":"Centro Parroquial Sant Jaume Ap\u00f2stol","description":"Centro Parroquial Sant Jaume Ap\u00f2stol de Montcada, Educaci\u00f3n infantil, primaria, ESO, bachillerato y ciclos formativos.","robots":{"index":"index","follow":"follow","max-snippet":"max-snippet:-1","max-image-preview":"max-image-preview:large","max-video-preview":"max-video-preview:-1"},"canonical":"https:\/\/colegio.sanjaimemoncada.es\/va\/","og_locale":"en_US","og_type":"article","og_title":"Centro Parroquial Sant Jaume Ap\u00f2stol","og_description":"Centro Parroquial Sant Jaume Ap\u00f2stol de Montcada, Educaci\u00f3n infantil, primaria, ESO, bachillerato y ciclos formativos.","og_url":"https:\/\/colegio.sanjaimemoncada.es\/va\/","og_site_name":"C. Parroquial San Jaime Ap\u00f3stol","article_modified_time":"2023-04-25T17:12:12+00:00","twitter_card":"summary_large_image","schema":{"@context":"https:\/\/schema.org","@graph":[{"@type":"WebPage","@id":"https:\/\/colegio.sanjaimemoncada.es\/va\/","url":"https:\/\/colegio.sanjaimemoncada.es\/va\/","name":"Centro Parroquial Sant Jaume Ap\u00f2stol","isPartOf":{"@id":"https:\/\/colegio.sanjaimemoncada.es\/#website"},"datePublished":"2016-04-06T16:04:42+00:00","dateModified":"2023-04-25T17:12:12+00:00","description":"Centro Parroquial Sant Jaume Ap\u00f2stol de Montcada, Educaci\u00f3n infantil, primaria, ESO, bachillerato y ciclos formativos.","breadcrumb":{"@id":"https:\/\/colegio.sanjaimemoncada.es\/va\/#breadcrumb"},"inLanguage":"va","potentialAction":[{"@type":"ReadAction","target":["https:\/\/colegio.sanjaimemoncada.es\/va\/"]}]},{"@type":"BreadcrumbList","@id":"https:\/\/colegio.sanjaimemoncada.es\/va\/#breadcrumb","itemListElement":[{"@type":"ListItem","position":1,"name":"Portada","item":"https:\/\/colegio.sanjaimemoncada.es\/va\/"},{"@type":"ListItem","position":2,"name":"Inici"}]},{"@type":"WebSite","@id":"https:\/\/colegio.sanjaimemoncada.es\/#website","url":"https:\/\/colegio.sanjaimemoncada.es\/","name":"C. Parroquial San Jaime Ap\u00f3stol","description":"","potentialAction":[{"@type":"SearchAction","target":{"@type":"EntryPoint","urlTemplate":"https:\/\/colegio.sanjaimemoncada.es\/?s={search_term_string}"},"query-input":{"@type":"PropertyValueSpecification","valueRequired":true,"valueName":"search_term_string"}}],"inLanguage":"va"}]}},"_links":{"self":[{"href":"https:\/\/colegio.sanjaimemoncada.es\/va\/wp-json\/wp\/v2\/pages\/9655","targetHints":{"allow":["GET"]}}],"collection":[{"href":"https:\/\/colegio.sanjaimemoncada.es\/va\/wp-json\/wp\/v2\/pages"}],"about":[{"href":"https:\/\/colegio.sanjaimemoncada.es\/va\/wp-json\/wp\/v2\/types\/page"}],"author":[{"embeddable":true,"href":"https:\/\/colegio.sanjaimemoncada.es\/va\/wp-json\/wp\/v2\/users\/4"}],"replies":[{"embeddable":true,"href":"https:\/\/colegio.sanjaimemoncada.es\/va\/wp-json\/wp\/v2\/comments?post=9655"}],"version-history":[{"count":2,"href":"https:\/\/colegio.sanjaimemoncada.es\/va\/wp-json\/wp\/v2\/pages\/9655\/revisions"}],"predecessor-version":[{"id":9885,"href":"https:\/\/colegio.sanjaimemoncada.es\/va\/wp-json\/wp\/v2\/pages\/9655\/revisions\/9885"}],"wp:attachment":[{"href":"https:\/\/colegio.sanjaimemoncada.es\/va\/wp-json\/wp\/v2\/media?parent=9655"}],"curies":[{"name":"wp","href":"https:\/\/api.w.org\/{rel}","templated":true}]}}