{"id":9635,"date":"2016-04-26T11:44:39","date_gmt":"2016-04-26T09:44:39","guid":{"rendered":"https:\/\/colegio.sanjaimemoncada.es\/infantil-primaria\/oferta-educativa\/"},"modified":"2019-09-10T18:30:33","modified_gmt":"2019-09-10T16:30:33","slug":"oferta-educativa","status":"publish","type":"page","link":"https:\/\/colegio.sanjaimemoncada.es\/va\/infantil-primaria\/oferta-educativa\/","title":{"rendered":"Oferta educativa"},"content":{"rendered":"<h1>Infantil<\/h1>\n<p><span style=\"font-weight: 400;\">El segon cicle d&#8217;Educaci\u00f3 Infantil \u00e9s una etapa educativa no obligat\u00f2ria que abasta dels 3 als 6 anys. El nostre centre t\u00e9 6 unitats d&#8217;Educaci\u00f3 Infantil, 2 classes de cada nivell: 3 anys, 4 anys i 5 anys, totes elles concertades.<\/span><\/p>\n<p><span style=\"font-weight: 400;\">El nostre alumnat \u00e9s at\u00e9s per un total de 7 professores, 6 d&#8217;elles tutores i una de suport, aix\u00ed com el responsable del Departament d&#8217;Orientaci\u00f3 i la Professora de Pedagogia Terap\u00e8utica.<\/span><\/p>\n<p><span style=\"font-weight: 400;\">Els objectius i continguts d&#8217;aquesta etapa educativa s&#8217;estableixen en tres blocs que es treballen \u00a0de forma globalitzada i estan estretament interrelacionats.<\/span><\/p>\n<p>El programa ling\u00fc\u00edstic que s&#8217;aplica en l&#8217;etapa d&#8217;Infantil \u00e9s el PEPLI(Programa d&#8217;Educaci\u00f3 Pluriling\u00fce d&#8217;Intercultural)<\/p>\n<h1>Prim\u00e0ria<\/h1>\n<p><span style=\"font-weight: 400;\">Aquesta etapa educativa \u00a0va des dels 6 fins als 12 anys al llarg de tres cicles de dos cursos cadascun. En el nostre centre, hi ha 3 unitats per nivell, amb un total \u00a0de 18 unitats, totes elles concertades.<\/span><\/p>\n<p><span style=\"font-weight: 400;\">L&#8217;alumnat \u00e9s at\u00e9s per un claustre de 38 professors, aix\u00ed com el responsable del Departament d&#8217;Orientaci\u00f3 i la professora de Pedagogia Terap\u00e8utica.<\/span><\/p>\n<p>El programa ling\u00fc\u00edstic que s&#8217;aplica en l&#8217;etapa de prim\u00e0ria \u00e9s el PEPLI(Programa d&#8217;Educaci\u00f3 Pluriling\u00fce d&#8217;Intercultural)<\/p>\n<p>&nbsp;<\/p>\n<p>&nbsp;<\/p>\n","protected":false},"excerpt":{"rendered":"<p>Infantil El segon cicle d&#8217;Educaci\u00f3 Infantil \u00e9s una etapa educativa no obligat\u00f2ria que abasta dels 3 als 6 anys. El nostre centre t\u00e9 6 unitats d&#8217;Educaci\u00f3 Infantil, 2 classes de cada nivell: 3 anys, 4 anys i 5 anys, totes elles concertades. El nostre alumnat \u00e9s at\u00e9s per un total de 7 professores, 6 d&#8217;elles [&hellip;]<\/p>\n","protected":false},"author":4,"featured_media":0,"parent":9613,"menu_order":0,"comment_status":"closed","ping_status":"closed","template":"","meta":{"_monsterinsights_skip_tracking":false,"_monsterinsights_sitenote_active":false,"_monsterinsights_sitenote_note":"","_monsterinsights_sitenote_category":0,"footnotes":""},"class_list":["post-9635","page","type-page","status-publish","hentry"],"yoast_head":"<!-- This site is optimized with the Yoast SEO plugin v26.2 - https:\/\/yoast.com\/wordpress\/plugins\/seo\/ -->\n<title>Oferta educativa - C. Parroquial San Jaime Ap\u00f3stol<\/title>\n<meta name=\"robots\" content=\"index, follow, max-snippet:-1, max-image-preview:large, max-video-preview:-1\" \/>\n<link rel=\"canonical\" href=\"https:\/\/colegio.sanjaimemoncada.es\/infantil-primaria\/oferta-educativa\/\" \/>\n<meta property=\"og:locale\" content=\"en_US\" \/>\n<meta property=\"og:type\" content=\"article\" \/>\n<meta property=\"og:title\" content=\"Oferta educativa - C. Parroquial San Jaime Ap\u00f3stol\" \/>\n<meta property=\"og:description\" content=\"Infantil El segon cicle d&#8217;Educaci\u00f3 Infantil \u00e9s una etapa educativa no obligat\u00f2ria que abasta dels 3 als 6 anys. El nostre centre t\u00e9 6 unitats d&#8217;Educaci\u00f3 Infantil, 2 classes de cada nivell: 3 anys, 4 anys i 5 anys, totes elles concertades. El nostre alumnat \u00e9s at\u00e9s per un total de 7 professores, 6 d&#8217;elles [&hellip;]\" \/>\n<meta property=\"og:url\" content=\"https:\/\/colegio.sanjaimemoncada.es\/infantil-primaria\/oferta-educativa\/\" \/>\n<meta property=\"og:site_name\" content=\"C. Parroquial San Jaime Ap\u00f3stol\" \/>\n<meta property=\"article:modified_time\" content=\"2019-09-10T16:30:33+00:00\" \/>\n<meta name=\"twitter:card\" content=\"summary_large_image\" \/>\n<meta name=\"twitter:label1\" content=\"Est. reading time\" \/>\n\t<meta name=\"twitter:data1\" content=\"1 minute\" \/>\n<script type=\"application\/ld+json\" class=\"yoast-schema-graph\">{\"@context\":\"https:\/\/schema.org\",\"@graph\":[{\"@type\":\"WebPage\",\"@id\":\"https:\/\/colegio.sanjaimemoncada.es\/infantil-primaria\/oferta-educativa\/\",\"url\":\"https:\/\/colegio.sanjaimemoncada.es\/infantil-primaria\/oferta-educativa\/\",\"name\":\"Oferta educativa - C. Parroquial San Jaime Ap\u00f3stol\",\"isPartOf\":{\"@id\":\"https:\/\/colegio.sanjaimemoncada.es\/#website\"},\"datePublished\":\"2016-04-26T09:44:39+00:00\",\"dateModified\":\"2019-09-10T16:30:33+00:00\",\"breadcrumb\":{\"@id\":\"https:\/\/colegio.sanjaimemoncada.es\/infantil-primaria\/oferta-educativa\/#breadcrumb\"},\"inLanguage\":\"va\",\"potentialAction\":[{\"@type\":\"ReadAction\",\"target\":[\"https:\/\/colegio.sanjaimemoncada.es\/infantil-primaria\/oferta-educativa\/\"]}]},{\"@type\":\"BreadcrumbList\",\"@id\":\"https:\/\/colegio.sanjaimemoncada.es\/infantil-primaria\/oferta-educativa\/#breadcrumb\",\"itemListElement\":[{\"@type\":\"ListItem\",\"position\":1,\"name\":\"Portada\",\"item\":\"https:\/\/colegio.sanjaimemoncada.es\/va\/\"},{\"@type\":\"ListItem\",\"position\":2,\"name\":\"Infantil &#8211; Prim\u00e0ria\",\"item\":\"https:\/\/colegio.sanjaimemoncada.es\/infantil-primaria\/\"},{\"@type\":\"ListItem\",\"position\":3,\"name\":\"Oferta educativa\"}]},{\"@type\":\"WebSite\",\"@id\":\"https:\/\/colegio.sanjaimemoncada.es\/#website\",\"url\":\"https:\/\/colegio.sanjaimemoncada.es\/\",\"name\":\"C. Parroquial San Jaime Ap\u00f3stol\",\"description\":\"\",\"potentialAction\":[{\"@type\":\"SearchAction\",\"target\":{\"@type\":\"EntryPoint\",\"urlTemplate\":\"https:\/\/colegio.sanjaimemoncada.es\/?s={search_term_string}\"},\"query-input\":{\"@type\":\"PropertyValueSpecification\",\"valueRequired\":true,\"valueName\":\"search_term_string\"}}],\"inLanguage\":\"va\"}]}<\/script>\n<!-- \/ Yoast SEO plugin. -->","yoast_head_json":{"title":"Oferta educativa - C. Parroquial San Jaime Ap\u00f3stol","robots":{"index":"index","follow":"follow","max-snippet":"max-snippet:-1","max-image-preview":"max-image-preview:large","max-video-preview":"max-video-preview:-1"},"canonical":"https:\/\/colegio.sanjaimemoncada.es\/infantil-primaria\/oferta-educativa\/","og_locale":"en_US","og_type":"article","og_title":"Oferta educativa - C. Parroquial San Jaime Ap\u00f3stol","og_description":"Infantil El segon cicle d&#8217;Educaci\u00f3 Infantil \u00e9s una etapa educativa no obligat\u00f2ria que abasta dels 3 als 6 anys. El nostre centre t\u00e9 6 unitats d&#8217;Educaci\u00f3 Infantil, 2 classes de cada nivell: 3 anys, 4 anys i 5 anys, totes elles concertades. El nostre alumnat \u00e9s at\u00e9s per un total de 7 professores, 6 d&#8217;elles [&hellip;]","og_url":"https:\/\/colegio.sanjaimemoncada.es\/infantil-primaria\/oferta-educativa\/","og_site_name":"C. Parroquial San Jaime Ap\u00f3stol","article_modified_time":"2019-09-10T16:30:33+00:00","twitter_card":"summary_large_image","twitter_misc":{"Est. reading time":"1 minute"},"schema":{"@context":"https:\/\/schema.org","@graph":[{"@type":"WebPage","@id":"https:\/\/colegio.sanjaimemoncada.es\/infantil-primaria\/oferta-educativa\/","url":"https:\/\/colegio.sanjaimemoncada.es\/infantil-primaria\/oferta-educativa\/","name":"Oferta educativa - C. Parroquial San Jaime Ap\u00f3stol","isPartOf":{"@id":"https:\/\/colegio.sanjaimemoncada.es\/#website"},"datePublished":"2016-04-26T09:44:39+00:00","dateModified":"2019-09-10T16:30:33+00:00","breadcrumb":{"@id":"https:\/\/colegio.sanjaimemoncada.es\/infantil-primaria\/oferta-educativa\/#breadcrumb"},"inLanguage":"va","potentialAction":[{"@type":"ReadAction","target":["https:\/\/colegio.sanjaimemoncada.es\/infantil-primaria\/oferta-educativa\/"]}]},{"@type":"BreadcrumbList","@id":"https:\/\/colegio.sanjaimemoncada.es\/infantil-primaria\/oferta-educativa\/#breadcrumb","itemListElement":[{"@type":"ListItem","position":1,"name":"Portada","item":"https:\/\/colegio.sanjaimemoncada.es\/va\/"},{"@type":"ListItem","position":2,"name":"Infantil &#8211; Prim\u00e0ria","item":"https:\/\/colegio.sanjaimemoncada.es\/infantil-primaria\/"},{"@type":"ListItem","position":3,"name":"Oferta educativa"}]},{"@type":"WebSite","@id":"https:\/\/colegio.sanjaimemoncada.es\/#website","url":"https:\/\/colegio.sanjaimemoncada.es\/","name":"C. Parroquial San Jaime Ap\u00f3stol","description":"","potentialAction":[{"@type":"SearchAction","target":{"@type":"EntryPoint","urlTemplate":"https:\/\/colegio.sanjaimemoncada.es\/?s={search_term_string}"},"query-input":{"@type":"PropertyValueSpecification","valueRequired":true,"valueName":"search_term_string"}}],"inLanguage":"va"}]}},"_links":{"self":[{"href":"https:\/\/colegio.sanjaimemoncada.es\/va\/wp-json\/wp\/v2\/pages\/9635","targetHints":{"allow":["GET"]}}],"collection":[{"href":"https:\/\/colegio.sanjaimemoncada.es\/va\/wp-json\/wp\/v2\/pages"}],"about":[{"href":"https:\/\/colegio.sanjaimemoncada.es\/va\/wp-json\/wp\/v2\/types\/page"}],"author":[{"embeddable":true,"href":"https:\/\/colegio.sanjaimemoncada.es\/va\/wp-json\/wp\/v2\/users\/4"}],"replies":[{"embeddable":true,"href":"https:\/\/colegio.sanjaimemoncada.es\/va\/wp-json\/wp\/v2\/comments?post=9635"}],"version-history":[{"count":5,"href":"https:\/\/colegio.sanjaimemoncada.es\/va\/wp-json\/wp\/v2\/pages\/9635\/revisions"}],"predecessor-version":[{"id":16626,"href":"https:\/\/colegio.sanjaimemoncada.es\/va\/wp-json\/wp\/v2\/pages\/9635\/revisions\/16626"}],"up":[{"embeddable":true,"href":"https:\/\/colegio.sanjaimemoncada.es\/va\/wp-json\/wp\/v2\/pages\/9613"}],"wp:attachment":[{"href":"https:\/\/colegio.sanjaimemoncada.es\/va\/wp-json\/wp\/v2\/media?parent=9635"}],"curies":[{"name":"wp","href":"https:\/\/api.w.org\/{rel}","templated":true}]}}