{"id":9605,"date":"2017-03-02T16:04:42","date_gmt":"2017-03-02T15:04:42","guid":{"rendered":"https:\/\/colegio.sanjaimemoncada.es\/idiomas\/"},"modified":"2019-02-27T20:18:11","modified_gmt":"2019-02-27T19:18:11","slug":"idiomas","status":"publish","type":"page","link":"https:\/\/colegio.sanjaimemoncada.es\/va\/idiomas\/","title":{"rendered":"Idiomes"},"content":{"rendered":"<h1 style=\"text-align: center;\"><span style=\"color: #008080;\">Homologaci\u00f3 B1 Valenci\u00e0 JQCV<\/span><\/h1>\n<p>Poden sol\u00b7licitar l&#8217;homologaci\u00f3 amb el certificat de nivell B1 de coneixements de valenci\u00e0 de la JQCVels alumnes i antics alumnes que hagen cursat i aprovat l&#8217;assignatura de valenci\u00e0 en els cursos i etapes educatives seg\u00fcents:<\/p>\n<ol>\n<li>En tots els cursos d&#8217;Educaci\u00f3 General B\u00e0sica.<\/li>\n<li>En tots els cursos de l&#8217;Educaci\u00f3 Prim\u00e0ria i de l&#8217;Educaci\u00f3 Secund\u00e0ria Obligat\u00f3ria.<\/li>\n<li>En almenys 3 cursos entre els 3 de BUP i COU, als quals s&#8217;equiparen 3\u00b0 i 4\u00b0 de E.S.O. i 1r i 2n de Batxillerat a l&#8217;efecte d&#8217;aquesta homologaci\u00f3.<\/li>\n<li>En el primer grau de formaci\u00f3 professional i en dos cursos del segon grau de formaci\u00f3 professional.<\/li>\n<\/ol>\n<p>Lloc de tramitaci\u00f3: Conselleria d&#8217;Educaci\u00f3 (Av. de Campanar n\u00fam.32, 46015 Val\u00e8ncia &#8211; Tlf: 963 86 60 00)<\/p>\n<div class=\"textarea-desti col-xs-12 col-sm-6\">\n<div class=\"form-control second-textarea\"><a href=\"http:\/\/www.dogv.gva.es\/datos\/2017\/03\/06\/pdf\/2017_1799.pdf\">ORDRE 7\/2017, de 2 de mar\u00e7, de la Conselleria d&#8217;Educaci\u00f3, Investigaci\u00f3, Cultura i Esport, per la qual es regulen els certificats oficials administratius de coneixements de valenci\u00e0 de la Junta Qualificadora de Coneixements de Valenci\u00e0, el personal examinador i l&#8217;homologaci\u00f3 i la validaci\u00f3 d&#8217;altres t\u00edtols i certificats. [2017\/1799]<\/a><\/div>\n<\/div>\n","protected":false},"excerpt":{"rendered":"<p>Homologaci\u00f3 B1 Valenci\u00e0 JQCV Poden sol\u00b7licitar l&#8217;homologaci\u00f3 amb el certificat de nivell B1 de coneixements de valenci\u00e0 de la JQCVels alumnes i antics alumnes que hagen cursat i aprovat l&#8217;assignatura de valenci\u00e0 en els cursos i etapes educatives seg\u00fcents: En tots els cursos d&#8217;Educaci\u00f3 General B\u00e0sica. En tots els cursos de l&#8217;Educaci\u00f3 Prim\u00e0ria i de [&hellip;]<\/p>\n","protected":false},"author":4,"featured_media":0,"parent":0,"menu_order":0,"comment_status":"closed","ping_status":"closed","template":"","meta":{"_monsterinsights_skip_tracking":false,"_monsterinsights_sitenote_active":false,"_monsterinsights_sitenote_note":"","_monsterinsights_sitenote_category":0,"footnotes":""},"class_list":["post-9605","page","type-page","status-publish","hentry"],"yoast_head":"<!-- This site is optimized with the Yoast SEO plugin v26.2 - https:\/\/yoast.com\/wordpress\/plugins\/seo\/ -->\n<title>Idiomes - C. Parroquial San Jaime Ap\u00f3stol<\/title>\n<meta name=\"robots\" content=\"index, follow, max-snippet:-1, max-image-preview:large, max-video-preview:-1\" \/>\n<link rel=\"canonical\" href=\"https:\/\/colegio.sanjaimemoncada.es\/idiomas\/\" \/>\n<meta property=\"og:locale\" content=\"en_US\" \/>\n<meta property=\"og:type\" content=\"article\" \/>\n<meta property=\"og:title\" content=\"Idiomes - C. Parroquial San Jaime Ap\u00f3stol\" \/>\n<meta property=\"og:description\" content=\"Homologaci\u00f3 B1 Valenci\u00e0 JQCV Poden sol\u00b7licitar l&#8217;homologaci\u00f3 amb el certificat de nivell B1 de coneixements de valenci\u00e0 de la JQCVels alumnes i antics alumnes que hagen cursat i aprovat l&#8217;assignatura de valenci\u00e0 en els cursos i etapes educatives seg\u00fcents: En tots els cursos d&#8217;Educaci\u00f3 General B\u00e0sica. En tots els cursos de l&#8217;Educaci\u00f3 Prim\u00e0ria i de [&hellip;]\" \/>\n<meta property=\"og:url\" content=\"https:\/\/colegio.sanjaimemoncada.es\/idiomas\/\" \/>\n<meta property=\"og:site_name\" content=\"C. Parroquial San Jaime Ap\u00f3stol\" \/>\n<meta property=\"article:modified_time\" content=\"2019-02-27T19:18:11+00:00\" \/>\n<meta name=\"twitter:card\" content=\"summary_large_image\" \/>\n<meta name=\"twitter:label1\" content=\"Est. reading time\" \/>\n\t<meta name=\"twitter:data1\" content=\"1 minute\" \/>\n<script type=\"application\/ld+json\" class=\"yoast-schema-graph\">{\"@context\":\"https:\/\/schema.org\",\"@graph\":[{\"@type\":\"WebPage\",\"@id\":\"https:\/\/colegio.sanjaimemoncada.es\/idiomas\/\",\"url\":\"https:\/\/colegio.sanjaimemoncada.es\/idiomas\/\",\"name\":\"Idiomes - C. Parroquial San Jaime Ap\u00f3stol\",\"isPartOf\":{\"@id\":\"https:\/\/colegio.sanjaimemoncada.es\/#website\"},\"datePublished\":\"2017-03-02T15:04:42+00:00\",\"dateModified\":\"2019-02-27T19:18:11+00:00\",\"breadcrumb\":{\"@id\":\"https:\/\/colegio.sanjaimemoncada.es\/idiomas\/#breadcrumb\"},\"inLanguage\":\"va\",\"potentialAction\":[{\"@type\":\"ReadAction\",\"target\":[\"https:\/\/colegio.sanjaimemoncada.es\/idiomas\/\"]}]},{\"@type\":\"BreadcrumbList\",\"@id\":\"https:\/\/colegio.sanjaimemoncada.es\/idiomas\/#breadcrumb\",\"itemListElement\":[{\"@type\":\"ListItem\",\"position\":1,\"name\":\"Portada\",\"item\":\"https:\/\/colegio.sanjaimemoncada.es\/va\/\"},{\"@type\":\"ListItem\",\"position\":2,\"name\":\"Idiomes\"}]},{\"@type\":\"WebSite\",\"@id\":\"https:\/\/colegio.sanjaimemoncada.es\/#website\",\"url\":\"https:\/\/colegio.sanjaimemoncada.es\/\",\"name\":\"C. Parroquial San Jaime Ap\u00f3stol\",\"description\":\"\",\"potentialAction\":[{\"@type\":\"SearchAction\",\"target\":{\"@type\":\"EntryPoint\",\"urlTemplate\":\"https:\/\/colegio.sanjaimemoncada.es\/?s={search_term_string}\"},\"query-input\":{\"@type\":\"PropertyValueSpecification\",\"valueRequired\":true,\"valueName\":\"search_term_string\"}}],\"inLanguage\":\"va\"}]}<\/script>\n<!-- \/ Yoast SEO plugin. -->","yoast_head_json":{"title":"Idiomes - C. Parroquial San Jaime Ap\u00f3stol","robots":{"index":"index","follow":"follow","max-snippet":"max-snippet:-1","max-image-preview":"max-image-preview:large","max-video-preview":"max-video-preview:-1"},"canonical":"https:\/\/colegio.sanjaimemoncada.es\/idiomas\/","og_locale":"en_US","og_type":"article","og_title":"Idiomes - C. Parroquial San Jaime Ap\u00f3stol","og_description":"Homologaci\u00f3 B1 Valenci\u00e0 JQCV Poden sol\u00b7licitar l&#8217;homologaci\u00f3 amb el certificat de nivell B1 de coneixements de valenci\u00e0 de la JQCVels alumnes i antics alumnes que hagen cursat i aprovat l&#8217;assignatura de valenci\u00e0 en els cursos i etapes educatives seg\u00fcents: En tots els cursos d&#8217;Educaci\u00f3 General B\u00e0sica. En tots els cursos de l&#8217;Educaci\u00f3 Prim\u00e0ria i de [&hellip;]","og_url":"https:\/\/colegio.sanjaimemoncada.es\/idiomas\/","og_site_name":"C. Parroquial San Jaime Ap\u00f3stol","article_modified_time":"2019-02-27T19:18:11+00:00","twitter_card":"summary_large_image","twitter_misc":{"Est. reading time":"1 minute"},"schema":{"@context":"https:\/\/schema.org","@graph":[{"@type":"WebPage","@id":"https:\/\/colegio.sanjaimemoncada.es\/idiomas\/","url":"https:\/\/colegio.sanjaimemoncada.es\/idiomas\/","name":"Idiomes - C. Parroquial San Jaime Ap\u00f3stol","isPartOf":{"@id":"https:\/\/colegio.sanjaimemoncada.es\/#website"},"datePublished":"2017-03-02T15:04:42+00:00","dateModified":"2019-02-27T19:18:11+00:00","breadcrumb":{"@id":"https:\/\/colegio.sanjaimemoncada.es\/idiomas\/#breadcrumb"},"inLanguage":"va","potentialAction":[{"@type":"ReadAction","target":["https:\/\/colegio.sanjaimemoncada.es\/idiomas\/"]}]},{"@type":"BreadcrumbList","@id":"https:\/\/colegio.sanjaimemoncada.es\/idiomas\/#breadcrumb","itemListElement":[{"@type":"ListItem","position":1,"name":"Portada","item":"https:\/\/colegio.sanjaimemoncada.es\/va\/"},{"@type":"ListItem","position":2,"name":"Idiomes"}]},{"@type":"WebSite","@id":"https:\/\/colegio.sanjaimemoncada.es\/#website","url":"https:\/\/colegio.sanjaimemoncada.es\/","name":"C. Parroquial San Jaime Ap\u00f3stol","description":"","potentialAction":[{"@type":"SearchAction","target":{"@type":"EntryPoint","urlTemplate":"https:\/\/colegio.sanjaimemoncada.es\/?s={search_term_string}"},"query-input":{"@type":"PropertyValueSpecification","valueRequired":true,"valueName":"search_term_string"}}],"inLanguage":"va"}]}},"_links":{"self":[{"href":"https:\/\/colegio.sanjaimemoncada.es\/va\/wp-json\/wp\/v2\/pages\/9605","targetHints":{"allow":["GET"]}}],"collection":[{"href":"https:\/\/colegio.sanjaimemoncada.es\/va\/wp-json\/wp\/v2\/pages"}],"about":[{"href":"https:\/\/colegio.sanjaimemoncada.es\/va\/wp-json\/wp\/v2\/types\/page"}],"author":[{"embeddable":true,"href":"https:\/\/colegio.sanjaimemoncada.es\/va\/wp-json\/wp\/v2\/users\/4"}],"replies":[{"embeddable":true,"href":"https:\/\/colegio.sanjaimemoncada.es\/va\/wp-json\/wp\/v2\/comments?post=9605"}],"version-history":[{"count":3,"href":"https:\/\/colegio.sanjaimemoncada.es\/va\/wp-json\/wp\/v2\/pages\/9605\/revisions"}],"predecessor-version":[{"id":12402,"href":"https:\/\/colegio.sanjaimemoncada.es\/va\/wp-json\/wp\/v2\/pages\/9605\/revisions\/12402"}],"wp:attachment":[{"href":"https:\/\/colegio.sanjaimemoncada.es\/va\/wp-json\/wp\/v2\/media?parent=9605"}],"curies":[{"name":"wp","href":"https:\/\/api.w.org\/{rel}","templated":true}]}}