{"id":9590,"date":"2016-04-20T16:56:03","date_gmt":"2016-04-20T14:56:03","guid":{"rendered":"https:\/\/colegio.sanjaimemoncada.es\/historia-y-escudo\/"},"modified":"2019-01-29T17:56:27","modified_gmt":"2019-01-29T16:56:27","slug":"historia-y-escudo","status":"publish","type":"page","link":"https:\/\/colegio.sanjaimemoncada.es\/va\/historia-y-escudo\/","title":{"rendered":"Hist\u00f2ria i Escut"},"content":{"rendered":"<h2 class=\"underline\">Hist\u00f2ria<\/h2>\n<p style=\"text-align: justify;\">El Centre privat Concertat Sant Jaume Ap\u00f2stol \u00e9s un centre Educatiu que naix de la Parr\u00f2quia, per la d\u00e8cada de 1960, al servicio de l&#8217;educaci\u00f3 en valors dels nostres xiquets i j\u00f3vens.<span class=\"Apple-converted-space\">\u00a0<\/span><\/p>\n<p style=\"text-align: justify;\">El nostre Centre naix de l&#8217;esfor\u00e7 de la Comunitat i orienta el seu servicio a la Comunitat de qu\u00e8 naix.<span class=\"Apple-converted-space\">\u00a0<\/span><\/p>\n<p style=\"text-align: justify;\">Som un Centre privat, la qual cosa ens permet tindre el nostre propi Ideari Educatiu, l&#8217;objectiu fonamental del qual \u00e9s l&#8217;educaci\u00f3 integral dels nostres alumnes des dels principis evang\u00e8lics i constitucionals.<span class=\"Apple-converted-space\">\u00a0<\/span><\/p>\n<p style=\"text-align: justify;\">El nostre projecte educatiu es basa en l&#8217;educaci\u00f3 per i per a la llibertat.<span class=\"Apple-converted-space\">\u00a0<\/span><\/p>\n<p style=\"text-align: justify;\">El nostre Ideari ens dota de Car\u00e0cter propi i aix\u00f2 ens diferencia.<\/p>\n<p style=\"text-align: justify;\"><span class=\"Apple-converted-space\">\u00a0<\/span>Per\u00f2 som, tamb\u00e9, un Centre concertat. Totes les nostres ensenyances, totalment o parcialment, estan concertades amb l&#8217;Administraci\u00f3 P\u00fablica. Tal caracter\u00edstica permet definir-nos com un centre obert a totes les classes socials i, encara, a tots els pensaments sempre que accepte i respecte nostre Ideari.<\/p>\n<p style=\"text-align: justify;\">Comprenem pr\u00e0cticament tota l&#8217;ensenyan\u00e7a no universit\u00e0ria. Disposem d&#8217;aules d&#8217;Infantil (de tres a sis anys) , de Prim\u00e0ria (de sis a dotze anys) , de Secund\u00e0ria (de dotze a setze anys) , de Batxillerat (de setze a d\u00edhuit anys) i de Cicles Formatius de Grau Mitj\u00e0 (de setze a d\u00edhuit anys) i de Grau Superior, situats en tres edificis diferents.<\/p>\n<ul style=\"text-align: justify;\">\n<li>Infantil i Prim\u00e0ria en el carrer Doctor Duran.<\/li>\n<li>Secund\u00e0ria i Batxillerat en el carrer Madrid.<span class=\"Apple-converted-space\">\u00a0<\/span><\/li>\n<li>Cicles Formatius en el carrer d&#8217;Ausias March.<\/li>\n<\/ul>\n<h2 class=\"underline\" style=\"text-align: justify;\">Escut<\/h2>\n<p style=\"text-align: justify;\"><img loading=\"lazy\" decoding=\"async\" class=\"alignright size-medium wp-image-92 float-right\" src=\"https:\/\/colegio.sanjaimemoncada.es\/wp-content\/uploads\/2016\/04\/escudo-246x300.jpg\" alt=\"escudo\" width=\"246\" height=\"300\" srcset=\"https:\/\/colegio.sanjaimemoncada.es\/wp-content\/uploads\/2016\/04\/escudo-246x300.jpg 246w, https:\/\/colegio.sanjaimemoncada.es\/wp-content\/uploads\/2016\/04\/escudo.jpg 344w\" sizes=\"auto, (max-width: 246px) 100vw, 246px\" \/><\/p>\n<p style=\"text-align: justify;\">No \u00e9s infreq\u00fcent que les institucions educatives tinguen el seu escut i el seu lema. La nostra no \u00e9s una excepci\u00f3.<\/p>\n<p style=\"text-align: justify;\"><span class=\"Apple-converted-space\">\u00a0<\/span>Des dels or\u00edgens del Patronat d&#8217;Educaci\u00f3 i Cultura, antecedent del Centre Concertat Sant Jaume Ap\u00f3stol, t\u00e9 el seu escut i posse\u00efx el seu propi lema. En el nostre cas, escut i lema conformen una \u00fanica simbologia, expressi\u00f3 del nostre Ideari Educatiu.<\/p>\n<p style=\"text-align: justify;\"><span class=\"Apple-converted-space\">\u00a0<\/span>Presidix, corona, compr\u00e9n l&#8217;escut el f\u00e8nix, al\u00b7legoria que invita a pensar en la transformaci\u00f3 que patix l&#8217;home a trav\u00e9s de la cultura. De les cendres a la saviesa.<span class=\"Apple-converted-space\">\u00a0<\/span><\/p>\n<p style=\"text-align: justify;\">L&#8217;escut apareix clarament dividit en quatre parts.<span class=\"Apple-converted-space\">\u00a0<\/span><\/p>\n<p style=\"text-align: justify;\">En la part superior esquerra la Creu de Santiago, de Sant Jaume, Patr\u00f3 de la nostra Ciutat, i que d\u00f3na nom a la nostra Parr\u00f2quia, en la que s&#8217;engrana f\u00edsica i espiritualment el nostre Col\u00b7legi.<span class=\"Apple-converted-space\">\u00a0<\/span><\/p>\n<p style=\"text-align: justify;\">La Creu com a s\u00edmbol cristi\u00e0, com referent de la nostra educaci\u00f3 en valors cristians. Valors que conformen el nostre projecte educatiu.<\/p>\n<p style=\"text-align: justify;\">En la part superior dreta el cresol il\u00b7luminant l&#8217;esfor\u00e7 individual per aprendre, per elevar-se intel\u00b7lectualment, per con\u00e9ixer les obres escrites dels grans mestres de la humanitat, per passar de la ignor\u00e0ncia a la saviesa, en definitiva, per esfor\u00e7ar-se a ser persona.<\/p>\n<p style=\"text-align: justify;\">En la part inferior esquerra ens apareix l&#8217;emblema ol\u00edmpic, clara refer\u00e8ncia a la import\u00e0ncia de l&#8217;esport, de l&#8217;esfor\u00e7 f\u00edsic, en la formaci\u00f3 integral de la persona.<\/p>\n<p style=\"text-align: justify;\">I finalment, en la part inferior dreta, les quatre barres, traslladades d&#8217;escut del Rei Jaume I al nostre, en una clara refer\u00e8ncia de pertinen\u00e7a a la Comunitat Valenciana.<span class=\"Apple-converted-space\">\u00a0<\/span><\/p>\n<p style=\"text-align: justify;\">I tot aix\u00f2 encotillat davall el lema \u201cla tasca m\u00e9s divina de totes \u00e9s la formaci\u00f3 cultural de la joventut\u201d.<\/p>\n<p><span class=\"Apple-converted-space\">\u00a0<\/span>J.M.P.<\/p>\n","protected":false},"excerpt":{"rendered":"<p>Hist\u00f2ria El Centre privat Concertat Sant Jaume Ap\u00f2stol \u00e9s un centre Educatiu que naix de la Parr\u00f2quia, per la d\u00e8cada de 1960, al servicio de l&#8217;educaci\u00f3 en valors dels nostres xiquets i j\u00f3vens.\u00a0 El nostre Centre naix de l&#8217;esfor\u00e7 de la Comunitat i orienta el seu servicio a la Comunitat de qu\u00e8 naix.\u00a0 Som un [&hellip;]<\/p>\n","protected":false},"author":4,"featured_media":0,"parent":0,"menu_order":0,"comment_status":"closed","ping_status":"closed","template":"","meta":{"_monsterinsights_skip_tracking":false,"_monsterinsights_sitenote_active":false,"_monsterinsights_sitenote_note":"","_monsterinsights_sitenote_category":0,"footnotes":""},"class_list":["post-9590","page","type-page","status-publish","hentry"],"yoast_head":"<!-- This site is optimized with the Yoast SEO plugin v26.2 - https:\/\/yoast.com\/wordpress\/plugins\/seo\/ -->\n<title>Hist\u00f2ria i Escut - C. Parroquial San Jaime Ap\u00f3stol<\/title>\n<meta name=\"robots\" content=\"index, follow, max-snippet:-1, max-image-preview:large, max-video-preview:-1\" \/>\n<link rel=\"canonical\" href=\"https:\/\/colegio.sanjaimemoncada.es\/historia-y-escudo\/\" \/>\n<meta property=\"og:locale\" content=\"en_US\" \/>\n<meta property=\"og:type\" content=\"article\" \/>\n<meta property=\"og:title\" content=\"Hist\u00f2ria i Escut - C. Parroquial San Jaime Ap\u00f3stol\" \/>\n<meta property=\"og:description\" content=\"Hist\u00f2ria El Centre privat Concertat Sant Jaume Ap\u00f2stol \u00e9s un centre Educatiu que naix de la Parr\u00f2quia, per la d\u00e8cada de 1960, al servicio de l&#8217;educaci\u00f3 en valors dels nostres xiquets i j\u00f3vens.\u00a0 El nostre Centre naix de l&#8217;esfor\u00e7 de la Comunitat i orienta el seu servicio a la Comunitat de qu\u00e8 naix.\u00a0 Som un [&hellip;]\" \/>\n<meta property=\"og:url\" content=\"https:\/\/colegio.sanjaimemoncada.es\/historia-y-escudo\/\" \/>\n<meta property=\"og:site_name\" content=\"C. Parroquial San Jaime Ap\u00f3stol\" \/>\n<meta property=\"article:modified_time\" content=\"2019-01-29T16:56:27+00:00\" \/>\n<meta property=\"og:image\" content=\"https:\/\/colegio.sanjaimemoncada.es\/wp-content\/uploads\/2016\/04\/escudo.jpg\" \/>\n\t<meta property=\"og:image:width\" content=\"344\" \/>\n\t<meta property=\"og:image:height\" content=\"420\" \/>\n\t<meta property=\"og:image:type\" content=\"image\/jpeg\" \/>\n<meta name=\"twitter:card\" content=\"summary_large_image\" \/>\n<meta name=\"twitter:label1\" content=\"Est. reading time\" \/>\n\t<meta name=\"twitter:data1\" content=\"3 minutes\" \/>\n<script type=\"application\/ld+json\" class=\"yoast-schema-graph\">{\"@context\":\"https:\/\/schema.org\",\"@graph\":[{\"@type\":\"WebPage\",\"@id\":\"https:\/\/colegio.sanjaimemoncada.es\/historia-y-escudo\/\",\"url\":\"https:\/\/colegio.sanjaimemoncada.es\/historia-y-escudo\/\",\"name\":\"Hist\u00f2ria i Escut - C. Parroquial San Jaime Ap\u00f3stol\",\"isPartOf\":{\"@id\":\"https:\/\/colegio.sanjaimemoncada.es\/#website\"},\"primaryImageOfPage\":{\"@id\":\"https:\/\/colegio.sanjaimemoncada.es\/historia-y-escudo\/#primaryimage\"},\"image\":{\"@id\":\"https:\/\/colegio.sanjaimemoncada.es\/historia-y-escudo\/#primaryimage\"},\"thumbnailUrl\":\"https:\/\/colegio.sanjaimemoncada.es\/wp-content\/uploads\/2016\/04\/escudo-246x300.jpg\",\"datePublished\":\"2016-04-20T14:56:03+00:00\",\"dateModified\":\"2019-01-29T16:56:27+00:00\",\"breadcrumb\":{\"@id\":\"https:\/\/colegio.sanjaimemoncada.es\/historia-y-escudo\/#breadcrumb\"},\"inLanguage\":\"va\",\"potentialAction\":[{\"@type\":\"ReadAction\",\"target\":[\"https:\/\/colegio.sanjaimemoncada.es\/historia-y-escudo\/\"]}]},{\"@type\":\"ImageObject\",\"inLanguage\":\"va\",\"@id\":\"https:\/\/colegio.sanjaimemoncada.es\/historia-y-escudo\/#primaryimage\",\"url\":\"https:\/\/colegio.sanjaimemoncada.es\/wp-content\/uploads\/2016\/04\/escudo-246x300.jpg\",\"contentUrl\":\"https:\/\/colegio.sanjaimemoncada.es\/wp-content\/uploads\/2016\/04\/escudo-246x300.jpg\"},{\"@type\":\"BreadcrumbList\",\"@id\":\"https:\/\/colegio.sanjaimemoncada.es\/historia-y-escudo\/#breadcrumb\",\"itemListElement\":[{\"@type\":\"ListItem\",\"position\":1,\"name\":\"Portada\",\"item\":\"https:\/\/colegio.sanjaimemoncada.es\/va\/\"},{\"@type\":\"ListItem\",\"position\":2,\"name\":\"Hist\u00f2ria i Escut\"}]},{\"@type\":\"WebSite\",\"@id\":\"https:\/\/colegio.sanjaimemoncada.es\/#website\",\"url\":\"https:\/\/colegio.sanjaimemoncada.es\/\",\"name\":\"C. Parroquial San Jaime Ap\u00f3stol\",\"description\":\"\",\"potentialAction\":[{\"@type\":\"SearchAction\",\"target\":{\"@type\":\"EntryPoint\",\"urlTemplate\":\"https:\/\/colegio.sanjaimemoncada.es\/?s={search_term_string}\"},\"query-input\":{\"@type\":\"PropertyValueSpecification\",\"valueRequired\":true,\"valueName\":\"search_term_string\"}}],\"inLanguage\":\"va\"}]}<\/script>\n<!-- \/ Yoast SEO plugin. -->","yoast_head_json":{"title":"Hist\u00f2ria i Escut - C. Parroquial San Jaime Ap\u00f3stol","robots":{"index":"index","follow":"follow","max-snippet":"max-snippet:-1","max-image-preview":"max-image-preview:large","max-video-preview":"max-video-preview:-1"},"canonical":"https:\/\/colegio.sanjaimemoncada.es\/historia-y-escudo\/","og_locale":"en_US","og_type":"article","og_title":"Hist\u00f2ria i Escut - C. Parroquial San Jaime Ap\u00f3stol","og_description":"Hist\u00f2ria El Centre privat Concertat Sant Jaume Ap\u00f2stol \u00e9s un centre Educatiu que naix de la Parr\u00f2quia, per la d\u00e8cada de 1960, al servicio de l&#8217;educaci\u00f3 en valors dels nostres xiquets i j\u00f3vens.\u00a0 El nostre Centre naix de l&#8217;esfor\u00e7 de la Comunitat i orienta el seu servicio a la Comunitat de qu\u00e8 naix.\u00a0 Som un [&hellip;]","og_url":"https:\/\/colegio.sanjaimemoncada.es\/historia-y-escudo\/","og_site_name":"C. Parroquial San Jaime Ap\u00f3stol","article_modified_time":"2019-01-29T16:56:27+00:00","og_image":[{"width":344,"height":420,"url":"https:\/\/colegio.sanjaimemoncada.es\/wp-content\/uploads\/2016\/04\/escudo.jpg","type":"image\/jpeg"}],"twitter_card":"summary_large_image","twitter_misc":{"Est. reading time":"3 minutes"},"schema":{"@context":"https:\/\/schema.org","@graph":[{"@type":"WebPage","@id":"https:\/\/colegio.sanjaimemoncada.es\/historia-y-escudo\/","url":"https:\/\/colegio.sanjaimemoncada.es\/historia-y-escudo\/","name":"Hist\u00f2ria i Escut - C. Parroquial San Jaime Ap\u00f3stol","isPartOf":{"@id":"https:\/\/colegio.sanjaimemoncada.es\/#website"},"primaryImageOfPage":{"@id":"https:\/\/colegio.sanjaimemoncada.es\/historia-y-escudo\/#primaryimage"},"image":{"@id":"https:\/\/colegio.sanjaimemoncada.es\/historia-y-escudo\/#primaryimage"},"thumbnailUrl":"https:\/\/colegio.sanjaimemoncada.es\/wp-content\/uploads\/2016\/04\/escudo-246x300.jpg","datePublished":"2016-04-20T14:56:03+00:00","dateModified":"2019-01-29T16:56:27+00:00","breadcrumb":{"@id":"https:\/\/colegio.sanjaimemoncada.es\/historia-y-escudo\/#breadcrumb"},"inLanguage":"va","potentialAction":[{"@type":"ReadAction","target":["https:\/\/colegio.sanjaimemoncada.es\/historia-y-escudo\/"]}]},{"@type":"ImageObject","inLanguage":"va","@id":"https:\/\/colegio.sanjaimemoncada.es\/historia-y-escudo\/#primaryimage","url":"https:\/\/colegio.sanjaimemoncada.es\/wp-content\/uploads\/2016\/04\/escudo-246x300.jpg","contentUrl":"https:\/\/colegio.sanjaimemoncada.es\/wp-content\/uploads\/2016\/04\/escudo-246x300.jpg"},{"@type":"BreadcrumbList","@id":"https:\/\/colegio.sanjaimemoncada.es\/historia-y-escudo\/#breadcrumb","itemListElement":[{"@type":"ListItem","position":1,"name":"Portada","item":"https:\/\/colegio.sanjaimemoncada.es\/va\/"},{"@type":"ListItem","position":2,"name":"Hist\u00f2ria i Escut"}]},{"@type":"WebSite","@id":"https:\/\/colegio.sanjaimemoncada.es\/#website","url":"https:\/\/colegio.sanjaimemoncada.es\/","name":"C. Parroquial San Jaime Ap\u00f3stol","description":"","potentialAction":[{"@type":"SearchAction","target":{"@type":"EntryPoint","urlTemplate":"https:\/\/colegio.sanjaimemoncada.es\/?s={search_term_string}"},"query-input":{"@type":"PropertyValueSpecification","valueRequired":true,"valueName":"search_term_string"}}],"inLanguage":"va"}]}},"_links":{"self":[{"href":"https:\/\/colegio.sanjaimemoncada.es\/va\/wp-json\/wp\/v2\/pages\/9590","targetHints":{"allow":["GET"]}}],"collection":[{"href":"https:\/\/colegio.sanjaimemoncada.es\/va\/wp-json\/wp\/v2\/pages"}],"about":[{"href":"https:\/\/colegio.sanjaimemoncada.es\/va\/wp-json\/wp\/v2\/types\/page"}],"author":[{"embeddable":true,"href":"https:\/\/colegio.sanjaimemoncada.es\/va\/wp-json\/wp\/v2\/users\/4"}],"replies":[{"embeddable":true,"href":"https:\/\/colegio.sanjaimemoncada.es\/va\/wp-json\/wp\/v2\/comments?post=9590"}],"version-history":[{"count":4,"href":"https:\/\/colegio.sanjaimemoncada.es\/va\/wp-json\/wp\/v2\/pages\/9590\/revisions"}],"predecessor-version":[{"id":11614,"href":"https:\/\/colegio.sanjaimemoncada.es\/va\/wp-json\/wp\/v2\/pages\/9590\/revisions\/11614"}],"wp:attachment":[{"href":"https:\/\/colegio.sanjaimemoncada.es\/va\/wp-json\/wp\/v2\/media?parent=9590"}],"curies":[{"name":"wp","href":"https:\/\/api.w.org\/{rel}","templated":true}]}}