{"id":9587,"date":"2016-04-20T18:39:01","date_gmt":"2016-04-20T16:39:01","guid":{"rendered":"https:\/\/colegio.sanjaimemoncada.es\/gabinete-psicopedagogico\/"},"modified":"2019-10-23T11:14:09","modified_gmt":"2019-10-23T09:14:09","slug":"gabinete-psicopedagogico","status":"publish","type":"page","link":"https:\/\/colegio.sanjaimemoncada.es\/va\/gabinete-psicopedagogico\/","title":{"rendered":"Gabinet psicopedag\u00f2gic"},"content":{"rendered":"<p><span style=\"font-weight: 400;\">El Gabinet Psicopedag\u00f2gic Escolar, com a servei del Col\u00b7legi, d\u00f3na suport i interv\u00e9 en el mateix proporcionant-li assessorament i orientaci\u00f3.<\/span><\/p>\n<h4><\/h4>\n<h4><strong>HORARI ATENCI\u00d3 A PARES: <\/strong><\/h4>\n<p><span style=\"font-weight: 400;\">Mat\u00ed\/vesprada (9-17h)<\/span><\/p>\n<p><span style=\"font-weight: 400;\">*Pr\u00e8via concertaci\u00f3 de cita a trav\u00e9s del mestre &#8211; tutor<\/span><\/p>\n<h4><\/h4>\n<h4>COMPOSICI\u00d3<\/h4>\n<p><span style=\"font-weight: 400;\">El gabinet psicopedag\u00f2gic escolar (G.P.E.) est\u00e0 format per un equip multiprofessional composat per un especialista en pedagogia terap\u00e8utica i un psic\u00f2leg\/a.<\/span><\/p>\n<ul>\n<li>Mestra de Pedagogia Terap\u00e8utica:\n<ul>\n<li>Mayte Bernab\u00e9 Tent<\/li>\n<\/ul>\n<\/li>\n<\/ul>\n<ul>\n<li>Mestres d&#8217;Audici\u00f3n y Llenguatge:\n<ul>\n<li>M\u00aa \u00c1ngeles Garc\u00eda Salvi (Ed. Infantil)<\/li>\n<li>Amparo Ll\u00f3pez Torrent (Ed. Prim\u00e0ria)<\/li>\n<li>Amparo Olaso Masquefa (Servei Psicopedag\u00f2gic Escolar de zona)<\/li>\n<\/ul>\n<\/li>\n<\/ul>\n<h4>\u00c0MBIT DE INTERVENCI\u00d3<\/h4>\n<p><span style=\"font-weight: 400;\">L&#8217;\u00e0mbit d&#8217;intervenci\u00f3 del G.P.E. compr\u00e9n:<\/span><\/p>\n<ul>\n<li>2n Cicle d&#8217;Educaci\u00f3 Infantil (3, 4, i 5 anys)<\/li>\n<li>Educaci\u00f3 Prim\u00e0ria (de 1r a 6\u00e9)<\/li>\n<\/ul>\n<h4>OBJECTIUS I FUNCIONS<\/h4>\n<table style=\"height: 303px;\" width=\"737\">\n<tbody>\n<tr style=\"height: 24px;\">\n<td style=\"width: 360px; height: 24px;\"><strong>Objetivos<\/strong><\/td>\n<td style=\"width: 361px; height: 24px;\"><strong>Funciones<\/strong><\/td>\n<\/tr>\n<tr style=\"height: 80px;\">\n<td style=\"width: 360px; height: 80px; text-align: left;\"><span style=\"font-weight: 400;\">Realitzar el Pla i d&#8217;activitats del gabinet psicopedag\u00f2gic escolar. <\/span><\/td>\n<td style=\"width: 361px; height: 80px; text-align: left;\"><span style=\"font-weight: 400;\">Elaboraci\u00f3 del Pla d&#8217;activitats i calendari d&#8217;elaboraci\u00f3 d&#8217;aquestes.<\/span><\/td>\n<\/tr>\n<tr style=\"height: 217.125px;\">\n<td style=\"width: 360px; height: 217.125px; text-align: left;\"><span style=\"font-weight: 400;\">Detectar i valorar socio-psicopedag\u00f2gicament als alumnes susceptibles de ser considerats com \u00a0alumnes amb necessitats espec\u00edfiques de suport educatiu (neae) i si escau proposar la determinaci\u00f3 de la seua modalitat d&#8217;escolaritzaci\u00f3 m\u00e9s \u00f2ptima en els alumnes amb necessitats educatives especials (nee). <\/span><\/td>\n<td style=\"width: 361px; height: 217.125px; text-align: left;\"><span style=\"font-weight: 400;\">Valoraci\u00f3 \u00a0sociopsicopedag\u00f2gica i logop\u00e8dica.<\/span><\/td>\n<\/tr>\n<tr style=\"height: 72px;\">\n<td style=\"width: 360px; height: 72px; text-align: left;\"><span style=\"font-weight: 400;\">Valorar i sol\u00b7licitar recursos t\u00e8cnics i productes de suport pels alumnes amb necessitats educatives especials. <\/span><span style=\"font-weight: 400;\">\u00a0\u00a0\u00a0 <\/span><\/td>\n<td style=\"width: 361px; height: 72px; text-align: left;\"><span style=\"font-weight: 400;\">Orientar per a la provisi\u00f3 de productes de suport individuals per a l&#8217;alumnat amb nee.<\/span><\/td>\n<\/tr>\n<tr style=\"height: 128px;\">\n<td style=\"width: 360px; height: 128px; text-align: left;\"><span style=\"font-weight: 400;\">Valorar i derivar a determinats alumnes a altres serveis, institucions, etc. per a la realitzaci\u00f3 de les avaluacions que es consideren oportunes en funci\u00f3 de la seua problem\u00e0tica<\/span><\/td>\n<td style=\"width: 361px; height: 128px; text-align: left;\"><span style=\"font-weight: 400;\">Elaboraci\u00f3 d&#8217;informes psicopedag\u00f2gics de derivaci\u00f3 a altres serveis, institucions, etc.<\/span><\/td>\n<\/tr>\n<tr style=\"height: 80px;\">\n<td style=\"width: 360px; height: 80px; text-align: left;\"><span style=\"font-weight: 400;\">Orientar als tutors, professors i professors de suport en la selecci\u00f3, elaboraci\u00f3 i seguiment de les mesures educatives que s&#8217;adopten <\/span><\/td>\n<td style=\"width: 361px; height: 80px; text-align: left;\"><span style=\"font-weight: 400;\">Assessorar i col\u00b7laborar en l&#8217;elaboraci\u00f3\/seguiment de les mesures educatives.<\/span><\/td>\n<\/tr>\n<tr style=\"height: 147px;\">\n<td style=\"width: 360px; height: 147px; text-align: left;\"><span style=\"font-weight: 400;\">Orientar psicopedag\u00f2gicament en els processos d&#8217;aprenentatge \u00a0i adaptaci\u00f3 en les diferents etapes educatives<\/span><\/td>\n<td style=\"width: 361px; height: 147px; text-align: left;\"><span style=\"font-weight: 400;\">Orientaci\u00f3 psicopedag\u00f2gica en les diferents etapes educatives:- Final d&#8217;Educaci\u00f3 Infantil.- 2n Ed. de Prim\u00e0ria.- 6\u00e9 Ed. de Prim\u00e0ria.<\/span><\/td>\n<\/tr>\n<tr style=\"height: 142px;\">\n<td style=\"width: 360px; height: 142px; text-align: left;\"><span style=\"font-weight: 400;\">Detectar en els primers moments de l&#8217;escolaritzaci\u00f3 \u00a0les condicions personals i socials que faciliten o dificulten el proc\u00e9s de E\/A de l&#8217;alumne\/a i la seua adaptaci\u00f3 al mitj\u00e0 escolar. <\/span><\/td>\n<td style=\"width: 361px; height: 142px; text-align: left;\"><span style=\"font-weight: 400;\">Detecci\u00f3 preco\u00e7. Avaluaci\u00f3 inicial dels alumnes\/as de nova incorporaci\u00f3 a l&#8217;etapa d&#8217;Ed. Prim\u00e0ria. Orientacions sobre aspectes que t\u00e9 a veure amb l&#8217;adaptaci\u00f3 al centre escolar<\/span><\/td>\n<\/tr>\n<tr style=\"height: 128px;\">\n<td style=\"width: 360px; height: 128px; text-align: left;\"><span style=\"font-weight: 400;\">Assessorar i orientar a les fam\u00edlies en aquells aspectes relacionats amb l&#8217;educaci\u00f3 dels seus fills (pautes educatives, estrat\u00e8gies i procediments conductuals, h\u00e0bits, etc.). <\/span><\/td>\n<td style=\"width: 361px; height: 128px; text-align: left;\"><span style=\"font-weight: 400;\">Assessorament a les fam\u00edlies.<\/span><\/td>\n<\/tr>\n<tr style=\"height: 248px;\">\n<td style=\"width: 360px; height: 248px; text-align: left;\"><span style=\"font-weight: 400;\">Assessorar i\/o donar suport t\u00e8cnicament al professorat, a l&#8217;equip directiu i a la instituci\u00f3 en aspectes psicopedag\u00f2gics relacionats amb el curr\u00edculum escolar: Projectes curriculars, tractament a la diversitat, ACI, avaluaci\u00f3, metodologia, materials did\u00e0ctics, etc, aix\u00ed com en aspectes relacionats amb les conductes i els conflictes escolars relacionats amb l&#8217;alumnat (modificaci\u00f3 de conducta, assetjament, etc.) <\/span><\/td>\n<td style=\"width: 361px; height: 248px; text-align: left;\"><span style=\"font-weight: 400;\">Assessorament al professorat, a l&#8217;equip directiu i a la instituci\u00f3.<\/span><\/td>\n<\/tr>\n<tr style=\"height: 80px;\">\n<td style=\"width: 360px; height: 80px; text-align: left;\"><span style=\"font-weight: 400;\">Proposar i orientar sobre programes i plans educatius per al centre. <\/span><\/td>\n<td style=\"width: 361px; height: 80px; text-align: left;\"><span style=\"font-weight: 400;\">Assessorament a l&#8217;equip directiu, al professorat i al centre.<\/span><\/td>\n<\/tr>\n<tr style=\"height: 80px;\">\n<td style=\"width: 360px; height: 80px; text-align: left;\"><span style=\"font-weight: 400;\">Assessorar sobre programes espec\u00edfics i estrat\u00e8gies i t\u00e8cniques d&#8217;estudi. <\/span><\/td>\n<td style=\"width: 361px; height: 80px; text-align: left;\"><span style=\"font-weight: 400;\">Assessorament al professorat, als pares i\/o als alumnes del centre.<\/span><\/td>\n<\/tr>\n<tr style=\"height: 104px;\">\n<td style=\"width: 360px; height: 104px; text-align: left;\"><span style=\"font-weight: 400;\">Orientar a l&#8217;alumnat, en tots aquells temes que li concerneixen. <\/span><\/td>\n<td style=\"width: 361px; height: 104px; text-align: left;\"><span style=\"font-weight: 400;\">Orientaci\u00f3 a l&#8217;alumnat en temes relacionats amb l&#8217;orientaci\u00f3 escolar i personal, pautes educatives, pautes d&#8217;autocontrol, assetjament escolar, \u2026<\/span><\/td>\n<\/tr>\n<tr style=\"height: 241px;\">\n<td style=\"width: 360px; height: 241px; text-align: left;\"><span style=\"font-weight: 400;\">Orientar al centre, equip directiu i al professorat en l&#8217;establiment de mesures facilitadores de la integraci\u00f3 escolar i social de l&#8217;alumnat quant a l&#8217;elaboraci\u00f3, seguiment i avaluaci\u00f3 del Pla d&#8217;Educaci\u00f3 Compensat\u00f2ria:- organitzaci\u00f3 del centre i aules- pla d&#8217;acolliment de l&#8217;alumnat immigrant- metodologia- materials did\u00e0ctics- suports necessari- estrat\u00e8gies comunicatives <\/span><\/td>\n<td style=\"width: 361px; height: 241px; text-align: left;\"><span style=\"font-weight: 400;\">Orientaci\u00f3 i assessorament en tots aquells aspectes que tenen a veure amb l&#8217;acolliment i integraci\u00f3 de l&#8217;alumne immigrant.<\/span><\/td>\n<\/tr>\n<tr style=\"height: 24px;\">\n<td style=\"width: 360px; height: 24px; text-align: left;\"><span style=\"font-weight: 400;\">Coordinar-se amb el Departament d&#8217;Orientaci\u00f3 de l&#8217;etapa de \u00a0Secund\u00e0ria del centre, amb la finalitat d&#8217;informar i orientar sobre els alumnes amb necessitats espec\u00edfiques de suport educatiu que s&#8217;incorporen a l&#8217;ESO. <\/span><\/td>\n<td style=\"width: 361px; height: 24px; text-align: left;\"><span style=\"font-weight: 400;\">Coordinaci\u00f3 amb el Departament d&#8217;Orientaci\u00f3 de l&#8217;etapa de Secund\u00e0ria.<\/span><\/td>\n<\/tr>\n<tr style=\"height: 24px;\">\n<td style=\"width: 360px; height: 24px; text-align: left;\"><span style=\"font-weight: 400;\">Coordinacions puntuals i\/o peri\u00f2diques amb els suports externs des del centre i per al centre. <\/span><span style=\"font-weight: 400;\">\u00a0\u00a0\u00a0 <\/span><\/td>\n<td style=\"width: 361px; height: 24px; text-align: left;\"><span style=\"font-weight: 400;\">Coordinaci\u00f3 i col\u00b7laboraci\u00f3 amb serveis externs al centre: Ajuntament, SPEs, CEFIRE, Serveis m\u00e8dics,\u2026<\/span><\/td>\n<\/tr>\n<tr style=\"height: 24px;\">\n<td style=\"width: 360px; height: 24px; text-align: left;\"><span style=\"font-weight: 400;\">Realitzar activitats encaminades a la formaci\u00f3 cont\u00ednua dels membres del G.P.E <\/span><\/td>\n<td style=\"width: 361px; height: 24px; text-align: left;\"><span style=\"font-weight: 400;\">Participaci\u00f3 en jornades, xarrades, confer\u00e8ncies, cursos, grups de treball, etc.<\/span><\/td>\n<\/tr>\n<\/tbody>\n<\/table>\n","protected":false},"excerpt":{"rendered":"<p>El Gabinet Psicopedag\u00f2gic Escolar, com a servei del Col\u00b7legi, d\u00f3na suport i interv\u00e9 en el mateix proporcionant-li assessorament i orientaci\u00f3. HORARI ATENCI\u00d3 A PARES: Mat\u00ed\/vesprada (9-17h) *Pr\u00e8via concertaci\u00f3 de cita a trav\u00e9s del mestre &#8211; tutor COMPOSICI\u00d3 El gabinet psicopedag\u00f2gic escolar (G.P.E.) est\u00e0 format per un equip multiprofessional composat per un especialista en pedagogia terap\u00e8utica [&hellip;]<\/p>\n","protected":false},"author":4,"featured_media":0,"parent":0,"menu_order":0,"comment_status":"closed","ping_status":"closed","template":"","meta":{"_monsterinsights_skip_tracking":false,"_monsterinsights_sitenote_active":false,"_monsterinsights_sitenote_note":"","_monsterinsights_sitenote_category":0,"footnotes":""},"class_list":["post-9587","page","type-page","status-publish","hentry"],"yoast_head":"<!-- This site is optimized with the Yoast SEO plugin v26.2 - https:\/\/yoast.com\/wordpress\/plugins\/seo\/ -->\n<title>Gabinet psicopedag\u00f2gic - C. Parroquial San Jaime Ap\u00f3stol<\/title>\n<meta name=\"robots\" content=\"index, follow, max-snippet:-1, max-image-preview:large, max-video-preview:-1\" \/>\n<link rel=\"canonical\" href=\"https:\/\/colegio.sanjaimemoncada.es\/gabinete-psicopedagogico\/\" \/>\n<meta property=\"og:locale\" content=\"en_US\" \/>\n<meta property=\"og:type\" content=\"article\" \/>\n<meta property=\"og:title\" content=\"Gabinet psicopedag\u00f2gic - C. Parroquial San Jaime Ap\u00f3stol\" \/>\n<meta property=\"og:description\" content=\"El Gabinet Psicopedag\u00f2gic Escolar, com a servei del Col\u00b7legi, d\u00f3na suport i interv\u00e9 en el mateix proporcionant-li assessorament i orientaci\u00f3. HORARI ATENCI\u00d3 A PARES: Mat\u00ed\/vesprada (9-17h) *Pr\u00e8via concertaci\u00f3 de cita a trav\u00e9s del mestre &#8211; tutor COMPOSICI\u00d3 El gabinet psicopedag\u00f2gic escolar (G.P.E.) est\u00e0 format per un equip multiprofessional composat per un especialista en pedagogia terap\u00e8utica [&hellip;]\" \/>\n<meta property=\"og:url\" content=\"https:\/\/colegio.sanjaimemoncada.es\/gabinete-psicopedagogico\/\" \/>\n<meta property=\"og:site_name\" content=\"C. Parroquial San Jaime Ap\u00f3stol\" \/>\n<meta property=\"article:modified_time\" content=\"2019-10-23T09:14:09+00:00\" \/>\n<meta name=\"twitter:card\" content=\"summary_large_image\" \/>\n<meta name=\"twitter:label1\" content=\"Est. reading time\" \/>\n\t<meta name=\"twitter:data1\" content=\"4 minutes\" \/>\n<script type=\"application\/ld+json\" class=\"yoast-schema-graph\">{\"@context\":\"https:\/\/schema.org\",\"@graph\":[{\"@type\":\"WebPage\",\"@id\":\"https:\/\/colegio.sanjaimemoncada.es\/gabinete-psicopedagogico\/\",\"url\":\"https:\/\/colegio.sanjaimemoncada.es\/gabinete-psicopedagogico\/\",\"name\":\"Gabinet psicopedag\u00f2gic - C. Parroquial San Jaime Ap\u00f3stol\",\"isPartOf\":{\"@id\":\"https:\/\/colegio.sanjaimemoncada.es\/#website\"},\"datePublished\":\"2016-04-20T16:39:01+00:00\",\"dateModified\":\"2019-10-23T09:14:09+00:00\",\"breadcrumb\":{\"@id\":\"https:\/\/colegio.sanjaimemoncada.es\/gabinete-psicopedagogico\/#breadcrumb\"},\"inLanguage\":\"va\",\"potentialAction\":[{\"@type\":\"ReadAction\",\"target\":[\"https:\/\/colegio.sanjaimemoncada.es\/gabinete-psicopedagogico\/\"]}]},{\"@type\":\"BreadcrumbList\",\"@id\":\"https:\/\/colegio.sanjaimemoncada.es\/gabinete-psicopedagogico\/#breadcrumb\",\"itemListElement\":[{\"@type\":\"ListItem\",\"position\":1,\"name\":\"Portada\",\"item\":\"https:\/\/colegio.sanjaimemoncada.es\/va\/\"},{\"@type\":\"ListItem\",\"position\":2,\"name\":\"Gabinet psicopedag\u00f2gic\"}]},{\"@type\":\"WebSite\",\"@id\":\"https:\/\/colegio.sanjaimemoncada.es\/#website\",\"url\":\"https:\/\/colegio.sanjaimemoncada.es\/\",\"name\":\"C. Parroquial San Jaime Ap\u00f3stol\",\"description\":\"\",\"potentialAction\":[{\"@type\":\"SearchAction\",\"target\":{\"@type\":\"EntryPoint\",\"urlTemplate\":\"https:\/\/colegio.sanjaimemoncada.es\/?s={search_term_string}\"},\"query-input\":{\"@type\":\"PropertyValueSpecification\",\"valueRequired\":true,\"valueName\":\"search_term_string\"}}],\"inLanguage\":\"va\"}]}<\/script>\n<!-- \/ Yoast SEO plugin. -->","yoast_head_json":{"title":"Gabinet psicopedag\u00f2gic - C. Parroquial San Jaime Ap\u00f3stol","robots":{"index":"index","follow":"follow","max-snippet":"max-snippet:-1","max-image-preview":"max-image-preview:large","max-video-preview":"max-video-preview:-1"},"canonical":"https:\/\/colegio.sanjaimemoncada.es\/gabinete-psicopedagogico\/","og_locale":"en_US","og_type":"article","og_title":"Gabinet psicopedag\u00f2gic - C. Parroquial San Jaime Ap\u00f3stol","og_description":"El Gabinet Psicopedag\u00f2gic Escolar, com a servei del Col\u00b7legi, d\u00f3na suport i interv\u00e9 en el mateix proporcionant-li assessorament i orientaci\u00f3. HORARI ATENCI\u00d3 A PARES: Mat\u00ed\/vesprada (9-17h) *Pr\u00e8via concertaci\u00f3 de cita a trav\u00e9s del mestre &#8211; tutor COMPOSICI\u00d3 El gabinet psicopedag\u00f2gic escolar (G.P.E.) est\u00e0 format per un equip multiprofessional composat per un especialista en pedagogia terap\u00e8utica [&hellip;]","og_url":"https:\/\/colegio.sanjaimemoncada.es\/gabinete-psicopedagogico\/","og_site_name":"C. Parroquial San Jaime Ap\u00f3stol","article_modified_time":"2019-10-23T09:14:09+00:00","twitter_card":"summary_large_image","twitter_misc":{"Est. reading time":"4 minutes"},"schema":{"@context":"https:\/\/schema.org","@graph":[{"@type":"WebPage","@id":"https:\/\/colegio.sanjaimemoncada.es\/gabinete-psicopedagogico\/","url":"https:\/\/colegio.sanjaimemoncada.es\/gabinete-psicopedagogico\/","name":"Gabinet psicopedag\u00f2gic - C. Parroquial San Jaime Ap\u00f3stol","isPartOf":{"@id":"https:\/\/colegio.sanjaimemoncada.es\/#website"},"datePublished":"2016-04-20T16:39:01+00:00","dateModified":"2019-10-23T09:14:09+00:00","breadcrumb":{"@id":"https:\/\/colegio.sanjaimemoncada.es\/gabinete-psicopedagogico\/#breadcrumb"},"inLanguage":"va","potentialAction":[{"@type":"ReadAction","target":["https:\/\/colegio.sanjaimemoncada.es\/gabinete-psicopedagogico\/"]}]},{"@type":"BreadcrumbList","@id":"https:\/\/colegio.sanjaimemoncada.es\/gabinete-psicopedagogico\/#breadcrumb","itemListElement":[{"@type":"ListItem","position":1,"name":"Portada","item":"https:\/\/colegio.sanjaimemoncada.es\/va\/"},{"@type":"ListItem","position":2,"name":"Gabinet psicopedag\u00f2gic"}]},{"@type":"WebSite","@id":"https:\/\/colegio.sanjaimemoncada.es\/#website","url":"https:\/\/colegio.sanjaimemoncada.es\/","name":"C. Parroquial San Jaime Ap\u00f3stol","description":"","potentialAction":[{"@type":"SearchAction","target":{"@type":"EntryPoint","urlTemplate":"https:\/\/colegio.sanjaimemoncada.es\/?s={search_term_string}"},"query-input":{"@type":"PropertyValueSpecification","valueRequired":true,"valueName":"search_term_string"}}],"inLanguage":"va"}]}},"_links":{"self":[{"href":"https:\/\/colegio.sanjaimemoncada.es\/va\/wp-json\/wp\/v2\/pages\/9587","targetHints":{"allow":["GET"]}}],"collection":[{"href":"https:\/\/colegio.sanjaimemoncada.es\/va\/wp-json\/wp\/v2\/pages"}],"about":[{"href":"https:\/\/colegio.sanjaimemoncada.es\/va\/wp-json\/wp\/v2\/types\/page"}],"author":[{"embeddable":true,"href":"https:\/\/colegio.sanjaimemoncada.es\/va\/wp-json\/wp\/v2\/users\/4"}],"replies":[{"embeddable":true,"href":"https:\/\/colegio.sanjaimemoncada.es\/va\/wp-json\/wp\/v2\/comments?post=9587"}],"version-history":[{"count":6,"href":"https:\/\/colegio.sanjaimemoncada.es\/va\/wp-json\/wp\/v2\/pages\/9587\/revisions"}],"predecessor-version":[{"id":17087,"href":"https:\/\/colegio.sanjaimemoncada.es\/va\/wp-json\/wp\/v2\/pages\/9587\/revisions\/17087"}],"wp:attachment":[{"href":"https:\/\/colegio.sanjaimemoncada.es\/va\/wp-json\/wp\/v2\/media?parent=9587"}],"curies":[{"name":"wp","href":"https:\/\/api.w.org\/{rel}","templated":true}]}}