{"id":9568,"date":"2016-04-26T11:49:11","date_gmt":"2016-04-26T09:49:11","guid":{"rendered":"https:\/\/colegio.sanjaimemoncada.es\/eso-bachillerato\/organigrama\/"},"modified":"2019-09-30T10:33:36","modified_gmt":"2019-09-30T08:33:36","slug":"organigrama","status":"publish","type":"page","link":"https:\/\/colegio.sanjaimemoncada.es\/va\/eso-bachillerato\/organigrama\/","title":{"rendered":"Organigrama Pedag\u00f2gic"},"content":{"rendered":"<p style=\"text-align: center;\"><strong>EQUIPO DIRECTIVO<\/strong><\/p>\n<p>&nbsp;<\/p>\n<p style=\"text-align: left;\"><strong>Director Pedag\u00f3gico de Etapa: <\/strong>Francisco Mart\u00ednez Beltr\u00e1n<\/p>\n<p style=\"text-align: left;\"><strong>Jefe de Estudios de Etapa<\/strong>: Desamparados Ripoll\u00e9s Per\u00eds<\/p>\n<p><strong>Secretario de Etapa<\/strong>: Jos\u00e9 Antonio Llibrer Escrig<\/p>\n<p>&nbsp;<\/p>\n<p>&nbsp;<\/p>\n<p style=\"text-align: center;\"><strong>COMISI\u00d3N PEDAG\u00d3GICA<\/strong><\/p>\n<p>&nbsp;<\/p>\n<ul>\n<li><strong>\u00a0<\/strong>COORDINADOR DEL \u00c1REA DE CIENCIAS : <b>Jes\u00fas Valma\u00f1a Ricart<\/b><\/li>\n<\/ul>\n<p>Departamentos de Matem\u00e1ticas, de F\u00edsica y Qu\u00edmica y de Ciencias\u00a0 Naturales<\/p>\n<p>&nbsp;<\/p>\n<ul>\n<li>COORDINADOR DEL \u00c1REA DE LETRAS: <strong>Mili Granell Palanca<\/strong><\/li>\n<\/ul>\n<p>Departamentos de Castellano (Lengua y Literatura), de Valenciano (Lengua y Literatura), de Ingl\u00e9s, de Franc\u00e9s, de Lat\u00edn y de Griego<\/p>\n<p>&nbsp;<\/p>\n<ul>\n<li>COORDINADORA DEL \u00c1REA DE SOCIALES: <strong>Jose Antonio Llibrer Escrig<\/strong><\/li>\n<\/ul>\n<p>Departamentos de Geograf\u00eda e Historia, de Filosof\u00eda, de Econom\u00eda y de Religi\u00f3n<\/p>\n<p>&nbsp;<\/p>\n<ul>\n<li>COORDINADOR DEL \u00c1REA DEPORTIVA Y ART\u00cdSTICA: <strong>Asunci\u00f3n Bayona Pascual<\/strong><\/li>\n<\/ul>\n<p>Departamentos de Educaci\u00f3n F\u00edsica, de Artes Pl\u00e1sticas, de Tecnolog\u00eda y de M\u00fasica<\/p>\n<p><strong>\u00a0<\/strong><\/p>\n<ul>\n<li>COORDINADOR DEL \u00c1REA DE ORIENTACI\u00d3: <strong>Inmaculada Atienza Pe\u00f1arrocha<\/strong><\/li>\n<\/ul>\n<p>&nbsp;<\/p>\n<p><strong>\u00a0<\/strong><\/p>\n<p><strong>\u00a0<\/strong><\/p>\n<p><strong>\u00a0<\/strong><\/p>\n<table class=\" aligncenter\" style=\"width: 552px;\">\n<tbody>\n<tr>\n<td style=\"width: 536px;\" colspan=\"2\"><strong>JEFES DE DEPARTAMENTO<\/strong><\/td>\n<\/tr>\n<tr>\n<td style=\"width: 254.5px;\">DEPARTAMENTO DE ORIENTACI\u00d3N<\/td>\n<td style=\"width: 281.5px;\"><strong>Inmaculada Atienza Pe\u00f1arrocha<\/strong><\/td>\n<\/tr>\n<tr>\n<td style=\"width: 254.5px;\">DEPARTAMENTO DE EDUCACI\u00d3N F\u00cdSICA<\/td>\n<td style=\"width: 281.5px;\"><strong>Francisco Mart\u00ednez Beltr\u00e1n<\/strong><\/td>\n<\/tr>\n<tr>\n<td style=\"width: 254.5px;\">DEPARTAMENTO DE VALENCIANO<\/td>\n<td style=\"width: 281.5px;\"><strong>M\u00aa Jos\u00e9 Juste Garc\u00eda<\/strong><\/td>\n<\/tr>\n<tr>\n<td style=\"width: 254.5px;\">DEPARTAMENTO DE LAT\u00cdN<\/td>\n<td style=\"width: 281.5px;\"><strong>Ana Romero Serra<\/strong><\/td>\n<\/tr>\n<tr>\n<td style=\"width: 254.5px;\">DEPARTAMENTO DE GRIEGO<\/td>\n<td style=\"width: 281.5px;\"><strong>Ana Romero Serra<\/strong><\/td>\n<\/tr>\n<tr>\n<td style=\"width: 254.5px;\">DEPARTAMENTO DE INGL\u00c9S<\/td>\n<td style=\"width: 281.5px;\"><strong>Mili Granell Palanca<\/strong><\/td>\n<\/tr>\n<tr>\n<td style=\"width: 254.5px;\">DEPARTAMENTO DE MATEM\u00c1TICAS<\/td>\n<td style=\"width: 281.5px;\"><strong>Vicente Chover Giner<\/strong><\/td>\n<\/tr>\n<tr>\n<td style=\"width: 254.5px;\">DEPARTAMENTO DE GEOGRAF\u00cdA E HISTORIA<\/td>\n<td style=\"width: 281.5px;\"><strong>Jose Antonio Llibrer Escrig<\/strong><\/td>\n<\/tr>\n<tr>\n<td style=\"width: 254.5px;\">DEPARTAMENTO DE TECNOLOG\u00cdA<\/td>\n<td style=\"width: 281.5px;\"><strong>Vicent Palau Mota<\/strong><\/td>\n<\/tr>\n<tr>\n<td style=\"width: 254.5px;\">DEPARTAMENTO DE FILOSOF\u00cdA<\/td>\n<td style=\"width: 281.5px;\"><strong>Amparo Ripoll\u00e9s Peris<\/strong><\/td>\n<\/tr>\n<tr>\n<td style=\"width: 254.5px;\">DEPARTAMENTO DE PL\u00c1STICA<\/td>\n<td style=\"width: 281.5px;\"><strong>Asunci\u00f3n Bayona Pascual<\/strong><\/td>\n<\/tr>\n<tr>\n<td style=\"width: 254.5px;\">DEPARTAMENTO DE FRANC\u00c9S<\/td>\n<td style=\"width: 281.5px;\"><strong>Xelo Valls Valero<\/strong><\/td>\n<\/tr>\n<tr>\n<td style=\"width: 254.5px;\">DEPARTAMENTO DE F\u00cdSICA Y QU\u00cdMICA<\/td>\n<td style=\"width: 281.5px;\"><strong>Paqui Olba Torrent<\/strong><\/td>\n<\/tr>\n<tr>\n<td style=\"width: 254.5px;\">DEPARTAMENTO DE M\u00daSICA<\/td>\n<td style=\"width: 281.5px;\"><strong>Federico Cuevas Mart\u00ednez<\/strong><\/td>\n<\/tr>\n<tr>\n<td style=\"width: 254.5px;\">DEPARTAMENTO DE CIENCIAS NATURALES<\/td>\n<td style=\"width: 281.5px;\"><strong>M\u00aa Jos\u00e9 Bernab\u00e9 Roig<\/strong><\/td>\n<\/tr>\n<tr>\n<td style=\"width: 254.5px;\">DEPARTAMENTO DE RELIGI\u00d3N<\/td>\n<td style=\"width: 281.5px;\"><strong>Carmen Ferrando Galiana<\/strong><\/td>\n<\/tr>\n<tr>\n<td style=\"width: 254.5px;\">DEPARTAMENTO DE CASTELLANO<\/td>\n<td style=\"width: 281.5px;\"><strong>Pilar Cortell Boix<\/strong><\/td>\n<\/tr>\n<tr>\n<td style=\"width: 254.5px;\">DEPARTAMENTO DE INFORM\u00c1TICA<\/td>\n<td style=\"width: 281.5px;\"><strong>Jes\u00fas Valma\u00f1a Ricart<\/strong><\/td>\n<\/tr>\n<\/tbody>\n<\/table>\n<p style=\"text-align: center;\"><strong>\u00a0<\/strong><\/p>\n<p style=\"text-align: center;\"><strong>\u00a0<\/strong><\/p>\n<p style=\"text-align: center;\"><strong>\u00a0<\/strong><strong>TUTORIAS<\/strong><\/p>\n<p style=\"text-align: center;\"><strong>\u00a0<\/strong><\/p>\n<table class=\" aligncenter\" style=\"height: 873px;\" width=\"575\">\n<tbody>\n<tr style=\"height: 24px;\">\n<td style=\"width: 109px; height: 24px;\"><strong>GRUPOS<\/strong><\/td>\n<td style=\"width: 215px; height: 24px;\"><strong>TUTORES<\/strong><\/td>\n<td style=\"width: 231px; height: 24px;\"><strong>HORARIO DE ATENCI\u00d3N<\/strong><\/td>\n<\/tr>\n<tr style=\"height: 24px;\">\n<td style=\"width: 109px; height: 24px;\">1\u00ba ESO-A<\/td>\n<td style=\"width: 215px; height: 24px;\">Vicent Palau Mota<\/td>\n<td style=\"width: 231px; height: 24px;\">Martes de 15:55 a 16:50 h.<\/td>\n<\/tr>\n<tr style=\"height: 24px;\">\n<td style=\"width: 109px; height: 24px;\">1\u00ba ESO-B<\/td>\n<td style=\"width: 215px; height: 24px;\">M\u00aa Jos\u00e9 Juste Garc\u00eda<\/td>\n<td style=\"width: 231px; height: 24px;\">Martes de 15:55 a 16:50 h.<\/td>\n<\/tr>\n<tr style=\"height: 24px;\">\n<td style=\"width: 109px; height: 24px;\">1\u00ba ESO-C<\/td>\n<td style=\"width: 215px; height: 24px;\">Ragusa Ferrando Galiana<\/td>\n<td style=\"width: 231px; height: 24px;\">Martes de 15:55 a 16:50 h.<\/td>\n<\/tr>\n<tr style=\"height: 24px;\">\n<td style=\"width: 109px; height: 24px;\">1\u00ba ESO-D<\/td>\n<td style=\"width: 215px; height: 24px;\">M\u00aa Jos\u00e9 Bernab\u00e9 Roig<\/td>\n<td style=\"width: 231px; height: 24px;\">Martes de 15:55 a 16:50 h.<\/td>\n<\/tr>\n<tr style=\"height: 24px;\">\n<td style=\"width: 109px; height: 24px;\">1\u00ba ESO-E<\/td>\n<td style=\"width: 215px; height: 24px;\">Ines Gargallo Tatay<\/td>\n<td style=\"width: 231px; height: 24px;\">Martes de 15:55 a 16:50 h.<\/td>\n<\/tr>\n<tr style=\"height: 24px;\">\n<td style=\"width: 109px; height: 24px;\">1\u00ba ESO-F<\/td>\n<td style=\"width: 215px; height: 24px;\">Eva Gasc\u00f3 Ferrer<\/td>\n<td style=\"width: 231px; height: 24px;\">Martes de 15:55 a 16:50 h.<\/td>\n<\/tr>\n<tr style=\"height: 24px;\">\n<td style=\"width: 109px; height: 24px;\">2\u00ba ESO-A<\/td>\n<td style=\"width: 215px; height: 24px;\">Vicent Marqu\u00e9s<\/td>\n<td style=\"width: 231px; height: 24px;\">Martes de 15:55 a 16:50 h.<\/td>\n<\/tr>\n<tr style=\"height: 24px;\">\n<td style=\"width: 109px; height: 24px;\">2\u00ba ESO-B<\/td>\n<td style=\"width: 215px; height: 24px;\">Ernest Alonso Rius<\/td>\n<td style=\"width: 231px; height: 24px;\">Martes de 15:55 a 16:50 h.<\/td>\n<\/tr>\n<tr style=\"height: 24px;\">\n<td style=\"width: 109px; height: 24px;\">2\u00ba ESO-C<\/td>\n<td style=\"width: 215px; height: 24px;\">Paqui Olba Torrent<\/td>\n<td style=\"width: 231px; height: 24px;\">Martes de 15:55 a 16:50 h.<\/td>\n<\/tr>\n<tr style=\"height: 24px;\">\n<td style=\"width: 109px; height: 24px;\">2\u00ba ESO-D<\/td>\n<td style=\"width: 215px; height: 24px;\">Empar Gasc\u00f3 Bailach<\/td>\n<td style=\"width: 231px; height: 24px;\">Martes de 15:55 a 16:50 h.<\/td>\n<\/tr>\n<tr style=\"height: 24px;\">\n<td style=\"width: 109px; height: 24px;\">2\u00ba ESO-E<\/td>\n<td style=\"width: 215px; height: 24px;\">Jos\u00e9 Luis Matamoros Cuenca<\/td>\n<td style=\"width: 231px; height: 24px;\">Martes de 15:55 a 16:50 h.<\/td>\n<\/tr>\n<tr style=\"height: 24px;\">\n<td style=\"width: 109px; height: 24px;\">2\u00ba ESO-F<\/td>\n<td style=\"width: 215px; height: 24px;\">Jes\u00fas Valma\u00f1a Ricart<\/td>\n<td style=\"width: 231px; height: 24px;\">Martes de 15:55 a 16:50 h.<\/td>\n<\/tr>\n<tr style=\"height: 24px;\">\n<td style=\"width: 109px; height: 24px;\">3\u00ba ESO-A<\/td>\n<td style=\"width: 215px; height: 24px;\">Berna Granell Gil<\/td>\n<td style=\"width: 231px; height: 24px;\">Viernes de 13,20 a 14,15 h.<\/td>\n<\/tr>\n<tr style=\"height: 24px;\">\n<td style=\"width: 109px; height: 24px;\">3\u00ba ESO-B<\/td>\n<td style=\"width: 215px; height: 24px;\">Mar\u00eda Al\u00f3s Lliso<\/td>\n<td style=\"width: 231px; height: 24px;\">Viernes de 13,20 a 14,15 h<\/td>\n<\/tr>\n<tr style=\"height: 24px;\">\n<td style=\"width: 109px; height: 24px;\">3\u00ba ESO-C<\/td>\n<td style=\"width: 215px; height: 24px;\">Jose Vte Beltr\u00e1n Navarro<\/td>\n<td style=\"width: 231px; height: 24px;\">Viernes de 13,20 a 14,15 h<\/td>\n<\/tr>\n<tr style=\"height: 24px;\">\n<td style=\"width: 109px; height: 24px;\">3\u00ba ESO-D<\/td>\n<td style=\"width: 215px; height: 24px;\">Pilar Alcayde Oliver<\/td>\n<td style=\"width: 231px; height: 24px;\">Viernes de 13,20 a 14,15 h<\/td>\n<\/tr>\n<tr style=\"height: 24px;\">\n<td style=\"width: 109px; height: 24px;\">3\u00ba ESO-PMAR<\/td>\n<td style=\"width: 215px; height: 24px;\">Mati Albiach Agust\u00ed<\/td>\n<td style=\"width: 231px; height: 24px;\">Viernes de 13,20 a 14,15 h<\/td>\n<\/tr>\n<tr style=\"height: 24px;\">\n<td style=\"width: 109px; height: 24px;\">4\u00ba ESO-A<\/td>\n<td style=\"width: 215px; height: 24px;\">Empar Marqu\u00e9s Gasc\u00f3<\/td>\n<td style=\"width: 231px; height: 24px;\">Viernes de 13,20 a 14,15 h<\/td>\n<\/tr>\n<tr style=\"height: 24px;\">\n<td style=\"width: 109px; height: 24px;\">4\u00ba ESO-B<\/td>\n<td style=\"width: 215px; height: 24px;\">Pilar Cortell Boix<\/td>\n<td style=\"width: 231px; height: 24px;\">Viernes de 13,20 a 14,15 h<\/td>\n<\/tr>\n<tr style=\"height: 24px;\">\n<td style=\"width: 109px; height: 24px;\">4\u00ba ESO-C<\/td>\n<td style=\"width: 215px; height: 24px;\">Ana Romero Serra<\/td>\n<td style=\"width: 231px; height: 24px;\">Viernes de 13,20 a 14,15 h<\/td>\n<\/tr>\n<tr style=\"height: 24px;\">\n<td style=\"width: 109px; height: 24px;\">4\u00ba ESO-D<\/td>\n<td style=\"width: 215px; height: 24px;\">Vicente Chover Giner<\/td>\n<td style=\"width: 231px; height: 24px;\">Viernes de 13,20 a 14,15 h<\/td>\n<\/tr>\n<tr style=\"height: 24px;\">\n<td style=\"width: 109px; height: 24px;\">4\u00ba ESO-PR<\/td>\n<td style=\"width: 215px; height: 24px;\">Manuel Cava Maldonado<\/td>\n<td style=\"width: 231px; height: 24px;\">Viernes de 13,20 a 14,15 h<\/td>\n<\/tr>\n<tr style=\"height: 24px;\">\n<td style=\"width: 109px; height: 24px;\">1\u00ba BACH-A<\/td>\n<td style=\"width: 215px; height: 24px;\">Amparo Ripoll\u00e9s Peris<\/td>\n<td style=\"width: 231px; height: 24px;\">.Viernes de 14:15 a 15.10h.<\/td>\n<\/tr>\n<tr style=\"height: 24px;\">\n<td style=\"width: 109px; height: 24px;\">1\u00ba BACH-B<\/td>\n<td style=\"width: 215px; height: 24px;\">Bego\u00f1a Isusi Monfort<\/td>\n<td style=\"width: 231px; height: 24px;\">Viernes de 14:15 a 15.10h.<\/td>\n<\/tr>\n<tr style=\"height: 24px;\">\n<td style=\"width: 109px; height: 24px;\">2\u00ba BACH-A<\/td>\n<td style=\"width: 215px; height: 24px;\">Emilia Granell Palanca<\/td>\n<td style=\"width: 231px; height: 24px;\">Viernes de 14:15 a 15.10h.<\/td>\n<\/tr>\n<tr style=\"height: 63px;\">\n<td style=\"width: 109px; height: 63px;\">2\u00ba BACH-B<\/td>\n<td style=\"width: 215px; height: 63px;\">\n<h5>Josep Chiralt Lloris<\/h5>\n<\/td>\n<td style=\"width: 231px; height: 63px;\">Viernes de 14:15 a 15.10h.<\/td>\n<\/tr>\n<\/tbody>\n<\/table>\n<p style=\"text-align: center;\"><strong>\u00a0<\/strong><\/p>\n<p style=\"text-align: center;\"><strong>\u00a0<\/strong><\/p>\n<p style=\"text-align: center;\"><strong>\u00a0<\/strong><\/p>\n<p style=\"text-align: center;\"><strong>EQUIPO DOCENTE<\/strong><\/p>\n<p style=\"text-align: center;\"><strong>\u00a0<\/strong><\/p>\n<table class=\" aligncenter\" style=\"height: 1386px;\" width=\"502\">\n<tbody>\n<tr>\n<td style=\"width: 234px;\">Adell Lloris, V\u00edctor<\/td>\n<td style=\"width: 254px;\">Grande Ballesteros, Francisco Javier<\/td>\n<\/tr>\n<tr>\n<td style=\"width: 234px;\">Albiach Agust\u00ed, Matilde<\/td>\n<td style=\"width: 254px;\">Granell Gil, J. Bernardo<\/td>\n<\/tr>\n<tr>\n<td style=\"width: 234px;\">Alcayde Oliver, Pilar<\/td>\n<td style=\"width: 254px;\">Granell Palanca, Emilia<\/td>\n<\/tr>\n<tr>\n<td style=\"width: 234px;\">Alonso Rius, Ernesto<\/td>\n<td style=\"width: 254px;\">Isusi Monfort, Mar\u00eda Bego\u00f1a<\/td>\n<\/tr>\n<tr>\n<td style=\"width: 234px;\">Al\u00f3s Lliso, Mar\u00eda<\/td>\n<td style=\"width: 254px;\">Juste Garc\u00eda, Mar\u00eda Jos\u00e9<\/td>\n<\/tr>\n<tr>\n<td style=\"width: 234px;\">Atienza Pe\u00f1arrocha, Inmaculada<\/td>\n<td style=\"width: 254px;\">Llibrer Escrig, Jos\u00e9 Antonio<\/td>\n<\/tr>\n<tr>\n<td style=\"width: 234px;\">Bayona Pascual, Mar\u00eda Asunci\u00f3n<\/td>\n<td style=\"width: 254px;\">Llop Serrano, Amparo<\/td>\n<\/tr>\n<tr>\n<td style=\"width: 234px;\">Beltr\u00e1n Navarro, Jos\u00e9 Vicente<\/td>\n<td style=\"width: 254px;\">Marques Gasc\u00f3, Maria Empar<\/td>\n<\/tr>\n<tr>\n<td style=\"width: 234px;\">Bernab\u00e9 Roig, Mar\u00eda Jos\u00e9<\/td>\n<td style=\"width: 254px;\">Marqu\u00e9s Verdeguer, Vicent<\/td>\n<\/tr>\n<tr>\n<td style=\"width: 234px;\">Bosch Bailach, Jos\u00e9<\/td>\n<td style=\"width: 254px;\">Mart\u00ednez Beltr\u00e1n, Francisco Jos\u00e9<\/td>\n<\/tr>\n<tr>\n<td style=\"width: 234px;\">Castell\u00f3 Balestegui, Jos\u00e9 Luis<\/td>\n<td style=\"width: 254px;\">Mart\u00ednez Cuadr\u00f3n, Ester<\/td>\n<\/tr>\n<tr>\n<td style=\"width: 234px;\">Cava Maldonado, Manuel<\/td>\n<td style=\"width: 254px;\">Matamoros Cuenca, Jos\u00e9 Luis<\/td>\n<\/tr>\n<tr>\n<td style=\"width: 234px;\">Chiralt Lloris, Josep Maria<\/td>\n<td style=\"width: 254px;\">Navarro Hern\u00e1ndez, Pilar<\/td>\n<\/tr>\n<tr>\n<td style=\"width: 234px;\">Chover Giner, Vicente<\/td>\n<td style=\"width: 254px;\">Olba Torrent, Paqui<\/td>\n<\/tr>\n<tr>\n<td style=\"width: 234px;\">Colomer Casa\u00f1a, Francesc<\/td>\n<td style=\"width: 254px;\">Palau Mota, Vicente<\/td>\n<\/tr>\n<tr>\n<td style=\"width: 234px;\">Cortell Boix, Pilar<\/td>\n<td style=\"width: 254px;\">Ripoll\u00e9s Peris, Amparo<\/td>\n<\/tr>\n<tr>\n<td style=\"width: 234px;\">Cuevas Mart\u00ednez, Federico<\/td>\n<td style=\"width: 254px;\">Romero Serra, Ana Mar\u00eda<\/td>\n<\/tr>\n<tr>\n<td style=\"width: 234px;\">Dom\u00ednguez L\u00f3pez, Jos\u00e9 Vicente<\/td>\n<td style=\"width: 254px;\">Rubio Amposta, Jos\u00e9 \u00c1ngel<\/td>\n<\/tr>\n<tr>\n<td style=\"width: 234px;\">Ferrando Galiana, Ragusa<\/td>\n<td style=\"width: 254px;\">Valls Valero, Xelo<\/td>\n<\/tr>\n<tr>\n<td style=\"width: 234px;\">Gargall\u00f3 Tatay, In\u00e9s<\/td>\n<td style=\"width: 254px;\">Valma\u00f1a Ricart, Jes\u00fas<\/td>\n<\/tr>\n<tr>\n<td style=\"width: 234px;\">Gasc\u00f3 Bailach, Maria Empar<\/td>\n<td style=\"width: 254px;\">Vila, Segio<\/td>\n<\/tr>\n<tr>\n<td style=\"width: 234px;\">Gasc\u00f3 Ferrer, Eva<\/td>\n<td style=\"width: 254px;\">Villanova Navarro, J. Salvador<\/td>\n<\/tr>\n<\/tbody>\n<\/table>\n<p style=\"text-align: center;\"><strong>\u00a0<\/strong><\/p>\n<p style=\"text-align: center;\"><strong>\u00a0<\/strong><\/p>\n<p style=\"text-align: center;\">\n<p style=\"text-align: center;\">\n","protected":false},"excerpt":{"rendered":"<p>EQUIPO DIRECTIVO &nbsp; Director Pedag\u00f3gico de Etapa: Francisco Mart\u00ednez Beltr\u00e1n Jefe de Estudios de Etapa: Desamparados Ripoll\u00e9s Per\u00eds Secretario de Etapa: Jos\u00e9 Antonio Llibrer Escrig &nbsp; &nbsp; COMISI\u00d3N PEDAG\u00d3GICA &nbsp; \u00a0COORDINADOR DEL \u00c1REA DE CIENCIAS : Jes\u00fas Valma\u00f1a Ricart Departamentos de Matem\u00e1ticas, de F\u00edsica y Qu\u00edmica y de Ciencias\u00a0 Naturales &nbsp; COORDINADOR DEL \u00c1REA DE [&hellip;]<\/p>\n","protected":false},"author":4,"featured_media":0,"parent":9539,"menu_order":0,"comment_status":"closed","ping_status":"closed","template":"","meta":{"_monsterinsights_skip_tracking":false,"_monsterinsights_sitenote_active":false,"_monsterinsights_sitenote_note":"","_monsterinsights_sitenote_category":0,"footnotes":""},"class_list":["post-9568","page","type-page","status-publish","hentry"],"yoast_head":"<!-- This site is optimized with the Yoast SEO plugin v26.2 - https:\/\/yoast.com\/wordpress\/plugins\/seo\/ -->\n<title>Organigrama Pedag\u00f2gic - C. Parroquial San Jaime Ap\u00f3stol<\/title>\n<meta name=\"robots\" content=\"index, follow, max-snippet:-1, max-image-preview:large, max-video-preview:-1\" \/>\n<link rel=\"canonical\" href=\"https:\/\/colegio.sanjaimemoncada.es\/eso-bachillerato\/organigrama\/\" \/>\n<meta property=\"og:locale\" content=\"en_US\" \/>\n<meta property=\"og:type\" content=\"article\" \/>\n<meta property=\"og:title\" content=\"Organigrama Pedag\u00f2gic - C. Parroquial San Jaime Ap\u00f3stol\" \/>\n<meta property=\"og:description\" content=\"EQUIPO DIRECTIVO &nbsp; Director Pedag\u00f3gico de Etapa: Francisco Mart\u00ednez Beltr\u00e1n Jefe de Estudios de Etapa: Desamparados Ripoll\u00e9s Per\u00eds Secretario de Etapa: Jos\u00e9 Antonio Llibrer Escrig &nbsp; &nbsp; COMISI\u00d3N PEDAG\u00d3GICA &nbsp; \u00a0COORDINADOR DEL \u00c1REA DE CIENCIAS : Jes\u00fas Valma\u00f1a Ricart Departamentos de Matem\u00e1ticas, de F\u00edsica y Qu\u00edmica y de Ciencias\u00a0 Naturales &nbsp; COORDINADOR DEL \u00c1REA DE [&hellip;]\" \/>\n<meta property=\"og:url\" content=\"https:\/\/colegio.sanjaimemoncada.es\/eso-bachillerato\/organigrama\/\" \/>\n<meta property=\"og:site_name\" content=\"C. Parroquial San Jaime Ap\u00f3stol\" \/>\n<meta property=\"article:modified_time\" content=\"2019-09-30T08:33:36+00:00\" \/>\n<meta name=\"twitter:card\" content=\"summary_large_image\" \/>\n<meta name=\"twitter:label1\" content=\"Est. reading time\" \/>\n\t<meta name=\"twitter:data1\" content=\"4 minutes\" \/>\n<script type=\"application\/ld+json\" class=\"yoast-schema-graph\">{\"@context\":\"https:\/\/schema.org\",\"@graph\":[{\"@type\":\"WebPage\",\"@id\":\"https:\/\/colegio.sanjaimemoncada.es\/eso-bachillerato\/organigrama\/\",\"url\":\"https:\/\/colegio.sanjaimemoncada.es\/eso-bachillerato\/organigrama\/\",\"name\":\"Organigrama Pedag\u00f2gic - C. Parroquial San Jaime Ap\u00f3stol\",\"isPartOf\":{\"@id\":\"https:\/\/colegio.sanjaimemoncada.es\/#website\"},\"datePublished\":\"2016-04-26T09:49:11+00:00\",\"dateModified\":\"2019-09-30T08:33:36+00:00\",\"breadcrumb\":{\"@id\":\"https:\/\/colegio.sanjaimemoncada.es\/eso-bachillerato\/organigrama\/#breadcrumb\"},\"inLanguage\":\"va\",\"potentialAction\":[{\"@type\":\"ReadAction\",\"target\":[\"https:\/\/colegio.sanjaimemoncada.es\/eso-bachillerato\/organigrama\/\"]}]},{\"@type\":\"BreadcrumbList\",\"@id\":\"https:\/\/colegio.sanjaimemoncada.es\/eso-bachillerato\/organigrama\/#breadcrumb\",\"itemListElement\":[{\"@type\":\"ListItem\",\"position\":1,\"name\":\"Portada\",\"item\":\"https:\/\/colegio.sanjaimemoncada.es\/va\/\"},{\"@type\":\"ListItem\",\"position\":2,\"name\":\"ESO &#8211; Batxillerat\",\"item\":\"https:\/\/colegio.sanjaimemoncada.es\/eso-bachillerato\/\"},{\"@type\":\"ListItem\",\"position\":3,\"name\":\"Organigrama Pedag\u00f2gic\"}]},{\"@type\":\"WebSite\",\"@id\":\"https:\/\/colegio.sanjaimemoncada.es\/#website\",\"url\":\"https:\/\/colegio.sanjaimemoncada.es\/\",\"name\":\"C. Parroquial San Jaime Ap\u00f3stol\",\"description\":\"\",\"potentialAction\":[{\"@type\":\"SearchAction\",\"target\":{\"@type\":\"EntryPoint\",\"urlTemplate\":\"https:\/\/colegio.sanjaimemoncada.es\/?s={search_term_string}\"},\"query-input\":{\"@type\":\"PropertyValueSpecification\",\"valueRequired\":true,\"valueName\":\"search_term_string\"}}],\"inLanguage\":\"va\"}]}<\/script>\n<!-- \/ Yoast SEO plugin. -->","yoast_head_json":{"title":"Organigrama Pedag\u00f2gic - C. Parroquial San Jaime Ap\u00f3stol","robots":{"index":"index","follow":"follow","max-snippet":"max-snippet:-1","max-image-preview":"max-image-preview:large","max-video-preview":"max-video-preview:-1"},"canonical":"https:\/\/colegio.sanjaimemoncada.es\/eso-bachillerato\/organigrama\/","og_locale":"en_US","og_type":"article","og_title":"Organigrama Pedag\u00f2gic - C. Parroquial San Jaime Ap\u00f3stol","og_description":"EQUIPO DIRECTIVO &nbsp; Director Pedag\u00f3gico de Etapa: Francisco Mart\u00ednez Beltr\u00e1n Jefe de Estudios de Etapa: Desamparados Ripoll\u00e9s Per\u00eds Secretario de Etapa: Jos\u00e9 Antonio Llibrer Escrig &nbsp; &nbsp; COMISI\u00d3N PEDAG\u00d3GICA &nbsp; \u00a0COORDINADOR DEL \u00c1REA DE CIENCIAS : Jes\u00fas Valma\u00f1a Ricart Departamentos de Matem\u00e1ticas, de F\u00edsica y Qu\u00edmica y de Ciencias\u00a0 Naturales &nbsp; COORDINADOR DEL \u00c1REA DE [&hellip;]","og_url":"https:\/\/colegio.sanjaimemoncada.es\/eso-bachillerato\/organigrama\/","og_site_name":"C. Parroquial San Jaime Ap\u00f3stol","article_modified_time":"2019-09-30T08:33:36+00:00","twitter_card":"summary_large_image","twitter_misc":{"Est. reading time":"4 minutes"},"schema":{"@context":"https:\/\/schema.org","@graph":[{"@type":"WebPage","@id":"https:\/\/colegio.sanjaimemoncada.es\/eso-bachillerato\/organigrama\/","url":"https:\/\/colegio.sanjaimemoncada.es\/eso-bachillerato\/organigrama\/","name":"Organigrama Pedag\u00f2gic - C. Parroquial San Jaime Ap\u00f3stol","isPartOf":{"@id":"https:\/\/colegio.sanjaimemoncada.es\/#website"},"datePublished":"2016-04-26T09:49:11+00:00","dateModified":"2019-09-30T08:33:36+00:00","breadcrumb":{"@id":"https:\/\/colegio.sanjaimemoncada.es\/eso-bachillerato\/organigrama\/#breadcrumb"},"inLanguage":"va","potentialAction":[{"@type":"ReadAction","target":["https:\/\/colegio.sanjaimemoncada.es\/eso-bachillerato\/organigrama\/"]}]},{"@type":"BreadcrumbList","@id":"https:\/\/colegio.sanjaimemoncada.es\/eso-bachillerato\/organigrama\/#breadcrumb","itemListElement":[{"@type":"ListItem","position":1,"name":"Portada","item":"https:\/\/colegio.sanjaimemoncada.es\/va\/"},{"@type":"ListItem","position":2,"name":"ESO &#8211; Batxillerat","item":"https:\/\/colegio.sanjaimemoncada.es\/eso-bachillerato\/"},{"@type":"ListItem","position":3,"name":"Organigrama Pedag\u00f2gic"}]},{"@type":"WebSite","@id":"https:\/\/colegio.sanjaimemoncada.es\/#website","url":"https:\/\/colegio.sanjaimemoncada.es\/","name":"C. Parroquial San Jaime Ap\u00f3stol","description":"","potentialAction":[{"@type":"SearchAction","target":{"@type":"EntryPoint","urlTemplate":"https:\/\/colegio.sanjaimemoncada.es\/?s={search_term_string}"},"query-input":{"@type":"PropertyValueSpecification","valueRequired":true,"valueName":"search_term_string"}}],"inLanguage":"va"}]}},"_links":{"self":[{"href":"https:\/\/colegio.sanjaimemoncada.es\/va\/wp-json\/wp\/v2\/pages\/9568","targetHints":{"allow":["GET"]}}],"collection":[{"href":"https:\/\/colegio.sanjaimemoncada.es\/va\/wp-json\/wp\/v2\/pages"}],"about":[{"href":"https:\/\/colegio.sanjaimemoncada.es\/va\/wp-json\/wp\/v2\/types\/page"}],"author":[{"embeddable":true,"href":"https:\/\/colegio.sanjaimemoncada.es\/va\/wp-json\/wp\/v2\/users\/4"}],"replies":[{"embeddable":true,"href":"https:\/\/colegio.sanjaimemoncada.es\/va\/wp-json\/wp\/v2\/comments?post=9568"}],"version-history":[{"count":10,"href":"https:\/\/colegio.sanjaimemoncada.es\/va\/wp-json\/wp\/v2\/pages\/9568\/revisions"}],"predecessor-version":[{"id":16839,"href":"https:\/\/colegio.sanjaimemoncada.es\/va\/wp-json\/wp\/v2\/pages\/9568\/revisions\/16839"}],"up":[{"embeddable":true,"href":"https:\/\/colegio.sanjaimemoncada.es\/va\/wp-json\/wp\/v2\/pages\/9539"}],"wp:attachment":[{"href":"https:\/\/colegio.sanjaimemoncada.es\/va\/wp-json\/wp\/v2\/media?parent=9568"}],"curies":[{"name":"wp","href":"https:\/\/api.w.org\/{rel}","templated":true}]}}