{"id":9556,"date":"2016-04-26T11:48:20","date_gmt":"2016-04-26T09:48:20","guid":{"rendered":"https:\/\/colegio.sanjaimemoncada.es\/eso-bachillerato\/innovacion-pedagogica\/"},"modified":"2019-02-06T19:36:32","modified_gmt":"2019-02-06T18:36:32","slug":"innovacion-pedagogica","status":"publish","type":"page","link":"https:\/\/colegio.sanjaimemoncada.es\/va\/eso-bachillerato\/innovacion-pedagogica\/","title":{"rendered":"Innovaci\u00f3 pedag\u00f2gica"},"content":{"rendered":"<p><img loading=\"lazy\" decoding=\"async\" class=\"alignnone size-medium wp-image-4554 aligncenter\" src=\"https:\/\/colegio.sanjaimemoncada.es\/wp-content\/uploads\/2018\/01\/scholas-ciudadan\u00eda-300x268.jpg\" alt=\"\" width=\"300\" height=\"268\" \/><\/p>\n<p>&nbsp;<\/p>\n<p style=\"text-align: center;\"><span style=\"color: #0000ff;\"><strong>SCHOLAS CIUDAD<\/strong><\/span><span style=\"color: #0000ff;\"><strong>AN\u00cdA<\/strong><\/span><\/p>\n<p>&nbsp;<\/p>\n<p>Este programa intenta fomentar el comprom\u00eds i la participaci\u00f3 dels j\u00f3vens partint de les seues experi\u00e8ncies i inquietuds i aix\u00ed aconseguir transformar-se ells mateixos i el seu entorn.\u00a0 Sholas Cidadan\u00eda \u00e9s un programa de la Fundaci\u00f3n Scholas Occurrentes,promoguda pel Papa Francesc I, i\u00a0 en el qual participen\u00a0 centres de secund\u00e0ria, p\u00fablics, concertats i privats amb\u00a0 alumnes de 4t d&#8217;ESO.<\/p>\n<p>Scholas Ciudadan\u00eda anima a viure uns valors: responsabilitat, diversitat,escolta, di\u00e0leg, treball en equip, amb la intenci\u00f3 d&#8217;impulsar la cultura de la trobada entre estudiant de contextos diversos; promoure la participaci\u00f3 i el comprom\u00eds ciutadans a favor del b\u00e9 com\u00fa; afavorir el pluralisme social, cultural i religi\u00f3s implicant els j\u00f3vens en la seua construcci\u00f3 social. Aquesta trobada pret\u00e9n implicar els j\u00f3vens i que participen activament en la investigaci\u00f3 i en la presentaci\u00f3 de propostes i solucions als problemes que han decidit tractar (enguany la pressi\u00f3 social). Per a dur a terme a\u00e7\u00f2 primer fan una selecci\u00f3 de la problem\u00e0tica a tractar i despr\u00e9s, durant una setmana d&#8217;immersi\u00f3, treballaran, aprofundiran, investigaran sobre els temes. Treballaran en equip, elaboraran hip\u00f2tesis, veuran l&#8217;estat de la situaci\u00f3, elaboraran un diagn\u00f2stic i desenvoluparan una proposta que ajudar\u00e0 a millorar la societat. Posteriorment els j\u00f3vens participants presentaran aquestes propostes per a millorar el seua entorn a les autoritats del districte.<\/p>\n<p>Els nostres alumnes descobriran que s\u00f3n subjectes actius amb veu pr\u00f2pia i pensament aut\u00f2nom que s\u00f3n capa\u00e7os d&#8217;interaccionar, dialogar i debatre amb altres j\u00f3vens de les seues idees i creences per a transformar el seu entorn m\u00e9s immediat i els dels seus ve\u00efns.\u00a0 El joc, l&#8217;esport, l&#8217;art i la tecnologia acompanyats per monitors els ajudar\u00e0 a fer tot el possible per a la transformaci\u00f3 que busquen.<\/p>\n<p><img loading=\"lazy\" decoding=\"async\" class=\"alignnone size-medium wp-image-4553 aligncenter\" src=\"https:\/\/colegio.sanjaimemoncada.es\/wp-content\/uploads\/2018\/01\/que-es-scholas-ciudadana-201750-300x214.jpg\" alt=\"\" width=\"300\" height=\"214\" \/><\/p>\n<p>&nbsp;<\/p>\n<p><img loading=\"lazy\" decoding=\"async\" class=\"size-medium wp-image-4552 aligncenter\" src=\"https:\/\/colegio.sanjaimemoncada.es\/wp-content\/uploads\/2018\/01\/paula-papa-300x140.jpg\" alt=\"\" width=\"300\" height=\"140\" srcset=\"https:\/\/colegio.sanjaimemoncada.es\/wp-content\/uploads\/2018\/01\/paula-papa-300x140.jpg 300w, https:\/\/colegio.sanjaimemoncada.es\/wp-content\/uploads\/2018\/01\/paula-papa.jpg 543w\" sizes=\"auto, (max-width: 300px) 100vw, 300px\" \/><\/p>\n<p>&nbsp;<\/p>\n<p>V\u00eddeos que mostren les viv\u00e8ncies dels alumnes:<\/p>\n<p>&nbsp;<\/p>\n<p><iframe loading=\"lazy\" title=\"Scholas Ciudadan\u00eda VALENCIA, Espa\u00f1a. Nov 2018\" width=\"500\" height=\"281\" src=\"https:\/\/www.youtube.com\/embed\/bcNrZ5z7j3c?feature=oembed\" frameborder=\"0\" allow=\"accelerometer; autoplay; clipboard-write; encrypted-media; gyroscope; picture-in-picture; web-share\" referrerpolicy=\"strict-origin-when-cross-origin\" allowfullscreen><\/iframe><\/p>\n<p>&nbsp;<\/p>\n<p><iframe loading=\"lazy\" title=\"Scholas Ciudadania Valencia\" width=\"500\" height=\"281\" src=\"https:\/\/www.youtube.com\/embed\/fV6FLmZFv2I?feature=oembed\" frameborder=\"0\" allow=\"accelerometer; autoplay; clipboard-write; encrypted-media; gyroscope; picture-in-picture; web-share\" referrerpolicy=\"strict-origin-when-cross-origin\" allowfullscreen><\/iframe><\/p>\n<p>&nbsp;<\/p>\n<p>&nbsp;<\/p>\n<p style=\"text-align: center;\"><em><strong><a href=\"https:\/\/proyectocervantes2015.wordpress.com\/\" target=\"_blank\" rel=\"noopener\">PROJECTE CERVANTES<\/a><\/strong><\/em><\/p>\n<p>&nbsp;<\/p>\n<p style=\"text-align: center;\"><strong><img loading=\"lazy\" decoding=\"async\" class=\"\" src=\"https:\/\/proyectocervantes2015.files.wordpress.com\/2016\/02\/grafiti7.jpg\" width=\"375\" height=\"282\" \/> <\/strong><\/p>\n<p style=\"text-align: center;\"><b>PROJECTE CERVANTES 2015-2016<\/b><\/p>\n<p style=\"text-align: center;\"><b>Centre Concertat de Secund\u00e0ria<\/b><\/p>\n<p style=\"text-align: center;\"><b>SANT JAUME AP\u00d2STOL<\/b><\/p>\n<p style=\"text-align: center;\"><b>Montcada<\/b><\/p>\n<p><span style=\"font-weight: 400;\">Amb \u00a0motiu del 4t Centenari de la publicaci\u00f3 de la segona part del Quixot i de la mort de Cervantes, els professors del Departament de Lletres amb la col\u00b7laboraci\u00f3 de la resta dels departaments, professors del centre i tota la comunitat educativa celebrem aquest esdeveniment amb un gran projecte.<\/span><\/p>\n<p><span style=\"font-weight: 400;\">Moltes han sigut les activitats que s&#8217;han realitzat i que es poden veure en el blog que resumeix tot aquest projecte. Tots hem pogut col\u00b7laborar \u00a0en els diferents \u00e0mbits treballats i desenvolupats:<\/span><\/p>\n<ul>\n<li><b>BLOG CERVANTES<\/b><span style=\"font-weight: 400;\">: Espai interactiu on tota la comunitat educativa va anar compartint i aportant qualsevol material relacionat amb Cervantes (articles, pel\u00b7l\u00edcules, treballs dels alumnes, vinyetes humor\u00edstiques\u2026)<\/span><\/li>\n<\/ul>\n<p>https:\/\/youtu.be\/hDeSIClgBnM<\/p>\n<p>&nbsp;<\/p>\n<ul>\n<li><b>ACTIVITATS A l&#8217;AULA: <\/b><span style=\"font-weight: 400;\">Projectes realitzats pels alumnes que van ser exposats o mostrats en el centre, com per exemple el mercat ambulant amb aliments i menjars de l&#8217;\u00e8poca cervantina que va preparar el departament de ci\u00e8ncies, entrevistes, articles sobre Cervantes i la ci\u00e8ncia, medicina, astrologia, religi\u00f3, etc en la seua \u00e8poca, \u00a0o els raps en castell\u00e0:<\/span><\/li>\n<\/ul>\n<p>https:\/\/youtu.be\/EvHPFoiYp50<\/p>\n<ul>\n<li><b>EXPOSICI\u00d3 4t CENTENARI CERVANTES: <\/b><span style=\"font-weight: 400;\">L&#8217;exposici\u00f3 es va realitzar en el Sal\u00f3 d&#8217;Actes del centre en el mes d&#8217;abril. L&#8217;exposici\u00f3 tenia un car\u00e0cter multidisciplinari i va estar formada per aportacions de tots (llibres, escultures, maquetes, imatges\u2026) totes relacionades amb Cervantes i la seua \u00e8poca.<\/span><\/li>\n<\/ul>\n<p><img loading=\"lazy\" decoding=\"async\" class=\"aligncenter\" src=\"https:\/\/proyectocervantes2015.files.wordpress.com\/2016\/04\/20160419_151402.jpg\" width=\"490\" height=\"294\" \/><\/p>\n<p><img loading=\"lazy\" decoding=\"async\" class=\"aligncenter\" src=\"https:\/\/proyectocervantes2015.files.wordpress.com\/2016\/04\/20160419_153055.jpg\" width=\"492\" height=\"295\" \/><\/p>\n<ul>\n<li><b>FIRA DEL LLIBRE DE SEGONA M\u00c0<\/b><span style=\"font-weight: 400;\">: Com tots els anys celebrem la Fira del Llibre de Segona M\u00e0, per\u00f2 a m\u00e9s durant la celebraci\u00f3 de la mateixa va tindre lloc diferents activitats per a commemorar el Dia del Llibre i homenatjar a Cervantes, com va ser un divertid\u00edssim *Fotocol.<\/span><\/li>\n<\/ul>\n<p><img decoding=\"async\" class=\"aligncenter\" src=\"https:\/\/proyectocervantes2015.files.wordpress.com\/2016\/02\/fotocal1.jpg\" \/><\/p>\n<p><img loading=\"lazy\" decoding=\"async\" class=\"aligncenter\" src=\"https:\/\/proyectocervantes2015.files.wordpress.com\/2016\/04\/img-20160421-wa0004.jpg\" width=\"593\" height=\"445\" \/><\/p>\n<p>&nbsp;<\/p>\n<p>&nbsp;<\/p>\n<ul>\n<li><span style=\"font-weight: 400;\"><strong>REPRESENTACI\u00d3 TEATRAL<\/strong>: Els alumnes de 4t d&#8217;ESO dirigits pel professor Ernest Alonso van realitzar una obra de teatre, a partir d&#8217;un entrem\u00e9s de Cervantes.<\/span><\/li>\n<\/ul>\n<p>https:\/\/youtu.be\/QJzRpEueoBk<\/p>\n<p><span style=\"font-weight: 400;\">Feu una ullada al <a href=\"https:\/\/proyectocervantes2015.wordpress.com\/\" target=\"_blank\" rel=\"noopener\">BLOG PROJECTE CERVANTES<\/a> \u00a0i podreu jugar, llegir sobre Cervantes, obra, vida i \u00e8poca, veure pel\u00b7l\u00edcules i documentals. en definitiva, gaudir com nosaltres ho vam fer en realitzar aquest projecte.<\/span><\/p>\n<p>&nbsp;<\/p>\n<p>&nbsp;<\/p>\n<p>&nbsp;<\/p>\n<p>&nbsp;<\/p>\n","protected":false},"excerpt":{"rendered":"<p>&nbsp; SCHOLAS CIUDADAN\u00cdA &nbsp; Este programa intenta fomentar el comprom\u00eds i la participaci\u00f3 dels j\u00f3vens partint de les seues experi\u00e8ncies i inquietuds i aix\u00ed aconseguir transformar-se ells mateixos i el seu entorn.\u00a0 Sholas Cidadan\u00eda \u00e9s un programa de la Fundaci\u00f3n Scholas Occurrentes,promoguda pel Papa Francesc I, i\u00a0 en el qual participen\u00a0 centres de secund\u00e0ria, p\u00fablics, [&hellip;]<\/p>\n","protected":false},"author":4,"featured_media":0,"parent":9539,"menu_order":0,"comment_status":"closed","ping_status":"closed","template":"","meta":{"_monsterinsights_skip_tracking":false,"_monsterinsights_sitenote_active":false,"_monsterinsights_sitenote_note":"","_monsterinsights_sitenote_category":0,"footnotes":""},"class_list":["post-9556","page","type-page","status-publish","hentry"],"yoast_head":"<!-- This site is optimized with the Yoast SEO plugin v26.2 - https:\/\/yoast.com\/wordpress\/plugins\/seo\/ -->\n<title>Innovaci\u00f3 pedag\u00f2gica - C. Parroquial San Jaime Ap\u00f3stol<\/title>\n<meta name=\"robots\" content=\"index, follow, max-snippet:-1, max-image-preview:large, max-video-preview:-1\" \/>\n<link rel=\"canonical\" href=\"https:\/\/colegio.sanjaimemoncada.es\/eso-bachillerato\/innovacion-pedagogica\/\" \/>\n<meta property=\"og:locale\" content=\"en_US\" \/>\n<meta property=\"og:type\" content=\"article\" \/>\n<meta property=\"og:title\" content=\"Innovaci\u00f3 pedag\u00f2gica - C. Parroquial San Jaime Ap\u00f3stol\" \/>\n<meta property=\"og:description\" content=\"&nbsp; SCHOLAS CIUDADAN\u00cdA &nbsp; Este programa intenta fomentar el comprom\u00eds i la participaci\u00f3 dels j\u00f3vens partint de les seues experi\u00e8ncies i inquietuds i aix\u00ed aconseguir transformar-se ells mateixos i el seu entorn.\u00a0 Sholas Cidadan\u00eda \u00e9s un programa de la Fundaci\u00f3n Scholas Occurrentes,promoguda pel Papa Francesc I, i\u00a0 en el qual participen\u00a0 centres de secund\u00e0ria, p\u00fablics, [&hellip;]\" \/>\n<meta property=\"og:url\" content=\"https:\/\/colegio.sanjaimemoncada.es\/eso-bachillerato\/innovacion-pedagogica\/\" \/>\n<meta property=\"og:site_name\" content=\"C. Parroquial San Jaime Ap\u00f3stol\" \/>\n<meta property=\"article:modified_time\" content=\"2019-02-06T18:36:32+00:00\" \/>\n<meta property=\"og:image\" content=\"https:\/\/colegio.sanjaimemoncada.es\/wp-content\/uploads\/2018\/01\/que-es-scholas-ciudadana-201750-300x214.jpg\" \/>\n<meta name=\"twitter:card\" content=\"summary_large_image\" \/>\n<meta name=\"twitter:label1\" content=\"Est. reading time\" \/>\n\t<meta name=\"twitter:data1\" content=\"4 minutes\" \/>\n<script type=\"application\/ld+json\" class=\"yoast-schema-graph\">{\"@context\":\"https:\/\/schema.org\",\"@graph\":[{\"@type\":\"WebPage\",\"@id\":\"https:\/\/colegio.sanjaimemoncada.es\/eso-bachillerato\/innovacion-pedagogica\/\",\"url\":\"https:\/\/colegio.sanjaimemoncada.es\/eso-bachillerato\/innovacion-pedagogica\/\",\"name\":\"Innovaci\u00f3 pedag\u00f2gica - C. Parroquial San Jaime Ap\u00f3stol\",\"isPartOf\":{\"@id\":\"https:\/\/colegio.sanjaimemoncada.es\/#website\"},\"primaryImageOfPage\":{\"@id\":\"https:\/\/colegio.sanjaimemoncada.es\/eso-bachillerato\/innovacion-pedagogica\/#primaryimage\"},\"image\":{\"@id\":\"https:\/\/colegio.sanjaimemoncada.es\/eso-bachillerato\/innovacion-pedagogica\/#primaryimage\"},\"thumbnailUrl\":\"https:\/\/colegio.sanjaimemoncada.es\/wp-content\/uploads\/2018\/01\/que-es-scholas-ciudadana-201750-300x214.jpg\",\"datePublished\":\"2016-04-26T09:48:20+00:00\",\"dateModified\":\"2019-02-06T18:36:32+00:00\",\"breadcrumb\":{\"@id\":\"https:\/\/colegio.sanjaimemoncada.es\/eso-bachillerato\/innovacion-pedagogica\/#breadcrumb\"},\"inLanguage\":\"va\",\"potentialAction\":[{\"@type\":\"ReadAction\",\"target\":[\"https:\/\/colegio.sanjaimemoncada.es\/eso-bachillerato\/innovacion-pedagogica\/\"]}]},{\"@type\":\"ImageObject\",\"inLanguage\":\"va\",\"@id\":\"https:\/\/colegio.sanjaimemoncada.es\/eso-bachillerato\/innovacion-pedagogica\/#primaryimage\",\"url\":\"https:\/\/colegio.sanjaimemoncada.es\/wp-content\/uploads\/2018\/01\/que-es-scholas-ciudadana-201750-300x214.jpg\",\"contentUrl\":\"https:\/\/colegio.sanjaimemoncada.es\/wp-content\/uploads\/2018\/01\/que-es-scholas-ciudadana-201750-300x214.jpg\"},{\"@type\":\"BreadcrumbList\",\"@id\":\"https:\/\/colegio.sanjaimemoncada.es\/eso-bachillerato\/innovacion-pedagogica\/#breadcrumb\",\"itemListElement\":[{\"@type\":\"ListItem\",\"position\":1,\"name\":\"Portada\",\"item\":\"https:\/\/colegio.sanjaimemoncada.es\/va\/\"},{\"@type\":\"ListItem\",\"position\":2,\"name\":\"ESO &#8211; Batxillerat\",\"item\":\"https:\/\/colegio.sanjaimemoncada.es\/eso-bachillerato\/\"},{\"@type\":\"ListItem\",\"position\":3,\"name\":\"Innovaci\u00f3 pedag\u00f2gica\"}]},{\"@type\":\"WebSite\",\"@id\":\"https:\/\/colegio.sanjaimemoncada.es\/#website\",\"url\":\"https:\/\/colegio.sanjaimemoncada.es\/\",\"name\":\"C. Parroquial San Jaime Ap\u00f3stol\",\"description\":\"\",\"potentialAction\":[{\"@type\":\"SearchAction\",\"target\":{\"@type\":\"EntryPoint\",\"urlTemplate\":\"https:\/\/colegio.sanjaimemoncada.es\/?s={search_term_string}\"},\"query-input\":{\"@type\":\"PropertyValueSpecification\",\"valueRequired\":true,\"valueName\":\"search_term_string\"}}],\"inLanguage\":\"va\"}]}<\/script>\n<!-- \/ Yoast SEO plugin. -->","yoast_head_json":{"title":"Innovaci\u00f3 pedag\u00f2gica - C. Parroquial San Jaime Ap\u00f3stol","robots":{"index":"index","follow":"follow","max-snippet":"max-snippet:-1","max-image-preview":"max-image-preview:large","max-video-preview":"max-video-preview:-1"},"canonical":"https:\/\/colegio.sanjaimemoncada.es\/eso-bachillerato\/innovacion-pedagogica\/","og_locale":"en_US","og_type":"article","og_title":"Innovaci\u00f3 pedag\u00f2gica - C. Parroquial San Jaime Ap\u00f3stol","og_description":"&nbsp; SCHOLAS CIUDADAN\u00cdA &nbsp; Este programa intenta fomentar el comprom\u00eds i la participaci\u00f3 dels j\u00f3vens partint de les seues experi\u00e8ncies i inquietuds i aix\u00ed aconseguir transformar-se ells mateixos i el seu entorn.\u00a0 Sholas Cidadan\u00eda \u00e9s un programa de la Fundaci\u00f3n Scholas Occurrentes,promoguda pel Papa Francesc I, i\u00a0 en el qual participen\u00a0 centres de secund\u00e0ria, p\u00fablics, [&hellip;]","og_url":"https:\/\/colegio.sanjaimemoncada.es\/eso-bachillerato\/innovacion-pedagogica\/","og_site_name":"C. Parroquial San Jaime Ap\u00f3stol","article_modified_time":"2019-02-06T18:36:32+00:00","og_image":[{"url":"https:\/\/colegio.sanjaimemoncada.es\/wp-content\/uploads\/2018\/01\/que-es-scholas-ciudadana-201750-300x214.jpg","type":"","width":"","height":""}],"twitter_card":"summary_large_image","twitter_misc":{"Est. reading time":"4 minutes"},"schema":{"@context":"https:\/\/schema.org","@graph":[{"@type":"WebPage","@id":"https:\/\/colegio.sanjaimemoncada.es\/eso-bachillerato\/innovacion-pedagogica\/","url":"https:\/\/colegio.sanjaimemoncada.es\/eso-bachillerato\/innovacion-pedagogica\/","name":"Innovaci\u00f3 pedag\u00f2gica - C. Parroquial San Jaime Ap\u00f3stol","isPartOf":{"@id":"https:\/\/colegio.sanjaimemoncada.es\/#website"},"primaryImageOfPage":{"@id":"https:\/\/colegio.sanjaimemoncada.es\/eso-bachillerato\/innovacion-pedagogica\/#primaryimage"},"image":{"@id":"https:\/\/colegio.sanjaimemoncada.es\/eso-bachillerato\/innovacion-pedagogica\/#primaryimage"},"thumbnailUrl":"https:\/\/colegio.sanjaimemoncada.es\/wp-content\/uploads\/2018\/01\/que-es-scholas-ciudadana-201750-300x214.jpg","datePublished":"2016-04-26T09:48:20+00:00","dateModified":"2019-02-06T18:36:32+00:00","breadcrumb":{"@id":"https:\/\/colegio.sanjaimemoncada.es\/eso-bachillerato\/innovacion-pedagogica\/#breadcrumb"},"inLanguage":"va","potentialAction":[{"@type":"ReadAction","target":["https:\/\/colegio.sanjaimemoncada.es\/eso-bachillerato\/innovacion-pedagogica\/"]}]},{"@type":"ImageObject","inLanguage":"va","@id":"https:\/\/colegio.sanjaimemoncada.es\/eso-bachillerato\/innovacion-pedagogica\/#primaryimage","url":"https:\/\/colegio.sanjaimemoncada.es\/wp-content\/uploads\/2018\/01\/que-es-scholas-ciudadana-201750-300x214.jpg","contentUrl":"https:\/\/colegio.sanjaimemoncada.es\/wp-content\/uploads\/2018\/01\/que-es-scholas-ciudadana-201750-300x214.jpg"},{"@type":"BreadcrumbList","@id":"https:\/\/colegio.sanjaimemoncada.es\/eso-bachillerato\/innovacion-pedagogica\/#breadcrumb","itemListElement":[{"@type":"ListItem","position":1,"name":"Portada","item":"https:\/\/colegio.sanjaimemoncada.es\/va\/"},{"@type":"ListItem","position":2,"name":"ESO &#8211; Batxillerat","item":"https:\/\/colegio.sanjaimemoncada.es\/eso-bachillerato\/"},{"@type":"ListItem","position":3,"name":"Innovaci\u00f3 pedag\u00f2gica"}]},{"@type":"WebSite","@id":"https:\/\/colegio.sanjaimemoncada.es\/#website","url":"https:\/\/colegio.sanjaimemoncada.es\/","name":"C. Parroquial San Jaime Ap\u00f3stol","description":"","potentialAction":[{"@type":"SearchAction","target":{"@type":"EntryPoint","urlTemplate":"https:\/\/colegio.sanjaimemoncada.es\/?s={search_term_string}"},"query-input":{"@type":"PropertyValueSpecification","valueRequired":true,"valueName":"search_term_string"}}],"inLanguage":"va"}]}},"_links":{"self":[{"href":"https:\/\/colegio.sanjaimemoncada.es\/va\/wp-json\/wp\/v2\/pages\/9556","targetHints":{"allow":["GET"]}}],"collection":[{"href":"https:\/\/colegio.sanjaimemoncada.es\/va\/wp-json\/wp\/v2\/pages"}],"about":[{"href":"https:\/\/colegio.sanjaimemoncada.es\/va\/wp-json\/wp\/v2\/types\/page"}],"author":[{"embeddable":true,"href":"https:\/\/colegio.sanjaimemoncada.es\/va\/wp-json\/wp\/v2\/users\/4"}],"replies":[{"embeddable":true,"href":"https:\/\/colegio.sanjaimemoncada.es\/va\/wp-json\/wp\/v2\/comments?post=9556"}],"version-history":[{"count":12,"href":"https:\/\/colegio.sanjaimemoncada.es\/va\/wp-json\/wp\/v2\/pages\/9556\/revisions"}],"predecessor-version":[{"id":11975,"href":"https:\/\/colegio.sanjaimemoncada.es\/va\/wp-json\/wp\/v2\/pages\/9556\/revisions\/11975"}],"up":[{"embeddable":true,"href":"https:\/\/colegio.sanjaimemoncada.es\/va\/wp-json\/wp\/v2\/pages\/9539"}],"wp:attachment":[{"href":"https:\/\/colegio.sanjaimemoncada.es\/va\/wp-json\/wp\/v2\/media?parent=9556"}],"curies":[{"name":"wp","href":"https:\/\/api.w.org\/{rel}","templated":true}]}}