{"id":9541,"date":"2017-03-02T16:48:52","date_gmt":"2017-03-02T15:48:52","guid":{"rendered":"https:\/\/colegio.sanjaimemoncada.es\/eso-bachillerato\/actividades-complementarias\/"},"modified":"2019-10-01T10:43:37","modified_gmt":"2019-10-01T08:43:37","slug":"actividades-complementarias","status":"publish","type":"page","link":"https:\/\/colegio.sanjaimemoncada.es\/va\/eso-bachillerato\/actividades-complementarias\/","title":{"rendered":"Activitats complement\u00e0ries"},"content":{"rendered":"<p><b>ACTIVITATS COMPLEMENT\u00c0RIES CURS 2019\/20<\/b><\/p>\n<p>&nbsp;<\/p>\n<p>&nbsp;<\/p>\n<p><u>1r \u00a0 ESO<\/u><\/p>\n<p>&nbsp;<\/p>\n<table style=\"width: 764.3125px;\">\n<tbody>\n<tr>\n<td style=\"width: 77px;\"><\/td>\n<td style=\"width: 182px;\">ACTIVITATS<\/td>\n<td style=\"width: 142px;\">DATA<\/td>\n<td style=\"width: 90px;\">DEPARTAMENT<\/td>\n<td style=\"width: 245.3125px;\">OBJECTIUS<\/td>\n<\/tr>\n<tr>\n<td style=\"width: 77px;\">1r trim.<\/td>\n<td style=\"width: 182px;\">Visita a les Coves de la Valltorta<\/td>\n<td style=\"width: 142px;\">15 i 17 d\u2019octubre<\/td>\n<td style=\"width: 90px;\">CCSS, CCNN, Ed. F\u00edsica<\/td>\n<td style=\"width: 245.3125px;\">Con\u00e9ixer pintures rupestres..<\/td>\n<\/tr>\n<tr>\n<td style=\"width: 77px;\">2n trim.<\/td>\n<td style=\"width: 182px;\"><span style=\"font-weight: 400;\">Jard\u00ed Bot\u00e0nic i pista de gel.<\/span><\/td>\n<td style=\"width: 142px;\"><\/td>\n<td style=\"width: 90px;\">CCNN, Ed F\u00edsica<\/td>\n<td style=\"width: 245.3125px;\">Con\u00e9ixer un espai natural i l\u2019esport del patinatge sobre gel..<\/td>\n<\/tr>\n<tr>\n<td style=\"width: 77px;\">3r trim<\/td>\n<td style=\"width: 182px;\">Aquarama<\/td>\n<td style=\"width: 142px;\"><\/td>\n<td style=\"width: 90px;\">Tots<\/td>\n<td style=\"width: 245.3125px;\">Gaudir de una jornada l\u00fadica<\/td>\n<\/tr>\n<\/tbody>\n<\/table>\n<p>&nbsp;<\/p>\n<p><u>2n \u00a0 ESO<\/u><\/p>\n<p>&nbsp;<\/p>\n<table style=\"width: 751px;\">\n<tbody>\n<tr>\n<td style=\"width: 74px;\"><\/td>\n<td style=\"width: 187px;\">ACTIVITATS<\/td>\n<td style=\"width: 144px;\">DATA<\/td>\n<td style=\"width: 94.34375px;\">DEPARTAMENT<\/td>\n<td style=\"width: 226.65625px;\">OBJECTIUS<\/td>\n<\/tr>\n<tr>\n<td style=\"width: 74px;\">1r trim.<\/td>\n<td style=\"width: 187px;\">Visita Millars. Ciutat morisca<\/td>\n<td style=\"width: 144px;\"><\/td>\n<td style=\"width: 94.34375px;\">CCSS<\/td>\n<td style=\"width: 226.65625px;\">Con\u00e9ixer una ciutat medieval<\/td>\n<\/tr>\n<tr>\n<td style=\"width: 74px;\">2n trim.<\/td>\n<td style=\"width: 187px;\"><span style=\"font-weight: 400;\">-Visita ramaderia de crian\u00e7a de cavalls a Chulilla (Val\u00e8ncia)<\/span><\/td>\n<td style=\"width: 144px;\"><\/td>\n<td style=\"width: 94.34375px;\">CCSS, CCNN<\/td>\n<td style=\"width: 226.65625px;\"><span style=\"font-weight: 400;\">-Con\u00e9ixer la crian\u00e7a del cavall i la seua import\u00e0ncia hist\u00f2rica<\/span><\/td>\n<\/tr>\n<tr>\n<td style=\"width: 74px;\" rowspan=\"2\">3r trim<\/td>\n<td style=\"width: 187px;\">Teatre: \u201c Don Quijote\u201d<\/td>\n<td style=\"width: 144px;\"><\/td>\n<td style=\"width: 94.34375px;\"><span style=\"font-weight: 400;\">Castell\u00e0<\/span><\/td>\n<td style=\"width: 226.65625px;\"><span style=\"font-weight: 400;\">-Con\u00e9ixer el m\u00f3n del teatre<\/span><\/td>\n<\/tr>\n<tr>\n<td style=\"width: 187px;\">Alberg de Talayuelas<\/td>\n<td style=\"width: 144px;\"><\/td>\n<td style=\"width: 94.34375px;\">Tots<\/td>\n<td style=\"width: 226.65625px;\">Gaudir d\u2019unes jornades l\u00fadiques.<\/td>\n<\/tr>\n<\/tbody>\n<\/table>\n<p>&nbsp;<\/p>\n<p><u>3r \u00a0 ESO<\/u><\/p>\n<p>&nbsp;<\/p>\n<table style=\"width: 752px;\">\n<tbody>\n<tr>\n<td style=\"width: 78.28125px;\"><\/td>\n<td style=\"width: 180.71875px;\">ACTIVITATS<\/td>\n<td style=\"width: 139px;\">DATA<\/td>\n<td style=\"width: 113px;\">DEPARTAMENT<\/td>\n<td style=\"width: 210px;\">OBJECTIUS<\/td>\n<\/tr>\n<tr>\n<td style=\"width: 78.28125px;\" rowspan=\"2\">1r trim.<\/td>\n<td style=\"width: 180.71875px;\"><span style=\"font-weight: 400;\">-Ruta ciclista \u201cOjos Negros\u201d<\/span><\/td>\n<td style=\"width: 139px;\"><\/td>\n<td style=\"width: 113px;\">CCSS, CCNN,<span style=\"font-weight: 400;\">Tecnologia,Ed. F\u00edsica<\/span><\/td>\n<td style=\"width: 210px;\"><span style=\"font-weight: 400;\">Practicar esport coneixent l\u2019antiga ruta de Ojos Negros.<\/span><\/td>\n<\/tr>\n<tr>\n<td style=\"width: 180.71875px;\"><span style=\"font-weight: 400;\">-Teatre: \u201cA musical disaster\u201d<\/span><\/td>\n<td style=\"width: 139px;\"><\/td>\n<td style=\"width: 113px;\"><span style=\"font-weight: 400;\">Angl\u00e9s<\/span><\/td>\n<td style=\"width: 210px;\"><span style=\"font-weight: 400;\">Millorar el nivell d\u2019angl\u00e9s<\/span><\/td>\n<\/tr>\n<tr>\n<td style=\"width: 78.28125px;\">2n trim.<\/td>\n<td style=\"width: 180.71875px;\">Centre d\u2019Interpretaci\u00f3 de la Natura de Calp (IMEDMAR)<\/td>\n<td style=\"width: 139px;\"><\/td>\n<td style=\"width: 113px;\">CCNN i Tecnologia<\/td>\n<td style=\"width: 210px;\">Con\u00e9ixer la Natura<\/td>\n<\/tr>\n<tr>\n<td style=\"width: 78.28125px;\">3r trim<\/td>\n<td style=\"width: 180.71875px;\">Rafting per La Hoces del Cabriel<\/td>\n<td style=\"width: 139px;\"><\/td>\n<td style=\"width: 113px;\">Tots<\/td>\n<td style=\"width: 210px;\">Gauir d\u2019una jornada l\u00fadica<\/td>\n<\/tr>\n<\/tbody>\n<\/table>\n<p>&nbsp;<\/p>\n<p><u>4rt \u00a0 ESO<\/u><\/p>\n<p>&nbsp;<\/p>\n<table style=\"width: 747px;\">\n<tbody>\n<tr>\n<td style=\"width: 82px;\"><\/td>\n<td style=\"width: 177px;\">ACTIVITATS<\/td>\n<td style=\"width: 131px;\">DATA<\/td>\n<td style=\"width: 123.078125px;\">DEPARTAMENT<\/td>\n<td style=\"width: 202.921875px;\">OBJECTIUS<\/td>\n<\/tr>\n<tr>\n<td style=\"width: 82px;\" rowspan=\"2\">1r trim.<\/td>\n<td style=\"width: 177px;\"><span style=\"font-weight: 400;\">-Visita a la Base de l\u2019ONU a Val\u00e8ncia<\/span><\/td>\n<td style=\"width: 131px;\"><\/td>\n<td style=\"width: 123.078125px;\">CCSS<\/td>\n<td style=\"width: 202.921875px;\"><span style=\"font-weight: 400;\">Con\u00e9ixer el funcionament de la Base de Soporte de les accions de pau de l\u2019ONU<\/span><\/td>\n<\/tr>\n<tr>\n<td style=\"width: 177px;\"><span style=\"font-weight: 400;\">-Teatre: \u201cA musical disaster\u201d<\/span><\/td>\n<td style=\"width: 131px;\"><\/td>\n<td style=\"width: 123.078125px;\"><span style=\"font-weight: 400;\">Angl\u00e9s<\/span><\/td>\n<td style=\"width: 202.921875px;\"><span style=\"font-weight: 400;\">Millorar el nivell d\u2019angl\u00e9s<\/span><\/td>\n<\/tr>\n<tr>\n<td style=\"width: 82px;\" rowspan=\"2\">2n trim.<\/td>\n<td style=\"width: 177px;\"><span style=\"font-weight: 400;\">-Visita Val\u00e8ncia Medieval<\/span><\/td>\n<td style=\"width: 131px;\"><\/td>\n<td style=\"width: 123.078125px;\">CCSS<\/td>\n<td style=\"width: 202.921875px;\"><span style=\"font-weight: 400;\">Con\u00e8ixer el centre hist\u00f2ric de Val\u00e8ncia<\/span><\/td>\n<\/tr>\n<tr>\n<td style=\"width: 177px;\">Teatre: \u201cEl Lazarillo de Tormes\u201d<\/td>\n<td style=\"width: 131px;\"><\/td>\n<td style=\"width: 123.078125px;\"><span style=\"font-weight: 400;\">Castell\u00e0<\/span><\/td>\n<td style=\"width: 202.921875px;\">Con\u00e8ixer el m\u00f3n del teatre<\/td>\n<\/tr>\n<tr>\n<td style=\"width: 82px;\">3r trim<\/td>\n<td style=\"width: 177px;\">Tarragona, Port Aventura, Delta de l\u2019Ebre<\/td>\n<td style=\"width: 131px;\">&nbsp;<\/p>\n<p>1<\/td>\n<td style=\"width: 123.078125px;\">Cultura cl\u00e0ssica, Ed F\u00edsica i Lletres<\/td>\n<td style=\"width: 202.921875px;\">Visitar restes arqueol\u00f2giques de l\u2019\u00e8poca romana. Oferir espais d\u2019oci i cultura.<\/td>\n<\/tr>\n<\/tbody>\n<\/table>\n<p><u>\u00a0<\/u><\/p>\n<p><u>\u00a0<\/u><\/p>\n<p><u>1r \u00a0 BATXILLERAT<\/u><\/p>\n<p>&nbsp;<\/p>\n<table style=\"width: 753px;\">\n<tbody>\n<tr>\n<td style=\"width: 74px;\"><\/td>\n<td style=\"width: 182px;\">ACTIVITATS<\/td>\n<td style=\"width: 73px;\">DATA<\/td>\n<td style=\"width: 134px;\">DEPARTAMENT<\/td>\n<td style=\"width: 258px;\">OBJECTIUS<\/td>\n<\/tr>\n<tr>\n<td style=\"width: 74px;\">1r trim.<\/td>\n<td style=\"width: 182px;\">Visita a Morella<\/td>\n<td style=\"width: 73px;\"><\/td>\n<td style=\"width: 134px;\"><span style=\"font-weight: 400;\">Valenci\u00e0<\/span><\/td>\n<td style=\"width: 258px;\">Recon\u00e8ixer el valor hist\u00f2ric i cultural de Morella<\/td>\n<\/tr>\n<tr>\n<td style=\"width: 74px;\" rowspan=\"2\">2n trim.<\/td>\n<td style=\"width: 182px;\"><span style=\"font-weight: 400;\">-Cam\u00ed de Santiago<\/span><\/td>\n<td style=\"width: 73px;\"><\/td>\n<td style=\"width: 134px;\"><span style=\"font-weight: 400;\">Religi\u00f3<\/span><\/td>\n<td style=\"width: 258px;\"><span style=\"font-weight: 400;\">Viure l\u2019espiritualitat del cam\u00ed<\/span><\/td>\n<\/tr>\n<tr>\n<td style=\"width: 182px;\"><span style=\"font-weight: 400;\">-Teatre: \u201c La Celestina\u201d<\/span><\/td>\n<td style=\"width: 73px;\"><\/td>\n<td style=\"width: 134px;\"><span style=\"font-weight: 400;\">Castell\u00e0<\/span><\/td>\n<td style=\"width: 258px;\"><span style=\"font-weight: 400;\">Con\u00e9ixer el m\u00f3n del teatre<\/span><\/td>\n<\/tr>\n<tr>\n<td style=\"width: 74px;\" rowspan=\"2\">3r trim.<\/td>\n<td style=\"width: 182px;\"><span style=\"font-weight: 400;\">-Teatre Greco-llat\u00ed<\/span><\/td>\n<td style=\"width: 73px;\"><\/td>\n<td style=\"width: 134px;\"><span style=\"font-weight: 400;\">Lleng\u00fces cl\u00e0ssiques, filosofia<\/span><\/td>\n<td style=\"width: 258px;\"><span style=\"font-weight: 400;\">Con\u00e9ixer el m\u00f3n del teatre<\/span><\/td>\n<\/tr>\n<tr>\n<td style=\"width: 182px;\"><span style=\"font-weight: 400;\">-Eixida Fi de Curs: Burgos<\/span><\/td>\n<td style=\"width: 73px;\"><\/td>\n<td style=\"width: 134px;\"><span style=\"font-weight: 400;\">Tots<\/span><\/td>\n<td style=\"width: 258px;\"><span style=\"font-weight: 400;\">Con\u00e9ixer una ciutat espanyola<\/span><\/td>\n<\/tr>\n<\/tbody>\n<\/table>\n<p>&nbsp;<\/p>\n<p><u>2n \u00a0 BATXILLERAT<\/u><\/p>\n<p>&nbsp;<\/p>\n<table style=\"width: 743px;\">\n<tbody>\n<tr>\n<td style=\"width: 76px;\"><\/td>\n<td style=\"width: 174px;\">ACTIVITATS<\/td>\n<td style=\"width: 79px;\">DATA<\/td>\n<td style=\"width: 146.5625px;\">DEPARTAMENT<\/td>\n<td style=\"width: 236.4375px;\">OBJECTIUS<\/td>\n<\/tr>\n<tr>\n<td style=\"width: 76px;\" rowspan=\"2\">1r trim.<\/td>\n<td style=\"width: 174px;\"><span style=\"font-weight: 400;\">-Teatre: \u201cLuces de Bohemia\u201d<\/span><\/td>\n<td style=\"width: 79px;\"><\/td>\n<td style=\"width: 146.5625px;\"><span style=\"font-weight: 400;\">Castell\u00e0<\/span><\/td>\n<td style=\"width: 236.4375px;\"><span style=\"font-weight: 400;\">Con\u00e9ixer el m\u00f3n del teatre<\/span><\/td>\n<\/tr>\n<tr>\n<td style=\"width: 174px;\"><span style=\"font-weight: 400;\">-Visita cultural a Val\u00e8ncia<\/span><\/td>\n<td style=\"width: 79px;\"><\/td>\n<td style=\"width: 146.5625px;\"><span style=\"font-weight: 400;\">Hist\u00f2ria de l\u2019Art, Llengua<\/span><\/td>\n<td style=\"width: 236.4375px;\"><span style=\"font-weight: 400;\">Con\u00e9ixer el patrimoni art\u00edstic<\/span><\/td>\n<\/tr>\n<tr>\n<td style=\"width: 76px;\">2n trim.<\/td>\n<td style=\"width: 174px;\">Museu de la Ci\u00e8ncia de Barcelona<\/td>\n<td style=\"width: 79px;\"><\/td>\n<td style=\"width: 146.5625px;\"><span style=\"font-weight: 400;\">Ci\u00e8ncies<\/span><\/td>\n<td style=\"width: 236.4375px;\">Desenvolupar pautes d\u2019observaci\u00f3 i estudi<\/td>\n<\/tr>\n<tr>\n<td style=\"width: 76px;\">3r trim<\/td>\n<td style=\"width: 174px;\">Viatge Fi de Curs Praga<\/td>\n<td style=\"width: 79px;\"><\/td>\n<td style=\"width: 146.5625px;\"><span style=\"font-weight: 400;\">Tots<\/span><\/td>\n<td style=\"width: 236.4375px;\">Con\u00e9ixer una capital europea<\/td>\n<\/tr>\n<\/tbody>\n<\/table>\n<p>&nbsp;<\/p>\n<p>&nbsp;<\/p>\n<p>ALTRES<\/p>\n<p>&nbsp;<\/p>\n<table width=\"690\">\n<tbody>\n<tr style=\"height: 24px;\">\n<td style=\"height: 24px;\" width=\"232\">ACTIVITATS<\/td>\n<td style=\"height: 24px;\" width=\"87\">DATA<\/td>\n<td style=\"height: 24px;\" width=\"148\">DEPARTAMENT<\/td>\n<td style=\"height: 24px;\" width=\"222\">OBJECTIUS<\/td>\n<\/tr>\n<tr style=\"height: 48px;\">\n<td style=\"height: 48px;\" width=\"232\">Marxa Diocesana<\/td>\n<td style=\"height: 48px;\" width=\"87\"><\/td>\n<td style=\"height: 48px;\" width=\"148\">Religi\u00f3<\/td>\n<td style=\"height: 48px;\" width=\"222\"><\/td>\n<\/tr>\n<tr style=\"height: 24px;\">\n<td style=\"height: 24px;\" width=\"232\">Setmana Cultural<\/td>\n<td style=\"height: 24px;\" width=\"87\"><\/td>\n<td style=\"height: 24px;\" width=\"148\">Tots<\/td>\n<td style=\"height: 24px;\" width=\"222\"><\/td>\n<\/tr>\n<tr style=\"height: 48px;\">\n<td style=\"height: 48px;\" width=\"232\">Viatge a la neu<\/td>\n<td style=\"height: 48px;\" width=\"87\"><\/td>\n<td style=\"height: 48px;\" width=\"148\">Tots<\/td>\n<td style=\"height: 48px;\" width=\"222\"><\/td>\n<\/tr>\n<tr style=\"height: 48px;\">\n<td style=\"height: 48px;\" width=\"232\">Visita Obsevat\u00f2ri Astron\u00f2mic d\u2019Aras de los Olmos<\/td>\n<td style=\"height: 48px;\" width=\"87\">octubre<\/td>\n<td style=\"height: 48px;\" width=\"148\">F\u00edsica i Qu\u00edmica<\/td>\n<td style=\"height: 48px;\" width=\"222\"><\/td>\n<\/tr>\n<tr style=\"height: 24px;\">\n<td style=\"height: 24px;\" width=\"232\">Trobada amb escriptors<\/td>\n<td style=\"height: 24px;\" width=\"87\">Abril<\/td>\n<td style=\"height: 24px;\" width=\"148\">Llengua<\/td>\n<td style=\"height: 24px;\" width=\"222\">Con\u00e9ixer escriptors<\/td>\n<\/tr>\n<tr style=\"height: 72px;\">\n<td style=\"height: 72px;\" width=\"232\">P\u00e0ctiques en la Universitat<\/td>\n<td style=\"height: 72px;\" width=\"87\">Sense data<\/td>\n<td style=\"height: 72px;\" width=\"148\">CCNN, F\u00edsica i Qu\u00edmica<\/td>\n<td style=\"height: 72px;\" width=\"222\">Con\u00e9ixer el treball en els laboratoris de la Universitat.<\/td>\n<\/tr>\n<\/tbody>\n<\/table>\n<p>&nbsp;<\/p>\n<p>&nbsp;<\/p>\n<p><span style=\"font-weight: 400;\">Si durant el curs hi haguera alguna obra de teatre o pel\u00b7l\u00edcula que es considere interesant es tindr\u00e0 en compte la possibilitat d\u2019anar-hi.<\/span><\/p>\n<p>&nbsp;<\/p>\n<p>&nbsp;<\/p>\n<p>&nbsp;<\/p>\n<p>&nbsp;<\/p>\n<p>&nbsp;<\/p>\n<p>&nbsp;<\/p>\n<p>&nbsp;<\/p>\n<p>&nbsp;<\/p>\n<p>&nbsp;<\/p>\n<p>&nbsp;<\/p>\n<p>&nbsp;<\/p>\n<p>&nbsp;<\/p>\n","protected":false},"excerpt":{"rendered":"<p>ACTIVITATS COMPLEMENT\u00c0RIES CURS 2019\/20 &nbsp; &nbsp; 1r \u00a0 ESO &nbsp; ACTIVITATS DATA DEPARTAMENT OBJECTIUS 1r trim. Visita a les Coves de la Valltorta 15 i 17 d\u2019octubre CCSS, CCNN, Ed. F\u00edsica Con\u00e9ixer pintures rupestres.. 2n trim. Jard\u00ed Bot\u00e0nic i pista de gel. CCNN, Ed F\u00edsica Con\u00e9ixer un espai natural i l\u2019esport del patinatge sobre gel.. [&hellip;]<\/p>\n","protected":false},"author":4,"featured_media":0,"parent":9539,"menu_order":0,"comment_status":"closed","ping_status":"closed","template":"","meta":{"_monsterinsights_skip_tracking":false,"_monsterinsights_sitenote_active":false,"_monsterinsights_sitenote_note":"","_monsterinsights_sitenote_category":0,"footnotes":""},"class_list":["post-9541","page","type-page","status-publish","hentry"],"yoast_head":"<!-- This site is optimized with the Yoast SEO plugin v26.2 - https:\/\/yoast.com\/wordpress\/plugins\/seo\/ -->\n<title>Activitats complement\u00e0ries - C. Parroquial San Jaime Ap\u00f3stol<\/title>\n<meta name=\"robots\" content=\"index, follow, max-snippet:-1, max-image-preview:large, max-video-preview:-1\" \/>\n<link rel=\"canonical\" href=\"https:\/\/colegio.sanjaimemoncada.es\/eso-bachillerato\/actividades-complementarias\/\" \/>\n<meta property=\"og:locale\" content=\"en_US\" \/>\n<meta property=\"og:type\" content=\"article\" \/>\n<meta property=\"og:title\" content=\"Activitats complement\u00e0ries - C. Parroquial San Jaime Ap\u00f3stol\" \/>\n<meta property=\"og:description\" content=\"ACTIVITATS COMPLEMENT\u00c0RIES CURS 2019\/20 &nbsp; &nbsp; 1r \u00a0 ESO &nbsp; ACTIVITATS DATA DEPARTAMENT OBJECTIUS 1r trim. Visita a les Coves de la Valltorta 15 i 17 d\u2019octubre CCSS, CCNN, Ed. F\u00edsica Con\u00e9ixer pintures rupestres.. 2n trim. Jard\u00ed Bot\u00e0nic i pista de gel. CCNN, Ed F\u00edsica Con\u00e9ixer un espai natural i l\u2019esport del patinatge sobre gel.. [&hellip;]\" \/>\n<meta property=\"og:url\" content=\"https:\/\/colegio.sanjaimemoncada.es\/eso-bachillerato\/actividades-complementarias\/\" \/>\n<meta property=\"og:site_name\" content=\"C. Parroquial San Jaime Ap\u00f3stol\" \/>\n<meta property=\"article:modified_time\" content=\"2019-10-01T08:43:37+00:00\" \/>\n<meta name=\"twitter:card\" content=\"summary_large_image\" \/>\n<meta name=\"twitter:label1\" content=\"Est. reading time\" \/>\n\t<meta name=\"twitter:data1\" content=\"3 minutes\" \/>\n<script type=\"application\/ld+json\" class=\"yoast-schema-graph\">{\"@context\":\"https:\/\/schema.org\",\"@graph\":[{\"@type\":\"WebPage\",\"@id\":\"https:\/\/colegio.sanjaimemoncada.es\/eso-bachillerato\/actividades-complementarias\/\",\"url\":\"https:\/\/colegio.sanjaimemoncada.es\/eso-bachillerato\/actividades-complementarias\/\",\"name\":\"Activitats complement\u00e0ries - C. Parroquial San Jaime Ap\u00f3stol\",\"isPartOf\":{\"@id\":\"https:\/\/colegio.sanjaimemoncada.es\/#website\"},\"datePublished\":\"2017-03-02T15:48:52+00:00\",\"dateModified\":\"2019-10-01T08:43:37+00:00\",\"breadcrumb\":{\"@id\":\"https:\/\/colegio.sanjaimemoncada.es\/eso-bachillerato\/actividades-complementarias\/#breadcrumb\"},\"inLanguage\":\"va\",\"potentialAction\":[{\"@type\":\"ReadAction\",\"target\":[\"https:\/\/colegio.sanjaimemoncada.es\/eso-bachillerato\/actividades-complementarias\/\"]}]},{\"@type\":\"BreadcrumbList\",\"@id\":\"https:\/\/colegio.sanjaimemoncada.es\/eso-bachillerato\/actividades-complementarias\/#breadcrumb\",\"itemListElement\":[{\"@type\":\"ListItem\",\"position\":1,\"name\":\"Portada\",\"item\":\"https:\/\/colegio.sanjaimemoncada.es\/va\/\"},{\"@type\":\"ListItem\",\"position\":2,\"name\":\"ESO &#8211; Batxillerat\",\"item\":\"https:\/\/colegio.sanjaimemoncada.es\/eso-bachillerato\/\"},{\"@type\":\"ListItem\",\"position\":3,\"name\":\"Activitats complement\u00e0ries\"}]},{\"@type\":\"WebSite\",\"@id\":\"https:\/\/colegio.sanjaimemoncada.es\/#website\",\"url\":\"https:\/\/colegio.sanjaimemoncada.es\/\",\"name\":\"C. Parroquial San Jaime Ap\u00f3stol\",\"description\":\"\",\"potentialAction\":[{\"@type\":\"SearchAction\",\"target\":{\"@type\":\"EntryPoint\",\"urlTemplate\":\"https:\/\/colegio.sanjaimemoncada.es\/?s={search_term_string}\"},\"query-input\":{\"@type\":\"PropertyValueSpecification\",\"valueRequired\":true,\"valueName\":\"search_term_string\"}}],\"inLanguage\":\"va\"}]}<\/script>\n<!-- \/ Yoast SEO plugin. -->","yoast_head_json":{"title":"Activitats complement\u00e0ries - C. Parroquial San Jaime Ap\u00f3stol","robots":{"index":"index","follow":"follow","max-snippet":"max-snippet:-1","max-image-preview":"max-image-preview:large","max-video-preview":"max-video-preview:-1"},"canonical":"https:\/\/colegio.sanjaimemoncada.es\/eso-bachillerato\/actividades-complementarias\/","og_locale":"en_US","og_type":"article","og_title":"Activitats complement\u00e0ries - C. Parroquial San Jaime Ap\u00f3stol","og_description":"ACTIVITATS COMPLEMENT\u00c0RIES CURS 2019\/20 &nbsp; &nbsp; 1r \u00a0 ESO &nbsp; ACTIVITATS DATA DEPARTAMENT OBJECTIUS 1r trim. Visita a les Coves de la Valltorta 15 i 17 d\u2019octubre CCSS, CCNN, Ed. F\u00edsica Con\u00e9ixer pintures rupestres.. 2n trim. Jard\u00ed Bot\u00e0nic i pista de gel. CCNN, Ed F\u00edsica Con\u00e9ixer un espai natural i l\u2019esport del patinatge sobre gel.. [&hellip;]","og_url":"https:\/\/colegio.sanjaimemoncada.es\/eso-bachillerato\/actividades-complementarias\/","og_site_name":"C. Parroquial San Jaime Ap\u00f3stol","article_modified_time":"2019-10-01T08:43:37+00:00","twitter_card":"summary_large_image","twitter_misc":{"Est. reading time":"3 minutes"},"schema":{"@context":"https:\/\/schema.org","@graph":[{"@type":"WebPage","@id":"https:\/\/colegio.sanjaimemoncada.es\/eso-bachillerato\/actividades-complementarias\/","url":"https:\/\/colegio.sanjaimemoncada.es\/eso-bachillerato\/actividades-complementarias\/","name":"Activitats complement\u00e0ries - C. Parroquial San Jaime Ap\u00f3stol","isPartOf":{"@id":"https:\/\/colegio.sanjaimemoncada.es\/#website"},"datePublished":"2017-03-02T15:48:52+00:00","dateModified":"2019-10-01T08:43:37+00:00","breadcrumb":{"@id":"https:\/\/colegio.sanjaimemoncada.es\/eso-bachillerato\/actividades-complementarias\/#breadcrumb"},"inLanguage":"va","potentialAction":[{"@type":"ReadAction","target":["https:\/\/colegio.sanjaimemoncada.es\/eso-bachillerato\/actividades-complementarias\/"]}]},{"@type":"BreadcrumbList","@id":"https:\/\/colegio.sanjaimemoncada.es\/eso-bachillerato\/actividades-complementarias\/#breadcrumb","itemListElement":[{"@type":"ListItem","position":1,"name":"Portada","item":"https:\/\/colegio.sanjaimemoncada.es\/va\/"},{"@type":"ListItem","position":2,"name":"ESO &#8211; Batxillerat","item":"https:\/\/colegio.sanjaimemoncada.es\/eso-bachillerato\/"},{"@type":"ListItem","position":3,"name":"Activitats complement\u00e0ries"}]},{"@type":"WebSite","@id":"https:\/\/colegio.sanjaimemoncada.es\/#website","url":"https:\/\/colegio.sanjaimemoncada.es\/","name":"C. Parroquial San Jaime Ap\u00f3stol","description":"","potentialAction":[{"@type":"SearchAction","target":{"@type":"EntryPoint","urlTemplate":"https:\/\/colegio.sanjaimemoncada.es\/?s={search_term_string}"},"query-input":{"@type":"PropertyValueSpecification","valueRequired":true,"valueName":"search_term_string"}}],"inLanguage":"va"}]}},"_links":{"self":[{"href":"https:\/\/colegio.sanjaimemoncada.es\/va\/wp-json\/wp\/v2\/pages\/9541","targetHints":{"allow":["GET"]}}],"collection":[{"href":"https:\/\/colegio.sanjaimemoncada.es\/va\/wp-json\/wp\/v2\/pages"}],"about":[{"href":"https:\/\/colegio.sanjaimemoncada.es\/va\/wp-json\/wp\/v2\/types\/page"}],"author":[{"embeddable":true,"href":"https:\/\/colegio.sanjaimemoncada.es\/va\/wp-json\/wp\/v2\/users\/4"}],"replies":[{"embeddable":true,"href":"https:\/\/colegio.sanjaimemoncada.es\/va\/wp-json\/wp\/v2\/comments?post=9541"}],"version-history":[{"count":4,"href":"https:\/\/colegio.sanjaimemoncada.es\/va\/wp-json\/wp\/v2\/pages\/9541\/revisions"}],"predecessor-version":[{"id":16842,"href":"https:\/\/colegio.sanjaimemoncada.es\/va\/wp-json\/wp\/v2\/pages\/9541\/revisions\/16842"}],"up":[{"embeddable":true,"href":"https:\/\/colegio.sanjaimemoncada.es\/va\/wp-json\/wp\/v2\/pages\/9539"}],"wp:attachment":[{"href":"https:\/\/colegio.sanjaimemoncada.es\/va\/wp-json\/wp\/v2\/media?parent=9541"}],"curies":[{"name":"wp","href":"https:\/\/api.w.org\/{rel}","templated":true}]}}