{"id":9536,"date":"2017-06-27T08:58:56","date_gmt":"2017-06-27T06:58:56","guid":{"rendered":"https:\/\/colegio.sanjaimemoncada.es\/escuela-de-verano\/"},"modified":"2019-09-10T17:29:23","modified_gmt":"2019-09-10T15:29:23","slug":"escuela-de-verano","status":"publish","type":"page","link":"https:\/\/colegio.sanjaimemoncada.es\/va\/escuela-de-verano\/","title":{"rendered":"Escola d&#8217;estiu"},"content":{"rendered":"<p><img decoding=\"async\" class=\"aligncenter\" src=\"https:\/\/colegio.sanjaimemoncada.es\/wp-content\/uploads\/2017\/06\/Escola-destiu45png-e1496758150191.png\" \/><\/p>\n<p>&nbsp;<\/p>\n<p>&nbsp;<\/p>\n<p>Cada any, el col\u00b7legi organitza l&#8217;Escola d&#8217;Estiu durant l&#8217;\u00faltima setmana de juny i el mes de juliol en horari de 9:00h a 13:00h, amb possibilitat de menjador i escola matinera.<\/p>\n<p>L&#8217;escola d&#8217;estiu est\u00e0 oberta per als xiquets que hagen cursat des de 1r d&#8217;infantil fins a 6\u00e9 de Prim\u00e0ria i podran realitzar activitats com a manualitats, jocs d&#8217;aigua, jocs esportius, audiovisuals, rep\u00e0s, inform\u00e0tica&#8230;<\/p>\n<p>La inscripci\u00f3 per a l&#8217;Escola d&#8217;Estiu per a juny &#8211; juliol de 2020 es proporcionar\u00e0 durant el mes de maig.<\/p>\n<p>&nbsp;<\/p>\n","protected":false},"excerpt":{"rendered":"<p>&nbsp; &nbsp; Cada any, el col\u00b7legi organitza l&#8217;Escola d&#8217;Estiu durant l&#8217;\u00faltima setmana de juny i el mes de juliol en horari de 9:00h a 13:00h, amb possibilitat de menjador i escola matinera. L&#8217;escola d&#8217;estiu est\u00e0 oberta per als xiquets que hagen cursat des de 1r d&#8217;infantil fins a 6\u00e9 de Prim\u00e0ria i podran realitzar activitats [&hellip;]<\/p>\n","protected":false},"author":4,"featured_media":0,"parent":0,"menu_order":0,"comment_status":"closed","ping_status":"closed","template":"","meta":{"_monsterinsights_skip_tracking":false,"_monsterinsights_sitenote_active":false,"_monsterinsights_sitenote_note":"","_monsterinsights_sitenote_category":0,"footnotes":""},"class_list":["post-9536","page","type-page","status-publish","hentry"],"yoast_head":"<!-- This site is optimized with the Yoast SEO plugin v26.2 - https:\/\/yoast.com\/wordpress\/plugins\/seo\/ -->\n<title>Escola d&#039;estiu - C. Parroquial San Jaime Ap\u00f3stol<\/title>\n<meta name=\"robots\" content=\"index, follow, max-snippet:-1, max-image-preview:large, max-video-preview:-1\" \/>\n<link rel=\"canonical\" href=\"https:\/\/colegio.sanjaimemoncada.es\/escuela-de-verano\/\" \/>\n<meta property=\"og:locale\" content=\"en_US\" \/>\n<meta property=\"og:type\" content=\"article\" \/>\n<meta property=\"og:title\" content=\"Escola d&#039;estiu - C. Parroquial San Jaime Ap\u00f3stol\" \/>\n<meta property=\"og:description\" content=\"&nbsp; &nbsp; Cada any, el col\u00b7legi organitza l&#8217;Escola d&#8217;Estiu durant l&#8217;\u00faltima setmana de juny i el mes de juliol en horari de 9:00h a 13:00h, amb possibilitat de menjador i escola matinera. L&#8217;escola d&#8217;estiu est\u00e0 oberta per als xiquets que hagen cursat des de 1r d&#8217;infantil fins a 6\u00e9 de Prim\u00e0ria i podran realitzar activitats [&hellip;]\" \/>\n<meta property=\"og:url\" content=\"https:\/\/colegio.sanjaimemoncada.es\/escuela-de-verano\/\" \/>\n<meta property=\"og:site_name\" content=\"C. Parroquial San Jaime Ap\u00f3stol\" \/>\n<meta property=\"article:modified_time\" content=\"2019-09-10T15:29:23+00:00\" \/>\n<meta property=\"og:image\" content=\"https:\/\/colegio.sanjaimemoncada.es\/wp-content\/uploads\/2017\/06\/Escola-destiu45png-e1496758150191.png\" \/>\n<meta name=\"twitter:card\" content=\"summary_large_image\" \/>\n<script type=\"application\/ld+json\" class=\"yoast-schema-graph\">{\"@context\":\"https:\/\/schema.org\",\"@graph\":[{\"@type\":\"WebPage\",\"@id\":\"https:\/\/colegio.sanjaimemoncada.es\/escuela-de-verano\/\",\"url\":\"https:\/\/colegio.sanjaimemoncada.es\/escuela-de-verano\/\",\"name\":\"Escola d'estiu - C. Parroquial San Jaime Ap\u00f3stol\",\"isPartOf\":{\"@id\":\"https:\/\/colegio.sanjaimemoncada.es\/#website\"},\"primaryImageOfPage\":{\"@id\":\"https:\/\/colegio.sanjaimemoncada.es\/escuela-de-verano\/#primaryimage\"},\"image\":{\"@id\":\"https:\/\/colegio.sanjaimemoncada.es\/escuela-de-verano\/#primaryimage\"},\"thumbnailUrl\":\"https:\/\/colegio.sanjaimemoncada.es\/wp-content\/uploads\/2017\/06\/Escola-destiu45png-e1496758150191.png\",\"datePublished\":\"2017-06-27T06:58:56+00:00\",\"dateModified\":\"2019-09-10T15:29:23+00:00\",\"breadcrumb\":{\"@id\":\"https:\/\/colegio.sanjaimemoncada.es\/escuela-de-verano\/#breadcrumb\"},\"inLanguage\":\"va\",\"potentialAction\":[{\"@type\":\"ReadAction\",\"target\":[\"https:\/\/colegio.sanjaimemoncada.es\/escuela-de-verano\/\"]}]},{\"@type\":\"ImageObject\",\"inLanguage\":\"va\",\"@id\":\"https:\/\/colegio.sanjaimemoncada.es\/escuela-de-verano\/#primaryimage\",\"url\":\"https:\/\/colegio.sanjaimemoncada.es\/wp-content\/uploads\/2017\/06\/Escola-destiu45png-e1496758150191.png\",\"contentUrl\":\"https:\/\/colegio.sanjaimemoncada.es\/wp-content\/uploads\/2017\/06\/Escola-destiu45png-e1496758150191.png\"},{\"@type\":\"BreadcrumbList\",\"@id\":\"https:\/\/colegio.sanjaimemoncada.es\/escuela-de-verano\/#breadcrumb\",\"itemListElement\":[{\"@type\":\"ListItem\",\"position\":1,\"name\":\"Portada\",\"item\":\"https:\/\/colegio.sanjaimemoncada.es\/va\/\"},{\"@type\":\"ListItem\",\"position\":2,\"name\":\"Escola d&#8217;estiu\"}]},{\"@type\":\"WebSite\",\"@id\":\"https:\/\/colegio.sanjaimemoncada.es\/#website\",\"url\":\"https:\/\/colegio.sanjaimemoncada.es\/\",\"name\":\"C. Parroquial San Jaime Ap\u00f3stol\",\"description\":\"\",\"potentialAction\":[{\"@type\":\"SearchAction\",\"target\":{\"@type\":\"EntryPoint\",\"urlTemplate\":\"https:\/\/colegio.sanjaimemoncada.es\/?s={search_term_string}\"},\"query-input\":{\"@type\":\"PropertyValueSpecification\",\"valueRequired\":true,\"valueName\":\"search_term_string\"}}],\"inLanguage\":\"va\"}]}<\/script>\n<!-- \/ Yoast SEO plugin. -->","yoast_head_json":{"title":"Escola d'estiu - C. Parroquial San Jaime Ap\u00f3stol","robots":{"index":"index","follow":"follow","max-snippet":"max-snippet:-1","max-image-preview":"max-image-preview:large","max-video-preview":"max-video-preview:-1"},"canonical":"https:\/\/colegio.sanjaimemoncada.es\/escuela-de-verano\/","og_locale":"en_US","og_type":"article","og_title":"Escola d'estiu - C. Parroquial San Jaime Ap\u00f3stol","og_description":"&nbsp; &nbsp; Cada any, el col\u00b7legi organitza l&#8217;Escola d&#8217;Estiu durant l&#8217;\u00faltima setmana de juny i el mes de juliol en horari de 9:00h a 13:00h, amb possibilitat de menjador i escola matinera. L&#8217;escola d&#8217;estiu est\u00e0 oberta per als xiquets que hagen cursat des de 1r d&#8217;infantil fins a 6\u00e9 de Prim\u00e0ria i podran realitzar activitats [&hellip;]","og_url":"https:\/\/colegio.sanjaimemoncada.es\/escuela-de-verano\/","og_site_name":"C. Parroquial San Jaime Ap\u00f3stol","article_modified_time":"2019-09-10T15:29:23+00:00","og_image":[{"url":"https:\/\/colegio.sanjaimemoncada.es\/wp-content\/uploads\/2017\/06\/Escola-destiu45png-e1496758150191.png","type":"","width":"","height":""}],"twitter_card":"summary_large_image","schema":{"@context":"https:\/\/schema.org","@graph":[{"@type":"WebPage","@id":"https:\/\/colegio.sanjaimemoncada.es\/escuela-de-verano\/","url":"https:\/\/colegio.sanjaimemoncada.es\/escuela-de-verano\/","name":"Escola d'estiu - C. Parroquial San Jaime Ap\u00f3stol","isPartOf":{"@id":"https:\/\/colegio.sanjaimemoncada.es\/#website"},"primaryImageOfPage":{"@id":"https:\/\/colegio.sanjaimemoncada.es\/escuela-de-verano\/#primaryimage"},"image":{"@id":"https:\/\/colegio.sanjaimemoncada.es\/escuela-de-verano\/#primaryimage"},"thumbnailUrl":"https:\/\/colegio.sanjaimemoncada.es\/wp-content\/uploads\/2017\/06\/Escola-destiu45png-e1496758150191.png","datePublished":"2017-06-27T06:58:56+00:00","dateModified":"2019-09-10T15:29:23+00:00","breadcrumb":{"@id":"https:\/\/colegio.sanjaimemoncada.es\/escuela-de-verano\/#breadcrumb"},"inLanguage":"va","potentialAction":[{"@type":"ReadAction","target":["https:\/\/colegio.sanjaimemoncada.es\/escuela-de-verano\/"]}]},{"@type":"ImageObject","inLanguage":"va","@id":"https:\/\/colegio.sanjaimemoncada.es\/escuela-de-verano\/#primaryimage","url":"https:\/\/colegio.sanjaimemoncada.es\/wp-content\/uploads\/2017\/06\/Escola-destiu45png-e1496758150191.png","contentUrl":"https:\/\/colegio.sanjaimemoncada.es\/wp-content\/uploads\/2017\/06\/Escola-destiu45png-e1496758150191.png"},{"@type":"BreadcrumbList","@id":"https:\/\/colegio.sanjaimemoncada.es\/escuela-de-verano\/#breadcrumb","itemListElement":[{"@type":"ListItem","position":1,"name":"Portada","item":"https:\/\/colegio.sanjaimemoncada.es\/va\/"},{"@type":"ListItem","position":2,"name":"Escola d&#8217;estiu"}]},{"@type":"WebSite","@id":"https:\/\/colegio.sanjaimemoncada.es\/#website","url":"https:\/\/colegio.sanjaimemoncada.es\/","name":"C. Parroquial San Jaime Ap\u00f3stol","description":"","potentialAction":[{"@type":"SearchAction","target":{"@type":"EntryPoint","urlTemplate":"https:\/\/colegio.sanjaimemoncada.es\/?s={search_term_string}"},"query-input":{"@type":"PropertyValueSpecification","valueRequired":true,"valueName":"search_term_string"}}],"inLanguage":"va"}]}},"_links":{"self":[{"href":"https:\/\/colegio.sanjaimemoncada.es\/va\/wp-json\/wp\/v2\/pages\/9536","targetHints":{"allow":["GET"]}}],"collection":[{"href":"https:\/\/colegio.sanjaimemoncada.es\/va\/wp-json\/wp\/v2\/pages"}],"about":[{"href":"https:\/\/colegio.sanjaimemoncada.es\/va\/wp-json\/wp\/v2\/types\/page"}],"author":[{"embeddable":true,"href":"https:\/\/colegio.sanjaimemoncada.es\/va\/wp-json\/wp\/v2\/users\/4"}],"replies":[{"embeddable":true,"href":"https:\/\/colegio.sanjaimemoncada.es\/va\/wp-json\/wp\/v2\/comments?post=9536"}],"version-history":[{"count":2,"href":"https:\/\/colegio.sanjaimemoncada.es\/va\/wp-json\/wp\/v2\/pages\/9536\/revisions"}],"predecessor-version":[{"id":16525,"href":"https:\/\/colegio.sanjaimemoncada.es\/va\/wp-json\/wp\/v2\/pages\/9536\/revisions\/16525"}],"wp:attachment":[{"href":"https:\/\/colegio.sanjaimemoncada.es\/va\/wp-json\/wp\/v2\/media?parent=9536"}],"curies":[{"name":"wp","href":"https:\/\/api.w.org\/{rel}","templated":true}]}}