{"id":9526,"date":"2016-04-20T17:33:23","date_gmt":"2016-04-20T15:33:23","guid":{"rendered":"https:\/\/colegio.sanjaimemoncada.es\/escuela-de-padres\/"},"modified":"2020-05-21T11:01:40","modified_gmt":"2020-05-21T09:01:40","slug":"escuela-de-padres","status":"publish","type":"page","link":"https:\/\/colegio.sanjaimemoncada.es\/va\/escuela-de-padres\/","title":{"rendered":"Escola de pares en l\u00ednia"},"content":{"rendered":"<p>En aquesta secci\u00f3 poden trobar\u00a0articles, enlla\u00e7os i v\u00eddeos interessants per a la vostra formaci\u00f3 com a pares. Una bona manera d&#8217;acompanyar m\u00e9s i millor als vostres fills en la seua educaci\u00f3.<\/p>\n<p>&nbsp;<\/p>\n<table style=\"width: 748px;\">\n<tbody>\n<tr style=\"height: 103px;\">\n<td style=\"width: 172px; height: 103px;\"><img loading=\"lazy\" decoding=\"async\" class=\"alignnone size-medium wp-image-19655\" src=\"https:\/\/colegio.sanjaimemoncada.es\/wp-content\/uploads\/2020\/05\/Captura-de-pantalla-2020-05-21-a-las-10.30.11-300x197.png\" alt=\"\" width=\"300\" height=\"197\" srcset=\"https:\/\/colegio.sanjaimemoncada.es\/wp-content\/uploads\/2020\/05\/Captura-de-pantalla-2020-05-21-a-las-10.30.11-300x197.png 300w, https:\/\/colegio.sanjaimemoncada.es\/wp-content\/uploads\/2020\/05\/Captura-de-pantalla-2020-05-21-a-las-10.30.11.png 648w\" sizes=\"auto, (max-width: 300px) 100vw, 300px\" \/><\/td>\n<td style=\"width: 32.515625px; height: 103px;\"><\/td>\n<td style=\"width: 734.484375px; height: 103px;\">\n<div class=\"textarea-desti col-xs-12 col-sm-6\">\n<div class=\"form-control second-textarea\"><strong>GUIA PER A SUPERAR LES P\u00c8RDUES EN TEMPS DEL COVID-19<\/strong><\/div>\n<\/div>\n<p><a href=\"https:\/\/colegio.sanjaimemoncada.es\/wp-content\/uploads\/2020\/05\/GUI\u0301A-DUELO-COVID19-2020.pdf\">Duel Covid-19<\/a><\/p>\n<div class=\"textarea-desti col-xs-12 col-sm-6\">\n<div class=\"form-control second-textarea\">Guia per a les persones que pateixen una p\u00e8rdua en temps de coronavirus, tant per als familiars com per als menors i adolescents.<\/div>\n<\/div>\n<div class=\"textarea-desti col-xs-12 col-sm-6\">\n<div class=\"form-control second-textarea\"><\/div>\n<\/div>\n<div class=\"textarea-desti col-xs-12 col-sm-6\">\n<div class=\"form-control second-textarea\"><strong>PARLAR SOBRE EL CORONAVIRUS ALS M\u00c9S XICOTETS<\/strong><\/div>\n<\/div>\n<p><a href=\"https:\/\/colegio.sanjaimemoncada.es\/wp-content\/uploads\/2020\/05\/Guia-para-hablar-sobre-el-coronavirus-con-los-ninos-mas-pequenos-UNICEF.pdf\">Guia per a parlar sobre el coronavirus amb els m\u00e9s xicotets<\/a><\/p>\n<div class=\"textarea-desti col-xs-12 col-sm-6\">\n<div class=\"form-control second-textarea\">Una guia elaborada per Unicef per a parlar amb els xiquets i xiquetes de l&#8217;etapa d&#8217;infantil sobre el coronavirus d&#8217;una manera senzilla, clara i tranquil\u00b7litzadora, aix\u00ed com abordar les emocions que poden estar sentint en la seua primera inf\u00e0ncia.<\/div>\n<\/div>\n<div class=\"textarea-desti col-xs-12 col-sm-6\">\n<div><\/div>\n<div class=\"form-control second-textarea\"><strong>GUIA PER A l&#8217;ACOMPANYAMENT EMOCIONAL DURANT EL PER\u00cdODE DE CONFINAMENT<\/strong><\/div>\n<\/div>\n<p><a href=\"https:\/\/colegio.sanjaimemoncada.es\/wp-content\/uploads\/2020\/05\/gui\u0301a-acompanamiento-emocional-infancia.pdf\">Gu\u00eda d&#8217;acompanyament emocional en la inf\u00e0ncia<\/a><\/p>\n<p>Hem perdut d&#8217;un dia per a un altre les rutines habituals, la qual cosa t\u00e9 conseq\u00fc\u00e8ncies a nivell psicol\u00f2gic en totes les persones, sent els xiquets m\u00e9s vulnerables per no tindre recursos ni eines per a enfrontar una situaci\u00f3 com aquesta.<br \/>\nAquesta guia ens ajudar\u00e0 a aconseguir la connexi\u00f3 emocional amb els nostres fills\u2028i per tant continuar sent base segura per a ells.<\/td>\n<\/tr>\n<tr style=\"height: 103px;\">\n<td style=\"width: 172px; height: 103px;\">\u00a0<img loading=\"lazy\" decoding=\"async\" class=\"alignnone size-medium wp-image-19679\" src=\"https:\/\/colegio.sanjaimemoncada.es\/wp-content\/uploads\/2020\/05\/helicopteros-300x223.jpg\" alt=\"\" width=\"300\" height=\"223\" srcset=\"https:\/\/colegio.sanjaimemoncada.es\/wp-content\/uploads\/2020\/05\/helicopteros-300x223.jpg 300w, https:\/\/colegio.sanjaimemoncada.es\/wp-content\/uploads\/2020\/05\/helicopteros-230x172.jpg 230w, https:\/\/colegio.sanjaimemoncada.es\/wp-content\/uploads\/2020\/05\/helicopteros.jpg 410w\" sizes=\"auto, (max-width: 300px) 100vw, 300px\" \/><\/td>\n<td style=\"width: 32.515625px; height: 103px;\"><\/td>\n<td style=\"width: 734.484375px; height: 103px;\"><b>EDUCACI\u00d3 EN CASA I EN L&#8217;ESCOLA<br \/>\n<\/b><a href=\"https:\/\/aprendemosjuntos.elpais.com\/especial\/ensenar-a-los-ninos-a-tolerar-la-frustracion-eva-millet\/\">Protegim als nostres fills?<\/a>Eva Millet, periodista i escriptora especialitzada en educaci\u00f3 i crian\u00e7a, adverteix dels efectes en xiquets i joves de la \u201chiperpaternidad\u201d, un model que va sorgir als Estats Units amb la primera generaci\u00f3 \u201cmilenial\u201d i que ja ha arribat a Espanya. Aquest nou fenomen va \u201cde la sobreprotecci\u00f3 al control excessiu, tant a casa com a l&#8217;aula\u201d, desautoritza als professors i envaeix l&#8217;espai dels xiquets a l&#8217;escola.<\/td>\n<\/tr>\n<tr style=\"height: 103px;\">\n<td style=\"width: 172px; height: 103px;\">\u00a0<img loading=\"lazy\" decoding=\"async\" class=\"alignnone size-medium wp-image-8423\" src=\"https:\/\/colegio.sanjaimemoncada.es\/wp-content\/uploads\/2018\/10\/videojuegos-300x148.jpg\" alt=\"\" width=\"300\" height=\"148\" srcset=\"https:\/\/colegio.sanjaimemoncada.es\/wp-content\/uploads\/2018\/10\/videojuegos-300x148.jpg 300w, https:\/\/colegio.sanjaimemoncada.es\/wp-content\/uploads\/2018\/10\/videojuegos-768x379.jpg 768w, https:\/\/colegio.sanjaimemoncada.es\/wp-content\/uploads\/2018\/10\/videojuegos.jpg 810w\" sizes=\"auto, (max-width: 300px) 100vw, 300px\" \/><\/td>\n<td style=\"width: 32.515625px; height: 103px;\"><\/td>\n<td style=\"width: 734.484375px; height: 103px;\"><b>VIDEOJOCS I VIDA SOCIAL<br \/>\n<\/b><a href=\"https:\/\/www.google.com\/search?q=videojuegos&amp;client=firefox-b-ab&amp;source=lnms&amp;tbm=isch&amp;sa=X&amp;ved=0ahUKEwiYgP__lIPeAhUHlosKHaJ4CpwQ_AUIDigB&amp;biw=1280&amp;bih=681#imgrc=gU_7SGS715vIJM:\">Fornite: l&#8217;adicci\u00f3 a videojocs que preocupa a pares i docents<\/a><\/p>\n<div class=\"textarea-desti col-xs-12 col-sm-6\">\n<div class=\"form-control second-textarea\">Molts docents de classes cada vegada m\u00e9s primerenques escoltem di\u00e0riament que la vesprada anterior han quedat tots en &#8220;el Fornite&#8221; i han estat hores i hores jugant. \u00c9s un tema que ens preocupa molt i volem acostar a les fam\u00edlies aquesta problem\u00e0tica que est\u00e0 lluny d&#8217;erradicar-se.<\/div>\n<\/div>\n<\/td>\n<\/tr>\n<tr style=\"height: 103px;\">\n<td style=\"width: 172px; height: 103px;\"><img loading=\"lazy\" decoding=\"async\" class=\"alignnone size-medium wp-image-3701\" src=\"https:\/\/colegio.sanjaimemoncada.es\/wp-content\/uploads\/2016\/04\/girl-1328416_1920-300x212.jpg\" alt=\"\" width=\"300\" height=\"212\" \/><\/td>\n<td style=\"width: 32.515625px; height: 103px;\"><\/td>\n<td style=\"width: 734.484375px; height: 103px;\"><b>GRUPS DE WHATSAPP DE PARES<\/b><\/p>\n<p><a href=\"https:\/\/www.serpadres.es\/familia\/tiempo-libre\/articulo\/7-consejos-para-usar-en-el-grupo-de-whatsapp-de-padres-y-madres-de-la-clase-951428920719\">7 consells per a utilitzar el grup de whatsapp de pares de l&#8217;escola<\/a><\/p>\n<div class=\"textarea-desti col-xs-12 col-sm-6\">\n<div class=\"form-control second-textarea\">\u00c9s innegable que l&#8217;aplicaci\u00f3 Whatsapp \u00e9s una gran eina de comunicaci\u00f3, per\u00f2 quan entrem en un grup de pares del col\u00b7le podem trobar-nos amb molts tipus d&#8217;usuaris. Us deixem un article molt interessant sobre aquest tema amb alguns consells de com utilitzar aquesta plataforma.<\/div>\n<\/div>\n<p>&nbsp;<\/p>\n<p><b>XARXES SOCIALS<br \/>\n<\/b><\/p>\n<p><a href=\"http:\/\/www.ticbeat.com\/tecnologias\/a-que-edad-es-legal-que-un-nino-use-facebook-instagram-o-whatsapp\/\">A quina edat \u00e9s legal tindre un compte en facebook, instagram o whatsapp?<\/a><\/p>\n<div class=\"textarea-desti col-xs-12 col-sm-6\">\n<div class=\"form-control second-textarea\">\u00c9s probable que molts adults no li donen import\u00e0ncia, acostumats al fet que els xiquets usen les xarxes socials com ells. Per\u00f2 a Espanya hi ha una edat m\u00ednima legal per a fer-ho, i si no es compleix, cal tancar-los el compte.<\/div>\n<\/div>\n<\/td>\n<\/tr>\n<tr style=\"height: 103px;\">\n<td style=\"width: 172px; height: 103px;\">\u00a0<img loading=\"lazy\" decoding=\"async\" class=\"alignnone size-medium wp-image-7116\" src=\"https:\/\/colegio.sanjaimemoncada.es\/wp-content\/uploads\/2018\/07\/secundaria-2-300x200.jpg\" alt=\"\" width=\"300\" height=\"200\" srcset=\"https:\/\/colegio.sanjaimemoncada.es\/wp-content\/uploads\/2018\/07\/secundaria-2-300x200.jpg 300w, https:\/\/colegio.sanjaimemoncada.es\/wp-content\/uploads\/2018\/07\/secundaria-2.jpg 550w\" sizes=\"auto, (max-width: 300px) 100vw, 300px\" \/><\/td>\n<td style=\"width: 32.515625px; height: 103px;\"><\/td>\n<td style=\"width: 734.484375px; height: 103px;\"><b>FILLS I EDUCACI\u00d3<br \/>\n<\/b><a href=\"https:\/\/www.educaciontrespuntocero.com\/recursos\/paso-de-primaria-a-secundaria\/87265.html\">5 claus per a facilitar el pas de prim\u00e0ria a secund\u00e0ria<\/a>Comen\u00e7ar primer d&#8217;ESO \u00e9s un gran canvi per als alumnes, per\u00f2 tamb\u00e9 per als pares i mares. En aquest article trobem alguns consells perqu\u00e8 el passe a Secund\u00e0ria siga m\u00e9s suportable.<\/td>\n<\/tr>\n<tr style=\"height: 103px;\">\n<td style=\"width: 172px; height: 103px;\"><img loading=\"lazy\" decoding=\"async\" class=\"alignnone size-medium wp-image-5638\" src=\"https:\/\/colegio.sanjaimemoncada.es\/wp-content\/uploads\/2018\/05\/1526036193_375438_1526036787_noticia_normal_recorte1-300x200.jpg\" alt=\"\" width=\"300\" height=\"200\" \/><\/td>\n<td style=\"width: 32.515625px; height: 103px;\"><\/td>\n<td style=\"width: 734.484375px; height: 103px;\"><b>EDUCACI\u00d3<\/b><\/p>\n<p><a href=\"https:\/\/elpais.com\/ccaa\/2018\/05\/11\/catalunya\/1526036193_375438.html\">Me apeo del &#8220;churumbelismo&#8221;<\/a><\/p>\n<p>Hem trobat un interessant article d&#8217;una periodista i mam\u00e0 que dia a dia ha de compaginar la seua vida laboral amb la crian\u00e7a de tres xiquets.<\/td>\n<\/tr>\n<tr style=\"height: 103px;\">\n<td style=\"width: 172px; height: 103px;\"><img loading=\"lazy\" decoding=\"async\" class=\"alignnone size-full wp-image-4591\" src=\"https:\/\/colegio.sanjaimemoncada.es\/wp-content\/uploads\/2018\/02\/Alimentacion-sana.jpg\" alt=\"\" width=\"300\" height=\"300\" srcset=\"https:\/\/colegio.sanjaimemoncada.es\/wp-content\/uploads\/2018\/02\/Alimentacion-sana.jpg 300w, https:\/\/colegio.sanjaimemoncada.es\/wp-content\/uploads\/2018\/02\/Alimentacion-sana-150x150.jpg 150w\" sizes=\"auto, (max-width: 300px) 100vw, 300px\" \/><\/td>\n<td style=\"width: 32.515625px; height: 103px;\"><\/td>\n<td style=\"width: 734.484375px; height: 103px;\"><b>ALIMENTACI\u00d3<\/b><\/p>\n<p><a href=\"http:\/\/comollevarunavidasaludable.com\/la-alimentacion-nino-del-horario-escolar\/\">Alimentaci\u00f3 en casa i en l&#8217;escola<\/a><\/p>\n<p>Com ha de ser l&#8217;alimentaci\u00f3 d&#8217;un xiquet fora de l&#8217;horari escolar? Us deixem un interessant article de Seruni\u00f3n on ens aconsella com continuar amb aqueixa labor a casa<\/td>\n<\/tr>\n<tr style=\"height: 103px;\">\n<td style=\"width: 172px; height: 103px;\"><img loading=\"lazy\" decoding=\"async\" class=\"alignnone size-medium wp-image-4283\" src=\"https:\/\/colegio.sanjaimemoncada.es\/wp-content\/uploads\/2016\/04\/christmas-2975401_640-300x203.png\" alt=\"\" width=\"300\" height=\"203\" srcset=\"https:\/\/colegio.sanjaimemoncada.es\/wp-content\/uploads\/2016\/04\/christmas-2975401_640-300x203.png 300w, https:\/\/colegio.sanjaimemoncada.es\/wp-content\/uploads\/2016\/04\/christmas-2975401_640.png 640w\" sizes=\"auto, (max-width: 300px) 100vw, 300px\" \/><\/td>\n<td style=\"width: 32.515625px; height: 103px;\"><\/td>\n<td style=\"width: 734.484375px; height: 103px;\"><b>EN NADAL<\/b><\/p>\n<p><a href=\"https:\/\/www.bebesymas.com\/juegos-y-juguetes\/que-regalar-a-los-ninos-por-navidad-sigue-la-regla-de-los-cuatro-regalos\">Ajudant a escriure la carta als Reis<\/a><\/p>\n<p><a href=\"http:\/\/cuadernos.rubio.net\/con-buena-letra\/post\/cuantos-regalos-deben-recibir-los-ninos-en-navidad\">Quants regals demanar?<\/a><\/p>\n<p>S&#8217;acosten les festes de Nadal i hi ha alguna cosa que no pot fallar&#8230; la carta als Reis Mags. Com a pares i mares hem d&#8217;inculcar en els nostres fills i filles el sentit de la responsabilitat per a no fer-los creure que el Nadal s\u00f3n \u00fanicament consumisme. Llavors&#8230; quantes coses demanem als Reis?<\/p>\n<p>Us deixem dos articles interessants a l&#8217;hora d&#8217;ajudar els nostres xiquets a redactar la carta enguany.<\/td>\n<\/tr>\n<tr style=\"height: 103px;\">\n<td style=\"width: 172px; height: 103px;\"><img loading=\"lazy\" decoding=\"async\" class=\"alignnone size-medium wp-image-4050\" src=\"https:\/\/colegio.sanjaimemoncada.es\/wp-content\/uploads\/2016\/04\/hemisferios-300x169.jpg\" alt=\"\" width=\"300\" height=\"169\" \/><\/td>\n<td style=\"width: 32.515625px; height: 103px;\"><\/td>\n<td style=\"width: 734.484375px; height: 103px;\"><b>FAM\u00cdLIA I EDUCACI\u00d3N<\/b><\/p>\n<p><a href=\"https:\/\/elpais.com\/elpais\/2015\/10\/22\/buenavida\/1445520901_148193.html\">Si vol un fill intel\u00b7ligent&#8230; lleve-li l&#8217;iPad i agafe una guitarra<\/a><\/p>\n<p>Educar als fills \u00e9s sempre una tasca dif\u00edcil, per\u00f2 sempre podem ajudar-los a traure d&#8217;ells el millor que tenen, qu\u00e8 podem fer com a pares per a potenciar al m\u00e0xim les capacitats dels nostres fills?<\/td>\n<\/tr>\n<tr style=\"height: 103px;\">\n<td style=\"width: 172px; height: 103px;\"><img loading=\"lazy\" decoding=\"async\" class=\"size-medium wp-image-3681\" src=\"https:\/\/colegio.sanjaimemoncada.es\/wp-content\/uploads\/2016\/04\/familia-palomitas-300x196.jpg\" alt=\"\" width=\"300\" height=\"196\" srcset=\"https:\/\/colegio.sanjaimemoncada.es\/wp-content\/uploads\/2016\/04\/familia-palomitas-300x196.jpg 300w, https:\/\/colegio.sanjaimemoncada.es\/wp-content\/uploads\/2016\/04\/familia-palomitas.jpg 640w\" sizes=\"auto, (max-width: 300px) 100vw, 300px\" \/><\/td>\n<td style=\"width: 32.515625px; height: 103px;\"><\/td>\n<td style=\"width: 734.484375px; height: 103px;\"><strong>FAM\u00cdLIA I CINE<\/strong><\/p>\n<p><a href=\"http:\/\/www.educaciontrespuntocero.com\/recursos\/familias-2\/cortometrajes-educar-en-valores\/16455.html\">Curtmetratges per a asseure&#8217;s amb els fills i conversar<\/a><\/p>\n<p>Tal vegada, parlar directament sobre alguns temes \u00e9s dif\u00edcil, per\u00f2 si som capa\u00e7os d&#8217;asseure&#8217;ns amb els nostres fills i veure alguns d&#8217;aquests curtmetratges pot ajudar-nos a comen\u00e7ar converses necess\u00e0ries.<\/p>\n<p>&nbsp;<\/p>\n<p><a href=\"http:\/\/webdelmaestrocmf.com\/portal\/diez-peliculas-trabajar-la-resiliencia-tus-alumnos-hijos\/\">Treballar la resili\u00e8ncia<\/a><\/p>\n<p>La vida suposar\u00e0 als teus fills en moments adversos, dificultats i viv\u00e8ncies negatives abans les que ha de saber reaccionar i sobreposar-se. \u00c9s important dotar-los, des de l&#8217;escola i la fam\u00edlia, d&#8217;estrat\u00e8gies per a aconseguir-ho. Teniu ac\u00ed deu pel\u00b7l\u00edcules que us ajudaran a aprofundir en diversos aspectes d&#8217;aquest tema.<\/td>\n<\/tr>\n<tr style=\"height: 24px;\">\n<td style=\"width: 172px; height: 24px;\"><img loading=\"lazy\" decoding=\"async\" class=\"alignnone size-medium wp-image-3673\" src=\"https:\/\/colegio.sanjaimemoncada.es\/wp-content\/uploads\/2016\/04\/ni\u00f1o-enfadado-300x200.jpg\" alt=\"\" width=\"300\" height=\"200\" srcset=\"https:\/\/colegio.sanjaimemoncada.es\/wp-content\/uploads\/2016\/04\/ni\u00f1o-enfadado-300x200.jpg 300w, https:\/\/colegio.sanjaimemoncada.es\/wp-content\/uploads\/2016\/04\/ni\u00f1o-enfadado-768x513.jpg 768w, https:\/\/colegio.sanjaimemoncada.es\/wp-content\/uploads\/2016\/04\/ni\u00f1o-enfadado-1024x683.jpg 1024w, https:\/\/colegio.sanjaimemoncada.es\/wp-content\/uploads\/2016\/04\/ni\u00f1o-enfadado.jpg 1960w\" sizes=\"auto, (max-width: 300px) 100vw, 300px\" \/><\/td>\n<td style=\"width: 32.515625px; height: 24px;\"><\/td>\n<td style=\"width: 734.484375px; height: 24px;\"><strong>TORNAR A L&#8217;ESCOLA<br \/>\n<\/strong><a href=\"https:\/\/elpais.com\/elpais\/2017\/09\/06\/mamas_papas\/1504684108_238562.html\">Set claus perqu\u00e8 els xiquets comencen el col\u00b7le motivats<\/a>Pot ser que els teus fills no tinguen moltes ganes de comen\u00e7ar el col\u00b7legi enguany. En aquest article et donen algunes claus per a ajudar-lo a canviar el seu punt de vista.&nbsp;<\/p>\n<p><a href=\"http:\/\/blog.smconectados.com\/2016\/09\/27\/horror-me-han-cambiado-de-clase\/\">Horror, m&#8217;han canviat de classe!<\/a><\/p>\n<p>Arriba el comen\u00e7ament de curs, molts xiquets comencen una nova etapa escolar o un nou cicle, canvien de classe, canvien de companys i alguns dels seus amics ja no estan amb ells. A molts xiquets els costa, i a alguns adults tamb\u00e9.<\/td>\n<\/tr>\n<tr style=\"height: 24px;\">\n<td style=\"width: 172px; height: 24px;\"><\/td>\n<td style=\"width: 32.515625px; height: 24px;\"><\/td>\n<td style=\"width: 734.484375px; height: 24px;\"><\/td>\n<\/tr>\n<tr style=\"height: 24px;\">\n<td style=\"width: 172px; height: 24px;\"><\/td>\n<td style=\"width: 32.515625px; height: 24px;\"><\/td>\n<td style=\"width: 734.484375px; height: 24px;\"><\/td>\n<\/tr>\n<\/tbody>\n<\/table>\n<p>&nbsp;<\/p>\n<p>&nbsp;<\/p>\n<p>&nbsp;<\/p>\n","protected":false},"excerpt":{"rendered":"<p>En aquesta secci\u00f3 poden trobar\u00a0articles, enlla\u00e7os i v\u00eddeos interessants per a la vostra formaci\u00f3 com a pares. Una bona manera d&#8217;acompanyar m\u00e9s i millor als vostres fills en la seua educaci\u00f3. &nbsp; GUIA PER A SUPERAR LES P\u00c8RDUES EN TEMPS DEL COVID-19 Duel Covid-19 Guia per a les persones que pateixen una p\u00e8rdua en temps [&hellip;]<\/p>\n","protected":false},"author":4,"featured_media":0,"parent":0,"menu_order":0,"comment_status":"closed","ping_status":"closed","template":"","meta":{"_monsterinsights_skip_tracking":false,"_monsterinsights_sitenote_active":false,"_monsterinsights_sitenote_note":"","_monsterinsights_sitenote_category":0,"footnotes":""},"class_list":["post-9526","page","type-page","status-publish","hentry"],"yoast_head":"<!-- This site is optimized with the Yoast SEO plugin v26.2 - https:\/\/yoast.com\/wordpress\/plugins\/seo\/ -->\n<title>Escola de pares en l\u00ednia - C. Parroquial San Jaime Ap\u00f3stol<\/title>\n<meta name=\"robots\" content=\"index, follow, max-snippet:-1, max-image-preview:large, max-video-preview:-1\" \/>\n<link rel=\"canonical\" href=\"https:\/\/colegio.sanjaimemoncada.es\/escuela-de-padres\/\" \/>\n<meta property=\"og:locale\" content=\"en_US\" \/>\n<meta property=\"og:type\" content=\"article\" \/>\n<meta property=\"og:title\" content=\"Escola de pares en l\u00ednia - C. Parroquial San Jaime Ap\u00f3stol\" \/>\n<meta property=\"og:description\" content=\"En aquesta secci\u00f3 poden trobar\u00a0articles, enlla\u00e7os i v\u00eddeos interessants per a la vostra formaci\u00f3 com a pares. Una bona manera d&#8217;acompanyar m\u00e9s i millor als vostres fills en la seua educaci\u00f3. &nbsp; GUIA PER A SUPERAR LES P\u00c8RDUES EN TEMPS DEL COVID-19 Duel Covid-19 Guia per a les persones que pateixen una p\u00e8rdua en temps [&hellip;]\" \/>\n<meta property=\"og:url\" content=\"https:\/\/colegio.sanjaimemoncada.es\/escuela-de-padres\/\" \/>\n<meta property=\"og:site_name\" content=\"C. Parroquial San Jaime Ap\u00f3stol\" \/>\n<meta property=\"article:modified_time\" content=\"2020-05-21T09:01:40+00:00\" \/>\n<meta property=\"og:image\" content=\"https:\/\/colegio.sanjaimemoncada.es\/wp-content\/uploads\/2020\/05\/Captura-de-pantalla-2020-05-21-a-las-10.30.11.png\" \/>\n\t<meta property=\"og:image:width\" content=\"648\" \/>\n\t<meta property=\"og:image:height\" content=\"426\" \/>\n\t<meta property=\"og:image:type\" content=\"image\/png\" \/>\n<meta name=\"twitter:card\" content=\"summary_large_image\" \/>\n<meta name=\"twitter:label1\" content=\"Est. reading time\" \/>\n\t<meta name=\"twitter:data1\" content=\"5 minutes\" \/>\n<script type=\"application\/ld+json\" class=\"yoast-schema-graph\">{\"@context\":\"https:\/\/schema.org\",\"@graph\":[{\"@type\":\"WebPage\",\"@id\":\"https:\/\/colegio.sanjaimemoncada.es\/escuela-de-padres\/\",\"url\":\"https:\/\/colegio.sanjaimemoncada.es\/escuela-de-padres\/\",\"name\":\"Escola de pares en l\u00ednia - C. Parroquial San Jaime Ap\u00f3stol\",\"isPartOf\":{\"@id\":\"https:\/\/colegio.sanjaimemoncada.es\/#website\"},\"primaryImageOfPage\":{\"@id\":\"https:\/\/colegio.sanjaimemoncada.es\/escuela-de-padres\/#primaryimage\"},\"image\":{\"@id\":\"https:\/\/colegio.sanjaimemoncada.es\/escuela-de-padres\/#primaryimage\"},\"thumbnailUrl\":\"https:\/\/colegio.sanjaimemoncada.es\/wp-content\/uploads\/2020\/05\/Captura-de-pantalla-2020-05-21-a-las-10.30.11-300x197.png\",\"datePublished\":\"2016-04-20T15:33:23+00:00\",\"dateModified\":\"2020-05-21T09:01:40+00:00\",\"breadcrumb\":{\"@id\":\"https:\/\/colegio.sanjaimemoncada.es\/escuela-de-padres\/#breadcrumb\"},\"inLanguage\":\"va\",\"potentialAction\":[{\"@type\":\"ReadAction\",\"target\":[\"https:\/\/colegio.sanjaimemoncada.es\/escuela-de-padres\/\"]}]},{\"@type\":\"ImageObject\",\"inLanguage\":\"va\",\"@id\":\"https:\/\/colegio.sanjaimemoncada.es\/escuela-de-padres\/#primaryimage\",\"url\":\"https:\/\/colegio.sanjaimemoncada.es\/wp-content\/uploads\/2020\/05\/Captura-de-pantalla-2020-05-21-a-las-10.30.11-300x197.png\",\"contentUrl\":\"https:\/\/colegio.sanjaimemoncada.es\/wp-content\/uploads\/2020\/05\/Captura-de-pantalla-2020-05-21-a-las-10.30.11-300x197.png\"},{\"@type\":\"BreadcrumbList\",\"@id\":\"https:\/\/colegio.sanjaimemoncada.es\/escuela-de-padres\/#breadcrumb\",\"itemListElement\":[{\"@type\":\"ListItem\",\"position\":1,\"name\":\"Portada\",\"item\":\"https:\/\/colegio.sanjaimemoncada.es\/va\/\"},{\"@type\":\"ListItem\",\"position\":2,\"name\":\"Escola de pares en l\u00ednia\"}]},{\"@type\":\"WebSite\",\"@id\":\"https:\/\/colegio.sanjaimemoncada.es\/#website\",\"url\":\"https:\/\/colegio.sanjaimemoncada.es\/\",\"name\":\"C. Parroquial San Jaime Ap\u00f3stol\",\"description\":\"\",\"potentialAction\":[{\"@type\":\"SearchAction\",\"target\":{\"@type\":\"EntryPoint\",\"urlTemplate\":\"https:\/\/colegio.sanjaimemoncada.es\/?s={search_term_string}\"},\"query-input\":{\"@type\":\"PropertyValueSpecification\",\"valueRequired\":true,\"valueName\":\"search_term_string\"}}],\"inLanguage\":\"va\"}]}<\/script>\n<!-- \/ Yoast SEO plugin. -->","yoast_head_json":{"title":"Escola de pares en l\u00ednia - C. Parroquial San Jaime Ap\u00f3stol","robots":{"index":"index","follow":"follow","max-snippet":"max-snippet:-1","max-image-preview":"max-image-preview:large","max-video-preview":"max-video-preview:-1"},"canonical":"https:\/\/colegio.sanjaimemoncada.es\/escuela-de-padres\/","og_locale":"en_US","og_type":"article","og_title":"Escola de pares en l\u00ednia - C. Parroquial San Jaime Ap\u00f3stol","og_description":"En aquesta secci\u00f3 poden trobar\u00a0articles, enlla\u00e7os i v\u00eddeos interessants per a la vostra formaci\u00f3 com a pares. Una bona manera d&#8217;acompanyar m\u00e9s i millor als vostres fills en la seua educaci\u00f3. &nbsp; GUIA PER A SUPERAR LES P\u00c8RDUES EN TEMPS DEL COVID-19 Duel Covid-19 Guia per a les persones que pateixen una p\u00e8rdua en temps [&hellip;]","og_url":"https:\/\/colegio.sanjaimemoncada.es\/escuela-de-padres\/","og_site_name":"C. Parroquial San Jaime Ap\u00f3stol","article_modified_time":"2020-05-21T09:01:40+00:00","og_image":[{"width":648,"height":426,"url":"https:\/\/colegio.sanjaimemoncada.es\/wp-content\/uploads\/2020\/05\/Captura-de-pantalla-2020-05-21-a-las-10.30.11.png","type":"image\/png"}],"twitter_card":"summary_large_image","twitter_misc":{"Est. reading time":"5 minutes"},"schema":{"@context":"https:\/\/schema.org","@graph":[{"@type":"WebPage","@id":"https:\/\/colegio.sanjaimemoncada.es\/escuela-de-padres\/","url":"https:\/\/colegio.sanjaimemoncada.es\/escuela-de-padres\/","name":"Escola de pares en l\u00ednia - C. Parroquial San Jaime Ap\u00f3stol","isPartOf":{"@id":"https:\/\/colegio.sanjaimemoncada.es\/#website"},"primaryImageOfPage":{"@id":"https:\/\/colegio.sanjaimemoncada.es\/escuela-de-padres\/#primaryimage"},"image":{"@id":"https:\/\/colegio.sanjaimemoncada.es\/escuela-de-padres\/#primaryimage"},"thumbnailUrl":"https:\/\/colegio.sanjaimemoncada.es\/wp-content\/uploads\/2020\/05\/Captura-de-pantalla-2020-05-21-a-las-10.30.11-300x197.png","datePublished":"2016-04-20T15:33:23+00:00","dateModified":"2020-05-21T09:01:40+00:00","breadcrumb":{"@id":"https:\/\/colegio.sanjaimemoncada.es\/escuela-de-padres\/#breadcrumb"},"inLanguage":"va","potentialAction":[{"@type":"ReadAction","target":["https:\/\/colegio.sanjaimemoncada.es\/escuela-de-padres\/"]}]},{"@type":"ImageObject","inLanguage":"va","@id":"https:\/\/colegio.sanjaimemoncada.es\/escuela-de-padres\/#primaryimage","url":"https:\/\/colegio.sanjaimemoncada.es\/wp-content\/uploads\/2020\/05\/Captura-de-pantalla-2020-05-21-a-las-10.30.11-300x197.png","contentUrl":"https:\/\/colegio.sanjaimemoncada.es\/wp-content\/uploads\/2020\/05\/Captura-de-pantalla-2020-05-21-a-las-10.30.11-300x197.png"},{"@type":"BreadcrumbList","@id":"https:\/\/colegio.sanjaimemoncada.es\/escuela-de-padres\/#breadcrumb","itemListElement":[{"@type":"ListItem","position":1,"name":"Portada","item":"https:\/\/colegio.sanjaimemoncada.es\/va\/"},{"@type":"ListItem","position":2,"name":"Escola de pares en l\u00ednia"}]},{"@type":"WebSite","@id":"https:\/\/colegio.sanjaimemoncada.es\/#website","url":"https:\/\/colegio.sanjaimemoncada.es\/","name":"C. Parroquial San Jaime Ap\u00f3stol","description":"","potentialAction":[{"@type":"SearchAction","target":{"@type":"EntryPoint","urlTemplate":"https:\/\/colegio.sanjaimemoncada.es\/?s={search_term_string}"},"query-input":{"@type":"PropertyValueSpecification","valueRequired":true,"valueName":"search_term_string"}}],"inLanguage":"va"}]}},"_links":{"self":[{"href":"https:\/\/colegio.sanjaimemoncada.es\/va\/wp-json\/wp\/v2\/pages\/9526","targetHints":{"allow":["GET"]}}],"collection":[{"href":"https:\/\/colegio.sanjaimemoncada.es\/va\/wp-json\/wp\/v2\/pages"}],"about":[{"href":"https:\/\/colegio.sanjaimemoncada.es\/va\/wp-json\/wp\/v2\/types\/page"}],"author":[{"embeddable":true,"href":"https:\/\/colegio.sanjaimemoncada.es\/va\/wp-json\/wp\/v2\/users\/4"}],"replies":[{"embeddable":true,"href":"https:\/\/colegio.sanjaimemoncada.es\/va\/wp-json\/wp\/v2\/comments?post=9526"}],"version-history":[{"count":6,"href":"https:\/\/colegio.sanjaimemoncada.es\/va\/wp-json\/wp\/v2\/pages\/9526\/revisions"}],"predecessor-version":[{"id":19686,"href":"https:\/\/colegio.sanjaimemoncada.es\/va\/wp-json\/wp\/v2\/pages\/9526\/revisions\/19686"}],"wp:attachment":[{"href":"https:\/\/colegio.sanjaimemoncada.es\/va\/wp-json\/wp\/v2\/media?parent=9526"}],"curies":[{"name":"wp","href":"https:\/\/api.w.org\/{rel}","templated":true}]}}