{"id":9505,"date":"2016-04-20T18:39:15","date_gmt":"2016-04-20T16:39:15","guid":{"rendered":"https:\/\/colegio.sanjaimemoncada.es\/comedor-escolar\/"},"modified":"2019-11-28T15:25:33","modified_gmt":"2019-11-28T14:25:33","slug":"comedor-escolar","status":"publish","type":"page","link":"https:\/\/colegio.sanjaimemoncada.es\/va\/comedor-escolar\/","title":{"rendered":"Menjador Escolar"},"content":{"rendered":"<p><span style=\"font-weight: 400;\">Disposem d&#8217;un servici de menjador per als nostres alumnes d&#8217;Infantil, Prim\u00e0ria, E.S.O. i Batxillerat. El dit servici es presta des d&#8217;Octubre fins Maig, i per als alumnes d&#8217;Infantil i Prim\u00e0ria tamb\u00e9 al Setembre i Juny. <\/span><\/p>\n<p><span style=\"font-weight: 400;\">El centre disposa de <em><strong>Cuina in situ<\/strong><\/em>, per la qual cosa els men\u00fas s&#8217;elaboren en el propi col\u00b7legi. A m\u00e9s, s&#8217;atenen tot tipus de r\u00e9gimenes alimentaris com cel\u00edacs, diab\u00e8tics, al\u00e9rgicos&#8230; (amb la justificaci\u00f3 pr\u00e8via metgessa) . <\/span><\/p>\n<p><span style=\"font-weight: 400;\">Els alumnes d&#8217;E.S.O. i Batxillerat poden triar entre el men\u00fa basal o plat combinat (D&#8217;Octubre a Maig). <\/span><\/p>\n<p><span style=\"font-weight: 400;\">Les modalitats de pagament s\u00f3n:<\/span><\/p>\n<p style=\"text-align: justify;\"><b>a)<\/b> <b>Abonament mensual per mitj\u00e0 de domiciliaci\u00f3 banc\u00e0ria<\/b><span style=\"font-weight: 400;\">. <\/span><\/p>\n<p><span style=\"font-weight: 400;\">En esta modalitat s&#8217;abonaran 6,20 EUR minuta\/d\u00eda (En total hi ha 147 dies de menjador d&#8217;octubre a maig, per la qual cosa la quota mensual \u00e9s de 113,15 EUR) . <\/span><\/p>\n<p><span style=\"font-weight: 400;\">Per a poder acollir-se a este preu, hauran d&#8217;assistir al menjador un m\u00ednim de 3 dies a la setmana. <\/span><\/p>\n<p><span style=\"font-weight: 400;\">En cas de voler anul\u00b7lar algun dia del servici de menjador, haur\u00e0 de comunicar-se a la secretaria del centre <span style=\"color: #ff0000;\"><strong>abans de les 9:30 h<\/strong><\/span>. El preu de la minuta se li descomptar\u00e0 de la quota del mes seg\u00fcent<\/span><\/p>\n<p><span style=\"font-weight: 400;\">Quan els alumnes realitzen alguna excursi\u00f3 en qu\u00e8 no tornen al centre abans de l&#8217;hora del menjar, li&#8217;ls proporcionar\u00e0 menjar de picnic. En cas de voler anul\u00b7lar un picnic, haur\u00e0 de comunicar-se a la secretaria del centre <span style=\"color: #ff0000;\"><strong>abans de les 9:30 h de dos dies abans al de l&#8217;excursi\u00f3<\/strong><\/span>. <\/span><\/p>\n<p><span style=\"font-weight: 400;\">Per a donar-se d&#8217;alta en la modalitat d&#8217;abonament mensual, hauran d&#8217;omplir el seg\u00fcent formulari i presentar-ho en la Secretaria de la C\/Madrid<\/span>: <a href=\"https:\/\/colegio.sanjaimemoncada.es\/wp-content\/uploads\/2018\/09\/Alta-comedor-18-19-INF-PRI.pdf\" target=\"_blank\" rel=\"noopener\">Infantil\/Primaria<\/a>\u00a0 \u00a0 \u00a0 \u00a0 \u00a0<a href=\"https:\/\/colegio.sanjaimemoncada.es\/wp-content\/uploads\/2018\/09\/Alta-comedor-18-19-SECUNDARIA.pdf\" target=\"_blank\" rel=\"noopener\">E.S.O.\/Bachillerato<\/a><\/p>\n<p style=\"text-align: justify;\"><b>b) Val diari<\/b><span style=\"font-weight: 400;\">. <\/span><\/p>\n<p><span style=\"font-weight: 400;\">En esta modalitat s&#8217;abonaran 6,50 EUR minuta\/d\u00eda. Els vals de menjador poden adquirir-se en: <\/span><\/p>\n<ul>\n<li style=\"font-weight: 400;\"><span style=\"font-weight: 400;\">Secretaria C\/Madrid, 7 en horari de finestreta. <\/span><\/li>\n<li style=\"font-weight: 400;\"><span style=\"font-weight: 400;\">Col\u00b7legi C\/Dr. Daniel Duran en horari de 8:55 a 09:30.<\/span><\/li>\n<\/ul>\n<p><span style=\"font-weight: 400;\"> Els vals hauran d&#8217;entregar-se abans de les 09:30 en: <\/span><\/p>\n<ul>\n<li style=\"font-weight: 400;\"><span style=\"font-weight: 400;\">Per als alumnes d&#8217;E.S.O.\/Bachiller: Secretaria C\/Madrid. <\/span><\/li>\n<li style=\"font-weight: 400;\"><span style=\"font-weight: 400;\">Per als alumnes d&#8217;Infantil i Prim\u00e0ria en la b\u00fastia habilitat a este efecte situat en l&#8217;entrada del pati d&#8217;Infantil.<\/span><\/li>\n<\/ul>\n<p><strong>* Picnics excursions<\/strong><\/p>\n<ul>\n<li>Alumnes d\u2019Infantil: sempre tenen el menjar incl\u00f2s en l\u2019excursi\u00f3.<\/li>\n<li>Alumnes de Prim\u00e0ria:\n<ul>\n<li>Als quals estiguen apuntats fixos al menjador li la servirem directament, llevat que indiquen el contrari (avisant almenys 2 dies abans de l\u2019excursi\u00f3 abans de les 09.30 h).<\/li>\n<li>Els que no siguen fixos podran triar el picnic al realitzar el pagament de l\u2019excursi\u00f3 a trav\u00e9s de Alexia.<\/li>\n<\/ul>\n<\/li>\n<li>\u00a0Alumnes de E.S.O. i Batxillerat:\n<ul>\n<li>Podran triar el picnic al realitzar el pagament de la\u00a0 excursi\u00f3 a trav\u00e9s de Alexia.<\/li>\n<\/ul>\n<\/li>\n<\/ul>\n<h2 style=\"text-align: center;\"><strong>Men\u00fa Infantil i Primaria<\/strong><\/h2>\n<p><a href=\"https:\/\/colegio.sanjaimemoncada.es\/wp-content\/uploads\/2019\/11\/Diciembre-2019-INFANTIL-Y-PRIMARIA.jpg\"><img loading=\"lazy\" decoding=\"async\" class=\"aligncenter wp-image-17623\" src=\"https:\/\/colegio.sanjaimemoncada.es\/wp-content\/uploads\/2019\/11\/Diciembre-2019-INFANTIL-Y-PRIMARIA-1024x724.jpg\" alt=\"\" width=\"608\" height=\"436\" \/><\/a><\/p>\n<h2 style=\"text-align: center;\"><strong>Men\u00fa E.S.O.\u00a0 i Bachillerat<\/strong><\/h2>\n<p><a href=\"https:\/\/colegio.sanjaimemoncada.es\/wp-content\/uploads\/2019\/11\/Diciembre-2019-INFANTIL-Y-PRIMARIA.jpg\"><img loading=\"lazy\" decoding=\"async\" class=\"aligncenter wp-image-17623\" src=\"https:\/\/colegio.sanjaimemoncada.es\/wp-content\/uploads\/2019\/11\/Diciembre-2019-INFANTIL-Y-PRIMARIA-1024x724.jpg\" alt=\"\" width=\"603\" height=\"494\" \/><\/a><\/p>\n<p>&nbsp;<\/p>\n<h3 style=\"text-align: center;\"><strong>Im\u00e0gens cuina i menjador Infantil \/ Primaria<\/strong><\/h3>\n<style type=\"text\/css\">\n#foogallery-gallery-4770 .fg-image { width: 270px; }\n#foogallery-gallery-4770 { --fg-gutter: 10px; }<\/style>\n\t\t\t<div class=\"foogallery foogallery-container foogallery-default foogallery-lightbox-foogallery fg-center fg-default fg-ready fg-light fg-border-thin fg-shadow-medium fg-loading-default fg-loaded-fade-in fg-preset fg-brad fg-preset-small fg-preset fg-brad fg-preset-small\" id=\"foogallery-gallery-4770\" data-foogallery=\"{&quot;item&quot;:{&quot;showCaptionTitle&quot;:true,&quot;showCaptionDescription&quot;:true},&quot;lazy&quot;:true}\" data-foogallery-lightbox=\"{&quot;thumbs&quot;:&quot;bottom&quot;,&quot;thumbsCaptions&quot;:false,&quot;thumbsBestFit&quot;:false,&quot;thumbsSmall&quot;:false,&quot;thumbsCaptionsAlign&quot;:&quot;default&quot;,&quot;info&quot;:&quot;bottom&quot;,&quot;infoVisible&quot;:true,&quot;infoOverlay&quot;:true,&quot;infoAlign&quot;:&quot;default&quot;,&quot;transition&quot;:&quot;fade&quot;,&quot;hoverButtons&quot;:false,&quot;fitMedia&quot;:false,&quot;noScrollbars&quot;:true,&quot;preserveButtonSpace&quot;:true,&quot;buttons&quot;:{&quot;fullscreen&quot;:true,&quot;info&quot;:true,&quot;thumbs&quot;:false},&quot;video&quot;:{&quot;autoPlay&quot;:true}}\" >\n\t<div class=\"fg-item fg-type-image fg-idle\"><figure class=\"fg-item-inner\"><a href=\"https:\/\/colegio.sanjaimemoncada.es\/wp-content\/uploads\/2018\/02\/IMG_20190430_175622.jpg\" data-attachment-id=\"13871\" data-type=\"image\" class=\"fg-thumb\"><span class=\"fg-image-wrap\"><img fetchpriority=\"high\" decoding=\"async\" width=\"270\" height=\"230\" class=\"skip-lazy fg-image\" data-src-fg=\"https:\/\/colegio.sanjaimemoncada.es\/wp-content\/uploads\/cache\/2018\/02\/IMG_20190430_175622\/3763981710.jpg\" src=\"data:image\/svg+xml,%3Csvg%20xmlns%3D%22http%3A%2F%2Fwww.w3.org%2F2000%2Fsvg%22%20width%3D%22270%22%20height%3D%22230%22%20viewBox%3D%220%200%20270%20230%22%3E%3C%2Fsvg%3E\" loading=\"eager\"><\/span><span class=\"fg-image-overlay\"><\/span><\/a><\/figure><div class=\"fg-loader\"><\/div><\/div><div class=\"fg-item fg-type-image fg-idle\"><figure class=\"fg-item-inner\"><a href=\"https:\/\/colegio.sanjaimemoncada.es\/wp-content\/uploads\/2018\/02\/IMG_20190430_175602-1.jpg\" data-attachment-id=\"13886\" data-type=\"image\" class=\"fg-thumb\"><span class=\"fg-image-wrap\"><img decoding=\"async\" width=\"270\" height=\"230\" class=\"skip-lazy fg-image\" data-src-fg=\"https:\/\/colegio.sanjaimemoncada.es\/wp-content\/uploads\/cache\/2018\/02\/IMG_20190430_175602-1\/1139220881.jpg\" src=\"data:image\/svg+xml,%3Csvg%20xmlns%3D%22http%3A%2F%2Fwww.w3.org%2F2000%2Fsvg%22%20width%3D%22270%22%20height%3D%22230%22%20viewBox%3D%220%200%20270%20230%22%3E%3C%2Fsvg%3E\" loading=\"eager\"><\/span><span class=\"fg-image-overlay\"><\/span><\/a><\/figure><div class=\"fg-loader\"><\/div><\/div><div class=\"fg-item fg-type-image fg-idle\"><figure class=\"fg-item-inner\"><a href=\"https:\/\/colegio.sanjaimemoncada.es\/wp-content\/uploads\/2018\/02\/IMG_20190430_175658.jpg\" data-attachment-id=\"13883\" data-type=\"image\" class=\"fg-thumb\"><span class=\"fg-image-wrap\"><img decoding=\"async\" width=\"270\" height=\"230\" class=\"skip-lazy fg-image\" data-src-fg=\"https:\/\/colegio.sanjaimemoncada.es\/wp-content\/uploads\/cache\/2018\/02\/IMG_20190430_175658\/2646776593.jpg\" src=\"data:image\/svg+xml,%3Csvg%20xmlns%3D%22http%3A%2F%2Fwww.w3.org%2F2000%2Fsvg%22%20width%3D%22270%22%20height%3D%22230%22%20viewBox%3D%220%200%20270%20230%22%3E%3C%2Fsvg%3E\" loading=\"eager\"><\/span><span class=\"fg-image-overlay\"><\/span><\/a><\/figure><div class=\"fg-loader\"><\/div><\/div><div class=\"fg-item fg-type-image fg-idle\"><figure class=\"fg-item-inner\"><a href=\"https:\/\/colegio.sanjaimemoncada.es\/wp-content\/uploads\/2018\/02\/IMG_20190430_175631.jpg\" data-attachment-id=\"13880\" data-type=\"image\" class=\"fg-thumb\"><span class=\"fg-image-wrap\"><img decoding=\"async\" width=\"270\" height=\"230\" class=\"skip-lazy fg-image\" data-src-fg=\"https:\/\/colegio.sanjaimemoncada.es\/wp-content\/uploads\/cache\/2018\/02\/IMG_20190430_175631\/4120129071.jpg\" src=\"data:image\/svg+xml,%3Csvg%20xmlns%3D%22http%3A%2F%2Fwww.w3.org%2F2000%2Fsvg%22%20width%3D%22270%22%20height%3D%22230%22%20viewBox%3D%220%200%20270%20230%22%3E%3C%2Fsvg%3E\" loading=\"eager\"><\/span><span class=\"fg-image-overlay\"><\/span><\/a><\/figure><div class=\"fg-loader\"><\/div><\/div><div class=\"fg-item fg-type-image fg-idle\"><figure class=\"fg-item-inner\"><a href=\"https:\/\/colegio.sanjaimemoncada.es\/wp-content\/uploads\/2018\/02\/IMG_0258.jpg\" data-attachment-id=\"4774\" data-type=\"image\" class=\"fg-thumb\"><span class=\"fg-image-wrap\"><img decoding=\"async\" width=\"270\" height=\"230\" class=\"skip-lazy fg-image\" data-src-fg=\"https:\/\/colegio.sanjaimemoncada.es\/wp-content\/uploads\/cache\/2018\/02\/IMG_0258\/1875759536.jpg\" src=\"data:image\/svg+xml,%3Csvg%20xmlns%3D%22http%3A%2F%2Fwww.w3.org%2F2000%2Fsvg%22%20width%3D%22270%22%20height%3D%22230%22%20viewBox%3D%220%200%20270%20230%22%3E%3C%2Fsvg%3E\" loading=\"eager\"><\/span><span class=\"fg-image-overlay\"><\/span><\/a><\/figure><div class=\"fg-loader\"><\/div><\/div><div class=\"fg-item fg-type-image fg-idle\"><figure class=\"fg-item-inner\"><a href=\"https:\/\/colegio.sanjaimemoncada.es\/wp-content\/uploads\/2018\/02\/IMG_0259.jpg\" data-attachment-id=\"4775\" data-type=\"image\" class=\"fg-thumb\"><span class=\"fg-image-wrap\"><img decoding=\"async\" width=\"270\" height=\"230\" class=\"skip-lazy fg-image\" data-src-fg=\"https:\/\/colegio.sanjaimemoncada.es\/wp-content\/uploads\/cache\/2018\/02\/IMG_0259\/1962301691.jpg\" src=\"data:image\/svg+xml,%3Csvg%20xmlns%3D%22http%3A%2F%2Fwww.w3.org%2F2000%2Fsvg%22%20width%3D%22270%22%20height%3D%22230%22%20viewBox%3D%220%200%20270%20230%22%3E%3C%2Fsvg%3E\" loading=\"eager\"><\/span><span class=\"fg-image-overlay\"><\/span><\/a><\/figure><div class=\"fg-loader\"><\/div><\/div><div class=\"fg-item fg-type-image fg-idle\"><figure class=\"fg-item-inner\"><a href=\"https:\/\/colegio.sanjaimemoncada.es\/wp-content\/uploads\/2018\/02\/IMG_0260.jpg\" data-attachment-id=\"4776\" data-type=\"image\" class=\"fg-thumb\"><span class=\"fg-image-wrap\"><img decoding=\"async\" width=\"270\" height=\"230\" class=\"skip-lazy fg-image\" data-src-fg=\"https:\/\/colegio.sanjaimemoncada.es\/wp-content\/uploads\/cache\/2018\/02\/IMG_0260\/4059554603.jpg\" src=\"data:image\/svg+xml,%3Csvg%20xmlns%3D%22http%3A%2F%2Fwww.w3.org%2F2000%2Fsvg%22%20width%3D%22270%22%20height%3D%22230%22%20viewBox%3D%220%200%20270%20230%22%3E%3C%2Fsvg%3E\" loading=\"eager\"><\/span><span class=\"fg-image-overlay\"><\/span><\/a><\/figure><div class=\"fg-loader\"><\/div><\/div><div class=\"fg-item fg-type-image fg-idle\"><figure class=\"fg-item-inner\"><a href=\"https:\/\/colegio.sanjaimemoncada.es\/wp-content\/uploads\/2018\/02\/Image-1-1.jpg\" data-attachment-id=\"4772\" data-type=\"image\" class=\"fg-thumb\"><span class=\"fg-image-wrap\"><img decoding=\"async\" width=\"270\" height=\"230\" class=\"skip-lazy fg-image\" data-src-fg=\"https:\/\/colegio.sanjaimemoncada.es\/wp-content\/uploads\/cache\/2018\/02\/Image-1-1\/939098652.jpg\" src=\"data:image\/svg+xml,%3Csvg%20xmlns%3D%22http%3A%2F%2Fwww.w3.org%2F2000%2Fsvg%22%20width%3D%22270%22%20height%3D%22230%22%20viewBox%3D%220%200%20270%20230%22%3E%3C%2Fsvg%3E\" loading=\"eager\"><\/span><span class=\"fg-image-overlay\"><\/span><\/a><\/figure><div class=\"fg-loader\"><\/div><\/div><div class=\"fg-item fg-type-image fg-idle\"><figure class=\"fg-item-inner\"><a href=\"https:\/\/colegio.sanjaimemoncada.es\/wp-content\/uploads\/2018\/02\/IMG_20190430_175555.jpg\" data-attachment-id=\"13868\" data-type=\"image\" class=\"fg-thumb\"><span class=\"fg-image-wrap\"><img decoding=\"async\" width=\"270\" height=\"230\" class=\"skip-lazy fg-image\" data-src-fg=\"https:\/\/colegio.sanjaimemoncada.es\/wp-content\/uploads\/cache\/2018\/02\/IMG_20190430_175555\/4017992257.jpg\" src=\"data:image\/svg+xml,%3Csvg%20xmlns%3D%22http%3A%2F%2Fwww.w3.org%2F2000%2Fsvg%22%20width%3D%22270%22%20height%3D%22230%22%20viewBox%3D%220%200%20270%20230%22%3E%3C%2Fsvg%3E\" loading=\"eager\"><\/span><span class=\"fg-image-overlay\"><\/span><\/a><\/figure><div class=\"fg-loader\"><\/div><\/div><div class=\"fg-item fg-type-image fg-idle\"><figure class=\"fg-item-inner\"><a href=\"https:\/\/colegio.sanjaimemoncada.es\/wp-content\/uploads\/2018\/02\/IMG_20190430_175610.jpg\" data-attachment-id=\"13877\" data-type=\"image\" class=\"fg-thumb\"><span class=\"fg-image-wrap\"><img decoding=\"async\" width=\"270\" height=\"230\" class=\"skip-lazy fg-image\" data-src-fg=\"https:\/\/colegio.sanjaimemoncada.es\/wp-content\/uploads\/cache\/2018\/02\/IMG_20190430_175610\/2482395400.jpg\" src=\"data:image\/svg+xml,%3Csvg%20xmlns%3D%22http%3A%2F%2Fwww.w3.org%2F2000%2Fsvg%22%20width%3D%22270%22%20height%3D%22230%22%20viewBox%3D%220%200%20270%20230%22%3E%3C%2Fsvg%3E\" loading=\"eager\"><\/span><span class=\"fg-image-overlay\"><\/span><\/a><\/figure><div class=\"fg-loader\"><\/div><\/div><\/div>\n\n<h3 style=\"text-align: center;\">\u00a0\u00a0<strong>Im\u00e0gens menjador E.S.O. \/ Bachillerat<\/strong><\/h3>\n<p><a href=\"https:\/\/colegio.sanjaimemoncada.es\/wp-content\/uploads\/2018\/02\/Nuevo-comedor.jpeg\"><img loading=\"lazy\" decoding=\"async\" class=\"aligncenter wp-image-4748\" src=\"https:\/\/colegio.sanjaimemoncada.es\/wp-content\/uploads\/2018\/02\/Nuevo-comedor.jpeg\" alt=\"\" width=\"535\" height=\"309\" srcset=\"https:\/\/colegio.sanjaimemoncada.es\/wp-content\/uploads\/2018\/02\/Nuevo-comedor.jpeg 3544w, https:\/\/colegio.sanjaimemoncada.es\/wp-content\/uploads\/2018\/02\/Nuevo-comedor-300x173.jpeg 300w, https:\/\/colegio.sanjaimemoncada.es\/wp-content\/uploads\/2018\/02\/Nuevo-comedor-768x442.jpeg 768w, https:\/\/colegio.sanjaimemoncada.es\/wp-content\/uploads\/2018\/02\/Nuevo-comedor-1024x589.jpeg 1024w\" sizes=\"auto, (max-width: 535px) 100vw, 535px\" \/><\/a><\/p>\n<h1 style=\"text-align: center;\"><\/h1>\n","protected":false},"excerpt":{"rendered":"<p>Disposem d&#8217;un servici de menjador per als nostres alumnes d&#8217;Infantil, Prim\u00e0ria, E.S.O. i Batxillerat. El dit servici es presta des d&#8217;Octubre fins Maig, i per als alumnes d&#8217;Infantil i Prim\u00e0ria tamb\u00e9 al Setembre i Juny. El centre disposa de Cuina in situ, per la qual cosa els men\u00fas s&#8217;elaboren en el propi col\u00b7legi. A m\u00e9s, [&hellip;]<\/p>\n","protected":false},"author":4,"featured_media":0,"parent":0,"menu_order":0,"comment_status":"closed","ping_status":"closed","template":"","meta":{"_monsterinsights_skip_tracking":false,"_monsterinsights_sitenote_active":false,"_monsterinsights_sitenote_note":"","_monsterinsights_sitenote_category":0,"footnotes":""},"class_list":["post-9505","page","type-page","status-publish","hentry"],"yoast_head":"<!-- This site is optimized with the Yoast SEO plugin v26.2 - https:\/\/yoast.com\/wordpress\/plugins\/seo\/ -->\n<title>Menjador Escolar - C. Parroquial San Jaime Ap\u00f3stol<\/title>\n<meta name=\"robots\" content=\"index, follow, max-snippet:-1, max-image-preview:large, max-video-preview:-1\" \/>\n<link rel=\"canonical\" href=\"https:\/\/colegio.sanjaimemoncada.es\/comedor-escolar\/\" \/>\n<meta property=\"og:locale\" content=\"en_US\" \/>\n<meta property=\"og:type\" content=\"article\" \/>\n<meta property=\"og:title\" content=\"Menjador Escolar - C. Parroquial San Jaime Ap\u00f3stol\" \/>\n<meta property=\"og:description\" content=\"Disposem d&#8217;un servici de menjador per als nostres alumnes d&#8217;Infantil, Prim\u00e0ria, E.S.O. i Batxillerat. El dit servici es presta des d&#8217;Octubre fins Maig, i per als alumnes d&#8217;Infantil i Prim\u00e0ria tamb\u00e9 al Setembre i Juny. El centre disposa de Cuina in situ, per la qual cosa els men\u00fas s&#8217;elaboren en el propi col\u00b7legi. A m\u00e9s, [&hellip;]\" \/>\n<meta property=\"og:url\" content=\"https:\/\/colegio.sanjaimemoncada.es\/comedor-escolar\/\" \/>\n<meta property=\"og:site_name\" content=\"C. Parroquial San Jaime Ap\u00f3stol\" \/>\n<meta property=\"article:modified_time\" content=\"2019-11-28T14:25:33+00:00\" \/>\n<meta property=\"og:image\" content=\"https:\/\/colegio.sanjaimemoncada.es\/wp-content\/uploads\/2019\/11\/Diciembre-2019-INFANTIL-Y-PRIMARIA.jpg\" \/>\n\t<meta property=\"og:image:width\" content=\"3508\" \/>\n\t<meta property=\"og:image:height\" content=\"2479\" \/>\n\t<meta property=\"og:image:type\" content=\"image\/jpeg\" \/>\n<meta name=\"twitter:card\" content=\"summary_large_image\" \/>\n<meta name=\"twitter:label1\" content=\"Est. reading time\" \/>\n\t<meta name=\"twitter:data1\" content=\"2 minutes\" \/>\n<script type=\"application\/ld+json\" class=\"yoast-schema-graph\">{\"@context\":\"https:\/\/schema.org\",\"@graph\":[{\"@type\":\"WebPage\",\"@id\":\"https:\/\/colegio.sanjaimemoncada.es\/comedor-escolar\/\",\"url\":\"https:\/\/colegio.sanjaimemoncada.es\/comedor-escolar\/\",\"name\":\"Menjador Escolar - C. Parroquial San Jaime Ap\u00f3stol\",\"isPartOf\":{\"@id\":\"https:\/\/colegio.sanjaimemoncada.es\/#website\"},\"primaryImageOfPage\":{\"@id\":\"https:\/\/colegio.sanjaimemoncada.es\/comedor-escolar\/#primaryimage\"},\"image\":{\"@id\":\"https:\/\/colegio.sanjaimemoncada.es\/comedor-escolar\/#primaryimage\"},\"thumbnailUrl\":\"https:\/\/colegio.sanjaimemoncada.es\/wp-content\/uploads\/2019\/11\/Diciembre-2019-INFANTIL-Y-PRIMARIA-1024x724.jpg\",\"datePublished\":\"2016-04-20T16:39:15+00:00\",\"dateModified\":\"2019-11-28T14:25:33+00:00\",\"breadcrumb\":{\"@id\":\"https:\/\/colegio.sanjaimemoncada.es\/comedor-escolar\/#breadcrumb\"},\"inLanguage\":\"va\",\"potentialAction\":[{\"@type\":\"ReadAction\",\"target\":[\"https:\/\/colegio.sanjaimemoncada.es\/comedor-escolar\/\"]}]},{\"@type\":\"ImageObject\",\"inLanguage\":\"va\",\"@id\":\"https:\/\/colegio.sanjaimemoncada.es\/comedor-escolar\/#primaryimage\",\"url\":\"https:\/\/colegio.sanjaimemoncada.es\/wp-content\/uploads\/2019\/11\/Diciembre-2019-INFANTIL-Y-PRIMARIA-1024x724.jpg\",\"contentUrl\":\"https:\/\/colegio.sanjaimemoncada.es\/wp-content\/uploads\/2019\/11\/Diciembre-2019-INFANTIL-Y-PRIMARIA-1024x724.jpg\"},{\"@type\":\"BreadcrumbList\",\"@id\":\"https:\/\/colegio.sanjaimemoncada.es\/comedor-escolar\/#breadcrumb\",\"itemListElement\":[{\"@type\":\"ListItem\",\"position\":1,\"name\":\"Portada\",\"item\":\"https:\/\/colegio.sanjaimemoncada.es\/va\/\"},{\"@type\":\"ListItem\",\"position\":2,\"name\":\"Menjador Escolar\"}]},{\"@type\":\"WebSite\",\"@id\":\"https:\/\/colegio.sanjaimemoncada.es\/#website\",\"url\":\"https:\/\/colegio.sanjaimemoncada.es\/\",\"name\":\"C. Parroquial San Jaime Ap\u00f3stol\",\"description\":\"\",\"potentialAction\":[{\"@type\":\"SearchAction\",\"target\":{\"@type\":\"EntryPoint\",\"urlTemplate\":\"https:\/\/colegio.sanjaimemoncada.es\/?s={search_term_string}\"},\"query-input\":{\"@type\":\"PropertyValueSpecification\",\"valueRequired\":true,\"valueName\":\"search_term_string\"}}],\"inLanguage\":\"va\"}]}<\/script>\n<!-- \/ Yoast SEO plugin. -->","yoast_head_json":{"title":"Menjador Escolar - C. Parroquial San Jaime Ap\u00f3stol","robots":{"index":"index","follow":"follow","max-snippet":"max-snippet:-1","max-image-preview":"max-image-preview:large","max-video-preview":"max-video-preview:-1"},"canonical":"https:\/\/colegio.sanjaimemoncada.es\/comedor-escolar\/","og_locale":"en_US","og_type":"article","og_title":"Menjador Escolar - C. Parroquial San Jaime Ap\u00f3stol","og_description":"Disposem d&#8217;un servici de menjador per als nostres alumnes d&#8217;Infantil, Prim\u00e0ria, E.S.O. i Batxillerat. El dit servici es presta des d&#8217;Octubre fins Maig, i per als alumnes d&#8217;Infantil i Prim\u00e0ria tamb\u00e9 al Setembre i Juny. El centre disposa de Cuina in situ, per la qual cosa els men\u00fas s&#8217;elaboren en el propi col\u00b7legi. A m\u00e9s, [&hellip;]","og_url":"https:\/\/colegio.sanjaimemoncada.es\/comedor-escolar\/","og_site_name":"C. Parroquial San Jaime Ap\u00f3stol","article_modified_time":"2019-11-28T14:25:33+00:00","og_image":[{"width":3508,"height":2479,"url":"https:\/\/colegio.sanjaimemoncada.es\/wp-content\/uploads\/2019\/11\/Diciembre-2019-INFANTIL-Y-PRIMARIA.jpg","type":"image\/jpeg"}],"twitter_card":"summary_large_image","twitter_misc":{"Est. reading time":"2 minutes"},"schema":{"@context":"https:\/\/schema.org","@graph":[{"@type":"WebPage","@id":"https:\/\/colegio.sanjaimemoncada.es\/comedor-escolar\/","url":"https:\/\/colegio.sanjaimemoncada.es\/comedor-escolar\/","name":"Menjador Escolar - C. Parroquial San Jaime Ap\u00f3stol","isPartOf":{"@id":"https:\/\/colegio.sanjaimemoncada.es\/#website"},"primaryImageOfPage":{"@id":"https:\/\/colegio.sanjaimemoncada.es\/comedor-escolar\/#primaryimage"},"image":{"@id":"https:\/\/colegio.sanjaimemoncada.es\/comedor-escolar\/#primaryimage"},"thumbnailUrl":"https:\/\/colegio.sanjaimemoncada.es\/wp-content\/uploads\/2019\/11\/Diciembre-2019-INFANTIL-Y-PRIMARIA-1024x724.jpg","datePublished":"2016-04-20T16:39:15+00:00","dateModified":"2019-11-28T14:25:33+00:00","breadcrumb":{"@id":"https:\/\/colegio.sanjaimemoncada.es\/comedor-escolar\/#breadcrumb"},"inLanguage":"va","potentialAction":[{"@type":"ReadAction","target":["https:\/\/colegio.sanjaimemoncada.es\/comedor-escolar\/"]}]},{"@type":"ImageObject","inLanguage":"va","@id":"https:\/\/colegio.sanjaimemoncada.es\/comedor-escolar\/#primaryimage","url":"https:\/\/colegio.sanjaimemoncada.es\/wp-content\/uploads\/2019\/11\/Diciembre-2019-INFANTIL-Y-PRIMARIA-1024x724.jpg","contentUrl":"https:\/\/colegio.sanjaimemoncada.es\/wp-content\/uploads\/2019\/11\/Diciembre-2019-INFANTIL-Y-PRIMARIA-1024x724.jpg"},{"@type":"BreadcrumbList","@id":"https:\/\/colegio.sanjaimemoncada.es\/comedor-escolar\/#breadcrumb","itemListElement":[{"@type":"ListItem","position":1,"name":"Portada","item":"https:\/\/colegio.sanjaimemoncada.es\/va\/"},{"@type":"ListItem","position":2,"name":"Menjador Escolar"}]},{"@type":"WebSite","@id":"https:\/\/colegio.sanjaimemoncada.es\/#website","url":"https:\/\/colegio.sanjaimemoncada.es\/","name":"C. Parroquial San Jaime Ap\u00f3stol","description":"","potentialAction":[{"@type":"SearchAction","target":{"@type":"EntryPoint","urlTemplate":"https:\/\/colegio.sanjaimemoncada.es\/?s={search_term_string}"},"query-input":{"@type":"PropertyValueSpecification","valueRequired":true,"valueName":"search_term_string"}}],"inLanguage":"va"}]}},"_links":{"self":[{"href":"https:\/\/colegio.sanjaimemoncada.es\/va\/wp-json\/wp\/v2\/pages\/9505","targetHints":{"allow":["GET"]}}],"collection":[{"href":"https:\/\/colegio.sanjaimemoncada.es\/va\/wp-json\/wp\/v2\/pages"}],"about":[{"href":"https:\/\/colegio.sanjaimemoncada.es\/va\/wp-json\/wp\/v2\/types\/page"}],"author":[{"embeddable":true,"href":"https:\/\/colegio.sanjaimemoncada.es\/va\/wp-json\/wp\/v2\/users\/4"}],"replies":[{"embeddable":true,"href":"https:\/\/colegio.sanjaimemoncada.es\/va\/wp-json\/wp\/v2\/comments?post=9505"}],"version-history":[{"count":11,"href":"https:\/\/colegio.sanjaimemoncada.es\/va\/wp-json\/wp\/v2\/pages\/9505\/revisions"}],"predecessor-version":[{"id":17625,"href":"https:\/\/colegio.sanjaimemoncada.es\/va\/wp-json\/wp\/v2\/pages\/9505\/revisions\/17625"}],"wp:attachment":[{"href":"https:\/\/colegio.sanjaimemoncada.es\/va\/wp-json\/wp\/v2\/media?parent=9505"}],"curies":[{"name":"wp","href":"https:\/\/api.w.org\/{rel}","templated":true}]}}