{"id":9492,"date":"2016-04-26T11:49:04","date_gmt":"2016-04-26T09:49:04","guid":{"rendered":"https:\/\/colegio.sanjaimemoncada.es\/ciclos-formativos\/organigrama\/"},"modified":"2019-09-27T12:40:50","modified_gmt":"2019-09-27T10:40:50","slug":"organigrama","status":"publish","type":"page","link":"https:\/\/colegio.sanjaimemoncada.es\/va\/ciclos-formativos\/organigrama\/","title":{"rendered":"Organigrama"},"content":{"rendered":"<h3><b>EQUIP DIRECTIU <\/b><\/h3>\n<p><span style=\"font-weight: 400;\">Director Pedag\u00f2gic d&#8217;Etapa: V\u00edctor Esteve Garc\u00eda <\/span><\/p>\n<p><span style=\"font-weight: 400;\">Cap d&#8217;Estudis d&#8217;Etapa: Francisco Ib\u00e1\u00f1ez Marco <\/span><\/p>\n<h3><\/h3>\n<h3><b>ALTRES \u00d2RGANS UNIPERSONALS<\/b><\/h3>\n<ul>\n<li style=\"font-weight: 400;\"><span style=\"font-weight: 400;\">CAP DEL DEPARTAMENT ADMINISTRATIU: Ester Mart\u00ednez <\/span><\/li>\n<li style=\"font-weight: 400;\"><span style=\"font-weight: 400;\">CAP DEL DEPARTAMENT TRANSPORT I MANTENIMENT DE VEHICLES: Paco Ib\u00e1\u00f1ez <\/span><\/li>\n<li style=\"font-weight: 400;\"><span style=\"font-weight: 400;\">CAP DEL DEPARTAMENT DE FABRICACI\u00d3 MEC\u00c0NICA: Nacho Tordera <\/span><\/li>\n<li style=\"font-weight: 400;\"><span style=\"font-weight: 400;\">CAP DEL DEPARTAMENT DE FCT: Victor Esteve <\/span><\/li>\n<li style=\"font-weight: 400;\"><span style=\"font-weight: 400;\">CAP DEL DEPARTAMENT DE FORMACI\u00d3 I ORIENTACI\u00d3 LABORAL: Charo Capilla <\/span><\/li>\n<li style=\"font-weight: 400;\"><span style=\"font-weight: 400;\">RESPONSABLE D&#8217;EXTRAESCOLARS: Manuel Solis<\/span><\/li>\n<\/ul>\n<h3><\/h3>\n<h3><b>HORARI DE L&#8217;EQUIP DIRECTIU <\/b><\/h3>\n<p><span style=\"font-weight: 400;\">NOTA: Perqu\u00e8 nostra labor educativa siga m\u00e9s efica\u00e7 si un pare o mare vol parlar amb algun membre de l&#8217;equip directiu o tutor ha de concertar l&#8217;entrevista amb antelaci\u00f3. <\/span><\/p>\n<h3><\/h3>\n<h3 style=\"text-align: center;\"><b>RELACI\u00d3 DE TUTORS\/ES:\u00a0<\/b><a href=\"https:\/\/colegio.sanjaimemoncada.es\/wp-content\/uploads\/2019\/09\/Tutores-Ciclos-19-20.pdf\">Tutores Ciclos 19-20<\/a><\/h3>\n","protected":false},"excerpt":{"rendered":"<p>EQUIP DIRECTIU Director Pedag\u00f2gic d&#8217;Etapa: V\u00edctor Esteve Garc\u00eda Cap d&#8217;Estudis d&#8217;Etapa: Francisco Ib\u00e1\u00f1ez Marco ALTRES \u00d2RGANS UNIPERSONALS CAP DEL DEPARTAMENT ADMINISTRATIU: Ester Mart\u00ednez CAP DEL DEPARTAMENT TRANSPORT I MANTENIMENT DE VEHICLES: Paco Ib\u00e1\u00f1ez CAP DEL DEPARTAMENT DE FABRICACI\u00d3 MEC\u00c0NICA: Nacho Tordera CAP DEL DEPARTAMENT DE FCT: Victor Esteve CAP DEL DEPARTAMENT DE FORMACI\u00d3 I ORIENTACI\u00d3 [&hellip;]<\/p>\n","protected":false},"author":4,"featured_media":0,"parent":9464,"menu_order":0,"comment_status":"closed","ping_status":"closed","template":"","meta":{"_monsterinsights_skip_tracking":false,"_monsterinsights_sitenote_active":false,"_monsterinsights_sitenote_note":"","_monsterinsights_sitenote_category":0,"footnotes":""},"class_list":["post-9492","page","type-page","status-publish","hentry"],"yoast_head":"<!-- This site is optimized with the Yoast SEO plugin v26.2 - https:\/\/yoast.com\/wordpress\/plugins\/seo\/ -->\n<title>Organigrama - C. Parroquial San Jaime Ap\u00f3stol<\/title>\n<meta name=\"robots\" content=\"index, follow, max-snippet:-1, max-image-preview:large, max-video-preview:-1\" \/>\n<link rel=\"canonical\" href=\"https:\/\/colegio.sanjaimemoncada.es\/ciclos-formativos\/organigrama\/\" \/>\n<meta property=\"og:locale\" content=\"en_US\" \/>\n<meta property=\"og:type\" content=\"article\" \/>\n<meta property=\"og:title\" content=\"Organigrama - C. Parroquial San Jaime Ap\u00f3stol\" \/>\n<meta property=\"og:description\" content=\"EQUIP DIRECTIU Director Pedag\u00f2gic d&#8217;Etapa: V\u00edctor Esteve Garc\u00eda Cap d&#8217;Estudis d&#8217;Etapa: Francisco Ib\u00e1\u00f1ez Marco ALTRES \u00d2RGANS UNIPERSONALS CAP DEL DEPARTAMENT ADMINISTRATIU: Ester Mart\u00ednez CAP DEL DEPARTAMENT TRANSPORT I MANTENIMENT DE VEHICLES: Paco Ib\u00e1\u00f1ez CAP DEL DEPARTAMENT DE FABRICACI\u00d3 MEC\u00c0NICA: Nacho Tordera CAP DEL DEPARTAMENT DE FCT: Victor Esteve CAP DEL DEPARTAMENT DE FORMACI\u00d3 I ORIENTACI\u00d3 [&hellip;]\" \/>\n<meta property=\"og:url\" content=\"https:\/\/colegio.sanjaimemoncada.es\/ciclos-formativos\/organigrama\/\" \/>\n<meta property=\"og:site_name\" content=\"C. Parroquial San Jaime Ap\u00f3stol\" \/>\n<meta property=\"article:modified_time\" content=\"2019-09-27T10:40:50+00:00\" \/>\n<meta name=\"twitter:card\" content=\"summary_large_image\" \/>\n<meta name=\"twitter:label1\" content=\"Est. reading time\" \/>\n\t<meta name=\"twitter:data1\" content=\"1 minute\" \/>\n<script type=\"application\/ld+json\" class=\"yoast-schema-graph\">{\"@context\":\"https:\/\/schema.org\",\"@graph\":[{\"@type\":\"WebPage\",\"@id\":\"https:\/\/colegio.sanjaimemoncada.es\/ciclos-formativos\/organigrama\/\",\"url\":\"https:\/\/colegio.sanjaimemoncada.es\/ciclos-formativos\/organigrama\/\",\"name\":\"Organigrama - C. Parroquial San Jaime Ap\u00f3stol\",\"isPartOf\":{\"@id\":\"https:\/\/colegio.sanjaimemoncada.es\/#website\"},\"datePublished\":\"2016-04-26T09:49:04+00:00\",\"dateModified\":\"2019-09-27T10:40:50+00:00\",\"breadcrumb\":{\"@id\":\"https:\/\/colegio.sanjaimemoncada.es\/ciclos-formativos\/organigrama\/#breadcrumb\"},\"inLanguage\":\"va\",\"potentialAction\":[{\"@type\":\"ReadAction\",\"target\":[\"https:\/\/colegio.sanjaimemoncada.es\/ciclos-formativos\/organigrama\/\"]}]},{\"@type\":\"BreadcrumbList\",\"@id\":\"https:\/\/colegio.sanjaimemoncada.es\/ciclos-formativos\/organigrama\/#breadcrumb\",\"itemListElement\":[{\"@type\":\"ListItem\",\"position\":1,\"name\":\"Portada\",\"item\":\"https:\/\/colegio.sanjaimemoncada.es\/va\/\"},{\"@type\":\"ListItem\",\"position\":2,\"name\":\"Cicles Formatius\",\"item\":\"https:\/\/colegio.sanjaimemoncada.es\/ciclos-formativos\/\"},{\"@type\":\"ListItem\",\"position\":3,\"name\":\"Organigrama\"}]},{\"@type\":\"WebSite\",\"@id\":\"https:\/\/colegio.sanjaimemoncada.es\/#website\",\"url\":\"https:\/\/colegio.sanjaimemoncada.es\/\",\"name\":\"C. Parroquial San Jaime Ap\u00f3stol\",\"description\":\"\",\"potentialAction\":[{\"@type\":\"SearchAction\",\"target\":{\"@type\":\"EntryPoint\",\"urlTemplate\":\"https:\/\/colegio.sanjaimemoncada.es\/?s={search_term_string}\"},\"query-input\":{\"@type\":\"PropertyValueSpecification\",\"valueRequired\":true,\"valueName\":\"search_term_string\"}}],\"inLanguage\":\"va\"}]}<\/script>\n<!-- \/ Yoast SEO plugin. -->","yoast_head_json":{"title":"Organigrama - C. Parroquial San Jaime Ap\u00f3stol","robots":{"index":"index","follow":"follow","max-snippet":"max-snippet:-1","max-image-preview":"max-image-preview:large","max-video-preview":"max-video-preview:-1"},"canonical":"https:\/\/colegio.sanjaimemoncada.es\/ciclos-formativos\/organigrama\/","og_locale":"en_US","og_type":"article","og_title":"Organigrama - C. Parroquial San Jaime Ap\u00f3stol","og_description":"EQUIP DIRECTIU Director Pedag\u00f2gic d&#8217;Etapa: V\u00edctor Esteve Garc\u00eda Cap d&#8217;Estudis d&#8217;Etapa: Francisco Ib\u00e1\u00f1ez Marco ALTRES \u00d2RGANS UNIPERSONALS CAP DEL DEPARTAMENT ADMINISTRATIU: Ester Mart\u00ednez CAP DEL DEPARTAMENT TRANSPORT I MANTENIMENT DE VEHICLES: Paco Ib\u00e1\u00f1ez CAP DEL DEPARTAMENT DE FABRICACI\u00d3 MEC\u00c0NICA: Nacho Tordera CAP DEL DEPARTAMENT DE FCT: Victor Esteve CAP DEL DEPARTAMENT DE FORMACI\u00d3 I ORIENTACI\u00d3 [&hellip;]","og_url":"https:\/\/colegio.sanjaimemoncada.es\/ciclos-formativos\/organigrama\/","og_site_name":"C. Parroquial San Jaime Ap\u00f3stol","article_modified_time":"2019-09-27T10:40:50+00:00","twitter_card":"summary_large_image","twitter_misc":{"Est. reading time":"1 minute"},"schema":{"@context":"https:\/\/schema.org","@graph":[{"@type":"WebPage","@id":"https:\/\/colegio.sanjaimemoncada.es\/ciclos-formativos\/organigrama\/","url":"https:\/\/colegio.sanjaimemoncada.es\/ciclos-formativos\/organigrama\/","name":"Organigrama - C. Parroquial San Jaime Ap\u00f3stol","isPartOf":{"@id":"https:\/\/colegio.sanjaimemoncada.es\/#website"},"datePublished":"2016-04-26T09:49:04+00:00","dateModified":"2019-09-27T10:40:50+00:00","breadcrumb":{"@id":"https:\/\/colegio.sanjaimemoncada.es\/ciclos-formativos\/organigrama\/#breadcrumb"},"inLanguage":"va","potentialAction":[{"@type":"ReadAction","target":["https:\/\/colegio.sanjaimemoncada.es\/ciclos-formativos\/organigrama\/"]}]},{"@type":"BreadcrumbList","@id":"https:\/\/colegio.sanjaimemoncada.es\/ciclos-formativos\/organigrama\/#breadcrumb","itemListElement":[{"@type":"ListItem","position":1,"name":"Portada","item":"https:\/\/colegio.sanjaimemoncada.es\/va\/"},{"@type":"ListItem","position":2,"name":"Cicles Formatius","item":"https:\/\/colegio.sanjaimemoncada.es\/ciclos-formativos\/"},{"@type":"ListItem","position":3,"name":"Organigrama"}]},{"@type":"WebSite","@id":"https:\/\/colegio.sanjaimemoncada.es\/#website","url":"https:\/\/colegio.sanjaimemoncada.es\/","name":"C. Parroquial San Jaime Ap\u00f3stol","description":"","potentialAction":[{"@type":"SearchAction","target":{"@type":"EntryPoint","urlTemplate":"https:\/\/colegio.sanjaimemoncada.es\/?s={search_term_string}"},"query-input":{"@type":"PropertyValueSpecification","valueRequired":true,"valueName":"search_term_string"}}],"inLanguage":"va"}]}},"_links":{"self":[{"href":"https:\/\/colegio.sanjaimemoncada.es\/va\/wp-json\/wp\/v2\/pages\/9492","targetHints":{"allow":["GET"]}}],"collection":[{"href":"https:\/\/colegio.sanjaimemoncada.es\/va\/wp-json\/wp\/v2\/pages"}],"about":[{"href":"https:\/\/colegio.sanjaimemoncada.es\/va\/wp-json\/wp\/v2\/types\/page"}],"author":[{"embeddable":true,"href":"https:\/\/colegio.sanjaimemoncada.es\/va\/wp-json\/wp\/v2\/users\/4"}],"replies":[{"embeddable":true,"href":"https:\/\/colegio.sanjaimemoncada.es\/va\/wp-json\/wp\/v2\/comments?post=9492"}],"version-history":[{"count":4,"href":"https:\/\/colegio.sanjaimemoncada.es\/va\/wp-json\/wp\/v2\/pages\/9492\/revisions"}],"predecessor-version":[{"id":16824,"href":"https:\/\/colegio.sanjaimemoncada.es\/va\/wp-json\/wp\/v2\/pages\/9492\/revisions\/16824"}],"up":[{"embeddable":true,"href":"https:\/\/colegio.sanjaimemoncada.es\/va\/wp-json\/wp\/v2\/pages\/9464"}],"wp:attachment":[{"href":"https:\/\/colegio.sanjaimemoncada.es\/va\/wp-json\/wp\/v2\/media?parent=9492"}],"curies":[{"name":"wp","href":"https:\/\/api.w.org\/{rel}","templated":true}]}}