{"id":9489,"date":"2016-04-26T11:45:10","date_gmt":"2016-04-26T09:45:10","guid":{"rendered":"https:\/\/colegio.sanjaimemoncada.es\/ciclos-formativos\/oferta-educativa\/"},"modified":"2019-02-08T11:42:59","modified_gmt":"2019-02-08T10:42:59","slug":"oferta-educativa","status":"publish","type":"page","link":"https:\/\/colegio.sanjaimemoncada.es\/va\/ciclos-formativos\/oferta-educativa\/","title":{"rendered":"Oferta educativa"},"content":{"rendered":"<h3><b>GRAU MITJ\u00c0 &#8211; GESTI\u00d3 ADMINISTRATIVA<\/b><\/h3>\n<p><b>Duraci\u00f3: <\/b>2.000 hores<span style=\"font-weight: 400;\">.<\/span><\/p>\n<p><span style=\"font-weight: 400;\"><strong> Quines ocupacions pots exercir<\/strong>: Auxiliar administratiu. Ajudant d&#8217;oficina. Auxiliar administratiu de cobraments i pagaments. Administratiu comercial. Auxiliar administratiu de gesti\u00f3 de personal Auxiliar administratiu de les administracions p\u00fabliques. Recepcionista. Empleat d&#8217;atenci\u00f3 al client. Empleat de tresoreria. Empleat de mitjans de pagament. <\/span><\/p>\n<p style=\"text-align: left;\"><b>M\u00f2duls Professionals<\/b><span style=\"font-weight: 400;\">:<\/span><\/p>\n<p>&nbsp;<\/p>\n<table style=\"width: 811.531px;\">\n<tbody>\n<tr>\n<td style=\"text-align: center; width: 400px;\"><strong>Primer curs<\/strong><\/td>\n<td style=\"text-align: center; width: 401.531px;\"><strong>Segon curs<\/strong><\/td>\n<\/tr>\n<tr>\n<td style=\"width: 400px;\">\n<p dir=\"ltr\">Comunicaci\u00f3 empresarial i atenci\u00f3 al client<\/p>\n<p dir=\"ltr\">Operacions administratives de compravenda<\/p>\n<p dir=\"ltr\">Empresa i Administraci\u00f3<\/p>\n<p dir=\"ltr\">Tractament inform\u00e0tic de la informaci\u00f3<\/p>\n<p dir=\"ltr\">T\u00e8cnica comptable<\/p>\n<p dir=\"ltr\">Angl\u00e9s<\/p>\n<p dir=\"ltr\">Horari reservat per al m\u00f2dul impartit en angl\u00e9s<\/p>\n<p dir=\"ltr\">Formaci\u00f3 i orientaci\u00f3 laboral<\/p>\n<\/td>\n<td style=\"width: 401.531px;\">\n<p dir=\"ltr\">Operacions administratives de recursos humans<\/p>\n<p dir=\"ltr\">Tractament de la documentaci\u00f3 comptable<\/p>\n<p dir=\"ltr\">Empresa en l&#8217;aula<\/p>\n<p dir=\"ltr\">Operacions auxiliars de gesti\u00f3 de tresoreria<\/p>\n<p dir=\"ltr\">Horari reservat per al m\u00f2dul impartit en angl\u00e9s<\/p>\n<p dir=\"ltr\">Formaci\u00f3 en Centres de Treball<\/p>\n<\/td>\n<\/tr>\n<\/tbody>\n<\/table>\n<h3 style=\"text-align: center;\"><\/h3>\n<h3 style=\"text-align: center;\"><b>GRAU MITJ\u00c0 &#8211; ELECTROMEC\u00c0NICA DE VEHICLES AUTOM\u00d2BILS<\/b><\/h3>\n<p><span style=\"font-weight: 400;\"><strong>Duraci\u00f3<\/strong>: 2.000 hores.<\/span><\/p>\n<p><span style=\"font-weight: 400;\"><strong> Quines ocupacions pots exercir<\/strong>: Electronicista de vehicles. Electricista electr\u00f2nic de manteniment i reparaci\u00f3 en automoci\u00f3. Mec\u00e0nic d&#8217;autom\u00f2bils. Electricista d&#8217;autom\u00f2bils. Electromec\u00e0nic d&#8217;autom\u00f2bils. Mec\u00e0nic de motors i els seus sistemes auxiliars d&#8217;autom\u00f2bils i motocicletes. Reparador sistemes pneum\u00e0tics i hidr\u00e0ulics. Reparador sistemes de transmissi\u00f3 i frens. Reparador sistemes de direcci\u00f3 i suspensi\u00f3. Operari d&#8217;ITV. Instal\u00b7lador d&#8217;accessoris en vehicles. Operari d&#8217;empreses dedicades a la fabricaci\u00f3 de recanvis. Electromec\u00e0nic de motocicletes. Vendedor\/ distribu\u00efdor de recanvis i equips de diagnosis <\/span><\/p>\n<p style=\"text-align: left;\"><b>M\u00f2duls Professionals<\/b><span style=\"font-weight: 400;\">:<\/span><\/p>\n<table style=\"width: 811.531px;\">\n<tbody>\n<tr style=\"height: 24px;\">\n<td style=\"text-align: center; width: 400px; height: 24px;\"><strong>Primer curs<\/strong><\/td>\n<td style=\"text-align: center; width: 401.531px; height: 24px;\"><strong>Segon curs<\/strong><\/td>\n<\/tr>\n<tr style=\"height: 24px;\">\n<td style=\"width: 400px; height: 24px;\">\n<p dir=\"ltr\">Motors<\/p>\n<p dir=\"ltr\">Circuits de fluids, suspensi\u00f3 i direcci\u00f3<\/p>\n<p dir=\"ltr\">Sistemes de c\u00e0rrega i arrancada<\/p>\n<p dir=\"ltr\">Sistemes de seguretat i confortabilitat<\/p>\n<p dir=\"ltr\">Mecanitzat b\u00e0sic<\/p>\n<p dir=\"ltr\">Formaci\u00f3 i orientaci\u00f3 laboral<\/p>\n<p dir=\"ltr\">Horari reservat per al m\u00f2dul impartit en angl\u00e9s<\/p>\n<\/td>\n<td style=\"width: 401.531px; height: 24px;\">\n<p dir=\"ltr\">Circuits el\u00e8ctrics auxiliars del vehicle<\/p>\n<p dir=\"ltr\">Sistemes auxiliars del motor<\/p>\n<p dir=\"ltr\">Sistemes de transmissi\u00f3 i frenada<\/p>\n<p dir=\"ltr\">Empresa i iniciativa emprenedora<\/p>\n<p dir=\"ltr\">Horari reservat per al m\u00f2dul impartit en angl\u00e9s<\/p>\n<p dir=\"ltr\">Formaci\u00f3 en Centres de Treball<\/p>\n<\/td>\n<\/tr>\n<\/tbody>\n<\/table>\n<h3><\/h3>\n<h3 style=\"text-align: center;\"><b>GRAU MITJ\u00c0 \u2013 MECANITZAT<\/b><\/h3>\n<p><span style=\"font-weight: 400;\"><strong> Duraci\u00f3<\/strong>: 2.000 hores. <\/span><\/p>\n<p><span style=\"font-weight: 400;\"><strong>Quines ocupacions pots exercir<\/strong>: Ajustador operari de m\u00e0quines ferramentes. Polidor de metalls i esmolador de ferramentes. Operador de m\u00e0quines per a treballar metalls. Operador de m\u00e0quines ferramentes. Operador de robots industrials. Treballadors de la fabricaci\u00f3 de ferramentes, mec\u00e0nics i ajustadors, modelistes matricers i assimilats. Tornero, fresador i mandrinador.<\/span><\/p>\n<p style=\"text-align: left;\">\n<b>M\u00f2duls Professionals<\/b><span style=\"font-weight: 400;\">:<\/span><\/p>\n<table style=\"width: 808.441px;\">\n<tbody>\n<tr>\n<td style=\"text-align: center; width: 400px;\"><strong>Primer curs<\/strong><\/td>\n<td style=\"text-align: center; width: 401.441px;\"><strong>Segon curs<\/strong><\/td>\n<\/tr>\n<tr>\n<td style=\"width: 400px;\">\n<p dir=\"ltr\">Processos de mecanitzat<\/p>\n<p dir=\"ltr\">Metrologia i assajos<\/p>\n<p dir=\"ltr\">Fabricaci\u00f3 per arrancada de borumballa<\/p>\n<p dir=\"ltr\">Interpretaci\u00f3 gr\u00e0fica<\/p>\n<p dir=\"ltr\">Formaci\u00f3 i orientaci\u00f3 laboral<\/p>\n<p dir=\"ltr\">Horari reservat per al m\u00f2dul impartit en angl\u00e9s<\/p>\n<\/td>\n<td style=\"width: 401.441px;\">\n<p dir=\"ltr\">Mecanitzat per control num\u00e8ric<\/p>\n<p dir=\"ltr\">Fabricaci\u00f3 per abrasi\u00f3, electroerosi\u00f3n, tall i conformat i per processos especials<\/p>\n<p dir=\"ltr\">Sistemes automatitzats<\/p>\n<p dir=\"ltr\">Empresa i iniciativa emprenedora<\/p>\n<p dir=\"ltr\">Horari reservat per al m\u00f2dul impartit en angl\u00e9s<\/p>\n<p dir=\"ltr\">Formaci\u00f3 en Centres de Treball<\/p>\n<\/td>\n<\/tr>\n<\/tbody>\n<\/table>\n<h3><\/h3>\n<h3 style=\"text-align: center;\"><b>GRAU SUPERIOR &#8211; ADMINISTRACI\u00d3 I FINANCES<\/b><\/h3>\n<p><b>Duraci\u00f3: <\/b>2.000 hores.<\/p>\n<p><span style=\"font-weight: 400;\"><strong> Quines ocupacions pots exercir<\/strong>: Administratiu d&#8217;oficina. Administratiu comercial. Administratiu financer. Administratiu comptable. Administratiu de log\u00edstica. Administratiu de banca i d&#8217;assegurances. Administratiu de recursos humans. Administratiu de l&#8217;Administraci\u00f3 p\u00fablica. Administratiu d&#8217;assessories jur\u00eddiques, comptables, laborals, fiscals o gestories. T\u00e8cnic en gesti\u00f3 de cobraments. Responsable d&#8217;atenci\u00f3 al client.<\/span><\/p>\n<p style=\"text-align: left;\">\n<b>M\u00f2duls Professionals<\/b><span style=\"font-weight: 400;\">:<\/span><\/p>\n<table style=\"width: 811.531px;\">\n<tbody>\n<tr>\n<td style=\"text-align: center; width: 400px;\"><strong>Primer curs<\/strong><\/td>\n<td style=\"text-align: center; width: 401.531px;\"><strong>Segon curs<\/strong><\/td>\n<\/tr>\n<tr>\n<td style=\"width: 400px;\">\n<p dir=\"ltr\">Gesti\u00f3 de la documentaci\u00f3 jur\u00eddica i empresarial<\/p>\n<p dir=\"ltr\">Recursos humans i responsabilitat social corporativa<\/p>\n<p dir=\"ltr\">Ofim\u00e0tica i proc\u00e9s de la informaci\u00f3<\/p>\n<p dir=\"ltr\">Proc\u00e9s integral de l&#8217;activitat comercial<\/p>\n<p dir=\"ltr\">Comunicaci\u00f3 i atenci\u00f3 al client<\/p>\n<p dir=\"ltr\">Angl\u00e9s<\/p>\n<p dir=\"ltr\">Horari reservat per al m\u00f2dul impartit en angl\u00e9s<\/p>\n<p dir=\"ltr\">Formaci\u00f3 i orientaci\u00f3 laboral<\/p>\n<\/td>\n<td style=\"width: 401.531px;\">\n<p dir=\"ltr\">Gesti\u00f3 de recursos humans<\/p>\n<p dir=\"ltr\">Gesti\u00f3 financera<\/p>\n<p dir=\"ltr\">Comptabilitat i fiscalitat<\/p>\n<p dir=\"ltr\">Gesti\u00f3 log\u00edstica i comercial<\/p>\n<p dir=\"ltr\">Simulaci\u00f3 empresarial<\/p>\n<p dir=\"ltr\">Projecte d&#8217;Administraci\u00f3 i Finances<\/p>\n<p dir=\"ltr\">Horari reservat per al m\u00f2dul impartit en angl\u00e9s<\/p>\n<p dir=\"ltr\">Formaci\u00f3 en Centres de Treball<\/p>\n<\/td>\n<\/tr>\n<\/tbody>\n<\/table>\n<p>&nbsp;<\/p>\n<h3 style=\"text-align: center;\"><b>GRAU SUPERIOR &#8211; AUTOMOCI\u00d3<\/b><\/h3>\n<p><b>Duraci\u00f3:<\/b> 2.000 hores.<\/p>\n<p><span style=\"font-weight: 400;\"><strong> Quines ocupacions pots exercir<\/strong>: Cap de l&#8217;\u00e0rea d&#8217;electromec\u00e0nica. Recepcionista de vehicles. Cap de taller de vehicles de motor. Encarregat d&#8217;ITV. P\u00e8rit taxador de vehicles. Cap de servici. Encarregat d&#8217;\u00e0rea de recanvis. Encarregat d&#8217;\u00e0rea comercial d&#8217;equips relacionats amb els vehicles. Cap de l&#8217;\u00e0rea de carrosseria: xapa i pintura.<\/span><\/p>\n<p style=\"text-align: left;\">\n<b>M\u00f2duls Professionals<\/b><span style=\"font-weight: 400;\">:<\/span><\/p>\n<table style=\"width: 811.531px;\">\n<tbody>\n<tr>\n<td style=\"text-align: center; width: 400px;\"><strong>Primer curs<\/strong><\/td>\n<td style=\"text-align: center; width: 401.531px;\"><strong>Segon curs<\/strong><\/td>\n<\/tr>\n<tr>\n<td style=\"width: 400px;\">\n<p dir=\"ltr\">Sistemes el\u00e8ctrics i de seguretat i confortabilitat<\/p>\n<p dir=\"ltr\">Sistemes de transmissi\u00f3 de forces i trens de rodatge<\/p>\n<p dir=\"ltr\">Motors t\u00e8rmics i els seus sistemes auxiliars<\/p>\n<p dir=\"ltr\">Elements amovibles i fixos no estructurals<\/p>\n<p dir=\"ltr\">Formaci\u00f3 i orientaci\u00f3 laboral<\/p>\n<p dir=\"ltr\">Horari reservat per al m\u00f2dul impartit en angl\u00e9s<\/p>\n<\/td>\n<td style=\"width: 401.531px;\">\n<p dir=\"ltr\">Tractament i recobriment de superf\u00edcies<\/p>\n<p dir=\"ltr\">Estructures del vehicle<\/p>\n<p dir=\"ltr\">Gesti\u00f3 i log\u00edstica del manteniment de vehicles<\/p>\n<p dir=\"ltr\">T\u00e8cniques de comunicaci\u00f3 i de relacions<\/p>\n<p dir=\"ltr\">Empresa i iniciativa emprenedora<\/p>\n<p dir=\"ltr\">Projecte d&#8217;automoci\u00f3<\/p>\n<p dir=\"ltr\">Horari reservat per al m\u00f2dul impartit en angl\u00e9s<\/p>\n<p dir=\"ltr\">Formaci\u00f3 en Centres de Treball<\/p>\n<\/td>\n<\/tr>\n<\/tbody>\n<\/table>\n<p>&nbsp;<\/p>\n<h3 style=\"text-align: center;\"><b>GRAU SUPERIOR &#8211; DISSENY EN FABRICACI\u00d3 MEC\u00c0NICA<\/b><\/h3>\n<p><b>Duraci\u00f3:<\/b> 2.000 hores.<\/p>\n<p><span style=\"font-weight: 400;\"><strong>Quines ocupacions pots exercir<\/strong>: Delineant projectista. T\u00e8cnic en CAD. T\u00e8cnic en desplegament de productes. T\u00e8cnic en desplegament de matrius. T\u00e8cnic en desplegament d&#8217;utillatges. T\u00e8cnic en desplegament de motles. T\u00e8cnic de desenrotllament de productes i motles.<\/span><\/p>\n<p style=\"text-align: left;\">\nM\u00f2duls Professionals<span style=\"font-weight: 400;\">:<\/span><\/p>\n<table style=\"width: 811.531px;\">\n<tbody>\n<tr>\n<td style=\"text-align: center; width: 400px;\"><strong>Primer curs<\/strong><\/td>\n<td style=\"text-align: center; width: 401.531px;\"><strong>Segon curs<\/strong><\/td>\n<\/tr>\n<tr>\n<td style=\"width: 400px;\">\n<p dir=\"ltr\">Representaci\u00f3 gr\u00e0fica en fabricaci\u00f3 mec\u00e0nica<\/p>\n<p dir=\"ltr\">Disseny de productes mec\u00e0nics<\/p>\n<p dir=\"ltr\">Disseny de motles i models de fosa<\/p>\n<p dir=\"ltr\">T\u00e8cniques de fabricaci\u00f3 mec\u00e0nica<\/p>\n<p dir=\"ltr\">Formaci\u00f3 i orientaci\u00f3 laboral<\/p>\n<p dir=\"ltr\">Horari reservat per al m\u00f2dul impartit en angl\u00e9s<\/p>\n<\/td>\n<td style=\"width: 401.531px;\">\n<p dir=\"ltr\">Disseny d&#8217;estris de processat de xapa i estampaci\u00f3<\/p>\n<p dir=\"ltr\">Disseny de motles per a productes polim\u00e8rics<\/p>\n<p dir=\"ltr\">Automatitzaci\u00f3 de la fabricaci\u00f3<\/p>\n<p dir=\"ltr\">Projecte de disseny de productes mec\u00e0nics<\/p>\n<p dir=\"ltr\">Empresa i iniciativa emprenedora<\/p>\n<p dir=\"ltr\">Horari reservat per al m\u00f2dul impartit en angl\u00e9s<\/p>\n<p dir=\"ltr\">Formaci\u00f3 en Centres de Treball<\/p>\n<\/td>\n<\/tr>\n<\/tbody>\n<\/table>\n<p>&nbsp;<\/p>\n<h3 style=\"text-align: center;\"><b>MODALITATS D&#8217;ACC\u00c9S A CICLES FORMATIUS DE GRAU MITJ\u00c0<\/b><\/h3>\n<p><b>Acc\u00e9s directe:<\/b><\/p>\n<ul>\n<li style=\"font-weight: 400;\"><span style=\"font-weight: 400;\">Graduats en Educaci\u00f3 Secund\u00e0ria Obligat\u00f2ria <\/span><\/li>\n<li style=\"font-weight: 400;\"><span style=\"font-weight: 400;\">Titulats de Formaci\u00f3 Profesionesl de Primer Grau (T\u00e8cnic Auxiliar) <\/span><\/li>\n<li style=\"font-weight: 400;\"><span style=\"font-weight: 400;\">Titulats de Formaci\u00f3 Professional de Grau Mitj\u00e0 (T\u00e8cnic)<\/span><\/li>\n<li style=\"font-weight: 400;\"><span style=\"font-weight: 400;\">Tindre 2n de BUP aprovat <\/span><\/li>\n<li style=\"font-weight: 400;\"><span style=\"font-weight: 400;\">Haver superat el 2n curs del Pimer Cicle Experimental de Reforma d&#8217;Ensenyances Mitges <\/span><\/li>\n<li style=\"font-weight: 400;\"><span style=\"font-weight: 400;\">Haver superat, de les ensenyances d&#8217;Arts Pl\u00e0stiques i Oficis Art\u00edstics, el 3r curs del Pla de 1963 o 2n de comuns experimental <\/span><\/li>\n<li style=\"font-weight: 400;\"><span style=\"font-weight: 400;\">Altres titulacions equivalents a efectes acad\u00e8mics<\/span><\/li>\n<\/ul>\n<p><b>Acc\u00e9s per mitj\u00e0 de prova:<\/b><\/p>\n<p><span style=\"font-weight: 400;\">Sense complir cap dels requisits acad\u00e8mics d&#8217;acc\u00e9s directe, tindre 17 anys d&#8217;edat o complir-los durant l&#8217;any en curs, i superar la corresponent prova d&#8217;acc\u00e9s<\/span><\/p>\n<h3><\/h3>\n<p>&nbsp;<\/p>\n<h3 style=\"text-align: center;\"><b>MODALITATS D&#8217;ACC\u00c9S A CICLES FORMATIUS DE GRAU SUPERIOR<\/b><\/h3>\n<p><b>Acc\u00e9s directe (Criteris en orde de prioritat) :<\/b><\/p>\n<ul>\n<li style=\"font-weight: 400;\"><span style=\"font-weight: 400;\">Estar en possessi\u00f3 del t\u00edtol de Batxillerat LOE modalitat BHCS; de Batxillerat LOGSE modalitat BHCS. De Batxillerat Experimental modalitats BAG, BHCS o BL; o haver superat l&#8217;opci\u00f3 C o D de COU <\/span><\/li>\n<li style=\"font-weight: 400;\"><span style=\"font-weight: 400;\">Estar en possessi\u00f3 del t\u00edtol de Batxillerat LOE\/LOGSE <\/span><\/li>\n<li style=\"font-weight: 400;\"><span style=\"font-weight: 400;\">Haver superat el 2n curs d&#8217;altres modalitats de Batxillerat Experimental <\/span><\/li>\n<li style=\"font-weight: 400;\"><span style=\"font-weight: 400;\">Tindre l&#8217;opci\u00f3 A o B de COU o el Preu superat <\/span><\/li>\n<li style=\"font-weight: 400;\"><span style=\"font-weight: 400;\">Estar en possessi\u00f3 del t\u00edtol de Formaci\u00f3 Professional de 2n Grau o altres titulacions equivalents a efectes acad\u00e8mics<\/span><\/li>\n<li style=\"font-weight: 400;\"><span style=\"font-weight: 400;\">Tindre una titulaci\u00f3 universit\u00e0ria a qu\u00e8 es va accedir sense complir cap dels requisits anteriors <\/span><\/li>\n<\/ul>\n<p><b>Acc\u00e9s per mitj\u00e0 de prova: <\/b><\/p>\n<p><span style=\"font-weight: 400;\">Sense complir cap dels requisits acad\u00e8mics d&#8217;acc\u00e9s directe, tindre 19 anys d&#8217;edat o complir-los durant l&#8217;any en curs, i superar la corresponent prova d&#8217;acc\u00e9s. Si s&#8217;acredita estar en possessi\u00f3 d&#8217;un t\u00edtol de T\u00e8cnic relacionat amb aquell a qu\u00e8 es desitja accedir, el requisit d&#8217;edat per a la realitzaci\u00f3 de la prova ser\u00e0 tindre 18 anys, o complir-los durant l&#8217;any en curs<\/span><\/p>\n","protected":false},"excerpt":{"rendered":"<p>GRAU MITJ\u00c0 &#8211; GESTI\u00d3 ADMINISTRATIVA Duraci\u00f3: 2.000 hores. Quines ocupacions pots exercir: Auxiliar administratiu. Ajudant d&#8217;oficina. Auxiliar administratiu de cobraments i pagaments. Administratiu comercial. Auxiliar administratiu de gesti\u00f3 de personal Auxiliar administratiu de les administracions p\u00fabliques. Recepcionista. Empleat d&#8217;atenci\u00f3 al client. Empleat de tresoreria. Empleat de mitjans de pagament. M\u00f2duls Professionals: &nbsp; Primer curs Segon [&hellip;]<\/p>\n","protected":false},"author":4,"featured_media":0,"parent":9464,"menu_order":0,"comment_status":"closed","ping_status":"closed","template":"","meta":{"_monsterinsights_skip_tracking":false,"_monsterinsights_sitenote_active":false,"_monsterinsights_sitenote_note":"","_monsterinsights_sitenote_category":0,"footnotes":""},"class_list":["post-9489","page","type-page","status-publish","hentry"],"yoast_head":"<!-- This site is optimized with the Yoast SEO plugin v26.2 - https:\/\/yoast.com\/wordpress\/plugins\/seo\/ -->\n<title>Oferta educativa - C. Parroquial San Jaime Ap\u00f3stol<\/title>\n<meta name=\"robots\" content=\"index, follow, max-snippet:-1, max-image-preview:large, max-video-preview:-1\" \/>\n<link rel=\"canonical\" href=\"https:\/\/colegio.sanjaimemoncada.es\/ciclos-formativos\/oferta-educativa\/\" \/>\n<meta property=\"og:locale\" content=\"en_US\" \/>\n<meta property=\"og:type\" content=\"article\" \/>\n<meta property=\"og:title\" content=\"Oferta educativa - C. Parroquial San Jaime Ap\u00f3stol\" \/>\n<meta property=\"og:description\" content=\"GRAU MITJ\u00c0 &#8211; GESTI\u00d3 ADMINISTRATIVA Duraci\u00f3: 2.000 hores. Quines ocupacions pots exercir: Auxiliar administratiu. Ajudant d&#8217;oficina. Auxiliar administratiu de cobraments i pagaments. Administratiu comercial. Auxiliar administratiu de gesti\u00f3 de personal Auxiliar administratiu de les administracions p\u00fabliques. Recepcionista. Empleat d&#8217;atenci\u00f3 al client. Empleat de tresoreria. Empleat de mitjans de pagament. M\u00f2duls Professionals: &nbsp; Primer curs Segon [&hellip;]\" \/>\n<meta property=\"og:url\" content=\"https:\/\/colegio.sanjaimemoncada.es\/ciclos-formativos\/oferta-educativa\/\" \/>\n<meta property=\"og:site_name\" content=\"C. Parroquial San Jaime Ap\u00f3stol\" \/>\n<meta property=\"article:modified_time\" content=\"2019-02-08T10:42:59+00:00\" \/>\n<meta name=\"twitter:card\" content=\"summary_large_image\" \/>\n<meta name=\"twitter:label1\" content=\"Est. reading time\" \/>\n\t<meta name=\"twitter:data1\" content=\"6 minutes\" \/>\n<script type=\"application\/ld+json\" class=\"yoast-schema-graph\">{\"@context\":\"https:\/\/schema.org\",\"@graph\":[{\"@type\":\"WebPage\",\"@id\":\"https:\/\/colegio.sanjaimemoncada.es\/ciclos-formativos\/oferta-educativa\/\",\"url\":\"https:\/\/colegio.sanjaimemoncada.es\/ciclos-formativos\/oferta-educativa\/\",\"name\":\"Oferta educativa - C. Parroquial San Jaime Ap\u00f3stol\",\"isPartOf\":{\"@id\":\"https:\/\/colegio.sanjaimemoncada.es\/#website\"},\"datePublished\":\"2016-04-26T09:45:10+00:00\",\"dateModified\":\"2019-02-08T10:42:59+00:00\",\"breadcrumb\":{\"@id\":\"https:\/\/colegio.sanjaimemoncada.es\/ciclos-formativos\/oferta-educativa\/#breadcrumb\"},\"inLanguage\":\"va\",\"potentialAction\":[{\"@type\":\"ReadAction\",\"target\":[\"https:\/\/colegio.sanjaimemoncada.es\/ciclos-formativos\/oferta-educativa\/\"]}]},{\"@type\":\"BreadcrumbList\",\"@id\":\"https:\/\/colegio.sanjaimemoncada.es\/ciclos-formativos\/oferta-educativa\/#breadcrumb\",\"itemListElement\":[{\"@type\":\"ListItem\",\"position\":1,\"name\":\"Portada\",\"item\":\"https:\/\/colegio.sanjaimemoncada.es\/va\/\"},{\"@type\":\"ListItem\",\"position\":2,\"name\":\"Cicles Formatius\",\"item\":\"https:\/\/colegio.sanjaimemoncada.es\/ciclos-formativos\/\"},{\"@type\":\"ListItem\",\"position\":3,\"name\":\"Oferta educativa\"}]},{\"@type\":\"WebSite\",\"@id\":\"https:\/\/colegio.sanjaimemoncada.es\/#website\",\"url\":\"https:\/\/colegio.sanjaimemoncada.es\/\",\"name\":\"C. Parroquial San Jaime Ap\u00f3stol\",\"description\":\"\",\"potentialAction\":[{\"@type\":\"SearchAction\",\"target\":{\"@type\":\"EntryPoint\",\"urlTemplate\":\"https:\/\/colegio.sanjaimemoncada.es\/?s={search_term_string}\"},\"query-input\":{\"@type\":\"PropertyValueSpecification\",\"valueRequired\":true,\"valueName\":\"search_term_string\"}}],\"inLanguage\":\"va\"}]}<\/script>\n<!-- \/ Yoast SEO plugin. -->","yoast_head_json":{"title":"Oferta educativa - C. Parroquial San Jaime Ap\u00f3stol","robots":{"index":"index","follow":"follow","max-snippet":"max-snippet:-1","max-image-preview":"max-image-preview:large","max-video-preview":"max-video-preview:-1"},"canonical":"https:\/\/colegio.sanjaimemoncada.es\/ciclos-formativos\/oferta-educativa\/","og_locale":"en_US","og_type":"article","og_title":"Oferta educativa - C. Parroquial San Jaime Ap\u00f3stol","og_description":"GRAU MITJ\u00c0 &#8211; GESTI\u00d3 ADMINISTRATIVA Duraci\u00f3: 2.000 hores. Quines ocupacions pots exercir: Auxiliar administratiu. Ajudant d&#8217;oficina. Auxiliar administratiu de cobraments i pagaments. Administratiu comercial. Auxiliar administratiu de gesti\u00f3 de personal Auxiliar administratiu de les administracions p\u00fabliques. Recepcionista. Empleat d&#8217;atenci\u00f3 al client. Empleat de tresoreria. Empleat de mitjans de pagament. M\u00f2duls Professionals: &nbsp; Primer curs Segon [&hellip;]","og_url":"https:\/\/colegio.sanjaimemoncada.es\/ciclos-formativos\/oferta-educativa\/","og_site_name":"C. Parroquial San Jaime Ap\u00f3stol","article_modified_time":"2019-02-08T10:42:59+00:00","twitter_card":"summary_large_image","twitter_misc":{"Est. reading time":"6 minutes"},"schema":{"@context":"https:\/\/schema.org","@graph":[{"@type":"WebPage","@id":"https:\/\/colegio.sanjaimemoncada.es\/ciclos-formativos\/oferta-educativa\/","url":"https:\/\/colegio.sanjaimemoncada.es\/ciclos-formativos\/oferta-educativa\/","name":"Oferta educativa - C. Parroquial San Jaime Ap\u00f3stol","isPartOf":{"@id":"https:\/\/colegio.sanjaimemoncada.es\/#website"},"datePublished":"2016-04-26T09:45:10+00:00","dateModified":"2019-02-08T10:42:59+00:00","breadcrumb":{"@id":"https:\/\/colegio.sanjaimemoncada.es\/ciclos-formativos\/oferta-educativa\/#breadcrumb"},"inLanguage":"va","potentialAction":[{"@type":"ReadAction","target":["https:\/\/colegio.sanjaimemoncada.es\/ciclos-formativos\/oferta-educativa\/"]}]},{"@type":"BreadcrumbList","@id":"https:\/\/colegio.sanjaimemoncada.es\/ciclos-formativos\/oferta-educativa\/#breadcrumb","itemListElement":[{"@type":"ListItem","position":1,"name":"Portada","item":"https:\/\/colegio.sanjaimemoncada.es\/va\/"},{"@type":"ListItem","position":2,"name":"Cicles Formatius","item":"https:\/\/colegio.sanjaimemoncada.es\/ciclos-formativos\/"},{"@type":"ListItem","position":3,"name":"Oferta educativa"}]},{"@type":"WebSite","@id":"https:\/\/colegio.sanjaimemoncada.es\/#website","url":"https:\/\/colegio.sanjaimemoncada.es\/","name":"C. Parroquial San Jaime Ap\u00f3stol","description":"","potentialAction":[{"@type":"SearchAction","target":{"@type":"EntryPoint","urlTemplate":"https:\/\/colegio.sanjaimemoncada.es\/?s={search_term_string}"},"query-input":{"@type":"PropertyValueSpecification","valueRequired":true,"valueName":"search_term_string"}}],"inLanguage":"va"}]}},"_links":{"self":[{"href":"https:\/\/colegio.sanjaimemoncada.es\/va\/wp-json\/wp\/v2\/pages\/9489","targetHints":{"allow":["GET"]}}],"collection":[{"href":"https:\/\/colegio.sanjaimemoncada.es\/va\/wp-json\/wp\/v2\/pages"}],"about":[{"href":"https:\/\/colegio.sanjaimemoncada.es\/va\/wp-json\/wp\/v2\/types\/page"}],"author":[{"embeddable":true,"href":"https:\/\/colegio.sanjaimemoncada.es\/va\/wp-json\/wp\/v2\/users\/4"}],"replies":[{"embeddable":true,"href":"https:\/\/colegio.sanjaimemoncada.es\/va\/wp-json\/wp\/v2\/comments?post=9489"}],"version-history":[{"count":2,"href":"https:\/\/colegio.sanjaimemoncada.es\/va\/wp-json\/wp\/v2\/pages\/9489\/revisions"}],"predecessor-version":[{"id":11999,"href":"https:\/\/colegio.sanjaimemoncada.es\/va\/wp-json\/wp\/v2\/pages\/9489\/revisions\/11999"}],"up":[{"embeddable":true,"href":"https:\/\/colegio.sanjaimemoncada.es\/va\/wp-json\/wp\/v2\/pages\/9464"}],"wp:attachment":[{"href":"https:\/\/colegio.sanjaimemoncada.es\/va\/wp-json\/wp\/v2\/media?parent=9489"}],"curies":[{"name":"wp","href":"https:\/\/api.w.org\/{rel}","templated":true}]}}