{"id":9480,"date":"2016-04-26T11:48:12","date_gmt":"2016-04-26T09:48:12","guid":{"rendered":"https:\/\/colegio.sanjaimemoncada.es\/ciclos-formativos\/innovacion-pedagogica\/"},"modified":"2019-02-08T11:16:55","modified_gmt":"2019-02-08T10:16:55","slug":"innovacion-pedagogica","status":"publish","type":"page","link":"https:\/\/colegio.sanjaimemoncada.es\/va\/ciclos-formativos\/innovacion-pedagogica\/","title":{"rendered":"Innovaci\u00f3 Pedag\u00f2gica"},"content":{"rendered":"<p><span style=\"font-weight: 400;\"><strong>INTRODUCCI\u00d3 D&#8217;APB (APRENENTATGE BASAT EN PROJECTES)<\/strong> <\/span><\/p>\n<p><span style=\"font-weight: 400;\"><strong>L&#8217;aprenentatge per projectes<\/strong> \u00e9s un enfocament multidisciplinari que estimula el treball cooperatiu, construint sobre les fortaleses dels estudiants i permetent-los explorar les seues \u00e0rees d&#8217;inter\u00e9s dins del marc del curr\u00edculum. Les estrat\u00e8gies d&#8217;este m\u00e8tode s&#8217;aproximen a les del constructivisme, teoria en qu\u00e8 l&#8217;alumnat apr\u00e9n construint noves idees o conceptes, basant-se en els seus coneixements previs. Esta evoluci\u00f3 prov\u00e9 de treballs de psic\u00f2legs i educadors com a Lev Vygotsky, Jerome Bruner, Jean Piaget, John Dewey i William H. Kilpatrick. A m\u00e9s, ja a finals dels anys 60, l&#8217;educaci\u00f3 va donar un impuls fort al comprometre&#8217;s activament en els projectes i les experi\u00e8ncies d&#8217;aprenentatge per a \u00a0\u201caprender fent\u201d.<\/span><\/p>\n<p><span style=\"font-weight: 400;\">Utilitzar projectes com a part del curr\u00edculum no \u00e9s un concepte nou i els docents ho incorporen ben sovint als seus plans de classe, per\u00f2 el Treball per Projectes \u00e9s diferent, perqu\u00e8 es tracta d&#8217;una estrat\u00e8gia educativa integral. En la societat actual, adquirix m\u00e9s valor, ja que els professors treballen amb grups de xiquets que tenen estils d&#8217;aprenentatge molt distints, ja siga per difer\u00e8ncies \u00e8tniques, culturals o nivells d&#8217;habilitat i que, a m\u00e9s, estiguen aprenent angl\u00e9s com a segona llengua. L&#8217;aprenentatge basat en projectes facilita la introducci\u00f3 d&#8217;una varietat d&#8217;oportunitats d&#8217;aprenentatge en l&#8217;aula de classe. El fet de que els alumnes puguen triar el tema del projecte els motiva ja que poden relacionar-ho amb les seues pr\u00f2pies experi\u00e8ncies.<\/span><\/p>\n<p><span style=\"font-weight: 400;\">Este m\u00e8tode \u00e9s el desenrotllat tradicionalment en Formaci\u00f3 Professional (ara Cicles Formatius) i sempre ha donat excel\u00b7lents resultats amb tots els alumnes.<\/span><\/p>\n<p>&nbsp;<\/p>\n<p><span style=\"font-weight: 400;\"> Durant el <\/span><b>curs 2017\/18 el departament d&#8217;Administraci\u00f3 i Finances<\/b><span style=\"font-weight: 400;\"> va posar en marxa un Projecte d&#8217;Innovaci\u00f3 concedit per la <\/span><b>Conselleria d&#8217;Educaci\u00f3<\/b><span style=\"font-weight: 400;\"> cridat \u201c<\/span><b>Cooperaci\u00f3 entre families professionals d&#8217;enllustres formatius per una ciutadania solid\u00e0ria \u201c<\/b><span style=\"font-weight: 400;\">. El dit projecte consistia en l&#8217;Aprenentatge Empresarial basat en la cooperaci\u00f3 entre les distintes fam\u00edlies professionals del centre implicant amb aix\u00f2 a tota la comunitat educativa, alumnes, professors, fam\u00edlies i empreses.<\/span><\/p>\n<p><span style=\"font-weight: 400;\">En <\/span><b>el present curs, 2018\/19 s&#8217;ha iniciat un Aprenentatge Basat en Projecte en el departament de Fabricaci\u00f3 Mec\u00e0nica, amb els alumnes de 1r de Disseny<\/b><span style=\"font-weight: 400;\">, tamb\u00e9 implicant tots els professors i assignatures. <\/span><\/p>\n<p><span style=\"font-weight: 400;\">En el dit Projecte es va a dissenyar una m\u00e0quina &#8211; cabrestant, amb els seus plans, impressi\u00f3 3D d&#8217;algunes peces, fabricaci\u00f3 per arrancada de borumballa, fosa o soldadura de la resta, muntatge i presentaci\u00f3 del producte final.<\/span><\/p>\n<p><span style=\"font-weight: 400;\"> En un futur s&#8217;est\u00e0 estudiant introduir la metodologia en altres departaments i nivells. En tot cas, no s&#8217;abandona mai la realitzaci\u00f3 d&#8217;ex\u00e0mens, amb una nota m\u00ednima, perqu\u00e8 considerem que la innovaci\u00f3 i el rigor no estan renyits.<\/span><\/p>\n","protected":false},"excerpt":{"rendered":"<p>INTRODUCCI\u00d3 D&#8217;APB (APRENENTATGE BASAT EN PROJECTES) L&#8217;aprenentatge per projectes \u00e9s un enfocament multidisciplinari que estimula el treball cooperatiu, construint sobre les fortaleses dels estudiants i permetent-los explorar les seues \u00e0rees d&#8217;inter\u00e9s dins del marc del curr\u00edculum. Les estrat\u00e8gies d&#8217;este m\u00e8tode s&#8217;aproximen a les del constructivisme, teoria en qu\u00e8 l&#8217;alumnat apr\u00e9n construint noves idees o conceptes, [&hellip;]<\/p>\n","protected":false},"author":4,"featured_media":0,"parent":9464,"menu_order":0,"comment_status":"closed","ping_status":"closed","template":"","meta":{"_monsterinsights_skip_tracking":false,"_monsterinsights_sitenote_active":false,"_monsterinsights_sitenote_note":"","_monsterinsights_sitenote_category":0,"footnotes":""},"class_list":["post-9480","page","type-page","status-publish","hentry"],"yoast_head":"<!-- This site is optimized with the Yoast SEO plugin v26.2 - https:\/\/yoast.com\/wordpress\/plugins\/seo\/ -->\n<title>Innovaci\u00f3 Pedag\u00f2gica - C. Parroquial San Jaime Ap\u00f3stol<\/title>\n<meta name=\"robots\" content=\"index, follow, max-snippet:-1, max-image-preview:large, max-video-preview:-1\" \/>\n<link rel=\"canonical\" href=\"https:\/\/colegio.sanjaimemoncada.es\/ciclos-formativos\/innovacion-pedagogica\/\" \/>\n<meta property=\"og:locale\" content=\"en_US\" \/>\n<meta property=\"og:type\" content=\"article\" \/>\n<meta property=\"og:title\" content=\"Innovaci\u00f3 Pedag\u00f2gica - C. Parroquial San Jaime Ap\u00f3stol\" \/>\n<meta property=\"og:description\" content=\"INTRODUCCI\u00d3 D&#8217;APB (APRENENTATGE BASAT EN PROJECTES) L&#8217;aprenentatge per projectes \u00e9s un enfocament multidisciplinari que estimula el treball cooperatiu, construint sobre les fortaleses dels estudiants i permetent-los explorar les seues \u00e0rees d&#8217;inter\u00e9s dins del marc del curr\u00edculum. Les estrat\u00e8gies d&#8217;este m\u00e8tode s&#8217;aproximen a les del constructivisme, teoria en qu\u00e8 l&#8217;alumnat apr\u00e9n construint noves idees o conceptes, [&hellip;]\" \/>\n<meta property=\"og:url\" content=\"https:\/\/colegio.sanjaimemoncada.es\/ciclos-formativos\/innovacion-pedagogica\/\" \/>\n<meta property=\"og:site_name\" content=\"C. Parroquial San Jaime Ap\u00f3stol\" \/>\n<meta property=\"article:modified_time\" content=\"2019-02-08T10:16:55+00:00\" \/>\n<meta name=\"twitter:card\" content=\"summary_large_image\" \/>\n<meta name=\"twitter:label1\" content=\"Est. reading time\" \/>\n\t<meta name=\"twitter:data1\" content=\"2 minutes\" \/>\n<script type=\"application\/ld+json\" class=\"yoast-schema-graph\">{\"@context\":\"https:\/\/schema.org\",\"@graph\":[{\"@type\":\"WebPage\",\"@id\":\"https:\/\/colegio.sanjaimemoncada.es\/ciclos-formativos\/innovacion-pedagogica\/\",\"url\":\"https:\/\/colegio.sanjaimemoncada.es\/ciclos-formativos\/innovacion-pedagogica\/\",\"name\":\"Innovaci\u00f3 Pedag\u00f2gica - C. Parroquial San Jaime Ap\u00f3stol\",\"isPartOf\":{\"@id\":\"https:\/\/colegio.sanjaimemoncada.es\/#website\"},\"datePublished\":\"2016-04-26T09:48:12+00:00\",\"dateModified\":\"2019-02-08T10:16:55+00:00\",\"breadcrumb\":{\"@id\":\"https:\/\/colegio.sanjaimemoncada.es\/ciclos-formativos\/innovacion-pedagogica\/#breadcrumb\"},\"inLanguage\":\"va\",\"potentialAction\":[{\"@type\":\"ReadAction\",\"target\":[\"https:\/\/colegio.sanjaimemoncada.es\/ciclos-formativos\/innovacion-pedagogica\/\"]}]},{\"@type\":\"BreadcrumbList\",\"@id\":\"https:\/\/colegio.sanjaimemoncada.es\/ciclos-formativos\/innovacion-pedagogica\/#breadcrumb\",\"itemListElement\":[{\"@type\":\"ListItem\",\"position\":1,\"name\":\"Portada\",\"item\":\"https:\/\/colegio.sanjaimemoncada.es\/va\/\"},{\"@type\":\"ListItem\",\"position\":2,\"name\":\"Cicles Formatius\",\"item\":\"https:\/\/colegio.sanjaimemoncada.es\/ciclos-formativos\/\"},{\"@type\":\"ListItem\",\"position\":3,\"name\":\"Innovaci\u00f3 Pedag\u00f2gica\"}]},{\"@type\":\"WebSite\",\"@id\":\"https:\/\/colegio.sanjaimemoncada.es\/#website\",\"url\":\"https:\/\/colegio.sanjaimemoncada.es\/\",\"name\":\"C. Parroquial San Jaime Ap\u00f3stol\",\"description\":\"\",\"potentialAction\":[{\"@type\":\"SearchAction\",\"target\":{\"@type\":\"EntryPoint\",\"urlTemplate\":\"https:\/\/colegio.sanjaimemoncada.es\/?s={search_term_string}\"},\"query-input\":{\"@type\":\"PropertyValueSpecification\",\"valueRequired\":true,\"valueName\":\"search_term_string\"}}],\"inLanguage\":\"va\"}]}<\/script>\n<!-- \/ Yoast SEO plugin. -->","yoast_head_json":{"title":"Innovaci\u00f3 Pedag\u00f2gica - C. Parroquial San Jaime Ap\u00f3stol","robots":{"index":"index","follow":"follow","max-snippet":"max-snippet:-1","max-image-preview":"max-image-preview:large","max-video-preview":"max-video-preview:-1"},"canonical":"https:\/\/colegio.sanjaimemoncada.es\/ciclos-formativos\/innovacion-pedagogica\/","og_locale":"en_US","og_type":"article","og_title":"Innovaci\u00f3 Pedag\u00f2gica - C. Parroquial San Jaime Ap\u00f3stol","og_description":"INTRODUCCI\u00d3 D&#8217;APB (APRENENTATGE BASAT EN PROJECTES) L&#8217;aprenentatge per projectes \u00e9s un enfocament multidisciplinari que estimula el treball cooperatiu, construint sobre les fortaleses dels estudiants i permetent-los explorar les seues \u00e0rees d&#8217;inter\u00e9s dins del marc del curr\u00edculum. Les estrat\u00e8gies d&#8217;este m\u00e8tode s&#8217;aproximen a les del constructivisme, teoria en qu\u00e8 l&#8217;alumnat apr\u00e9n construint noves idees o conceptes, [&hellip;]","og_url":"https:\/\/colegio.sanjaimemoncada.es\/ciclos-formativos\/innovacion-pedagogica\/","og_site_name":"C. Parroquial San Jaime Ap\u00f3stol","article_modified_time":"2019-02-08T10:16:55+00:00","twitter_card":"summary_large_image","twitter_misc":{"Est. reading time":"2 minutes"},"schema":{"@context":"https:\/\/schema.org","@graph":[{"@type":"WebPage","@id":"https:\/\/colegio.sanjaimemoncada.es\/ciclos-formativos\/innovacion-pedagogica\/","url":"https:\/\/colegio.sanjaimemoncada.es\/ciclos-formativos\/innovacion-pedagogica\/","name":"Innovaci\u00f3 Pedag\u00f2gica - C. Parroquial San Jaime Ap\u00f3stol","isPartOf":{"@id":"https:\/\/colegio.sanjaimemoncada.es\/#website"},"datePublished":"2016-04-26T09:48:12+00:00","dateModified":"2019-02-08T10:16:55+00:00","breadcrumb":{"@id":"https:\/\/colegio.sanjaimemoncada.es\/ciclos-formativos\/innovacion-pedagogica\/#breadcrumb"},"inLanguage":"va","potentialAction":[{"@type":"ReadAction","target":["https:\/\/colegio.sanjaimemoncada.es\/ciclos-formativos\/innovacion-pedagogica\/"]}]},{"@type":"BreadcrumbList","@id":"https:\/\/colegio.sanjaimemoncada.es\/ciclos-formativos\/innovacion-pedagogica\/#breadcrumb","itemListElement":[{"@type":"ListItem","position":1,"name":"Portada","item":"https:\/\/colegio.sanjaimemoncada.es\/va\/"},{"@type":"ListItem","position":2,"name":"Cicles Formatius","item":"https:\/\/colegio.sanjaimemoncada.es\/ciclos-formativos\/"},{"@type":"ListItem","position":3,"name":"Innovaci\u00f3 Pedag\u00f2gica"}]},{"@type":"WebSite","@id":"https:\/\/colegio.sanjaimemoncada.es\/#website","url":"https:\/\/colegio.sanjaimemoncada.es\/","name":"C. Parroquial San Jaime Ap\u00f3stol","description":"","potentialAction":[{"@type":"SearchAction","target":{"@type":"EntryPoint","urlTemplate":"https:\/\/colegio.sanjaimemoncada.es\/?s={search_term_string}"},"query-input":{"@type":"PropertyValueSpecification","valueRequired":true,"valueName":"search_term_string"}}],"inLanguage":"va"}]}},"_links":{"self":[{"href":"https:\/\/colegio.sanjaimemoncada.es\/va\/wp-json\/wp\/v2\/pages\/9480","targetHints":{"allow":["GET"]}}],"collection":[{"href":"https:\/\/colegio.sanjaimemoncada.es\/va\/wp-json\/wp\/v2\/pages"}],"about":[{"href":"https:\/\/colegio.sanjaimemoncada.es\/va\/wp-json\/wp\/v2\/types\/page"}],"author":[{"embeddable":true,"href":"https:\/\/colegio.sanjaimemoncada.es\/va\/wp-json\/wp\/v2\/users\/4"}],"replies":[{"embeddable":true,"href":"https:\/\/colegio.sanjaimemoncada.es\/va\/wp-json\/wp\/v2\/comments?post=9480"}],"version-history":[{"count":2,"href":"https:\/\/colegio.sanjaimemoncada.es\/va\/wp-json\/wp\/v2\/pages\/9480\/revisions"}],"predecessor-version":[{"id":11995,"href":"https:\/\/colegio.sanjaimemoncada.es\/va\/wp-json\/wp\/v2\/pages\/9480\/revisions\/11995"}],"up":[{"embeddable":true,"href":"https:\/\/colegio.sanjaimemoncada.es\/va\/wp-json\/wp\/v2\/pages\/9464"}],"wp:attachment":[{"href":"https:\/\/colegio.sanjaimemoncada.es\/va\/wp-json\/wp\/v2\/media?parent=9480"}],"curies":[{"name":"wp","href":"https:\/\/api.w.org\/{rel}","templated":true}]}}