{"id":9478,"date":"2017-03-02T21:15:56","date_gmt":"2017-03-02T20:15:56","guid":{"rendered":"https:\/\/colegio.sanjaimemoncada.es\/ciclos-formativos\/horarios-e-informacion\/"},"modified":"2019-09-27T12:48:05","modified_gmt":"2019-09-27T10:48:05","slug":"horarios-e-informacion","status":"publish","type":"page","link":"https:\/\/colegio.sanjaimemoncada.es\/va\/ciclos-formativos\/horarios-e-informacion\/","title":{"rendered":"Horaris i informaci\u00f3"},"content":{"rendered":"<p style=\"text-align: justify;\"><span style=\"font-weight: 400;\">Per a <strong>Cicles Formatius de GM<\/strong> l&#8217;horari lectiu dels alumnes \u00e9s de dilluns a divendres de 8,15h a 14,10h. <\/span><\/p>\n<p style=\"text-align: justify;\"><span style=\"font-weight: 400;\">Per a <strong>Cicles Formatius de GS<\/strong> l&#8217;horari lectiu dels alumnes \u00e9s de dilluns a divendres de 15,00h a 21,50h, sent l&#8217;\u00faltima hora variable depenent del grup. <\/span><\/p>\n<p style=\"text-align: justify;\"><span style=\"font-weight: 400;\">L&#8217;horari d&#8217;atenci\u00f3 a pares per a tots els professors de Cicles Formatius est\u00e0 establit els dimecres de 15,00h a 16,50h, i <strong>sempre amb cita pr\u00e8via<\/strong>, podent cada professor establir un horari alternatiu amb l&#8217;acord previ amb els pares.<\/span><\/p>\n","protected":false},"excerpt":{"rendered":"<p>Per a Cicles Formatius de GM l&#8217;horari lectiu dels alumnes \u00e9s de dilluns a divendres de 8,15h a 14,10h. Per a Cicles Formatius de GS l&#8217;horari lectiu dels alumnes \u00e9s de dilluns a divendres de 15,00h a 21,50h, sent l&#8217;\u00faltima hora variable depenent del grup. L&#8217;horari d&#8217;atenci\u00f3 a pares per a tots els professors de [&hellip;]<\/p>\n","protected":false},"author":4,"featured_media":0,"parent":9464,"menu_order":0,"comment_status":"closed","ping_status":"closed","template":"","meta":{"_monsterinsights_skip_tracking":false,"_monsterinsights_sitenote_active":false,"_monsterinsights_sitenote_note":"","_monsterinsights_sitenote_category":0,"footnotes":""},"class_list":["post-9478","page","type-page","status-publish","hentry"],"yoast_head":"<!-- This site is optimized with the Yoast SEO plugin v26.2 - https:\/\/yoast.com\/wordpress\/plugins\/seo\/ -->\n<title>Horaris i informaci\u00f3 - C. Parroquial San Jaime Ap\u00f3stol<\/title>\n<meta name=\"robots\" content=\"index, follow, max-snippet:-1, max-image-preview:large, max-video-preview:-1\" \/>\n<link rel=\"canonical\" href=\"https:\/\/colegio.sanjaimemoncada.es\/ciclos-formativos\/horarios-e-informacion\/\" \/>\n<meta property=\"og:locale\" content=\"en_US\" \/>\n<meta property=\"og:type\" content=\"article\" \/>\n<meta property=\"og:title\" content=\"Horaris i informaci\u00f3 - C. Parroquial San Jaime Ap\u00f3stol\" \/>\n<meta property=\"og:description\" content=\"Per a Cicles Formatius de GM l&#8217;horari lectiu dels alumnes \u00e9s de dilluns a divendres de 8,15h a 14,10h. Per a Cicles Formatius de GS l&#8217;horari lectiu dels alumnes \u00e9s de dilluns a divendres de 15,00h a 21,50h, sent l&#8217;\u00faltima hora variable depenent del grup. L&#8217;horari d&#8217;atenci\u00f3 a pares per a tots els professors de [&hellip;]\" \/>\n<meta property=\"og:url\" content=\"https:\/\/colegio.sanjaimemoncada.es\/ciclos-formativos\/horarios-e-informacion\/\" \/>\n<meta property=\"og:site_name\" content=\"C. Parroquial San Jaime Ap\u00f3stol\" \/>\n<meta property=\"article:modified_time\" content=\"2019-09-27T10:48:05+00:00\" \/>\n<meta name=\"twitter:card\" content=\"summary_large_image\" \/>\n<script type=\"application\/ld+json\" class=\"yoast-schema-graph\">{\"@context\":\"https:\/\/schema.org\",\"@graph\":[{\"@type\":\"WebPage\",\"@id\":\"https:\/\/colegio.sanjaimemoncada.es\/ciclos-formativos\/horarios-e-informacion\/\",\"url\":\"https:\/\/colegio.sanjaimemoncada.es\/ciclos-formativos\/horarios-e-informacion\/\",\"name\":\"Horaris i informaci\u00f3 - C. Parroquial San Jaime Ap\u00f3stol\",\"isPartOf\":{\"@id\":\"https:\/\/colegio.sanjaimemoncada.es\/#website\"},\"datePublished\":\"2017-03-02T20:15:56+00:00\",\"dateModified\":\"2019-09-27T10:48:05+00:00\",\"breadcrumb\":{\"@id\":\"https:\/\/colegio.sanjaimemoncada.es\/ciclos-formativos\/horarios-e-informacion\/#breadcrumb\"},\"inLanguage\":\"va\",\"potentialAction\":[{\"@type\":\"ReadAction\",\"target\":[\"https:\/\/colegio.sanjaimemoncada.es\/ciclos-formativos\/horarios-e-informacion\/\"]}]},{\"@type\":\"BreadcrumbList\",\"@id\":\"https:\/\/colegio.sanjaimemoncada.es\/ciclos-formativos\/horarios-e-informacion\/#breadcrumb\",\"itemListElement\":[{\"@type\":\"ListItem\",\"position\":1,\"name\":\"Portada\",\"item\":\"https:\/\/colegio.sanjaimemoncada.es\/va\/\"},{\"@type\":\"ListItem\",\"position\":2,\"name\":\"Cicles Formatius\",\"item\":\"https:\/\/colegio.sanjaimemoncada.es\/ciclos-formativos\/\"},{\"@type\":\"ListItem\",\"position\":3,\"name\":\"Horaris i informaci\u00f3\"}]},{\"@type\":\"WebSite\",\"@id\":\"https:\/\/colegio.sanjaimemoncada.es\/#website\",\"url\":\"https:\/\/colegio.sanjaimemoncada.es\/\",\"name\":\"C. Parroquial San Jaime Ap\u00f3stol\",\"description\":\"\",\"potentialAction\":[{\"@type\":\"SearchAction\",\"target\":{\"@type\":\"EntryPoint\",\"urlTemplate\":\"https:\/\/colegio.sanjaimemoncada.es\/?s={search_term_string}\"},\"query-input\":{\"@type\":\"PropertyValueSpecification\",\"valueRequired\":true,\"valueName\":\"search_term_string\"}}],\"inLanguage\":\"va\"}]}<\/script>\n<!-- \/ Yoast SEO plugin. -->","yoast_head_json":{"title":"Horaris i informaci\u00f3 - C. Parroquial San Jaime Ap\u00f3stol","robots":{"index":"index","follow":"follow","max-snippet":"max-snippet:-1","max-image-preview":"max-image-preview:large","max-video-preview":"max-video-preview:-1"},"canonical":"https:\/\/colegio.sanjaimemoncada.es\/ciclos-formativos\/horarios-e-informacion\/","og_locale":"en_US","og_type":"article","og_title":"Horaris i informaci\u00f3 - C. Parroquial San Jaime Ap\u00f3stol","og_description":"Per a Cicles Formatius de GM l&#8217;horari lectiu dels alumnes \u00e9s de dilluns a divendres de 8,15h a 14,10h. Per a Cicles Formatius de GS l&#8217;horari lectiu dels alumnes \u00e9s de dilluns a divendres de 15,00h a 21,50h, sent l&#8217;\u00faltima hora variable depenent del grup. L&#8217;horari d&#8217;atenci\u00f3 a pares per a tots els professors de [&hellip;]","og_url":"https:\/\/colegio.sanjaimemoncada.es\/ciclos-formativos\/horarios-e-informacion\/","og_site_name":"C. Parroquial San Jaime Ap\u00f3stol","article_modified_time":"2019-09-27T10:48:05+00:00","twitter_card":"summary_large_image","schema":{"@context":"https:\/\/schema.org","@graph":[{"@type":"WebPage","@id":"https:\/\/colegio.sanjaimemoncada.es\/ciclos-formativos\/horarios-e-informacion\/","url":"https:\/\/colegio.sanjaimemoncada.es\/ciclos-formativos\/horarios-e-informacion\/","name":"Horaris i informaci\u00f3 - C. Parroquial San Jaime Ap\u00f3stol","isPartOf":{"@id":"https:\/\/colegio.sanjaimemoncada.es\/#website"},"datePublished":"2017-03-02T20:15:56+00:00","dateModified":"2019-09-27T10:48:05+00:00","breadcrumb":{"@id":"https:\/\/colegio.sanjaimemoncada.es\/ciclos-formativos\/horarios-e-informacion\/#breadcrumb"},"inLanguage":"va","potentialAction":[{"@type":"ReadAction","target":["https:\/\/colegio.sanjaimemoncada.es\/ciclos-formativos\/horarios-e-informacion\/"]}]},{"@type":"BreadcrumbList","@id":"https:\/\/colegio.sanjaimemoncada.es\/ciclos-formativos\/horarios-e-informacion\/#breadcrumb","itemListElement":[{"@type":"ListItem","position":1,"name":"Portada","item":"https:\/\/colegio.sanjaimemoncada.es\/va\/"},{"@type":"ListItem","position":2,"name":"Cicles Formatius","item":"https:\/\/colegio.sanjaimemoncada.es\/ciclos-formativos\/"},{"@type":"ListItem","position":3,"name":"Horaris i informaci\u00f3"}]},{"@type":"WebSite","@id":"https:\/\/colegio.sanjaimemoncada.es\/#website","url":"https:\/\/colegio.sanjaimemoncada.es\/","name":"C. Parroquial San Jaime Ap\u00f3stol","description":"","potentialAction":[{"@type":"SearchAction","target":{"@type":"EntryPoint","urlTemplate":"https:\/\/colegio.sanjaimemoncada.es\/?s={search_term_string}"},"query-input":{"@type":"PropertyValueSpecification","valueRequired":true,"valueName":"search_term_string"}}],"inLanguage":"va"}]}},"_links":{"self":[{"href":"https:\/\/colegio.sanjaimemoncada.es\/va\/wp-json\/wp\/v2\/pages\/9478","targetHints":{"allow":["GET"]}}],"collection":[{"href":"https:\/\/colegio.sanjaimemoncada.es\/va\/wp-json\/wp\/v2\/pages"}],"about":[{"href":"https:\/\/colegio.sanjaimemoncada.es\/va\/wp-json\/wp\/v2\/types\/page"}],"author":[{"embeddable":true,"href":"https:\/\/colegio.sanjaimemoncada.es\/va\/wp-json\/wp\/v2\/users\/4"}],"replies":[{"embeddable":true,"href":"https:\/\/colegio.sanjaimemoncada.es\/va\/wp-json\/wp\/v2\/comments?post=9478"}],"version-history":[{"count":4,"href":"https:\/\/colegio.sanjaimemoncada.es\/va\/wp-json\/wp\/v2\/pages\/9478\/revisions"}],"predecessor-version":[{"id":16828,"href":"https:\/\/colegio.sanjaimemoncada.es\/va\/wp-json\/wp\/v2\/pages\/9478\/revisions\/16828"}],"up":[{"embeddable":true,"href":"https:\/\/colegio.sanjaimemoncada.es\/va\/wp-json\/wp\/v2\/pages\/9464"}],"wp:attachment":[{"href":"https:\/\/colegio.sanjaimemoncada.es\/va\/wp-json\/wp\/v2\/media?parent=9478"}],"curies":[{"name":"wp","href":"https:\/\/api.w.org\/{rel}","templated":true}]}}