{"id":9468,"date":"2016-05-25T07:42:31","date_gmt":"2016-05-25T05:42:31","guid":{"rendered":"https:\/\/colegio.sanjaimemoncada.es\/ciclos-formativos\/bolsa-de-trabajo\/"},"modified":"2019-09-27T13:31:30","modified_gmt":"2019-09-27T11:31:30","slug":"bolsa-de-trabajo","status":"publish","type":"page","link":"https:\/\/colegio.sanjaimemoncada.es\/va\/ciclos-formativos\/bolsa-de-trabajo\/","title":{"rendered":"Borsa de treball Ex Alumnes Cicles Formatius"},"content":{"rendered":"<p style=\"text-align: justify;\">Tenim una forta demanda de llocs de treball relacionats amb les Fam\u00edlies Professionals que impartim en el nostre Centre (Administraci\u00f3 i Gesti\u00f3, Fabricaci\u00f3 Mec\u00e0nica i Transport i Manteniment de Vehicles).<\/p>\n<p style=\"text-align: justify;\">Si has estudiat al nostre Centre i est\u00e0s buscant treball, pots enviar-nos el teu Curr\u00edculum al seg\u00fcent email:<\/p>\n<p style=\"text-align: center;\"><strong>bolsatrabajo@sanjaimemoncada.es<\/strong><\/p>\n","protected":false},"excerpt":{"rendered":"<p>Tenim una forta demanda de llocs de treball relacionats amb les Fam\u00edlies Professionals que impartim en el nostre Centre (Administraci\u00f3 i Gesti\u00f3, Fabricaci\u00f3 Mec\u00e0nica i Transport i Manteniment de Vehicles). Si has estudiat al nostre Centre i est\u00e0s buscant treball, pots enviar-nos el teu Curr\u00edculum al seg\u00fcent email: bolsatrabajo@sanjaimemoncada.es<\/p>\n","protected":false},"author":4,"featured_media":0,"parent":9464,"menu_order":0,"comment_status":"closed","ping_status":"closed","template":"","meta":{"_monsterinsights_skip_tracking":false,"_monsterinsights_sitenote_active":false,"_monsterinsights_sitenote_note":"","_monsterinsights_sitenote_category":0,"footnotes":""},"class_list":["post-9468","page","type-page","status-publish","hentry"],"yoast_head":"<!-- This site is optimized with the Yoast SEO plugin v26.2 - https:\/\/yoast.com\/wordpress\/plugins\/seo\/ -->\n<title>Borsa de treball Ex Alumnes Cicles Formatius - C. Parroquial San Jaime Ap\u00f3stol<\/title>\n<meta name=\"robots\" content=\"index, follow, max-snippet:-1, max-image-preview:large, max-video-preview:-1\" \/>\n<link rel=\"canonical\" href=\"https:\/\/colegio.sanjaimemoncada.es\/ciclos-formativos\/bolsa-de-trabajo\/\" \/>\n<meta property=\"og:locale\" content=\"en_US\" \/>\n<meta property=\"og:type\" content=\"article\" \/>\n<meta property=\"og:title\" content=\"Borsa de treball Ex Alumnes Cicles Formatius - C. Parroquial San Jaime Ap\u00f3stol\" \/>\n<meta property=\"og:description\" content=\"Tenim una forta demanda de llocs de treball relacionats amb les Fam\u00edlies Professionals que impartim en el nostre Centre (Administraci\u00f3 i Gesti\u00f3, Fabricaci\u00f3 Mec\u00e0nica i Transport i Manteniment de Vehicles). Si has estudiat al nostre Centre i est\u00e0s buscant treball, pots enviar-nos el teu Curr\u00edculum al seg\u00fcent email: bolsatrabajo@sanjaimemoncada.es\" \/>\n<meta property=\"og:url\" content=\"https:\/\/colegio.sanjaimemoncada.es\/ciclos-formativos\/bolsa-de-trabajo\/\" \/>\n<meta property=\"og:site_name\" content=\"C. Parroquial San Jaime Ap\u00f3stol\" \/>\n<meta property=\"article:modified_time\" content=\"2019-09-27T11:31:30+00:00\" \/>\n<meta name=\"twitter:card\" content=\"summary_large_image\" \/>\n<script type=\"application\/ld+json\" class=\"yoast-schema-graph\">{\"@context\":\"https:\/\/schema.org\",\"@graph\":[{\"@type\":\"WebPage\",\"@id\":\"https:\/\/colegio.sanjaimemoncada.es\/ciclos-formativos\/bolsa-de-trabajo\/\",\"url\":\"https:\/\/colegio.sanjaimemoncada.es\/ciclos-formativos\/bolsa-de-trabajo\/\",\"name\":\"Borsa de treball Ex Alumnes Cicles Formatius - C. Parroquial San Jaime Ap\u00f3stol\",\"isPartOf\":{\"@id\":\"https:\/\/colegio.sanjaimemoncada.es\/#website\"},\"datePublished\":\"2016-05-25T05:42:31+00:00\",\"dateModified\":\"2019-09-27T11:31:30+00:00\",\"breadcrumb\":{\"@id\":\"https:\/\/colegio.sanjaimemoncada.es\/ciclos-formativos\/bolsa-de-trabajo\/#breadcrumb\"},\"inLanguage\":\"va\",\"potentialAction\":[{\"@type\":\"ReadAction\",\"target\":[\"https:\/\/colegio.sanjaimemoncada.es\/ciclos-formativos\/bolsa-de-trabajo\/\"]}]},{\"@type\":\"BreadcrumbList\",\"@id\":\"https:\/\/colegio.sanjaimemoncada.es\/ciclos-formativos\/bolsa-de-trabajo\/#breadcrumb\",\"itemListElement\":[{\"@type\":\"ListItem\",\"position\":1,\"name\":\"Portada\",\"item\":\"https:\/\/colegio.sanjaimemoncada.es\/va\/\"},{\"@type\":\"ListItem\",\"position\":2,\"name\":\"Cicles Formatius\",\"item\":\"https:\/\/colegio.sanjaimemoncada.es\/ciclos-formativos\/\"},{\"@type\":\"ListItem\",\"position\":3,\"name\":\"Borsa de treball Ex Alumnes Cicles Formatius\"}]},{\"@type\":\"WebSite\",\"@id\":\"https:\/\/colegio.sanjaimemoncada.es\/#website\",\"url\":\"https:\/\/colegio.sanjaimemoncada.es\/\",\"name\":\"C. Parroquial San Jaime Ap\u00f3stol\",\"description\":\"\",\"potentialAction\":[{\"@type\":\"SearchAction\",\"target\":{\"@type\":\"EntryPoint\",\"urlTemplate\":\"https:\/\/colegio.sanjaimemoncada.es\/?s={search_term_string}\"},\"query-input\":{\"@type\":\"PropertyValueSpecification\",\"valueRequired\":true,\"valueName\":\"search_term_string\"}}],\"inLanguage\":\"va\"}]}<\/script>\n<!-- \/ Yoast SEO plugin. -->","yoast_head_json":{"title":"Borsa de treball Ex Alumnes Cicles Formatius - C. Parroquial San Jaime Ap\u00f3stol","robots":{"index":"index","follow":"follow","max-snippet":"max-snippet:-1","max-image-preview":"max-image-preview:large","max-video-preview":"max-video-preview:-1"},"canonical":"https:\/\/colegio.sanjaimemoncada.es\/ciclos-formativos\/bolsa-de-trabajo\/","og_locale":"en_US","og_type":"article","og_title":"Borsa de treball Ex Alumnes Cicles Formatius - C. Parroquial San Jaime Ap\u00f3stol","og_description":"Tenim una forta demanda de llocs de treball relacionats amb les Fam\u00edlies Professionals que impartim en el nostre Centre (Administraci\u00f3 i Gesti\u00f3, Fabricaci\u00f3 Mec\u00e0nica i Transport i Manteniment de Vehicles). Si has estudiat al nostre Centre i est\u00e0s buscant treball, pots enviar-nos el teu Curr\u00edculum al seg\u00fcent email: bolsatrabajo@sanjaimemoncada.es","og_url":"https:\/\/colegio.sanjaimemoncada.es\/ciclos-formativos\/bolsa-de-trabajo\/","og_site_name":"C. Parroquial San Jaime Ap\u00f3stol","article_modified_time":"2019-09-27T11:31:30+00:00","twitter_card":"summary_large_image","schema":{"@context":"https:\/\/schema.org","@graph":[{"@type":"WebPage","@id":"https:\/\/colegio.sanjaimemoncada.es\/ciclos-formativos\/bolsa-de-trabajo\/","url":"https:\/\/colegio.sanjaimemoncada.es\/ciclos-formativos\/bolsa-de-trabajo\/","name":"Borsa de treball Ex Alumnes Cicles Formatius - C. Parroquial San Jaime Ap\u00f3stol","isPartOf":{"@id":"https:\/\/colegio.sanjaimemoncada.es\/#website"},"datePublished":"2016-05-25T05:42:31+00:00","dateModified":"2019-09-27T11:31:30+00:00","breadcrumb":{"@id":"https:\/\/colegio.sanjaimemoncada.es\/ciclos-formativos\/bolsa-de-trabajo\/#breadcrumb"},"inLanguage":"va","potentialAction":[{"@type":"ReadAction","target":["https:\/\/colegio.sanjaimemoncada.es\/ciclos-formativos\/bolsa-de-trabajo\/"]}]},{"@type":"BreadcrumbList","@id":"https:\/\/colegio.sanjaimemoncada.es\/ciclos-formativos\/bolsa-de-trabajo\/#breadcrumb","itemListElement":[{"@type":"ListItem","position":1,"name":"Portada","item":"https:\/\/colegio.sanjaimemoncada.es\/va\/"},{"@type":"ListItem","position":2,"name":"Cicles Formatius","item":"https:\/\/colegio.sanjaimemoncada.es\/ciclos-formativos\/"},{"@type":"ListItem","position":3,"name":"Borsa de treball Ex Alumnes Cicles Formatius"}]},{"@type":"WebSite","@id":"https:\/\/colegio.sanjaimemoncada.es\/#website","url":"https:\/\/colegio.sanjaimemoncada.es\/","name":"C. Parroquial San Jaime Ap\u00f3stol","description":"","potentialAction":[{"@type":"SearchAction","target":{"@type":"EntryPoint","urlTemplate":"https:\/\/colegio.sanjaimemoncada.es\/?s={search_term_string}"},"query-input":{"@type":"PropertyValueSpecification","valueRequired":true,"valueName":"search_term_string"}}],"inLanguage":"va"}]}},"_links":{"self":[{"href":"https:\/\/colegio.sanjaimemoncada.es\/va\/wp-json\/wp\/v2\/pages\/9468","targetHints":{"allow":["GET"]}}],"collection":[{"href":"https:\/\/colegio.sanjaimemoncada.es\/va\/wp-json\/wp\/v2\/pages"}],"about":[{"href":"https:\/\/colegio.sanjaimemoncada.es\/va\/wp-json\/wp\/v2\/types\/page"}],"author":[{"embeddable":true,"href":"https:\/\/colegio.sanjaimemoncada.es\/va\/wp-json\/wp\/v2\/users\/4"}],"replies":[{"embeddable":true,"href":"https:\/\/colegio.sanjaimemoncada.es\/va\/wp-json\/wp\/v2\/comments?post=9468"}],"version-history":[{"count":6,"href":"https:\/\/colegio.sanjaimemoncada.es\/va\/wp-json\/wp\/v2\/pages\/9468\/revisions"}],"predecessor-version":[{"id":16837,"href":"https:\/\/colegio.sanjaimemoncada.es\/va\/wp-json\/wp\/v2\/pages\/9468\/revisions\/16837"}],"up":[{"embeddable":true,"href":"https:\/\/colegio.sanjaimemoncada.es\/va\/wp-json\/wp\/v2\/pages\/9464"}],"wp:attachment":[{"href":"https:\/\/colegio.sanjaimemoncada.es\/va\/wp-json\/wp\/v2\/media?parent=9468"}],"curies":[{"name":"wp","href":"https:\/\/api.w.org\/{rel}","templated":true}]}}