{"id":9466,"date":"2017-03-02T21:18:04","date_gmt":"2017-03-02T20:18:04","guid":{"rendered":"https:\/\/colegio.sanjaimemoncada.es\/ciclos-formativos\/actividades-complementarias\/"},"modified":"2019-09-27T12:16:19","modified_gmt":"2019-09-27T10:16:19","slug":"actividades-complementarias","status":"publish","type":"page","link":"https:\/\/colegio.sanjaimemoncada.es\/va\/ciclos-formativos\/actividades-complementarias\/","title":{"rendered":"Activitats complement\u00e0ries"},"content":{"rendered":"<p style=\"text-align: justify;\">S\u00f3n<strong> activitats complement\u00e0ries<\/strong> aquelles que es realitzen <strong>dins de l&#8217;horari lectiu<\/strong>. S\u00f3n activitats organitzades pels departaments pedag\u00f2gics i estan recollides en les programacions did\u00e0ctiques; aquestes activitats es diferencien de la resta\u00a0d&#8217;activitats lectives de moment, l&#8217;espai i els recursos que utilitzen. Amb elles es pret\u00e9n dinamitzar la vida acad\u00e8mica, cultural i esportiva del nostre col\u00b7legi i fomentar els valors de la conviv\u00e8ncia, la solidaritat i el respecte. S&#8217;intenta que l&#8217;alumne isca del seu entorn habitual i de l&#8217;aula, i que conega la realitat que l&#8217;embolica.<\/p>\n<p style=\"text-align: center;\">ENLLA\u00c7 ACTIVITATS COMPLEMENT\u00c0RIES: <strong><a href=\"https:\/\/colegio.sanjaimemoncada.es\/wp-content\/uploads\/2019\/09\/Act.-Complementar\u00edas-19-20.pdf\">Act. Complement\u00e1rias 19-20<\/a><\/strong><\/p>\n<p style=\"text-align: justify;\"><strong>Nota: El calendari proposat pot ser canviat per necessitats organitzatives de les Empreses i Organismes que es visitaran.<\/strong><\/p>\n<p style=\"text-align: justify;\">Si durant el curs hi haguera alguna activitat que es considere interessant, es tindria en compte la possibilitat de la seua realitzaci\u00f3.<\/p>\n","protected":false},"excerpt":{"rendered":"<p>S\u00f3n activitats complement\u00e0ries aquelles que es realitzen dins de l&#8217;horari lectiu. S\u00f3n activitats organitzades pels departaments pedag\u00f2gics i estan recollides en les programacions did\u00e0ctiques; aquestes activitats es diferencien de la resta\u00a0d&#8217;activitats lectives de moment, l&#8217;espai i els recursos que utilitzen. Amb elles es pret\u00e9n dinamitzar la vida acad\u00e8mica, cultural i esportiva del nostre col\u00b7legi i [&hellip;]<\/p>\n","protected":false},"author":4,"featured_media":0,"parent":9464,"menu_order":0,"comment_status":"closed","ping_status":"closed","template":"","meta":{"_monsterinsights_skip_tracking":false,"_monsterinsights_sitenote_active":false,"_monsterinsights_sitenote_note":"","_monsterinsights_sitenote_category":0,"footnotes":""},"class_list":["post-9466","page","type-page","status-publish","hentry"],"yoast_head":"<!-- This site is optimized with the Yoast SEO plugin v26.2 - https:\/\/yoast.com\/wordpress\/plugins\/seo\/ -->\n<title>Activitats complement\u00e0ries - C. Parroquial San Jaime Ap\u00f3stol<\/title>\n<meta name=\"robots\" content=\"index, follow, max-snippet:-1, max-image-preview:large, max-video-preview:-1\" \/>\n<link rel=\"canonical\" href=\"https:\/\/colegio.sanjaimemoncada.es\/ciclos-formativos\/actividades-complementarias\/\" \/>\n<meta property=\"og:locale\" content=\"en_US\" \/>\n<meta property=\"og:type\" content=\"article\" \/>\n<meta property=\"og:title\" content=\"Activitats complement\u00e0ries - C. Parroquial San Jaime Ap\u00f3stol\" \/>\n<meta property=\"og:description\" content=\"S\u00f3n activitats complement\u00e0ries aquelles que es realitzen dins de l&#8217;horari lectiu. S\u00f3n activitats organitzades pels departaments pedag\u00f2gics i estan recollides en les programacions did\u00e0ctiques; aquestes activitats es diferencien de la resta\u00a0d&#8217;activitats lectives de moment, l&#8217;espai i els recursos que utilitzen. Amb elles es pret\u00e9n dinamitzar la vida acad\u00e8mica, cultural i esportiva del nostre col\u00b7legi i [&hellip;]\" \/>\n<meta property=\"og:url\" content=\"https:\/\/colegio.sanjaimemoncada.es\/ciclos-formativos\/actividades-complementarias\/\" \/>\n<meta property=\"og:site_name\" content=\"C. Parroquial San Jaime Ap\u00f3stol\" \/>\n<meta property=\"article:modified_time\" content=\"2019-09-27T10:16:19+00:00\" \/>\n<meta name=\"twitter:card\" content=\"summary_large_image\" \/>\n<meta name=\"twitter:label1\" content=\"Est. reading time\" \/>\n\t<meta name=\"twitter:data1\" content=\"1 minute\" \/>\n<script type=\"application\/ld+json\" class=\"yoast-schema-graph\">{\"@context\":\"https:\/\/schema.org\",\"@graph\":[{\"@type\":\"WebPage\",\"@id\":\"https:\/\/colegio.sanjaimemoncada.es\/ciclos-formativos\/actividades-complementarias\/\",\"url\":\"https:\/\/colegio.sanjaimemoncada.es\/ciclos-formativos\/actividades-complementarias\/\",\"name\":\"Activitats complement\u00e0ries - C. Parroquial San Jaime Ap\u00f3stol\",\"isPartOf\":{\"@id\":\"https:\/\/colegio.sanjaimemoncada.es\/#website\"},\"datePublished\":\"2017-03-02T20:18:04+00:00\",\"dateModified\":\"2019-09-27T10:16:19+00:00\",\"breadcrumb\":{\"@id\":\"https:\/\/colegio.sanjaimemoncada.es\/ciclos-formativos\/actividades-complementarias\/#breadcrumb\"},\"inLanguage\":\"va\",\"potentialAction\":[{\"@type\":\"ReadAction\",\"target\":[\"https:\/\/colegio.sanjaimemoncada.es\/ciclos-formativos\/actividades-complementarias\/\"]}]},{\"@type\":\"BreadcrumbList\",\"@id\":\"https:\/\/colegio.sanjaimemoncada.es\/ciclos-formativos\/actividades-complementarias\/#breadcrumb\",\"itemListElement\":[{\"@type\":\"ListItem\",\"position\":1,\"name\":\"Portada\",\"item\":\"https:\/\/colegio.sanjaimemoncada.es\/va\/\"},{\"@type\":\"ListItem\",\"position\":2,\"name\":\"Cicles Formatius\",\"item\":\"https:\/\/colegio.sanjaimemoncada.es\/ciclos-formativos\/\"},{\"@type\":\"ListItem\",\"position\":3,\"name\":\"Activitats complement\u00e0ries\"}]},{\"@type\":\"WebSite\",\"@id\":\"https:\/\/colegio.sanjaimemoncada.es\/#website\",\"url\":\"https:\/\/colegio.sanjaimemoncada.es\/\",\"name\":\"C. Parroquial San Jaime Ap\u00f3stol\",\"description\":\"\",\"potentialAction\":[{\"@type\":\"SearchAction\",\"target\":{\"@type\":\"EntryPoint\",\"urlTemplate\":\"https:\/\/colegio.sanjaimemoncada.es\/?s={search_term_string}\"},\"query-input\":{\"@type\":\"PropertyValueSpecification\",\"valueRequired\":true,\"valueName\":\"search_term_string\"}}],\"inLanguage\":\"va\"}]}<\/script>\n<!-- \/ Yoast SEO plugin. -->","yoast_head_json":{"title":"Activitats complement\u00e0ries - C. Parroquial San Jaime Ap\u00f3stol","robots":{"index":"index","follow":"follow","max-snippet":"max-snippet:-1","max-image-preview":"max-image-preview:large","max-video-preview":"max-video-preview:-1"},"canonical":"https:\/\/colegio.sanjaimemoncada.es\/ciclos-formativos\/actividades-complementarias\/","og_locale":"en_US","og_type":"article","og_title":"Activitats complement\u00e0ries - C. Parroquial San Jaime Ap\u00f3stol","og_description":"S\u00f3n activitats complement\u00e0ries aquelles que es realitzen dins de l&#8217;horari lectiu. S\u00f3n activitats organitzades pels departaments pedag\u00f2gics i estan recollides en les programacions did\u00e0ctiques; aquestes activitats es diferencien de la resta\u00a0d&#8217;activitats lectives de moment, l&#8217;espai i els recursos que utilitzen. Amb elles es pret\u00e9n dinamitzar la vida acad\u00e8mica, cultural i esportiva del nostre col\u00b7legi i [&hellip;]","og_url":"https:\/\/colegio.sanjaimemoncada.es\/ciclos-formativos\/actividades-complementarias\/","og_site_name":"C. Parroquial San Jaime Ap\u00f3stol","article_modified_time":"2019-09-27T10:16:19+00:00","twitter_card":"summary_large_image","twitter_misc":{"Est. reading time":"1 minute"},"schema":{"@context":"https:\/\/schema.org","@graph":[{"@type":"WebPage","@id":"https:\/\/colegio.sanjaimemoncada.es\/ciclos-formativos\/actividades-complementarias\/","url":"https:\/\/colegio.sanjaimemoncada.es\/ciclos-formativos\/actividades-complementarias\/","name":"Activitats complement\u00e0ries - C. Parroquial San Jaime Ap\u00f3stol","isPartOf":{"@id":"https:\/\/colegio.sanjaimemoncada.es\/#website"},"datePublished":"2017-03-02T20:18:04+00:00","dateModified":"2019-09-27T10:16:19+00:00","breadcrumb":{"@id":"https:\/\/colegio.sanjaimemoncada.es\/ciclos-formativos\/actividades-complementarias\/#breadcrumb"},"inLanguage":"va","potentialAction":[{"@type":"ReadAction","target":["https:\/\/colegio.sanjaimemoncada.es\/ciclos-formativos\/actividades-complementarias\/"]}]},{"@type":"BreadcrumbList","@id":"https:\/\/colegio.sanjaimemoncada.es\/ciclos-formativos\/actividades-complementarias\/#breadcrumb","itemListElement":[{"@type":"ListItem","position":1,"name":"Portada","item":"https:\/\/colegio.sanjaimemoncada.es\/va\/"},{"@type":"ListItem","position":2,"name":"Cicles Formatius","item":"https:\/\/colegio.sanjaimemoncada.es\/ciclos-formativos\/"},{"@type":"ListItem","position":3,"name":"Activitats complement\u00e0ries"}]},{"@type":"WebSite","@id":"https:\/\/colegio.sanjaimemoncada.es\/#website","url":"https:\/\/colegio.sanjaimemoncada.es\/","name":"C. Parroquial San Jaime Ap\u00f3stol","description":"","potentialAction":[{"@type":"SearchAction","target":{"@type":"EntryPoint","urlTemplate":"https:\/\/colegio.sanjaimemoncada.es\/?s={search_term_string}"},"query-input":{"@type":"PropertyValueSpecification","valueRequired":true,"valueName":"search_term_string"}}],"inLanguage":"va"}]}},"_links":{"self":[{"href":"https:\/\/colegio.sanjaimemoncada.es\/va\/wp-json\/wp\/v2\/pages\/9466","targetHints":{"allow":["GET"]}}],"collection":[{"href":"https:\/\/colegio.sanjaimemoncada.es\/va\/wp-json\/wp\/v2\/pages"}],"about":[{"href":"https:\/\/colegio.sanjaimemoncada.es\/va\/wp-json\/wp\/v2\/types\/page"}],"author":[{"embeddable":true,"href":"https:\/\/colegio.sanjaimemoncada.es\/va\/wp-json\/wp\/v2\/users\/4"}],"replies":[{"embeddable":true,"href":"https:\/\/colegio.sanjaimemoncada.es\/va\/wp-json\/wp\/v2\/comments?post=9466"}],"version-history":[{"count":9,"href":"https:\/\/colegio.sanjaimemoncada.es\/va\/wp-json\/wp\/v2\/pages\/9466\/revisions"}],"predecessor-version":[{"id":16817,"href":"https:\/\/colegio.sanjaimemoncada.es\/va\/wp-json\/wp\/v2\/pages\/9466\/revisions\/16817"}],"up":[{"embeddable":true,"href":"https:\/\/colegio.sanjaimemoncada.es\/va\/wp-json\/wp\/v2\/pages\/9464"}],"wp:attachment":[{"href":"https:\/\/colegio.sanjaimemoncada.es\/va\/wp-json\/wp\/v2\/media?parent=9466"}],"curies":[{"name":"wp","href":"https:\/\/api.w.org\/{rel}","templated":true}]}}