{"id":9410,"date":"2016-04-20T17:34:16","date_gmt":"2016-04-20T15:34:16","guid":{"rendered":"https:\/\/colegio.sanjaimemoncada.es\/area-de-descargas\/"},"modified":"2020-02-19T10:34:11","modified_gmt":"2020-02-19T09:34:11","slug":"area-de-descargas","status":"publish","type":"page","link":"https:\/\/colegio.sanjaimemoncada.es\/va\/area-de-descargas\/","title":{"rendered":"\u00c0rea de desc\u00e0rregues"},"content":{"rendered":"<p>&nbsp;<\/p>\n<table style=\"width: 806px;\">\n<tbody>\n<tr style=\"height: 24px;\">\n<td style=\"width: 10px; height: 24px;\"><\/td>\n<td style=\"width: 1352px; height: 24px; text-align: center;\"><strong>INFANTIL I PRIMARIA<\/strong><\/td>\n<td style=\"width: 1218.375px; height: 24px; text-align: center;\"><\/td>\n<td style=\"width: 1460.625px; height: 24px; text-align: center;\"><strong>ESO I BACHILLER<\/strong><\/td>\n<td style=\"width: 1352px; height: 24px; text-align: center;\"><\/td>\n<td style=\"width: 1451px; height: 24px; text-align: center;\"><strong>CICLES FORMATIUS<\/strong><\/td>\n<\/tr>\n<tr style=\"height: 147px;\">\n<td style=\"width: 10px; height: 147px;\">Documents informatius<\/td>\n<td style=\"width: 1352px; height: 147px;\"><strong><a href=\"https:\/\/colegio.sanjaimemoncada.es\/wp-content\/uploads\/2019\/10\/extraescolares-primaria-1920.jpg\">Activitats extraescolars<\/a><\/strong><\/p>\n<p>prim\u00e0ria 2019 &#8211; 2020<\/td>\n<td style=\"width: 1218.375px; height: 147px;\"><\/td>\n<td style=\"width: 1460.625px; height: 147px;\">\n<h4><\/h4>\n<h4><strong><span style=\"font-weight: 400;\">Butllet\u00ed informatiu per a pares i mares ESO\/BATXILLERAT curs 2019-2020:<\/span>\u00a0<\/strong><\/h4>\n<ol>\n<li><a href=\"https:\/\/drive.google.com\/open?id=1Fnvk_Tp_sd84JAPa0V-gQnOk8TOUqZ8S\" target=\"_blank\" rel=\"noopener\">Gu\u00eda Padres Castellano<\/a><\/li>\n<li><a href=\"https:\/\/drive.google.com\/open?id=1cjKS47TMScjRX-13t59wlpAnlrKe79kW\" target=\"_blank\" rel=\"noopener\">Guia pares valenci\u00e0<\/a><\/li>\n<\/ol>\n<p>Horari Reunions de tutors amb Pares:\u00a0<a href=\"https:\/\/drive.google.com\/open?id=1hJtntUsh1YeCXKhHP_mV9Gyc2JFHLPuf\" target=\"_blank\" rel=\"noopener\">AC\u00cd<\/a><\/p>\n<p>&nbsp;<\/p>\n<h4><a href=\"https:\/\/drive.google.com\/open?id=1fFxEPF0xqgbWH1_d0A-_69bw1n7RYkcd\" target=\"_blank\" rel=\"noopener\">Activitats extraescolars<\/a><\/h4>\n<p>&nbsp;<\/p>\n<p>&nbsp;<\/p>\n<p>&nbsp;<\/td>\n<td style=\"width: 1352px; height: 147px;\"><\/td>\n<td style=\"width: 1451px; height: 147px;\">\u00a0Document informatiu:\u00a0<a href=\"https:\/\/drive.google.com\/open?id=1PqJ-v0faPYMZS54mJHT7nHmW0UlztnUD\" target=\"_blank\" rel=\"noopener\"><strong>Eleccions a Consell Escolar<\/strong><\/a><\/td>\n<\/tr>\n<tr style=\"height: 133px;\">\n<td style=\"width: 10px; height: 133px;\">Notificacions<\/td>\n<td style=\"width: 1352px; height: 133px;\"><\/td>\n<td style=\"width: 1218.375px; height: 133px;\"><\/td>\n<td style=\"width: 1460.625px; height: 133px;\">Dossier informatiu\u00a0\u00a0<strong><a href=\"https:\/\/drive.google.com\/open?id=0B3ADGyC7XNqwQkRGcngxM1BTRTlhanpseGNGbFZsN1VkUWFZ\" target=\"_blank\" rel=\"noopener\">SCHOLAS CIUDADAN\u00cdA<\/a><\/strong><\/td>\n<td style=\"width: 1352px; height: 133px;\"><\/td>\n<td style=\"width: 1451px; height: 133px;\"><\/td>\n<\/tr>\n<tr style=\"height: 146px;\">\n<td style=\"width: 10px; height: 146px;\">Activitats compement\u00e0ries i extraescolars<\/td>\n<td style=\"width: 1352px; height: 146px;\">\u00a0\u00a0<strong><a href=\"https:\/\/colegio.sanjaimemoncada.es\/wp-content\/uploads\/2019\/09\/EXCURSIONES-CURSO-19-20.pdf\">Activitats complement\u00e0ries<\/a> <\/strong>infantil primaria 2019 &#8211; 2020<\/td>\n<td style=\"width: 1218.375px; height: 146px;\"><\/td>\n<td style=\"width: 1460.625px; height: 146px;\"><a href=\"https:\/\/drive.google.com\/open?id=17LY1iDdihHjeXArQa9tQ7c-Q79mZkgBZ\" target=\"_blank\" rel=\"noopener\">Activitats Complemet\u00e0ries.<\/a><\/p>\n<p>Secund\u00e0ria i Batxillerat 2019\/2020<\/td>\n<td style=\"width: 1352px; height: 146px;\"><\/td>\n<td style=\"width: 1451px; height: 146px;\">Activitats complement\u00e0ries Cicles\u00a0<strong><a href=\"https:\/\/colegio.sanjaimemoncada.es\/wp-content\/uploads\/2019\/09\/Act.-Complementar\u00edas-19-20.pdf\">Act. Complementar\u00edas 19-20<\/a><\/strong><\/td>\n<\/tr>\n<tr style=\"height: 146px;\">\n<td style=\"width: 10px; height: 146px;\">Plataforma Alexia<\/td>\n<td style=\"width: 1352px; height: 146px;\"><\/td>\n<td style=\"width: 1218.375px; height: 146px;\"><\/td>\n<td style=\"width: 1460.625px; height: 146px;\"><a href=\"https:\/\/drive.google.com\/open?id=0B3ADGyC7XNqwYmRhamg1S05PMWVBSG1KMVRvS0J5S0FUQWM4\" target=\"_blank\" rel=\"noopener\"><strong>Carta Familia Alexia<\/strong><\/a>\u00a0&#8211; Presentaci\u00f3 en castell\u00e0.<\/p>\n<p><strong><a href=\"https:\/\/colegio.sanjaimemoncada.es\/wp-content\/uploads\/2017\/03\/Alexia_Familias.pdf\" target=\"_blank\" rel=\"noopener\">Alexia_Familias<\/a><\/strong>\u00a0&#8211; Manual d&#8217;ajuda per a l&#8217;\u00fas de la plataforma Alexia<\/p>\n<p><a href=\"https:\/\/colegio.sanjaimemoncada.es\/wp-content\/uploads\/2017\/03\/AlexiaComunicacion_APPFamilias.pdf\" target=\"_blank\" rel=\"noopener\"><strong>AlexiaComunicacion_APP Familias<\/strong>.<\/a>\u00a0Manual d&#8217;ajuda per a l&#8217;\u00fas de l&#8217;APPManual de ayuda para el uso de la APP Alexia.<\/td>\n<td style=\"width: 1352px; height: 146px;\"><\/td>\n<td style=\"width: 1451px; height: 146px;\"><\/td>\n<\/tr>\n<\/tbody>\n<\/table>\n<h3><\/h3>\n<p>&nbsp;<\/p>\n","protected":false},"excerpt":{"rendered":"<p>&nbsp; INFANTIL I PRIMARIA ESO I BACHILLER CICLES FORMATIUS Documents informatius Activitats extraescolars prim\u00e0ria 2019 &#8211; 2020 Butllet\u00ed informatiu per a pares i mares ESO\/BATXILLERAT curs 2019-2020:\u00a0 Gu\u00eda Padres Castellano Guia pares valenci\u00e0 Horari Reunions de tutors amb Pares:\u00a0AC\u00cd &nbsp; Activitats extraescolars &nbsp; &nbsp; &nbsp; \u00a0Document informatiu:\u00a0Eleccions a Consell Escolar Notificacions Dossier informatiu\u00a0\u00a0SCHOLAS CIUDADAN\u00cdA Activitats [&hellip;]<\/p>\n","protected":false},"author":4,"featured_media":0,"parent":0,"menu_order":0,"comment_status":"closed","ping_status":"closed","template":"","meta":{"_monsterinsights_skip_tracking":false,"_monsterinsights_sitenote_active":false,"_monsterinsights_sitenote_note":"","_monsterinsights_sitenote_category":0,"footnotes":""},"class_list":["post-9410","page","type-page","status-publish","hentry"],"yoast_head":"<!-- This site is optimized with the Yoast SEO plugin v26.2 - https:\/\/yoast.com\/wordpress\/plugins\/seo\/ -->\n<title>\u00c0rea de desc\u00e0rregues - C. Parroquial San Jaime Ap\u00f3stol<\/title>\n<meta name=\"robots\" content=\"index, follow, max-snippet:-1, max-image-preview:large, max-video-preview:-1\" \/>\n<link rel=\"canonical\" href=\"https:\/\/colegio.sanjaimemoncada.es\/area-de-descargas\/\" \/>\n<meta property=\"og:locale\" content=\"en_US\" \/>\n<meta property=\"og:type\" content=\"article\" \/>\n<meta property=\"og:title\" content=\"\u00c0rea de desc\u00e0rregues - C. Parroquial San Jaime Ap\u00f3stol\" \/>\n<meta property=\"og:description\" content=\"&nbsp; INFANTIL I PRIMARIA ESO I BACHILLER CICLES FORMATIUS Documents informatius Activitats extraescolars prim\u00e0ria 2019 &#8211; 2020 Butllet\u00ed informatiu per a pares i mares ESO\/BATXILLERAT curs 2019-2020:\u00a0 Gu\u00eda Padres Castellano Guia pares valenci\u00e0 Horari Reunions de tutors amb Pares:\u00a0AC\u00cd &nbsp; Activitats extraescolars &nbsp; &nbsp; &nbsp; \u00a0Document informatiu:\u00a0Eleccions a Consell Escolar Notificacions Dossier informatiu\u00a0\u00a0SCHOLAS CIUDADAN\u00cdA Activitats [&hellip;]\" \/>\n<meta property=\"og:url\" content=\"https:\/\/colegio.sanjaimemoncada.es\/area-de-descargas\/\" \/>\n<meta property=\"og:site_name\" content=\"C. Parroquial San Jaime Ap\u00f3stol\" \/>\n<meta property=\"article:modified_time\" content=\"2020-02-19T09:34:11+00:00\" \/>\n<meta name=\"twitter:card\" content=\"summary_large_image\" \/>\n<meta name=\"twitter:label1\" content=\"Est. reading time\" \/>\n\t<meta name=\"twitter:data1\" content=\"1 minute\" \/>\n<script type=\"application\/ld+json\" class=\"yoast-schema-graph\">{\"@context\":\"https:\/\/schema.org\",\"@graph\":[{\"@type\":\"WebPage\",\"@id\":\"https:\/\/colegio.sanjaimemoncada.es\/area-de-descargas\/\",\"url\":\"https:\/\/colegio.sanjaimemoncada.es\/area-de-descargas\/\",\"name\":\"\u00c0rea de desc\u00e0rregues - C. Parroquial San Jaime Ap\u00f3stol\",\"isPartOf\":{\"@id\":\"https:\/\/colegio.sanjaimemoncada.es\/#website\"},\"datePublished\":\"2016-04-20T15:34:16+00:00\",\"dateModified\":\"2020-02-19T09:34:11+00:00\",\"breadcrumb\":{\"@id\":\"https:\/\/colegio.sanjaimemoncada.es\/area-de-descargas\/#breadcrumb\"},\"inLanguage\":\"va\",\"potentialAction\":[{\"@type\":\"ReadAction\",\"target\":[\"https:\/\/colegio.sanjaimemoncada.es\/area-de-descargas\/\"]}]},{\"@type\":\"BreadcrumbList\",\"@id\":\"https:\/\/colegio.sanjaimemoncada.es\/area-de-descargas\/#breadcrumb\",\"itemListElement\":[{\"@type\":\"ListItem\",\"position\":1,\"name\":\"Portada\",\"item\":\"https:\/\/colegio.sanjaimemoncada.es\/va\/\"},{\"@type\":\"ListItem\",\"position\":2,\"name\":\"\u00c0rea de desc\u00e0rregues\"}]},{\"@type\":\"WebSite\",\"@id\":\"https:\/\/colegio.sanjaimemoncada.es\/#website\",\"url\":\"https:\/\/colegio.sanjaimemoncada.es\/\",\"name\":\"C. Parroquial San Jaime Ap\u00f3stol\",\"description\":\"\",\"potentialAction\":[{\"@type\":\"SearchAction\",\"target\":{\"@type\":\"EntryPoint\",\"urlTemplate\":\"https:\/\/colegio.sanjaimemoncada.es\/?s={search_term_string}\"},\"query-input\":{\"@type\":\"PropertyValueSpecification\",\"valueRequired\":true,\"valueName\":\"search_term_string\"}}],\"inLanguage\":\"va\"}]}<\/script>\n<!-- \/ Yoast SEO plugin. -->","yoast_head_json":{"title":"\u00c0rea de desc\u00e0rregues - C. Parroquial San Jaime Ap\u00f3stol","robots":{"index":"index","follow":"follow","max-snippet":"max-snippet:-1","max-image-preview":"max-image-preview:large","max-video-preview":"max-video-preview:-1"},"canonical":"https:\/\/colegio.sanjaimemoncada.es\/area-de-descargas\/","og_locale":"en_US","og_type":"article","og_title":"\u00c0rea de desc\u00e0rregues - C. Parroquial San Jaime Ap\u00f3stol","og_description":"&nbsp; INFANTIL I PRIMARIA ESO I BACHILLER CICLES FORMATIUS Documents informatius Activitats extraescolars prim\u00e0ria 2019 &#8211; 2020 Butllet\u00ed informatiu per a pares i mares ESO\/BATXILLERAT curs 2019-2020:\u00a0 Gu\u00eda Padres Castellano Guia pares valenci\u00e0 Horari Reunions de tutors amb Pares:\u00a0AC\u00cd &nbsp; Activitats extraescolars &nbsp; &nbsp; &nbsp; \u00a0Document informatiu:\u00a0Eleccions a Consell Escolar Notificacions Dossier informatiu\u00a0\u00a0SCHOLAS CIUDADAN\u00cdA Activitats [&hellip;]","og_url":"https:\/\/colegio.sanjaimemoncada.es\/area-de-descargas\/","og_site_name":"C. Parroquial San Jaime Ap\u00f3stol","article_modified_time":"2020-02-19T09:34:11+00:00","twitter_card":"summary_large_image","twitter_misc":{"Est. reading time":"1 minute"},"schema":{"@context":"https:\/\/schema.org","@graph":[{"@type":"WebPage","@id":"https:\/\/colegio.sanjaimemoncada.es\/area-de-descargas\/","url":"https:\/\/colegio.sanjaimemoncada.es\/area-de-descargas\/","name":"\u00c0rea de desc\u00e0rregues - C. Parroquial San Jaime Ap\u00f3stol","isPartOf":{"@id":"https:\/\/colegio.sanjaimemoncada.es\/#website"},"datePublished":"2016-04-20T15:34:16+00:00","dateModified":"2020-02-19T09:34:11+00:00","breadcrumb":{"@id":"https:\/\/colegio.sanjaimemoncada.es\/area-de-descargas\/#breadcrumb"},"inLanguage":"va","potentialAction":[{"@type":"ReadAction","target":["https:\/\/colegio.sanjaimemoncada.es\/area-de-descargas\/"]}]},{"@type":"BreadcrumbList","@id":"https:\/\/colegio.sanjaimemoncada.es\/area-de-descargas\/#breadcrumb","itemListElement":[{"@type":"ListItem","position":1,"name":"Portada","item":"https:\/\/colegio.sanjaimemoncada.es\/va\/"},{"@type":"ListItem","position":2,"name":"\u00c0rea de desc\u00e0rregues"}]},{"@type":"WebSite","@id":"https:\/\/colegio.sanjaimemoncada.es\/#website","url":"https:\/\/colegio.sanjaimemoncada.es\/","name":"C. Parroquial San Jaime Ap\u00f3stol","description":"","potentialAction":[{"@type":"SearchAction","target":{"@type":"EntryPoint","urlTemplate":"https:\/\/colegio.sanjaimemoncada.es\/?s={search_term_string}"},"query-input":{"@type":"PropertyValueSpecification","valueRequired":true,"valueName":"search_term_string"}}],"inLanguage":"va"}]}},"_links":{"self":[{"href":"https:\/\/colegio.sanjaimemoncada.es\/va\/wp-json\/wp\/v2\/pages\/9410","targetHints":{"allow":["GET"]}}],"collection":[{"href":"https:\/\/colegio.sanjaimemoncada.es\/va\/wp-json\/wp\/v2\/pages"}],"about":[{"href":"https:\/\/colegio.sanjaimemoncada.es\/va\/wp-json\/wp\/v2\/types\/page"}],"author":[{"embeddable":true,"href":"https:\/\/colegio.sanjaimemoncada.es\/va\/wp-json\/wp\/v2\/users\/4"}],"replies":[{"embeddable":true,"href":"https:\/\/colegio.sanjaimemoncada.es\/va\/wp-json\/wp\/v2\/comments?post=9410"}],"version-history":[{"count":15,"href":"https:\/\/colegio.sanjaimemoncada.es\/va\/wp-json\/wp\/v2\/pages\/9410\/revisions"}],"predecessor-version":[{"id":18601,"href":"https:\/\/colegio.sanjaimemoncada.es\/va\/wp-json\/wp\/v2\/pages\/9410\/revisions\/18601"}],"wp:attachment":[{"href":"https:\/\/colegio.sanjaimemoncada.es\/va\/wp-json\/wp\/v2\/media?parent=9410"}],"curies":[{"name":"wp","href":"https:\/\/api.w.org\/{rel}","templated":true}]}}