{"id":9399,"date":"2017-02-10T23:42:57","date_gmt":"2017-02-10T22:42:57","guid":{"rendered":"https:\/\/colegio.sanjaimemoncada.es\/almuerzos\/"},"modified":"2020-02-24T13:27:54","modified_gmt":"2020-02-24T12:27:54","slug":"almuerzos","status":"publish","type":"page","link":"https:\/\/colegio.sanjaimemoncada.es\/va\/almuerzos\/","title":{"rendered":"Esmorzars"},"content":{"rendered":"<p>&#8220;El centre disposa pels alumnes de Prim\u00e0ria, E.S.O. i Batxillerat el servici d&#8217;esmorzars que consistix en un entrep\u00e0 fred, calent o un conjunt de fruita + iogurt, amb <strong>opci\u00f3 a pa sense gluten<\/strong>.<\/p>\n<p>L&#8217;entrep\u00e0 s&#8217;entrega als alumnes al comen\u00e7ament del temps del pati.<\/p>\n<p>Adquisici\u00f3 dels tiquets:<\/p>\n<ul style=\"list-style-type: disc;\">\n<li style=\"text-align: justify;\"><b>Prim\u00e0ria: <\/b>Els tiquets per als entrepans poden adquirir-se en horari de 9:00 a 09:30 en el pati d&#8217;Infantil.<\/li>\n<li style=\"text-align: justify;\"><b><\/b><b>E.S.O. i Batxillerat: <\/b>Els tiquets per als entrepans poden adquirir-se en horari de 8:00 a 09:00 en consergeria.<\/li>\n<\/ul>\n<p>En tots els casos, <strong>poden adquirir-se tiquets per a uns quants dies<\/strong>, sent esta l&#8217;opci\u00f3 recomanada per a evitar cues pels matins. Els tiquets poden utilitzar-se tant per a Prim\u00e0ria o Secund\u00e0ria indistintament d&#8217;on hagen sigut adquirits i no tenen caducitat.<\/p>\n<p>El dia que es desitge utilitzar el tiquet cal marcar l&#8217;entrep\u00e0 desitjat (fred, calent o fruta+iogur) i indicar si es necessita pa sense gluten i depositar la part esquerra del tiquet en la b\u00fastia habilitada a este efecte situat en l&#8217;entrada del pati d&#8217;Infantil o en la Consergeria de Secund\u00e0ria, <strong>abans de les 09:30<\/strong>. La part dreta del tiquet hauran d&#8217;entregar-la els alumnes al conserge a l&#8217;hora del pati per a arreplegar l&#8217;entrep\u00e0.&#8221;<\/p>\n<p style=\"text-align: justify;\"><img loading=\"lazy\" decoding=\"async\" class=\" wp-image-1753 aligncenter\" src=\"https:\/\/colegio.sanjaimemoncada.es\/wp-content\/uploads\/2017\/02\/Instrucciones-almuerzos-300x226.png\" alt=\"\" width=\"516\" height=\"388\" srcset=\"https:\/\/colegio.sanjaimemoncada.es\/wp-content\/uploads\/2017\/02\/Instrucciones-almuerzos-300x226.png 300w, https:\/\/colegio.sanjaimemoncada.es\/wp-content\/uploads\/2017\/02\/Instrucciones-almuerzos-768x579.png 768w, https:\/\/colegio.sanjaimemoncada.es\/wp-content\/uploads\/2017\/02\/Instrucciones-almuerzos-585x440.png 585w, https:\/\/colegio.sanjaimemoncada.es\/wp-content\/uploads\/2017\/02\/Instrucciones-almuerzos-230x172.png 230w, https:\/\/colegio.sanjaimemoncada.es\/wp-content\/uploads\/2017\/02\/Instrucciones-almuerzos.png 826w\" sizes=\"auto, (max-width: 516px) 100vw, 516px\" \/><\/p>\n<h3><\/h3>\n<h3><strong>Esmorzars Curs 2019\/2020:<\/strong><a href=\"https:\/\/colegio.sanjaimemoncada.es\/wp-content\/uploads\/2020\/02\/Almuerzos-curso-2019-2020.pdf\"><img loading=\"lazy\" decoding=\"async\" class=\"aligncenter wp-image-18629\" src=\"https:\/\/colegio.sanjaimemoncada.es\/wp-content\/uploads\/2020\/02\/Almuerzos-curso-2019-2020-1024x724.jpg\" alt=\"\" width=\"607\" height=\"426\" \/><\/a><\/h3>\n<p><span style=\"color: #ff0000;\"><strong>Esmorzars durant la Quaresma:<\/strong><\/span><a href=\"https:\/\/colegio.sanjaimemoncada.es\/wp-content\/uploads\/2020\/02\/Almuerzos-Cuaresma.pdf\"><img loading=\"lazy\" decoding=\"async\" class=\"aligncenter wp-image-18635\" src=\"https:\/\/colegio.sanjaimemoncada.es\/wp-content\/uploads\/2020\/02\/Almuerzos-Cuaresma-1024x724.jpg\" alt=\"\" width=\"592\" height=\"449\" \/><\/a><\/p>\n<p><strong>El dimecres de cendra (26 de febrer) els entrepans ser\u00e1n:<\/strong><\/p>\n<ul>\n<li>Opci\u00f3 1: Formatge amb tomata i\u00a0 orenga<\/li>\n<li>Opci\u00f3 2: Calamars a la romana amb maionesa<\/li>\n<\/ul>\n","protected":false},"excerpt":{"rendered":"<p>&#8220;El centre disposa pels alumnes de Prim\u00e0ria, E.S.O. i Batxillerat el servici d&#8217;esmorzars que consistix en un entrep\u00e0 fred, calent o un conjunt de fruita + iogurt, amb opci\u00f3 a pa sense gluten. L&#8217;entrep\u00e0 s&#8217;entrega als alumnes al comen\u00e7ament del temps del pati. Adquisici\u00f3 dels tiquets: Prim\u00e0ria: Els tiquets per als entrepans poden adquirir-se en [&hellip;]<\/p>\n","protected":false},"author":4,"featured_media":0,"parent":0,"menu_order":0,"comment_status":"closed","ping_status":"closed","template":"","meta":{"_monsterinsights_skip_tracking":false,"_monsterinsights_sitenote_active":false,"_monsterinsights_sitenote_note":"","_monsterinsights_sitenote_category":0,"footnotes":""},"class_list":["post-9399","page","type-page","status-publish","hentry"],"yoast_head":"<!-- This site is optimized with the Yoast SEO plugin v26.2 - https:\/\/yoast.com\/wordpress\/plugins\/seo\/ -->\n<title>Esmorzars - C. Parroquial San Jaime Ap\u00f3stol<\/title>\n<meta name=\"robots\" content=\"index, follow, max-snippet:-1, max-image-preview:large, max-video-preview:-1\" \/>\n<link rel=\"canonical\" href=\"https:\/\/colegio.sanjaimemoncada.es\/almuerzos\/\" \/>\n<meta property=\"og:locale\" content=\"en_US\" \/>\n<meta property=\"og:type\" content=\"article\" \/>\n<meta property=\"og:title\" content=\"Esmorzars - C. Parroquial San Jaime Ap\u00f3stol\" \/>\n<meta property=\"og:description\" content=\"&#8220;El centre disposa pels alumnes de Prim\u00e0ria, E.S.O. i Batxillerat el servici d&#8217;esmorzars que consistix en un entrep\u00e0 fred, calent o un conjunt de fruita + iogurt, amb opci\u00f3 a pa sense gluten. L&#8217;entrep\u00e0 s&#8217;entrega als alumnes al comen\u00e7ament del temps del pati. Adquisici\u00f3 dels tiquets: Prim\u00e0ria: Els tiquets per als entrepans poden adquirir-se en [&hellip;]\" \/>\n<meta property=\"og:url\" content=\"https:\/\/colegio.sanjaimemoncada.es\/almuerzos\/\" \/>\n<meta property=\"og:site_name\" content=\"C. Parroquial San Jaime Ap\u00f3stol\" \/>\n<meta property=\"article:modified_time\" content=\"2020-02-24T12:27:54+00:00\" \/>\n<meta property=\"og:image\" content=\"https:\/\/colegio.sanjaimemoncada.es\/wp-content\/uploads\/2017\/02\/Instrucciones-almuerzos.png\" \/>\n\t<meta property=\"og:image:width\" content=\"826\" \/>\n\t<meta property=\"og:image:height\" content=\"623\" \/>\n\t<meta property=\"og:image:type\" content=\"image\/png\" \/>\n<meta name=\"twitter:card\" content=\"summary_large_image\" \/>\n<meta name=\"twitter:label1\" content=\"Est. reading time\" \/>\n\t<meta name=\"twitter:data1\" content=\"1 minute\" \/>\n<script type=\"application\/ld+json\" class=\"yoast-schema-graph\">{\"@context\":\"https:\/\/schema.org\",\"@graph\":[{\"@type\":\"WebPage\",\"@id\":\"https:\/\/colegio.sanjaimemoncada.es\/almuerzos\/\",\"url\":\"https:\/\/colegio.sanjaimemoncada.es\/almuerzos\/\",\"name\":\"Esmorzars - C. Parroquial San Jaime Ap\u00f3stol\",\"isPartOf\":{\"@id\":\"https:\/\/colegio.sanjaimemoncada.es\/#website\"},\"primaryImageOfPage\":{\"@id\":\"https:\/\/colegio.sanjaimemoncada.es\/almuerzos\/#primaryimage\"},\"image\":{\"@id\":\"https:\/\/colegio.sanjaimemoncada.es\/almuerzos\/#primaryimage\"},\"thumbnailUrl\":\"https:\/\/colegio.sanjaimemoncada.es\/wp-content\/uploads\/2017\/02\/Instrucciones-almuerzos-300x226.png\",\"datePublished\":\"2017-02-10T22:42:57+00:00\",\"dateModified\":\"2020-02-24T12:27:54+00:00\",\"breadcrumb\":{\"@id\":\"https:\/\/colegio.sanjaimemoncada.es\/almuerzos\/#breadcrumb\"},\"inLanguage\":\"va\",\"potentialAction\":[{\"@type\":\"ReadAction\",\"target\":[\"https:\/\/colegio.sanjaimemoncada.es\/almuerzos\/\"]}]},{\"@type\":\"ImageObject\",\"inLanguage\":\"va\",\"@id\":\"https:\/\/colegio.sanjaimemoncada.es\/almuerzos\/#primaryimage\",\"url\":\"https:\/\/colegio.sanjaimemoncada.es\/wp-content\/uploads\/2017\/02\/Instrucciones-almuerzos-300x226.png\",\"contentUrl\":\"https:\/\/colegio.sanjaimemoncada.es\/wp-content\/uploads\/2017\/02\/Instrucciones-almuerzos-300x226.png\"},{\"@type\":\"BreadcrumbList\",\"@id\":\"https:\/\/colegio.sanjaimemoncada.es\/almuerzos\/#breadcrumb\",\"itemListElement\":[{\"@type\":\"ListItem\",\"position\":1,\"name\":\"Portada\",\"item\":\"https:\/\/colegio.sanjaimemoncada.es\/va\/\"},{\"@type\":\"ListItem\",\"position\":2,\"name\":\"Esmorzars\"}]},{\"@type\":\"WebSite\",\"@id\":\"https:\/\/colegio.sanjaimemoncada.es\/#website\",\"url\":\"https:\/\/colegio.sanjaimemoncada.es\/\",\"name\":\"C. Parroquial San Jaime Ap\u00f3stol\",\"description\":\"\",\"potentialAction\":[{\"@type\":\"SearchAction\",\"target\":{\"@type\":\"EntryPoint\",\"urlTemplate\":\"https:\/\/colegio.sanjaimemoncada.es\/?s={search_term_string}\"},\"query-input\":{\"@type\":\"PropertyValueSpecification\",\"valueRequired\":true,\"valueName\":\"search_term_string\"}}],\"inLanguage\":\"va\"}]}<\/script>\n<!-- \/ Yoast SEO plugin. -->","yoast_head_json":{"title":"Esmorzars - C. Parroquial San Jaime Ap\u00f3stol","robots":{"index":"index","follow":"follow","max-snippet":"max-snippet:-1","max-image-preview":"max-image-preview:large","max-video-preview":"max-video-preview:-1"},"canonical":"https:\/\/colegio.sanjaimemoncada.es\/almuerzos\/","og_locale":"en_US","og_type":"article","og_title":"Esmorzars - C. Parroquial San Jaime Ap\u00f3stol","og_description":"&#8220;El centre disposa pels alumnes de Prim\u00e0ria, E.S.O. i Batxillerat el servici d&#8217;esmorzars que consistix en un entrep\u00e0 fred, calent o un conjunt de fruita + iogurt, amb opci\u00f3 a pa sense gluten. L&#8217;entrep\u00e0 s&#8217;entrega als alumnes al comen\u00e7ament del temps del pati. Adquisici\u00f3 dels tiquets: Prim\u00e0ria: Els tiquets per als entrepans poden adquirir-se en [&hellip;]","og_url":"https:\/\/colegio.sanjaimemoncada.es\/almuerzos\/","og_site_name":"C. Parroquial San Jaime Ap\u00f3stol","article_modified_time":"2020-02-24T12:27:54+00:00","og_image":[{"width":826,"height":623,"url":"https:\/\/colegio.sanjaimemoncada.es\/wp-content\/uploads\/2017\/02\/Instrucciones-almuerzos.png","type":"image\/png"}],"twitter_card":"summary_large_image","twitter_misc":{"Est. reading time":"1 minute"},"schema":{"@context":"https:\/\/schema.org","@graph":[{"@type":"WebPage","@id":"https:\/\/colegio.sanjaimemoncada.es\/almuerzos\/","url":"https:\/\/colegio.sanjaimemoncada.es\/almuerzos\/","name":"Esmorzars - C. Parroquial San Jaime Ap\u00f3stol","isPartOf":{"@id":"https:\/\/colegio.sanjaimemoncada.es\/#website"},"primaryImageOfPage":{"@id":"https:\/\/colegio.sanjaimemoncada.es\/almuerzos\/#primaryimage"},"image":{"@id":"https:\/\/colegio.sanjaimemoncada.es\/almuerzos\/#primaryimage"},"thumbnailUrl":"https:\/\/colegio.sanjaimemoncada.es\/wp-content\/uploads\/2017\/02\/Instrucciones-almuerzos-300x226.png","datePublished":"2017-02-10T22:42:57+00:00","dateModified":"2020-02-24T12:27:54+00:00","breadcrumb":{"@id":"https:\/\/colegio.sanjaimemoncada.es\/almuerzos\/#breadcrumb"},"inLanguage":"va","potentialAction":[{"@type":"ReadAction","target":["https:\/\/colegio.sanjaimemoncada.es\/almuerzos\/"]}]},{"@type":"ImageObject","inLanguage":"va","@id":"https:\/\/colegio.sanjaimemoncada.es\/almuerzos\/#primaryimage","url":"https:\/\/colegio.sanjaimemoncada.es\/wp-content\/uploads\/2017\/02\/Instrucciones-almuerzos-300x226.png","contentUrl":"https:\/\/colegio.sanjaimemoncada.es\/wp-content\/uploads\/2017\/02\/Instrucciones-almuerzos-300x226.png"},{"@type":"BreadcrumbList","@id":"https:\/\/colegio.sanjaimemoncada.es\/almuerzos\/#breadcrumb","itemListElement":[{"@type":"ListItem","position":1,"name":"Portada","item":"https:\/\/colegio.sanjaimemoncada.es\/va\/"},{"@type":"ListItem","position":2,"name":"Esmorzars"}]},{"@type":"WebSite","@id":"https:\/\/colegio.sanjaimemoncada.es\/#website","url":"https:\/\/colegio.sanjaimemoncada.es\/","name":"C. Parroquial San Jaime Ap\u00f3stol","description":"","potentialAction":[{"@type":"SearchAction","target":{"@type":"EntryPoint","urlTemplate":"https:\/\/colegio.sanjaimemoncada.es\/?s={search_term_string}"},"query-input":{"@type":"PropertyValueSpecification","valueRequired":true,"valueName":"search_term_string"}}],"inLanguage":"va"}]}},"_links":{"self":[{"href":"https:\/\/colegio.sanjaimemoncada.es\/va\/wp-json\/wp\/v2\/pages\/9399","targetHints":{"allow":["GET"]}}],"collection":[{"href":"https:\/\/colegio.sanjaimemoncada.es\/va\/wp-json\/wp\/v2\/pages"}],"about":[{"href":"https:\/\/colegio.sanjaimemoncada.es\/va\/wp-json\/wp\/v2\/types\/page"}],"author":[{"embeddable":true,"href":"https:\/\/colegio.sanjaimemoncada.es\/va\/wp-json\/wp\/v2\/users\/4"}],"replies":[{"embeddable":true,"href":"https:\/\/colegio.sanjaimemoncada.es\/va\/wp-json\/wp\/v2\/comments?post=9399"}],"version-history":[{"count":5,"href":"https:\/\/colegio.sanjaimemoncada.es\/va\/wp-json\/wp\/v2\/pages\/9399\/revisions"}],"predecessor-version":[{"id":18642,"href":"https:\/\/colegio.sanjaimemoncada.es\/va\/wp-json\/wp\/v2\/pages\/9399\/revisions\/18642"}],"wp:attachment":[{"href":"https:\/\/colegio.sanjaimemoncada.es\/va\/wp-json\/wp\/v2\/media?parent=9399"}],"curies":[{"name":"wp","href":"https:\/\/api.w.org\/{rel}","templated":true}]}}