{"id":9382,"date":"2017-05-10T10:13:43","date_gmt":"2017-05-10T08:13:43","guid":{"rendered":"https:\/\/colegio.sanjaimemoncada.es\/admision-e-s-bachillerato\/"},"modified":"2019-02-27T19:34:51","modified_gmt":"2019-02-27T18:34:51","slug":"admision-e-s-bachillerato","status":"publish","type":"page","link":"https:\/\/colegio.sanjaimemoncada.es\/va\/admision-e-s-bachillerato\/","title":{"rendered":"Admissi\u00f3 E.S.O. i Batxillerat"},"content":{"rendered":"<h1 style=\"text-align: center;\"><a href=\"https:\/\/colegio.sanjaimemoncada.es\/wp-content\/uploads\/2018\/03\/Cartel-Web-Admisi\u00f3n-2.png\"><img loading=\"lazy\" decoding=\"async\" class=\"aligncenter wp-image-5140\" src=\"https:\/\/colegio.sanjaimemoncada.es\/wp-content\/uploads\/2018\/03\/Cartel-Web-Admisi\u00f3n-2.png\" alt=\"\" width=\"712\" height=\"290\" srcset=\"https:\/\/colegio.sanjaimemoncada.es\/wp-content\/uploads\/2018\/03\/Cartel-Web-Admisi\u00f3n-2.png 993w, https:\/\/colegio.sanjaimemoncada.es\/wp-content\/uploads\/2018\/03\/Cartel-Web-Admisi\u00f3n-2-300x122.png 300w, https:\/\/colegio.sanjaimemoncada.es\/wp-content\/uploads\/2018\/03\/Cartel-Web-Admisi\u00f3n-2-768x313.png 768w\" sizes=\"auto, (max-width: 712px) 100vw, 712px\" \/><\/a><\/h1>\n<p><b>CALENDARI D&#8217;ADMISSI\u00d3: <\/b><\/p>\n<table>\n<tbody>\n<tr style=\"height: 21px;\">\n<td style=\"height: 21px; text-align: center;\"><\/td>\n<td style=\"height: 21px; text-align: center;\"><strong>ESO i Batxillerat<\/strong><\/td>\n<\/tr>\n<tr style=\"height: 21px;\">\n<td style=\"height: 21px; text-align: left;\">Jornada de portes obertes<\/td>\n<td style=\"height: 21px; text-align: center;\">25 d&#8217;abril &#8211; 18:00<\/td>\n<\/tr>\n<tr style=\"height: 21px;\">\n<td style=\"height: 21px; text-align: left;\">Presentaci\u00f3 de sol\u00b7licituds<\/td>\n<td style=\"height: 21px; text-align: center;\">17 al 28 de maig<\/td>\n<\/tr>\n<tr style=\"height: 21.5104px;\">\n<td style=\"height: 21.5104px; text-align: left;\">Baremaci\u00f3 sol\u00b7licituds<\/td>\n<td style=\"height: 21.5104px; text-align: center;\">17 de maig al 7 de juny<\/td>\n<\/tr>\n<tr style=\"height: 21px;\">\n<td style=\"height: 21px; text-align: left;\">Elaboraci\u00f3 i publicaci\u00f3 llistes provisionals<\/td>\n<td style=\"height: 21px; text-align: center;\">12 de juliol<\/td>\n<\/tr>\n<tr style=\"height: 21px;\">\n<td style=\"height: 21px; text-align: left;\">Reclamacions davant de la titularitat del Centre<\/td>\n<td style=\"height: 21px; text-align: center;\">12 al 16 de juliol<\/td>\n<\/tr>\n<tr style=\"height: 21px;\">\n<td style=\"height: 21px; text-align: left;\">Publicaci\u00f3 en els centres de les llistes definitives<\/td>\n<td style=\"height: 21px; text-align: center;\">19 de juliol<\/td>\n<\/tr>\n<tr style=\"height: 21px;\">\n<td style=\"height: 21px; text-align: left;\">Termini de formalitzaci\u00f3 de la matr\u00edcula<\/td>\n<td style=\"height: 21px; text-align: center;\">19 al 26 de juliol<\/td>\n<\/tr>\n<tr style=\"height: 21px;\">\n<td style=\"height: 21px; text-align: left;\">Matr\u00edcula per a cobrir places vacants per ren\u00fancia o excedents<\/td>\n<td style=\"height: 21px; text-align: center;\">27 de juliol<\/td>\n<\/tr>\n<\/tbody>\n<\/table>\n<h3><\/h3>\n<h3><b>CRITERIS DE BAREMACI\u00d3:<\/b><\/h3>\n<p><span style=\"font-size: 16px; font-weight: 400;\"><strong><span style=\"color: #666699;\">1.<\/span> <\/strong>Exist\u00e8ncia de <\/span><b style=\"font-size: 16px;\">germans o germanes<\/b><span style=\"font-weight: 400;\"> matriculats en el centre: <\/span><span style=\"color: #33cccc;\"><b style=\"font-size: 16px;\">15 punts<\/b><\/span><\/p>\n<p><span style=\"color: #666699;\"><b>2.<\/b><\/span><span style=\"font-weight: 400;\"> Pare, mare o tutors legals <\/span><b>treballadors del centre<\/b><span style=\"font-weight: 400;\"> docent: <\/span><span style=\"color: #33cccc;\"><b>5 punts<\/b><\/span><\/p>\n<p><b><span style=\"color: #666699;\">3.<\/span> Proximitat del domicili<\/b> o del <b>lloc de treball<\/b> d&#8217;algun dels seus pares, mares o tutors legals. Alumnat amb domicili que es trobe en l&#8217;\u00e0rea d&#8217;influ\u00e8ncia del centro:<span style=\"color: #00ccff;\"><b>10 punts<\/b><\/span>. Alumnat amb domicili que es trobe en les \u00e0rees lim\u00edtrofes a la zona d&#8217;influ\u00e8ncia del centre: <span style=\"color: #00ccff;\"><b>5 punts.<\/b><\/span><\/p>\n<p><span style=\"font-weight: 400;\">El domicili familiar s&#8217;acreditar\u00e0 per mitj\u00e0 del DNI i un rebut recent d&#8217;aigua, llum, tel\u00e8fon o contracte de lloguer (acreditant el dep\u00f2sit de la fian\u00e7a en la conselleria per mitj\u00e0 dels models 805 o 806).<\/span><\/p>\n<p><span style=\"font-weight: 400;\">El lloc de treball es justificar\u00e0 per mitj\u00e0 de certificat em\u00e9s per l&#8217;empresa en qu\u00e8 acredite la relaci\u00f3 laboral i domicili del centre de treball. Els treballadors per compte propi ho faran per mitj\u00e0 de la declaraci\u00f3 censal d&#8217;alta en el cens d&#8217;empresaris (model 036 o 037) .<\/span><\/p>\n<p><b><span style=\"color: #666699;\">4.<\/span> Renda<\/b> per capita de la unitat familiar any 2016: <span style=\"color: #00ccff;\"><b>2 punts<\/b><\/span> a les rendes familiars iguals o inferiors a dos vegades l&#8217;indicador p\u00fablic de renda a efectes m\u00faltiples (IPREM) .<\/p>\n<p><span style=\"font-weight: 400;\"> Es considera unitat familiar els c\u00f2njuges i els hijos\/as menors de 18 anys, aix\u00ed com els majors d&#8217;esta edat i menors de 26 anys que convisquen en el domicili familiar i no perceben cap tipus d&#8217;ingressos.<\/span><\/p>\n<p><span style=\"font-weight: 400;\">La Llei 6\/2017 de 24 de Mar\u00e7 de la Generalitat ha derogat la Llei 6\/2009 de 30 de Juny de la Generalitat de protecci\u00f3 a la maternitat. <\/span><b>En conseq\u00fc\u00e8ncia, els fills no nascuts NO es computaran com a membres de la unitat <\/b><span style=\"font-weight: 400;\">familiar a este efecte de valorar el criteri de renda, fam\u00edlia nombrosa o fam\u00edlia monoparental. En el cas de separaci\u00f3 o divorci dels pares, no es consideraran els ingressos de qu\u00e8 no visca en el mateix domicili de l&#8217;alumno\/a. Es considerar\u00e0 membre de la unitat familiar el c\u00f3nyugue del pare o mare que convisca en el mateix domicili de l&#8217;alumno\/a . En cas de cust\u00f2dia compartida es consederar\u00e1n membres de la unitat familiar els que convisquen en el domicili d&#8217;empadronament de l&#8217;alumno\/a.<\/span><\/p>\n<p><span style=\"color: #666699;\"><strong>5.<\/strong><\/span> Condici\u00f3 legal de <b>fam\u00edlia nombrosa<\/b>. <b>Nombrosa general<\/b>: <span style=\"color: #00ccff;\"><b>3 punts<\/b><\/span> De <b>categoria especial<\/b>: <b><span style=\"color: #00ccff;\">5 punts<\/span>.<\/b><\/p>\n<p><span style=\"color: #666699;\"><strong>6.<\/strong><\/span> Concurr\u00e8ncia de <b>discapacitat<\/b> en l&#8217;alumnat, en els seus pares o germans i germanes. Quan existisca discapacitat en l&#8217;alumno\/a, entre el <b>33% i el 65%:<\/b> <span style=\"color: #00ccff;\"><b>4 punts<\/b><\/span>. Si \u00e9s <b>superior al 65%: <span style=\"color: #00ccff;\">7 punts<\/span><\/b> En el cas de <b>pares i germans<\/b>, quan existisca discapacitat d&#8217;entre <b>un 33% a un 64%: <span style=\"color: #00ccff;\">3 punts<\/span>.<\/b> Si supera <b>el 65%: <span style=\"color: #00ccff;\">5 punts<\/span>.<\/b><\/p>\n<p><span style=\"color: #666699;\"><b>7.<\/b><\/span><span style=\"font-weight: 400;\"> La condici\u00f3 de <\/span><b>fam\u00edlia monoparental<\/b><span style=\"font-weight: 400;\"> general es valorar\u00e0 amb <\/span><span style=\"color: #00ccff;\"><b>3<\/b> <b>punts<\/b><\/span><span style=\"font-weight: 400;\">. Les de categoria especial, amb <\/span><span style=\"color: #00ccff;\"><b>5 punts<\/b><\/span><span style=\"font-weight: 400;\">. S&#8217;acreditar\u00e0 aportant el t\u00edtol de fam\u00edlia monoparental.<\/span><\/p>\n<p>&nbsp;<\/p>\n<p>&nbsp;<\/p>\n<h3><b>DESEMPATS<\/b><\/h3>\n<p><span style=\"font-weight: 400;\">Una vegada realitzada la baremaci\u00f3 de totes les sol\u00b7licituds, en cas de produir-se empat entre diverses sol\u00b7licituds, segons la Conselleria d&#8217;Educaci\u00f3, i despr\u00e9s d&#8217;haver-se realitzat un sorteig, el desempat es realitzar\u00e0 per orde alfab\u00e8tic del primer cognom des de la <\/span><b>lletra U.<\/b><\/p>\n<h3><b>ACLARIMENTS<\/b>:<\/h3>\n<ul>\n<li style=\"font-weight: 400;\"><span style=\"font-weight: 400; color: #ff0000;\">Els sobres per a sol\u00b7licitar l&#8217;admissi\u00f3 estaran disponibles en la secretaria de la C\/Madrid, n\u00fam. 7 uns dies abans del comen\u00e7ament del per\u00edode de presentaci\u00f3 de sol\u00b7licituds (S&#8217;avisar\u00e0 quan estiguen disponibles) <\/span><\/li>\n<li style=\"font-weight: 400;\"><span style=\"font-weight: 400;\">\u00c0rea d&#8217;influ\u00e8ncia (10 punts) : Moncada <\/span><\/li>\n<li style=\"font-weight: 400;\"><span style=\"font-weight: 400;\">\u00c0rees lim\u00edtrofes (5 punts) : Alfara del Patriarca, Massarrojos, Foios, Albalat, Museros, N\u00e1quera, B\u00e9tera, Benifaraig, Districte 17 de Val\u00e8ncia. <\/span>(<a href=\"http:\/\/www.moncada.es\/opencms\/portal\/downloads\/Educacion\/Comisixn_Municipal_de_escolarizacixn_de_Moncada-xreas_de_Influxncia..pdf\" target=\"_blank\" rel=\"noopener noreferrer\">Veure mapa<\/a>)<\/li>\n<\/ul>\n<h3><\/h3>\n<h3><b>DOCUMENTACI\u00d3 OFICIAL RELACIONADA: <\/b><\/h3>\n<p style=\"text-align: justify;\"><a href=\"http:\/\/www.ceice.gva.es\/documents\/161634279\/165479884\/sorteo_letra_val.pdf\/e9c4c9ea-2d56-4d6c-bad9-4803213b43a3\" target=\"_blank\" rel=\"noopener\"><span style=\"color: #008080;\"><em>Resultat del sorteig p\u00fablic de la lletra de prioritat per a resoldre els empats en el procediment d&#8217;admissi\u00f3 de l&#8217;alumnat d&#8217;educaci\u00f3 infantil, educaci\u00f3 prim\u00e0ria, educaci\u00f3 secund\u00e0ria obligat\u00f2ria i batchillerat per al curs 2018\/2019.<\/em><\/span><\/a><\/p>\n<p style=\"text-align: justify;\"><span style=\"color: #008080;\"><em><a style=\"color: #008080;\" href=\"https:\/\/www.dogv.gva.es\/datos\/2018\/03\/28\/pdf\/2018_3153.pdf\" target=\"_blank\" rel=\"noopener\"><i><span style=\"font-weight: 400;\">RESOLUCI\u00d3 de 26 de mar\u00e7 de 2018, del director territorial d&#8217;Educaci\u00f3, Investigaci\u00f3, Cultura i Esport de Val\u00e8ncia, per la qual s&#8217;establixen el calendari i el procediment d&#8217;admissi\u00f3 de l&#8217;alumnat a les ensenyances d&#8217;Educaci\u00f3 Infantil, Prim\u00e0ria, Educaci\u00f3 Secund\u00e0ria Obligat\u00f2ria i Batxillerat en centres p\u00fablics i centres privats concertats, no universitaris, per al curs 2018-2019, en l&#8217;\u00e0mbit competencial de la prov\u00edncia de Val\u00e8ncia. [2018\/3153] <\/span><\/i><\/a><\/em><\/span><\/p>\n<p style=\"text-align: justify;\"><em><span style=\"color: #008080;\"><a style=\"color: #008080;\" href=\"http:\/\/www.dogv.gva.es\/datos\/2016\/04\/21\/pdf\/2016_2652.pdf\">ORDRE\u00a0<i><span style=\"font-weight: 400;\">7\/2016, de 19 d&#8217;abril, de la Conselleria d&#8217;Educaci\u00f3, Investigaci\u00f3, Cultura i Esport, per la qual es regula el procediment d&#8217;admissi\u00f3 de l&#8217;alumnat en els centres docents sostinguts amb fons p\u00fablics de la Comunitat Valenciana que impartixen ensenyances d&#8217;Educaci\u00f3 Infantil, Educaci\u00f3 Prim\u00e0ria, Educaci\u00f3 Secund\u00e0ria Obligat\u00f2ria i Batxillerat. [2016\/3982] DECRET 40\/2016, de 15 d&#8217;abril, del Consell, pel qual es regula l&#8217;admissi\u00f3 en els centres docents p\u00fablics i privats concertats que impartixen ensenyances d&#8217;Educaci\u00f3 Infantil, Educaci\u00f3 Prim\u00e0ria, Educaci\u00f3 Secund\u00e0ria Obligat\u00f2ria i Batxillerat. [2016\/2552] <\/span><\/i><\/a><\/span><\/em><\/p>\n<p style=\"text-align: justify;\"><em><span style=\"color: #008080;\"><a style=\"color: #008080;\" href=\"http:\/\/www.dogv.gva.es\/datos\/2016\/06\/02\/pdf\/2016_3982.pdf\" target=\"_blank\" rel=\"noopener\">CORRECCI\u00d3N de errores de la Orden 7\/2016, de 19 de\u00a0abril, de la Conselleria de Educaci\u00f3n, Investigaci\u00f3n, Cultura\u00a0y Deporte, por la que se regula el procedimiento de\u00a0admisi\u00f3n del alumnado en los centros docentes sostenidos\u00a0con fondos p\u00fablicos de la Comunitat Valenciana que\u00a0imparten ense\u00f1anzas de Educaci\u00f3n Infantil, Educaci\u00f3n\u00a0Primaria, Educaci\u00f3n Secundaria Obligatoria y Bachillerato.\u00a0[2016\/3982]<\/a><\/span><\/em><\/p>\n<p style=\"text-align: justify;\"><em><span style=\"color: #008080;\"><a style=\"color: #008080;\" href=\"http:\/\/www.dogv.gva.es\/datos\/2016\/04\/18\/pdf\/2016_2552.pdf\">DECRETO 40\/2016, de 15 de abril, del Consell, por el que se regula la admisi\u00f3n en los centros docentes p\u00fablicos y privados concertados que imparten ense\u00f1anzas de Educaci\u00f3n Infantil, Educaci\u00f3n Primaria, Educaci\u00f3n Secundaria Obligatoria y Bachillerato. [2016\/2552]<\/a><\/span><\/em><\/p>\n<p><a href=\"https:\/\/colegio.sanjaimemoncada.es\/wp-content\/uploads\/2018\/03\/ideario.pdf\" target=\"_blank\" rel=\"noopener\"><span style=\"color: #008080;\"><em>Ideari del centro<\/em><\/span><\/a><\/p>\n","protected":false},"excerpt":{"rendered":"<p>CALENDARI D&#8217;ADMISSI\u00d3: ESO i Batxillerat Jornada de portes obertes 25 d&#8217;abril &#8211; 18:00 Presentaci\u00f3 de sol\u00b7licituds 17 al 28 de maig Baremaci\u00f3 sol\u00b7licituds 17 de maig al 7 de juny Elaboraci\u00f3 i publicaci\u00f3 llistes provisionals 12 de juliol Reclamacions davant de la titularitat del Centre 12 al 16 de juliol Publicaci\u00f3 en els centres de [&hellip;]<\/p>\n","protected":false},"author":7,"featured_media":0,"parent":0,"menu_order":0,"comment_status":"closed","ping_status":"closed","template":"","meta":{"_monsterinsights_skip_tracking":false,"_monsterinsights_sitenote_active":false,"_monsterinsights_sitenote_note":"","_monsterinsights_sitenote_category":0,"footnotes":""},"class_list":["post-9382","page","type-page","status-publish","hentry"],"yoast_head":"<!-- This site is optimized with the Yoast SEO plugin v26.2 - https:\/\/yoast.com\/wordpress\/plugins\/seo\/ -->\n<title>Admissi\u00f3 E.S.O. i Batxillerat - C. Parroquial San Jaime Ap\u00f3stol<\/title>\n<meta name=\"robots\" content=\"index, follow, max-snippet:-1, max-image-preview:large, max-video-preview:-1\" \/>\n<link rel=\"canonical\" href=\"https:\/\/colegio.sanjaimemoncada.es\/va\/admision-e-s-bachillerato\/\" \/>\n<meta property=\"og:locale\" content=\"en_US\" \/>\n<meta property=\"og:type\" content=\"article\" \/>\n<meta property=\"og:title\" content=\"Admissi\u00f3 E.S.O. i Batxillerat - C. Parroquial San Jaime Ap\u00f3stol\" \/>\n<meta property=\"og:description\" content=\"CALENDARI D&#8217;ADMISSI\u00d3: ESO i Batxillerat Jornada de portes obertes 25 d&#8217;abril &#8211; 18:00 Presentaci\u00f3 de sol\u00b7licituds 17 al 28 de maig Baremaci\u00f3 sol\u00b7licituds 17 de maig al 7 de juny Elaboraci\u00f3 i publicaci\u00f3 llistes provisionals 12 de juliol Reclamacions davant de la titularitat del Centre 12 al 16 de juliol Publicaci\u00f3 en els centres de [&hellip;]\" \/>\n<meta property=\"og:url\" content=\"https:\/\/colegio.sanjaimemoncada.es\/va\/admision-e-s-bachillerato\/\" \/>\n<meta property=\"og:site_name\" content=\"C. Parroquial San Jaime Ap\u00f3stol\" \/>\n<meta property=\"article:modified_time\" content=\"2019-02-27T18:34:51+00:00\" \/>\n<meta name=\"twitter:card\" content=\"summary_large_image\" \/>\n<meta name=\"twitter:label1\" content=\"Est. reading time\" \/>\n\t<meta name=\"twitter:data1\" content=\"5 minutes\" \/>\n<script type=\"application\/ld+json\" class=\"yoast-schema-graph\">{\"@context\":\"https:\/\/schema.org\",\"@graph\":[{\"@type\":\"WebPage\",\"@id\":\"https:\/\/colegio.sanjaimemoncada.es\/va\/admision-e-s-bachillerato\/\",\"url\":\"https:\/\/colegio.sanjaimemoncada.es\/va\/admision-e-s-bachillerato\/\",\"name\":\"Admissi\u00f3 E.S.O. i Batxillerat - C. Parroquial San Jaime Ap\u00f3stol\",\"isPartOf\":{\"@id\":\"https:\/\/colegio.sanjaimemoncada.es\/#website\"},\"datePublished\":\"2017-05-10T08:13:43+00:00\",\"dateModified\":\"2019-02-27T18:34:51+00:00\",\"breadcrumb\":{\"@id\":\"https:\/\/colegio.sanjaimemoncada.es\/va\/admision-e-s-bachillerato\/#breadcrumb\"},\"inLanguage\":\"va\",\"potentialAction\":[{\"@type\":\"ReadAction\",\"target\":[\"https:\/\/colegio.sanjaimemoncada.es\/va\/admision-e-s-bachillerato\/\"]}]},{\"@type\":\"BreadcrumbList\",\"@id\":\"https:\/\/colegio.sanjaimemoncada.es\/va\/admision-e-s-bachillerato\/#breadcrumb\",\"itemListElement\":[{\"@type\":\"ListItem\",\"position\":1,\"name\":\"Portada\",\"item\":\"https:\/\/colegio.sanjaimemoncada.es\/va\/\"},{\"@type\":\"ListItem\",\"position\":2,\"name\":\"Admissi\u00f3 E.S.O. i Batxillerat\"}]},{\"@type\":\"WebSite\",\"@id\":\"https:\/\/colegio.sanjaimemoncada.es\/#website\",\"url\":\"https:\/\/colegio.sanjaimemoncada.es\/\",\"name\":\"C. Parroquial San Jaime Ap\u00f3stol\",\"description\":\"\",\"potentialAction\":[{\"@type\":\"SearchAction\",\"target\":{\"@type\":\"EntryPoint\",\"urlTemplate\":\"https:\/\/colegio.sanjaimemoncada.es\/?s={search_term_string}\"},\"query-input\":{\"@type\":\"PropertyValueSpecification\",\"valueRequired\":true,\"valueName\":\"search_term_string\"}}],\"inLanguage\":\"va\"}]}<\/script>\n<!-- \/ Yoast SEO plugin. -->","yoast_head_json":{"title":"Admissi\u00f3 E.S.O. i Batxillerat - C. Parroquial San Jaime Ap\u00f3stol","robots":{"index":"index","follow":"follow","max-snippet":"max-snippet:-1","max-image-preview":"max-image-preview:large","max-video-preview":"max-video-preview:-1"},"canonical":"https:\/\/colegio.sanjaimemoncada.es\/va\/admision-e-s-bachillerato\/","og_locale":"en_US","og_type":"article","og_title":"Admissi\u00f3 E.S.O. i Batxillerat - C. Parroquial San Jaime Ap\u00f3stol","og_description":"CALENDARI D&#8217;ADMISSI\u00d3: ESO i Batxillerat Jornada de portes obertes 25 d&#8217;abril &#8211; 18:00 Presentaci\u00f3 de sol\u00b7licituds 17 al 28 de maig Baremaci\u00f3 sol\u00b7licituds 17 de maig al 7 de juny Elaboraci\u00f3 i publicaci\u00f3 llistes provisionals 12 de juliol Reclamacions davant de la titularitat del Centre 12 al 16 de juliol Publicaci\u00f3 en els centres de [&hellip;]","og_url":"https:\/\/colegio.sanjaimemoncada.es\/va\/admision-e-s-bachillerato\/","og_site_name":"C. Parroquial San Jaime Ap\u00f3stol","article_modified_time":"2019-02-27T18:34:51+00:00","twitter_card":"summary_large_image","twitter_misc":{"Est. reading time":"5 minutes"},"schema":{"@context":"https:\/\/schema.org","@graph":[{"@type":"WebPage","@id":"https:\/\/colegio.sanjaimemoncada.es\/va\/admision-e-s-bachillerato\/","url":"https:\/\/colegio.sanjaimemoncada.es\/va\/admision-e-s-bachillerato\/","name":"Admissi\u00f3 E.S.O. i Batxillerat - C. Parroquial San Jaime Ap\u00f3stol","isPartOf":{"@id":"https:\/\/colegio.sanjaimemoncada.es\/#website"},"datePublished":"2017-05-10T08:13:43+00:00","dateModified":"2019-02-27T18:34:51+00:00","breadcrumb":{"@id":"https:\/\/colegio.sanjaimemoncada.es\/va\/admision-e-s-bachillerato\/#breadcrumb"},"inLanguage":"va","potentialAction":[{"@type":"ReadAction","target":["https:\/\/colegio.sanjaimemoncada.es\/va\/admision-e-s-bachillerato\/"]}]},{"@type":"BreadcrumbList","@id":"https:\/\/colegio.sanjaimemoncada.es\/va\/admision-e-s-bachillerato\/#breadcrumb","itemListElement":[{"@type":"ListItem","position":1,"name":"Portada","item":"https:\/\/colegio.sanjaimemoncada.es\/va\/"},{"@type":"ListItem","position":2,"name":"Admissi\u00f3 E.S.O. i Batxillerat"}]},{"@type":"WebSite","@id":"https:\/\/colegio.sanjaimemoncada.es\/#website","url":"https:\/\/colegio.sanjaimemoncada.es\/","name":"C. Parroquial San Jaime Ap\u00f3stol","description":"","potentialAction":[{"@type":"SearchAction","target":{"@type":"EntryPoint","urlTemplate":"https:\/\/colegio.sanjaimemoncada.es\/?s={search_term_string}"},"query-input":{"@type":"PropertyValueSpecification","valueRequired":true,"valueName":"search_term_string"}}],"inLanguage":"va"}]}},"_links":{"self":[{"href":"https:\/\/colegio.sanjaimemoncada.es\/va\/wp-json\/wp\/v2\/pages\/9382","targetHints":{"allow":["GET"]}}],"collection":[{"href":"https:\/\/colegio.sanjaimemoncada.es\/va\/wp-json\/wp\/v2\/pages"}],"about":[{"href":"https:\/\/colegio.sanjaimemoncada.es\/va\/wp-json\/wp\/v2\/types\/page"}],"author":[{"embeddable":true,"href":"https:\/\/colegio.sanjaimemoncada.es\/va\/wp-json\/wp\/v2\/users\/7"}],"replies":[{"embeddable":true,"href":"https:\/\/colegio.sanjaimemoncada.es\/va\/wp-json\/wp\/v2\/comments?post=9382"}],"version-history":[{"count":4,"href":"https:\/\/colegio.sanjaimemoncada.es\/va\/wp-json\/wp\/v2\/pages\/9382\/revisions"}],"predecessor-version":[{"id":12375,"href":"https:\/\/colegio.sanjaimemoncada.es\/va\/wp-json\/wp\/v2\/pages\/9382\/revisions\/12375"}],"wp:attachment":[{"href":"https:\/\/colegio.sanjaimemoncada.es\/va\/wp-json\/wp\/v2\/media?parent=9382"}],"curies":[{"name":"wp","href":"https:\/\/api.w.org\/{rel}","templated":true}]}}