{"id":9379,"date":"2017-05-10T10:18:20","date_gmt":"2017-05-10T08:18:20","guid":{"rendered":"https:\/\/colegio.sanjaimemoncada.es\/admision-ciclos-formativos\/"},"modified":"2019-02-10T19:27:05","modified_gmt":"2019-02-10T18:27:05","slug":"admision-ciclos-formativos","status":"publish","type":"page","link":"https:\/\/colegio.sanjaimemoncada.es\/va\/admision-ciclos-formativos\/","title":{"rendered":"Admissi\u00f3 Cicles Formatius"},"content":{"rendered":"<p>&nbsp;<\/p>\n<p><b>CALENDARI D&#8217;ADMISSI\u00d3: <\/b><\/p>\n<table style=\"width: 711.358px;\">\n<tbody>\n<tr style=\"height: 21px;\">\n<td style=\"height: 21px; text-align: center; width: 415px;\"><\/td>\n<td style=\"height: 21px; text-align: center; width: 306.358px;\"><b>Cicles Formatius<\/b><\/td>\n<\/tr>\n<tr style=\"height: 21px;\">\n<td style=\"height: 21px; text-align: left; width: 415px;\"><strong>Jornada de portes obertes<\/strong><\/td>\n<td style=\"height: 21px; text-align: center; width: 306.358px;\">25 d&#8217;abril \u2013 10:00 i 18:00<\/td>\n<\/tr>\n<tr style=\"height: 21px;\">\n<td style=\"height: 21px; text-align: left; width: 415px;\"><strong>Presentaci\u00f3 de sol\u00b7licituds<\/strong><\/td>\n<td style=\"height: 21px; text-align: center; width: 306.358px;\">18 al 31 de maig<\/td>\n<\/tr>\n<tr style=\"height: 21.5104px;\">\n<td style=\"height: 21.5104px; text-align: left; width: 415px;\"><strong>Presentaci\u00f3 del requisit acad\u00e8mic<\/strong><\/td>\n<td style=\"height: 21.5104px; text-align: center; width: 306.358px;\">Sol\u00b7licitants que al juny reunisquen els requisits acad\u00e8mics: del 20 al 27 de juny<\/p>\n<p>Resta de sol\u00b7licitants: fins al 9 de juliol a les 13:00 h.<\/td>\n<\/tr>\n<tr style=\"height: 21px;\">\n<td style=\"height: 21px; text-align: left; width: 415px;\"><strong>Elaboraci\u00f3 i publicaci\u00f3 llistes provisionals<\/strong><\/td>\n<td style=\"height: 21px; text-align: center; width: 306.358px;\">10 de juliol<\/td>\n<\/tr>\n<tr style=\"height: 21px;\">\n<td style=\"height: 21px; text-align: left; width: 415px;\"><strong>Reclamacions davant de la titularitat del Centre<\/strong><\/td>\n<td style=\"height: 21px; text-align: center; width: 306.358px;\">10 al 12 de juliol<\/td>\n<\/tr>\n<tr style=\"height: 21px;\">\n<td style=\"height: 21px; text-align: left; width: 415px;\"><strong>Publicaci\u00f3 en els centres de les llistes definitives<\/strong><\/td>\n<td style=\"height: 21px; text-align: center; width: 306.358px;\">17 de juliol<\/td>\n<\/tr>\n<tr style=\"height: 21px;\">\n<td style=\"height: 21px; text-align: left; width: 415px;\"><strong>Alegacions<\/strong><\/td>\n<td style=\"height: 21px; text-align: center; width: 306.358px;\"><\/td>\n<\/tr>\n<tr style=\"height: 21px;\">\n<td style=\"height: 21px; text-align: left; width: 415px;\">\n<ul style=\"list-style-type: disc;\">\n<li>Presentaci\u00f3 d\u2019al.legacions telem\u00e0ticament davant la comissi\u00f3 sectorial<\/li>\n<\/ul>\n<\/td>\n<td style=\"height: 21px; text-align: center; width: 306.358px;\">Del 17 al 19 de juliol<\/td>\n<\/tr>\n<tr style=\"height: 21px;\">\n<td style=\"height: 21px; text-align: left; width: 415px;\">\n<ul style=\"list-style-type: disc;\">\n<li>Resoluci\u00f3 d\u2019al.legacions de la comisi\u00f3 sectorial<\/li>\n<\/ul>\n<\/td>\n<td style=\"height: 21px; text-align: center; width: 306.358px;\">Fins al 27 de juliol<\/td>\n<\/tr>\n<tr style=\"height: 21px;\">\n<td style=\"height: 21px; text-align: left; width: 415px;\">\n<ul style=\"list-style-type: disc;\">\n<li>Reclamacions davant la Direcci\u00f3 Territorial<\/li>\n<\/ul>\n<\/td>\n<td style=\"height: 21px; text-align: center; width: 306.358px;\">Fins al 27 de juliol<\/td>\n<\/tr>\n<tr style=\"height: 21px;\">\n<td style=\"height: 21px; text-align: left; width: 415px;\">\n<ul style=\"list-style-type: disc;\">\n<li>Resoluci\u00f3 de reclamacions davant la Direcci\u00f3 Territorial<\/li>\n<\/ul>\n<\/td>\n<td style=\"height: 21px; text-align: center; width: 306.358px;\">Fins al 27 de juliol<\/td>\n<\/tr>\n<tr style=\"height: 21px;\">\n<td style=\"height: 21px; text-align: left; width: 415px;\"><strong>Matr\u00edcula<\/strong><\/td>\n<td style=\"height: 21px; text-align: center; width: 306.358px;\">Del 18 al 27 de juliol<\/td>\n<\/tr>\n<tr style=\"height: 21px;\">\n<td style=\"height: 21px; text-align: left; width: 415px;\"><strong>Asignaci\u00f3 de places vacants:<\/strong><\/td>\n<td style=\"height: 21px; text-align: center; width: 306.358px;\"><\/td>\n<\/tr>\n<tr style=\"height: 21px;\">\n<td style=\"height: 21px; text-align: left; width: 415px;\">Fase 1 (nom\u00e9s per als que hagen participat en el proc\u00e9s d&#8217;admissi\u00f3)<\/td>\n<td style=\"height: 21px; text-align: center; width: 306.358px;\">De l&#8217;11 al 21 de setembre<\/td>\n<\/tr>\n<tr style=\"height: 21px;\">\n<td style=\"height: 21px; text-align: left; width: 415px;\"><span style=\"font-weight: 400;\">Fase 2 (per a qualsevol interessat que complisca els requisits d&#8217;acc\u00e9s encara que no haja participat en el proc\u00e9s d&#8217;admissi\u00f3)<\/span><\/td>\n<td style=\"height: 21px; text-align: center; width: 306.358px;\">Del 25 de setembre al 8 d\u2019octubre<\/td>\n<\/tr>\n<\/tbody>\n<\/table>\n<h3><b>INSTRUCCIONS PER A REALITZAR LA SOL\u00b7LICITUD: <\/b><\/h3>\n<p><span style=\"font-weight: 400;\">Durant el termini de presentaci\u00f3 de sol\u00b7licituds (Del 18 al 31 de maig) s&#8217;habilitar\u00e0 en la <a href=\"http:\/\/www.ceice.gva.es\/va\/\">p\u00e0gina web de Conselleria d&#8217;Educaci\u00f3<\/a> una plataforma per a realitzar la sol\u00b7licitud. Una vegada realitzada, haureu de presentar-la en el mateix termini en Secretaria (C\/Madrid, 7 de Moncada) <\/span><\/p>\n<h3><b>REQUISITS ACAD\u00c8MICS GRAU MITJ\u00c0: <\/b><\/h3>\n<p style=\"text-align: justify;\"><strong>Acc\u00e9s directe:<\/strong><\/p>\n<ul>\n<li style=\"font-weight: 400;\"><span style=\"font-weight: 400;\">Estar en possessi\u00f3 del t\u00edtol de Graduat en Educaci\u00f3 Secund\u00e0ria Obligat\u00f2ria o estar en possessi\u00f3 del T\u00edtol Professional B\u00e0sic. <\/span><\/li>\n<li style=\"font-weight: 400;\"><span style=\"font-weight: 400;\">Posseir el t\u00edtol de T\u00e8cnic Auxiliar <\/span><\/li>\n<li style=\"font-weight: 400;\"><span style=\"font-weight: 400;\">Posseir el t\u00edtol de T\u00e8cnic.<\/span><\/li>\n<li style=\"font-weight: 400;\"><span style=\"font-weight: 400;\">Haver superat el segon curs del Batxillerat Unificat i Polivalent o acreditar un nombre de dos assignatures pendents com a m\u00e0xim en els dos primers cursos. <\/span><\/li>\n<li style=\"font-weight: 400;\"><span style=\"font-weight: 400;\">Haver superat el segon curs del primer cicle experimental de la Reforma de les Ensenyances Mitges. <\/span><\/li>\n<li style=\"font-weight: 400;\"><span style=\"font-weight: 400;\">Haver superat el tercer curs del Pla d&#8217;Estudis de 1963, o segon curs de comuns experimental de les ensenyances d&#8217;Arts Aplicades i Oficis Art\u00edstics.<\/span><\/li>\n<li style=\"font-weight: 400;\"><span style=\"font-weight: 400;\">Haver superat el Batxiller. <\/span><\/li>\n<li style=\"font-weight: 400;\"><span style=\"font-weight: 400;\">Posseir el t\u00edtol de T\u00e8cnic Superior o T\u00e8cnic Especialista. <\/span><\/li>\n<li style=\"font-weight: 400;\"><span style=\"font-weight: 400;\">Posseir una titulaci\u00f3 universit\u00e0ria o equivalent. <\/span><\/li>\n<li style=\"font-weight: 400;\"><span style=\"font-weight: 400;\">Posseir alguna de les titulacions equivalents per a l&#8217;acc\u00e9s als cicles formatius de grau superior.<\/span><\/li>\n<li style=\"font-weight: 400;\"><span style=\"font-weight: 400;\"> Haver superat altres estudis declarats equivalents a efectes acad\u00e8mics amb algun dels anteriors. <\/span><\/li>\n<\/ul>\n<p><span style=\"font-weight: 400;\"><strong>Acc\u00e9s per mitj\u00e0 d&#8217;un programa de qualificaci\u00f3 professional inicial:<\/strong> <\/span><\/p>\n<ul style=\"list-style-type: disc;\">\n<li><span style=\"font-weight: 400;\">Podr\u00e0 accedir als cicles formatius de grau mitj\u00e0 de Formaci\u00f3 Professional sense reunir el requisit mencionat en l&#8217;apartat 1.1 l&#8217;alumnat que haguera superat el primer nivell d&#8217;un programa de qualificaci\u00f3 professional inicial.<\/span><\/li>\n<\/ul>\n<p><span style=\"font-weight: 400;\"><strong>Acc\u00e9s per mitj\u00e0 de curs o prova (es requerir\u00e0 tindre d\u00e8sset anys com a m\u00ednim, complits l&#8217;any de superaci\u00f3 del curs i realitzaci\u00f3 de la prova, respectivament):<\/strong> <\/span><\/p>\n<ul>\n<li style=\"font-weight: 400;\"><span style=\"font-weight: 400;\">Haver superat el curs de formaci\u00f3 espec\u00edfic per a l&#8217;acc\u00e9s directe a cicles de grau mitj\u00e0. <\/span><\/li>\n<li style=\"font-weight: 400;\"><span style=\"font-weight: 400;\">Haver aprovat en qualsevol convocat\u00f2ria la prova d&#8217;acc\u00e9s als cicles formatius de grau mitj\u00e0. <\/span><\/li>\n<\/ul>\n<p><strong>Quedaran exempts de realitzar la prova:<\/strong><\/p>\n<ul>\n<li style=\"font-weight: 400;\"><span style=\"font-weight: 400;\">Els que hagueren superat el curs de formaci\u00f3 espec\u00edfic d&#8217;acc\u00e9s directe a cicles de grau mitj\u00e0. <\/span><\/li>\n<li style=\"font-weight: 400;\"><span style=\"font-weight: 400;\">Els que hagueren superat la prova d&#8217;acc\u00e9s a la universitat per a majors de 25 anys. <\/span><\/li>\n<li style=\"font-weight: 400;\"><span style=\"font-weight: 400;\">Els que hagueren superat la prova d&#8217;acc\u00e9s a la Formaci\u00f3 Professional de grau superior en qualsevol de les opcions. <\/span><\/li>\n<li style=\"font-weight: 400;\"><span style=\"font-weight: 400;\">Els que hagueren superat el primer nivell d&#8217;un programa de qualificaci\u00f3 professional inicial.<\/span><\/li>\n<\/ul>\n<h3><\/h3>\n<h3><b>REQUISITS ACAD\u00c8MICS GRAU SUPERIOR: <\/b><\/h3>\n<p><span style=\"font-weight: 400;\">Acc\u00e9s directe: <\/span><\/p>\n<ul>\n<li style=\"font-weight: 400;\"><span style=\"font-weight: 400;\">Estar en possessi\u00f3 del t\u00edtol de Batxiller o del t\u00edtol de T\u00e8cnic de Formaci\u00f3 Professional. <\/span><\/li>\n<li style=\"font-weight: 400;\"><span style=\"font-weight: 400;\">Haver superat el segon curs de qualsevol modalitat de Batxillerat Experimental. <\/span><\/li>\n<li style=\"font-weight: 400;\"><span style=\"font-weight: 400;\">Hagen superat el curs d&#8217;orientaci\u00f3 universit\u00e0ria o preuniversit\u00e0ria.<\/span><\/li>\n<li style=\"font-weight: 400;\"><span style=\"font-weight: 400;\">Posseir el t\u00edtol de T\u00e8cnic Especialista, T\u00e8cnic Superior o equivalent a efectes acad\u00e8mics. <\/span><\/li>\n<li style=\"font-weight: 400;\"><span style=\"font-weight: 400;\">Posseir una titulaci\u00f3 universit\u00e0ria o equivalent.<\/span><\/li>\n<\/ul>\n<p><span style=\"font-weight: 400;\"><a href=\"https:\/\/colegio.sanjaimemoncada.es\/pruebas-acceso-ciclos-formativos\/\">Acc\u00e9s per mitj\u00e0 de prova i altres vies d&#8217;acc\u00e9s:<\/a> <\/span><\/p>\n<ul>\n<li style=\"font-weight: 400;\"><span style=\"font-weight: 400;\">Haver aprovat en qualsevol convocat\u00f2ria la prova d&#8217;acc\u00e9s als cicles formatius de grau superior. Per a accedir per esta via es requerir\u00e0 tindre 19 anys complits l&#8217;any natural de realitzaci\u00f3 de la prova. <\/span><\/li>\n<li style=\"font-weight: 400;\"><span style=\"font-weight: 400;\">Quedaran exempts de realitzar la prova: Els que hagueren superat la prova d&#8217;acc\u00e9s a la universitat per a majors de 25 anys. <\/span><\/li>\n<li style=\"font-weight: 400;\"><span style=\"font-weight: 400;\">Tamb\u00e9 podran accedir acollint-se a la quota de places oferides per prova d&#8217;acc\u00e9s i altres vies d&#8217;acc\u00e9s aquells sol\u00b7licitants que estant en possessi\u00f3 del t\u00edtol de T\u00e8cnic de Formaci\u00f3 Professional tinguen superada la prova d&#8217;acc\u00e9s o opten per realitzar-la i la superen, i en este cas es requerir\u00e0 tindre 18 anys complits l&#8217;any de realitzaci\u00f3 de la prova.<\/span><\/li>\n<\/ul>\n<p style=\"text-align: justify;\"><a href=\"https:\/\/www.dogv.gva.es\/datos\/2018\/04\/09\/pdf\/2018_3470.pdf\" target=\"_blank\" rel=\"noopener\"><span style=\"font-weight: 400;\">RESOLUCI\u00d3 de 29 de mar\u00e7 de 2018, de la Secretaria Auton\u00f2mica d&#8217;Educaci\u00f3 i Investigaci\u00f3, per la qual s&#8217;establix el calendari i el procediment d&#8217;admissi\u00f3 i matr\u00edcula de l&#8217;alumnat en les ensenyances de Formaci\u00f3 Professional B\u00e0sica, de grau mitj\u00e0 i de grau superior, en centres p\u00fablics i centres privats amb cicles formatius sostinguts amb fons p\u00fablics no universitaris; en els programes formatius de qualificaci\u00f3 b\u00e0sica finan\u00e7ats amb fons p\u00fablics i en els cicles de Formaci\u00f3 Professional B\u00e0sica en instituts d&#8217;Educaci\u00f3 Secund\u00e0ria i centres integrats p\u00fablics de Formaci\u00f3 Professional de la Comunitat Valenciana, dirigides a beneficiaris del Pla d&#8217;ocupaci\u00f3 juvenil per al curs 2018-2019. [2018\/3470]. <\/span><\/a><\/p>\n<p style=\"text-align: justify;\"><a href=\"http:\/\/www.dogv.gva.es\/datos\/2016\/06\/03\/pdf\/2016_4016.pdf\"><span style=\"font-weight: 400;\">ORDE 18\/2016, d&#8217;1 de juny, de la Conselleria d&#8217;Educaci\u00f3, Investigaci\u00f3, Cultura i Esport, per la qual es regula l&#8217;acc\u00e9s, l&#8217;admissi\u00f3 i matr\u00edcula a ensenyances de grau mitj\u00e0 i de grau superior de Formaci\u00f3 Professional en la Comunitat Valenciana [2016\/4016].<\/span><\/a><\/p>\n","protected":false},"excerpt":{"rendered":"<p>&nbsp; CALENDARI D&#8217;ADMISSI\u00d3: Cicles Formatius Jornada de portes obertes 25 d&#8217;abril \u2013 10:00 i 18:00 Presentaci\u00f3 de sol\u00b7licituds 18 al 31 de maig Presentaci\u00f3 del requisit acad\u00e8mic Sol\u00b7licitants que al juny reunisquen els requisits acad\u00e8mics: del 20 al 27 de juny Resta de sol\u00b7licitants: fins al 9 de juliol a les 13:00 h. Elaboraci\u00f3 i [&hellip;]<\/p>\n","protected":false},"author":7,"featured_media":9380,"parent":0,"menu_order":0,"comment_status":"closed","ping_status":"closed","template":"","meta":{"_monsterinsights_skip_tracking":false,"_monsterinsights_sitenote_active":false,"_monsterinsights_sitenote_note":"","_monsterinsights_sitenote_category":0,"footnotes":""},"class_list":["post-9379","page","type-page","status-publish","has-post-thumbnail","hentry"],"yoast_head":"<!-- This site is optimized with the Yoast SEO plugin v26.2 - https:\/\/yoast.com\/wordpress\/plugins\/seo\/ -->\n<title>Admissi\u00f3 Cicles Formatius - C. Parroquial San Jaime Ap\u00f3stol<\/title>\n<meta name=\"robots\" content=\"index, follow, max-snippet:-1, max-image-preview:large, max-video-preview:-1\" \/>\n<link rel=\"canonical\" href=\"https:\/\/colegio.sanjaimemoncada.es\/admision-ciclos-formativos\/\" \/>\n<meta property=\"og:locale\" content=\"en_US\" \/>\n<meta property=\"og:type\" content=\"article\" \/>\n<meta property=\"og:title\" content=\"Admissi\u00f3 Cicles Formatius - C. Parroquial San Jaime Ap\u00f3stol\" \/>\n<meta property=\"og:description\" content=\"&nbsp; CALENDARI D&#8217;ADMISSI\u00d3: Cicles Formatius Jornada de portes obertes 25 d&#8217;abril \u2013 10:00 i 18:00 Presentaci\u00f3 de sol\u00b7licituds 18 al 31 de maig Presentaci\u00f3 del requisit acad\u00e8mic Sol\u00b7licitants que al juny reunisquen els requisits acad\u00e8mics: del 20 al 27 de juny Resta de sol\u00b7licitants: fins al 9 de juliol a les 13:00 h. Elaboraci\u00f3 i [&hellip;]\" \/>\n<meta property=\"og:url\" content=\"https:\/\/colegio.sanjaimemoncada.es\/admision-ciclos-formativos\/\" \/>\n<meta property=\"og:site_name\" content=\"C. Parroquial San Jaime Ap\u00f3stol\" \/>\n<meta property=\"article:modified_time\" content=\"2019-02-10T18:27:05+00:00\" \/>\n<meta property=\"og:image\" content=\"https:\/\/colegio.sanjaimemoncada.es\/wp-content\/uploads\/2018\/03\/Cartel-Web-Admisi\u00f3n.png\" \/>\n\t<meta property=\"og:image:width\" content=\"1279\" \/>\n\t<meta property=\"og:image:height\" content=\"841\" \/>\n\t<meta property=\"og:image:type\" content=\"image\/png\" \/>\n<meta name=\"twitter:card\" content=\"summary_large_image\" \/>\n<meta name=\"twitter:label1\" content=\"Est. reading time\" \/>\n\t<meta name=\"twitter:data1\" content=\"5 minutes\" \/>\n<script type=\"application\/ld+json\" class=\"yoast-schema-graph\">{\"@context\":\"https:\/\/schema.org\",\"@graph\":[{\"@type\":\"WebPage\",\"@id\":\"https:\/\/colegio.sanjaimemoncada.es\/admision-ciclos-formativos\/\",\"url\":\"https:\/\/colegio.sanjaimemoncada.es\/admision-ciclos-formativos\/\",\"name\":\"Admissi\u00f3 Cicles Formatius - C. Parroquial San Jaime Ap\u00f3stol\",\"isPartOf\":{\"@id\":\"https:\/\/colegio.sanjaimemoncada.es\/#website\"},\"primaryImageOfPage\":{\"@id\":\"https:\/\/colegio.sanjaimemoncada.es\/admision-ciclos-formativos\/#primaryimage\"},\"image\":{\"@id\":\"https:\/\/colegio.sanjaimemoncada.es\/admision-ciclos-formativos\/#primaryimage\"},\"thumbnailUrl\":\"https:\/\/colegio.sanjaimemoncada.es\/wp-content\/uploads\/2018\/03\/Cartel-Web-Admisi\u00f3n.png\",\"datePublished\":\"2017-05-10T08:18:20+00:00\",\"dateModified\":\"2019-02-10T18:27:05+00:00\",\"breadcrumb\":{\"@id\":\"https:\/\/colegio.sanjaimemoncada.es\/admision-ciclos-formativos\/#breadcrumb\"},\"inLanguage\":\"va\",\"potentialAction\":[{\"@type\":\"ReadAction\",\"target\":[\"https:\/\/colegio.sanjaimemoncada.es\/admision-ciclos-formativos\/\"]}]},{\"@type\":\"ImageObject\",\"inLanguage\":\"va\",\"@id\":\"https:\/\/colegio.sanjaimemoncada.es\/admision-ciclos-formativos\/#primaryimage\",\"url\":\"https:\/\/colegio.sanjaimemoncada.es\/wp-content\/uploads\/2018\/03\/Cartel-Web-Admisi\u00f3n.png\",\"contentUrl\":\"https:\/\/colegio.sanjaimemoncada.es\/wp-content\/uploads\/2018\/03\/Cartel-Web-Admisi\u00f3n.png\",\"width\":1279,\"height\":841},{\"@type\":\"BreadcrumbList\",\"@id\":\"https:\/\/colegio.sanjaimemoncada.es\/admision-ciclos-formativos\/#breadcrumb\",\"itemListElement\":[{\"@type\":\"ListItem\",\"position\":1,\"name\":\"Portada\",\"item\":\"https:\/\/colegio.sanjaimemoncada.es\/va\/\"},{\"@type\":\"ListItem\",\"position\":2,\"name\":\"Admissi\u00f3 Cicles Formatius\"}]},{\"@type\":\"WebSite\",\"@id\":\"https:\/\/colegio.sanjaimemoncada.es\/#website\",\"url\":\"https:\/\/colegio.sanjaimemoncada.es\/\",\"name\":\"C. Parroquial San Jaime Ap\u00f3stol\",\"description\":\"\",\"potentialAction\":[{\"@type\":\"SearchAction\",\"target\":{\"@type\":\"EntryPoint\",\"urlTemplate\":\"https:\/\/colegio.sanjaimemoncada.es\/?s={search_term_string}\"},\"query-input\":{\"@type\":\"PropertyValueSpecification\",\"valueRequired\":true,\"valueName\":\"search_term_string\"}}],\"inLanguage\":\"va\"}]}<\/script>\n<!-- \/ Yoast SEO plugin. -->","yoast_head_json":{"title":"Admissi\u00f3 Cicles Formatius - C. Parroquial San Jaime Ap\u00f3stol","robots":{"index":"index","follow":"follow","max-snippet":"max-snippet:-1","max-image-preview":"max-image-preview:large","max-video-preview":"max-video-preview:-1"},"canonical":"https:\/\/colegio.sanjaimemoncada.es\/admision-ciclos-formativos\/","og_locale":"en_US","og_type":"article","og_title":"Admissi\u00f3 Cicles Formatius - C. Parroquial San Jaime Ap\u00f3stol","og_description":"&nbsp; CALENDARI D&#8217;ADMISSI\u00d3: Cicles Formatius Jornada de portes obertes 25 d&#8217;abril \u2013 10:00 i 18:00 Presentaci\u00f3 de sol\u00b7licituds 18 al 31 de maig Presentaci\u00f3 del requisit acad\u00e8mic Sol\u00b7licitants que al juny reunisquen els requisits acad\u00e8mics: del 20 al 27 de juny Resta de sol\u00b7licitants: fins al 9 de juliol a les 13:00 h. Elaboraci\u00f3 i [&hellip;]","og_url":"https:\/\/colegio.sanjaimemoncada.es\/admision-ciclos-formativos\/","og_site_name":"C. Parroquial San Jaime Ap\u00f3stol","article_modified_time":"2019-02-10T18:27:05+00:00","og_image":[{"width":1279,"height":841,"url":"https:\/\/colegio.sanjaimemoncada.es\/wp-content\/uploads\/2018\/03\/Cartel-Web-Admisi\u00f3n.png","type":"image\/png"}],"twitter_card":"summary_large_image","twitter_misc":{"Est. reading time":"5 minutes"},"schema":{"@context":"https:\/\/schema.org","@graph":[{"@type":"WebPage","@id":"https:\/\/colegio.sanjaimemoncada.es\/admision-ciclos-formativos\/","url":"https:\/\/colegio.sanjaimemoncada.es\/admision-ciclos-formativos\/","name":"Admissi\u00f3 Cicles Formatius - C. Parroquial San Jaime Ap\u00f3stol","isPartOf":{"@id":"https:\/\/colegio.sanjaimemoncada.es\/#website"},"primaryImageOfPage":{"@id":"https:\/\/colegio.sanjaimemoncada.es\/admision-ciclos-formativos\/#primaryimage"},"image":{"@id":"https:\/\/colegio.sanjaimemoncada.es\/admision-ciclos-formativos\/#primaryimage"},"thumbnailUrl":"https:\/\/colegio.sanjaimemoncada.es\/wp-content\/uploads\/2018\/03\/Cartel-Web-Admisi\u00f3n.png","datePublished":"2017-05-10T08:18:20+00:00","dateModified":"2019-02-10T18:27:05+00:00","breadcrumb":{"@id":"https:\/\/colegio.sanjaimemoncada.es\/admision-ciclos-formativos\/#breadcrumb"},"inLanguage":"va","potentialAction":[{"@type":"ReadAction","target":["https:\/\/colegio.sanjaimemoncada.es\/admision-ciclos-formativos\/"]}]},{"@type":"ImageObject","inLanguage":"va","@id":"https:\/\/colegio.sanjaimemoncada.es\/admision-ciclos-formativos\/#primaryimage","url":"https:\/\/colegio.sanjaimemoncada.es\/wp-content\/uploads\/2018\/03\/Cartel-Web-Admisi\u00f3n.png","contentUrl":"https:\/\/colegio.sanjaimemoncada.es\/wp-content\/uploads\/2018\/03\/Cartel-Web-Admisi\u00f3n.png","width":1279,"height":841},{"@type":"BreadcrumbList","@id":"https:\/\/colegio.sanjaimemoncada.es\/admision-ciclos-formativos\/#breadcrumb","itemListElement":[{"@type":"ListItem","position":1,"name":"Portada","item":"https:\/\/colegio.sanjaimemoncada.es\/va\/"},{"@type":"ListItem","position":2,"name":"Admissi\u00f3 Cicles Formatius"}]},{"@type":"WebSite","@id":"https:\/\/colegio.sanjaimemoncada.es\/#website","url":"https:\/\/colegio.sanjaimemoncada.es\/","name":"C. Parroquial San Jaime Ap\u00f3stol","description":"","potentialAction":[{"@type":"SearchAction","target":{"@type":"EntryPoint","urlTemplate":"https:\/\/colegio.sanjaimemoncada.es\/?s={search_term_string}"},"query-input":{"@type":"PropertyValueSpecification","valueRequired":true,"valueName":"search_term_string"}}],"inLanguage":"va"}]}},"_links":{"self":[{"href":"https:\/\/colegio.sanjaimemoncada.es\/va\/wp-json\/wp\/v2\/pages\/9379","targetHints":{"allow":["GET"]}}],"collection":[{"href":"https:\/\/colegio.sanjaimemoncada.es\/va\/wp-json\/wp\/v2\/pages"}],"about":[{"href":"https:\/\/colegio.sanjaimemoncada.es\/va\/wp-json\/wp\/v2\/types\/page"}],"author":[{"embeddable":true,"href":"https:\/\/colegio.sanjaimemoncada.es\/va\/wp-json\/wp\/v2\/users\/7"}],"replies":[{"embeddable":true,"href":"https:\/\/colegio.sanjaimemoncada.es\/va\/wp-json\/wp\/v2\/comments?post=9379"}],"version-history":[{"count":2,"href":"https:\/\/colegio.sanjaimemoncada.es\/va\/wp-json\/wp\/v2\/pages\/9379\/revisions"}],"predecessor-version":[{"id":12038,"href":"https:\/\/colegio.sanjaimemoncada.es\/va\/wp-json\/wp\/v2\/pages\/9379\/revisions\/12038"}],"wp:featuredmedia":[{"embeddable":true,"href":"https:\/\/colegio.sanjaimemoncada.es\/va\/wp-json\/wp\/v2\/media\/9380"}],"wp:attachment":[{"href":"https:\/\/colegio.sanjaimemoncada.es\/va\/wp-json\/wp\/v2\/media?parent=9379"}],"curies":[{"name":"wp","href":"https:\/\/api.w.org\/{rel}","templated":true}]}}