{"id":9228,"date":"2016-04-06T16:50:32","date_gmt":"2016-04-06T16:50:32","guid":{"rendered":"https:\/\/colegio.sanjaimemoncada.es\/contacto\/"},"modified":"2018-11-21T19:10:06","modified_gmt":"2018-11-21T18:10:06","slug":"contacte","status":"publish","type":"page","link":"https:\/\/colegio.sanjaimemoncada.es\/va\/contacte\/","title":{"rendered":"Contacte"},"content":{"rendered":"<div class=\"row\">\n<div class=\"col-sm-6\">Per a qualsevol consulta posa&#8217;t en contacte amb nosaltres a trav\u00e9s del formulari, seleccionant el destinatari.<\/div>\n<div class=\"col-sm-6\">\n<div class=\"wpcf7 no-js\" id=\"wpcf7-f9244-o1\" lang=\"es-ES\" dir=\"ltr\" data-wpcf7-id=\"9244\">\n<div class=\"screen-reader-response\"><p role=\"status\" aria-live=\"polite\" aria-atomic=\"true\"><\/p> <ul><\/ul><\/div>\n<form action=\"\/va\/wp-json\/wp\/v2\/pages\/9228#wpcf7-f9244-o1\" method=\"post\" class=\"wpcf7-form init\" aria-label=\"Contact form\" novalidate=\"novalidate\" data-status=\"init\">\n<fieldset class=\"hidden-fields-container\"><input type=\"hidden\" name=\"_wpcf7\" value=\"9244\" \/><input type=\"hidden\" name=\"_wpcf7_version\" value=\"6.1.3\" \/><input type=\"hidden\" name=\"_wpcf7_locale\" value=\"es_ES\" \/><input type=\"hidden\" name=\"_wpcf7_unit_tag\" value=\"wpcf7-f9244-o1\" \/><input type=\"hidden\" name=\"_wpcf7_container_post\" value=\"0\" \/><input type=\"hidden\" name=\"_wpcf7_posted_data_hash\" value=\"\" \/>\n<\/fieldset>\n<p>Destinatari: <span class=\"wpcf7-form-control-wrap\" data-name=\"your-recipient\"><select class=\"wpcf7-form-control wpcf7-select\" aria-invalid=\"false\" name=\"your-recipient\"><option value=\"Administraci\u00f3\">Administraci\u00f3<\/option><option value=\"Secretaria\">Secretaria<\/option><option value=\"Direcci\u00f3 Infantil-Prim\u00e0ria\">Direcci\u00f3 Infantil-Prim\u00e0ria<\/option><option value=\"Direcci\u00f3 ESO-Batxillerat\">Direcci\u00f3 ESO-Batxillerat<\/option><option value=\"Direcci\u00f3 Cicles formatius\">Direcci\u00f3 Cicles formatius<\/option><\/select><\/span>\n<\/p>\n<p>Nom (requerit)\n<\/p>\n<p><span class=\"wpcf7-form-control-wrap\" data-name=\"your-name\"><input size=\"40\" maxlength=\"400\" class=\"wpcf7-form-control wpcf7-text wpcf7-validates-as-required\" aria-required=\"true\" aria-invalid=\"false\" value=\"\" type=\"text\" name=\"your-name\" \/><\/span>\n<\/p>\n<p>Correu electr\u00f2nic (requerit)\n<\/p>\n<p><span class=\"wpcf7-form-control-wrap\" data-name=\"your-email\"><input size=\"40\" maxlength=\"400\" class=\"wpcf7-form-control wpcf7-email wpcf7-validates-as-required wpcf7-text wpcf7-validates-as-email\" aria-required=\"true\" aria-invalid=\"false\" value=\"\" type=\"email\" name=\"your-email\" \/><\/span>\n<\/p>\n<p>Assumpte\n<\/p>\n<p><span class=\"wpcf7-form-control-wrap\" data-name=\"your-subject\"><input size=\"40\" maxlength=\"400\" class=\"wpcf7-form-control wpcf7-text\" aria-invalid=\"false\" value=\"\" type=\"text\" name=\"your-subject\" \/><\/span>\n<\/p>\n<p>Missatge\n<\/p>\n<p><span class=\"wpcf7-form-control-wrap\" data-name=\"your-message\"><textarea cols=\"40\" rows=\"4\" maxlength=\"2000\" class=\"wpcf7-form-control wpcf7-textarea\" aria-invalid=\"false\" name=\"your-message\"><\/textarea><\/span>\n<\/p>\n<p><span id=\"wpcf7-69dc303993f28-wrapper\" class=\"wpcf7-form-control-wrap email-wrap\" style=\"display:none !important; visibility:hidden !important;\"><label for=\"wpcf7-69dc303993f28-field\" class=\"hp-message\">Please leave this field empty.<\/label><input id=\"wpcf7-69dc303993f28-field\"  class=\"wpcf7-form-control wpcf7-text\" type=\"text\" name=\"email\" value=\"\" size=\"40\" tabindex=\"-1\" autocomplete=\"new-password\" \/><\/span><br \/>\n<span class=\"wpcf7-form-control-wrap\" data-name=\"acceptance-8\"><span class=\"wpcf7-form-control wpcf7-acceptance\"><span class=\"wpcf7-list-item\"><input type=\"checkbox\" name=\"acceptance-8\" value=\"1\" aria-invalid=\"false\" \/><\/span><\/span><\/span> He llegit i accepte la <a href=\"https:\/\/colegio.sanjaimemoncada.es\/va\/aviso-legal\/\" target=\"_blank\">Pol\u00edtica de privadesa <\/a>\n<\/p>\n<p><input class=\"wpcf7-form-control wpcf7-submit has-spinner\" type=\"submit\" value=\"Enviar\" \/>\n<\/p>\n<div style=\"margin-top:20px;margin-bottom:30px;\">\n\t<p><strong>Informaci\u00f3 sobre protecci\u00f3 de dades<\/strong>\n\t<\/p>\n\t<p><strong>Responsable de les dades:<\/strong>\u00a0 Prodat Valencia.<br \/>\n<strong>Finalitat:<\/strong>\u00a0Respondre a sol\u00b7licituds del formulari.<br \/>\n<strong>Legitimaci\u00f3:<\/strong>\u00a0El teu consentiment expr\u00e9s.<br \/>\n<strong>Destinatari:<\/strong> Col\u00b7legi Parroquial Sant Jaume Ap\u00f2stol. No se cediran dades a tercers, excepte obligaci\u00f3 legal.<br \/>\n<strong>Drets:<\/strong>\u00a0Acc\u00e9s, rectificaci\u00f3, supressi\u00f3, anonimat, portabilitat i oblit de les seues dades.<br \/>\nM\u00e9s informaci\u00f3 sobre la protecci\u00f3 de dades en la nostra <a href=\"https:\/\/colegio.sanjaimemoncada.es\/va\/aviso-legal\/\" target=\"_blank\">Pol\u00edtica de privadesa<\/a>\n\t<\/p>\n<\/div><p style=\"display: none !important;\" class=\"akismet-fields-container\" data-prefix=\"_wpcf7_ak_\"><label>&#916;<textarea name=\"_wpcf7_ak_hp_textarea\" cols=\"45\" rows=\"8\" maxlength=\"100\"><\/textarea><\/label><input type=\"hidden\" id=\"ak_js_1\" name=\"_wpcf7_ak_js\" value=\"191\"\/><script>document.getElementById( \"ak_js_1\" ).setAttribute( \"value\", ( new Date() ).getTime() );<\/script><\/p><div class=\"wpcf7-response-output\" aria-hidden=\"true\"><\/div>\n<\/form>\n<\/div>\n<\/div>\n<\/div>\n<div class=\"row\">\n<div class=\"col-md-12\"><script src=\"http:\/\/maps.google.com\/maps\/api\/js?key=AIzaSyCnWCVkGqNytR7ShNqDEjGP_817HSXkVik\" type=\"text\/javascript\"><\/script><br \/>\n<script type=\"text\/javascript\">\nvar myCenter=new google.maps.LatLng(39.54707,-0.3984500000000253);\nvar marker = new google.maps.Marker({\nposition: myCenter\n, title: 'C. Parroquial Sant Jaume Ap\u00f2stol'\n, url: 'https:\/\/goo.gl\/maps\/oM8a8b4RML62'\n, animation: google.maps.Animation.DROP\n,});\nwindow.onload = function() {\nvar mapOptions = {\ncenter: myCenter,\nzoom: 15,\nmapTypeId: google.maps.MapTypeId.ROADMAP,\npanControl: false,\nzoomControl: false,\nscaleControl: false,\n};\nvar map = new google.maps.Map(document.getElementById(\"map_canvas\"), mapOptions);\nmarker.setMap(map);\nvar infowindow = new google.maps.InfoWindow({ content: '<strong>C. Parroquial Sant Jaume Ap\u00f2stol<\/strong><br \/>Calle Madrid, 7 - 46113 Moncada (Valencia)' }); \ninfowindow.open(map, marker);\n};\ngoogle.maps.event.addListener(marker, 'click', function() {window.open(marker.url, '_blank');})\n<\/script><\/p>\n<div id=\"map_canvas\"><\/div>\n<\/div>\n<\/div>\n","protected":false},"excerpt":{"rendered":"<p>Per a qualsevol consulta posa&#8217;t en contacte amb nosaltres a trav\u00e9s del formulari, seleccionant el destinatari.<\/p>\n","protected":false},"author":4,"featured_media":0,"parent":0,"menu_order":0,"comment_status":"closed","ping_status":"closed","template":"","meta":{"_monsterinsights_skip_tracking":false,"_monsterinsights_sitenote_active":false,"_monsterinsights_sitenote_note":"","_monsterinsights_sitenote_category":0,"footnotes":""},"class_list":["post-9228","page","type-page","status-publish","hentry"],"yoast_head":"<!-- This site is optimized with the Yoast SEO plugin v26.2 - https:\/\/yoast.com\/wordpress\/plugins\/seo\/ -->\n<title>Contacte - C. Parroquial San Jaime Ap\u00f3stol<\/title>\n<meta name=\"robots\" content=\"index, follow, max-snippet:-1, max-image-preview:large, max-video-preview:-1\" \/>\n<link rel=\"canonical\" href=\"https:\/\/colegio.sanjaimemoncada.es\/contacto\/\" \/>\n<meta property=\"og:locale\" content=\"en_US\" \/>\n<meta property=\"og:type\" content=\"article\" \/>\n<meta property=\"og:title\" content=\"Contacte - C. Parroquial San Jaime Ap\u00f3stol\" \/>\n<meta property=\"og:description\" content=\"Per a qualsevol consulta posa&#8217;t en contacte amb nosaltres a trav\u00e9s del formulari, seleccionant el destinatari.\" \/>\n<meta property=\"og:url\" content=\"https:\/\/colegio.sanjaimemoncada.es\/contacto\/\" \/>\n<meta property=\"og:site_name\" content=\"C. Parroquial San Jaime Ap\u00f3stol\" \/>\n<meta property=\"article:modified_time\" content=\"2018-11-21T18:10:06+00:00\" \/>\n<meta name=\"twitter:card\" content=\"summary_large_image\" \/>\n<script type=\"application\/ld+json\" class=\"yoast-schema-graph\">{\"@context\":\"https:\/\/schema.org\",\"@graph\":[{\"@type\":\"WebPage\",\"@id\":\"https:\/\/colegio.sanjaimemoncada.es\/contacto\/\",\"url\":\"https:\/\/colegio.sanjaimemoncada.es\/contacto\/\",\"name\":\"Contacte - C. Parroquial San Jaime Ap\u00f3stol\",\"isPartOf\":{\"@id\":\"https:\/\/colegio.sanjaimemoncada.es\/#website\"},\"datePublished\":\"2016-04-06T16:50:32+00:00\",\"dateModified\":\"2018-11-21T18:10:06+00:00\",\"breadcrumb\":{\"@id\":\"https:\/\/colegio.sanjaimemoncada.es\/contacto\/#breadcrumb\"},\"inLanguage\":\"va\",\"potentialAction\":[{\"@type\":\"ReadAction\",\"target\":[\"https:\/\/colegio.sanjaimemoncada.es\/contacto\/\"]}]},{\"@type\":\"BreadcrumbList\",\"@id\":\"https:\/\/colegio.sanjaimemoncada.es\/contacto\/#breadcrumb\",\"itemListElement\":[{\"@type\":\"ListItem\",\"position\":1,\"name\":\"Portada\",\"item\":\"https:\/\/colegio.sanjaimemoncada.es\/va\/\"},{\"@type\":\"ListItem\",\"position\":2,\"name\":\"Contacte\"}]},{\"@type\":\"WebSite\",\"@id\":\"https:\/\/colegio.sanjaimemoncada.es\/#website\",\"url\":\"https:\/\/colegio.sanjaimemoncada.es\/\",\"name\":\"C. Parroquial San Jaime Ap\u00f3stol\",\"description\":\"\",\"potentialAction\":[{\"@type\":\"SearchAction\",\"target\":{\"@type\":\"EntryPoint\",\"urlTemplate\":\"https:\/\/colegio.sanjaimemoncada.es\/?s={search_term_string}\"},\"query-input\":{\"@type\":\"PropertyValueSpecification\",\"valueRequired\":true,\"valueName\":\"search_term_string\"}}],\"inLanguage\":\"va\"}]}<\/script>\n<!-- \/ Yoast SEO plugin. -->","yoast_head_json":{"title":"Contacte - C. Parroquial San Jaime Ap\u00f3stol","robots":{"index":"index","follow":"follow","max-snippet":"max-snippet:-1","max-image-preview":"max-image-preview:large","max-video-preview":"max-video-preview:-1"},"canonical":"https:\/\/colegio.sanjaimemoncada.es\/contacto\/","og_locale":"en_US","og_type":"article","og_title":"Contacte - C. Parroquial San Jaime Ap\u00f3stol","og_description":"Per a qualsevol consulta posa&#8217;t en contacte amb nosaltres a trav\u00e9s del formulari, seleccionant el destinatari.","og_url":"https:\/\/colegio.sanjaimemoncada.es\/contacto\/","og_site_name":"C. Parroquial San Jaime Ap\u00f3stol","article_modified_time":"2018-11-21T18:10:06+00:00","twitter_card":"summary_large_image","schema":{"@context":"https:\/\/schema.org","@graph":[{"@type":"WebPage","@id":"https:\/\/colegio.sanjaimemoncada.es\/contacto\/","url":"https:\/\/colegio.sanjaimemoncada.es\/contacto\/","name":"Contacte - C. Parroquial San Jaime Ap\u00f3stol","isPartOf":{"@id":"https:\/\/colegio.sanjaimemoncada.es\/#website"},"datePublished":"2016-04-06T16:50:32+00:00","dateModified":"2018-11-21T18:10:06+00:00","breadcrumb":{"@id":"https:\/\/colegio.sanjaimemoncada.es\/contacto\/#breadcrumb"},"inLanguage":"va","potentialAction":[{"@type":"ReadAction","target":["https:\/\/colegio.sanjaimemoncada.es\/contacto\/"]}]},{"@type":"BreadcrumbList","@id":"https:\/\/colegio.sanjaimemoncada.es\/contacto\/#breadcrumb","itemListElement":[{"@type":"ListItem","position":1,"name":"Portada","item":"https:\/\/colegio.sanjaimemoncada.es\/va\/"},{"@type":"ListItem","position":2,"name":"Contacte"}]},{"@type":"WebSite","@id":"https:\/\/colegio.sanjaimemoncada.es\/#website","url":"https:\/\/colegio.sanjaimemoncada.es\/","name":"C. Parroquial San Jaime Ap\u00f3stol","description":"","potentialAction":[{"@type":"SearchAction","target":{"@type":"EntryPoint","urlTemplate":"https:\/\/colegio.sanjaimemoncada.es\/?s={search_term_string}"},"query-input":{"@type":"PropertyValueSpecification","valueRequired":true,"valueName":"search_term_string"}}],"inLanguage":"va"}]}},"_links":{"self":[{"href":"https:\/\/colegio.sanjaimemoncada.es\/va\/wp-json\/wp\/v2\/pages\/9228","targetHints":{"allow":["GET"]}}],"collection":[{"href":"https:\/\/colegio.sanjaimemoncada.es\/va\/wp-json\/wp\/v2\/pages"}],"about":[{"href":"https:\/\/colegio.sanjaimemoncada.es\/va\/wp-json\/wp\/v2\/types\/page"}],"author":[{"embeddable":true,"href":"https:\/\/colegio.sanjaimemoncada.es\/va\/wp-json\/wp\/v2\/users\/4"}],"replies":[{"embeddable":true,"href":"https:\/\/colegio.sanjaimemoncada.es\/va\/wp-json\/wp\/v2\/comments?post=9228"}],"version-history":[{"count":3,"href":"https:\/\/colegio.sanjaimemoncada.es\/va\/wp-json\/wp\/v2\/pages\/9228\/revisions"}],"predecessor-version":[{"id":9245,"href":"https:\/\/colegio.sanjaimemoncada.es\/va\/wp-json\/wp\/v2\/pages\/9228\/revisions\/9245"}],"wp:attachment":[{"href":"https:\/\/colegio.sanjaimemoncada.es\/va\/wp-json\/wp\/v2\/media?parent=9228"}],"curies":[{"name":"wp","href":"https:\/\/api.w.org\/{rel}","templated":true}]}}