{"id":27462,"date":"2026-02-02T09:55:58","date_gmt":"2026-02-02T08:55:58","guid":{"rendered":"https:\/\/colegio.sanjaimemoncada.es\/admision-2026-2027\/"},"modified":"2026-02-02T09:58:49","modified_gmt":"2026-02-02T08:58:49","slug":"admision-2026-2027","status":"publish","type":"page","link":"https:\/\/colegio.sanjaimemoncada.es\/va\/admision-2026-2027\/","title":{"rendered":"Admisi\u00f3n 2026-2027"},"content":{"rendered":"<p><img loading=\"lazy\" decoding=\"async\" class=\"alignnone wp-image-27452 size-full\" src=\"https:\/\/colegio.sanjaimemoncada.es\/wp-content\/uploads\/2026\/02\/BANNER-ADMISION-26-27.png\" alt=\"Admisi\u00f3n Colegio 2026-2027\" width=\"1080\" height=\"400\" srcset=\"https:\/\/colegio.sanjaimemoncada.es\/wp-content\/uploads\/2026\/02\/BANNER-ADMISION-26-27.png 1080w, https:\/\/colegio.sanjaimemoncada.es\/wp-content\/uploads\/2026\/02\/BANNER-ADMISION-26-27-300x111.png 300w, https:\/\/colegio.sanjaimemoncada.es\/wp-content\/uploads\/2026\/02\/BANNER-ADMISION-26-27-1024x379.png 1024w, https:\/\/colegio.sanjaimemoncada.es\/wp-content\/uploads\/2026\/02\/BANNER-ADMISION-26-27-768x284.png 768w\" sizes=\"auto, (max-width: 1080px) 100vw, 1080px\" \/><\/p>\n<h4><\/h4>\n<h4 style=\"text-align: center; font-family: 'Fira Sans', sans-serif;\"><strong>Queridas Familias:<\/strong><\/h4>\n<h4 style=\"text-align: center; font-family: 'Fira Sans', sans-serif;\"><strong>El Colegio San Jaime Ap\u00f3stol cuenta con todas las Etapas Educativas<\/strong>\u00a0<strong>desde Infantil hasta Bachillerato y Ciclos Formativos, por lo que os acompa\u00f1aremos en todo el proceso educativo de vuestros hijos e hijas.<\/strong><\/h4>\n<h4 style=\"text-align: center; font-family: 'Fira Sans', sans-serif;\"><strong>En breve se abrir\u00e1 el plazo de solicitudes de admisi\u00f3n de alumnos para el curso 2026-2027.<\/strong><\/h4>\n<h4 style=\"text-align: center; font-family: 'Fira Sans', sans-serif;\"><strong>QUEREMOS AYUDAROS A TODOS<\/strong><\/h4>\n<h4 style=\"text-align: center; font-family: 'Fira Sans', sans-serif;\"><span style=\"font-family: Fira Sans, sans-serif;\">Os agradecemos vuestro inter\u00e9s por nosotros. Si dese\u00e1is solicitar informaci\u00f3n o ayuda en el proceso de admisi\u00f3n, completad el siguiente formulario y contactaremos con vosotros a la mayor brevedad posible.<\/span><\/h4>\n<p style=\"text-align: center;\">\n<div class=\"wpcf7 no-js\" id=\"wpcf7-f27459-o1\" lang=\"es-ES\" dir=\"ltr\" data-wpcf7-id=\"27459\">\n<div class=\"screen-reader-response\"><p role=\"status\" aria-live=\"polite\" aria-atomic=\"true\"><\/p> <ul><\/ul><\/div>\n<form action=\"\/va\/wp-json\/wp\/v2\/pages\/27462#wpcf7-f27459-o1\" method=\"post\" class=\"wpcf7-form init\" aria-label=\"Contact form\" novalidate=\"novalidate\" data-status=\"init\">\n<fieldset class=\"hidden-fields-container\"><input type=\"hidden\" name=\"_wpcf7\" value=\"27459\" \/><input type=\"hidden\" name=\"_wpcf7_version\" value=\"6.1.3\" \/><input type=\"hidden\" name=\"_wpcf7_locale\" value=\"es_ES\" \/><input type=\"hidden\" name=\"_wpcf7_unit_tag\" value=\"wpcf7-f27459-o1\" \/><input type=\"hidden\" name=\"_wpcf7_container_post\" value=\"0\" \/><input type=\"hidden\" name=\"_wpcf7_posted_data_hash\" value=\"\" \/>\n<\/fieldset>\n<p>Nombre *\n<\/p>\n<p><span class=\"wpcf7-form-control-wrap\" data-name=\"your-name\"><input size=\"40\" maxlength=\"400\" class=\"wpcf7-form-control wpcf7-text wpcf7-validates-as-required\" aria-required=\"true\" aria-invalid=\"false\" value=\"\" type=\"text\" name=\"your-name\" \/><\/span>\n<\/p>\n<p>Apellidos *\n<\/p>\n<p><span class=\"wpcf7-form-control-wrap\" data-name=\"your-surname\"><input size=\"40\" maxlength=\"400\" class=\"wpcf7-form-control wpcf7-text wpcf7-validates-as-required\" aria-required=\"true\" aria-invalid=\"false\" value=\"\" type=\"text\" name=\"your-surname\" \/><\/span>\n<\/p>\n<p>Correo electr\u00f3nico *\n<\/p>\n<p><span class=\"wpcf7-form-control-wrap\" data-name=\"your-email\"><input size=\"40\" maxlength=\"400\" class=\"wpcf7-form-control wpcf7-email wpcf7-validates-as-required wpcf7-text wpcf7-validates-as-email\" aria-required=\"true\" aria-invalid=\"false\" value=\"\" type=\"email\" name=\"your-email\" \/><\/span>\n<\/p>\n<p>Tel\u00e9fono *\n<\/p>\n<p><span class=\"wpcf7-form-control-wrap\" data-name=\"tel-366\"><input size=\"40\" maxlength=\"400\" class=\"wpcf7-form-control wpcf7-tel wpcf7-validates-as-required wpcf7-text wpcf7-validates-as-tel\" aria-required=\"true\" aria-invalid=\"false\" value=\"\" type=\"tel\" name=\"tel-366\" \/><\/span>\n<\/p>\n<p>Etapa y curso en la que est\u00e1s interesado: <span class=\"wpcf7-form-control-wrap\" data-name=\"your-recipient\"><select class=\"wpcf7-form-control wpcf7-select\" aria-invalid=\"false\" name=\"your-recipient\"><option value=\"\">&#8212;Please choose an option&#8212;<\/option><option value=\"Infantil-3 a\u00f1os\">Infantil-3 a\u00f1os<\/option><option value=\"Infantil-4 a\u00f1os\">Infantil-4 a\u00f1os<\/option><option value=\"Infantil-5 a\u00f1os\">Infantil-5 a\u00f1os<\/option><option value=\"Primaria-1\u00ba\">Primaria-1\u00ba<\/option><option value=\"Primaria-2\u00ba\">Primaria-2\u00ba<\/option><option value=\"Primaria-3\u00ba\">Primaria-3\u00ba<\/option><option value=\"Primaria-4\u00ba\">Primaria-4\u00ba<\/option><option value=\"Primaria-5\u00ba\">Primaria-5\u00ba<\/option><option value=\"Primaria-6\u00ba\">Primaria-6\u00ba<\/option><option value=\"Secundaria-1\u00ba\">Secundaria-1\u00ba<\/option><option value=\"Secundaria-2\u00ba\">Secundaria-2\u00ba<\/option><option value=\"Secundaria-3\u00ba\">Secundaria-3\u00ba<\/option><option value=\"Secundaria-4\u00ba\">Secundaria-4\u00ba<\/option><option value=\"Bachillerato-1\u00ba Humanidades\">Bachillerato-1\u00ba Humanidades<\/option><option value=\"Bachillerato-1\u00ba Ciencias\">Bachillerato-1\u00ba Ciencias<\/option><option value=\"Bachillerato-2\u00ba Humanidades\">Bachillerato-2\u00ba Humanidades<\/option><option value=\"Bachillerato-2\u00ba Ciencias\">Bachillerato-2\u00ba Ciencias<\/option><option value=\"Ciclos formativos - Grado Medio 1\u00ba Gesti\u00f3n Administrativa\">Ciclos formativos - Grado Medio 1\u00ba Gesti\u00f3n Administrativa<\/option><option value=\"Ciclos formativos - Grado Medio 2\u00ba Gesti\u00f3n Administrativa\">Ciclos formativos - Grado Medio 2\u00ba Gesti\u00f3n Administrativa<\/option><option value=\"Ciclos formativos - Grado Medio 1\u00ba Electromec\u00e1nica de Veh\u00edculos autopropulsados\">Ciclos formativos - Grado Medio 1\u00ba Electromec\u00e1nica de Veh\u00edculos autopropulsados<\/option><option value=\"Ciclos formativos - Grado Medio 2\u00ba Electromec\u00e1nica de Veh\u00edculos autopropulsados\">Ciclos formativos - Grado Medio 2\u00ba Electromec\u00e1nica de Veh\u00edculos autopropulsados<\/option><option value=\"Ciclos formativos - Grado Medio 1\u00ba Mecanizado\">Ciclos formativos - Grado Medio 1\u00ba Mecanizado<\/option><option value=\"Ciclos formativos - Grado Medio 2\u00ba Mecanizado\">Ciclos formativos - Grado Medio 2\u00ba Mecanizado<\/option><option value=\"Ciclos formativos - Grado Superior 1\u00ba Administraci\u00f3n y Finanzas\">Ciclos formativos - Grado Superior 1\u00ba Administraci\u00f3n y Finanzas<\/option><option value=\"Ciclos formativos - Grado Superior 2\u00ba Administraci\u00f3n y Finanzas\">Ciclos formativos - Grado Superior 2\u00ba Administraci\u00f3n y Finanzas<\/option><option value=\"Ciclos formativos - Grado Superior 1\u00ba Automoci\u00f3n\">Ciclos formativos - Grado Superior 1\u00ba Automoci\u00f3n<\/option><option value=\"Ciclos formativos - Grado Superior 2\u00ba Automoci\u00f3n\">Ciclos formativos - Grado Superior 2\u00ba Automoci\u00f3n<\/option><option value=\"Ciclos formativos - Grado Superior 1\u00ba Dise\u00f1o en Fabricaci\u00f3n Mec\u00e1nica\">Ciclos formativos - Grado Superior 1\u00ba Dise\u00f1o en Fabricaci\u00f3n Mec\u00e1nica<\/option><option value=\"Ciclos formativos - Grado Superior 2\u00ba Dise\u00f1o en Fabricaci\u00f3n Mec\u00e1nica\">Ciclos formativos - Grado Superior 2\u00ba Dise\u00f1o en Fabricaci\u00f3n Mec\u00e1nica<\/option><\/select><\/span>\n<\/p>\n<p>Colegio de procedencia\n<\/p>\n<p><span class=\"wpcf7-form-control-wrap\" data-name=\"textarea-34\"><textarea cols=\"40\" rows=\"1\" maxlength=\"2000\" class=\"wpcf7-form-control wpcf7-textarea\" aria-invalid=\"false\" name=\"textarea-34\"><\/textarea><\/span>\n<\/p>\n<p>Observaciones y tipo de informaci\u00f3n que se desea: Metodolog\u00eda, horarios, precios, etc..\n<\/p>\n<p><span class=\"wpcf7-form-control-wrap\" data-name=\"your-message\"><textarea cols=\"40\" rows=\"4\" maxlength=\"2000\" class=\"wpcf7-form-control wpcf7-textarea\" aria-invalid=\"false\" name=\"your-message\"><\/textarea><\/span>\n<\/p>\n<p><span id=\"wpcf7-69d823b3e7c73-wrapper\" class=\"wpcf7-form-control-wrap email-wrap\" style=\"display:none !important; visibility:hidden !important;\"><label for=\"wpcf7-69d823b3e7c73-field\" class=\"hp-message\">Please leave this field empty.<\/label><input id=\"wpcf7-69d823b3e7c73-field\"  class=\"wpcf7-form-control wpcf7-text\" type=\"text\" name=\"email\" value=\"\" size=\"40\" tabindex=\"-1\" autocomplete=\"new-password\" \/><\/span><span class=\"wpcf7-form-control-wrap\" data-name=\"acceptance-8\"><span class=\"wpcf7-form-control wpcf7-acceptance\"><span class=\"wpcf7-list-item\"><input type=\"checkbox\" name=\"acceptance-8\" value=\"1\" aria-invalid=\"false\" \/><\/span><\/span><\/span> He le\u00eddo y acepto la <a href=\"https:\/\/colegio.sanjaimemoncada.es\/aviso-legal\/\" target=\"_blank\">Pol\u00edtica de privacidad<\/a>\n<\/p>\n<p><input class=\"wpcf7-form-control wpcf7-submit has-spinner\" type=\"submit\" value=\"Enviar\" \/>\n<\/p>\n<div style=\"margin-top:20px;margin-bottom:30px;\">\n\t<p><strong>Informaci\u00f3n sobre protecci\u00f3n de datos<\/strong>\n\t<\/p>\n\t<p><strong>Responsable de los datos:<\/strong>\u00a0 Prodat Valencia.<br \/>\n<strong>Finalidad:<\/strong>\u00a0Responder a solicitudes del formulario.<br \/>\n<strong>Legitimaci\u00f3n:<\/strong>\u00a0Tu consentimiento expreso.<br \/>\n<strong>Destinatario:<\/strong> Colegio Parroquial Sant Jaume Ap\u00f2stol. No se ceder\u00e1n datos a terceros, salvo obligaci\u00f3n legal.<br \/>\n<strong>Derechos:<\/strong>\u00a0Acceso, rectificaci\u00f3n, supresi\u00f3n, anonimato, portabilidad y olvido de sus datos.<br \/>\nM\u00e1s informaci\u00f3n sobre la protecci\u00f3n de datos en nuestra <a href=\"https:\/\/colegio.sanjaimemoncada.es\/aviso-legal\/\" target=\"_blank\">Pol\u00edtica de privacidad<\/a>\n\t<\/p>\n<\/div><p style=\"display: none !important;\" class=\"akismet-fields-container\" data-prefix=\"_wpcf7_ak_\"><label>&#916;<textarea name=\"_wpcf7_ak_hp_textarea\" cols=\"45\" rows=\"8\" maxlength=\"100\"><\/textarea><\/label><input type=\"hidden\" id=\"ak_js_1\" name=\"_wpcf7_ak_js\" value=\"52\"\/><script>document.getElementById( \"ak_js_1\" ).setAttribute( \"value\", ( new Date() ).getTime() );<\/script><\/p><div class=\"wpcf7-response-output\" aria-hidden=\"true\"><\/div>\n<\/form>\n<\/div>\n\n<h2 style=\"text-align: center; font-family: 'Fira Sans', sans-serif;\"><span style=\"color: #017937;\"><strong>\u00a1Con\u00f3cenos!<\/strong><\/span><\/h2>\n<p style=\"text-align: center;\"><a href=\"https:\/\/colegio.sanjaimemoncada.es\/wp-content\/uploads\/2022\/03\/QUIENES-SOMOS-SAN-JAIME-MONCADA-CASTELLANO-202203.pdf\" class=\"su-button su-button-style-default\" style=\"color:#FFFFFF;background-color:#017937;border-color:#01612c;border-radius:9px\" target=\"_blank\" rel=\"noopener noreferrer\"><span style=\"color:#FFFFFF;padding:0px 24px;font-size:18px;line-height:36px;border-color:#4ea273;border-radius:9px;text-shadow:none\"> Qui\u00e9nes somos (Castellano)<\/span><\/a> <a href=\"https:\/\/colegio.sanjaimemoncada.es\/wp-content\/uploads\/2022\/03\/QUIENES-SOMOS-SAN-JAIME-MONCADA-VALENCIA-202203.pdf\" class=\"su-button su-button-style-default\" style=\"color:#FFFFFF;background-color:#017937;border-color:#01612c;border-radius:9px\" target=\"_blank\" rel=\"noopener noreferrer\"><span style=\"color:#FFFFFF;padding:0px 24px;font-size:18px;line-height:36px;border-color:#4ea273;border-radius:9px;text-shadow:none\"> Qui\u00e9nes somos (Valenci\u00e0)<\/span><\/a> <a href=\"https:\/\/colegio.sanjaimemoncada.es\/wp-content\/uploads\/2022\/03\/PERFIL-DE-SALIDA-DEL-ALUMNADO-SAN-JAIME-MONCADA-CAS-VAL-202203.pdf\" class=\"su-button su-button-style-default\" style=\"color:#FFFFFF;background-color:#017937;border-color:#01612c;border-radius:9px\" target=\"_blank\" rel=\"noopener noreferrer\"><span style=\"color:#FFFFFF;padding:0px 24px;font-size:18px;line-height:36px;border-color:#4ea273;border-radius:9px;text-shadow:none\"> Perfil de salida de nuestro alumnado<\/span><\/a>\n<div><\/div>\n<div>\n<h4 style=\"text-align: center; font-family: 'Fira Sans', sans-serif;\">Para cualquier duda, enviar un correo a: <a href=\"mailto:colegio@sanjaimemoncada.es\" target=\"_blank\" rel=\"noopener\"><strong>colegio@sanjaimemoncada.es<\/strong><\/a><\/h4>\n<\/div>\n<h4><\/h4>\n","protected":false},"excerpt":{"rendered":"<p>Queridas Familias: El Colegio San Jaime Ap\u00f3stol cuenta con todas las Etapas Educativas\u00a0desde Infantil hasta Bachillerato y Ciclos Formativos, por lo que os acompa\u00f1aremos en todo el proceso educativo de vuestros hijos e hijas. En breve se abrir\u00e1 el plazo de solicitudes de admisi\u00f3n de alumnos para el curso 2026-2027. QUEREMOS AYUDAROS A TODOS Os [&hellip;]<\/p>\n","protected":false},"author":3,"featured_media":0,"parent":0,"menu_order":0,"comment_status":"closed","ping_status":"closed","template":"","meta":{"_monsterinsights_skip_tracking":false,"_monsterinsights_sitenote_active":false,"_monsterinsights_sitenote_note":"","_monsterinsights_sitenote_category":0,"footnotes":""},"class_list":["post-27462","page","type-page","status-publish","hentry"],"yoast_head":"<!-- This site is optimized with the Yoast SEO plugin v26.2 - https:\/\/yoast.com\/wordpress\/plugins\/seo\/ -->\n<title>Tr\u00e1mites admisi\u00f3n Curso 2024-2025- Colegio Parroquial San Jaime Apostol -Moncada<\/title>\n<meta name=\"description\" content=\"Desde el Colegio Parroquial San Jaime de Moncada queremos ayudaros a resolver las dudas que teng\u00e1is sobre el proceso de admisi\u00f3n curso 2024-25\" \/>\n<meta name=\"robots\" content=\"index, follow, max-snippet:-1, max-image-preview:large, max-video-preview:-1\" \/>\n<link rel=\"canonical\" href=\"https:\/\/colegio.sanjaimemoncada.es\/va\/admision-2026-2027\/\" \/>\n<meta property=\"og:locale\" content=\"en_US\" \/>\n<meta property=\"og:type\" content=\"article\" \/>\n<meta property=\"og:title\" content=\"Tr\u00e1mites admisi\u00f3n Curso 2024-2025- Colegio Parroquial San Jaime Apostol -Moncada\" \/>\n<meta property=\"og:description\" content=\"Desde el Colegio Parroquial San Jaime de Moncada queremos ayudaros a resolver las dudas que teng\u00e1is sobre el proceso de admisi\u00f3n curso 2024-25\" \/>\n<meta property=\"og:url\" content=\"https:\/\/colegio.sanjaimemoncada.es\/va\/admision-2026-2027\/\" \/>\n<meta property=\"og:site_name\" content=\"C. Parroquial San Jaime Ap\u00f3stol\" \/>\n<meta property=\"article:modified_time\" content=\"2026-02-02T08:58:49+00:00\" \/>\n<meta property=\"og:image\" content=\"https:\/\/colegio.sanjaimemoncada.es\/wp-content\/uploads\/2026\/02\/BANNER-ADMISION-26-27.png\" \/>\n\t<meta property=\"og:image:width\" content=\"1080\" \/>\n\t<meta property=\"og:image:height\" content=\"400\" \/>\n\t<meta property=\"og:image:type\" content=\"image\/png\" \/>\n<meta name=\"twitter:card\" content=\"summary_large_image\" \/>\n<meta name=\"twitter:label1\" content=\"Est. reading time\" \/>\n\t<meta name=\"twitter:data1\" content=\"1 minute\" \/>\n<script type=\"application\/ld+json\" class=\"yoast-schema-graph\">{\"@context\":\"https:\/\/schema.org\",\"@graph\":[{\"@type\":\"WebPage\",\"@id\":\"https:\/\/colegio.sanjaimemoncada.es\/va\/admision-2026-2027\/\",\"url\":\"https:\/\/colegio.sanjaimemoncada.es\/va\/admision-2026-2027\/\",\"name\":\"Tr\u00e1mites admisi\u00f3n Curso 2024-2025- Colegio Parroquial San Jaime Apostol -Moncada\",\"isPartOf\":{\"@id\":\"https:\/\/colegio.sanjaimemoncada.es\/#website\"},\"primaryImageOfPage\":{\"@id\":\"https:\/\/colegio.sanjaimemoncada.es\/va\/admision-2026-2027\/#primaryimage\"},\"image\":{\"@id\":\"https:\/\/colegio.sanjaimemoncada.es\/va\/admision-2026-2027\/#primaryimage\"},\"thumbnailUrl\":\"https:\/\/colegio.sanjaimemoncada.es\/wp-content\/uploads\/2026\/02\/BANNER-ADMISION-26-27.png\",\"datePublished\":\"2026-02-02T08:55:58+00:00\",\"dateModified\":\"2026-02-02T08:58:49+00:00\",\"description\":\"Desde el Colegio Parroquial San Jaime de Moncada queremos ayudaros a resolver las dudas que teng\u00e1is sobre el proceso de admisi\u00f3n curso 2024-25\",\"breadcrumb\":{\"@id\":\"https:\/\/colegio.sanjaimemoncada.es\/va\/admision-2026-2027\/#breadcrumb\"},\"inLanguage\":\"va\",\"potentialAction\":[{\"@type\":\"ReadAction\",\"target\":[\"https:\/\/colegio.sanjaimemoncada.es\/va\/admision-2026-2027\/\"]}]},{\"@type\":\"ImageObject\",\"inLanguage\":\"va\",\"@id\":\"https:\/\/colegio.sanjaimemoncada.es\/va\/admision-2026-2027\/#primaryimage\",\"url\":\"https:\/\/colegio.sanjaimemoncada.es\/wp-content\/uploads\/2026\/02\/BANNER-ADMISION-26-27.png\",\"contentUrl\":\"https:\/\/colegio.sanjaimemoncada.es\/wp-content\/uploads\/2026\/02\/BANNER-ADMISION-26-27.png\"},{\"@type\":\"BreadcrumbList\",\"@id\":\"https:\/\/colegio.sanjaimemoncada.es\/va\/admision-2026-2027\/#breadcrumb\",\"itemListElement\":[{\"@type\":\"ListItem\",\"position\":1,\"name\":\"Portada\",\"item\":\"https:\/\/colegio.sanjaimemoncada.es\/va\/\"},{\"@type\":\"ListItem\",\"position\":2,\"name\":\"Admisi\u00f3n 2026-2027\"}]},{\"@type\":\"WebSite\",\"@id\":\"https:\/\/colegio.sanjaimemoncada.es\/#website\",\"url\":\"https:\/\/colegio.sanjaimemoncada.es\/\",\"name\":\"C. Parroquial San Jaime Ap\u00f3stol\",\"description\":\"\",\"potentialAction\":[{\"@type\":\"SearchAction\",\"target\":{\"@type\":\"EntryPoint\",\"urlTemplate\":\"https:\/\/colegio.sanjaimemoncada.es\/?s={search_term_string}\"},\"query-input\":{\"@type\":\"PropertyValueSpecification\",\"valueRequired\":true,\"valueName\":\"search_term_string\"}}],\"inLanguage\":\"va\"}]}<\/script>\n<!-- \/ Yoast SEO plugin. -->","yoast_head_json":{"title":"Tr\u00e1mites admisi\u00f3n Curso 2024-2025- Colegio Parroquial San Jaime Apostol -Moncada","description":"Desde el Colegio Parroquial San Jaime de Moncada queremos ayudaros a resolver las dudas que teng\u00e1is sobre el proceso de admisi\u00f3n curso 2024-25","robots":{"index":"index","follow":"follow","max-snippet":"max-snippet:-1","max-image-preview":"max-image-preview:large","max-video-preview":"max-video-preview:-1"},"canonical":"https:\/\/colegio.sanjaimemoncada.es\/va\/admision-2026-2027\/","og_locale":"en_US","og_type":"article","og_title":"Tr\u00e1mites admisi\u00f3n Curso 2024-2025- Colegio Parroquial San Jaime Apostol -Moncada","og_description":"Desde el Colegio Parroquial San Jaime de Moncada queremos ayudaros a resolver las dudas que teng\u00e1is sobre el proceso de admisi\u00f3n curso 2024-25","og_url":"https:\/\/colegio.sanjaimemoncada.es\/va\/admision-2026-2027\/","og_site_name":"C. Parroquial San Jaime Ap\u00f3stol","article_modified_time":"2026-02-02T08:58:49+00:00","og_image":[{"width":1080,"height":400,"url":"https:\/\/colegio.sanjaimemoncada.es\/wp-content\/uploads\/2026\/02\/BANNER-ADMISION-26-27.png","type":"image\/png"}],"twitter_card":"summary_large_image","twitter_misc":{"Est. reading time":"1 minute"},"schema":{"@context":"https:\/\/schema.org","@graph":[{"@type":"WebPage","@id":"https:\/\/colegio.sanjaimemoncada.es\/va\/admision-2026-2027\/","url":"https:\/\/colegio.sanjaimemoncada.es\/va\/admision-2026-2027\/","name":"Tr\u00e1mites admisi\u00f3n Curso 2024-2025- Colegio Parroquial San Jaime Apostol -Moncada","isPartOf":{"@id":"https:\/\/colegio.sanjaimemoncada.es\/#website"},"primaryImageOfPage":{"@id":"https:\/\/colegio.sanjaimemoncada.es\/va\/admision-2026-2027\/#primaryimage"},"image":{"@id":"https:\/\/colegio.sanjaimemoncada.es\/va\/admision-2026-2027\/#primaryimage"},"thumbnailUrl":"https:\/\/colegio.sanjaimemoncada.es\/wp-content\/uploads\/2026\/02\/BANNER-ADMISION-26-27.png","datePublished":"2026-02-02T08:55:58+00:00","dateModified":"2026-02-02T08:58:49+00:00","description":"Desde el Colegio Parroquial San Jaime de Moncada queremos ayudaros a resolver las dudas que teng\u00e1is sobre el proceso de admisi\u00f3n curso 2024-25","breadcrumb":{"@id":"https:\/\/colegio.sanjaimemoncada.es\/va\/admision-2026-2027\/#breadcrumb"},"inLanguage":"va","potentialAction":[{"@type":"ReadAction","target":["https:\/\/colegio.sanjaimemoncada.es\/va\/admision-2026-2027\/"]}]},{"@type":"ImageObject","inLanguage":"va","@id":"https:\/\/colegio.sanjaimemoncada.es\/va\/admision-2026-2027\/#primaryimage","url":"https:\/\/colegio.sanjaimemoncada.es\/wp-content\/uploads\/2026\/02\/BANNER-ADMISION-26-27.png","contentUrl":"https:\/\/colegio.sanjaimemoncada.es\/wp-content\/uploads\/2026\/02\/BANNER-ADMISION-26-27.png"},{"@type":"BreadcrumbList","@id":"https:\/\/colegio.sanjaimemoncada.es\/va\/admision-2026-2027\/#breadcrumb","itemListElement":[{"@type":"ListItem","position":1,"name":"Portada","item":"https:\/\/colegio.sanjaimemoncada.es\/va\/"},{"@type":"ListItem","position":2,"name":"Admisi\u00f3n 2026-2027"}]},{"@type":"WebSite","@id":"https:\/\/colegio.sanjaimemoncada.es\/#website","url":"https:\/\/colegio.sanjaimemoncada.es\/","name":"C. Parroquial San Jaime Ap\u00f3stol","description":"","potentialAction":[{"@type":"SearchAction","target":{"@type":"EntryPoint","urlTemplate":"https:\/\/colegio.sanjaimemoncada.es\/?s={search_term_string}"},"query-input":{"@type":"PropertyValueSpecification","valueRequired":true,"valueName":"search_term_string"}}],"inLanguage":"va"}]}},"_links":{"self":[{"href":"https:\/\/colegio.sanjaimemoncada.es\/va\/wp-json\/wp\/v2\/pages\/27462","targetHints":{"allow":["GET"]}}],"collection":[{"href":"https:\/\/colegio.sanjaimemoncada.es\/va\/wp-json\/wp\/v2\/pages"}],"about":[{"href":"https:\/\/colegio.sanjaimemoncada.es\/va\/wp-json\/wp\/v2\/types\/page"}],"author":[{"embeddable":true,"href":"https:\/\/colegio.sanjaimemoncada.es\/va\/wp-json\/wp\/v2\/users\/3"}],"replies":[{"embeddable":true,"href":"https:\/\/colegio.sanjaimemoncada.es\/va\/wp-json\/wp\/v2\/comments?post=27462"}],"version-history":[{"count":1,"href":"https:\/\/colegio.sanjaimemoncada.es\/va\/wp-json\/wp\/v2\/pages\/27462\/revisions"}],"predecessor-version":[{"id":27465,"href":"https:\/\/colegio.sanjaimemoncada.es\/va\/wp-json\/wp\/v2\/pages\/27462\/revisions\/27465"}],"wp:attachment":[{"href":"https:\/\/colegio.sanjaimemoncada.es\/va\/wp-json\/wp\/v2\/media?parent=27462"}],"curies":[{"name":"wp","href":"https:\/\/api.w.org\/{rel}","templated":true}]}}