{"id":18562,"date":"2020-02-11T18:37:29","date_gmt":"2020-02-11T17:37:29","guid":{"rendered":"https:\/\/colegio.sanjaimemoncada.es\/?page_id=18562"},"modified":"2020-02-11T18:39:29","modified_gmt":"2020-02-11T17:39:29","slug":"setmana-cultural-2020","status":"publish","type":"page","link":"https:\/\/colegio.sanjaimemoncada.es\/va\/setmana-cultural-2020\/","title":{"rendered":"SETMANA CULTURAL 2020"},"content":{"rendered":"<p>Amb l\u2019objectiu de dinamitzar i enriquir la vida acad\u00e8mica del col\u00b7legi\u00a0 aprofitem\u00a0 una setmana del segon trimestre per a realitzar una s\u00e8rie d\u2019activitats que ajuden a desenvolupar les aptituds intel\u00b7lectuals i socials dels nostres alumnes.<\/p>\n<p>&nbsp;<\/p>\n<p>Per una banda, organitzem dos viatges importants, importants no sols per la seua durada sin\u00f2 per l\u2019oportunitat de poder con\u00e8ixer altres cultures i els seus costums: Cam\u00ed de Santiago i Estada ling\u00fc\u00edstica\u00a0 a Anglaterra.<\/p>\n<p>&nbsp;<\/p>\n<p>D\u2019altra banda, s\u2019organitzen excursions d&#8217;un dia, on es visiten espais d\u2019inter\u00e9s de la Comunitat Valenciana. A m\u00e9s a m\u00e9s, s\u2019 oferten tallers l\u00fadico-did\u00e0ctics on els alumnes aprenen habilitats que poden ser interessants per a la vida di\u00e0ria i el seu temps d\u2019oci.<\/p>\n<p>Esperem que els nostres alumnes gaudeixen d&#8217; esta gran varietat d\u2019activitats i que\u00a0 tot\u00a0\u00a0\u00a0 l\u2019 esfor\u00e7 que impliquen servisca per a la seua formaci\u00f3 acad\u00e8mica i personal.<\/p>\n<p>&nbsp;<\/p>\n<p><img loading=\"lazy\" decoding=\"async\" class=\"alignnone size-medium wp-image-18560 aligncenter\" src=\"https:\/\/colegio.sanjaimemoncada.es\/wp-content\/uploads\/2020\/02\/que-fas-300x212.jpg\" alt=\"\" width=\"300\" height=\"212\" srcset=\"https:\/\/colegio.sanjaimemoncada.es\/wp-content\/uploads\/2020\/02\/que-fas-300x212.jpg 300w, https:\/\/colegio.sanjaimemoncada.es\/wp-content\/uploads\/2020\/02\/que-fas-768x543.jpg 768w, https:\/\/colegio.sanjaimemoncada.es\/wp-content\/uploads\/2020\/02\/que-fas-1024x724.jpg 1024w, https:\/\/colegio.sanjaimemoncada.es\/wp-content\/uploads\/2020\/02\/que-fas.jpg 1191w\" sizes=\"auto, (max-width: 300px) 100vw, 300px\" \/><\/p>\n","protected":false},"excerpt":{"rendered":"<p>Amb l\u2019objectiu de dinamitzar i enriquir la vida acad\u00e8mica del col\u00b7legi\u00a0 aprofitem\u00a0 una setmana del segon trimestre per a realitzar una s\u00e8rie d\u2019activitats que ajuden a desenvolupar les aptituds intel\u00b7lectuals i socials dels nostres alumnes. &nbsp; Per una banda, organitzem dos viatges importants, importants no sols per la seua durada sin\u00f2 per l\u2019oportunitat de poder [&hellip;]<\/p>\n","protected":false},"author":8,"featured_media":18560,"parent":0,"menu_order":0,"comment_status":"closed","ping_status":"closed","template":"","meta":{"_monsterinsights_skip_tracking":false,"_monsterinsights_sitenote_active":false,"_monsterinsights_sitenote_note":"","_monsterinsights_sitenote_category":0,"footnotes":""},"class_list":["post-18562","page","type-page","status-publish","has-post-thumbnail","hentry"],"yoast_head":"<!-- This site is optimized with the Yoast SEO plugin v26.2 - https:\/\/yoast.com\/wordpress\/plugins\/seo\/ -->\n<title>SETMANA CULTURAL 2020 - C. Parroquial San Jaime Ap\u00f3stol<\/title>\n<meta name=\"robots\" content=\"index, follow, max-snippet:-1, max-image-preview:large, max-video-preview:-1\" \/>\n<link rel=\"canonical\" href=\"https:\/\/colegio.sanjaimemoncada.es\/va\/setmana-cultural-2020\/\" \/>\n<meta property=\"og:locale\" content=\"en_US\" \/>\n<meta property=\"og:type\" content=\"article\" \/>\n<meta property=\"og:title\" content=\"SETMANA CULTURAL 2020 - C. Parroquial San Jaime Ap\u00f3stol\" \/>\n<meta property=\"og:description\" content=\"Amb l\u2019objectiu de dinamitzar i enriquir la vida acad\u00e8mica del col\u00b7legi\u00a0 aprofitem\u00a0 una setmana del segon trimestre per a realitzar una s\u00e8rie d\u2019activitats que ajuden a desenvolupar les aptituds intel\u00b7lectuals i socials dels nostres alumnes. &nbsp; Per una banda, organitzem dos viatges importants, importants no sols per la seua durada sin\u00f2 per l\u2019oportunitat de poder [&hellip;]\" \/>\n<meta property=\"og:url\" content=\"https:\/\/colegio.sanjaimemoncada.es\/va\/setmana-cultural-2020\/\" \/>\n<meta property=\"og:site_name\" content=\"C. Parroquial San Jaime Ap\u00f3stol\" \/>\n<meta property=\"article:modified_time\" content=\"2020-02-11T17:39:29+00:00\" \/>\n<meta property=\"og:image\" content=\"https:\/\/colegio.sanjaimemoncada.es\/wp-content\/uploads\/2020\/02\/que-fas.jpg\" \/>\n\t<meta property=\"og:image:width\" content=\"1191\" \/>\n\t<meta property=\"og:image:height\" content=\"842\" \/>\n\t<meta property=\"og:image:type\" content=\"image\/jpeg\" \/>\n<meta name=\"twitter:card\" content=\"summary_large_image\" \/>\n<meta name=\"twitter:label1\" content=\"Est. reading time\" \/>\n\t<meta name=\"twitter:data1\" content=\"1 minute\" \/>\n<script type=\"application\/ld+json\" class=\"yoast-schema-graph\">{\"@context\":\"https:\/\/schema.org\",\"@graph\":[{\"@type\":\"WebPage\",\"@id\":\"https:\/\/colegio.sanjaimemoncada.es\/va\/setmana-cultural-2020\/\",\"url\":\"https:\/\/colegio.sanjaimemoncada.es\/va\/setmana-cultural-2020\/\",\"name\":\"SETMANA CULTURAL 2020 - C. Parroquial San Jaime Ap\u00f3stol\",\"isPartOf\":{\"@id\":\"https:\/\/colegio.sanjaimemoncada.es\/#website\"},\"primaryImageOfPage\":{\"@id\":\"https:\/\/colegio.sanjaimemoncada.es\/va\/setmana-cultural-2020\/#primaryimage\"},\"image\":{\"@id\":\"https:\/\/colegio.sanjaimemoncada.es\/va\/setmana-cultural-2020\/#primaryimage\"},\"thumbnailUrl\":\"https:\/\/colegio.sanjaimemoncada.es\/wp-content\/uploads\/2020\/02\/que-fas.jpg\",\"datePublished\":\"2020-02-11T17:37:29+00:00\",\"dateModified\":\"2020-02-11T17:39:29+00:00\",\"breadcrumb\":{\"@id\":\"https:\/\/colegio.sanjaimemoncada.es\/va\/setmana-cultural-2020\/#breadcrumb\"},\"inLanguage\":\"va\",\"potentialAction\":[{\"@type\":\"ReadAction\",\"target\":[\"https:\/\/colegio.sanjaimemoncada.es\/va\/setmana-cultural-2020\/\"]}]},{\"@type\":\"ImageObject\",\"inLanguage\":\"va\",\"@id\":\"https:\/\/colegio.sanjaimemoncada.es\/va\/setmana-cultural-2020\/#primaryimage\",\"url\":\"https:\/\/colegio.sanjaimemoncada.es\/wp-content\/uploads\/2020\/02\/que-fas.jpg\",\"contentUrl\":\"https:\/\/colegio.sanjaimemoncada.es\/wp-content\/uploads\/2020\/02\/que-fas.jpg\",\"width\":1191,\"height\":842},{\"@type\":\"BreadcrumbList\",\"@id\":\"https:\/\/colegio.sanjaimemoncada.es\/va\/setmana-cultural-2020\/#breadcrumb\",\"itemListElement\":[{\"@type\":\"ListItem\",\"position\":1,\"name\":\"Portada\",\"item\":\"https:\/\/colegio.sanjaimemoncada.es\/va\/\"},{\"@type\":\"ListItem\",\"position\":2,\"name\":\"SETMANA CULTURAL 2020\"}]},{\"@type\":\"WebSite\",\"@id\":\"https:\/\/colegio.sanjaimemoncada.es\/#website\",\"url\":\"https:\/\/colegio.sanjaimemoncada.es\/\",\"name\":\"C. Parroquial San Jaime Ap\u00f3stol\",\"description\":\"\",\"potentialAction\":[{\"@type\":\"SearchAction\",\"target\":{\"@type\":\"EntryPoint\",\"urlTemplate\":\"https:\/\/colegio.sanjaimemoncada.es\/?s={search_term_string}\"},\"query-input\":{\"@type\":\"PropertyValueSpecification\",\"valueRequired\":true,\"valueName\":\"search_term_string\"}}],\"inLanguage\":\"va\"}]}<\/script>\n<!-- \/ Yoast SEO plugin. -->","yoast_head_json":{"title":"SETMANA CULTURAL 2020 - C. Parroquial San Jaime Ap\u00f3stol","robots":{"index":"index","follow":"follow","max-snippet":"max-snippet:-1","max-image-preview":"max-image-preview:large","max-video-preview":"max-video-preview:-1"},"canonical":"https:\/\/colegio.sanjaimemoncada.es\/va\/setmana-cultural-2020\/","og_locale":"en_US","og_type":"article","og_title":"SETMANA CULTURAL 2020 - C. Parroquial San Jaime Ap\u00f3stol","og_description":"Amb l\u2019objectiu de dinamitzar i enriquir la vida acad\u00e8mica del col\u00b7legi\u00a0 aprofitem\u00a0 una setmana del segon trimestre per a realitzar una s\u00e8rie d\u2019activitats que ajuden a desenvolupar les aptituds intel\u00b7lectuals i socials dels nostres alumnes. &nbsp; Per una banda, organitzem dos viatges importants, importants no sols per la seua durada sin\u00f2 per l\u2019oportunitat de poder [&hellip;]","og_url":"https:\/\/colegio.sanjaimemoncada.es\/va\/setmana-cultural-2020\/","og_site_name":"C. Parroquial San Jaime Ap\u00f3stol","article_modified_time":"2020-02-11T17:39:29+00:00","og_image":[{"width":1191,"height":842,"url":"https:\/\/colegio.sanjaimemoncada.es\/wp-content\/uploads\/2020\/02\/que-fas.jpg","type":"image\/jpeg"}],"twitter_card":"summary_large_image","twitter_misc":{"Est. reading time":"1 minute"},"schema":{"@context":"https:\/\/schema.org","@graph":[{"@type":"WebPage","@id":"https:\/\/colegio.sanjaimemoncada.es\/va\/setmana-cultural-2020\/","url":"https:\/\/colegio.sanjaimemoncada.es\/va\/setmana-cultural-2020\/","name":"SETMANA CULTURAL 2020 - C. Parroquial San Jaime Ap\u00f3stol","isPartOf":{"@id":"https:\/\/colegio.sanjaimemoncada.es\/#website"},"primaryImageOfPage":{"@id":"https:\/\/colegio.sanjaimemoncada.es\/va\/setmana-cultural-2020\/#primaryimage"},"image":{"@id":"https:\/\/colegio.sanjaimemoncada.es\/va\/setmana-cultural-2020\/#primaryimage"},"thumbnailUrl":"https:\/\/colegio.sanjaimemoncada.es\/wp-content\/uploads\/2020\/02\/que-fas.jpg","datePublished":"2020-02-11T17:37:29+00:00","dateModified":"2020-02-11T17:39:29+00:00","breadcrumb":{"@id":"https:\/\/colegio.sanjaimemoncada.es\/va\/setmana-cultural-2020\/#breadcrumb"},"inLanguage":"va","potentialAction":[{"@type":"ReadAction","target":["https:\/\/colegio.sanjaimemoncada.es\/va\/setmana-cultural-2020\/"]}]},{"@type":"ImageObject","inLanguage":"va","@id":"https:\/\/colegio.sanjaimemoncada.es\/va\/setmana-cultural-2020\/#primaryimage","url":"https:\/\/colegio.sanjaimemoncada.es\/wp-content\/uploads\/2020\/02\/que-fas.jpg","contentUrl":"https:\/\/colegio.sanjaimemoncada.es\/wp-content\/uploads\/2020\/02\/que-fas.jpg","width":1191,"height":842},{"@type":"BreadcrumbList","@id":"https:\/\/colegio.sanjaimemoncada.es\/va\/setmana-cultural-2020\/#breadcrumb","itemListElement":[{"@type":"ListItem","position":1,"name":"Portada","item":"https:\/\/colegio.sanjaimemoncada.es\/va\/"},{"@type":"ListItem","position":2,"name":"SETMANA CULTURAL 2020"}]},{"@type":"WebSite","@id":"https:\/\/colegio.sanjaimemoncada.es\/#website","url":"https:\/\/colegio.sanjaimemoncada.es\/","name":"C. Parroquial San Jaime Ap\u00f3stol","description":"","potentialAction":[{"@type":"SearchAction","target":{"@type":"EntryPoint","urlTemplate":"https:\/\/colegio.sanjaimemoncada.es\/?s={search_term_string}"},"query-input":{"@type":"PropertyValueSpecification","valueRequired":true,"valueName":"search_term_string"}}],"inLanguage":"va"}]}},"_links":{"self":[{"href":"https:\/\/colegio.sanjaimemoncada.es\/va\/wp-json\/wp\/v2\/pages\/18562","targetHints":{"allow":["GET"]}}],"collection":[{"href":"https:\/\/colegio.sanjaimemoncada.es\/va\/wp-json\/wp\/v2\/pages"}],"about":[{"href":"https:\/\/colegio.sanjaimemoncada.es\/va\/wp-json\/wp\/v2\/types\/page"}],"author":[{"embeddable":true,"href":"https:\/\/colegio.sanjaimemoncada.es\/va\/wp-json\/wp\/v2\/users\/8"}],"replies":[{"embeddable":true,"href":"https:\/\/colegio.sanjaimemoncada.es\/va\/wp-json\/wp\/v2\/comments?post=18562"}],"version-history":[{"count":1,"href":"https:\/\/colegio.sanjaimemoncada.es\/va\/wp-json\/wp\/v2\/pages\/18562\/revisions"}],"predecessor-version":[{"id":18563,"href":"https:\/\/colegio.sanjaimemoncada.es\/va\/wp-json\/wp\/v2\/pages\/18562\/revisions\/18563"}],"wp:featuredmedia":[{"embeddable":true,"href":"https:\/\/colegio.sanjaimemoncada.es\/va\/wp-json\/wp\/v2\/media\/18560"}],"wp:attachment":[{"href":"https:\/\/colegio.sanjaimemoncada.es\/va\/wp-json\/wp\/v2\/media?parent=18562"}],"curies":[{"name":"wp","href":"https:\/\/api.w.org\/{rel}","templated":true}]}}