{"id":9716,"date":"2021-06-28T13:00:22","date_gmt":"2021-06-28T11:00:22","guid":{"rendered":"https:\/\/colegio.sanjaimemoncada.es\/libros\/"},"modified":"2023-06-05T16:45:35","modified_gmt":"2023-06-05T14:45:35","slug":"libros","status":"publish","type":"page","link":"https:\/\/colegio.sanjaimemoncada.es\/en\/libros\/","title":{"rendered":"Programa Xarxa Llibres Curso 2023\/2024"},"content":{"rendered":"<p><a href=\"https:\/\/colegio.sanjaimemoncada.es\/wp-content\/uploads\/2018\/06\/17.06.01-xarxa-llibres-17-18-cas-copia.jpg\"><img loading=\"lazy\" decoding=\"async\" class=\"aligncenter wp-image-6009\" src=\"https:\/\/colegio.sanjaimemoncada.es\/wp-content\/uploads\/2018\/06\/17.06.01-xarxa-llibres-17-18-cas-copia.jpg\" alt=\"\" width=\"668\" height=\"231\" \/><\/a><\/p>\n<p>&nbsp;<\/p>\n<h3>Adhesi\u00f3n por primera vez al Programa Xarxa Llibres para el curso 2023\/2024:<\/h3>\n<p style=\"text-align: justify;\">El alumnado tiene que estar matriculado en un centro de titularidad de la Generalitat Valenciana, en un centro privado concertado o en un centro de titularidad de una corporaci\u00f3n local de la Comunitat Valenciana en el curso 2023-2024 en los estudios de Educaci\u00f3n Primaria, Educaci\u00f3n Especial, Educaci\u00f3n Secundaria Obligatoria, ciclos formativos de grado b\u00e1sico o Bachillerato.<\/p>\n<p style=\"text-align: justify;\">Para pertenecer al Banco de Libros, adem\u00e1s de presentar esta <strong><a href=\"https:\/\/www.gva.es\/es\/inicio\/procedimientos?id_proc=18094\">SOLICITUD<\/a><\/strong> en el centro donde se encuentre matriculado el alumnado en el curso 2022-2023, excepto aquel que se matricule en primero de Educaci\u00f3n Primaria que lo har\u00e1 en el centro donde se matricule el curso 2023-2024, se debe hacer entrega del LOTE COMPLETO de los libros de texto y material curricular utilizados durante el curso acad\u00e9mico 2022-2023, a excepci\u00f3n del alumnado que se matricule en primero de Educaci\u00f3n Primaria en el curso 2023-2024. Quedar\u00e1 exento del requisito de entrega de libros el alumnado que se matricule en primero de Educaci\u00f3n Primaria durante el curso 2023-2024. Excepcionalmente, por tratarse de material no reutilizable, podr\u00e1 quedar exento del requisito de entrega del lote de libros el alumnado matriculado en primero y segundo de Educaci\u00f3n Primaria en el curso 2022-2023, si as\u00ed lo determina el centro escolar. As\u00ed mismo, la entrega del 85% de los libros de texto y material curricular de primero de Bachillerato tendr\u00e1 la misma consideraci\u00f3n que la entrega de un lote completo.<\/p>\n<p style=\"text-align: justify;\"><strong>Las solicitudes de adhesi\u00f3n deber\u00e1n entregarse del 24 de mayo al 10 de noviembre de 2023.<\/strong><\/p>\n<h3>Alumnado que ya ha participado en el\u00a0Programa Xarxa Llibres durante\u00a0el curso 2022\/2023:<\/h3>\n<p style=\"text-align: justify;\">Los alumnos deber\u00e1n<strong>\u00a0entregar al tutor\u00a0<\/strong>el lote completo de libros de texto y material curricular correspondientes al curso 2022-2023, en el centro donde han estado matriculados. Junto con el lote de libros habr\u00e1 que presentar el siguiente modelo de entrega:<\/p>\n<p><a href=\"https:\/\/ceice.gva.es\/documents\/162640666\/370883611\/34047_BI_LLIURA_BLL.pdf\/f831b7d5-96be-a1e6-f0f7-5a146d5c6042?t=1680517744296\"><b>DOCUMENTO DE ENTREGA DE LIBROS DE TEXTO Y MATERIAL CURRICULAR<\/b><\/a><\/p>\n<p style=\"text-align: justify;\">Plazos para devolver los libros:<\/p>\n<ul style=\"text-align: justify;\">\n<li>Primaria: 19, 20 y 21 de junio a los tutores.<\/li>\n<li>Secundaria: el tutor indicar\u00e1 el d\u00eda que deben de entregar los alumnos los libros de xarxa llibres<\/li>\n<\/ul>\n<p style=\"text-align: justify;\">Los alumnos\/as participantes en el programa de banco de libros durante el curso 2022-2023 no deber\u00e1n presentar ninguna solicitud para ser participantes en el banco de libros 2023-2024, ya que esta condici\u00f3n se mantiene, excepto si ejercen su derecho de renuncia, para ello deber\u00e1n entregar la misma hoja marcando la casilla que hace menci\u00f3n a\u00a0\u00e9sta. <strong>Esta renuncia no les eximir\u00e1 de la obligaci\u00f3n de devolver los libros dejados en pr\u00e9stamo.<\/strong><\/p>\n<p style=\"text-align: justify;\">Los alumnos de\u00a01\u00ba y 2\u00ba\u00a0de primaria no deber\u00e1n devolver los libros de texto y material curricular al centro, dado que se trata de material fungible.<\/p>\n<h3 style=\"text-align: justify;\">Instrucciones para cumplimentar el modelo de entrega de libros:<\/h3>\n<p style=\"text-align: justify;\">En las hojas deber\u00e1n de cumplimentar las casillas de la asignatura y\u00a0el nombre del libro de cada asignatura que se entrega. As\u00ed como deber\u00e1n de rellenar el apartado\u00a0que dice si hacen entrega del lote completo, o hacen entrega en parte. (Apartado B)<\/p>\n<p style=\"text-align: justify;\">Ejemplo:<\/p>\n<p><a href=\"https:\/\/colegio.sanjaimemoncada.es\/wp-content\/uploads\/2017\/03\/Instrucciones.jpg\"><img loading=\"lazy\" decoding=\"async\" class=\"aligncenter wp-image-3244 \" src=\"https:\/\/colegio.sanjaimemoncada.es\/wp-content\/uploads\/2017\/03\/Instrucciones-1024x441.jpg\" alt=\"\" width=\"739\" height=\"339\" \/><\/a><\/p>\n<p>Una hoja ser\u00e1 para la administraci\u00f3n y la otra para los padres.<\/p>\n<p><a href=\"https:\/\/ceice.gva.es\/documents\/162640666\/370883616\/M2_Instruc_Solicitud_Telematica_C.pdf\/e5f05b37-99e4-9fc5-7434-dc2a732da45b?t=1684237322973\"><strong>Gu\u00eda de conseller\u00eda para las familias<\/strong><\/a><\/p>\n<p><em><strong>Documentaci\u00f3n oficial relacionada:<\/strong><\/em><\/p>\n<p><a href=\"https:\/\/dogv.gva.es\/datos\/2023\/05\/23\/pdf\/2023_5538.pdf\" target=\"_blank\" rel=\"noopener\">Resoluci\u00f3n de 18 de mayo de 2023 de la Conselleria de Educaci\u00f3n, Cultura y Deporte, por la que se convocan subvenciones para los centros privados concertados y centros de titularidad de las corporaciones locales de la Comunitat Valenciana destinadas a la reposici\u00f3n y la renovaci\u00f3n de libros de texto y material curricular para el curso escolar 2023-2024 (DOGV n\u00ba 9601, 23\/05\/2023).<\/a><\/p>\n<p><a href=\"https:\/\/dogv.gva.es\/datos\/2016\/06\/15\/pdf\/2016_4445.pdf\" target=\"_blank\" rel=\"noopener\">Orden 26\/2016, de 13 de junio, de la Conselleria de Educaci\u00f3n, Investigaci\u00f3n, Cultura y Deporte, por la que se regula el programa de reutilizaci\u00f3n, reposici\u00f3n y renovaci\u00f3n de libros de texto y material curricular, a trav\u00e9s de la creaci\u00f3n y puesta en funcionamiento de bancos de libros de texto y material curricular en los centros p\u00fablicos y privados concertados de la Comunitat Valenciana, y se determinan las bases reguladoras de las subvenciones destinadas a centros docentes privados concertados y centros docentes de titularidad de corporaciones locales (DOCV n\u00ba 7806, 15\/06\/2016).<\/a><\/p>\n<p><a href=\"https:\/\/dogv.gva.es\/datos\/2023\/03\/31\/pdf\/2023_3388.pdf\" target=\"_blank\" rel=\"noopener\">Orden 9\/2023, de 28 de marzo, de la Conselleria de\u00a0Educaci\u00f3n, Cultura y Deporte, por la cual se modifica\u00a0parcialmente la Orden 26\/2016, de 13 de junio, de la Conselleria\u00a0de Educaci\u00f3n, Investigaci\u00f3n, Cultura y Deporte,\u00a0por la cual se regula el programa de reutilizaci\u00f3n, reposici\u00f3n\u00a0y renovaci\u00f3n de libros de texto y material curricular,\u00a0a trav\u00e9s de la creaci\u00f3n y puesta en funcionamiento\u00a0de bancos de libros de texto y material curricular en los\u00a0centros p\u00fablicos y privados concertados de la Comunitat\u00a0Valenciana, y se determinan las bases reguladoras de las\u00a0subvenciones destinadas a centros docentes privados concertados\u00a0y centros docentes de titularidad de corporaciones\u00a0locales (DOGV n\u00ba 9566, 31\/03\/2023).<\/a><\/p>\n<p>&nbsp;<\/p>\n<p>&nbsp;<\/p>\n","protected":false},"excerpt":{"rendered":"<p>&nbsp; Adhesi\u00f3n por primera vez al Programa Xarxa Llibres para el curso 2023\/2024: El alumnado tiene que estar matriculado en un centro de titularidad de la Generalitat Valenciana, en un centro privado concertado o en un centro de titularidad de una corporaci\u00f3n local de la Comunitat Valenciana en el curso 2023-2024 en los estudios de [&hellip;]<\/p>\n","protected":false},"author":4,"featured_media":0,"parent":0,"menu_order":0,"comment_status":"closed","ping_status":"closed","template":"","meta":{"_monsterinsights_skip_tracking":false,"_monsterinsights_sitenote_active":false,"_monsterinsights_sitenote_note":"","_monsterinsights_sitenote_category":0,"footnotes":""},"class_list":["post-9716","page","type-page","status-publish","hentry"],"yoast_head":"<!-- This site is optimized with the Yoast SEO plugin v26.2 - https:\/\/yoast.com\/wordpress\/plugins\/seo\/ -->\n<title>Programa Xarxa Llibres Curso 2023\/2024 - C. Parroquial San Jaime Ap\u00f3stol<\/title>\n<meta name=\"robots\" content=\"index, follow, max-snippet:-1, max-image-preview:large, max-video-preview:-1\" \/>\n<link rel=\"canonical\" href=\"https:\/\/colegio.sanjaimemoncada.es\/libros\/\" \/>\n<meta property=\"og:locale\" content=\"en_US\" \/>\n<meta property=\"og:type\" content=\"article\" \/>\n<meta property=\"og:title\" content=\"Programa Xarxa Llibres Curso 2023\/2024 - C. Parroquial San Jaime Ap\u00f3stol\" \/>\n<meta property=\"og:description\" content=\"&nbsp; Adhesi\u00f3n por primera vez al Programa Xarxa Llibres para el curso 2023\/2024: El alumnado tiene que estar matriculado en un centro de titularidad de la Generalitat Valenciana, en un centro privado concertado o en un centro de titularidad de una corporaci\u00f3n local de la Comunitat Valenciana en el curso 2023-2024 en los estudios de [&hellip;]\" \/>\n<meta property=\"og:url\" content=\"https:\/\/colegio.sanjaimemoncada.es\/libros\/\" \/>\n<meta property=\"og:site_name\" content=\"C. Parroquial San Jaime Ap\u00f3stol\" \/>\n<meta property=\"article:modified_time\" content=\"2023-06-05T14:45:35+00:00\" \/>\n<meta property=\"og:image\" content=\"https:\/\/colegio.sanjaimemoncada.es\/wp-content\/uploads\/2018\/06\/17.06.01-xarxa-llibres-17-18-cas-copia.jpg\" \/>\n\t<meta property=\"og:image:width\" content=\"820\" \/>\n\t<meta property=\"og:image:height\" content=\"329\" \/>\n\t<meta property=\"og:image:type\" content=\"image\/jpeg\" \/>\n<meta name=\"twitter:card\" content=\"summary_large_image\" \/>\n<meta name=\"twitter:label1\" content=\"Est. reading time\" \/>\n\t<meta name=\"twitter:data1\" content=\"4 minutes\" \/>\n<script type=\"application\/ld+json\" class=\"yoast-schema-graph\">{\"@context\":\"https:\/\/schema.org\",\"@graph\":[{\"@type\":\"WebPage\",\"@id\":\"https:\/\/colegio.sanjaimemoncada.es\/libros\/\",\"url\":\"https:\/\/colegio.sanjaimemoncada.es\/libros\/\",\"name\":\"Programa Xarxa Llibres Curso 2023\/2024 - C. Parroquial San Jaime Ap\u00f3stol\",\"isPartOf\":{\"@id\":\"https:\/\/colegio.sanjaimemoncada.es\/#website\"},\"primaryImageOfPage\":{\"@id\":\"https:\/\/colegio.sanjaimemoncada.es\/libros\/#primaryimage\"},\"image\":{\"@id\":\"https:\/\/colegio.sanjaimemoncada.es\/libros\/#primaryimage\"},\"thumbnailUrl\":\"https:\/\/colegio.sanjaimemoncada.es\/wp-content\/uploads\/2018\/06\/17.06.01-xarxa-llibres-17-18-cas-copia.jpg\",\"datePublished\":\"2021-06-28T11:00:22+00:00\",\"dateModified\":\"2023-06-05T14:45:35+00:00\",\"breadcrumb\":{\"@id\":\"https:\/\/colegio.sanjaimemoncada.es\/libros\/#breadcrumb\"},\"inLanguage\":\"en-US\",\"potentialAction\":[{\"@type\":\"ReadAction\",\"target\":[\"https:\/\/colegio.sanjaimemoncada.es\/libros\/\"]}]},{\"@type\":\"ImageObject\",\"inLanguage\":\"en-US\",\"@id\":\"https:\/\/colegio.sanjaimemoncada.es\/libros\/#primaryimage\",\"url\":\"https:\/\/colegio.sanjaimemoncada.es\/wp-content\/uploads\/2018\/06\/17.06.01-xarxa-llibres-17-18-cas-copia.jpg\",\"contentUrl\":\"https:\/\/colegio.sanjaimemoncada.es\/wp-content\/uploads\/2018\/06\/17.06.01-xarxa-llibres-17-18-cas-copia.jpg\"},{\"@type\":\"BreadcrumbList\",\"@id\":\"https:\/\/colegio.sanjaimemoncada.es\/libros\/#breadcrumb\",\"itemListElement\":[{\"@type\":\"ListItem\",\"position\":1,\"name\":\"Portada\",\"item\":\"https:\/\/colegio.sanjaimemoncada.es\/\"},{\"@type\":\"ListItem\",\"position\":2,\"name\":\"Programa Xarxa Llibres Curso 2023\/2024\"}]},{\"@type\":\"WebSite\",\"@id\":\"https:\/\/colegio.sanjaimemoncada.es\/#website\",\"url\":\"https:\/\/colegio.sanjaimemoncada.es\/\",\"name\":\"C. Parroquial San Jaime Ap\u00f3stol\",\"description\":\"\",\"potentialAction\":[{\"@type\":\"SearchAction\",\"target\":{\"@type\":\"EntryPoint\",\"urlTemplate\":\"https:\/\/colegio.sanjaimemoncada.es\/?s={search_term_string}\"},\"query-input\":{\"@type\":\"PropertyValueSpecification\",\"valueRequired\":true,\"valueName\":\"search_term_string\"}}],\"inLanguage\":\"en-US\"}]}<\/script>\n<!-- \/ Yoast SEO plugin. -->","yoast_head_json":{"title":"Programa Xarxa Llibres Curso 2023\/2024 - C. Parroquial San Jaime Ap\u00f3stol","robots":{"index":"index","follow":"follow","max-snippet":"max-snippet:-1","max-image-preview":"max-image-preview:large","max-video-preview":"max-video-preview:-1"},"canonical":"https:\/\/colegio.sanjaimemoncada.es\/libros\/","og_locale":"en_US","og_type":"article","og_title":"Programa Xarxa Llibres Curso 2023\/2024 - C. Parroquial San Jaime Ap\u00f3stol","og_description":"&nbsp; Adhesi\u00f3n por primera vez al Programa Xarxa Llibres para el curso 2023\/2024: El alumnado tiene que estar matriculado en un centro de titularidad de la Generalitat Valenciana, en un centro privado concertado o en un centro de titularidad de una corporaci\u00f3n local de la Comunitat Valenciana en el curso 2023-2024 en los estudios de [&hellip;]","og_url":"https:\/\/colegio.sanjaimemoncada.es\/libros\/","og_site_name":"C. Parroquial San Jaime Ap\u00f3stol","article_modified_time":"2023-06-05T14:45:35+00:00","og_image":[{"width":820,"height":329,"url":"https:\/\/colegio.sanjaimemoncada.es\/wp-content\/uploads\/2018\/06\/17.06.01-xarxa-llibres-17-18-cas-copia.jpg","type":"image\/jpeg"}],"twitter_card":"summary_large_image","twitter_misc":{"Est. reading time":"4 minutes"},"schema":{"@context":"https:\/\/schema.org","@graph":[{"@type":"WebPage","@id":"https:\/\/colegio.sanjaimemoncada.es\/libros\/","url":"https:\/\/colegio.sanjaimemoncada.es\/libros\/","name":"Programa Xarxa Llibres Curso 2023\/2024 - C. Parroquial San Jaime Ap\u00f3stol","isPartOf":{"@id":"https:\/\/colegio.sanjaimemoncada.es\/#website"},"primaryImageOfPage":{"@id":"https:\/\/colegio.sanjaimemoncada.es\/libros\/#primaryimage"},"image":{"@id":"https:\/\/colegio.sanjaimemoncada.es\/libros\/#primaryimage"},"thumbnailUrl":"https:\/\/colegio.sanjaimemoncada.es\/wp-content\/uploads\/2018\/06\/17.06.01-xarxa-llibres-17-18-cas-copia.jpg","datePublished":"2021-06-28T11:00:22+00:00","dateModified":"2023-06-05T14:45:35+00:00","breadcrumb":{"@id":"https:\/\/colegio.sanjaimemoncada.es\/libros\/#breadcrumb"},"inLanguage":"en-US","potentialAction":[{"@type":"ReadAction","target":["https:\/\/colegio.sanjaimemoncada.es\/libros\/"]}]},{"@type":"ImageObject","inLanguage":"en-US","@id":"https:\/\/colegio.sanjaimemoncada.es\/libros\/#primaryimage","url":"https:\/\/colegio.sanjaimemoncada.es\/wp-content\/uploads\/2018\/06\/17.06.01-xarxa-llibres-17-18-cas-copia.jpg","contentUrl":"https:\/\/colegio.sanjaimemoncada.es\/wp-content\/uploads\/2018\/06\/17.06.01-xarxa-llibres-17-18-cas-copia.jpg"},{"@type":"BreadcrumbList","@id":"https:\/\/colegio.sanjaimemoncada.es\/libros\/#breadcrumb","itemListElement":[{"@type":"ListItem","position":1,"name":"Portada","item":"https:\/\/colegio.sanjaimemoncada.es\/"},{"@type":"ListItem","position":2,"name":"Programa Xarxa Llibres Curso 2023\/2024"}]},{"@type":"WebSite","@id":"https:\/\/colegio.sanjaimemoncada.es\/#website","url":"https:\/\/colegio.sanjaimemoncada.es\/","name":"C. Parroquial San Jaime Ap\u00f3stol","description":"","potentialAction":[{"@type":"SearchAction","target":{"@type":"EntryPoint","urlTemplate":"https:\/\/colegio.sanjaimemoncada.es\/?s={search_term_string}"},"query-input":{"@type":"PropertyValueSpecification","valueRequired":true,"valueName":"search_term_string"}}],"inLanguage":"en-US"}]}},"_links":{"self":[{"href":"https:\/\/colegio.sanjaimemoncada.es\/en\/wp-json\/wp\/v2\/pages\/9716","targetHints":{"allow":["GET"]}}],"collection":[{"href":"https:\/\/colegio.sanjaimemoncada.es\/en\/wp-json\/wp\/v2\/pages"}],"about":[{"href":"https:\/\/colegio.sanjaimemoncada.es\/en\/wp-json\/wp\/v2\/types\/page"}],"author":[{"embeddable":true,"href":"https:\/\/colegio.sanjaimemoncada.es\/en\/wp-json\/wp\/v2\/users\/4"}],"replies":[{"embeddable":true,"href":"https:\/\/colegio.sanjaimemoncada.es\/en\/wp-json\/wp\/v2\/comments?post=9716"}],"version-history":[{"count":15,"href":"https:\/\/colegio.sanjaimemoncada.es\/en\/wp-json\/wp\/v2\/pages\/9716\/revisions"}],"predecessor-version":[{"id":24485,"href":"https:\/\/colegio.sanjaimemoncada.es\/en\/wp-json\/wp\/v2\/pages\/9716\/revisions\/24485"}],"wp:attachment":[{"href":"https:\/\/colegio.sanjaimemoncada.es\/en\/wp-json\/wp\/v2\/media?parent=9716"}],"curies":[{"name":"wp","href":"https:\/\/api.w.org\/{rel}","templated":true}]}}