{"id":9714,"date":"2018-02-28T11:37:27","date_gmt":"2018-02-28T10:37:27","guid":{"rendered":"https:\/\/colegio.sanjaimemoncada.es\/programa-inmersion-linguistica-ingles\/"},"modified":"2018-02-28T11:37:27","modified_gmt":"2018-02-28T10:37:27","slug":"programa-inmersion-linguistica-ingles","status":"publish","type":"page","link":"https:\/\/colegio.sanjaimemoncada.es\/en\/programa-inmersion-linguistica-ingles\/","title":{"rendered":"Programa de inmersi\u00f3n ling\u00fc\u00edstica en ingl\u00e9s"},"content":{"rendered":"<h2 style=\"text-align: center;\"><strong>Ayudas para participaci\u00f3n de alumnado en el programa de inmersi\u00f3n ling\u00fc\u00edstica en ingl\u00e9s en Espa\u00f1a 2018<\/strong><\/h2>\n<p><strong>Objeto de la convocatoria:<\/strong><\/p>\n<p style=\"text-align: justify;\">Se convocan un m\u00e1ximo de 2.400 becas para la estancia y participaci\u00f3n en un programa intensivo de inmersi\u00f3n ling\u00fc\u00edstica en ingl\u00e9s en Espa\u00f1a de una semana de duraci\u00f3n cada una de ellas, en r\u00e9gimen internado y pensi\u00f3n completa, entre el 1 y el 29 de julio de 2018.<\/p>\n<p><strong>Requisitos para ser beneficiario:<\/strong><\/p>\n<ul>\n<li style=\"text-align: justify;\">Haber nacido entre el 1 de enero de 1998 y el 31 de diciembre de 2001 y estar matriculado en\u00a0el curso 2017-2018 en\u00a0Bachillerato o\u00a0Grado medio de Formaci\u00f3n Profesional.<\/li>\n<li style=\"text-align: justify;\">Haber obtenido en el curso 2017-2018 la condici\u00f3n de becario del Ministerio de Educaci\u00f3n,\u00a0Cultura y Deporte conforme a la Resoluci\u00f3n de 3 de agosto de 2017, de la Secretar\u00eda de Estado\u00a0de Educaci\u00f3n, Formaci\u00f3n Profesional y Universidades, por la que se convocan becas de car\u00e1cter\u00a0general, para el curso acad\u00e9mico 2017-2018, para estudiantes que cursen estudios\u00a0postobligatorios.<\/li>\n<li style=\"text-align: justify;\">Acreditar tener totalmente aprobado el curso inmediato anterior,\u00a0con una nota final m\u00ednima de 7,50 puntos en la asignatura de ingl\u00e9s.<\/li>\n<li style=\"text-align: justify;\">Estar situado en un lugar del orden de prelaci\u00f3n de solicitudes que le permita la obtenci\u00f3n de\u00a0una de las becas convocadas.<\/li>\n<\/ul>\n<p><strong>Cuant\u00eda de la beca:<\/strong><\/p>\n<ul>\n<li style=\"text-align: justify;\">La adjudicaci\u00f3n de la beca dar\u00e1 lugar a la asignaci\u00f3n de una plaza para participar en la\u00a0actividad. No obstante, para completar el precio total del curso los alumnos abonar\u00e1n\u00a0necesariamente 100 euros a la empresa que resulte adjudicataria del concurso.<\/li>\n<li style=\"text-align: justify;\">No se conceder\u00e1 cuant\u00eda alguna en concepto de traslado del alumno desde su domicilio al\u00a0centro de destino ni desde \u00e9ste a su domicilio, siendo de cuenta del alumno dicho traslado.<\/li>\n<\/ul>\n<p><strong>Presentaci\u00f3n y tramitaci\u00f3n de solicitudes:<\/strong><\/p>\n<ul>\n<li style=\"text-align: justify;\">La solicitud se cumplimentar\u00e1 mediante el formulario accesible por internet en la direcci\u00f3n\u00a0<a href=\"https:\/\/sede.educacion.gob.es\/portada.html\">https:\/\/sede.educacion.gob.es\/portada.html<\/a> en el apartado \u201cTr\u00e1mites y Servicios\u201d. Deber\u00e1 presentarse la certificaci\u00f3n del secretario del centro docente\u00a0donde se hayan cursado los estudios, en la que figure que el solicitante cumple los requisitos\u00a0acad\u00e9micos establecidos.<\/li>\n<li style=\"text-align: justify;\">El plazo para la presentaci\u00f3n de solicitudes se extender\u00e1 hasta el d\u00eda 22 de marzo de 2018\u00a0inclusive.<\/li>\n<\/ul>\n<p><strong>Criterios de adjudicaci\u00f3n<\/strong><\/p>\n<ul>\n<li style=\"text-align: justify;\">La selecci\u00f3n de candidatos se har\u00e1, en una \u00fanica fase, ordenando a los alumnos en funci\u00f3n de\u00a0la nota obtenida en la asignatura de ingl\u00e9s. A dicha nota se le sumar\u00e1n 1,50 puntos cuando el\u00a0solicitante sea de nueva adjudicaci\u00f3n (aquellos que no hubieran obtenido esta modalidad de beca con anterioridad). Tendr\u00e1n\u00a0preferencia los alumnos que hubieran obtenido una puntuaci\u00f3n superior.<\/li>\n<li style=\"text-align: justify;\">En el caso de empates en la puntuaci\u00f3n, \u00e9stos se resolver\u00e1n atendiendo a la\u00a0menor renta per c\u00e1pita de los miembros computables de la unidad familiar.<\/li>\n<\/ul>\n<p><strong>Adjudicaci\u00f3n provisional:<\/strong><\/p>\n<p style=\"text-align: justify;\">En el plazo m\u00e1ximo de seis meses desde la finalizaci\u00f3n del plazo de presentaci\u00f3n de\u00a0solicitudes.<\/p>\n<p><strong>Notificaciones:<\/strong><\/p>\n<p style=\"text-align: justify;\">Tanto la adjudicaci\u00f3n provisional como las denegaciones y la inclusi\u00f3n en lista de espera se\u00a0publicar\u00e1n en la direcci\u00f3n www.mecd.gob.es a trav\u00e9s de la sede electr\u00f3nica del Ministerio de\u00a0Educaci\u00f3n, Cultura y Deporte en el apartado correspondiente a \u00abNotificaciones\u00bb,\u00a0debiendo proceder los interesados a efectuar la descarga de su correspondiente resoluci\u00f3n en\u00a0dicha direcci\u00f3n.<\/p>\n<p><strong>Asignaci\u00f3n de destinos:<\/strong><\/p>\n<p style=\"text-align: justify;\">La asignaci\u00f3n de centros de destino y turnos para la realizaci\u00f3n de la actividad se efectuar\u00e1 por\u00a0las empresas contratadas por el Ministerio de Educaci\u00f3n, Cultura y Deporte una vez adjudicada\u00a0la beca con car\u00e1cter definitivo.<\/p>\n<p><strong>Incompatibilidad:<\/strong><\/p>\n<p style=\"text-align: justify;\">Esta beca ser\u00e1 incompatible con cualquier otra subvenci\u00f3n o beca para la misma finalidad.<\/p>\n<p>&nbsp;<\/p>\n<p style=\"text-align: justify;\"><strong><span style=\"color: #008080;\"><em>M\u00e1s informaci\u00f3n:<\/em><\/span><\/strong>\u00a0<a href=\"http:\/\/www.mecd.gob.es\/servicios-al-ciudadano-mecd\/catalogo\/educacion\/estudiantes\/becas-ayudas\/para-estudiar\/idiomas\/inmersion-ingles-para-becarios.html\" target=\"_blank\" rel=\"noopener\">http:\/\/www.mecd.gob.es\/servicios-al-ciudadano-mecd\/catalogo\/educacion\/estudiantes\/becas-ayudas\/para-estudiar\/idiomas\/inmersion-ingles-para-becarios.html<\/a><\/p>\n","protected":false},"excerpt":{"rendered":"<p>Ayudas para participaci\u00f3n de alumnado en el programa de inmersi\u00f3n ling\u00fc\u00edstica en ingl\u00e9s en Espa\u00f1a 2018 Objeto de la convocatoria: Se convocan un m\u00e1ximo de 2.400 becas para la estancia y participaci\u00f3n en un programa intensivo de inmersi\u00f3n ling\u00fc\u00edstica en ingl\u00e9s en Espa\u00f1a de una semana de duraci\u00f3n cada una de ellas, en r\u00e9gimen internado [&hellip;]<\/p>\n","protected":false},"author":7,"featured_media":0,"parent":0,"menu_order":0,"comment_status":"closed","ping_status":"closed","template":"","meta":{"_monsterinsights_skip_tracking":false,"_monsterinsights_sitenote_active":false,"_monsterinsights_sitenote_note":"","_monsterinsights_sitenote_category":0,"footnotes":""},"class_list":["post-9714","page","type-page","status-publish","hentry"],"yoast_head":"<!-- This site is optimized with the Yoast SEO plugin v26.2 - https:\/\/yoast.com\/wordpress\/plugins\/seo\/ -->\n<title>Programa de inmersi\u00f3n ling\u00fc\u00edstica en ingl\u00e9s - C. Parroquial San Jaime Ap\u00f3stol<\/title>\n<meta name=\"robots\" content=\"index, follow, max-snippet:-1, max-image-preview:large, max-video-preview:-1\" \/>\n<link rel=\"canonical\" href=\"https:\/\/colegio.sanjaimemoncada.es\/programa-inmersion-linguistica-ingles\/\" \/>\n<meta property=\"og:locale\" content=\"en_US\" \/>\n<meta property=\"og:type\" content=\"article\" \/>\n<meta property=\"og:title\" content=\"Programa de inmersi\u00f3n ling\u00fc\u00edstica en ingl\u00e9s - C. Parroquial San Jaime Ap\u00f3stol\" \/>\n<meta property=\"og:description\" content=\"Ayudas para participaci\u00f3n de alumnado en el programa de inmersi\u00f3n ling\u00fc\u00edstica en ingl\u00e9s en Espa\u00f1a 2018 Objeto de la convocatoria: Se convocan un m\u00e1ximo de 2.400 becas para la estancia y participaci\u00f3n en un programa intensivo de inmersi\u00f3n ling\u00fc\u00edstica en ingl\u00e9s en Espa\u00f1a de una semana de duraci\u00f3n cada una de ellas, en r\u00e9gimen internado [&hellip;]\" \/>\n<meta property=\"og:url\" content=\"https:\/\/colegio.sanjaimemoncada.es\/programa-inmersion-linguistica-ingles\/\" \/>\n<meta property=\"og:site_name\" content=\"C. Parroquial San Jaime Ap\u00f3stol\" \/>\n<meta name=\"twitter:card\" content=\"summary_large_image\" \/>\n<meta name=\"twitter:label1\" content=\"Est. reading time\" \/>\n\t<meta name=\"twitter:data1\" content=\"3 minutes\" \/>\n<script type=\"application\/ld+json\" class=\"yoast-schema-graph\">{\"@context\":\"https:\/\/schema.org\",\"@graph\":[{\"@type\":\"WebPage\",\"@id\":\"https:\/\/colegio.sanjaimemoncada.es\/programa-inmersion-linguistica-ingles\/\",\"url\":\"https:\/\/colegio.sanjaimemoncada.es\/programa-inmersion-linguistica-ingles\/\",\"name\":\"Programa de inmersi\u00f3n ling\u00fc\u00edstica en ingl\u00e9s - C. Parroquial San Jaime Ap\u00f3stol\",\"isPartOf\":{\"@id\":\"https:\/\/colegio.sanjaimemoncada.es\/#website\"},\"datePublished\":\"2018-02-28T10:37:27+00:00\",\"breadcrumb\":{\"@id\":\"https:\/\/colegio.sanjaimemoncada.es\/programa-inmersion-linguistica-ingles\/#breadcrumb\"},\"inLanguage\":\"en-US\",\"potentialAction\":[{\"@type\":\"ReadAction\",\"target\":[\"https:\/\/colegio.sanjaimemoncada.es\/programa-inmersion-linguistica-ingles\/\"]}]},{\"@type\":\"BreadcrumbList\",\"@id\":\"https:\/\/colegio.sanjaimemoncada.es\/programa-inmersion-linguistica-ingles\/#breadcrumb\",\"itemListElement\":[{\"@type\":\"ListItem\",\"position\":1,\"name\":\"Portada\",\"item\":\"https:\/\/colegio.sanjaimemoncada.es\/\"},{\"@type\":\"ListItem\",\"position\":2,\"name\":\"Programa de inmersi\u00f3n ling\u00fc\u00edstica en ingl\u00e9s\"}]},{\"@type\":\"WebSite\",\"@id\":\"https:\/\/colegio.sanjaimemoncada.es\/#website\",\"url\":\"https:\/\/colegio.sanjaimemoncada.es\/\",\"name\":\"C. Parroquial San Jaime Ap\u00f3stol\",\"description\":\"\",\"potentialAction\":[{\"@type\":\"SearchAction\",\"target\":{\"@type\":\"EntryPoint\",\"urlTemplate\":\"https:\/\/colegio.sanjaimemoncada.es\/?s={search_term_string}\"},\"query-input\":{\"@type\":\"PropertyValueSpecification\",\"valueRequired\":true,\"valueName\":\"search_term_string\"}}],\"inLanguage\":\"en-US\"}]}<\/script>\n<!-- \/ Yoast SEO plugin. -->","yoast_head_json":{"title":"Programa de inmersi\u00f3n ling\u00fc\u00edstica en ingl\u00e9s - C. Parroquial San Jaime Ap\u00f3stol","robots":{"index":"index","follow":"follow","max-snippet":"max-snippet:-1","max-image-preview":"max-image-preview:large","max-video-preview":"max-video-preview:-1"},"canonical":"https:\/\/colegio.sanjaimemoncada.es\/programa-inmersion-linguistica-ingles\/","og_locale":"en_US","og_type":"article","og_title":"Programa de inmersi\u00f3n ling\u00fc\u00edstica en ingl\u00e9s - C. Parroquial San Jaime Ap\u00f3stol","og_description":"Ayudas para participaci\u00f3n de alumnado en el programa de inmersi\u00f3n ling\u00fc\u00edstica en ingl\u00e9s en Espa\u00f1a 2018 Objeto de la convocatoria: Se convocan un m\u00e1ximo de 2.400 becas para la estancia y participaci\u00f3n en un programa intensivo de inmersi\u00f3n ling\u00fc\u00edstica en ingl\u00e9s en Espa\u00f1a de una semana de duraci\u00f3n cada una de ellas, en r\u00e9gimen internado [&hellip;]","og_url":"https:\/\/colegio.sanjaimemoncada.es\/programa-inmersion-linguistica-ingles\/","og_site_name":"C. Parroquial San Jaime Ap\u00f3stol","twitter_card":"summary_large_image","twitter_misc":{"Est. reading time":"3 minutes"},"schema":{"@context":"https:\/\/schema.org","@graph":[{"@type":"WebPage","@id":"https:\/\/colegio.sanjaimemoncada.es\/programa-inmersion-linguistica-ingles\/","url":"https:\/\/colegio.sanjaimemoncada.es\/programa-inmersion-linguistica-ingles\/","name":"Programa de inmersi\u00f3n ling\u00fc\u00edstica en ingl\u00e9s - C. Parroquial San Jaime Ap\u00f3stol","isPartOf":{"@id":"https:\/\/colegio.sanjaimemoncada.es\/#website"},"datePublished":"2018-02-28T10:37:27+00:00","breadcrumb":{"@id":"https:\/\/colegio.sanjaimemoncada.es\/programa-inmersion-linguistica-ingles\/#breadcrumb"},"inLanguage":"en-US","potentialAction":[{"@type":"ReadAction","target":["https:\/\/colegio.sanjaimemoncada.es\/programa-inmersion-linguistica-ingles\/"]}]},{"@type":"BreadcrumbList","@id":"https:\/\/colegio.sanjaimemoncada.es\/programa-inmersion-linguistica-ingles\/#breadcrumb","itemListElement":[{"@type":"ListItem","position":1,"name":"Portada","item":"https:\/\/colegio.sanjaimemoncada.es\/"},{"@type":"ListItem","position":2,"name":"Programa de inmersi\u00f3n ling\u00fc\u00edstica en ingl\u00e9s"}]},{"@type":"WebSite","@id":"https:\/\/colegio.sanjaimemoncada.es\/#website","url":"https:\/\/colegio.sanjaimemoncada.es\/","name":"C. Parroquial San Jaime Ap\u00f3stol","description":"","potentialAction":[{"@type":"SearchAction","target":{"@type":"EntryPoint","urlTemplate":"https:\/\/colegio.sanjaimemoncada.es\/?s={search_term_string}"},"query-input":{"@type":"PropertyValueSpecification","valueRequired":true,"valueName":"search_term_string"}}],"inLanguage":"en-US"}]}},"_links":{"self":[{"href":"https:\/\/colegio.sanjaimemoncada.es\/en\/wp-json\/wp\/v2\/pages\/9714","targetHints":{"allow":["GET"]}}],"collection":[{"href":"https:\/\/colegio.sanjaimemoncada.es\/en\/wp-json\/wp\/v2\/pages"}],"about":[{"href":"https:\/\/colegio.sanjaimemoncada.es\/en\/wp-json\/wp\/v2\/types\/page"}],"author":[{"embeddable":true,"href":"https:\/\/colegio.sanjaimemoncada.es\/en\/wp-json\/wp\/v2\/users\/7"}],"replies":[{"embeddable":true,"href":"https:\/\/colegio.sanjaimemoncada.es\/en\/wp-json\/wp\/v2\/comments?post=9714"}],"version-history":[{"count":0,"href":"https:\/\/colegio.sanjaimemoncada.es\/en\/wp-json\/wp\/v2\/pages\/9714\/revisions"}],"wp:attachment":[{"href":"https:\/\/colegio.sanjaimemoncada.es\/en\/wp-json\/wp\/v2\/media?parent=9714"}],"curies":[{"name":"wp","href":"https:\/\/api.w.org\/{rel}","templated":true}]}}