{"id":9703,"date":"2017-06-09T12:38:39","date_gmt":"2017-06-09T10:38:39","guid":{"rendered":"https:\/\/colegio.sanjaimemoncada.es\/preinscripcion-universidades\/"},"modified":"2023-06-14T12:39:20","modified_gmt":"2023-06-14T10:39:20","slug":"preinscripcion-universidades","status":"publish","type":"page","link":"https:\/\/colegio.sanjaimemoncada.es\/en\/preinscripcion-universidades\/","title":{"rendered":"Preinscripci\u00f3n Universidades"},"content":{"rendered":"<p style=\"text-align: center;\">\n<table class=\" aligncenter\" style=\"width: 573px;\">\n<tbody>\n<tr style=\"height: 27px;\">\n<td style=\"height: 27px; width: 278px;\" colspan=\"2\">\n<p style=\"text-align: center;\"><strong>Plazos preinscripci\u00f3n<\/strong><\/p>\n<\/td>\n<\/tr>\n<tr style=\"height: 56px;\">\n<td style=\"height: 56px; width: 278px;\">Presentaci\u00f3n de solicitudes de preinscripci\u00f3n<\/td>\n<td style=\"height: 56px; width: 279px;\">Del 19 de Junio al 7 de Julio de 2023, hasta las 14:00h<\/td>\n<\/tr>\n<tr style=\"height: 56px;\">\n<td style=\"height: 56px; width: 278px;\">Publicaci\u00f3n resultados de la preinscripci\u00f3n<\/td>\n<td style=\"height: 56px; width: 279px;\">14 de julio de 2023<\/td>\n<\/tr>\n<tr style=\"height: 56.3889px;\">\n<td style=\"height: 56.3889px; width: 278px;\">Reclamaciones a los resultados<\/td>\n<td style=\"height: 56.3889px; width: 279px;\">17, 18 y 19 de julio hasta las 14:00h<\/td>\n<\/tr>\n<tr style=\"height: 34px;\">\n<td style=\"height: 34px; width: 278px;\">Resoluci\u00f3n de las reclamaciones<\/td>\n<td style=\"height: 34px; width: 279px;\">21 de julio de 2023<\/td>\n<\/tr>\n<\/tbody>\n<\/table>\n<h4><a href=\"https:\/\/innova.gva.es\/documents\/161863209\/369828005\/Calendari+Preinscripci%C3%B3+2023.pdf\/68009272-5288-647d-6a85-21bfc3c949f0?t=1685691368109\">Calendario 2022<\/a><\/h4>\n<h4><a href=\"https:\/\/innova.gva.es\/documents\/161863209\/372564822\/WEB+INSTRUCCIONES+PREINSCRIPCI%C3%93N+2023.pdf\/e1f12a9f-a653-625a-67d6-a21c957de37e?t=1686217020688\">Instrucciones de Preinscripci\u00f3n 2023<\/a><\/h4>\n<h4><a href=\"https:\/\/innova.gva.es\/documents\/161863209\/366916230\/05+Acceso+y+Admisi%C3%B3n+Estudiantes+Extranjeros+14novembre2022.pdf\/065885e7-124d-dc6c-b5c3-edcd204a3340?t=1668424797611\">Acceso y admisi\u00f3n del estudiantado extranjero<\/a><\/h4>\n<h4><a href=\"https:\/\/innova.gva.es\/documents\/161863209\/372564822\/Prelaci%C3%B3+preinscripci%C3%B3+esportistes+2023.pdf\/c165c3b1-4b25-5a4b-f8f4-9855a5aab359?t=1686217020236\">Prelaci\u00f3n del estudiantado deportistas<\/a><\/h4>\n<h4><a href=\"https:\/\/innova.gva.es\/documents\/161863209\/369828005\/Graus+amb+condicions+especials+en+la+Preinscripci%C3%B3+2023+11+abril+2023.pdf\/8ce8b93b-ce86-c74b-eba7-49e3f16c4745?t=1681210184393\">Grados con condiciones especiales en la Preinscripci\u00f3n 2023<\/a><\/h4>\n<p>&nbsp;<\/p>\n<p><strong>\u00bfQu\u00e9 es la preinscripci\u00f3n?<\/strong><\/p>\n<p>Es el procedimiento de admisi\u00f3n que sirve para ordenar por nota de acceso a los estudiantes que piden plaza en un grado. Las universidades p\u00fablicas valencianas y sus centros adscritos hacen la preinscripci\u00f3n conjuntamente, por ello, cada estudiante solo puede presentar una \u00fanica preinscripci\u00f3n al distrito universitario valenciano.<\/p>\n<h4>\u00bfQui\u00e9n puede hacer la preinscripci\u00f3n?<\/h4>\n<p>Para hacer la preinscripci\u00f3n a los estudios de grado hace falta tener uno de estos requisitos:<\/p>\n<ul>\n<li>Bachillerato con las PAU superadas.<\/li>\n<li>T\u00edtulos de t\u00e9cnico\/a superior de formaci\u00f3n profesional, t\u00e9cnico\/a superior de artes pl\u00e1sticas y dise\u00f1o, t\u00e9cnico\/a deportivo superior, o equivalentes.<\/li>\n<li>Acceso para mayores de 25, 40 o 45 a\u00f1os.<\/li>\n<li>Titulaci\u00f3n universitaria.<\/li>\n<li>Bachilleratos comunitarios y de otros pa\u00edses con convenio, con credencial de acceso expedida por la UNED.<\/li>\n<li>Estudios no comunitarios homologados al bachillerato con las correspondientes PAU superadas.<\/li>\n<\/ul>\n<p><strong>\u00bfQui\u00e9n puede solicitarla?<\/strong><\/p>\n<p>Alumnado que se presenta a las pruebas de acceso a la universidad del curso 21-22, tanto de bachillerato como prueba de mayores de 25, 40 y 45 a\u00f1os, alumnado que ya disponga de su calificaci\u00f3n de acceso, por haber aprobado la EBAU o el acceso de mayores\u00a0en a\u00f1os anteriores, alumnado con credencial de la UNED, titulados universitarios y\u00a0ciclos formativos.<\/p>\n<p>&nbsp;<\/p>\n<p><strong>PRESENTACI\u00d3N TELEM\u00c1TICA DE LA PREINSCRIPCI\u00d3N\u00a0<\/strong><\/p>\n<p>Procedimiento de admisi\u00f3n en el primer curso de las ense\u00f1anzas universitarias oficiales de grado en las universidades p\u00fablicas de la Comunitat Valenciana y sus centros adscritos, para el curso 2023-2024.<\/p>\n<p><strong>IMPORTANTE:<\/strong>\u00a0 Antes de acceder a la aplicaci\u00f3n lee la &#8220;<strong>guia para indentificarse<\/strong>&#8221; para saber como identificarse en la nueva aplicaci\u00f3n:<\/p>\n<ul>\n<li><strong><a href=\"https:\/\/innova.gva.es\/documents\/161863209\/372564822\/01_GuiaparaIdentificarseCAS.pdf\/60e2bfb4-52cd-c5c8-d1f9-057bf2e43d45?t=1686655893954\">GU\u00cdA PARA IDENTIFICARSE 2023<\/a><\/strong><\/li>\n<\/ul>\n<p>La aplicaci\u00f3n de la preinscripci\u00f3n permitir\u00e1:<\/p>\n<ul>\n<li>La presentaci\u00f3n telem\u00e1tica de las solicitudes<\/li>\n<li>Consultar los resultados de la preinscripci\u00f3n<\/li>\n<li>La presentaci\u00f3n telem\u00e1tica de reclamaciones<\/li>\n<li>Consultar los resultados de las reclamaciones<\/li>\n<\/ul>\n<p>&nbsp;<\/p>\n<p><strong><a href=\"https:\/\/innova.gva.es\/documents\/161863209\/372564822\/WEB+INSTRUCCIONES+PREINSCRIPCI%C3%93N+2023.pdf\/e1f12a9f-a653-625a-67d6-a21c957de37e?t=1686217020688\">ANTES DE INICIAR EL PROCESO LEE LAS INSTRUCCIONES DE PREINSCRIPCI\u00d3N 2023<\/a><\/strong><strong>\u00a0<\/strong><\/p>\n<p><a href=\"https:\/\/tramitadoredu.gva.es\/tel\/\"><strong>APLICACI\u00d3N DE PREINSCRIPCI\u00d3N\u00a0<\/strong><\/a><\/p>\n<p>&nbsp;<\/p>\n<p><a href=\"https:\/\/innova.gva.es\/documents\/161863209\/372565440\/informeOfertaTitulacionUV_CAS_2.pdf\/2f714f5f-6946-83a1-c615-41840a5ee983?t=1686217072749\">Listado oferta de plazas 2023 UNIVERSITAT DE VAL\u00c8NCIA<\/a><\/p>\n<p><a href=\"https:\/\/innova.gva.es\/documents\/161863209\/372565440\/informeOfertaTitulacionUPV_CAS_3.pdf\/af294e0d-4f68-b1cd-10fb-f7964d53f2a4?t=1686641902789\">Listado oferta de plazas 2023 UNIVERSITAT POLIT\u00c8CNICA DE VAL\u00c8NCIA<\/a><\/p>\n<p><a href=\"https:\/\/innova.gva.es\/documents\/161863209\/372565440\/informeOfertaTitulacionUA_CAS_2.pdf\/2c9a0000-e877-cef2-e9d9-68565a3e2472?t=1686217070945\">Listado oferta de plazas 2023 UNIVERSITAT D&#8217;ALACANT<\/a><\/p>\n<p><a href=\"https:\/\/innova.gva.es\/documents\/161863209\/372565440\/informeOfertaTitulacionUJI_CAS_2.pdf\/28d003ec-1498-61a9-26c0-f7328773dfd5?t=1686217071331\">Listado oferta de plazas 2023 UNIVERSITAT JAUME I<\/a><\/p>\n<p><a href=\"https:\/\/innova.gva.es\/documents\/161863209\/372565440\/informeOfertaTitulacionUMH_CAS_2.pdf\/c94cecba-eba4-0901-b20d-f6cb13301a68?t=1686217071782\">Listado oferta de plazas 2023 UNIVERSIDAD MIGUEL HERN\u00c1NDEZ<\/a><\/p>\n<p>&nbsp;<\/p>\n<p><a href=\"https:\/\/innova.gva.es\/documents\/161863209\/362467357\/estd_ListadoNotasCorteTituCupoOficial.pdf\/81ea072b-4f91-8a54-8c40-a910d14cea50?t=1657884595573\"><strong>NOTAS DE CORTE 2022<\/strong><\/a><\/p>\n<p><a href=\"https:\/\/innova.gva.es\/documents\/161863209\/362467357\/estd_ListadoInformesOficialAmbos19-07-22.pdf\/61fb7bf5-8106-2a57-1293-90978b396f7c?t=1658232966462\"><strong>INFORME RESULTADOS DE PREINSCRIPCI\u00d3N 2022<\/strong><\/a><\/p>\n<p><strong>LISTAS DE ESPERA<\/strong><\/p>\n<p>El estudiantado que no haya obtenido la titulaci\u00f3n universitaria deseada y se encuentre en lista de espera en alguna, deber\u00e1 consultar las correspondientes listas de espera en las webs de las universidades p\u00fablicas.<\/p>\n<p>&nbsp;<\/p>\n<h2>Normativa c\u00e1lculo calificaci\u00f3n cupo titulados<\/h2>\n<h5><a href=\"https:\/\/innova.gva.es\/documents\/161863209\/353969844\/Criteris+per+al+c%C3%A0lcul+de+qualificacions+dels+titulats.pdf\/20087270-e95c-11f8-8d22-9c3598e227fd?t=1644498176817\" target=\"_blank\" rel=\"noopener\">Criterios para el c\u00e1lculo de calificaciones a efectos de acceso por el cupo Titulados<\/a><\/h5>\n<h5><a href=\"http:\/\/www.educacionyfp.gob.es\/servicios-al-ciudadano\/catalogo\/general\/20\/203615\/ficha.html\">C\u00e1lculo de Calificaciones a efectos de acceso para titulados extranjeros<\/a><\/h5>\n<h5><\/h5>\n<h2><span class=\"elemento_nuevo\">NOVEDADES ACCESO Y ADMISI\u00d3N 2023<\/span><\/h2>\n<h5><a href=\"https:\/\/innova.gva.es\/documents\/161863209\/369796719\/Document_Ponderacions_al_curs_2022_2023+14febrer2023.pdf\/b751b079-a853-10e9-ac37-7ac8c0c1a999?t=1676297238221\">Ponderaciones para la preinscripci\u00f3n de 2023<\/a><\/h5>\n<h5><a href=\"https:\/\/innova.gva.es\/documents\/161863209\/369796719\/Taula+PONDERACIONS+a+14febrer2023.pdf\/eff3d82e-9e97-47ad-26e6-429f44dfb010?t=1676297238900\">Tabla de Ponderaciones para la preinscripci\u00f3n de 2023<\/a><\/h5>\n<h5><a href=\"https:\/\/innova.gva.es\/documents\/161863209\/369796719\/Document+RELACIO+TITULACIONS+BRANQUES+DE+CONEIXEMENT+14febrer2023.pdf\/1d117bf3-488f-efa8-1b1e-3761e761b8a7?t=1676297237646\">Relaciones Entre Titulaciones Universitarias y Ramas de Conocimiento<\/a><strong><a href=\"https:\/\/innova.gva.es\/documents\/161863209\/366916230\/04+Document+RELACIO+TITULACIONS+BRANQUES+DE+CONEIXEMENT+10novembre2022.pdf\/a677cd91-4e20-afa2-8a81-d96e876fa412?t=1668424771839\"><span class=\"elemento_nuevo\">\u00a0<\/span><\/a><\/strong><\/h5>\n<p>&nbsp;<\/p>\n<h3>Datos de contacto de las Universidades P\u00fablicas y dela Conselleria de Innovaci\u00f3n, Universidades, Ciencia y Sociedad Digital:<\/h3>\n<h5><a href=\"https:\/\/innova.gva.es\/documents\/161863209\/369828005\/23-05-30+Datos+de+contacto.pdf\/4d4f73c9-0ca8-d0d5-5264-0c788d97358e?t=1685693391749\">Contactos\u00a0<\/a><\/h5>\n<h3>Servicios de Informaci\u00f3n de Preinscripci\u00f3n Universitaria<\/h3>\n<h5><a href=\"https:\/\/www.universidades.gob.es\/portal\/site\/universidades\/menuitem.a9621cf716a24d251662c810026041a0\/?vgnextoid=2908e6f894850710VgnVCM1000002006140aRCRD\">Acceso a la Informaci\u00f3n de Preincripci\u00f3n Universitaria de todas las Comunidades Aut\u00f3nomas<\/a><\/h5>\n<p>&nbsp;<\/p>\n<p><a href=\"https:\/\/dogv.gva.es\/datos\/2023\/05\/19\/pdf\/2023_5239.pdf\"><span id=\"page3R_mcid16\" class=\"markedContent\"><span dir=\"ltr\" role=\"presentation\">RESOLUCI\u00d3N de 12 de mayo de 2023, de la presidenta\u00a0<\/span><\/span><span id=\"page3R_mcid17\" class=\"markedContent\"><span dir=\"ltr\" role=\"presentation\">de la Comisi\u00f3n Gestora de los Procesos de Acceso y Pre<\/span><\/span><span id=\"page3R_mcid19\" class=\"markedContent\"><span dir=\"ltr\" role=\"presentation\">inscripci\u00f3n en las universidades p\u00fablicas del sistema uni<\/span><\/span><span id=\"page3R_mcid21\" class=\"markedContent\"><span dir=\"ltr\" role=\"presentation\">versitario valenciano, por la cual se publican las fechas<\/span><\/span><span id=\"page3R_mcid22\" class=\"markedContent\"><br role=\"presentation\" \/><span dir=\"ltr\" role=\"presentation\">del procedimiento de admisi\u00f3n en el primer curso de las\u00a0<\/span><\/span><span id=\"page3R_mcid23\" class=\"markedContent\"><span dir=\"ltr\" role=\"presentation\">ense\u00f1anzas universitarias oficiales de grado en las univer<\/span><\/span><span id=\"page3R_mcid25\" class=\"markedContent\"><span dir=\"ltr\" role=\"presentation\">sidades p\u00fablicas de la Comunitat Valenciana y sus centros\u00a0<\/span><\/span><span id=\"page3R_mcid26\" class=\"markedContent\"><span dir=\"ltr\" role=\"presentation\">adscritos, para el curso 2023-2024, as\u00ed como otros acuer<\/span><\/span><span id=\"page3R_mcid28\" class=\"markedContent\"><span dir=\"ltr\" role=\"presentation\">dos de la comisi\u00f3n mencionada.<\/span><\/span><span id=\"page3R_mcid29\" class=\"markedContent\"> <span dir=\"ltr\" role=\"presentation\">[2023\/5239<\/span><\/span><span id=\"page3R_mcid29\" class=\"markedContent\"><span dir=\"ltr\" role=\"presentation\">]<\/span><\/span><\/a><\/p>\n<p>&nbsp;<\/p>\n","protected":false},"excerpt":{"rendered":"<p>Plazos preinscripci\u00f3n Presentaci\u00f3n de solicitudes de preinscripci\u00f3n Del 19 de Junio al 7 de Julio de 2023, hasta las 14:00h Publicaci\u00f3n resultados de la preinscripci\u00f3n 14 de julio de 2023 Reclamaciones a los resultados 17, 18 y 19 de julio hasta las 14:00h Resoluci\u00f3n de las reclamaciones 21 de julio de 2023 Calendario 2022 Instrucciones [&hellip;]<\/p>\n","protected":false},"author":4,"featured_media":0,"parent":0,"menu_order":0,"comment_status":"closed","ping_status":"closed","template":"","meta":{"_monsterinsights_skip_tracking":false,"_monsterinsights_sitenote_active":false,"_monsterinsights_sitenote_note":"","_monsterinsights_sitenote_category":0,"footnotes":""},"class_list":["post-9703","page","type-page","status-publish","hentry"],"yoast_head":"<!-- This site is optimized with the Yoast SEO plugin v26.2 - https:\/\/yoast.com\/wordpress\/plugins\/seo\/ -->\n<title>Preinscripci\u00f3n Universidades - C. Parroquial San Jaime Ap\u00f3stol<\/title>\n<meta name=\"robots\" content=\"index, follow, max-snippet:-1, max-image-preview:large, max-video-preview:-1\" \/>\n<link rel=\"canonical\" href=\"https:\/\/colegio.sanjaimemoncada.es\/preinscripcion-universidades\/\" \/>\n<meta property=\"og:locale\" content=\"en_US\" \/>\n<meta property=\"og:type\" content=\"article\" \/>\n<meta property=\"og:title\" content=\"Preinscripci\u00f3n Universidades - C. Parroquial San Jaime Ap\u00f3stol\" \/>\n<meta property=\"og:description\" content=\"Plazos preinscripci\u00f3n Presentaci\u00f3n de solicitudes de preinscripci\u00f3n Del 19 de Junio al 7 de Julio de 2023, hasta las 14:00h Publicaci\u00f3n resultados de la preinscripci\u00f3n 14 de julio de 2023 Reclamaciones a los resultados 17, 18 y 19 de julio hasta las 14:00h Resoluci\u00f3n de las reclamaciones 21 de julio de 2023 Calendario 2022 Instrucciones [&hellip;]\" \/>\n<meta property=\"og:url\" content=\"https:\/\/colegio.sanjaimemoncada.es\/preinscripcion-universidades\/\" \/>\n<meta property=\"og:site_name\" content=\"C. Parroquial San Jaime Ap\u00f3stol\" \/>\n<meta property=\"article:modified_time\" content=\"2023-06-14T10:39:20+00:00\" \/>\n<meta name=\"twitter:card\" content=\"summary_large_image\" \/>\n<meta name=\"twitter:label1\" content=\"Est. reading time\" \/>\n\t<meta name=\"twitter:data1\" content=\"3 minutes\" \/>\n<script type=\"application\/ld+json\" class=\"yoast-schema-graph\">{\"@context\":\"https:\/\/schema.org\",\"@graph\":[{\"@type\":\"WebPage\",\"@id\":\"https:\/\/colegio.sanjaimemoncada.es\/preinscripcion-universidades\/\",\"url\":\"https:\/\/colegio.sanjaimemoncada.es\/preinscripcion-universidades\/\",\"name\":\"Preinscripci\u00f3n Universidades - C. Parroquial San Jaime Ap\u00f3stol\",\"isPartOf\":{\"@id\":\"https:\/\/colegio.sanjaimemoncada.es\/#website\"},\"datePublished\":\"2017-06-09T10:38:39+00:00\",\"dateModified\":\"2023-06-14T10:39:20+00:00\",\"breadcrumb\":{\"@id\":\"https:\/\/colegio.sanjaimemoncada.es\/preinscripcion-universidades\/#breadcrumb\"},\"inLanguage\":\"en-US\",\"potentialAction\":[{\"@type\":\"ReadAction\",\"target\":[\"https:\/\/colegio.sanjaimemoncada.es\/preinscripcion-universidades\/\"]}]},{\"@type\":\"BreadcrumbList\",\"@id\":\"https:\/\/colegio.sanjaimemoncada.es\/preinscripcion-universidades\/#breadcrumb\",\"itemListElement\":[{\"@type\":\"ListItem\",\"position\":1,\"name\":\"Portada\",\"item\":\"https:\/\/colegio.sanjaimemoncada.es\/\"},{\"@type\":\"ListItem\",\"position\":2,\"name\":\"Preinscripci\u00f3n Universidades\"}]},{\"@type\":\"WebSite\",\"@id\":\"https:\/\/colegio.sanjaimemoncada.es\/#website\",\"url\":\"https:\/\/colegio.sanjaimemoncada.es\/\",\"name\":\"C. Parroquial San Jaime Ap\u00f3stol\",\"description\":\"\",\"potentialAction\":[{\"@type\":\"SearchAction\",\"target\":{\"@type\":\"EntryPoint\",\"urlTemplate\":\"https:\/\/colegio.sanjaimemoncada.es\/?s={search_term_string}\"},\"query-input\":{\"@type\":\"PropertyValueSpecification\",\"valueRequired\":true,\"valueName\":\"search_term_string\"}}],\"inLanguage\":\"en-US\"}]}<\/script>\n<!-- \/ Yoast SEO plugin. -->","yoast_head_json":{"title":"Preinscripci\u00f3n Universidades - C. Parroquial San Jaime Ap\u00f3stol","robots":{"index":"index","follow":"follow","max-snippet":"max-snippet:-1","max-image-preview":"max-image-preview:large","max-video-preview":"max-video-preview:-1"},"canonical":"https:\/\/colegio.sanjaimemoncada.es\/preinscripcion-universidades\/","og_locale":"en_US","og_type":"article","og_title":"Preinscripci\u00f3n Universidades - C. Parroquial San Jaime Ap\u00f3stol","og_description":"Plazos preinscripci\u00f3n Presentaci\u00f3n de solicitudes de preinscripci\u00f3n Del 19 de Junio al 7 de Julio de 2023, hasta las 14:00h Publicaci\u00f3n resultados de la preinscripci\u00f3n 14 de julio de 2023 Reclamaciones a los resultados 17, 18 y 19 de julio hasta las 14:00h Resoluci\u00f3n de las reclamaciones 21 de julio de 2023 Calendario 2022 Instrucciones [&hellip;]","og_url":"https:\/\/colegio.sanjaimemoncada.es\/preinscripcion-universidades\/","og_site_name":"C. Parroquial San Jaime Ap\u00f3stol","article_modified_time":"2023-06-14T10:39:20+00:00","twitter_card":"summary_large_image","twitter_misc":{"Est. reading time":"3 minutes"},"schema":{"@context":"https:\/\/schema.org","@graph":[{"@type":"WebPage","@id":"https:\/\/colegio.sanjaimemoncada.es\/preinscripcion-universidades\/","url":"https:\/\/colegio.sanjaimemoncada.es\/preinscripcion-universidades\/","name":"Preinscripci\u00f3n Universidades - C. Parroquial San Jaime Ap\u00f3stol","isPartOf":{"@id":"https:\/\/colegio.sanjaimemoncada.es\/#website"},"datePublished":"2017-06-09T10:38:39+00:00","dateModified":"2023-06-14T10:39:20+00:00","breadcrumb":{"@id":"https:\/\/colegio.sanjaimemoncada.es\/preinscripcion-universidades\/#breadcrumb"},"inLanguage":"en-US","potentialAction":[{"@type":"ReadAction","target":["https:\/\/colegio.sanjaimemoncada.es\/preinscripcion-universidades\/"]}]},{"@type":"BreadcrumbList","@id":"https:\/\/colegio.sanjaimemoncada.es\/preinscripcion-universidades\/#breadcrumb","itemListElement":[{"@type":"ListItem","position":1,"name":"Portada","item":"https:\/\/colegio.sanjaimemoncada.es\/"},{"@type":"ListItem","position":2,"name":"Preinscripci\u00f3n Universidades"}]},{"@type":"WebSite","@id":"https:\/\/colegio.sanjaimemoncada.es\/#website","url":"https:\/\/colegio.sanjaimemoncada.es\/","name":"C. Parroquial San Jaime Ap\u00f3stol","description":"","potentialAction":[{"@type":"SearchAction","target":{"@type":"EntryPoint","urlTemplate":"https:\/\/colegio.sanjaimemoncada.es\/?s={search_term_string}"},"query-input":{"@type":"PropertyValueSpecification","valueRequired":true,"valueName":"search_term_string"}}],"inLanguage":"en-US"}]}},"_links":{"self":[{"href":"https:\/\/colegio.sanjaimemoncada.es\/en\/wp-json\/wp\/v2\/pages\/9703","targetHints":{"allow":["GET"]}}],"collection":[{"href":"https:\/\/colegio.sanjaimemoncada.es\/en\/wp-json\/wp\/v2\/pages"}],"about":[{"href":"https:\/\/colegio.sanjaimemoncada.es\/en\/wp-json\/wp\/v2\/types\/page"}],"author":[{"embeddable":true,"href":"https:\/\/colegio.sanjaimemoncada.es\/en\/wp-json\/wp\/v2\/users\/4"}],"replies":[{"embeddable":true,"href":"https:\/\/colegio.sanjaimemoncada.es\/en\/wp-json\/wp\/v2\/comments?post=9703"}],"version-history":[{"count":6,"href":"https:\/\/colegio.sanjaimemoncada.es\/en\/wp-json\/wp\/v2\/pages\/9703\/revisions"}],"predecessor-version":[{"id":24507,"href":"https:\/\/colegio.sanjaimemoncada.es\/en\/wp-json\/wp\/v2\/pages\/9703\/revisions\/24507"}],"wp:attachment":[{"href":"https:\/\/colegio.sanjaimemoncada.es\/en\/wp-json\/wp\/v2\/media?parent=9703"}],"curies":[{"name":"wp","href":"https:\/\/api.w.org\/{rel}","templated":true}]}}