{"id":9697,"date":"2016-11-16T20:12:42","date_gmt":"2016-11-16T19:12:42","guid":{"rendered":"https:\/\/colegio.sanjaimemoncada.es\/pat-personalizado\/"},"modified":"2016-11-16T20:12:42","modified_gmt":"2016-11-16T19:12:42","slug":"pat-personalizado","status":"publish","type":"page","link":"https:\/\/colegio.sanjaimemoncada.es\/en\/pat-personalizado\/","title":{"rendered":"PAT PERSONALIZADO"},"content":{"rendered":"<p class=\"p1\" style=\"text-align: justify;\"><span class=\"s1\"><br \/>\n<img loading=\"lazy\" decoding=\"async\" class=\"alignleft  wp-image-798\" src=\"https:\/\/colegio.sanjaimemoncada.es\/wp-content\/uploads\/2016\/11\/Captura-de-pantalla-2016-11-16-a-las-20.11.44.png\" alt=\"captura-de-pantalla-2016-11-16-a-las-20-11-44\" width=\"267\" height=\"170\" \/>El Plan de Acci\u00f3n Tutorial (PAT) del Colegio Sant Jaume se integra dentro del Proyecto Educativo de Centro, el cual, en l\u00edneas b\u00e1sicas, define y planifica la acci\u00f3n tutorial, cuyo responsable es un profesor del claustro denominado acompa\u00f1ante. En \u00e9l se recogen el conjunto de finalidades, contenidos, instrumentos y estrategias que ayudan al alumno en su desarrollo integral.<\/span><\/p>\n<p class=\"p1\" style=\"text-align: justify;\"><span class=\"s1\">Se trata de un proceso continuo e integrado en el desarrollo educativo de todos y cada uno de los alumnos de ciclos formativos, por lo que constituye un elemento fundamental para alcanzar los fines de la educaci\u00f3n.<img loading=\"lazy\" decoding=\"async\" class=\"wp-image-802 alignright\" src=\"https:\/\/colegio.sanjaimemoncada.es\/wp-content\/uploads\/2016\/11\/DSC_0004-300x199.jpg\" alt=\"PAT Personalizado PEC Sant Jaume\" width=\"326\" height=\"216\" srcset=\"https:\/\/colegio.sanjaimemoncada.es\/wp-content\/uploads\/2016\/11\/DSC_0004-300x199.jpg 300w, https:\/\/colegio.sanjaimemoncada.es\/wp-content\/uploads\/2016\/11\/DSC_0004-768x510.jpg 768w, https:\/\/colegio.sanjaimemoncada.es\/wp-content\/uploads\/2016\/11\/DSC_0004-1024x680.jpg 1024w\" sizes=\"auto, (max-width: 326px) 100vw, 326px\" \/><\/span><\/p>\n<p class=\"p1\" style=\"text-align: justify;\"><span class=\"s1\">El PAT debe potenciar las habilidades necesarias que aseguren el proceso de socializaci\u00f3n propio de la etapa evolutiva del alumnado, los ciclos formativos profesionales, y contribuir al desarrollo del proceso aprendizaje\/ense\u00f1anza de cara a una mejor adaptaci\u00f3n a la sociedad actual. Adem\u00e1s, en nuestro caso debe ir m\u00e1s all\u00e1 y se debe utilizar como una herramienta para alcanzar el objetivo general marco encuadrado en Colegios Diocesanos.<\/span><\/p>\n<p class=\"p1\" style=\"text-align: justify;\"><span class=\"s1\">El PAT se fundamenta en la idea de que el aprendizaje, la socializaci\u00f3n y el crecimiento personal van ligados, pues no existe lo uno sin lo otro. Adem\u00e1s, tambi\u00e9n se basa en la idea de que si se quieren alumnos competentes debemos de abordar simult\u00e1neamente sus tres dimensiones: F\u00edsica, Psicol\u00f3gica y Trascendente.<\/span><\/p>\n<p class=\"p1\">\n","protected":false},"excerpt":{"rendered":"<p>El Plan de Acci\u00f3n Tutorial (PAT) del Colegio Sant Jaume se integra dentro del Proyecto Educativo de Centro, el cual, en l\u00edneas b\u00e1sicas, define y planifica la acci\u00f3n tutorial, cuyo responsable es un profesor del claustro denominado acompa\u00f1ante. En \u00e9l se recogen el conjunto de finalidades, contenidos, instrumentos y estrategias que ayudan al alumno en [&hellip;]<\/p>\n","protected":false},"author":4,"featured_media":0,"parent":0,"menu_order":0,"comment_status":"closed","ping_status":"closed","template":"","meta":{"_monsterinsights_skip_tracking":false,"_monsterinsights_sitenote_active":false,"_monsterinsights_sitenote_note":"","_monsterinsights_sitenote_category":0,"footnotes":""},"class_list":["post-9697","page","type-page","status-publish","hentry"],"yoast_head":"<!-- This site is optimized with the Yoast SEO plugin v26.2 - https:\/\/yoast.com\/wordpress\/plugins\/seo\/ -->\n<title>PAT PERSONALIZADO - C. Parroquial San Jaime Ap\u00f3stol<\/title>\n<meta name=\"robots\" content=\"index, follow, max-snippet:-1, max-image-preview:large, max-video-preview:-1\" \/>\n<link rel=\"canonical\" href=\"https:\/\/colegio.sanjaimemoncada.es\/pat-personalizado\/\" \/>\n<meta property=\"og:locale\" content=\"en_US\" \/>\n<meta property=\"og:type\" content=\"article\" \/>\n<meta property=\"og:title\" content=\"PAT PERSONALIZADO - C. Parroquial San Jaime Ap\u00f3stol\" \/>\n<meta property=\"og:description\" content=\"El Plan de Acci\u00f3n Tutorial (PAT) del Colegio Sant Jaume se integra dentro del Proyecto Educativo de Centro, el cual, en l\u00edneas b\u00e1sicas, define y planifica la acci\u00f3n tutorial, cuyo responsable es un profesor del claustro denominado acompa\u00f1ante. En \u00e9l se recogen el conjunto de finalidades, contenidos, instrumentos y estrategias que ayudan al alumno en [&hellip;]\" \/>\n<meta property=\"og:url\" content=\"https:\/\/colegio.sanjaimemoncada.es\/pat-personalizado\/\" \/>\n<meta property=\"og:site_name\" content=\"C. Parroquial San Jaime Ap\u00f3stol\" \/>\n<meta property=\"og:image\" content=\"https:\/\/colegio.sanjaimemoncada.es\/wp-content\/uploads\/2016\/11\/Captura-de-pantalla-2016-11-16-a-las-20.11.44.png\" \/>\n\t<meta property=\"og:image:width\" content=\"273\" \/>\n\t<meta property=\"og:image:height\" content=\"174\" \/>\n\t<meta property=\"og:image:type\" content=\"image\/png\" \/>\n<meta name=\"twitter:card\" content=\"summary_large_image\" \/>\n<meta name=\"twitter:label1\" content=\"Est. reading time\" \/>\n\t<meta name=\"twitter:data1\" content=\"1 minute\" \/>\n<script type=\"application\/ld+json\" class=\"yoast-schema-graph\">{\"@context\":\"https:\/\/schema.org\",\"@graph\":[{\"@type\":\"WebPage\",\"@id\":\"https:\/\/colegio.sanjaimemoncada.es\/pat-personalizado\/\",\"url\":\"https:\/\/colegio.sanjaimemoncada.es\/pat-personalizado\/\",\"name\":\"PAT PERSONALIZADO - C. Parroquial San Jaime Ap\u00f3stol\",\"isPartOf\":{\"@id\":\"https:\/\/colegio.sanjaimemoncada.es\/#website\"},\"primaryImageOfPage\":{\"@id\":\"https:\/\/colegio.sanjaimemoncada.es\/pat-personalizado\/#primaryimage\"},\"image\":{\"@id\":\"https:\/\/colegio.sanjaimemoncada.es\/pat-personalizado\/#primaryimage\"},\"thumbnailUrl\":\"https:\/\/colegio.sanjaimemoncada.es\/wp-content\/uploads\/2016\/11\/Captura-de-pantalla-2016-11-16-a-las-20.11.44.png\",\"datePublished\":\"2016-11-16T19:12:42+00:00\",\"breadcrumb\":{\"@id\":\"https:\/\/colegio.sanjaimemoncada.es\/pat-personalizado\/#breadcrumb\"},\"inLanguage\":\"en-US\",\"potentialAction\":[{\"@type\":\"ReadAction\",\"target\":[\"https:\/\/colegio.sanjaimemoncada.es\/pat-personalizado\/\"]}]},{\"@type\":\"ImageObject\",\"inLanguage\":\"en-US\",\"@id\":\"https:\/\/colegio.sanjaimemoncada.es\/pat-personalizado\/#primaryimage\",\"url\":\"https:\/\/colegio.sanjaimemoncada.es\/wp-content\/uploads\/2016\/11\/Captura-de-pantalla-2016-11-16-a-las-20.11.44.png\",\"contentUrl\":\"https:\/\/colegio.sanjaimemoncada.es\/wp-content\/uploads\/2016\/11\/Captura-de-pantalla-2016-11-16-a-las-20.11.44.png\"},{\"@type\":\"BreadcrumbList\",\"@id\":\"https:\/\/colegio.sanjaimemoncada.es\/pat-personalizado\/#breadcrumb\",\"itemListElement\":[{\"@type\":\"ListItem\",\"position\":1,\"name\":\"Portada\",\"item\":\"https:\/\/colegio.sanjaimemoncada.es\/\"},{\"@type\":\"ListItem\",\"position\":2,\"name\":\"PAT PERSONALIZADO\"}]},{\"@type\":\"WebSite\",\"@id\":\"https:\/\/colegio.sanjaimemoncada.es\/#website\",\"url\":\"https:\/\/colegio.sanjaimemoncada.es\/\",\"name\":\"C. Parroquial San Jaime Ap\u00f3stol\",\"description\":\"\",\"potentialAction\":[{\"@type\":\"SearchAction\",\"target\":{\"@type\":\"EntryPoint\",\"urlTemplate\":\"https:\/\/colegio.sanjaimemoncada.es\/?s={search_term_string}\"},\"query-input\":{\"@type\":\"PropertyValueSpecification\",\"valueRequired\":true,\"valueName\":\"search_term_string\"}}],\"inLanguage\":\"en-US\"}]}<\/script>\n<!-- \/ Yoast SEO plugin. -->","yoast_head_json":{"title":"PAT PERSONALIZADO - C. Parroquial San Jaime Ap\u00f3stol","robots":{"index":"index","follow":"follow","max-snippet":"max-snippet:-1","max-image-preview":"max-image-preview:large","max-video-preview":"max-video-preview:-1"},"canonical":"https:\/\/colegio.sanjaimemoncada.es\/pat-personalizado\/","og_locale":"en_US","og_type":"article","og_title":"PAT PERSONALIZADO - C. Parroquial San Jaime Ap\u00f3stol","og_description":"El Plan de Acci\u00f3n Tutorial (PAT) del Colegio Sant Jaume se integra dentro del Proyecto Educativo de Centro, el cual, en l\u00edneas b\u00e1sicas, define y planifica la acci\u00f3n tutorial, cuyo responsable es un profesor del claustro denominado acompa\u00f1ante. En \u00e9l se recogen el conjunto de finalidades, contenidos, instrumentos y estrategias que ayudan al alumno en [&hellip;]","og_url":"https:\/\/colegio.sanjaimemoncada.es\/pat-personalizado\/","og_site_name":"C. Parroquial San Jaime Ap\u00f3stol","og_image":[{"width":273,"height":174,"url":"https:\/\/colegio.sanjaimemoncada.es\/wp-content\/uploads\/2016\/11\/Captura-de-pantalla-2016-11-16-a-las-20.11.44.png","type":"image\/png"}],"twitter_card":"summary_large_image","twitter_misc":{"Est. reading time":"1 minute"},"schema":{"@context":"https:\/\/schema.org","@graph":[{"@type":"WebPage","@id":"https:\/\/colegio.sanjaimemoncada.es\/pat-personalizado\/","url":"https:\/\/colegio.sanjaimemoncada.es\/pat-personalizado\/","name":"PAT PERSONALIZADO - C. Parroquial San Jaime Ap\u00f3stol","isPartOf":{"@id":"https:\/\/colegio.sanjaimemoncada.es\/#website"},"primaryImageOfPage":{"@id":"https:\/\/colegio.sanjaimemoncada.es\/pat-personalizado\/#primaryimage"},"image":{"@id":"https:\/\/colegio.sanjaimemoncada.es\/pat-personalizado\/#primaryimage"},"thumbnailUrl":"https:\/\/colegio.sanjaimemoncada.es\/wp-content\/uploads\/2016\/11\/Captura-de-pantalla-2016-11-16-a-las-20.11.44.png","datePublished":"2016-11-16T19:12:42+00:00","breadcrumb":{"@id":"https:\/\/colegio.sanjaimemoncada.es\/pat-personalizado\/#breadcrumb"},"inLanguage":"en-US","potentialAction":[{"@type":"ReadAction","target":["https:\/\/colegio.sanjaimemoncada.es\/pat-personalizado\/"]}]},{"@type":"ImageObject","inLanguage":"en-US","@id":"https:\/\/colegio.sanjaimemoncada.es\/pat-personalizado\/#primaryimage","url":"https:\/\/colegio.sanjaimemoncada.es\/wp-content\/uploads\/2016\/11\/Captura-de-pantalla-2016-11-16-a-las-20.11.44.png","contentUrl":"https:\/\/colegio.sanjaimemoncada.es\/wp-content\/uploads\/2016\/11\/Captura-de-pantalla-2016-11-16-a-las-20.11.44.png"},{"@type":"BreadcrumbList","@id":"https:\/\/colegio.sanjaimemoncada.es\/pat-personalizado\/#breadcrumb","itemListElement":[{"@type":"ListItem","position":1,"name":"Portada","item":"https:\/\/colegio.sanjaimemoncada.es\/"},{"@type":"ListItem","position":2,"name":"PAT PERSONALIZADO"}]},{"@type":"WebSite","@id":"https:\/\/colegio.sanjaimemoncada.es\/#website","url":"https:\/\/colegio.sanjaimemoncada.es\/","name":"C. Parroquial San Jaime Ap\u00f3stol","description":"","potentialAction":[{"@type":"SearchAction","target":{"@type":"EntryPoint","urlTemplate":"https:\/\/colegio.sanjaimemoncada.es\/?s={search_term_string}"},"query-input":{"@type":"PropertyValueSpecification","valueRequired":true,"valueName":"search_term_string"}}],"inLanguage":"en-US"}]}},"_links":{"self":[{"href":"https:\/\/colegio.sanjaimemoncada.es\/en\/wp-json\/wp\/v2\/pages\/9697","targetHints":{"allow":["GET"]}}],"collection":[{"href":"https:\/\/colegio.sanjaimemoncada.es\/en\/wp-json\/wp\/v2\/pages"}],"about":[{"href":"https:\/\/colegio.sanjaimemoncada.es\/en\/wp-json\/wp\/v2\/types\/page"}],"author":[{"embeddable":true,"href":"https:\/\/colegio.sanjaimemoncada.es\/en\/wp-json\/wp\/v2\/users\/4"}],"replies":[{"embeddable":true,"href":"https:\/\/colegio.sanjaimemoncada.es\/en\/wp-json\/wp\/v2\/comments?post=9697"}],"version-history":[{"count":1,"href":"https:\/\/colegio.sanjaimemoncada.es\/en\/wp-json\/wp\/v2\/pages\/9697\/revisions"}],"predecessor-version":[{"id":9705,"href":"https:\/\/colegio.sanjaimemoncada.es\/en\/wp-json\/wp\/v2\/pages\/9697\/revisions\/9705"}],"wp:attachment":[{"href":"https:\/\/colegio.sanjaimemoncada.es\/en\/wp-json\/wp\/v2\/media?parent=9697"}],"curies":[{"name":"wp","href":"https:\/\/api.w.org\/{rel}","templated":true}]}}