{"id":9604,"date":"2017-03-02T16:04:42","date_gmt":"2017-03-02T15:04:42","guid":{"rendered":"https:\/\/colegio.sanjaimemoncada.es\/idiomas\/"},"modified":"2019-03-21T12:55:40","modified_gmt":"2019-03-21T11:55:40","slug":"idiomas","status":"publish","type":"page","link":"https:\/\/colegio.sanjaimemoncada.es\/en\/idiomas\/","title":{"rendered":"Languages"},"content":{"rendered":"<h1 style=\"text-align: center;\"><span style=\"color: #008080;\"><b>Homologation B1 Valenciano JQCV<\/b><\/span><\/h1>\n<p style=\"text-align: justify;\"><span style=\"font-weight: 400;\"><br \/>\n<\/span><span style=\"font-weight: 400;\">Those who can apply for the homologation with the level B1 certificate of Valencian knowledge from the JQCV are students and alumni who have taken and passed the Valencian subject in the following courses and educational stages:<\/span><span style=\"font-weight: 400;\"><br \/>\n<\/span><span style=\"font-weight: 400;\"><br \/>\n<\/span><span style=\"font-weight: 400;\"> \u00a0\u00a0\u00a0In all Basic General Education courses.<\/span><span style=\"font-weight: 400;\"><br \/>\n<\/span><span style=\"font-weight: 400;\"> \u00a0\u00a0\u00a0In all the courses of Primary Education and Compulsory Secondary Education.<\/span><span style=\"font-weight: 400;\"><br \/>\n<\/span><span style=\"font-weight: 400;\"> \u00a0\u00a0\u00a0In at least 3 courses between the 3 of BUP and COU, which are equated 3rd and 4th of E.S.O. and 1st and 2nd year of Bachillerato for the purposes of this homologation.<\/span><span style=\"font-weight: 400;\"><br \/>\n<\/span><span style=\"font-weight: 400;\"> \u00a0\u00a0\u00a0In the first degree of vocational training and in two courses of the second degree of vocational training.<\/span><span style=\"font-weight: 400;\"><br \/>\n<\/span><span style=\"font-weight: 400;\"><br \/>\n<\/span><span style=\"font-weight: 400;\">Processing location: Ministry of Education (Av. De Campanar n\u00ba32, 46015 Val\u00e8ncia\u2013 Tlf: 963 86 60 00)<\/span><\/p>\n<p><a href=\"http:\/\/www.dogv.gva.es\/datos\/2017\/03\/06\/pdf\/2017_1799.pdf\">ORDEN 7\/2017, de 2 de marzo, de la Conselleria de Educaci\u00f3n, Investigaci\u00f3n, Cultura y Deporte, por la cual se regulan los certificados oficiales administrativos de conocimientos de valenciano de la Junta Calificadora de Conocimientos de Valenciano, el personal examinador y la homologaci\u00f3n y la validaci\u00f3n de otros t\u00edtulos y certificados. [2017\/1799]<\/a><\/p>\n","protected":false},"excerpt":{"rendered":"<p>Homologation B1 Valenciano JQCV Those who can apply for the homologation with the level B1 certificate of Valencian knowledge from the JQCV are students and alumni who have taken and passed the Valencian subject in the following courses and educational stages: \u00a0\u00a0\u00a0In all Basic General Education courses. \u00a0\u00a0\u00a0In all the courses of Primary Education and [&hellip;]<\/p>\n","protected":false},"author":4,"featured_media":0,"parent":0,"menu_order":0,"comment_status":"closed","ping_status":"closed","template":"","meta":{"_monsterinsights_skip_tracking":false,"_monsterinsights_sitenote_active":false,"_monsterinsights_sitenote_note":"","_monsterinsights_sitenote_category":0,"footnotes":""},"class_list":["post-9604","page","type-page","status-publish","hentry"],"yoast_head":"<!-- This site is optimized with the Yoast SEO plugin v26.2 - https:\/\/yoast.com\/wordpress\/plugins\/seo\/ -->\n<title>Languages - C. Parroquial San Jaime Ap\u00f3stol<\/title>\n<meta name=\"robots\" content=\"index, follow, max-snippet:-1, max-image-preview:large, max-video-preview:-1\" \/>\n<link rel=\"canonical\" href=\"https:\/\/colegio.sanjaimemoncada.es\/idiomas\/\" \/>\n<meta property=\"og:locale\" content=\"en_US\" \/>\n<meta property=\"og:type\" content=\"article\" \/>\n<meta property=\"og:title\" content=\"Languages - C. Parroquial San Jaime Ap\u00f3stol\" \/>\n<meta property=\"og:description\" content=\"Homologation B1 Valenciano JQCV Those who can apply for the homologation with the level B1 certificate of Valencian knowledge from the JQCV are students and alumni who have taken and passed the Valencian subject in the following courses and educational stages: \u00a0\u00a0\u00a0In all Basic General Education courses. \u00a0\u00a0\u00a0In all the courses of Primary Education and [&hellip;]\" \/>\n<meta property=\"og:url\" content=\"https:\/\/colegio.sanjaimemoncada.es\/idiomas\/\" \/>\n<meta property=\"og:site_name\" content=\"C. Parroquial San Jaime Ap\u00f3stol\" \/>\n<meta property=\"article:modified_time\" content=\"2019-03-21T11:55:40+00:00\" \/>\n<meta name=\"twitter:card\" content=\"summary_large_image\" \/>\n<meta name=\"twitter:label1\" content=\"Est. reading time\" \/>\n\t<meta name=\"twitter:data1\" content=\"1 minute\" \/>\n<script type=\"application\/ld+json\" class=\"yoast-schema-graph\">{\"@context\":\"https:\/\/schema.org\",\"@graph\":[{\"@type\":\"WebPage\",\"@id\":\"https:\/\/colegio.sanjaimemoncada.es\/idiomas\/\",\"url\":\"https:\/\/colegio.sanjaimemoncada.es\/idiomas\/\",\"name\":\"Languages - C. Parroquial San Jaime Ap\u00f3stol\",\"isPartOf\":{\"@id\":\"https:\/\/colegio.sanjaimemoncada.es\/#website\"},\"datePublished\":\"2017-03-02T15:04:42+00:00\",\"dateModified\":\"2019-03-21T11:55:40+00:00\",\"breadcrumb\":{\"@id\":\"https:\/\/colegio.sanjaimemoncada.es\/idiomas\/#breadcrumb\"},\"inLanguage\":\"en-US\",\"potentialAction\":[{\"@type\":\"ReadAction\",\"target\":[\"https:\/\/colegio.sanjaimemoncada.es\/idiomas\/\"]}]},{\"@type\":\"BreadcrumbList\",\"@id\":\"https:\/\/colegio.sanjaimemoncada.es\/idiomas\/#breadcrumb\",\"itemListElement\":[{\"@type\":\"ListItem\",\"position\":1,\"name\":\"Portada\",\"item\":\"https:\/\/colegio.sanjaimemoncada.es\/\"},{\"@type\":\"ListItem\",\"position\":2,\"name\":\"Languages\"}]},{\"@type\":\"WebSite\",\"@id\":\"https:\/\/colegio.sanjaimemoncada.es\/#website\",\"url\":\"https:\/\/colegio.sanjaimemoncada.es\/\",\"name\":\"C. Parroquial San Jaime Ap\u00f3stol\",\"description\":\"\",\"potentialAction\":[{\"@type\":\"SearchAction\",\"target\":{\"@type\":\"EntryPoint\",\"urlTemplate\":\"https:\/\/colegio.sanjaimemoncada.es\/?s={search_term_string}\"},\"query-input\":{\"@type\":\"PropertyValueSpecification\",\"valueRequired\":true,\"valueName\":\"search_term_string\"}}],\"inLanguage\":\"en-US\"}]}<\/script>\n<!-- \/ Yoast SEO plugin. -->","yoast_head_json":{"title":"Languages - C. Parroquial San Jaime Ap\u00f3stol","robots":{"index":"index","follow":"follow","max-snippet":"max-snippet:-1","max-image-preview":"max-image-preview:large","max-video-preview":"max-video-preview:-1"},"canonical":"https:\/\/colegio.sanjaimemoncada.es\/idiomas\/","og_locale":"en_US","og_type":"article","og_title":"Languages - C. Parroquial San Jaime Ap\u00f3stol","og_description":"Homologation B1 Valenciano JQCV Those who can apply for the homologation with the level B1 certificate of Valencian knowledge from the JQCV are students and alumni who have taken and passed the Valencian subject in the following courses and educational stages: \u00a0\u00a0\u00a0In all Basic General Education courses. \u00a0\u00a0\u00a0In all the courses of Primary Education and [&hellip;]","og_url":"https:\/\/colegio.sanjaimemoncada.es\/idiomas\/","og_site_name":"C. Parroquial San Jaime Ap\u00f3stol","article_modified_time":"2019-03-21T11:55:40+00:00","twitter_card":"summary_large_image","twitter_misc":{"Est. reading time":"1 minute"},"schema":{"@context":"https:\/\/schema.org","@graph":[{"@type":"WebPage","@id":"https:\/\/colegio.sanjaimemoncada.es\/idiomas\/","url":"https:\/\/colegio.sanjaimemoncada.es\/idiomas\/","name":"Languages - C. Parroquial San Jaime Ap\u00f3stol","isPartOf":{"@id":"https:\/\/colegio.sanjaimemoncada.es\/#website"},"datePublished":"2017-03-02T15:04:42+00:00","dateModified":"2019-03-21T11:55:40+00:00","breadcrumb":{"@id":"https:\/\/colegio.sanjaimemoncada.es\/idiomas\/#breadcrumb"},"inLanguage":"en-US","potentialAction":[{"@type":"ReadAction","target":["https:\/\/colegio.sanjaimemoncada.es\/idiomas\/"]}]},{"@type":"BreadcrumbList","@id":"https:\/\/colegio.sanjaimemoncada.es\/idiomas\/#breadcrumb","itemListElement":[{"@type":"ListItem","position":1,"name":"Portada","item":"https:\/\/colegio.sanjaimemoncada.es\/"},{"@type":"ListItem","position":2,"name":"Languages"}]},{"@type":"WebSite","@id":"https:\/\/colegio.sanjaimemoncada.es\/#website","url":"https:\/\/colegio.sanjaimemoncada.es\/","name":"C. Parroquial San Jaime Ap\u00f3stol","description":"","potentialAction":[{"@type":"SearchAction","target":{"@type":"EntryPoint","urlTemplate":"https:\/\/colegio.sanjaimemoncada.es\/?s={search_term_string}"},"query-input":{"@type":"PropertyValueSpecification","valueRequired":true,"valueName":"search_term_string"}}],"inLanguage":"en-US"}]}},"_links":{"self":[{"href":"https:\/\/colegio.sanjaimemoncada.es\/en\/wp-json\/wp\/v2\/pages\/9604","targetHints":{"allow":["GET"]}}],"collection":[{"href":"https:\/\/colegio.sanjaimemoncada.es\/en\/wp-json\/wp\/v2\/pages"}],"about":[{"href":"https:\/\/colegio.sanjaimemoncada.es\/en\/wp-json\/wp\/v2\/types\/page"}],"author":[{"embeddable":true,"href":"https:\/\/colegio.sanjaimemoncada.es\/en\/wp-json\/wp\/v2\/users\/4"}],"replies":[{"embeddable":true,"href":"https:\/\/colegio.sanjaimemoncada.es\/en\/wp-json\/wp\/v2\/comments?post=9604"}],"version-history":[{"count":3,"href":"https:\/\/colegio.sanjaimemoncada.es\/en\/wp-json\/wp\/v2\/pages\/9604\/revisions"}],"predecessor-version":[{"id":13068,"href":"https:\/\/colegio.sanjaimemoncada.es\/en\/wp-json\/wp\/v2\/pages\/9604\/revisions\/13068"}],"wp:attachment":[{"href":"https:\/\/colegio.sanjaimemoncada.es\/en\/wp-json\/wp\/v2\/media?parent=9604"}],"curies":[{"name":"wp","href":"https:\/\/api.w.org\/{rel}","templated":true}]}}