{"id":9570,"date":"2016-04-26T11:47:11","date_gmt":"2016-04-26T09:47:11","guid":{"rendered":"https:\/\/colegio.sanjaimemoncada.es\/eso-bachillerato\/recursos-educativos\/"},"modified":"2020-09-11T12:07:06","modified_gmt":"2020-09-11T10:07:06","slug":"recursos-educativos","status":"publish","type":"page","link":"https:\/\/colegio.sanjaimemoncada.es\/en\/eso-bachillerato\/recursos-educativos\/","title":{"rendered":"Recursos educativos"},"content":{"rendered":"<p>&nbsp;<\/p>\n<p><em><strong>Recursos Educatius ESO<\/strong><\/em><\/p>\n<p>&nbsp;<\/p>\n<table style=\"height: 563px; width: 668px;\">\n<tbody>\n<tr>\n<td style=\"width: 162px; text-align: center;\"><strong>1r ESO<\/strong><\/td>\n<td style=\"width: 175px; text-align: center;\"><strong>2n ESO<\/strong><\/td>\n<td style=\"width: 151px; text-align: center;\"><strong>3r ESO<\/strong><\/td>\n<td style=\"width: 162px; text-align: center;\"><strong>4t ESO<\/strong><\/td>\n<\/tr>\n<tr>\n<td style=\"width: 162px;\">\n<ul>\n<li><a href=\"https:\/\/marietesiparotets.blogspot.com\/search\/label\/B-G%201%C2%BA%20ESO\" target=\"_blank\" rel=\"noopener\"><strong>BIOLOG\u00cdA y GEOLOG\u00cdA 1\u00ba ESO.<\/strong><\/a><\/li>\n<\/ul>\n<p>&nbsp;<\/p>\n<ul>\n<li><strong><a href=\"http:\/\/vpalaumota.blogspot.com.es\/\" target=\"_blank\" rel=\"noopener\">MATEM\u00c0TIQUES 1r E.S.O.<\/a><\/strong> Exercicis tema 4: Fraccions<\/li>\n<li><strong><a href=\"https:\/\/drive.google.com\/open?id=132mXd5PQa2C_NjOnRzIohnRN13wwVNP7\" target=\"_blank\" rel=\"noopener\">M\u00daSICA 1r <\/a><\/strong><\/li>\n<li><strong><a href=\"https:\/\/drive.google.com\/open?id=132mXd5PQa2C_NjOnRzIohnRN13wwVNP7\" target=\"_blank\" rel=\"noopener\">ESO<\/a><\/strong><a href=\"https:\/\/drive.google.com\/file\/d\/1wu038KfWOELXUHLHEj1KrP00y5lWKOuc\/view?ts=5afbe369\" target=\"_blank\" rel=\"noopener\"><strong>CCNN. Treball MINERALS I ROQUES<\/strong><\/a><\/li>\n<\/ul>\n<p>&nbsp;<\/td>\n<td style=\"width: 175px;\"><strong>MATEM\u00c0TIQUES 2n ESO:<\/strong><\/p>\n<ul>\n<li><a href=\"https:\/\/drive.google.com\/file\/d\/1Dnn8871vzp6ZuI8wjUW4aJRLFiFbseUf\/view\" target=\"_blank\" rel=\"noopener\"><strong>Exercicis de rep\u00e0s tema 9 amb solucions<\/strong><\/a><\/li>\n<li><a href=\"https:\/\/drive.google.com\/file\/d\/1EJSKmINQGZPQbAuQhDY8TxfOBs7_Mph7\/view\" target=\"_blank\" rel=\"noopener\"><strong>Tema 9, presentaci\u00f3.<\/strong><\/a><\/li>\n<li><a href=\"https:\/\/drive.google.com\/file\/d\/1wmzWYSRYoUE8fCtjdq-NqjzyjiDtuF_h\/view?usp=sharing\" target=\"_blank\" rel=\"noopener\"><strong>\u00a0Treball estadistica.<\/strong><\/a><\/li>\n<li><strong><a href=\"https:\/\/drive.google.com\/drive\/folders\/0B59oYW-KNXxMRFJnbFoxU3FQdTg?usp=sharing\" target=\"_blank\" rel=\"noopener\">2n ESO pendents.<\/a><\/strong><\/li>\n<li><a href=\"https:\/\/drive.google.com\/open?id=0B3ADGyC7XNqwMjVPSFdUQzBLTU1qWEZKSEl5c0szclhHUGpR\" target=\"_blank\" rel=\"noopener\"><strong>Matem\u00e0tiques 2n ESO C. Refor\u00e7<\/strong><\/a><\/li>\n<li><strong><a href=\"https:\/\/drive.google.com\/open?id=0B3ADGyC7XNqwdmM5ZzNKTzNycmY4RDIxYW8wT1VNZWhMZ08w\" target=\"_blank\" rel=\"noopener\">Refor\u00e7. Tema 13. Solucionari.<\/a><\/strong><\/li>\n<li><a href=\"https:\/\/drive.google.com\/open?id=0B3ADGyC7XNqwbnY1YjAzMVdCRGtUWVJnemZQUk1abF9YVVMw\" target=\"_blank\" rel=\"noopener\">Refor\u00e7. Tema 2\/3. Fraccions i pot\u00e8ncies<\/a><\/li>\n<li><a href=\"https:\/\/drive.google.com\/open?id=0B3ADGyC7XNqwMkxyU3NWUDA3V21MUThNM0xTQ3dmVW03d0xV\" target=\"_blank\" rel=\"noopener\">Solucionari. Tema 2\/3. Fraccions i pot\u00e8ncies.<\/a><\/li>\n<\/ul>\n<p>&nbsp;<\/p>\n<p><a href=\"https:\/\/drive.google.com\/drive\/folders\/0B57oUrxP-WwPYzFPamR1MzdEOW8?usp=sharing\" target=\"_blank\" rel=\"noopener\"><strong>M\u00daSICA 2\u00ba ESO<\/strong><\/a><\/p>\n<p>&nbsp;<\/p>\n<p>&nbsp;<\/p>\n<p>&nbsp;<\/p>\n<p>&nbsp;<\/p>\n<p>&nbsp;<\/td>\n<td style=\"width: 151px;\"><strong><a href=\"http:\/\/marietesiparotets.blogspot.com.es\/search\/label\/B-G%203%C2%BA%20ESO\" target=\"_blank\" rel=\"noopener\">BIOLOG\u00cdA Y GEOLOG\u00cdA \u00a03\u00ba E.S.O.<\/a><\/strong><\/p>\n<p><a href=\"https:\/\/drive.google.com\/open?id=0B57oUrxP-WwPTmdMVXRJZDRLVzQ\" target=\"_blank\" rel=\"noopener\"><strong>M\u00daSICA 3\u00ba ESO<\/strong><\/a><\/p>\n<p>&nbsp;<\/p>\n<p>&nbsp;<\/p>\n<p>&nbsp;<\/p>\n<p><a href=\"https:\/\/drive.google.com\/drive\/folders\/1yVjXX2DkNrvqUdbQTfztgLV26KfARVMW?usp=sharing\" target=\"_blank\" rel=\"noopener\"><strong>QU\u00cdMICA 3r ESO. exercicis Tema 4<\/strong><\/a><\/p>\n<p>&nbsp;<\/p>\n<p><a href=\"https:\/\/drive.google.com\/drive\/folders\/13w8Pet4DiLZuyOcqyf44BSAZmd3-CAc3?usp=sharing\" target=\"_blank\" rel=\"noopener\"><strong>F\u00cdSICA I QU\u00cdMICA 3r ESO<\/strong><\/a><\/p>\n<p><strong>F\u00cdSICA I QU\u00cdMICA 3r ESO<\/strong><\/p>\n<ul>\n<li><strong><a href=\"https:\/\/drive.google.com\/file\/d\/1veZmPHsv4851TUKTr9Wzebl44T7Kj4fA\/view\" target=\"_blank\" rel=\"noopener\">EXERCICIS TEMA 5<\/a><\/strong><\/li>\n<li><a href=\"https:\/\/drive.google.com\/file\/d\/1IqoYHl0j91MVyBcRemsF9QJKT_SvRvYt\/view\" target=\"_blank\" rel=\"noopener\"><strong>SOLUCIONARI TEMA<\/strong> 5<\/a><\/li>\n<\/ul>\n<\/td>\n<td style=\"width: 162px;\">&nbsp;<\/p>\n<p>&nbsp;<\/p>\n<p><strong><a href=\"https:\/\/marietesiparotets.blogspot.com\/search\/label\/B-G%204%C2%BA%20ESO\" target=\"_blank\" rel=\"noopener\">BIOLOGIA I GEOLOGIA 4t ESO<\/a><\/strong><\/p>\n<p><strong><a href=\"http:\/\/vpalaumota.blogspot.com.es\/\" target=\"_blank\" rel=\"noopener\">FISICA i QUIMICA 4t E.S.O. (Vicent Palau)<\/a><\/strong><\/p>\n<p><strong>F\u00cdSICA I QU\u00cdMICA 4t ESO, (M JOS\u00c9 BERNAB\u00c9)<\/strong><\/p>\n<ul>\n<li><strong><a href=\"https:\/\/drive.google.com\/file\/d\/1mOQfzM1dlr7zhpVLePgIctC08hWsUfH-\/view\" target=\"_blank\" rel=\"noopener\">Tema 7. Estudi del moviment<\/a><\/strong><\/li>\n<li>\u00a0<strong><a href=\"https:\/\/drive.google.com\/open?id=0B3ADGyC7XNqwMVZHaGI4dFJMXzJrQ1lOWkEwSkxUcmtFWmRR\" target=\"_blank\" rel=\"noopener\">Exercicis de refor\u00e7 energia i trebal<\/a><\/strong><\/li>\n<li><a href=\"https:\/\/drive.google.com\/open?id=0B3ADGyC7XNqwR2FZRWRvYWJZRmFyZWR3Zjd4aS1NNnVycW1B\" target=\"_blank\" rel=\"noopener\"><strong>Solucionari reforc energia i treball<\/strong><\/a><\/li>\n<\/ul>\n<p>&nbsp;<\/p>\n<p><strong><a href=\"https:\/\/drive.google.com\/open?id=0B57oUrxP-WwPVWNkQXk5VUo3THM\" target=\"_blank\" rel=\"noopener\">M\u00daSICA 4\u00ba ESO<\/a><\/strong><\/p>\n<ul>\n<li><a href=\"https:\/\/www.youtube.com\/channel\/UCpEacADVdX3wKN9jGR8ql6w\" target=\"_blank\" rel=\"noopener\">Canal YouTube de Jos\u00e9 Bosch con v\u00eddeos de resoluci\u00f3n de <strong>problemas dematem\u00e1ticas para la ESO.<\/strong><\/a><\/li>\n<\/ul>\n<p>&nbsp;<\/td>\n<\/tr>\n<\/tbody>\n<\/table>\n<p>&nbsp;<\/p>\n<p><em><strong>Recursos Educatius Batxillerat<\/strong><\/em><\/p>\n<table style=\"width: 517px;\">\n<tbody>\n<tr style=\"height: 46px;\">\n<td style=\"width: 355px; height: 46px;\"><strong>1r BATXILLERAT<\/strong><\/td>\n<td style=\"width: 443px; height: 46px;\"><strong>2n BATXILLERAT<\/strong><\/td>\n<\/tr>\n<tr style=\"height: 24px;\">\n<td style=\"width: 355px; height: 24px;\">\n<ul>\n<li><a href=\"https:\/\/drive.google.com\/file\/d\/1uhoCTVeYQJkvoTxM-AHov4ZssIOxBHk9\/view?usp=sharing\" target=\"_blank\" rel=\"noopener\">Matem\u00e1ticas CCSS 1\u00ba BACHILLERATO. Programa de la asignatura.<\/a><\/li>\n<\/ul>\n<p>&nbsp;<\/p>\n<ul>\n<li><strong><a href=\"http:\/\/www.uv.es\/jbosch\" target=\"_blank\" rel=\"noopener\">F\u00cdSICA\u00a0 <\/a><a href=\"http:\/\/www.uv.es\/jbosch\" target=\"_blank\" rel=\"noopener\">1\u00ba Bachillerato<\/a>\u00a0(Jos\u00e9 Bosch)<\/strong><\/li>\n<\/ul>\n<p>&nbsp;<\/p>\n<ul>\n<li><a href=\"https:\/\/sites.google.com\/site\/apuntesreli\/\"><strong>RELIGI\u00d3N &#8211; <\/strong>Portafolios de 1\u00ba de Bachillerato<\/a>\u00a0\/ <a href=\"http:\/\/infoprol.com\/LMS\/course\/view.php?id=2\">Plataforma digital<\/a><\/li>\n<\/ul>\n<p>&nbsp;<\/p>\n<ul>\n<li><a href=\"http:\/\/vpalaumota.blogspot.com.es\/\" target=\"_blank\" rel=\"noopener\"><strong>MATEM\u00c0TIQUES Cientific-Tecnol\u00f2gic 1r Batxiller<\/strong><\/a><\/li>\n<\/ul>\n<p>&nbsp;<\/p>\n<ul>\n<li><a href=\"http:\/\/tecnochover.blogspot.com.es\/\" target=\"_blank\" rel=\"noopener\"><strong>TECNOLOG\u00cdA INDUSTRIAL<\/strong>\u00a0 1\u00ba &#8211; 2\u00ba Bachillerato<\/a><\/li>\n<\/ul>\n<p>&nbsp;<\/p>\n<ul>\n<li><a href=\"https:\/\/drive.google.com\/drive\/folders\/0B59oYW-KNXxMdGdocURVajZFcU0?usp=sharing\" target=\"_blank\" rel=\"noopener\"><strong>BIOLOGIA.<\/strong> 1r Batxillerat<\/a><\/li>\n<\/ul>\n<p>&nbsp;<\/p>\n<ul>\n<li><a href=\"https:\/\/drive.google.com\/open?id=0B3ADGyC7XNqwUTRFZ0h3bGlzZlU\" target=\"_blank\" rel=\"noopener\"><strong>VALENCI\u00c0.<\/strong> 1r Batxillerat<\/a><\/li>\n<\/ul>\n<p>&nbsp;<\/p>\n<ul>\n<li><strong><a href=\"http:\/\/www.uv.es\/jbosch\" target=\"_blank\" rel=\"noopener\">F\u00cdSICA\u00a0 <\/a><\/strong><a href=\"http:\/\/www.uv.es\/jbosch\" target=\"_blank\" rel=\"noopener\">1\u00ba Bachillerato &#8211; 2\u00ba Bachillerato<\/a><\/li>\n<\/ul>\n<p>&nbsp;<\/p>\n<ul>\n<li><strong><a href=\"https:\/\/drive.google.com\/file\/d\/1EYFoKn7so-GMNwGZ_aF34o9Zr-yPLYDb\/view\" target=\"_blank\" rel=\"noopener\">Refor\u00e7: BIOLOGIA I GEOLOGIA 1r Batxillerat.<\/a><\/strong><\/li>\n<\/ul>\n<p>&nbsp;<\/p>\n<ul>\n<li><strong>BIOLOGIA. Activitats de rep\u00e0s Tema nutrici\u00f3 (digestiu i respiratori)<\/strong><\/li>\n<li><strong><a href=\"https:\/\/drive.google.com\/file\/d\/1wI0Ri_chtqwDJ8C8AG3cxTbSPu5P9ttn\/view\" target=\"_blank\" rel=\"noopener\">Q\u00fcestions<\/a><\/strong><\/li>\n<li><strong><a href=\"https:\/\/drive.google.com\/file\/d\/1Ts2tjYvCG-1jr3gNtWi8pOIOA0obZsTr\/view\" target=\"_blank\" rel=\"noopener\">Q\u00fcestions i respostes<\/a><\/strong><\/li>\n<li><strong><a href=\"https:\/\/drive.google.com\/file\/d\/1pGFrMCaltZKb_DBEt2B_yZEuvikt6jRC\/view\" target=\"_blank\" rel=\"noopener\">Taula enzims<\/a><\/strong><\/li>\n<\/ul>\n<div>\u00a0<strong> 1r BTX A Biolog\u00eda i Geolog\u00eda.<\/strong><\/div>\n<ol>\n<li><strong><a href=\"https:\/\/drive.google.com\/file\/d\/1oB1xMv5TQY-7JGr6U5gLtI1l6qdYouVV\/view?usp=sharing\" target=\"_blank\" rel=\"noopener\" data-saferedirecturl=\"https:\/\/www.google.com\/url?hl=es&amp;q=https:\/\/drive.google.com\/file\/d\/1oB1xMv5TQY-7JGr6U5gLtI1l6qdYouVV\/view?usp%3Dsharing&amp;source=gmail&amp;ust=1525877451919000&amp;usg=AFQjCNF28RTt6lRcT_SxvPoOGJRxJL7LeA\">Sistema circulatori. Resum.<\/a><\/strong><\/li>\n<li><strong><a href=\"https:\/\/view.genial.ly\/58e2742697c02130781484d0\/sistema-circulat\" target=\"_blank\" rel=\"noopener\" data-saferedirecturl=\"https:\/\/www.google.com\/url?hl=es&amp;q=https:\/\/view.genial.ly\/58e2742697c02130781484d0\/sistema-circulat&amp;source=gmail&amp;ust=1525877451919000&amp;usg=AFQjCNH3cIIXLfg79vpgJanABkYEDg5bIg\">Circulatori genially<\/a><\/strong><\/li>\n<\/ol>\n<p><strong>1r BTX Biolog\u00eda i geologia. Refor\u00e7:<\/strong><\/p>\n<ol>\n<li><strong><a href=\"https:\/\/drive.google.com\/file\/d\/1VWLcJcI_VH5R40hRMQeUAtCP6sDBh0Gd\/view?usp=sharing\" target=\"_blank\" rel=\"noopener\">Sistema nervi\u00f3s vertebrats<\/a><\/strong><\/li>\n<li><strong><a href=\"https:\/\/drive.google.com\/file\/d\/1uiKzzfLZ4JWsnfK3C-bWqxPBks3JvB1-\/view?usp=sharing\" target=\"_blank\" rel=\"noopener\">Dissecci\u00f3 de l&#8217;ull<\/a><\/strong><\/li>\n<li><strong><a href=\"https:\/\/drive.google.com\/file\/d\/1JQrYA5ZcNGgC__oDaE5rxE5ppLCsJX6h\/view?usp=sharing\" target=\"_blank\" rel=\"noopener\">Pr\u00e0ctica digesti\u00f3<\/a><\/strong><\/li>\n<\/ol>\n<\/td>\n<td style=\"width: 443px; height: 24px;\">\n<ul>\n<li><a href=\"https:\/\/drive.google.com\/file\/d\/15B7PMQzIpgasqCRZ_ghJFpyPEw2PYn5V\/view?usp=sharing\">MATEM\u00c1TICAS CCSS 2\u00ba BACHILLERATO. Programa de la asignatura.<\/a><\/li>\n<li><a href=\"https:\/\/drive.google.com\/file\/d\/1MhdeoECBIiy8-hoWTgYVEWY6RFbk7AJo\/view?usp=sharing\" target=\"_blank\" rel=\"noopener\">MATEM\u00c1TICAS CCSS 2\u00ba BACHILLERATO<\/a><strong><a href=\"https:\/\/drive.google.com\/file\/d\/1MhdeoECBIiy8-hoWTgYVEWY6RFbk7AJo\/view?usp=sharing\" target=\"_blank\" rel=\"noopener\">\u00a0Libro de problemas.<\/a><\/strong><\/li>\n<\/ul>\n<p>&nbsp;<\/p>\n<ul>\n<li><strong><a href=\"https:\/\/drive.google.com\/file\/d\/102d78usYEaHHE0f2KAWYyy2lLoQE4fdJ\/view\" target=\"_blank\" rel=\"noopener\">BIOLOGIA 2\u00ba: Programa BACHILLERATO. (Jose \u00c1ngel Rubio) <\/a><\/strong><\/li>\n<li><strong><a href=\"https:\/\/drive.google.com\/file\/d\/1YLVsEO-I5bwy6Qgkth05Ga6_eU4XAqiB\/view?usp=sharing\" target=\"_blank\" rel=\"noopener\">BIOLOGIA 2\u00ba BACHILLERATO. Bloque 1<\/a><\/strong><\/li>\n<li><strong><a href=\"https:\/\/drive.google.com\/file\/d\/1xRPwhnD0q8B0-OT-h-h9gLZhvciTMi2S\/view?usp=sharing\" target=\"_blank\" rel=\"noopener\">BIOLOGIA 2\u00ba BACHILLERATO. Bloque 2<\/a><\/strong><\/li>\n<li><strong><a href=\"https:\/\/drive.google.com\/file\/d\/1jcUtCARNnNHVT4tn9NdHhki24Is8Tw0P\/view?usp=sharing\" target=\"_blank\" rel=\"noopener\">BIOLOGIA 2\u00ba BACHILLERATO. Bloque 3<\/a><\/strong><\/li>\n<li><strong><a href=\"https:\/\/drive.google.com\/file\/d\/1qUGTs9JGL2NkSWuffOYY07MhZCoaZFtH\/view?usp=sharing\" target=\"_blank\" rel=\"noopener\">BIOLOGIA 2\u00ba BACHILLERATO. Bloque 4<\/a><\/strong><\/li>\n<\/ul>\n<p>&nbsp;<\/p>\n<ul>\n<li><strong><a href=\"http:\/\/www.uv.es\/jbosch\" target=\"_blank\" rel=\"noopener\">F\u00cdSICA 2\u00ba Bachillerato (Jos\u00e9 Bosch)<\/a><\/strong><\/li>\n<li><a href=\"https:\/\/www.youtube.com\/channel\/UCpEacADVdX3wKN9jGR8ql6w\" target=\"_blank\" rel=\"noopener\">Canal YouTube de Jos\u00e9 Bosch con v\u00eddeos de resoluci\u00f3n de <strong>problemas de F\u00cdSICA<\/strong>\u00a0<\/a><\/li>\n<\/ul>\n<p>&nbsp;<\/p>\n<ul>\n<li><strong><a href=\"http:\/\/vpalaumota.blogspot.com.es\/\" target=\"_blank\" rel=\"noopener\">PR\u00c1CTICAS DE QU\u00cdMICA \u00a0&#8211; \u00a02\u00ba Bachillerato<\/a><\/strong><\/li>\n<\/ul>\n<p>&nbsp;<\/p>\n<ul>\n<li><strong><a href=\"https:\/\/www.dropbox.com\/sh\/e81yol9fv9fp2zk\/AAB8vIyljo7FKgpj5o79QD2ka?dl=0\" target=\"_blank\" rel=\"noopener\">CASTELLANO: LENGUA Y LITERATURA 2\u00ba Bachillerato<\/a>\u00a0\u00a0\u00a0\u00a0\u00a0 Apuntes<\/strong><\/li>\n<\/ul>\n<p>&nbsp;<\/p>\n<ul>\n<li><strong><a href=\"http:\/\/tecnochover.blogspot.com.es\/\" target=\"_blank\" rel=\"noopener\">TECNOLOG\u00cdA INDUSTRIAL\u00a0 1\u00ba &#8211; 2\u00ba Bachillerato<\/a><\/strong><\/li>\n<li><strong><a href=\"https:\/\/sites.google.com\/view\/matejl-2018\/home\" target=\"_blank\" rel=\"noopener\">Recursos<\/a><\/strong><\/li>\n<\/ul>\n<p>&nbsp;<\/p>\n<ul>\n<li><strong><a href=\"https:\/\/sites.google.com\/view\/matejl-2018\/home\" target=\"_blank\" rel=\"noopener\">MATEM\u00c0TIQUES II<\/a><\/strong><\/li>\n<li style=\"list-style-type: none;\"><\/li>\n<li><strong><a href=\"https:\/\/marietesiparotets.blogspot.com\/search\/label\/GEOLOG%C3%8DA%202%C2%BA%20BACHILLERATO\" target=\"_blank\" rel=\"noopener\">GEOLOG\u00cdA 2\u00ba BACHILLERATO<\/a><\/strong><\/li>\n<\/ul>\n<p>&nbsp;<\/p>\n<p>&nbsp;<\/td>\n<\/tr>\n<tr style=\"height: 24px;\">\n<td style=\"width: 355px; height: 24px;\"><\/td>\n<td style=\"width: 443px; height: 24px;\"><\/td>\n<\/tr>\n<\/tbody>\n<\/table>\n<p>&nbsp;<\/p>\n<p>&nbsp;<\/p>\n<p><strong>MATERIAL\u00a0 DE CONSULTA<\/strong><\/p>\n<table style=\"height: 30px;\" width=\"776\">\n<tbody>\n<tr>\n<td style=\"width: 187px;\"><strong><a href=\"https:\/\/sja1esoa.wordpress.com\/\" target=\"_blank\" rel=\"noopener\">Blog de Aula 1\u00ba E.S.O. \u00a0 A<\/a><\/strong><\/p>\n<p><strong><a href=\"https:\/\/sja1esob.wordpress.com\/\" target=\"_blank\" rel=\"noopener\">Blog de Aula 1\u00ba E.S.O. \u00a0 B<\/a><\/strong><\/p>\n<p><strong><a href=\"https:\/\/1esocsja.wordpress.com\/\" target=\"_blank\" rel=\"noopener\">Blog de Castellano 1\u00ba ESO C<\/a><\/strong><\/p>\n<p><strong><a href=\"https:\/\/1esocsja.wordpress.com\/\" target=\"_blank\" rel=\"noopener\">B<\/a><\/strong><a href=\"https:\/\/1esodsjablog.wordpress.com\/\" target=\"_blank\" rel=\"noopener\"><strong>log de Castellano<\/strong><\/a><\/p>\n<p><a href=\"https:\/\/1esodsjablog.wordpress.com\/\" target=\"_blank\" rel=\"noopener\"><strong>1\u00ba ESO D<\/strong><\/a><\/p>\n<p><strong><a href=\"https:\/\/sja1esof.wordpress.com\/\" target=\"_blank\" rel=\"noopener\">Blog de Aula 1\u00ba E.S.O. \u00a0 F<\/a><\/strong><\/p>\n<p>&nbsp;<\/p>\n<ul>\n<li><a href=\"https:\/\/sja1esoa.edublogs.org\" target=\"_blank\" rel=\"noopener\"><strong>Bloc Lengua y Literatura Castellana 1\u00ba ESO A<\/strong><\/a><\/li>\n<li><a href=\"https:\/\/sja1esob.edublogs.org\/\" target=\"_blank\" rel=\"noopener\"><strong>Bloc Lengua y Literatura Castellana 1\u00ba ESO B<\/strong><\/a><\/li>\n<li><a href=\"https:\/\/sja1esof.edublogs.org\/\" target=\"_blank\" rel=\"noopener\"><strong>Bloc Lengua y Literatura Castellana 1\u00ba ESO F<\/strong><\/a><\/li>\n<\/ul>\n<p>&nbsp;<\/td>\n<td style=\"width: 187px;\"><strong><a href=\"https:\/\/sja2esoa.wordpress.com\/\" target=\"_blank\" rel=\"noopener\">Blog de Aula 2\u00ba E.S.O. \u00a0 A<\/a><\/strong><\/p>\n<p><strong><a href=\"https:\/\/2esobsjablog.wordpress.com\/\" target=\"_blank\" rel=\"noopener\">Blog de Castellano 2\u00ba ESO B<\/a><\/strong><\/p>\n<p><strong><a href=\"https:\/\/sja2esoc.wordpress.com\/\" target=\"_blank\" rel=\"noopener\">Blog de Aula 2\u00ba E.S.O. \u00a0 C<\/a><\/strong><\/p>\n<p><strong><a href=\"https:\/\/sja2esod.wordpress.com\/\" target=\"_blank\" rel=\"noopener\">Blog de Aula 2\u00ba E.S.O. \u00a0 D<\/a><\/strong><\/p>\n<p>&nbsp;<\/p>\n<p><a href=\"https:\/\/2esoesjablog.wordpress.com\/\" target=\"_blank\" rel=\"noopener\"><strong>Blog de Castellano 2\u00ba ESO E<\/strong><\/a><\/p>\n<p>&nbsp;<\/p>\n<ul>\n<li><strong><a href=\"https:\/\/sja2eso.edublogs.org\/\" target=\"_blank\" rel=\"noopener\">Bloc Lengua y Literatura 2\u00ba ESO F<\/a><\/strong><\/li>\n<\/ul>\n<\/td>\n<td style=\"width: 187px;\">\n<ul>\n<li><strong><a href=\"http:\/\/marietesiparotets.blogspot.com.es\/search\/label\/RECURSOS%20CTM\" target=\"_blank\" rel=\"noopener\">C.T.M. 2\u00ba Bachillerato<\/a><\/strong><\/li>\n<li><a href=\"http:\/\/teranyinadeprimer.wordpress.com\" target=\"_blank\" rel=\"noopener\"><strong>VALENCI\u00c0\u00a0 1r Batxillerat<\/strong><\/a>\u00a0\u00a0\u00a0 Blog de Valenci\u00e0<\/li>\n<li><strong><a href=\"http:\/\/valenciaquarteso.wordpress.com\" target=\"_blank\" rel=\"noopener\">ALENCI\u00c0 4t E.S.O. &#8211; B<\/a>\u00a0\u00a0 Blog de Valenci\u00e0<\/strong><\/li>\n<\/ul>\n<ul>\n<li><\/li>\n<li><strong><a href=\"https:\/\/sja3eso.edublogs.org\/\" target=\"_blank\" rel=\"noopener\">Bloc Lengua y Literatura 3\u00ba ESO B<\/a><\/strong><\/li>\n<\/ul>\n<\/td>\n<td style=\"width: 187px;\"><strong><a href=\"http:\/\/marietesiparotets.blogspot.com.es\/2017\/03\/scholas-occurrentes-b-g-4-eso.html\" target=\"_blank\" rel=\"noopener\">BIOLOG\u00cdA y GEOLOG\u00cdA (Scholas occurrentes) 4\u00ba E.S.O.<\/a><\/strong><\/p>\n<p><strong><a href=\"http:\/\/marietesiparotets.blogspot.com.es\/search\/label\/Scholas%20Occurrentes%20B-G%204%C2%BA%20ESO\" target=\"_blank\" rel=\"noopener\">Biologia i Geologia (Scholas Occurrentes) 4t ESO (2a part)<\/a><\/strong><\/p>\n<ul>\n<li><strong><a href=\"https:\/\/sja4eso.edublogs.org\/\" target=\"_blank\" rel=\"noopener\">Bloc Lengua y Literatura 4\u00ba ESO C<\/a><\/strong><\/li>\n<\/ul>\n<p>&nbsp;<\/td>\n<\/tr>\n<\/tbody>\n<\/table>\n","protected":false},"excerpt":{"rendered":"<p>&nbsp; Recursos Educatius ESO &nbsp; 1r ESO 2n ESO 3r ESO 4t ESO BIOLOG\u00cdA y GEOLOG\u00cdA 1\u00ba ESO. &nbsp; MATEM\u00c0TIQUES 1r E.S.O. Exercicis tema 4: Fraccions M\u00daSICA 1r ESOCCNN. Treball MINERALS I ROQUES &nbsp; MATEM\u00c0TIQUES 2n ESO: Exercicis de rep\u00e0s tema 9 amb solucions Tema 9, presentaci\u00f3. \u00a0Treball estadistica. 2n ESO pendents. Matem\u00e0tiques 2n ESO [&hellip;]<\/p>\n","protected":false},"author":8,"featured_media":0,"parent":9538,"menu_order":0,"comment_status":"closed","ping_status":"closed","template":"","meta":{"_monsterinsights_skip_tracking":false,"_monsterinsights_sitenote_active":false,"_monsterinsights_sitenote_note":"","_monsterinsights_sitenote_category":0,"footnotes":""},"class_list":["post-9570","page","type-page","status-publish","hentry"],"yoast_head":"<!-- This site is optimized with the Yoast SEO plugin v26.2 - https:\/\/yoast.com\/wordpress\/plugins\/seo\/ -->\n<title>Recursos educativos - C. Parroquial San Jaime Ap\u00f3stol<\/title>\n<meta name=\"robots\" content=\"index, follow, max-snippet:-1, max-image-preview:large, max-video-preview:-1\" \/>\n<link rel=\"canonical\" href=\"https:\/\/colegio.sanjaimemoncada.es\/?page_id=234\" \/>\n<meta property=\"og:locale\" content=\"en_US\" \/>\n<meta property=\"og:type\" content=\"article\" \/>\n<meta property=\"og:title\" content=\"Recursos educativos - C. Parroquial San Jaime Ap\u00f3stol\" \/>\n<meta property=\"og:description\" content=\"&nbsp; Recursos Educatius ESO &nbsp; 1r ESO 2n ESO 3r ESO 4t ESO BIOLOG\u00cdA y GEOLOG\u00cdA 1\u00ba ESO. &nbsp; MATEM\u00c0TIQUES 1r E.S.O. Exercicis tema 4: Fraccions M\u00daSICA 1r ESOCCNN. Treball MINERALS I ROQUES &nbsp; MATEM\u00c0TIQUES 2n ESO: Exercicis de rep\u00e0s tema 9 amb solucions Tema 9, presentaci\u00f3. \u00a0Treball estadistica. 2n ESO pendents. Matem\u00e0tiques 2n ESO [&hellip;]\" \/>\n<meta property=\"og:url\" content=\"https:\/\/colegio.sanjaimemoncada.es\/?page_id=234\" \/>\n<meta property=\"og:site_name\" content=\"C. Parroquial San Jaime Ap\u00f3stol\" \/>\n<meta property=\"article:modified_time\" content=\"2020-09-11T10:07:06+00:00\" \/>\n<meta name=\"twitter:card\" content=\"summary_large_image\" \/>\n<meta name=\"twitter:label1\" content=\"Est. reading time\" \/>\n\t<meta name=\"twitter:data1\" content=\"3 minutes\" \/>\n<script type=\"application\/ld+json\" class=\"yoast-schema-graph\">{\"@context\":\"https:\/\/schema.org\",\"@graph\":[{\"@type\":\"WebPage\",\"@id\":\"https:\/\/colegio.sanjaimemoncada.es\/?page_id=234\",\"url\":\"https:\/\/colegio.sanjaimemoncada.es\/?page_id=234\",\"name\":\"Recursos educativos - C. Parroquial San Jaime Ap\u00f3stol\",\"isPartOf\":{\"@id\":\"https:\/\/colegio.sanjaimemoncada.es\/#website\"},\"datePublished\":\"2016-04-26T09:47:11+00:00\",\"dateModified\":\"2020-09-11T10:07:06+00:00\",\"breadcrumb\":{\"@id\":\"https:\/\/colegio.sanjaimemoncada.es\/?page_id=234#breadcrumb\"},\"inLanguage\":\"en-US\",\"potentialAction\":[{\"@type\":\"ReadAction\",\"target\":[\"https:\/\/colegio.sanjaimemoncada.es\/?page_id=234\"]}]},{\"@type\":\"BreadcrumbList\",\"@id\":\"https:\/\/colegio.sanjaimemoncada.es\/?page_id=234#breadcrumb\",\"itemListElement\":[{\"@type\":\"ListItem\",\"position\":1,\"name\":\"Portada\",\"item\":\"https:\/\/colegio.sanjaimemoncada.es\/\"},{\"@type\":\"ListItem\",\"position\":2,\"name\":\"ESO &#8211; Bachillerato\",\"item\":\"https:\/\/colegio.sanjaimemoncada.es\/eso-bachillerato\/\"},{\"@type\":\"ListItem\",\"position\":3,\"name\":\"Recursos educativos\"}]},{\"@type\":\"WebSite\",\"@id\":\"https:\/\/colegio.sanjaimemoncada.es\/#website\",\"url\":\"https:\/\/colegio.sanjaimemoncada.es\/\",\"name\":\"C. Parroquial San Jaime Ap\u00f3stol\",\"description\":\"\",\"potentialAction\":[{\"@type\":\"SearchAction\",\"target\":{\"@type\":\"EntryPoint\",\"urlTemplate\":\"https:\/\/colegio.sanjaimemoncada.es\/?s={search_term_string}\"},\"query-input\":{\"@type\":\"PropertyValueSpecification\",\"valueRequired\":true,\"valueName\":\"search_term_string\"}}],\"inLanguage\":\"en-US\"}]}<\/script>\n<!-- \/ Yoast SEO plugin. -->","yoast_head_json":{"title":"Recursos educativos - C. Parroquial San Jaime Ap\u00f3stol","robots":{"index":"index","follow":"follow","max-snippet":"max-snippet:-1","max-image-preview":"max-image-preview:large","max-video-preview":"max-video-preview:-1"},"canonical":"https:\/\/colegio.sanjaimemoncada.es\/?page_id=234","og_locale":"en_US","og_type":"article","og_title":"Recursos educativos - C. Parroquial San Jaime Ap\u00f3stol","og_description":"&nbsp; Recursos Educatius ESO &nbsp; 1r ESO 2n ESO 3r ESO 4t ESO BIOLOG\u00cdA y GEOLOG\u00cdA 1\u00ba ESO. &nbsp; MATEM\u00c0TIQUES 1r E.S.O. Exercicis tema 4: Fraccions M\u00daSICA 1r ESOCCNN. Treball MINERALS I ROQUES &nbsp; MATEM\u00c0TIQUES 2n ESO: Exercicis de rep\u00e0s tema 9 amb solucions Tema 9, presentaci\u00f3. \u00a0Treball estadistica. 2n ESO pendents. Matem\u00e0tiques 2n ESO [&hellip;]","og_url":"https:\/\/colegio.sanjaimemoncada.es\/?page_id=234","og_site_name":"C. Parroquial San Jaime Ap\u00f3stol","article_modified_time":"2020-09-11T10:07:06+00:00","twitter_card":"summary_large_image","twitter_misc":{"Est. reading time":"3 minutes"},"schema":{"@context":"https:\/\/schema.org","@graph":[{"@type":"WebPage","@id":"https:\/\/colegio.sanjaimemoncada.es\/?page_id=234","url":"https:\/\/colegio.sanjaimemoncada.es\/?page_id=234","name":"Recursos educativos - C. Parroquial San Jaime Ap\u00f3stol","isPartOf":{"@id":"https:\/\/colegio.sanjaimemoncada.es\/#website"},"datePublished":"2016-04-26T09:47:11+00:00","dateModified":"2020-09-11T10:07:06+00:00","breadcrumb":{"@id":"https:\/\/colegio.sanjaimemoncada.es\/?page_id=234#breadcrumb"},"inLanguage":"en-US","potentialAction":[{"@type":"ReadAction","target":["https:\/\/colegio.sanjaimemoncada.es\/?page_id=234"]}]},{"@type":"BreadcrumbList","@id":"https:\/\/colegio.sanjaimemoncada.es\/?page_id=234#breadcrumb","itemListElement":[{"@type":"ListItem","position":1,"name":"Portada","item":"https:\/\/colegio.sanjaimemoncada.es\/"},{"@type":"ListItem","position":2,"name":"ESO &#8211; Bachillerato","item":"https:\/\/colegio.sanjaimemoncada.es\/eso-bachillerato\/"},{"@type":"ListItem","position":3,"name":"Recursos educativos"}]},{"@type":"WebSite","@id":"https:\/\/colegio.sanjaimemoncada.es\/#website","url":"https:\/\/colegio.sanjaimemoncada.es\/","name":"C. Parroquial San Jaime Ap\u00f3stol","description":"","potentialAction":[{"@type":"SearchAction","target":{"@type":"EntryPoint","urlTemplate":"https:\/\/colegio.sanjaimemoncada.es\/?s={search_term_string}"},"query-input":{"@type":"PropertyValueSpecification","valueRequired":true,"valueName":"search_term_string"}}],"inLanguage":"en-US"}]}},"_links":{"self":[{"href":"https:\/\/colegio.sanjaimemoncada.es\/en\/wp-json\/wp\/v2\/pages\/9570","targetHints":{"allow":["GET"]}}],"collection":[{"href":"https:\/\/colegio.sanjaimemoncada.es\/en\/wp-json\/wp\/v2\/pages"}],"about":[{"href":"https:\/\/colegio.sanjaimemoncada.es\/en\/wp-json\/wp\/v2\/types\/page"}],"author":[{"embeddable":true,"href":"https:\/\/colegio.sanjaimemoncada.es\/en\/wp-json\/wp\/v2\/users\/8"}],"replies":[{"embeddable":true,"href":"https:\/\/colegio.sanjaimemoncada.es\/en\/wp-json\/wp\/v2\/comments?post=9570"}],"version-history":[{"count":24,"href":"https:\/\/colegio.sanjaimemoncada.es\/en\/wp-json\/wp\/v2\/pages\/9570\/revisions"}],"predecessor-version":[{"id":20372,"href":"https:\/\/colegio.sanjaimemoncada.es\/en\/wp-json\/wp\/v2\/pages\/9570\/revisions\/20372"}],"up":[{"embeddable":true,"href":"https:\/\/colegio.sanjaimemoncada.es\/en\/wp-json\/wp\/v2\/pages\/9538"}],"wp:attachment":[{"href":"https:\/\/colegio.sanjaimemoncada.es\/en\/wp-json\/wp\/v2\/media?parent=9570"}],"curies":[{"name":"wp","href":"https:\/\/api.w.org\/{rel}","templated":true}]}}