{"id":9566,"date":"2016-04-26T11:49:11","date_gmt":"2016-04-26T09:49:11","guid":{"rendered":"https:\/\/colegio.sanjaimemoncada.es\/eso-bachillerato\/organigrama\/"},"modified":"2023-11-30T13:27:14","modified_gmt":"2023-11-30T12:27:14","slug":"organigrama","status":"publish","type":"page","link":"https:\/\/colegio.sanjaimemoncada.es\/en\/eso-bachillerato\/organigrama\/","title":{"rendered":"Organigrama Pedag\u00f3gico"},"content":{"rendered":"<h1 style=\"text-align: center;\">CURSO 2023\/24<\/h1>\n<p style=\"text-align: center;\"><strong>EQUIPO DIRECTIVO<\/strong><\/p>\n<p style=\"text-align: left;\"><strong>Director Pedag\u00f3gico de Etapa: Vicente Chover Giner<\/strong><\/p>\n<p style=\"text-align: left;\"><strong>Jefe de Estudios de Etapa<\/strong>: <strong>Empar Gasc\u00f3 Bailach<\/strong><\/p>\n<p><strong>Secretario de Etapa<\/strong>: <strong>Matilde Albiach Agust\u00ed<\/strong><\/p>\n<p style=\"text-align: center;\"><strong>COMISI\u00d3N PEDAG\u00d3GICA<\/strong><\/p>\n<ul>\n<li><strong>\u00a0<\/strong>COORDINADOR DEL \u00c1REA DE CIENCIAS : <b>Vicente Palau Mota<\/b><\/li>\n<\/ul>\n<p>Departamentos de Matem\u00e1ticas, de F\u00edsica y Qu\u00edmica, de Biolog\u00eda y Geolog\u00eda y de Inform\u00e1tica<\/p>\n<ul>\n<li>COORDINADOR DEL \u00c1REA DE LETRAS: <strong>Jos\u00e9 \u00c1ngel Baviera Mercader<\/strong><\/li>\n<\/ul>\n<p>Departamentos de Castellano (Lengua y Literatura), de Valenciano (Lengua y Literatura), de Ingl\u00e9s, de Franc\u00e9s,\u00a0\u00a0de Lat\u00edn y de Griego<\/p>\n<ul>\n<li>COORDINADORA DEL \u00c1REA DE SOCIALES: <strong>Ester Mart\u00ednez Cuadr\u00f3n<\/strong><\/li>\n<\/ul>\n<p>Departamentos de Geograf\u00eda e Historia, de Filosof\u00eda, de Econom\u00eda y de Religi\u00f3n<\/p>\n<ul>\n<li>COORDINADOR DEL \u00c1REA DEPORTIVA Y ART\u00cdSTICA: <strong>Borja Garrido Celda<\/strong><\/li>\n<\/ul>\n<p>Departamentos de Educaci\u00f3n F\u00edsica, de Artes Pl\u00e1sticas, de Tecnolog\u00eda y de M\u00fasica<strong>\u00a0<\/strong><\/p>\n<ul>\n<li>COORDINADOR DEL \u00c1REA DE ORIENTACI\u00d3: <strong>Inmaculada Atienza Pe\u00f1arrocha<\/strong><\/li>\n<\/ul>\n<p>Departamento de Orientaci\u00f3n, de \u00c1mbito Cient\u00edfico 3\u00ba y 4\u00ba ESO PDC, de \u00c1mbito Ling\u00fc\u00edstico y Social de 3\u00ba y 4\u00ba ESO-PDC\u00a0 y de FOL<\/p>\n<ul>\n<li>COORDINADOR DEL \u00c1MBITO CIENT\u00cdFICO 1\u00ba ESO: <strong>Mar\u00eda Al\u00f3s LLiso<\/strong><\/li>\n<li>COORDINADOR DEL \u00c1MBITO LING\u00dc\u00cdSTICO Y SOCIAL 1\u00ba ESO: <strong>Ernest Alonso Rius<\/strong><\/li>\n<\/ul>\n<p>&nbsp;<\/p>\n<table class=\" aligncenter\" style=\"width: 802px; height: 602px;\">\n<tbody>\n<tr style=\"height: 24px;\">\n<td style=\"width: 692px; height: 24px;\" colspan=\"2\"><strong>JEFES DE DEPARTAMENTO<\/strong><\/td>\n<\/tr>\n<tr style=\"height: 24px;\">\n<td style=\"width: 404.854px; height: 24px;\">DEPARTAMENTO DE ORIENTACI\u00d3N<\/td>\n<td style=\"width: 287.146px; height: 24px;\"><strong>Inmaculada Atienza Pe\u00f1arrocha<\/strong><\/td>\n<\/tr>\n<tr style=\"height: 24px;\">\n<td style=\"width: 404.854px; height: 24px;\">DEPARTAMENTO DE EDUCACI\u00d3N F\u00cdSICA<\/td>\n<td style=\"width: 287.146px; height: 24px;\"><strong>Jos\u00e9 Vicente Dom\u00ednguez L\u00f3pez<\/strong><\/td>\n<\/tr>\n<tr style=\"height: 24px;\">\n<td style=\"width: 404.854px; height: 24px;\">DEPARTAMENTO DE VALENCIANO<\/td>\n<td style=\"width: 287.146px; height: 24px;\"><strong>Francesc Colomer Casa\u00f1a<\/strong><\/td>\n<\/tr>\n<tr style=\"height: 24px;\">\n<td style=\"width: 404.854px; height: 24px;\">DEPARTAMENTO DE LAT\u00cdN<\/td>\n<td style=\"width: 287.146px; height: 24px;\"><strong>Ana Romero Serra<\/strong><\/td>\n<\/tr>\n<tr style=\"height: 24px;\">\n<td style=\"width: 404.854px; height: 24px;\">DEPARTAMENTO DE GRIEGO<\/td>\n<td style=\"width: 287.146px; height: 24px;\"><strong>Ana Romero Serra<\/strong><\/td>\n<\/tr>\n<tr style=\"height: 24px;\">\n<td style=\"width: 404.854px; height: 24px;\">DEPARTAMENTO DE INGL\u00c9S<\/td>\n<td style=\"width: 287.146px; height: 24px;\"><strong>Empar Gasc\u00f3 Bailach<\/strong><\/td>\n<\/tr>\n<tr style=\"height: 24px;\">\n<td style=\"width: 404.854px; height: 24px;\">DEPARTAMENTO DE MATEM\u00c1TICAS<\/td>\n<td style=\"width: 287.146px; height: 24px;\"><strong>Vicente Palau Mota<\/strong><\/td>\n<\/tr>\n<tr style=\"height: 24px;\">\n<td style=\"width: 404.854px; height: 24px;\">DEPARTAMENTO DE GEOGRAF\u00cdA E HISTORIA<\/td>\n<td style=\"width: 287.146px; height: 24px;\"><strong>Jose Vicente Beltr\u00e1n Navarro<\/strong><\/td>\n<\/tr>\n<tr style=\"height: 23.8716px;\">\n<td style=\"width: 404.854px; height: 23.8716px;\">DEPARTAMENTO DE TECNOLOG\u00cdA<\/td>\n<td style=\"width: 287.146px; height: 23.8716px;\"><strong>Borja Garrido Celda<\/strong><\/td>\n<\/tr>\n<tr style=\"height: 24px;\">\n<td style=\"width: 404.854px; height: 24px;\">DEPARTAMENTO DE FILOSOF\u00cdA<\/td>\n<td style=\"width: 287.146px; height: 24px;\"><strong>Amparo Ripoll\u00e9s Peris<\/strong><\/td>\n<\/tr>\n<tr style=\"height: 24px;\">\n<td style=\"width: 404.854px; height: 24px;\">DEPARTAMENTO DE PL\u00c1STICA<\/td>\n<td style=\"width: 287.146px; height: 24px;\"><strong>Matilde Albiach Agust\u00ed<\/strong><\/td>\n<\/tr>\n<tr style=\"height: 24px;\">\n<td style=\"width: 404.854px; height: 24px;\">DEPARTAMENTO DE FRANC\u00c9S<\/td>\n<td style=\"width: 287.146px; height: 24px;\"><strong>Xelo Valls Valero<\/strong><\/td>\n<\/tr>\n<tr style=\"height: 24px;\">\n<td style=\"width: 404.854px; height: 24px;\">DEPARTAMENTO DE F\u00cdSICA Y QU\u00cdMICA<\/td>\n<td style=\"width: 287.146px; height: 24px;\"><strong>Paqui Olba Torrent<\/strong><\/td>\n<\/tr>\n<tr style=\"height: 24px;\">\n<td style=\"width: 404.854px; height: 24px;\">DEPARTAMENTO DE M\u00daSICA<\/td>\n<td style=\"width: 287.146px; height: 24px;\"><strong>Federico Cuevas Mart\u00ednez<\/strong><\/td>\n<\/tr>\n<tr style=\"height: 24px;\">\n<td style=\"width: 404.854px; height: 24px;\">DEPARTAMENTO BIOLOG\u00cdA Y GEOLOG\u00cdA<\/td>\n<td style=\"width: 287.146px; height: 24px;\"><strong>Eva Gasc\u00f3 Ferrer<\/strong><\/td>\n<\/tr>\n<tr style=\"height: 24px;\">\n<td style=\"width: 404.854px; height: 24px;\">DEPARTAMENTO DE RELIGI\u00d3N<\/td>\n<td style=\"width: 287.146px; height: 24px;\"><strong>Ragusa Ferrando Galiana<\/strong><\/td>\n<\/tr>\n<tr style=\"height: 24px;\">\n<td style=\"width: 404.854px; height: 24px;\">DEPARTAMENTO DE CASTELLANO<\/td>\n<td style=\"width: 287.146px; height: 24px;\"><strong>Jos\u00e9 \u00c1ngel Baviera Mercader<\/strong><\/td>\n<\/tr>\n<tr style=\"height: 24px;\">\n<td style=\"width: 404.854px; height: 24px;\">DEPARTAMENTO DE INFORM\u00c1TICA<\/td>\n<td style=\"width: 287.146px; height: 24px;\"><strong>Pepe Bosch Bailach<\/strong><\/td>\n<\/tr>\n<\/tbody>\n<\/table>\n<p style=\"text-align: center;\"><strong>\u00a0<\/strong><strong>\u00a0<\/strong><\/p>\n<table class=\" aligncenter\" style=\"height: 727px; width: 670px;\">\n<tbody>\n<tr style=\"height: 24px;\">\n<td style=\"width: 109.913px; height: 24px;\"><strong>GRUPOS<\/strong><\/td>\n<td style=\"width: 481.076px; height: 24px;\"><strong>TUTORES<\/strong><\/td>\n<\/tr>\n<tr style=\"height: 5px;\">\n<td style=\"width: 109.913px; height: 5px;\">1\u00ba ESO-A<\/td>\n<td style=\"width: 481.076px; height: 5px;\">Ernest Alonso Rius \/<span style=\"font-family: inherit; font-size: inherit;\">Vicent Marqu\u00e9s Verdeguer<\/span><\/td>\n<\/tr>\n<tr style=\"height: 24px;\">\n<td style=\"width: 109.913px; height: 24px;\">1\u00ba ESO-B<\/td>\n<td style=\"width: 481.076px; height: 24px;\">Mar\u00eda Jos\u00e9 Bernab\u00e9 Roig \/ Borja Garrido Celda<\/td>\n<\/tr>\n<tr style=\"height: 24px;\">\n<td style=\"width: 109.913px; height: 24px;\">1\u00ba ESO-C<\/td>\n<td style=\"width: 481.076px; height: 24px;\">Ragusa Ferrando Galiana\/Mar\u00eda Jos\u00e9 Juste Garc\u00eda<\/td>\n<\/tr>\n<tr style=\"height: 24px;\">\n<td style=\"width: 109.913px; height: 24px;\">1\u00ba ESO-D<\/td>\n<td style=\"width: 481.076px; height: 24px;\">Inmaculada Atienza Pe\u00f1arrocha \/ Blanca Domenech Chornet<\/td>\n<\/tr>\n<tr style=\"height: 24px;\">\n<td style=\"width: 109.913px; height: 24px;\">2\u00ba ESO-A<\/td>\n<td style=\"width: 481.076px; height: 24px;\">Clara Gago Velasco \/ Jes\u00fas Valma\u00f1a Ricart<\/td>\n<\/tr>\n<tr style=\"height: 24px;\">\n<td style=\"width: 109.913px; height: 24px;\">2\u00ba ESO-B<\/td>\n<td style=\"width: 481.076px; height: 24px;\">Jos\u00e9 Vicente Beltr\u00e1n Navarro \/ Francesc Colomer Casa\u00f1a<\/td>\n<\/tr>\n<tr style=\"height: 24px;\">\n<td style=\"width: 109.913px; height: 24px;\">2\u00ba ESO-C<\/td>\n<td style=\"width: 481.076px; height: 24px;\">Jos\u00e9 \u00c1ngel Baviera Mercader \/ Vicent Palau Mota<\/td>\n<\/tr>\n<tr style=\"height: 24px;\">\n<td style=\"width: 109.913px; height: 24px;\">2\u00ba ESO-D<\/td>\n<td style=\"width: 481.076px; height: 24px;\">Xelo Valls Valero \/ Pepe Bosch Bailach<\/td>\n<\/tr>\n<tr style=\"height: 24px;\">\n<td style=\"width: 109.913px; height: 24px;\">3\u00ba ESO-A<\/td>\n<td style=\"width: 481.076px; height: 24px;\">Bernardo Granell Gil<\/td>\n<\/tr>\n<tr style=\"height: 24px;\">\n<td style=\"width: 109.913px; height: 24px;\">3\u00ba ESO-B<\/td>\n<td style=\"width: 481.076px; height: 24px;\">Eva Gasc\u00f3 Ferrer<\/td>\n<\/tr>\n<tr style=\"height: 24px;\">\n<td style=\"width: 109.913px; height: 24px;\">3\u00ba ESO-C<\/td>\n<td style=\"width: 481.076px; height: 24px;\">Asun Bayona Pascual<\/td>\n<\/tr>\n<tr style=\"height: 24px;\">\n<td style=\"width: 109.913px; height: 24px;\">3\u00ba ESO-D<\/td>\n<td style=\"width: 481.076px; height: 24px;\">Mar\u00eda Al\u00f3s Lliso<\/td>\n<\/tr>\n<tr style=\"height: 24px;\">\n<td style=\"width: 109.913px; height: 24px;\">3\u00ba ESO-PDC<\/td>\n<td style=\"width: 481.076px; height: 24px;\">Andr\u00e9s Prado Fern\u00e1ndez<\/td>\n<\/tr>\n<tr style=\"height: 24px;\">\n<td style=\"width: 109.913px; height: 24px;\">4\u00ba ESO-A<\/td>\n<td style=\"width: 481.076px; height: 24px;\">Empar Marqu\u00e9s Gasc\u00f3<\/td>\n<\/tr>\n<tr style=\"height: 24px;\">\n<td style=\"width: 109.913px; height: 24px;\">4\u00ba ESO-B<\/td>\n<td style=\"width: 481.076px; height: 24px;\">Fran Mart\u00ednez Beltr\u00e1n<\/td>\n<\/tr>\n<tr style=\"height: 24px;\">\n<td style=\"width: 109.913px; height: 24px;\">4\u00ba ESO-C<\/td>\n<td style=\"width: 481.076px; height: 24px;\">Ana Romero Serra<\/td>\n<\/tr>\n<tr style=\"height: 24px;\">\n<td style=\"width: 109.913px; height: 24px;\">4\u00ba ESO-D<\/td>\n<td style=\"width: 481.076px; height: 24px;\">Amparo Llop Serrano<\/td>\n<\/tr>\n<tr style=\"height: 24px;\">\n<td style=\"width: 109.913px; height: 24px;\">4\u00ba ESO-PDC<\/td>\n<td style=\"width: 481.076px; height: 24px;\">Diana Paz Vargas<\/td>\n<\/tr>\n<tr style=\"height: 24px;\">\n<td style=\"width: 109.913px; height: 24px;\">1\u00ba BACH-A<\/td>\n<td style=\"width: 481.076px; height: 24px;\">Paqui Olba Torrent<\/td>\n<\/tr>\n<tr style=\"height: 24px;\">\n<td style=\"width: 109.913px; height: 24px;\">1\u00ba BACH-B<\/td>\n<td style=\"width: 481.076px; height: 24px;\">Bego\u00f1a Isusi Monfort<\/td>\n<\/tr>\n<tr style=\"height: 24.6287px;\">\n<td style=\"width: 109.913px; height: 24.6287px;\">2\u00ba BACH-A<\/td>\n<td style=\"width: 481.076px; height: 24.6287px;\">Amparo Ripoll\u00e9s Peris<\/td>\n<\/tr>\n<tr style=\"height: 24px;\">\n<td style=\"width: 109.913px; height: 24px;\">2\u00ba BACH-B<\/td>\n<td style=\"width: 481.076px; height: 24px;\">Josep Chiralt Lloris<\/td>\n<\/tr>\n<\/tbody>\n<\/table>\n<p style=\"text-align: center;\"><strong>\u00a0\u00a0EQUIPO DOCENTE<\/strong><\/p>\n<table class=\" aligncenter\" style=\"width: 717px; height: 856px;\">\n<tbody>\n<tr style=\"height: 27px;\">\n<td style=\"width: 329.062px; height: 27px;\">Albiach Agust\u00ed, Matilde<\/td>\n<td style=\"width: 371.938px; height: 27px;\">Gasc\u00f3 Ferrer, Eva<\/td>\n<\/tr>\n<tr style=\"height: 27px;\">\n<td style=\"width: 329.062px; height: 27px;\">Alcayde Oliver, Pilar<\/td>\n<td style=\"width: 371.938px; height: 27px;\">Granell Gil, J. Bernardo<\/td>\n<\/tr>\n<tr style=\"height: 27px;\">\n<td style=\"width: 329.062px; height: 27px;\">Alonso Rius, Ernesto Jos\u00e9<\/td>\n<td style=\"width: 371.938px; height: 27px;\">Granell Palanca, Emilia<\/td>\n<\/tr>\n<tr style=\"height: 27px;\">\n<td style=\"width: 329.062px; height: 27px;\">Al\u00f3s Lliso, Mar\u00eda<\/td>\n<td style=\"width: 371.938px; height: 27px;\">Isusi Monfort, Bego\u00f1a<\/td>\n<\/tr>\n<tr style=\"height: 27px;\">\n<td style=\"width: 329.062px; height: 27px;\">Atienza Pe\u00f1arrocha, Imaculada<\/td>\n<td style=\"width: 371.938px; height: 27px;\">Juste Garc\u00eda, Mar\u00eda Jos\u00e9<\/td>\n<\/tr>\n<tr style=\"height: 27px;\">\n<td style=\"width: 329.062px; height: 27px;\">Baviera Mercader, Jos\u00e9 \u00c1ngel<\/td>\n<td style=\"width: 371.938px; height: 27px;\">Llibrer Escrig, Jos\u00e9 Antonio<\/td>\n<\/tr>\n<tr style=\"height: 27px;\">\n<td style=\"width: 329.062px; height: 27px;\">Bayona Pascual, Asunci\u00f3n<\/td>\n<td style=\"width: 371.938px; height: 27px;\">Llop Serrano, Amparo<\/td>\n<\/tr>\n<tr style=\"height: 27px;\">\n<td style=\"width: 329.062px; height: 27px;\">Beltr\u00e1n Navarro, Jos\u00e9 Vicente<\/td>\n<td style=\"width: 371.938px; height: 27px;\">Lloria Albert, Milagros<\/td>\n<\/tr>\n<tr style=\"height: 27px;\">\n<td style=\"width: 329.062px; height: 27px;\">Bernab\u00e9 Roig, Mar\u00eda Jos\u00e9<\/td>\n<td style=\"width: 371.938px; height: 27px;\">Marqu\u00e9s Gasc\u00f3, Empar<\/td>\n<\/tr>\n<tr style=\"height: 27px;\">\n<td style=\"width: 329.062px; height: 27px;\">Blanes Benimeli, Lucas<\/td>\n<td style=\"width: 371.938px; height: 27px;\">Marqu\u00e9s Verdeguer, Vicent<\/td>\n<\/tr>\n<tr style=\"height: 27px;\">\n<td style=\"width: 329.062px; height: 27px;\">Bosch Bailach, Jos\u00e9<\/td>\n<td style=\"width: 371.938px; height: 27px;\">Mart\u00ednez Bletr\u00e1n, Fco. Jos\u00e9<\/td>\n<\/tr>\n<tr style=\"height: 27px;\">\n<td style=\"width: 329.062px; height: 27px;\">Castell\u00f3 Balestegui, Jos\u00e9 Luis<\/td>\n<td style=\"width: 371.938px; height: 27px;\">Mart\u00ednez Cuadr\u00f3n, Ester<\/td>\n<\/tr>\n<tr style=\"height: 27px;\">\n<td style=\"width: 329.062px; height: 27px;\">Chiralt Lloris, Josep Mar\u00eda<\/td>\n<td style=\"width: 371.938px; height: 27px;\">Olba Torrent, Francisca<\/td>\n<\/tr>\n<tr style=\"height: 27px;\">\n<td style=\"width: 329.062px; height: 27px;\">Chover Giner, Vicente<\/td>\n<td style=\"width: 371.938px; height: 27px;\">Palau Mota, Vicent<\/td>\n<\/tr>\n<tr style=\"height: 27.2017px;\">\n<td style=\"width: 329.062px; height: 27.2017px;\">Colomer Casa\u00f1a, Francesc<\/td>\n<td style=\"width: 371.938px; height: 27.2017px;\">Paz Vargas, Diana<\/td>\n<\/tr>\n<tr style=\"height: 27px;\">\n<td style=\"width: 329.062px; height: 27px;\">Cortell Boix, Pilar<\/td>\n<td style=\"width: 371.938px; height: 27px;\">Planells Puchades Obiol, Jos\u00e9 Manuel<\/td>\n<\/tr>\n<tr style=\"height: 27px;\">\n<td style=\"width: 329.062px; height: 27px;\">Cuevas Mart\u00ednez, Fede<\/td>\n<td style=\"width: 371.938px; height: 27px;\">Prado Fern\u00e1ndez, Andr\u00e9s<\/td>\n<\/tr>\n<tr style=\"height: 27px;\">\n<td style=\"width: 329.062px; height: 27px;\">Dom\u00e9nech Chornet, Blanca<\/td>\n<td style=\"width: 371.938px; height: 27px;\">Ripoll\u00e9s Peris, Desamparados<\/td>\n<\/tr>\n<tr style=\"height: 27px;\">\n<td style=\"width: 329.062px; height: 27px;\">Dom\u00ednguez L\u00f3pez, Jos\u00e9 Vicente<\/td>\n<td style=\"width: 371.938px; height: 27px;\">Romero Puig, Inmaculada<\/td>\n<\/tr>\n<tr style=\"height: 27px;\">\n<td style=\"width: 329.062px; height: 27px;\">Ferrando Galiana, Ragusa<\/td>\n<td style=\"width: 371.938px; height: 27px;\">Romero Serra, Ana Mar\u00eda<\/td>\n<\/tr>\n<tr style=\"height: 27px;\">\n<td style=\"width: 329.062px; height: 27px;\">Gago Velasco, Clara<\/td>\n<td style=\"width: 371.938px; height: 27px;\">Tormo Lillo, Gonz\u00e1lo<\/td>\n<\/tr>\n<tr style=\"height: 27px;\">\n<td style=\"width: 329.062px; height: 27px;\">Garc\u00eda Rodr\u00edguez, Mar\u00eda Jos\u00e9<\/td>\n<td style=\"width: 371.938px; height: 27px;\">Valls Valero, Xelo<\/td>\n<\/tr>\n<tr style=\"height: 27px;\">\n<td style=\"width: 329.062px; height: 27px;\">Gargallo Tatay, In\u00e9s<\/td>\n<td style=\"width: 371.938px; height: 27px;\">Valma\u00f1a Ricart, Jes\u00fas<\/td>\n<\/tr>\n<tr style=\"height: 27px;\">\n<td style=\"width: 329.062px; height: 27px;\">Garrido Celda, Borja<\/td>\n<td style=\"width: 371.938px; height: 27px;\"><\/td>\n<\/tr>\n<tr style=\"height: 18px;\">\n<td style=\"width: 329.062px; height: 18px;\">Gasc\u00f3 Bailach, Empar<\/td>\n<td style=\"width: 371.938px; height: 18px;\"><\/td>\n<\/tr>\n<\/tbody>\n<\/table>\n<p style=\"text-align: center;\"><strong>\u00a0<\/strong><\/p>\n<p style=\"text-align: center;\"><strong>\u00a0<\/strong><\/p>\n<p>&nbsp;<\/p>\n<p>&nbsp;<\/p>\n<p style=\"text-align: center;\"><strong>\u00a0<\/strong><\/p>\n<p style=\"text-align: center;\"><strong>\u00a0<\/strong><\/p>\n<p style=\"text-align: center;\"><strong>\u00a0<\/strong><\/p>\n<p style=\"text-align: center;\">\n","protected":false},"excerpt":{"rendered":"<p>CURSO 2023\/24 EQUIPO DIRECTIVO Director Pedag\u00f3gico de Etapa: Vicente Chover Giner Jefe de Estudios de Etapa: Empar Gasc\u00f3 Bailach Secretario de Etapa: Matilde Albiach Agust\u00ed COMISI\u00d3N PEDAG\u00d3GICA \u00a0COORDINADOR DEL \u00c1REA DE CIENCIAS : Vicente Palau Mota Departamentos de Matem\u00e1ticas, de F\u00edsica y Qu\u00edmica, de Biolog\u00eda y Geolog\u00eda y de Inform\u00e1tica COORDINADOR DEL \u00c1REA DE LETRAS: [&hellip;]<\/p>\n","protected":false},"author":4,"featured_media":0,"parent":9538,"menu_order":0,"comment_status":"closed","ping_status":"closed","template":"","meta":{"_monsterinsights_skip_tracking":false,"_monsterinsights_sitenote_active":false,"_monsterinsights_sitenote_note":"","_monsterinsights_sitenote_category":0,"footnotes":""},"class_list":["post-9566","page","type-page","status-publish","hentry"],"yoast_head":"<!-- This site is optimized with the Yoast SEO plugin v26.2 - https:\/\/yoast.com\/wordpress\/plugins\/seo\/ -->\n<title>Organigrama Pedag\u00f3gico - C. Parroquial San Jaime Ap\u00f3stol<\/title>\n<meta name=\"robots\" content=\"index, follow, max-snippet:-1, max-image-preview:large, max-video-preview:-1\" \/>\n<link rel=\"canonical\" href=\"https:\/\/colegio.sanjaimemoncada.es\/eso-bachillerato\/organigrama\/\" \/>\n<meta property=\"og:locale\" content=\"en_US\" \/>\n<meta property=\"og:type\" content=\"article\" \/>\n<meta property=\"og:title\" content=\"Organigrama Pedag\u00f3gico - C. Parroquial San Jaime Ap\u00f3stol\" \/>\n<meta property=\"og:description\" content=\"CURSO 2023\/24 EQUIPO DIRECTIVO Director Pedag\u00f3gico de Etapa: Vicente Chover Giner Jefe de Estudios de Etapa: Empar Gasc\u00f3 Bailach Secretario de Etapa: Matilde Albiach Agust\u00ed COMISI\u00d3N PEDAG\u00d3GICA \u00a0COORDINADOR DEL \u00c1REA DE CIENCIAS : Vicente Palau Mota Departamentos de Matem\u00e1ticas, de F\u00edsica y Qu\u00edmica, de Biolog\u00eda y Geolog\u00eda y de Inform\u00e1tica COORDINADOR DEL \u00c1REA DE LETRAS: [&hellip;]\" \/>\n<meta property=\"og:url\" content=\"https:\/\/colegio.sanjaimemoncada.es\/eso-bachillerato\/organigrama\/\" \/>\n<meta property=\"og:site_name\" content=\"C. Parroquial San Jaime Ap\u00f3stol\" \/>\n<meta property=\"article:modified_time\" content=\"2023-11-30T12:27:14+00:00\" \/>\n<meta name=\"twitter:card\" content=\"summary_large_image\" \/>\n<meta name=\"twitter:label1\" content=\"Est. reading time\" \/>\n\t<meta name=\"twitter:data1\" content=\"3 minutes\" \/>\n<script type=\"application\/ld+json\" class=\"yoast-schema-graph\">{\"@context\":\"https:\/\/schema.org\",\"@graph\":[{\"@type\":\"WebPage\",\"@id\":\"https:\/\/colegio.sanjaimemoncada.es\/eso-bachillerato\/organigrama\/\",\"url\":\"https:\/\/colegio.sanjaimemoncada.es\/eso-bachillerato\/organigrama\/\",\"name\":\"Organigrama Pedag\u00f3gico - C. Parroquial San Jaime Ap\u00f3stol\",\"isPartOf\":{\"@id\":\"https:\/\/colegio.sanjaimemoncada.es\/#website\"},\"datePublished\":\"2016-04-26T09:49:11+00:00\",\"dateModified\":\"2023-11-30T12:27:14+00:00\",\"breadcrumb\":{\"@id\":\"https:\/\/colegio.sanjaimemoncada.es\/eso-bachillerato\/organigrama\/#breadcrumb\"},\"inLanguage\":\"en-US\",\"potentialAction\":[{\"@type\":\"ReadAction\",\"target\":[\"https:\/\/colegio.sanjaimemoncada.es\/eso-bachillerato\/organigrama\/\"]}]},{\"@type\":\"BreadcrumbList\",\"@id\":\"https:\/\/colegio.sanjaimemoncada.es\/eso-bachillerato\/organigrama\/#breadcrumb\",\"itemListElement\":[{\"@type\":\"ListItem\",\"position\":1,\"name\":\"Portada\",\"item\":\"https:\/\/colegio.sanjaimemoncada.es\/\"},{\"@type\":\"ListItem\",\"position\":2,\"name\":\"ESO &#8211; Bachillerato\",\"item\":\"https:\/\/colegio.sanjaimemoncada.es\/eso-bachillerato\/\"},{\"@type\":\"ListItem\",\"position\":3,\"name\":\"Organigrama Pedag\u00f3gico\"}]},{\"@type\":\"WebSite\",\"@id\":\"https:\/\/colegio.sanjaimemoncada.es\/#website\",\"url\":\"https:\/\/colegio.sanjaimemoncada.es\/\",\"name\":\"C. Parroquial San Jaime Ap\u00f3stol\",\"description\":\"\",\"potentialAction\":[{\"@type\":\"SearchAction\",\"target\":{\"@type\":\"EntryPoint\",\"urlTemplate\":\"https:\/\/colegio.sanjaimemoncada.es\/?s={search_term_string}\"},\"query-input\":{\"@type\":\"PropertyValueSpecification\",\"valueRequired\":true,\"valueName\":\"search_term_string\"}}],\"inLanguage\":\"en-US\"}]}<\/script>\n<!-- \/ Yoast SEO plugin. -->","yoast_head_json":{"title":"Organigrama Pedag\u00f3gico - C. Parroquial San Jaime Ap\u00f3stol","robots":{"index":"index","follow":"follow","max-snippet":"max-snippet:-1","max-image-preview":"max-image-preview:large","max-video-preview":"max-video-preview:-1"},"canonical":"https:\/\/colegio.sanjaimemoncada.es\/eso-bachillerato\/organigrama\/","og_locale":"en_US","og_type":"article","og_title":"Organigrama Pedag\u00f3gico - C. Parroquial San Jaime Ap\u00f3stol","og_description":"CURSO 2023\/24 EQUIPO DIRECTIVO Director Pedag\u00f3gico de Etapa: Vicente Chover Giner Jefe de Estudios de Etapa: Empar Gasc\u00f3 Bailach Secretario de Etapa: Matilde Albiach Agust\u00ed COMISI\u00d3N PEDAG\u00d3GICA \u00a0COORDINADOR DEL \u00c1REA DE CIENCIAS : Vicente Palau Mota Departamentos de Matem\u00e1ticas, de F\u00edsica y Qu\u00edmica, de Biolog\u00eda y Geolog\u00eda y de Inform\u00e1tica COORDINADOR DEL \u00c1REA DE LETRAS: [&hellip;]","og_url":"https:\/\/colegio.sanjaimemoncada.es\/eso-bachillerato\/organigrama\/","og_site_name":"C. Parroquial San Jaime Ap\u00f3stol","article_modified_time":"2023-11-30T12:27:14+00:00","twitter_card":"summary_large_image","twitter_misc":{"Est. reading time":"3 minutes"},"schema":{"@context":"https:\/\/schema.org","@graph":[{"@type":"WebPage","@id":"https:\/\/colegio.sanjaimemoncada.es\/eso-bachillerato\/organigrama\/","url":"https:\/\/colegio.sanjaimemoncada.es\/eso-bachillerato\/organigrama\/","name":"Organigrama Pedag\u00f3gico - C. Parroquial San Jaime Ap\u00f3stol","isPartOf":{"@id":"https:\/\/colegio.sanjaimemoncada.es\/#website"},"datePublished":"2016-04-26T09:49:11+00:00","dateModified":"2023-11-30T12:27:14+00:00","breadcrumb":{"@id":"https:\/\/colegio.sanjaimemoncada.es\/eso-bachillerato\/organigrama\/#breadcrumb"},"inLanguage":"en-US","potentialAction":[{"@type":"ReadAction","target":["https:\/\/colegio.sanjaimemoncada.es\/eso-bachillerato\/organigrama\/"]}]},{"@type":"BreadcrumbList","@id":"https:\/\/colegio.sanjaimemoncada.es\/eso-bachillerato\/organigrama\/#breadcrumb","itemListElement":[{"@type":"ListItem","position":1,"name":"Portada","item":"https:\/\/colegio.sanjaimemoncada.es\/"},{"@type":"ListItem","position":2,"name":"ESO &#8211; Bachillerato","item":"https:\/\/colegio.sanjaimemoncada.es\/eso-bachillerato\/"},{"@type":"ListItem","position":3,"name":"Organigrama Pedag\u00f3gico"}]},{"@type":"WebSite","@id":"https:\/\/colegio.sanjaimemoncada.es\/#website","url":"https:\/\/colegio.sanjaimemoncada.es\/","name":"C. Parroquial San Jaime Ap\u00f3stol","description":"","potentialAction":[{"@type":"SearchAction","target":{"@type":"EntryPoint","urlTemplate":"https:\/\/colegio.sanjaimemoncada.es\/?s={search_term_string}"},"query-input":{"@type":"PropertyValueSpecification","valueRequired":true,"valueName":"search_term_string"}}],"inLanguage":"en-US"}]}},"_links":{"self":[{"href":"https:\/\/colegio.sanjaimemoncada.es\/en\/wp-json\/wp\/v2\/pages\/9566","targetHints":{"allow":["GET"]}}],"collection":[{"href":"https:\/\/colegio.sanjaimemoncada.es\/en\/wp-json\/wp\/v2\/pages"}],"about":[{"href":"https:\/\/colegio.sanjaimemoncada.es\/en\/wp-json\/wp\/v2\/types\/page"}],"author":[{"embeddable":true,"href":"https:\/\/colegio.sanjaimemoncada.es\/en\/wp-json\/wp\/v2\/users\/4"}],"replies":[{"embeddable":true,"href":"https:\/\/colegio.sanjaimemoncada.es\/en\/wp-json\/wp\/v2\/comments?post=9566"}],"version-history":[{"count":18,"href":"https:\/\/colegio.sanjaimemoncada.es\/en\/wp-json\/wp\/v2\/pages\/9566\/revisions"}],"predecessor-version":[{"id":25121,"href":"https:\/\/colegio.sanjaimemoncada.es\/en\/wp-json\/wp\/v2\/pages\/9566\/revisions\/25121"}],"up":[{"embeddable":true,"href":"https:\/\/colegio.sanjaimemoncada.es\/en\/wp-json\/wp\/v2\/pages\/9538"}],"wp:attachment":[{"href":"https:\/\/colegio.sanjaimemoncada.es\/en\/wp-json\/wp\/v2\/media?parent=9566"}],"curies":[{"name":"wp","href":"https:\/\/api.w.org\/{rel}","templated":true}]}}