{"id":9524,"date":"2016-04-20T17:33:23","date_gmt":"2016-04-20T15:33:23","guid":{"rendered":"https:\/\/colegio.sanjaimemoncada.es\/escuela-de-padres\/"},"modified":"2020-05-21T10:54:44","modified_gmt":"2020-05-21T08:54:44","slug":"escuela-de-padres","status":"publish","type":"page","link":"https:\/\/colegio.sanjaimemoncada.es\/en\/escuela-de-padres\/","title":{"rendered":"Escuela de padres online"},"content":{"rendered":"<p>En esta secci\u00f3n pueden encontrar\u00a0art\u00edculos, enlaces y videos interesantes para vuestra formaci\u00f3n como padres. Una buena manera de acompa\u00f1ar m\u00e1s y mejor a vuestros hijos en su educaci\u00f3n.<\/p>\n<p>&nbsp;<\/p>\n<table style=\"width: 748px;\">\n<tbody>\n<tr style=\"height: 103px;\">\n<td style=\"width: 172px; height: 103px;\"><img loading=\"lazy\" decoding=\"async\" class=\"alignnone size-medium wp-image-19653\" src=\"https:\/\/colegio.sanjaimemoncada.es\/wp-content\/uploads\/2020\/05\/Captura-de-pantalla-2020-05-21-a-las-10.30.11-300x197.png\" alt=\"\" width=\"300\" height=\"197\" srcset=\"https:\/\/colegio.sanjaimemoncada.es\/wp-content\/uploads\/2020\/05\/Captura-de-pantalla-2020-05-21-a-las-10.30.11-300x197.png 300w, https:\/\/colegio.sanjaimemoncada.es\/wp-content\/uploads\/2020\/05\/Captura-de-pantalla-2020-05-21-a-las-10.30.11.png 648w\" sizes=\"auto, (max-width: 300px) 100vw, 300px\" \/><\/td>\n<td style=\"width: 32.515625px; height: 103px;\"><\/td>\n<td style=\"width: 734.484375px; height: 103px;\"><b>GU\u00cdA PARA SUPERAR LAS P\u00c9RDIDAS EN TIEMPOS DEL COVID-19<\/b><\/p>\n<p><a href=\"https:\/\/colegio.sanjaimemoncada.es\/wp-content\/uploads\/2020\/05\/GUI\u0301A-DUELO-COVID19-2020.pdf\">Duelo COVID19<\/a><\/p>\n<p>Gu\u00eda para las personas que sufren una p\u00e9rdida en tiempos de coronavirus, tanto para los familiares como para los menores y adolescentes.<\/p>\n<p>&nbsp;<\/p>\n<p><b>HABLAR SOBRE EL CORONAVIRUS A LOS M\u00c1S PEQUE\u00d1OS<\/b><\/p>\n<p><a href=\"https:\/\/colegio.sanjaimemoncada.es\/wp-content\/uploads\/2020\/05\/Guia-para-hablar-sobre-el-coronavirus-con-los-ninos-mas-pequenos-UNICEF.pdf\">Guia para hablar sobre el coronavirus con los m\u00e1s peque\u00f1os<\/a><\/p>\n<p>Una gu\u00eda elaborada por Unicef para hablar con los ni\u00f1os y ni\u00f1as de la etapa de infantil sobre el coronavirus de una manera sencilla, clara y tranquilizadora, as\u00ed como abordar las emociones que pueden estar sintiendo en su primera infancia.<\/p>\n<p>&nbsp;<\/p>\n<p><b>GU\u00cdA PARA EL ACOMPA\u00d1AMIENTO EMOCIONAL DURANTE EL PERIODO DE CONFINAMIENTO<\/b><\/p>\n<p><a href=\"https:\/\/colegio.sanjaimemoncada.es\/wp-content\/uploads\/2020\/05\/gui\u0301a-acompanamiento-emocional-infancia.pdf\">Gui\u0301a acompa\u00f1amiento emocional infancia<\/a><\/p>\n<p>Hemos perdido de un d\u00eda para otro las rutinas habituales, lo cual tiene consecuencias a nivel psicol\u00f3gico en todas las personas, siendo los ni\u00f1os m\u00e1s vulnerables por no tener recursos ni herramientas para enfrentar una situaci\u00f3n como esta.<\/p>\n<p>Esta gu\u00cda nos ayudar\u00e1 a lograr la conexi\u00f3n emocional con nuestros hijos<br \/>\ny por lo tanto seguir siendo BASE SEGURA para ellos.<\/td>\n<\/tr>\n<tr style=\"height: 103px;\">\n<td style=\"width: 172px; height: 103px;\">\u00a0<img loading=\"lazy\" decoding=\"async\" class=\"alignnone size-medium wp-image-13216\" src=\"https:\/\/colegio.sanjaimemoncada.es\/wp-content\/uploads\/2019\/03\/fotonoticia_20180125141026_640-300x224.jpg\" alt=\"\" width=\"300\" height=\"224\" srcset=\"https:\/\/colegio.sanjaimemoncada.es\/wp-content\/uploads\/2019\/03\/fotonoticia_20180125141026_640-300x224.jpg 300w, https:\/\/colegio.sanjaimemoncada.es\/wp-content\/uploads\/2019\/03\/fotonoticia_20180125141026_640-230x172.jpg 230w, https:\/\/colegio.sanjaimemoncada.es\/wp-content\/uploads\/2019\/03\/fotonoticia_20180125141026_640.jpg 640w\" sizes=\"auto, (max-width: 300px) 100vw, 300px\" \/><\/td>\n<td style=\"width: 32.515625px; height: 103px;\"><\/td>\n<td style=\"width: 734.484375px; height: 103px;\"><b>EDUCACI\u00d3N EN CASA Y EN EL COLEGIO<\/b><\/p>\n<p><a href=\"https:\/\/aprendemosjuntos.elpais.com\/especial\/ensenar-a-los-ninos-a-tolerar-la-frustracion-eva-millet\/\">\u00bfProtegemos o sobreprotegemos a nuestros hijos?<\/a><\/p>\n<p>Eva Millet, periodista y escritora especializada en educaci\u00f3n y crianza, \u00a0advierte de los efectos en ni\u00f1os y j\u00f3venes de la \u201chiperpaternidad\u201d, un modelo que surgi\u00f3 en Estados Unidos con la primera generaci\u00f3n \u201cmilenial\u201d y que ya ha llegado a Espa\u00f1a. Este nuevo fen\u00f3meno va \u201cde la sobreprotecci\u00f3n al control excesivo, tanto en casa como en el aula\u201d, desautoriza a los profesores e invade el espacio de los ni\u00f1os en la escuela<\/td>\n<\/tr>\n<tr style=\"height: 103px;\">\n<td style=\"width: 172px; height: 103px;\">\u00a0<img loading=\"lazy\" decoding=\"async\" class=\"alignnone size-medium wp-image-8423\" src=\"https:\/\/colegio.sanjaimemoncada.es\/wp-content\/uploads\/2018\/10\/videojuegos-300x148.jpg\" alt=\"\" width=\"300\" height=\"148\" srcset=\"https:\/\/colegio.sanjaimemoncada.es\/wp-content\/uploads\/2018\/10\/videojuegos-300x148.jpg 300w, https:\/\/colegio.sanjaimemoncada.es\/wp-content\/uploads\/2018\/10\/videojuegos-768x379.jpg 768w, https:\/\/colegio.sanjaimemoncada.es\/wp-content\/uploads\/2018\/10\/videojuegos.jpg 810w\" sizes=\"auto, (max-width: 300px) 100vw, 300px\" \/><\/td>\n<td style=\"width: 32.515625px; height: 103px;\"><\/td>\n<td style=\"width: 734.484375px; height: 103px;\"><b>VIDEOJUEGOS Y VIDA SOCIAL<\/b><\/p>\n<p><a href=\"https:\/\/www.google.com\/search?q=videojuegos&amp;client=firefox-b-ab&amp;source=lnms&amp;tbm=isch&amp;sa=X&amp;ved=0ahUKEwiYgP__lIPeAhUHlosKHaJ4CpwQ_AUIDigB&amp;biw=1280&amp;bih=681#imgrc=gU_7SGS715vIJM:\">Fornite: la adicci\u00f3n a videojuegos que preocupa a padres y docentes<\/a><\/p>\n<p>Muchos docentes de clases cada vez m\u00e1s tempranas escuchamos a diario que la tarde anterior han quedado todos en &#8220;el Fornite&#8221; y han estado horas y horas jugando. Es un tema que nos preocupa mucho y queremos acercar a las familias esta problem\u00e1tica que est\u00e1 lejos de erradicarse.<\/td>\n<\/tr>\n<tr style=\"height: 103px;\">\n<td style=\"width: 172px; height: 103px;\"><img loading=\"lazy\" decoding=\"async\" class=\"alignnone size-medium wp-image-3701\" src=\"https:\/\/colegio.sanjaimemoncada.es\/wp-content\/uploads\/2016\/04\/girl-1328416_1920-300x212.jpg\" alt=\"\" width=\"300\" height=\"212\" \/><\/td>\n<td style=\"width: 32.515625px; height: 103px;\"><\/td>\n<td style=\"width: 734.484375px; height: 103px;\"><b>WHATSAPP DEL PADRES DEL COLE<\/b><\/p>\n<p><a href=\"https:\/\/www.serpadres.es\/familia\/tiempo-libre\/articulo\/7-consejos-para-usar-en-el-grupo-de-whatsapp-de-padres-y-madres-de-la-clase-951428920719\">7 consejos para usar el grupo de Whatsapp de padres del cole<\/a><\/p>\n<p>Es innegable que la aplicaci\u00f3n Whatsapp es una gran herramienta de comunicaci\u00f3n, pero cuando entramos en un grupo de padres del cole podemos encontrarnos con muchos tipos de usuarios. Os dejamos un art\u00edculo muy interesante sobre este tema con algunos consejos de c\u00f3mo utilizar esta plataforma.<\/p>\n<p>&nbsp;<\/p>\n<p><b>REDES SOCIALES<\/b><\/p>\n<p><a href=\"http:\/\/www.ticbeat.com\/tecnologias\/a-que-edad-es-legal-que-un-nino-use-facebook-instagram-o-whatsapp\/\">\u00bfA qu\u00e9 edad es legal tener una cuenta de facebook, instagram o whatsapp?<\/a><\/p>\n<p>Es probable que muchos adultos no le den importancia, acostumbrados a que los ni\u00f1os usen las redes sociales como ellos. Pero en Espa\u00f1a hay una edad m\u00ednima legal para hacerlo, y si no se cumple, hay que cerrarles la cuenta.<\/td>\n<\/tr>\n<tr style=\"height: 103px;\">\n<td style=\"width: 172px; height: 103px;\">\u00a0<img loading=\"lazy\" decoding=\"async\" class=\"alignnone size-medium wp-image-7116\" src=\"https:\/\/colegio.sanjaimemoncada.es\/wp-content\/uploads\/2018\/07\/secundaria-2-300x200.jpg\" alt=\"\" width=\"300\" height=\"200\" srcset=\"https:\/\/colegio.sanjaimemoncada.es\/wp-content\/uploads\/2018\/07\/secundaria-2-300x200.jpg 300w, https:\/\/colegio.sanjaimemoncada.es\/wp-content\/uploads\/2018\/07\/secundaria-2.jpg 550w\" sizes=\"auto, (max-width: 300px) 100vw, 300px\" \/><\/td>\n<td style=\"width: 32.515625px; height: 103px;\"><\/td>\n<td style=\"width: 734.484375px; height: 103px;\"><b>HIJOS Y EDUCACI\u00d3N<\/b><\/p>\n<p><a href=\"https:\/\/www.educaciontrespuntocero.com\/recursos\/paso-de-primaria-a-secundaria\/87265.html\">5 claves para facilitar el paso de Primaria a Secundaria<\/a><\/p>\n<p>Empezar primero de ESO es un gran cambio para los alumnos, pero tambi\u00e9n para los padres y madres. En este art\u00edculo encontramos algunos consejos para que el paso a Secundaria sea m\u00e1s llevadero.<\/td>\n<\/tr>\n<tr style=\"height: 103px;\">\n<td style=\"width: 172px; height: 103px;\"><img loading=\"lazy\" decoding=\"async\" class=\"alignnone size-medium wp-image-5638\" src=\"https:\/\/colegio.sanjaimemoncada.es\/wp-content\/uploads\/2018\/05\/1526036193_375438_1526036787_noticia_normal_recorte1-300x200.jpg\" alt=\"\" width=\"300\" height=\"200\" \/><\/td>\n<td style=\"width: 32.515625px; height: 103px;\"><\/td>\n<td style=\"width: 734.484375px; height: 103px;\"><b>EDUCACI\u00d3N<\/b><\/p>\n<p><a href=\"https:\/\/elpais.com\/ccaa\/2018\/05\/11\/catalunya\/1526036193_375438.html\">Me apeo del &#8220;churumbelismo&#8221;<\/a><\/p>\n<p>Hemos encontrado un interesante art\u00edculo de una periodista y mam\u00e1 que d\u00eda a d\u00eda tiene que compaginar su vida laboral con la crianza de tres ni\u00f1os.<\/td>\n<\/tr>\n<tr style=\"height: 103px;\">\n<td style=\"width: 172px; height: 103px;\"><img loading=\"lazy\" decoding=\"async\" class=\"alignnone size-full wp-image-4591\" src=\"https:\/\/colegio.sanjaimemoncada.es\/wp-content\/uploads\/2018\/02\/Alimentacion-sana.jpg\" alt=\"\" width=\"300\" height=\"300\" srcset=\"https:\/\/colegio.sanjaimemoncada.es\/wp-content\/uploads\/2018\/02\/Alimentacion-sana.jpg 300w, https:\/\/colegio.sanjaimemoncada.es\/wp-content\/uploads\/2018\/02\/Alimentacion-sana-150x150.jpg 150w\" sizes=\"auto, (max-width: 300px) 100vw, 300px\" \/><\/td>\n<td style=\"width: 32.515625px; height: 103px;\"><\/td>\n<td style=\"width: 734.484375px; height: 103px;\"><b>ALIMENTACI\u00d3N<\/b><\/p>\n<p><a href=\"http:\/\/comollevarunavidasaludable.com\/la-alimentacion-nino-del-horario-escolar\/\">Alimentaci\u00f3n en casa y alimentaci\u00f3n en el colegio<\/a><\/p>\n<p>\u00bfC\u00f3mo debe ser la alimentaci\u00f3n de un ni\u00f1o fuera del horario escolar? Os dejamos un interesante art\u00edculo de Seruni\u00f3n donde nos aconseja c\u00f3mo continuar con esa labor en casa<\/td>\n<\/tr>\n<tr style=\"height: 103px;\">\n<td style=\"width: 172px; height: 103px;\"><img loading=\"lazy\" decoding=\"async\" class=\"alignnone size-medium wp-image-4283\" src=\"https:\/\/colegio.sanjaimemoncada.es\/wp-content\/uploads\/2016\/04\/christmas-2975401_640-300x203.png\" alt=\"\" width=\"300\" height=\"203\" srcset=\"https:\/\/colegio.sanjaimemoncada.es\/wp-content\/uploads\/2016\/04\/christmas-2975401_640-300x203.png 300w, https:\/\/colegio.sanjaimemoncada.es\/wp-content\/uploads\/2016\/04\/christmas-2975401_640.png 640w\" sizes=\"auto, (max-width: 300px) 100vw, 300px\" \/><\/td>\n<td style=\"width: 32.515625px; height: 103px;\"><\/td>\n<td style=\"width: 734.484375px; height: 103px;\"><b>EN NAVIDAD<\/b><\/p>\n<p><a href=\"https:\/\/www.bebesymas.com\/juegos-y-juguetes\/que-regalar-a-los-ninos-por-navidad-sigue-la-regla-de-los-cuatro-regalos\">Ayudando a escribir la carta a los Reyes<\/a><\/p>\n<p><a href=\"http:\/\/cuadernos.rubio.net\/con-buena-letra\/post\/cuantos-regalos-deben-recibir-los-ninos-en-navidad\">\u00bfCu\u00e1ntos regalos debo pedir?<\/a><\/p>\n<p>Se acercan las fiestas de Navidad y hay algo que no puede fallar&#8230; la carta a los Reyes Magos. Como padres y madres debemos inculcar en nuestros hijos e hijas el sentido de la responsabilidad para no hacerles creer que las Navidades son \u00fanicamente consumismo. Entonces&#8230; \u00bfcu\u00e1ntas cosas pedimos a los Reyes?<\/p>\n<p>Os dejamos dos art\u00edculos interesantes a la hora de ayudar a nuestros ni\u00f1os a redactar la carta este a\u00f1o.<\/td>\n<\/tr>\n<tr style=\"height: 103px;\">\n<td style=\"width: 172px; height: 103px;\"><img loading=\"lazy\" decoding=\"async\" class=\"alignnone size-medium wp-image-4050\" src=\"https:\/\/colegio.sanjaimemoncada.es\/wp-content\/uploads\/2016\/04\/hemisferios-300x169.jpg\" alt=\"\" width=\"300\" height=\"169\" \/><\/td>\n<td style=\"width: 32.515625px; height: 103px;\"><\/td>\n<td style=\"width: 734.484375px; height: 103px;\"><b>FAMILIA Y EDUCACI\u00d3N<\/b><\/p>\n<p><a href=\"https:\/\/elpais.com\/elpais\/2015\/10\/22\/buenavida\/1445520901_148193.html\">Si quiere un hijo listo, qu\u00edtele el iPad y dele una guitarra<\/a><\/p>\n<p>Educar a los hijos es siempre una tarea dif\u00edcil, pero siempre podemos ayudarles a sacar de ellos lo mejor que tienen, \u00bfqu\u00e9 podemos hacer como padres para potenciar al m\u00e1ximo las capacidades de nuestros hijos?<\/td>\n<\/tr>\n<tr style=\"height: 103px;\">\n<td style=\"width: 172px; height: 103px;\"><img loading=\"lazy\" decoding=\"async\" class=\"size-medium wp-image-3681\" src=\"https:\/\/colegio.sanjaimemoncada.es\/wp-content\/uploads\/2016\/04\/familia-palomitas-300x196.jpg\" alt=\"\" width=\"300\" height=\"196\" srcset=\"https:\/\/colegio.sanjaimemoncada.es\/wp-content\/uploads\/2016\/04\/familia-palomitas-300x196.jpg 300w, https:\/\/colegio.sanjaimemoncada.es\/wp-content\/uploads\/2016\/04\/familia-palomitas.jpg 640w\" sizes=\"auto, (max-width: 300px) 100vw, 300px\" \/><\/td>\n<td style=\"width: 32.515625px; height: 103px;\"><\/td>\n<td style=\"width: 734.484375px; height: 103px;\"><strong>FAMILIA Y CINE<\/strong><\/p>\n<p><a href=\"http:\/\/www.educaciontrespuntocero.com\/recursos\/familias-2\/cortometrajes-educar-en-valores\/16455.html\">Cortometrajes para sentarse con los hijos y conversar<\/a>.<\/p>\n<p>Tal vez, hablar directamente sobre algunos temas es dif\u00edcil, pero si somos capaces de sentarnos con nuestros hijos y ver algunos de estos cortometrajes puede ayudarnos a empezar conversaciones necesarias.<\/p>\n<p>&nbsp;<\/p>\n<p><a href=\"http:\/\/webdelmaestrocmf.com\/portal\/diez-peliculas-trabajar-la-resiliencia-tus-alumnos-hijos\/\">Trabajar la resilencia<\/a><\/p>\n<p>La vida supondr\u00e1 a tus hijos en momentos adversos, dificultades y vivencias negativas antes las que debe saber reaccionar y sobreponerse. Es importante dotarlos, desde la escuela y la familia, de estrategias para lograrlo. Ten\u00e9is aqu\u00ed diez pel\u00edculas que os ayudar\u00e1n \u00a0a profundizar en diversos aspectos de este tema<\/td>\n<\/tr>\n<tr style=\"height: 24px;\">\n<td style=\"width: 172px; height: 24px;\"><img loading=\"lazy\" decoding=\"async\" class=\"alignnone size-medium wp-image-3673\" src=\"https:\/\/colegio.sanjaimemoncada.es\/wp-content\/uploads\/2016\/04\/ni\u00f1o-enfadado-300x200.jpg\" alt=\"\" width=\"300\" height=\"200\" srcset=\"https:\/\/colegio.sanjaimemoncada.es\/wp-content\/uploads\/2016\/04\/ni\u00f1o-enfadado-300x200.jpg 300w, https:\/\/colegio.sanjaimemoncada.es\/wp-content\/uploads\/2016\/04\/ni\u00f1o-enfadado-768x513.jpg 768w, https:\/\/colegio.sanjaimemoncada.es\/wp-content\/uploads\/2016\/04\/ni\u00f1o-enfadado-1024x683.jpg 1024w, https:\/\/colegio.sanjaimemoncada.es\/wp-content\/uploads\/2016\/04\/ni\u00f1o-enfadado.jpg 1960w\" sizes=\"auto, (max-width: 300px) 100vw, 300px\" \/><\/td>\n<td style=\"width: 32.515625px; height: 24px;\"><\/td>\n<td style=\"width: 734.484375px; height: 24px;\"><strong>VOLVER AL COLEGIO<\/strong><\/p>\n<p><a href=\"https:\/\/elpais.com\/elpais\/2017\/09\/06\/mamas_papas\/1504684108_238562.html\">Siete claves para que los ni\u00f1os empiecen el cole motivados. <\/a><\/p>\n<p>Puede que tus hijos no tengan muchas ganas de empezar el colegio este a\u00f1o. En este art\u00edculo te dan algunas claves para ayudarle a cambiar su punto de vista.<\/p>\n<p>&nbsp;<\/p>\n<p><a href=\"http:\/\/blog.smconectados.com\/2016\/09\/27\/horror-me-han-cambiado-de-clase\/\">\u00a1Horror, me han cambiado de clase!<\/a><\/p>\n<p>Llega el comienzo de curso, muchos ni\u00f1os comienzan una nueva etapa escolar o un nuevo ciclo, cambian de clase, cambian de compa\u00f1eros y algunos de sus amigos ya no est\u00e1n con ellos. A muchos ni\u00f1os les cuesta, y a algunos adultos tambi\u00e9n.<\/td>\n<\/tr>\n<tr style=\"height: 24px;\">\n<td style=\"width: 172px; height: 24px;\"><\/td>\n<td style=\"width: 32.515625px; height: 24px;\"><\/td>\n<td style=\"width: 734.484375px; height: 24px;\"><\/td>\n<\/tr>\n<tr style=\"height: 24px;\">\n<td style=\"width: 172px; height: 24px;\"><\/td>\n<td style=\"width: 32.515625px; height: 24px;\"><\/td>\n<td style=\"width: 734.484375px; height: 24px;\"><\/td>\n<\/tr>\n<\/tbody>\n<\/table>\n<p>&nbsp;<\/p>\n<p>&nbsp;<\/p>\n<p>&nbsp;<\/p>\n","protected":false},"excerpt":{"rendered":"<p>En esta secci\u00f3n pueden encontrar\u00a0art\u00edculos, enlaces y videos interesantes para vuestra formaci\u00f3n como padres. Una buena manera de acompa\u00f1ar m\u00e1s y mejor a vuestros hijos en su educaci\u00f3n. &nbsp; GU\u00cdA PARA SUPERAR LAS P\u00c9RDIDAS EN TIEMPOS DEL COVID-19 Duelo COVID19 Gu\u00eda para las personas que sufren una p\u00e9rdida en tiempos de coronavirus, tanto para los [&hellip;]<\/p>\n","protected":false},"author":4,"featured_media":0,"parent":0,"menu_order":0,"comment_status":"closed","ping_status":"closed","template":"","meta":{"_monsterinsights_skip_tracking":false,"_monsterinsights_sitenote_active":false,"_monsterinsights_sitenote_note":"","_monsterinsights_sitenote_category":0,"footnotes":""},"class_list":["post-9524","page","type-page","status-publish","hentry"],"yoast_head":"<!-- This site is optimized with the Yoast SEO plugin v26.2 - https:\/\/yoast.com\/wordpress\/plugins\/seo\/ -->\n<title>Escuela de padres online - C. Parroquial San Jaime Ap\u00f3stol<\/title>\n<meta name=\"robots\" content=\"index, follow, max-snippet:-1, max-image-preview:large, max-video-preview:-1\" \/>\n<link rel=\"canonical\" href=\"https:\/\/colegio.sanjaimemoncada.es\/escuela-de-padres\/\" \/>\n<meta property=\"og:locale\" content=\"en_US\" \/>\n<meta property=\"og:type\" content=\"article\" \/>\n<meta property=\"og:title\" content=\"Escuela de padres online - C. Parroquial San Jaime Ap\u00f3stol\" \/>\n<meta property=\"og:description\" content=\"En esta secci\u00f3n pueden encontrar\u00a0art\u00edculos, enlaces y videos interesantes para vuestra formaci\u00f3n como padres. Una buena manera de acompa\u00f1ar m\u00e1s y mejor a vuestros hijos en su educaci\u00f3n. &nbsp; GU\u00cdA PARA SUPERAR LAS P\u00c9RDIDAS EN TIEMPOS DEL COVID-19 Duelo COVID19 Gu\u00eda para las personas que sufren una p\u00e9rdida en tiempos de coronavirus, tanto para los [&hellip;]\" \/>\n<meta property=\"og:url\" content=\"https:\/\/colegio.sanjaimemoncada.es\/escuela-de-padres\/\" \/>\n<meta property=\"og:site_name\" content=\"C. Parroquial San Jaime Ap\u00f3stol\" \/>\n<meta property=\"article:modified_time\" content=\"2020-05-21T08:54:44+00:00\" \/>\n<meta property=\"og:image\" content=\"https:\/\/colegio.sanjaimemoncada.es\/wp-content\/uploads\/2020\/05\/Captura-de-pantalla-2020-05-21-a-las-10.30.11.png\" \/>\n\t<meta property=\"og:image:width\" content=\"648\" \/>\n\t<meta property=\"og:image:height\" content=\"426\" \/>\n\t<meta property=\"og:image:type\" content=\"image\/png\" \/>\n<meta name=\"twitter:card\" content=\"summary_large_image\" \/>\n<meta name=\"twitter:label1\" content=\"Est. reading time\" \/>\n\t<meta name=\"twitter:data1\" content=\"5 minutes\" \/>\n<script type=\"application\/ld+json\" class=\"yoast-schema-graph\">{\"@context\":\"https:\/\/schema.org\",\"@graph\":[{\"@type\":\"WebPage\",\"@id\":\"https:\/\/colegio.sanjaimemoncada.es\/escuela-de-padres\/\",\"url\":\"https:\/\/colegio.sanjaimemoncada.es\/escuela-de-padres\/\",\"name\":\"Escuela de padres online - C. Parroquial San Jaime Ap\u00f3stol\",\"isPartOf\":{\"@id\":\"https:\/\/colegio.sanjaimemoncada.es\/#website\"},\"primaryImageOfPage\":{\"@id\":\"https:\/\/colegio.sanjaimemoncada.es\/escuela-de-padres\/#primaryimage\"},\"image\":{\"@id\":\"https:\/\/colegio.sanjaimemoncada.es\/escuela-de-padres\/#primaryimage\"},\"thumbnailUrl\":\"https:\/\/colegio.sanjaimemoncada.es\/wp-content\/uploads\/2020\/05\/Captura-de-pantalla-2020-05-21-a-las-10.30.11-300x197.png\",\"datePublished\":\"2016-04-20T15:33:23+00:00\",\"dateModified\":\"2020-05-21T08:54:44+00:00\",\"breadcrumb\":{\"@id\":\"https:\/\/colegio.sanjaimemoncada.es\/escuela-de-padres\/#breadcrumb\"},\"inLanguage\":\"en-US\",\"potentialAction\":[{\"@type\":\"ReadAction\",\"target\":[\"https:\/\/colegio.sanjaimemoncada.es\/escuela-de-padres\/\"]}]},{\"@type\":\"ImageObject\",\"inLanguage\":\"en-US\",\"@id\":\"https:\/\/colegio.sanjaimemoncada.es\/escuela-de-padres\/#primaryimage\",\"url\":\"https:\/\/colegio.sanjaimemoncada.es\/wp-content\/uploads\/2020\/05\/Captura-de-pantalla-2020-05-21-a-las-10.30.11-300x197.png\",\"contentUrl\":\"https:\/\/colegio.sanjaimemoncada.es\/wp-content\/uploads\/2020\/05\/Captura-de-pantalla-2020-05-21-a-las-10.30.11-300x197.png\"},{\"@type\":\"BreadcrumbList\",\"@id\":\"https:\/\/colegio.sanjaimemoncada.es\/escuela-de-padres\/#breadcrumb\",\"itemListElement\":[{\"@type\":\"ListItem\",\"position\":1,\"name\":\"Portada\",\"item\":\"https:\/\/colegio.sanjaimemoncada.es\/\"},{\"@type\":\"ListItem\",\"position\":2,\"name\":\"Escuela de padres online\"}]},{\"@type\":\"WebSite\",\"@id\":\"https:\/\/colegio.sanjaimemoncada.es\/#website\",\"url\":\"https:\/\/colegio.sanjaimemoncada.es\/\",\"name\":\"C. Parroquial San Jaime Ap\u00f3stol\",\"description\":\"\",\"potentialAction\":[{\"@type\":\"SearchAction\",\"target\":{\"@type\":\"EntryPoint\",\"urlTemplate\":\"https:\/\/colegio.sanjaimemoncada.es\/?s={search_term_string}\"},\"query-input\":{\"@type\":\"PropertyValueSpecification\",\"valueRequired\":true,\"valueName\":\"search_term_string\"}}],\"inLanguage\":\"en-US\"}]}<\/script>\n<!-- \/ Yoast SEO plugin. -->","yoast_head_json":{"title":"Escuela de padres online - C. Parroquial San Jaime Ap\u00f3stol","robots":{"index":"index","follow":"follow","max-snippet":"max-snippet:-1","max-image-preview":"max-image-preview:large","max-video-preview":"max-video-preview:-1"},"canonical":"https:\/\/colegio.sanjaimemoncada.es\/escuela-de-padres\/","og_locale":"en_US","og_type":"article","og_title":"Escuela de padres online - C. Parroquial San Jaime Ap\u00f3stol","og_description":"En esta secci\u00f3n pueden encontrar\u00a0art\u00edculos, enlaces y videos interesantes para vuestra formaci\u00f3n como padres. Una buena manera de acompa\u00f1ar m\u00e1s y mejor a vuestros hijos en su educaci\u00f3n. &nbsp; GU\u00cdA PARA SUPERAR LAS P\u00c9RDIDAS EN TIEMPOS DEL COVID-19 Duelo COVID19 Gu\u00eda para las personas que sufren una p\u00e9rdida en tiempos de coronavirus, tanto para los [&hellip;]","og_url":"https:\/\/colegio.sanjaimemoncada.es\/escuela-de-padres\/","og_site_name":"C. Parroquial San Jaime Ap\u00f3stol","article_modified_time":"2020-05-21T08:54:44+00:00","og_image":[{"width":648,"height":426,"url":"https:\/\/colegio.sanjaimemoncada.es\/wp-content\/uploads\/2020\/05\/Captura-de-pantalla-2020-05-21-a-las-10.30.11.png","type":"image\/png"}],"twitter_card":"summary_large_image","twitter_misc":{"Est. reading time":"5 minutes"},"schema":{"@context":"https:\/\/schema.org","@graph":[{"@type":"WebPage","@id":"https:\/\/colegio.sanjaimemoncada.es\/escuela-de-padres\/","url":"https:\/\/colegio.sanjaimemoncada.es\/escuela-de-padres\/","name":"Escuela de padres online - C. Parroquial San Jaime Ap\u00f3stol","isPartOf":{"@id":"https:\/\/colegio.sanjaimemoncada.es\/#website"},"primaryImageOfPage":{"@id":"https:\/\/colegio.sanjaimemoncada.es\/escuela-de-padres\/#primaryimage"},"image":{"@id":"https:\/\/colegio.sanjaimemoncada.es\/escuela-de-padres\/#primaryimage"},"thumbnailUrl":"https:\/\/colegio.sanjaimemoncada.es\/wp-content\/uploads\/2020\/05\/Captura-de-pantalla-2020-05-21-a-las-10.30.11-300x197.png","datePublished":"2016-04-20T15:33:23+00:00","dateModified":"2020-05-21T08:54:44+00:00","breadcrumb":{"@id":"https:\/\/colegio.sanjaimemoncada.es\/escuela-de-padres\/#breadcrumb"},"inLanguage":"en-US","potentialAction":[{"@type":"ReadAction","target":["https:\/\/colegio.sanjaimemoncada.es\/escuela-de-padres\/"]}]},{"@type":"ImageObject","inLanguage":"en-US","@id":"https:\/\/colegio.sanjaimemoncada.es\/escuela-de-padres\/#primaryimage","url":"https:\/\/colegio.sanjaimemoncada.es\/wp-content\/uploads\/2020\/05\/Captura-de-pantalla-2020-05-21-a-las-10.30.11-300x197.png","contentUrl":"https:\/\/colegio.sanjaimemoncada.es\/wp-content\/uploads\/2020\/05\/Captura-de-pantalla-2020-05-21-a-las-10.30.11-300x197.png"},{"@type":"BreadcrumbList","@id":"https:\/\/colegio.sanjaimemoncada.es\/escuela-de-padres\/#breadcrumb","itemListElement":[{"@type":"ListItem","position":1,"name":"Portada","item":"https:\/\/colegio.sanjaimemoncada.es\/"},{"@type":"ListItem","position":2,"name":"Escuela de padres online"}]},{"@type":"WebSite","@id":"https:\/\/colegio.sanjaimemoncada.es\/#website","url":"https:\/\/colegio.sanjaimemoncada.es\/","name":"C. Parroquial San Jaime Ap\u00f3stol","description":"","potentialAction":[{"@type":"SearchAction","target":{"@type":"EntryPoint","urlTemplate":"https:\/\/colegio.sanjaimemoncada.es\/?s={search_term_string}"},"query-input":{"@type":"PropertyValueSpecification","valueRequired":true,"valueName":"search_term_string"}}],"inLanguage":"en-US"}]}},"_links":{"self":[{"href":"https:\/\/colegio.sanjaimemoncada.es\/en\/wp-json\/wp\/v2\/pages\/9524","targetHints":{"allow":["GET"]}}],"collection":[{"href":"https:\/\/colegio.sanjaimemoncada.es\/en\/wp-json\/wp\/v2\/pages"}],"about":[{"href":"https:\/\/colegio.sanjaimemoncada.es\/en\/wp-json\/wp\/v2\/types\/page"}],"author":[{"embeddable":true,"href":"https:\/\/colegio.sanjaimemoncada.es\/en\/wp-json\/wp\/v2\/users\/4"}],"replies":[{"embeddable":true,"href":"https:\/\/colegio.sanjaimemoncada.es\/en\/wp-json\/wp\/v2\/comments?post=9524"}],"version-history":[{"count":3,"href":"https:\/\/colegio.sanjaimemoncada.es\/en\/wp-json\/wp\/v2\/pages\/9524\/revisions"}],"predecessor-version":[{"id":19684,"href":"https:\/\/colegio.sanjaimemoncada.es\/en\/wp-json\/wp\/v2\/pages\/9524\/revisions\/19684"}],"wp:attachment":[{"href":"https:\/\/colegio.sanjaimemoncada.es\/en\/wp-json\/wp\/v2\/media?parent=9524"}],"curies":[{"name":"wp","href":"https:\/\/api.w.org\/{rel}","templated":true}]}}