{"id":9491,"date":"2016-04-26T11:49:04","date_gmt":"2016-04-26T09:49:04","guid":{"rendered":"https:\/\/colegio.sanjaimemoncada.es\/ciclos-formativos\/organigrama\/"},"modified":"2023-09-01T13:45:37","modified_gmt":"2023-09-01T11:45:37","slug":"organigrama","status":"publish","type":"page","link":"https:\/\/colegio.sanjaimemoncada.es\/en\/ciclos-formativos\/organigrama\/","title":{"rendered":"Organigrama"},"content":{"rendered":"<h1>CURSO 2022\/23<\/h1>\n<h3>EQUIPO DIRECTIVO<\/h3>\n<p style=\"font-weight: 400;\">Director Pedag\u00f3gico de Etapa: V\u00edctor Esteve Garc\u00eda<\/p>\n<p style=\"font-weight: 400;\">Jefe de Estudios de Etapa: Francisco Ib\u00e1\u00f1ez Marco<\/p>\n<h3><\/h3>\n<h3>OTROS\u00a0 \u00d3RGANOS UNIPERSONALES<\/h3>\n<ul style=\"list-style-type: square;\">\n<li>JEFE DEL DEPARTAMENTO ADMINISTRATIVO:\u00a0Ester Mart\u00ednez<\/li>\n<li>JEFE DEL\u00a0 DEPARTAMENTO TRANSPORTE Y MANTENIMIENTO DE VEH\u00cdCULOS: Paco Ib\u00e1\u00f1ez<\/li>\n<li>JEFE DEL DEPARTAMENTO DE FABRICACI\u00d3N MEC\u00c1NICA: Nacho Tordera<\/li>\n<li>JEFE DEL DEPARTAMENTO DE FCT: Victor Esteve<\/li>\n<li>JEFE DEL DEPARTAMENTO DE FORMACI\u00d3N Y ORIENTACI\u00d3N LABORAL:\u00a0\u00a0Charo Capilla<\/li>\n<li>RESPONSABLE DE EXTRAESCOLARES: Manuel Solis<\/li>\n<\/ul>\n<h3><\/h3>\n<h3 style=\"text-align: justify;\">HORARIO DEL\u00a0 EQUIPO DIRECTIVO<\/h3>\n<p style=\"text-align: justify;\"><strong>NOTA: Para que nuestra labor educativa sea m\u00e1s eficaz si un padre o madre quiere hablar con alg\u00fan miembro del equipo directivo o tutor debe concertar la entrevista con antelaci\u00f3n.<\/strong><\/p>\n<h3 style=\"text-align: center;\">RELACI\u00d3N DE TUTORES\/AS:<\/h3>\n","protected":false},"excerpt":{"rendered":"<p>CURSO 2022\/23 EQUIPO DIRECTIVO Director Pedag\u00f3gico de Etapa: V\u00edctor Esteve Garc\u00eda Jefe de Estudios de Etapa: Francisco Ib\u00e1\u00f1ez Marco OTROS\u00a0 \u00d3RGANOS UNIPERSONALES JEFE DEL DEPARTAMENTO ADMINISTRATIVO:\u00a0Ester Mart\u00ednez JEFE DEL\u00a0 DEPARTAMENTO TRANSPORTE Y MANTENIMIENTO DE VEH\u00cdCULOS: Paco Ib\u00e1\u00f1ez JEFE DEL DEPARTAMENTO DE FABRICACI\u00d3N MEC\u00c1NICA: Nacho Tordera JEFE DEL DEPARTAMENTO DE FCT: Victor Esteve JEFE DEL DEPARTAMENTO [&hellip;]<\/p>\n","protected":false},"author":4,"featured_media":0,"parent":9463,"menu_order":0,"comment_status":"closed","ping_status":"closed","template":"","meta":{"_monsterinsights_skip_tracking":false,"_monsterinsights_sitenote_active":false,"_monsterinsights_sitenote_note":"","_monsterinsights_sitenote_category":0,"footnotes":""},"class_list":["post-9491","page","type-page","status-publish","hentry"],"yoast_head":"<!-- This site is optimized with the Yoast SEO plugin v26.2 - https:\/\/yoast.com\/wordpress\/plugins\/seo\/ -->\n<title>Organigrama - C. Parroquial San Jaime Ap\u00f3stol<\/title>\n<meta name=\"robots\" content=\"index, follow, max-snippet:-1, max-image-preview:large, max-video-preview:-1\" \/>\n<link rel=\"canonical\" href=\"https:\/\/colegio.sanjaimemoncada.es\/ciclos-formativos\/organigrama\/\" \/>\n<meta property=\"og:locale\" content=\"en_US\" \/>\n<meta property=\"og:type\" content=\"article\" \/>\n<meta property=\"og:title\" content=\"Organigrama - C. Parroquial San Jaime Ap\u00f3stol\" \/>\n<meta property=\"og:description\" content=\"CURSO 2022\/23 EQUIPO DIRECTIVO Director Pedag\u00f3gico de Etapa: V\u00edctor Esteve Garc\u00eda Jefe de Estudios de Etapa: Francisco Ib\u00e1\u00f1ez Marco OTROS\u00a0 \u00d3RGANOS UNIPERSONALES JEFE DEL DEPARTAMENTO ADMINISTRATIVO:\u00a0Ester Mart\u00ednez JEFE DEL\u00a0 DEPARTAMENTO TRANSPORTE Y MANTENIMIENTO DE VEH\u00cdCULOS: Paco Ib\u00e1\u00f1ez JEFE DEL DEPARTAMENTO DE FABRICACI\u00d3N MEC\u00c1NICA: Nacho Tordera JEFE DEL DEPARTAMENTO DE FCT: Victor Esteve JEFE DEL DEPARTAMENTO [&hellip;]\" \/>\n<meta property=\"og:url\" content=\"https:\/\/colegio.sanjaimemoncada.es\/ciclos-formativos\/organigrama\/\" \/>\n<meta property=\"og:site_name\" content=\"C. Parroquial San Jaime Ap\u00f3stol\" \/>\n<meta property=\"article:modified_time\" content=\"2023-09-01T11:45:37+00:00\" \/>\n<meta name=\"twitter:card\" content=\"summary_large_image\" \/>\n<meta name=\"twitter:label1\" content=\"Est. reading time\" \/>\n\t<meta name=\"twitter:data1\" content=\"1 minute\" \/>\n<script type=\"application\/ld+json\" class=\"yoast-schema-graph\">{\"@context\":\"https:\/\/schema.org\",\"@graph\":[{\"@type\":\"WebPage\",\"@id\":\"https:\/\/colegio.sanjaimemoncada.es\/ciclos-formativos\/organigrama\/\",\"url\":\"https:\/\/colegio.sanjaimemoncada.es\/ciclos-formativos\/organigrama\/\",\"name\":\"Organigrama - C. Parroquial San Jaime Ap\u00f3stol\",\"isPartOf\":{\"@id\":\"https:\/\/colegio.sanjaimemoncada.es\/#website\"},\"datePublished\":\"2016-04-26T09:49:04+00:00\",\"dateModified\":\"2023-09-01T11:45:37+00:00\",\"breadcrumb\":{\"@id\":\"https:\/\/colegio.sanjaimemoncada.es\/ciclos-formativos\/organigrama\/#breadcrumb\"},\"inLanguage\":\"en-US\",\"potentialAction\":[{\"@type\":\"ReadAction\",\"target\":[\"https:\/\/colegio.sanjaimemoncada.es\/ciclos-formativos\/organigrama\/\"]}]},{\"@type\":\"BreadcrumbList\",\"@id\":\"https:\/\/colegio.sanjaimemoncada.es\/ciclos-formativos\/organigrama\/#breadcrumb\",\"itemListElement\":[{\"@type\":\"ListItem\",\"position\":1,\"name\":\"Portada\",\"item\":\"https:\/\/colegio.sanjaimemoncada.es\/\"},{\"@type\":\"ListItem\",\"position\":2,\"name\":\"Ciclos Formativos\",\"item\":\"https:\/\/colegio.sanjaimemoncada.es\/ciclos-formativos\/\"},{\"@type\":\"ListItem\",\"position\":3,\"name\":\"Organigrama\"}]},{\"@type\":\"WebSite\",\"@id\":\"https:\/\/colegio.sanjaimemoncada.es\/#website\",\"url\":\"https:\/\/colegio.sanjaimemoncada.es\/\",\"name\":\"C. Parroquial San Jaime Ap\u00f3stol\",\"description\":\"\",\"potentialAction\":[{\"@type\":\"SearchAction\",\"target\":{\"@type\":\"EntryPoint\",\"urlTemplate\":\"https:\/\/colegio.sanjaimemoncada.es\/?s={search_term_string}\"},\"query-input\":{\"@type\":\"PropertyValueSpecification\",\"valueRequired\":true,\"valueName\":\"search_term_string\"}}],\"inLanguage\":\"en-US\"}]}<\/script>\n<!-- \/ Yoast SEO plugin. -->","yoast_head_json":{"title":"Organigrama - C. Parroquial San Jaime Ap\u00f3stol","robots":{"index":"index","follow":"follow","max-snippet":"max-snippet:-1","max-image-preview":"max-image-preview:large","max-video-preview":"max-video-preview:-1"},"canonical":"https:\/\/colegio.sanjaimemoncada.es\/ciclos-formativos\/organigrama\/","og_locale":"en_US","og_type":"article","og_title":"Organigrama - C. Parroquial San Jaime Ap\u00f3stol","og_description":"CURSO 2022\/23 EQUIPO DIRECTIVO Director Pedag\u00f3gico de Etapa: V\u00edctor Esteve Garc\u00eda Jefe de Estudios de Etapa: Francisco Ib\u00e1\u00f1ez Marco OTROS\u00a0 \u00d3RGANOS UNIPERSONALES JEFE DEL DEPARTAMENTO ADMINISTRATIVO:\u00a0Ester Mart\u00ednez JEFE DEL\u00a0 DEPARTAMENTO TRANSPORTE Y MANTENIMIENTO DE VEH\u00cdCULOS: Paco Ib\u00e1\u00f1ez JEFE DEL DEPARTAMENTO DE FABRICACI\u00d3N MEC\u00c1NICA: Nacho Tordera JEFE DEL DEPARTAMENTO DE FCT: Victor Esteve JEFE DEL DEPARTAMENTO [&hellip;]","og_url":"https:\/\/colegio.sanjaimemoncada.es\/ciclos-formativos\/organigrama\/","og_site_name":"C. Parroquial San Jaime Ap\u00f3stol","article_modified_time":"2023-09-01T11:45:37+00:00","twitter_card":"summary_large_image","twitter_misc":{"Est. reading time":"1 minute"},"schema":{"@context":"https:\/\/schema.org","@graph":[{"@type":"WebPage","@id":"https:\/\/colegio.sanjaimemoncada.es\/ciclos-formativos\/organigrama\/","url":"https:\/\/colegio.sanjaimemoncada.es\/ciclos-formativos\/organigrama\/","name":"Organigrama - C. Parroquial San Jaime Ap\u00f3stol","isPartOf":{"@id":"https:\/\/colegio.sanjaimemoncada.es\/#website"},"datePublished":"2016-04-26T09:49:04+00:00","dateModified":"2023-09-01T11:45:37+00:00","breadcrumb":{"@id":"https:\/\/colegio.sanjaimemoncada.es\/ciclos-formativos\/organigrama\/#breadcrumb"},"inLanguage":"en-US","potentialAction":[{"@type":"ReadAction","target":["https:\/\/colegio.sanjaimemoncada.es\/ciclos-formativos\/organigrama\/"]}]},{"@type":"BreadcrumbList","@id":"https:\/\/colegio.sanjaimemoncada.es\/ciclos-formativos\/organigrama\/#breadcrumb","itemListElement":[{"@type":"ListItem","position":1,"name":"Portada","item":"https:\/\/colegio.sanjaimemoncada.es\/"},{"@type":"ListItem","position":2,"name":"Ciclos Formativos","item":"https:\/\/colegio.sanjaimemoncada.es\/ciclos-formativos\/"},{"@type":"ListItem","position":3,"name":"Organigrama"}]},{"@type":"WebSite","@id":"https:\/\/colegio.sanjaimemoncada.es\/#website","url":"https:\/\/colegio.sanjaimemoncada.es\/","name":"C. Parroquial San Jaime Ap\u00f3stol","description":"","potentialAction":[{"@type":"SearchAction","target":{"@type":"EntryPoint","urlTemplate":"https:\/\/colegio.sanjaimemoncada.es\/?s={search_term_string}"},"query-input":{"@type":"PropertyValueSpecification","valueRequired":true,"valueName":"search_term_string"}}],"inLanguage":"en-US"}]}},"_links":{"self":[{"href":"https:\/\/colegio.sanjaimemoncada.es\/en\/wp-json\/wp\/v2\/pages\/9491","targetHints":{"allow":["GET"]}}],"collection":[{"href":"https:\/\/colegio.sanjaimemoncada.es\/en\/wp-json\/wp\/v2\/pages"}],"about":[{"href":"https:\/\/colegio.sanjaimemoncada.es\/en\/wp-json\/wp\/v2\/types\/page"}],"author":[{"embeddable":true,"href":"https:\/\/colegio.sanjaimemoncada.es\/en\/wp-json\/wp\/v2\/users\/4"}],"replies":[{"embeddable":true,"href":"https:\/\/colegio.sanjaimemoncada.es\/en\/wp-json\/wp\/v2\/comments?post=9491"}],"version-history":[{"count":3,"href":"https:\/\/colegio.sanjaimemoncada.es\/en\/wp-json\/wp\/v2\/pages\/9491\/revisions"}],"predecessor-version":[{"id":24744,"href":"https:\/\/colegio.sanjaimemoncada.es\/en\/wp-json\/wp\/v2\/pages\/9491\/revisions\/24744"}],"up":[{"embeddable":true,"href":"https:\/\/colegio.sanjaimemoncada.es\/en\/wp-json\/wp\/v2\/pages\/9463"}],"wp:attachment":[{"href":"https:\/\/colegio.sanjaimemoncada.es\/en\/wp-json\/wp\/v2\/media?parent=9491"}],"curies":[{"name":"wp","href":"https:\/\/api.w.org\/{rel}","templated":true}]}}