{"id":9487,"date":"2016-04-26T11:45:10","date_gmt":"2016-04-26T09:45:10","guid":{"rendered":"https:\/\/colegio.sanjaimemoncada.es\/ciclos-formativos\/oferta-educativa\/"},"modified":"2016-04-26T11:45:10","modified_gmt":"2016-04-26T09:45:10","slug":"oferta-educativa","status":"publish","type":"page","link":"https:\/\/colegio.sanjaimemoncada.es\/en\/ciclos-formativos\/oferta-educativa\/","title":{"rendered":"Oferta educativa"},"content":{"rendered":"<h3 style=\"text-align: center;\">GRADO MEDIO &#8211; GESTI\u00d3N ADMINISTRATIVA<\/h3>\n<p><strong>Duraci\u00f3n:<\/strong> 2.000 horas.<\/p>\n<p style=\"text-align: justify;\"><strong>Qu\u00e9 ocupaciones puedes desempe\u00f1ar:<\/strong>\u00a0Auxiliar administrativo. Ayudante de oficina. Auxiliar administrativo de cobros y pagos. Administrativo comercial. Auxiliar administrativo de gesti\u00f3n de personal Auxiliar administrativo de las administraciones p\u00fablicas. Recepcionista. Empleado de atenci\u00f3n al cliente. Empleado de tesorer\u00eda. Empleado de medios de pago.<\/p>\n<p><strong>M\u00f3dulos Profesionales:<\/strong><\/p>\n<table style=\"width: 811.531px;\">\n<tbody>\n<tr>\n<td style=\"text-align: center; width: 400px;\"><strong>Primer curso<\/strong><\/td>\n<td style=\"text-align: center; width: 401.531px;\"><strong>Segundo curso<\/strong><\/td>\n<\/tr>\n<tr>\n<td style=\"width: 400px;\">Comunicaci\u00f3n empresarial y atenci\u00f3n al cliente<\/td>\n<td style=\"width: 401.531px;\">Operaciones administrativas de recursos humanos<\/td>\n<\/tr>\n<tr>\n<td style=\"width: 400px;\">Operaciones administrativas de compra-venta<\/td>\n<td style=\"width: 401.531px;\">Tratamiento de la documentaci\u00f3n contable<\/td>\n<\/tr>\n<tr>\n<td style=\"width: 400px;\">Empresa y Administraci\u00f3n<\/td>\n<td style=\"width: 401.531px;\">Empresa en el aula<\/td>\n<\/tr>\n<tr>\n<td style=\"width: 400px;\">Tratamiento inform\u00e1tico de la informaci\u00f3n<\/td>\n<td style=\"width: 401.531px;\">Operaciones auxiliares de gesti\u00f3n de tesorer\u00eda<\/td>\n<\/tr>\n<tr>\n<td style=\"width: 400px;\">T\u00e9cnica contable<\/td>\n<td style=\"width: 401.531px;\">Horario reservado para el m\u00f3dulo impartido en ingl\u00e9s<\/td>\n<\/tr>\n<tr>\n<td style=\"width: 400px;\">Ingl\u00e9s<\/td>\n<td style=\"width: 401.531px;\">Formaci\u00f3n en Centros de Trabajo<\/td>\n<\/tr>\n<tr>\n<td style=\"width: 400px;\">Horario reservado para el m\u00f3dulo impartido en ingl\u00e9s<\/td>\n<td style=\"width: 401.531px;\"><\/td>\n<\/tr>\n<tr>\n<td style=\"width: 400px;\">Formaci\u00f3n y orientaci\u00f3n laboral<\/td>\n<td style=\"width: 401.531px;\"><\/td>\n<\/tr>\n<\/tbody>\n<\/table>\n<h3 style=\"text-align: center;\"><\/h3>\n<h3 style=\"text-align: center;\">GRADO MEDIO &#8211;\u00a0ELECTROMEC\u00c1NICA DE VEH\u00cdCULOS AUTOM\u00d3VILES<\/h3>\n<p><strong>Duraci\u00f3n:<\/strong> 2.000 horas.<\/p>\n<p style=\"text-align: justify;\"><strong>Qu\u00e9 ocupaciones puedes desempe\u00f1ar:<\/strong> Electronicista de veh\u00edculos. Electricista electr\u00f3nico de mantenimiento y reparaci\u00f3n en automoci\u00f3n. Mec\u00e1nico de autom\u00f3viles. Electricista de autom\u00f3viles. Electromec\u00e1nico de autom\u00f3viles. Mec\u00e1nico de motores y sus sistemas auxiliares de autom\u00f3viles y motocicletas. Reparador sistemas neum\u00e1ticos e hidr\u00e1ulicos. Reparador sistemas de transmisi\u00f3n y frenos. Reparador sistemas de direcci\u00f3n y suspensi\u00f3n. Operario de ITV. Instalador de accesorios en veh\u00edculos. Operario de empresas dedicadas a la fabricaci\u00f3n de recambios. Electromec\u00e1nico de motocicletas. Vendedor\/ distribuidor de recambios y equipos de diagnosis<\/p>\n<p><strong>M\u00f3dulos Profesionales:<\/strong><\/p>\n<table style=\"width: 811.531px;\">\n<tbody>\n<tr>\n<td style=\"text-align: center; width: 400px;\"><strong>Primer curso<\/strong><\/td>\n<td style=\"text-align: center; width: 401.531px;\"><strong>Segundo curso<\/strong><\/td>\n<\/tr>\n<tr>\n<td style=\"width: 400px;\">Motores<\/td>\n<td style=\"width: 401.531px;\">Circuitos el\u00e9ctricos auxiliares del veh\u00edculo<\/td>\n<\/tr>\n<tr>\n<td style=\"width: 400px;\">Circuitos de fluidos, suspensi\u00f3n y direcci\u00f3n<\/td>\n<td style=\"width: 401.531px;\">Sistemas auxiliares del motor<\/td>\n<\/tr>\n<tr>\n<td style=\"width: 400px;\">Sistemas de carga y arranque<\/td>\n<td style=\"width: 401.531px;\">Sistemas de transmisi\u00f3n y frenado<\/td>\n<\/tr>\n<tr>\n<td style=\"width: 400px;\">Sistemas de seguridad y confortabilidad<\/td>\n<td style=\"width: 401.531px;\">Empresa e iniciativa emprendedora<\/td>\n<\/tr>\n<tr>\n<td style=\"width: 400px;\">Mecanizado b\u00e1sico<\/td>\n<td style=\"width: 401.531px;\">Horario reservado para el m\u00f3dulo impartido en ingl\u00e9s<\/td>\n<\/tr>\n<tr>\n<td style=\"width: 400px;\">Formaci\u00f3n y orientaci\u00f3n laboral<\/td>\n<td style=\"width: 401.531px;\">Formaci\u00f3n en Centros de Trabajo<\/td>\n<\/tr>\n<tr>\n<td style=\"width: 400px;\">Horario reservado para el m\u00f3dulo impartido en ingl\u00e9s<\/td>\n<td style=\"width: 401.531px;\"><\/td>\n<\/tr>\n<\/tbody>\n<\/table>\n<h3><\/h3>\n<h3 style=\"text-align: center;\">GRADO MEDIO &#8211;\u00a0MECANIZADO<\/h3>\n<p><strong>Duraci\u00f3n:<\/strong> 2.000 horas.<\/p>\n<p style=\"text-align: justify;\"><strong>Qu\u00e9 ocupaciones puedes desempe\u00f1ar:<\/strong> Ajustador operario de m\u00e1quinas herramientas. Pulidor de metales y afilador de herramientas. Operador de m\u00e1quinas para trabajar metales. Operador de m\u00e1quinas herramientas. Operador de robots industriales. Trabajadores de la fabricaci\u00f3n de herramientas, mec\u00e1nicos y ajustadores, modelistas matriceros y asimilados. Tornero, fresador y mandrinador.<\/p>\n<p><strong>M\u00f3dulos Profesionales:<\/strong><\/p>\n<table style=\"width: 808.441px;\">\n<tbody>\n<tr>\n<td style=\"text-align: center; width: 400px;\"><strong>Primer curso<\/strong><\/td>\n<td style=\"text-align: center; width: 401.441px;\"><strong>Segundo curso<\/strong><\/td>\n<\/tr>\n<tr>\n<td style=\"width: 400px;\">Procesos de mecanizado<\/td>\n<td style=\"width: 401.441px;\">Mecanizado por control num\u00e9rico<\/td>\n<\/tr>\n<tr>\n<td style=\"width: 400px;\">Metrolog\u00eda y ensayos<\/td>\n<td style=\"width: 401.441px;\">Fabricaci\u00f3n por abrasi\u00f3n, electroerosi\u00f3n, corte y conformado y por procesos especiales<\/td>\n<\/tr>\n<tr>\n<td style=\"width: 400px;\">Fabricaci\u00f3n por arranque de viruta<\/td>\n<td style=\"width: 401.441px;\">Sistemas automatizados<\/td>\n<\/tr>\n<tr>\n<td style=\"width: 400px;\">Interpretaci\u00f3n gr\u00e1fica<\/td>\n<td style=\"width: 401.441px;\">Empresa e iniciativa emprendedora<\/td>\n<\/tr>\n<tr>\n<td style=\"width: 400px;\">Formaci\u00f3n y orientaci\u00f3n laboral<\/td>\n<td style=\"width: 401.441px;\">Horario reservado para el m\u00f3dulo impartido en ingl\u00e9s.<\/td>\n<\/tr>\n<tr>\n<td style=\"width: 400px;\">Horario reservado para el m\u00f3dulo impartido en ingl\u00e9s<\/td>\n<td style=\"width: 401.441px;\">Formaci\u00f3n en Centros de Trabajo<\/td>\n<\/tr>\n<\/tbody>\n<\/table>\n<h3><\/h3>\n<h3 style=\"text-align: center;\">GRADO SUPERIOR\u00a0&#8211;\u00a0ADMINISTRACI\u00d3N Y FINANZAS<\/h3>\n<p><strong>Duraci\u00f3n:<\/strong> 2.000 horas.<\/p>\n<p style=\"text-align: justify;\"><strong>Qu\u00e9 ocupaciones puedes desempe\u00f1ar:<\/strong> Administrativo de oficina. Administrativo comercial. Administrativo financiero. Administrativo contable. Administrativo de log\u00edstica. Administrativo de banca y de seguros. Administrativo de recursos humanos. Administrativo de la Administraci\u00f3n p\u00fablica. Administrativo de asesor\u00edas jur\u00eddicas, contables, laborales, fiscales o gestor\u00edas. T\u00e9cnico en gesti\u00f3n de cobros. Responsable de atenci\u00f3n al cliente.<\/p>\n<p><strong>M\u00f3dulos Profesionales:<\/strong><\/p>\n<table style=\"width: 811.531px;\">\n<tbody>\n<tr>\n<td style=\"text-align: center; width: 400px;\"><strong>Primer curso<\/strong><\/td>\n<td style=\"text-align: center; width: 401.531px;\"><strong>Segundo curso<\/strong><\/td>\n<\/tr>\n<tr>\n<td style=\"width: 400px;\">Gesti\u00f3n de la documentaci\u00f3n jur\u00eddica y empresarial<\/td>\n<td style=\"width: 401.531px;\">Gesti\u00f3n de recursos humanos<\/td>\n<\/tr>\n<tr>\n<td style=\"width: 400px;\">Recursos humanos y responsabilidad social corporativa<\/td>\n<td style=\"width: 401.531px;\">Gesti\u00f3n financiera<\/td>\n<\/tr>\n<tr>\n<td style=\"width: 400px;\">Ofim\u00e1tica y proceso de la informaci\u00f3n<\/td>\n<td style=\"width: 401.531px;\">Contabilidad y fiscalidad<\/td>\n<\/tr>\n<tr>\n<td style=\"width: 400px;\">Proceso integral de la actividad comercial<\/td>\n<td style=\"width: 401.531px;\">Gesti\u00f3n log\u00edstica y comercial<\/td>\n<\/tr>\n<tr>\n<td style=\"width: 400px;\">Comunicaci\u00f3n y atenci\u00f3n al cliente<\/td>\n<td style=\"width: 401.531px;\">Simulaci\u00f3n empresarial<\/td>\n<\/tr>\n<tr>\n<td style=\"width: 400px;\">Ingl\u00e9s<\/td>\n<td style=\"width: 401.531px;\">Proyecto de Administraci\u00f3n y Finanzas<\/td>\n<\/tr>\n<tr>\n<td style=\"width: 400px;\">Horario reservado para el m\u00f3dulo impartido en ingl\u00e9s<\/td>\n<td style=\"width: 401.531px;\">Horario reservado para el m\u00f3dulo impartido en ingl\u00e9s<\/td>\n<\/tr>\n<tr>\n<td style=\"width: 400px;\">Formaci\u00f3n y orientaci\u00f3n laboral<\/td>\n<td style=\"width: 401.531px;\">Formaci\u00f3n en Centros de Trabajo<\/td>\n<\/tr>\n<\/tbody>\n<\/table>\n<p>&nbsp;<\/p>\n<h3 style=\"text-align: center;\">GRADO SUPERIOR\u00a0&#8211;\u00a0AUTOMOCI\u00d3N<\/h3>\n<p><strong>Duraci\u00f3n:<\/strong> 2.000 horas.<\/p>\n<p style=\"text-align: justify;\"><strong>Qu\u00e9 ocupaciones puedes desempe\u00f1ar:<\/strong> Jefe del \u00e1rea de electromec\u00e1nica. Recepcionista de veh\u00edculos. Jefe de taller de veh\u00edculos de motor. Encargado de ITV. Perito tasador de veh\u00edculos. Jefe de servicio. Encargado de \u00e1rea de recambios. Encargado de \u00e1rea comercial de equipos relacionados con los veh\u00edculos. Jefe del \u00e1rea de carrocer\u00eda: chapa y pintura..<\/p>\n<p><strong>M\u00f3dulos Profesionales:<\/strong><\/p>\n<table style=\"width: 811.531px;\">\n<tbody>\n<tr>\n<td style=\"text-align: center; width: 400px;\"><strong>Primer curso<\/strong><\/td>\n<td style=\"text-align: center; width: 401.531px;\"><strong>Segundo curso<\/strong><\/td>\n<\/tr>\n<tr>\n<td style=\"width: 400px;\">Sistemas el\u00e9ctricos y de seguridad y confortabilidad<\/td>\n<td style=\"width: 401.531px;\">Tratamiento y recubrimiento de superficies<\/td>\n<\/tr>\n<tr>\n<td style=\"width: 400px;\">Sistemas de transmisi\u00f3n de fuerzas y trenes de rodaje<\/td>\n<td style=\"width: 401.531px;\">Estructuras del veh\u00edculo<\/td>\n<\/tr>\n<tr>\n<td style=\"width: 400px;\">Motores t\u00e9rmicos y sus sistemas auxiliares<\/td>\n<td style=\"width: 401.531px;\">Gesti\u00f3n y log\u00edstica del mantenimiento de veh\u00edculos<\/td>\n<\/tr>\n<tr>\n<td style=\"width: 400px;\">Elementos amovibles y fijos no estructurales<\/td>\n<td style=\"width: 401.531px;\">T\u00e9cnicas de comunicaci\u00f3n y de relaciones<\/td>\n<\/tr>\n<tr>\n<td style=\"width: 400px;\">Formaci\u00f3n y orientaci\u00f3n laboral<\/td>\n<td style=\"width: 401.531px;\">Empresa e iniciativa emprendedora<\/td>\n<\/tr>\n<tr>\n<td style=\"width: 400px;\">Horario reservado para el m\u00f3dulo impartido en ingl\u00e9s<\/td>\n<td style=\"width: 401.531px;\">Proyecto de automoci\u00f3n<\/td>\n<\/tr>\n<tr>\n<td style=\"width: 400px;\"><\/td>\n<td style=\"width: 401.531px;\">Horario reservado para el m\u00f3dulo impartido en ingl\u00e9s<\/td>\n<\/tr>\n<tr>\n<td style=\"width: 400px;\"><\/td>\n<td style=\"width: 401.531px;\">Formaci\u00f3n en Centros de Trabajo<\/td>\n<\/tr>\n<\/tbody>\n<\/table>\n<p>&nbsp;<\/p>\n<h3 style=\"text-align: center;\">GRADO SUPERIOR\u00a0&#8211;\u00a0DISE\u00d1O EN FABRICACI\u00d3N MEC\u00c1NICA<\/h3>\n<p><strong>Duraci\u00f3n:<\/strong> 2.000 horas.<\/p>\n<p style=\"text-align: justify;\"><strong>Qu\u00e9 ocupaciones puedes desempe\u00f1ar:<\/strong> Delineante proyectista. T\u00e9cnico en CAD. T\u00e9cnico en desarrollo de productos. T\u00e9cnico en desarrollo de matrices. T\u00e9cnico en desarrollo de utillajes. T\u00e9cnico en desarrollo de moldes. T\u00e9cnico de desarrollo de productos y moldes.<\/p>\n<p><strong>M\u00f3dulos Profesionales:<\/strong><\/p>\n<table style=\"width: 811.531px;\">\n<tbody>\n<tr>\n<td style=\"text-align: center; width: 400px;\"><strong>Primer curso<\/strong><\/td>\n<td style=\"text-align: center; width: 401.531px;\"><strong>Segundo curso<\/strong><\/td>\n<\/tr>\n<tr>\n<td style=\"width: 400px;\">Representaci\u00f3n gr\u00e1fica en fabricaci\u00f3n mec\u00e1nica<\/td>\n<td style=\"width: 401.531px;\">Dise\u00f1o de \u00fatiles de procesado de chapa y estampaci\u00f3n<\/td>\n<\/tr>\n<tr>\n<td style=\"width: 400px;\">Dise\u00f1o de productos mec\u00e1nicos<\/td>\n<td style=\"width: 401.531px;\">Dise\u00f1o de moldes para productos polim\u00e9ricos<\/td>\n<\/tr>\n<tr>\n<td style=\"width: 400px;\">Dise\u00f1o de moldes y modelos de fundici\u00f3n<\/td>\n<td style=\"width: 401.531px;\">Automatizaci\u00f3n de la fabricaci\u00f3n<\/td>\n<\/tr>\n<tr>\n<td style=\"width: 400px;\">T\u00e9cnicas de fabricaci\u00f3n mec\u00e1nica<\/td>\n<td style=\"width: 401.531px;\">Proyecto de dise\u00f1o de productos mec\u00e1nicos<\/td>\n<\/tr>\n<tr>\n<td style=\"width: 400px;\">Formaci\u00f3n y orientaci\u00f3n laboral<\/td>\n<td style=\"width: 401.531px;\">Empresa e iniciativa emprendedora<\/td>\n<\/tr>\n<tr>\n<td style=\"width: 400px;\">Horario reservado para el m\u00f3dulo impartido en ingl\u00e9s<\/td>\n<td style=\"width: 401.531px;\">Horario reservado para el m\u00f3dulo impartido en ingl\u00e9s<\/td>\n<\/tr>\n<tr>\n<td style=\"width: 400px;\"><\/td>\n<td style=\"width: 401.531px;\">Formaci\u00f3n en Centro de Trabajo<\/td>\n<\/tr>\n<\/tbody>\n<\/table>\n<p>&nbsp;<\/p>\n<h3 style=\"text-align: center;\">MODALIDADES DE ACCESO A CICLOS FORMATIVOS DE GRADO MEDIO<\/h3>\n<p><strong>Acceso directo:<\/strong><\/p>\n<ul style=\"list-style-type: circle;\">\n<li style=\"text-align: justify;\">Graduados en Educaci\u00f3n Secundaria Obligatoria<\/li>\n<li style=\"text-align: justify;\">Titulados de Formaci\u00f3n Profesionesl de Primer Grado (T\u00e9cnico Auxiliar)<\/li>\n<li style=\"text-align: justify;\">Titulados de Formaci\u00f3n Profesional de Grado Medio (T\u00e9cnico)<\/li>\n<li style=\"text-align: justify;\">Tener 2\u00ba de BUP aprobado<\/li>\n<li style=\"text-align: justify;\">Haber superado el 2\u00ba curso del Pimer Ciclo Experimental de Reforma de Ense\u00f1anzas Medias<\/li>\n<li style=\"text-align: justify;\">Haber superado, de las ense\u00f1anzas de Artes Pl\u00e1sticas y Oficios Art\u00edsticos, el 3\u00ba curso del Plan de 1963 o 2\u00ba de comunes experimental<\/li>\n<li style=\"text-align: justify;\">Otras titulaciones equivalentes a efectos acad\u00e9micos<\/li>\n<\/ul>\n<p style=\"text-align: justify;\"><strong>Acceso mediante prueba:<\/strong>\u00a0Sin cumplir ninguno de los requisitos acad\u00e9micos de acceso directo, tener 17 a\u00f1os de edad o cumplirlos durante el a\u00f1o en curso, y superar la correspondiente prueba de acceso<\/p>\n<h3><\/h3>\n<p>&nbsp;<\/p>\n<h3 style=\"text-align: center;\">MODALIDADES DE ACCESO A CICLOS FORMATIVOS DE GRADO\u00a0SUPERIOR<\/h3>\n<p><strong>Acceso directo <\/strong>(Criterios en orden de prioridad)<strong>:<\/strong><\/p>\n<ul style=\"list-style-type: circle;\">\n<li style=\"text-align: justify;\">Estar en posesi\u00f3n del t\u00edtulo de Bachillerato LOE modalidad BHCS; de Bachillerato LOGSE modalidad BHCS. De Bachillerato Experimental modalidades BAG, BHCS o BL; o haber superado la opci\u00f3n C \u00f3 D de COU<\/li>\n<li style=\"text-align: justify;\">Estar en posesi\u00f3n del t\u00edtulo de Bachillerato LOE\/LOGSE<\/li>\n<li style=\"text-align: justify;\">Haber superado el 2\u00ba curso de otras modalidades de Bachillerato Experimental<\/li>\n<li style=\"text-align: justify;\">Tener la opci\u00f3n A \u00f3 B de COU \u00f3 el Preu superado<\/li>\n<li style=\"text-align: justify;\">Estar en posesi\u00f3n del t\u00edtulo de Formaci\u00f3n Profesional de 2\u00ba Grado u otras titulaciones equivalentes a efectos acad\u00e9micos<\/li>\n<li style=\"text-align: justify;\">Tener una titulaci\u00f3n universitaria a la que se accedi\u00f3 sin cumplir ninguno de los requisitos anteriores<\/li>\n<\/ul>\n<p style=\"text-align: justify;\"><strong>Acceso mediante prueba:\u00a0<\/strong>Sin cumplir ninguno de los requisitos acad\u00e9micos de acceso directo, tener 19 a\u00f1os de edad o cumplirlos durante el a\u00f1o en curso, y superar la correspondiente prueba de acceso. Si se acredita estar en posesi\u00f3n de un t\u00edtulo de T\u00e9cnico relacionado con aquel al que se desea acceder, el requisito de edad para la realizaci\u00f3n de la prueba ser\u00e1 tener 18 a\u00f1os, o cumplirlos durante el a\u00f1o en curso.<\/p>\n","protected":false},"excerpt":{"rendered":"<p>GRADO MEDIO &#8211; GESTI\u00d3N ADMINISTRATIVA Duraci\u00f3n: 2.000 horas. Qu\u00e9 ocupaciones puedes desempe\u00f1ar:\u00a0Auxiliar administrativo. Ayudante de oficina. Auxiliar administrativo de cobros y pagos. Administrativo comercial. Auxiliar administrativo de gesti\u00f3n de personal Auxiliar administrativo de las administraciones p\u00fablicas. Recepcionista. Empleado de atenci\u00f3n al cliente. Empleado de tesorer\u00eda. Empleado de medios de pago. M\u00f3dulos Profesionales: Primer curso Segundo [&hellip;]<\/p>\n","protected":false},"author":4,"featured_media":0,"parent":9463,"menu_order":0,"comment_status":"closed","ping_status":"closed","template":"","meta":{"_monsterinsights_skip_tracking":false,"_monsterinsights_sitenote_active":false,"_monsterinsights_sitenote_note":"","_monsterinsights_sitenote_category":0,"footnotes":""},"class_list":["post-9487","page","type-page","status-publish","hentry"],"yoast_head":"<!-- This site is optimized with the Yoast SEO plugin v26.2 - https:\/\/yoast.com\/wordpress\/plugins\/seo\/ -->\n<title>Oferta educativa - C. Parroquial San Jaime Ap\u00f3stol<\/title>\n<meta name=\"robots\" content=\"index, follow, max-snippet:-1, max-image-preview:large, max-video-preview:-1\" \/>\n<link rel=\"canonical\" href=\"https:\/\/colegio.sanjaimemoncada.es\/ciclos-formativos\/oferta-educativa\/\" \/>\n<meta property=\"og:locale\" content=\"en_US\" \/>\n<meta property=\"og:type\" content=\"article\" \/>\n<meta property=\"og:title\" content=\"Oferta educativa - C. Parroquial San Jaime Ap\u00f3stol\" \/>\n<meta property=\"og:description\" content=\"GRADO MEDIO &#8211; GESTI\u00d3N ADMINISTRATIVA Duraci\u00f3n: 2.000 horas. Qu\u00e9 ocupaciones puedes desempe\u00f1ar:\u00a0Auxiliar administrativo. Ayudante de oficina. Auxiliar administrativo de cobros y pagos. Administrativo comercial. Auxiliar administrativo de gesti\u00f3n de personal Auxiliar administrativo de las administraciones p\u00fablicas. Recepcionista. Empleado de atenci\u00f3n al cliente. Empleado de tesorer\u00eda. Empleado de medios de pago. M\u00f3dulos Profesionales: Primer curso Segundo [&hellip;]\" \/>\n<meta property=\"og:url\" content=\"https:\/\/colegio.sanjaimemoncada.es\/ciclos-formativos\/oferta-educativa\/\" \/>\n<meta property=\"og:site_name\" content=\"C. Parroquial San Jaime Ap\u00f3stol\" \/>\n<meta name=\"twitter:card\" content=\"summary_large_image\" \/>\n<meta name=\"twitter:label1\" content=\"Est. reading time\" \/>\n\t<meta name=\"twitter:data1\" content=\"7 minutes\" \/>\n<script type=\"application\/ld+json\" class=\"yoast-schema-graph\">{\"@context\":\"https:\/\/schema.org\",\"@graph\":[{\"@type\":\"WebPage\",\"@id\":\"https:\/\/colegio.sanjaimemoncada.es\/ciclos-formativos\/oferta-educativa\/\",\"url\":\"https:\/\/colegio.sanjaimemoncada.es\/ciclos-formativos\/oferta-educativa\/\",\"name\":\"Oferta educativa - C. Parroquial San Jaime Ap\u00f3stol\",\"isPartOf\":{\"@id\":\"https:\/\/colegio.sanjaimemoncada.es\/#website\"},\"datePublished\":\"2016-04-26T09:45:10+00:00\",\"breadcrumb\":{\"@id\":\"https:\/\/colegio.sanjaimemoncada.es\/ciclos-formativos\/oferta-educativa\/#breadcrumb\"},\"inLanguage\":\"en-US\",\"potentialAction\":[{\"@type\":\"ReadAction\",\"target\":[\"https:\/\/colegio.sanjaimemoncada.es\/ciclos-formativos\/oferta-educativa\/\"]}]},{\"@type\":\"BreadcrumbList\",\"@id\":\"https:\/\/colegio.sanjaimemoncada.es\/ciclos-formativos\/oferta-educativa\/#breadcrumb\",\"itemListElement\":[{\"@type\":\"ListItem\",\"position\":1,\"name\":\"Portada\",\"item\":\"https:\/\/colegio.sanjaimemoncada.es\/\"},{\"@type\":\"ListItem\",\"position\":2,\"name\":\"Ciclos Formativos\",\"item\":\"https:\/\/colegio.sanjaimemoncada.es\/ciclos-formativos\/\"},{\"@type\":\"ListItem\",\"position\":3,\"name\":\"Oferta educativa\"}]},{\"@type\":\"WebSite\",\"@id\":\"https:\/\/colegio.sanjaimemoncada.es\/#website\",\"url\":\"https:\/\/colegio.sanjaimemoncada.es\/\",\"name\":\"C. Parroquial San Jaime Ap\u00f3stol\",\"description\":\"\",\"potentialAction\":[{\"@type\":\"SearchAction\",\"target\":{\"@type\":\"EntryPoint\",\"urlTemplate\":\"https:\/\/colegio.sanjaimemoncada.es\/?s={search_term_string}\"},\"query-input\":{\"@type\":\"PropertyValueSpecification\",\"valueRequired\":true,\"valueName\":\"search_term_string\"}}],\"inLanguage\":\"en-US\"}]}<\/script>\n<!-- \/ Yoast SEO plugin. -->","yoast_head_json":{"title":"Oferta educativa - C. Parroquial San Jaime Ap\u00f3stol","robots":{"index":"index","follow":"follow","max-snippet":"max-snippet:-1","max-image-preview":"max-image-preview:large","max-video-preview":"max-video-preview:-1"},"canonical":"https:\/\/colegio.sanjaimemoncada.es\/ciclos-formativos\/oferta-educativa\/","og_locale":"en_US","og_type":"article","og_title":"Oferta educativa - C. Parroquial San Jaime Ap\u00f3stol","og_description":"GRADO MEDIO &#8211; GESTI\u00d3N ADMINISTRATIVA Duraci\u00f3n: 2.000 horas. Qu\u00e9 ocupaciones puedes desempe\u00f1ar:\u00a0Auxiliar administrativo. Ayudante de oficina. Auxiliar administrativo de cobros y pagos. Administrativo comercial. Auxiliar administrativo de gesti\u00f3n de personal Auxiliar administrativo de las administraciones p\u00fablicas. Recepcionista. Empleado de atenci\u00f3n al cliente. Empleado de tesorer\u00eda. Empleado de medios de pago. M\u00f3dulos Profesionales: Primer curso Segundo [&hellip;]","og_url":"https:\/\/colegio.sanjaimemoncada.es\/ciclos-formativos\/oferta-educativa\/","og_site_name":"C. Parroquial San Jaime Ap\u00f3stol","twitter_card":"summary_large_image","twitter_misc":{"Est. reading time":"7 minutes"},"schema":{"@context":"https:\/\/schema.org","@graph":[{"@type":"WebPage","@id":"https:\/\/colegio.sanjaimemoncada.es\/ciclos-formativos\/oferta-educativa\/","url":"https:\/\/colegio.sanjaimemoncada.es\/ciclos-formativos\/oferta-educativa\/","name":"Oferta educativa - C. Parroquial San Jaime Ap\u00f3stol","isPartOf":{"@id":"https:\/\/colegio.sanjaimemoncada.es\/#website"},"datePublished":"2016-04-26T09:45:10+00:00","breadcrumb":{"@id":"https:\/\/colegio.sanjaimemoncada.es\/ciclos-formativos\/oferta-educativa\/#breadcrumb"},"inLanguage":"en-US","potentialAction":[{"@type":"ReadAction","target":["https:\/\/colegio.sanjaimemoncada.es\/ciclos-formativos\/oferta-educativa\/"]}]},{"@type":"BreadcrumbList","@id":"https:\/\/colegio.sanjaimemoncada.es\/ciclos-formativos\/oferta-educativa\/#breadcrumb","itemListElement":[{"@type":"ListItem","position":1,"name":"Portada","item":"https:\/\/colegio.sanjaimemoncada.es\/"},{"@type":"ListItem","position":2,"name":"Ciclos Formativos","item":"https:\/\/colegio.sanjaimemoncada.es\/ciclos-formativos\/"},{"@type":"ListItem","position":3,"name":"Oferta educativa"}]},{"@type":"WebSite","@id":"https:\/\/colegio.sanjaimemoncada.es\/#website","url":"https:\/\/colegio.sanjaimemoncada.es\/","name":"C. Parroquial San Jaime Ap\u00f3stol","description":"","potentialAction":[{"@type":"SearchAction","target":{"@type":"EntryPoint","urlTemplate":"https:\/\/colegio.sanjaimemoncada.es\/?s={search_term_string}"},"query-input":{"@type":"PropertyValueSpecification","valueRequired":true,"valueName":"search_term_string"}}],"inLanguage":"en-US"}]}},"_links":{"self":[{"href":"https:\/\/colegio.sanjaimemoncada.es\/en\/wp-json\/wp\/v2\/pages\/9487","targetHints":{"allow":["GET"]}}],"collection":[{"href":"https:\/\/colegio.sanjaimemoncada.es\/en\/wp-json\/wp\/v2\/pages"}],"about":[{"href":"https:\/\/colegio.sanjaimemoncada.es\/en\/wp-json\/wp\/v2\/types\/page"}],"author":[{"embeddable":true,"href":"https:\/\/colegio.sanjaimemoncada.es\/en\/wp-json\/wp\/v2\/users\/4"}],"replies":[{"embeddable":true,"href":"https:\/\/colegio.sanjaimemoncada.es\/en\/wp-json\/wp\/v2\/comments?post=9487"}],"version-history":[{"count":0,"href":"https:\/\/colegio.sanjaimemoncada.es\/en\/wp-json\/wp\/v2\/pages\/9487\/revisions"}],"up":[{"embeddable":true,"href":"https:\/\/colegio.sanjaimemoncada.es\/en\/wp-json\/wp\/v2\/pages\/9463"}],"wp:attachment":[{"href":"https:\/\/colegio.sanjaimemoncada.es\/en\/wp-json\/wp\/v2\/media?parent=9487"}],"curies":[{"name":"wp","href":"https:\/\/api.w.org\/{rel}","templated":true}]}}