{"id":9479,"date":"2016-04-26T11:48:12","date_gmt":"2016-04-26T09:48:12","guid":{"rendered":"https:\/\/colegio.sanjaimemoncada.es\/ciclos-formativos\/innovacion-pedagogica\/"},"modified":"2019-02-08T11:20:21","modified_gmt":"2019-02-08T10:20:21","slug":"innovacion-pedagogica","status":"publish","type":"page","link":"https:\/\/colegio.sanjaimemoncada.es\/en\/ciclos-formativos\/innovacion-pedagogica\/","title":{"rendered":"Innovaci\u00f3n pedag\u00f3gica"},"content":{"rendered":"<p><strong>INTRODUCTION OF PBL (PROJECTS BASED LEARNING)<\/strong><\/p>\n<p><span style=\"font-weight: 400;\"><strong>Project learning<\/strong> is a multidisciplinary approach that stimulates cooperative work, building on the strengths of students and allowing them to explore their areas of interest within the framework of the curriculum.<\/span><\/p>\n<p><span style=\"font-weight: 400;\">The strategies of this method are similar to those of constructivism, a theory in which students learn by constructing new ideas or concepts, based on their previous knowledge. This evolution comes from the work of psychologists and educators such as Lev Vygotsky, Jerome Bruner, Jean Piaget, John Dewey and William H. Kilpatrick. In addition, already at the end of the 60s, education gave a strong impulse to actively engage in projects and learning experiences to &#8220;learn by doing&#8221;.<\/span><\/p>\n<p><span style=\"font-weight: 400;\">Using projects as part of the curriculum is not a new concept and teachers incorporate it frequently into their class plans, but Project Work is different, since it is a comprehensive educational strategy. In today&#8217;s society, it acquires more value, since teachers work with groups of children who have very different learning styles, either because of ethnic, cultural or skill levels and who are also learning English as a second language. Project-based learning facilitates the introduction of a variety of learning opportunities in the classroom. The fact that the students can choose the theme of the project motivates them since they can relate it to their own experiences.<\/span><\/p>\n<p><span style=\"font-weight: 400;\">This method is the one traditionally developed in Vocational Training and has always given excellent results with all students.<\/span><\/p>\n<p><span style=\"font-weight: 400;\">During the <strong>2017\/18 academic year<\/strong>, the <strong>Administration and Finance Department<\/strong> launched an Innovation Project awarded by the \u201c<strong>Conselleria de Educaci\u00f3<\/strong>\u201d called &#8220;<strong>Cooperation between professional families of vocational training cycles for a citizenship in solidarity<\/strong>&#8220;. This project consisted in <strong>Business Learning<\/strong> based on cooperation between the different professional families of the centre, thereby involving the entire educational community, students, teachers, families and companies.<\/span><\/p>\n<p style=\"text-align: justify;\"><span style=\"font-weight: 400;\">In the <strong>present course, 2018\/19 a Project-Based Learning has started in the Mechanical Manufacturing Department, with the 1st Design students<\/strong>, also involving all the teachers and subjects.<\/span><\/p>\n<p><span style=\"font-weight: 400;\">In this Project a hand winch will be designed, with its plans, 3D printing of some parts, manufacturing by chip removal, casting or welding the rest, assembly and presentation of the final product.<\/span><\/p>\n<p><span style=\"font-weight: 400;\">In the future, it is being studied to introduce the methodology in other departments and levels. In any case, the examination is never abandoned, with a minimum grade, because we believe that innovation and rigor are not at odds.<\/span><\/p>\n","protected":false},"excerpt":{"rendered":"<p>INTRODUCTION OF PBL (PROJECTS BASED LEARNING) Project learning is a multidisciplinary approach that stimulates cooperative work, building on the strengths of students and allowing them to explore their areas of interest within the framework of the curriculum. The strategies of this method are similar to those of constructivism, a theory in which students learn by [&hellip;]<\/p>\n","protected":false},"author":4,"featured_media":0,"parent":9463,"menu_order":0,"comment_status":"closed","ping_status":"closed","template":"","meta":{"_monsterinsights_skip_tracking":false,"_monsterinsights_sitenote_active":false,"_monsterinsights_sitenote_note":"","_monsterinsights_sitenote_category":0,"footnotes":""},"class_list":["post-9479","page","type-page","status-publish","hentry"],"yoast_head":"<!-- This site is optimized with the Yoast SEO plugin v26.2 - https:\/\/yoast.com\/wordpress\/plugins\/seo\/ -->\n<title>Innovaci\u00f3n pedag\u00f3gica - C. Parroquial San Jaime Ap\u00f3stol<\/title>\n<meta name=\"robots\" content=\"index, follow, max-snippet:-1, max-image-preview:large, max-video-preview:-1\" \/>\n<link rel=\"canonical\" href=\"https:\/\/colegio.sanjaimemoncada.es\/en\/ciclos-formativos\/innovacion-pedagogica\/\" \/>\n<meta property=\"og:locale\" content=\"en_US\" \/>\n<meta property=\"og:type\" content=\"article\" \/>\n<meta property=\"og:title\" content=\"Innovaci\u00f3n pedag\u00f3gica - C. Parroquial San Jaime Ap\u00f3stol\" \/>\n<meta property=\"og:description\" content=\"INTRODUCTION OF PBL (PROJECTS BASED LEARNING) Project learning is a multidisciplinary approach that stimulates cooperative work, building on the strengths of students and allowing them to explore their areas of interest within the framework of the curriculum. The strategies of this method are similar to those of constructivism, a theory in which students learn by [&hellip;]\" \/>\n<meta property=\"og:url\" content=\"https:\/\/colegio.sanjaimemoncada.es\/en\/ciclos-formativos\/innovacion-pedagogica\/\" \/>\n<meta property=\"og:site_name\" content=\"C. Parroquial San Jaime Ap\u00f3stol\" \/>\n<meta property=\"article:modified_time\" content=\"2019-02-08T10:20:21+00:00\" \/>\n<meta name=\"twitter:card\" content=\"summary_large_image\" \/>\n<meta name=\"twitter:label1\" content=\"Est. reading time\" \/>\n\t<meta name=\"twitter:data1\" content=\"2 minutes\" \/>\n<script type=\"application\/ld+json\" class=\"yoast-schema-graph\">{\"@context\":\"https:\/\/schema.org\",\"@graph\":[{\"@type\":\"WebPage\",\"@id\":\"https:\/\/colegio.sanjaimemoncada.es\/en\/ciclos-formativos\/innovacion-pedagogica\/\",\"url\":\"https:\/\/colegio.sanjaimemoncada.es\/en\/ciclos-formativos\/innovacion-pedagogica\/\",\"name\":\"Innovaci\u00f3n pedag\u00f3gica - C. Parroquial San Jaime Ap\u00f3stol\",\"isPartOf\":{\"@id\":\"https:\/\/colegio.sanjaimemoncada.es\/#website\"},\"datePublished\":\"2016-04-26T09:48:12+00:00\",\"dateModified\":\"2019-02-08T10:20:21+00:00\",\"breadcrumb\":{\"@id\":\"https:\/\/colegio.sanjaimemoncada.es\/en\/ciclos-formativos\/innovacion-pedagogica\/#breadcrumb\"},\"inLanguage\":\"en-US\",\"potentialAction\":[{\"@type\":\"ReadAction\",\"target\":[\"https:\/\/colegio.sanjaimemoncada.es\/en\/ciclos-formativos\/innovacion-pedagogica\/\"]}]},{\"@type\":\"BreadcrumbList\",\"@id\":\"https:\/\/colegio.sanjaimemoncada.es\/en\/ciclos-formativos\/innovacion-pedagogica\/#breadcrumb\",\"itemListElement\":[{\"@type\":\"ListItem\",\"position\":1,\"name\":\"Portada\",\"item\":\"https:\/\/colegio.sanjaimemoncada.es\/\"},{\"@type\":\"ListItem\",\"position\":2,\"name\":\"Ciclos Formativos\",\"item\":\"https:\/\/colegio.sanjaimemoncada.es\/ciclos-formativos\/\"},{\"@type\":\"ListItem\",\"position\":3,\"name\":\"Innovaci\u00f3n pedag\u00f3gica\"}]},{\"@type\":\"WebSite\",\"@id\":\"https:\/\/colegio.sanjaimemoncada.es\/#website\",\"url\":\"https:\/\/colegio.sanjaimemoncada.es\/\",\"name\":\"C. Parroquial San Jaime Ap\u00f3stol\",\"description\":\"\",\"potentialAction\":[{\"@type\":\"SearchAction\",\"target\":{\"@type\":\"EntryPoint\",\"urlTemplate\":\"https:\/\/colegio.sanjaimemoncada.es\/?s={search_term_string}\"},\"query-input\":{\"@type\":\"PropertyValueSpecification\",\"valueRequired\":true,\"valueName\":\"search_term_string\"}}],\"inLanguage\":\"en-US\"}]}<\/script>\n<!-- \/ Yoast SEO plugin. -->","yoast_head_json":{"title":"Innovaci\u00f3n pedag\u00f3gica - C. Parroquial San Jaime Ap\u00f3stol","robots":{"index":"index","follow":"follow","max-snippet":"max-snippet:-1","max-image-preview":"max-image-preview:large","max-video-preview":"max-video-preview:-1"},"canonical":"https:\/\/colegio.sanjaimemoncada.es\/en\/ciclos-formativos\/innovacion-pedagogica\/","og_locale":"en_US","og_type":"article","og_title":"Innovaci\u00f3n pedag\u00f3gica - C. Parroquial San Jaime Ap\u00f3stol","og_description":"INTRODUCTION OF PBL (PROJECTS BASED LEARNING) Project learning is a multidisciplinary approach that stimulates cooperative work, building on the strengths of students and allowing them to explore their areas of interest within the framework of the curriculum. The strategies of this method are similar to those of constructivism, a theory in which students learn by [&hellip;]","og_url":"https:\/\/colegio.sanjaimemoncada.es\/en\/ciclos-formativos\/innovacion-pedagogica\/","og_site_name":"C. Parroquial San Jaime Ap\u00f3stol","article_modified_time":"2019-02-08T10:20:21+00:00","twitter_card":"summary_large_image","twitter_misc":{"Est. reading time":"2 minutes"},"schema":{"@context":"https:\/\/schema.org","@graph":[{"@type":"WebPage","@id":"https:\/\/colegio.sanjaimemoncada.es\/en\/ciclos-formativos\/innovacion-pedagogica\/","url":"https:\/\/colegio.sanjaimemoncada.es\/en\/ciclos-formativos\/innovacion-pedagogica\/","name":"Innovaci\u00f3n pedag\u00f3gica - C. Parroquial San Jaime Ap\u00f3stol","isPartOf":{"@id":"https:\/\/colegio.sanjaimemoncada.es\/#website"},"datePublished":"2016-04-26T09:48:12+00:00","dateModified":"2019-02-08T10:20:21+00:00","breadcrumb":{"@id":"https:\/\/colegio.sanjaimemoncada.es\/en\/ciclos-formativos\/innovacion-pedagogica\/#breadcrumb"},"inLanguage":"en-US","potentialAction":[{"@type":"ReadAction","target":["https:\/\/colegio.sanjaimemoncada.es\/en\/ciclos-formativos\/innovacion-pedagogica\/"]}]},{"@type":"BreadcrumbList","@id":"https:\/\/colegio.sanjaimemoncada.es\/en\/ciclos-formativos\/innovacion-pedagogica\/#breadcrumb","itemListElement":[{"@type":"ListItem","position":1,"name":"Portada","item":"https:\/\/colegio.sanjaimemoncada.es\/"},{"@type":"ListItem","position":2,"name":"Ciclos Formativos","item":"https:\/\/colegio.sanjaimemoncada.es\/ciclos-formativos\/"},{"@type":"ListItem","position":3,"name":"Innovaci\u00f3n pedag\u00f3gica"}]},{"@type":"WebSite","@id":"https:\/\/colegio.sanjaimemoncada.es\/#website","url":"https:\/\/colegio.sanjaimemoncada.es\/","name":"C. Parroquial San Jaime Ap\u00f3stol","description":"","potentialAction":[{"@type":"SearchAction","target":{"@type":"EntryPoint","urlTemplate":"https:\/\/colegio.sanjaimemoncada.es\/?s={search_term_string}"},"query-input":{"@type":"PropertyValueSpecification","valueRequired":true,"valueName":"search_term_string"}}],"inLanguage":"en-US"}]}},"_links":{"self":[{"href":"https:\/\/colegio.sanjaimemoncada.es\/en\/wp-json\/wp\/v2\/pages\/9479","targetHints":{"allow":["GET"]}}],"collection":[{"href":"https:\/\/colegio.sanjaimemoncada.es\/en\/wp-json\/wp\/v2\/pages"}],"about":[{"href":"https:\/\/colegio.sanjaimemoncada.es\/en\/wp-json\/wp\/v2\/types\/page"}],"author":[{"embeddable":true,"href":"https:\/\/colegio.sanjaimemoncada.es\/en\/wp-json\/wp\/v2\/users\/4"}],"replies":[{"embeddable":true,"href":"https:\/\/colegio.sanjaimemoncada.es\/en\/wp-json\/wp\/v2\/comments?post=9479"}],"version-history":[{"count":2,"href":"https:\/\/colegio.sanjaimemoncada.es\/en\/wp-json\/wp\/v2\/pages\/9479\/revisions"}],"predecessor-version":[{"id":11997,"href":"https:\/\/colegio.sanjaimemoncada.es\/en\/wp-json\/wp\/v2\/pages\/9479\/revisions\/11997"}],"up":[{"embeddable":true,"href":"https:\/\/colegio.sanjaimemoncada.es\/en\/wp-json\/wp\/v2\/pages\/9463"}],"wp:attachment":[{"href":"https:\/\/colegio.sanjaimemoncada.es\/en\/wp-json\/wp\/v2\/media?parent=9479"}],"curies":[{"name":"wp","href":"https:\/\/api.w.org\/{rel}","templated":true}]}}