{"id":9467,"date":"2016-05-25T07:42:31","date_gmt":"2016-05-25T05:42:31","guid":{"rendered":"https:\/\/colegio.sanjaimemoncada.es\/ciclos-formativos\/bolsa-de-trabajo\/"},"modified":"2019-09-27T10:41:27","modified_gmt":"2019-09-27T08:41:27","slug":"bolsa-de-trabajo","status":"publish","type":"page","link":"https:\/\/colegio.sanjaimemoncada.es\/en\/ciclos-formativos\/bolsa-de-trabajo\/","title":{"rendered":"Bolsa de trabajo Ex Alumnos Ciclos Formativos"},"content":{"rendered":"<p style=\"text-align: justify;\"><strong>Tenemos una fuerte demanda de puestos de trabajo relacionados con las Familias Profesionales que impartimos en nuestro Centro (Administraci\u00f3n y Gesti\u00f3n, Fabricaci\u00f3n Mec\u00e1nica y Transporte y Mantenimiento de Veh\u00edculos).<\/strong><\/p>\n<p style=\"text-align: justify;\"><strong>Si has estudiado en nuestro Centro y est\u00e1s buscando trabajo, puedes enviarnos tu Curr\u00edculum al siguiente email:<\/strong><\/p>\n<p style=\"text-align: center;\"><strong>bolsatrabajo@sanjaimemoncada.es<\/strong><\/p>\n","protected":false},"excerpt":{"rendered":"<p>Tenemos una fuerte demanda de puestos de trabajo relacionados con las Familias Profesionales que impartimos en nuestro Centro (Administraci\u00f3n y Gesti\u00f3n, Fabricaci\u00f3n Mec\u00e1nica y Transporte y Mantenimiento de Veh\u00edculos). Si has estudiado en nuestro Centro y est\u00e1s buscando trabajo, puedes enviarnos tu Curr\u00edculum al siguiente email: bolsatrabajo@sanjaimemoncada.es<\/p>\n","protected":false},"author":4,"featured_media":0,"parent":9463,"menu_order":0,"comment_status":"closed","ping_status":"closed","template":"","meta":{"_monsterinsights_skip_tracking":false,"_monsterinsights_sitenote_active":false,"_monsterinsights_sitenote_note":"","_monsterinsights_sitenote_category":0,"footnotes":""},"class_list":["post-9467","page","type-page","status-publish","hentry"],"yoast_head":"<!-- This site is optimized with the Yoast SEO plugin v26.2 - https:\/\/yoast.com\/wordpress\/plugins\/seo\/ -->\n<title>Bolsa de trabajo Ex Alumnos Ciclos Formativos - C. Parroquial San Jaime Ap\u00f3stol<\/title>\n<meta name=\"robots\" content=\"index, follow, max-snippet:-1, max-image-preview:large, max-video-preview:-1\" \/>\n<link rel=\"canonical\" href=\"https:\/\/colegio.sanjaimemoncada.es\/ciclos-formativos\/bolsa-de-trabajo\/\" \/>\n<meta property=\"og:locale\" content=\"en_US\" \/>\n<meta property=\"og:type\" content=\"article\" \/>\n<meta property=\"og:title\" content=\"Bolsa de trabajo Ex Alumnos Ciclos Formativos - C. Parroquial San Jaime Ap\u00f3stol\" \/>\n<meta property=\"og:description\" content=\"Tenemos una fuerte demanda de puestos de trabajo relacionados con las Familias Profesionales que impartimos en nuestro Centro (Administraci\u00f3n y Gesti\u00f3n, Fabricaci\u00f3n Mec\u00e1nica y Transporte y Mantenimiento de Veh\u00edculos). Si has estudiado en nuestro Centro y est\u00e1s buscando trabajo, puedes enviarnos tu Curr\u00edculum al siguiente email: bolsatrabajo@sanjaimemoncada.es\" \/>\n<meta property=\"og:url\" content=\"https:\/\/colegio.sanjaimemoncada.es\/ciclos-formativos\/bolsa-de-trabajo\/\" \/>\n<meta property=\"og:site_name\" content=\"C. Parroquial San Jaime Ap\u00f3stol\" \/>\n<meta property=\"article:modified_time\" content=\"2019-09-27T08:41:27+00:00\" \/>\n<meta name=\"twitter:card\" content=\"summary_large_image\" \/>\n<script type=\"application\/ld+json\" class=\"yoast-schema-graph\">{\"@context\":\"https:\/\/schema.org\",\"@graph\":[{\"@type\":\"WebPage\",\"@id\":\"https:\/\/colegio.sanjaimemoncada.es\/ciclos-formativos\/bolsa-de-trabajo\/\",\"url\":\"https:\/\/colegio.sanjaimemoncada.es\/ciclos-formativos\/bolsa-de-trabajo\/\",\"name\":\"Bolsa de trabajo Ex Alumnos Ciclos Formativos - C. Parroquial San Jaime Ap\u00f3stol\",\"isPartOf\":{\"@id\":\"https:\/\/colegio.sanjaimemoncada.es\/#website\"},\"datePublished\":\"2016-05-25T05:42:31+00:00\",\"dateModified\":\"2019-09-27T08:41:27+00:00\",\"breadcrumb\":{\"@id\":\"https:\/\/colegio.sanjaimemoncada.es\/ciclos-formativos\/bolsa-de-trabajo\/#breadcrumb\"},\"inLanguage\":\"en-US\",\"potentialAction\":[{\"@type\":\"ReadAction\",\"target\":[\"https:\/\/colegio.sanjaimemoncada.es\/ciclos-formativos\/bolsa-de-trabajo\/\"]}]},{\"@type\":\"BreadcrumbList\",\"@id\":\"https:\/\/colegio.sanjaimemoncada.es\/ciclos-formativos\/bolsa-de-trabajo\/#breadcrumb\",\"itemListElement\":[{\"@type\":\"ListItem\",\"position\":1,\"name\":\"Portada\",\"item\":\"https:\/\/colegio.sanjaimemoncada.es\/\"},{\"@type\":\"ListItem\",\"position\":2,\"name\":\"Ciclos Formativos\",\"item\":\"https:\/\/colegio.sanjaimemoncada.es\/ciclos-formativos\/\"},{\"@type\":\"ListItem\",\"position\":3,\"name\":\"Bolsa de trabajo Ex Alumnos Ciclos Formativos\"}]},{\"@type\":\"WebSite\",\"@id\":\"https:\/\/colegio.sanjaimemoncada.es\/#website\",\"url\":\"https:\/\/colegio.sanjaimemoncada.es\/\",\"name\":\"C. Parroquial San Jaime Ap\u00f3stol\",\"description\":\"\",\"potentialAction\":[{\"@type\":\"SearchAction\",\"target\":{\"@type\":\"EntryPoint\",\"urlTemplate\":\"https:\/\/colegio.sanjaimemoncada.es\/?s={search_term_string}\"},\"query-input\":{\"@type\":\"PropertyValueSpecification\",\"valueRequired\":true,\"valueName\":\"search_term_string\"}}],\"inLanguage\":\"en-US\"}]}<\/script>\n<!-- \/ Yoast SEO plugin. -->","yoast_head_json":{"title":"Bolsa de trabajo Ex Alumnos Ciclos Formativos - C. Parroquial San Jaime Ap\u00f3stol","robots":{"index":"index","follow":"follow","max-snippet":"max-snippet:-1","max-image-preview":"max-image-preview:large","max-video-preview":"max-video-preview:-1"},"canonical":"https:\/\/colegio.sanjaimemoncada.es\/ciclos-formativos\/bolsa-de-trabajo\/","og_locale":"en_US","og_type":"article","og_title":"Bolsa de trabajo Ex Alumnos Ciclos Formativos - C. Parroquial San Jaime Ap\u00f3stol","og_description":"Tenemos una fuerte demanda de puestos de trabajo relacionados con las Familias Profesionales que impartimos en nuestro Centro (Administraci\u00f3n y Gesti\u00f3n, Fabricaci\u00f3n Mec\u00e1nica y Transporte y Mantenimiento de Veh\u00edculos). Si has estudiado en nuestro Centro y est\u00e1s buscando trabajo, puedes enviarnos tu Curr\u00edculum al siguiente email: bolsatrabajo@sanjaimemoncada.es","og_url":"https:\/\/colegio.sanjaimemoncada.es\/ciclos-formativos\/bolsa-de-trabajo\/","og_site_name":"C. Parroquial San Jaime Ap\u00f3stol","article_modified_time":"2019-09-27T08:41:27+00:00","twitter_card":"summary_large_image","schema":{"@context":"https:\/\/schema.org","@graph":[{"@type":"WebPage","@id":"https:\/\/colegio.sanjaimemoncada.es\/ciclos-formativos\/bolsa-de-trabajo\/","url":"https:\/\/colegio.sanjaimemoncada.es\/ciclos-formativos\/bolsa-de-trabajo\/","name":"Bolsa de trabajo Ex Alumnos Ciclos Formativos - C. Parroquial San Jaime Ap\u00f3stol","isPartOf":{"@id":"https:\/\/colegio.sanjaimemoncada.es\/#website"},"datePublished":"2016-05-25T05:42:31+00:00","dateModified":"2019-09-27T08:41:27+00:00","breadcrumb":{"@id":"https:\/\/colegio.sanjaimemoncada.es\/ciclos-formativos\/bolsa-de-trabajo\/#breadcrumb"},"inLanguage":"en-US","potentialAction":[{"@type":"ReadAction","target":["https:\/\/colegio.sanjaimemoncada.es\/ciclos-formativos\/bolsa-de-trabajo\/"]}]},{"@type":"BreadcrumbList","@id":"https:\/\/colegio.sanjaimemoncada.es\/ciclos-formativos\/bolsa-de-trabajo\/#breadcrumb","itemListElement":[{"@type":"ListItem","position":1,"name":"Portada","item":"https:\/\/colegio.sanjaimemoncada.es\/"},{"@type":"ListItem","position":2,"name":"Ciclos Formativos","item":"https:\/\/colegio.sanjaimemoncada.es\/ciclos-formativos\/"},{"@type":"ListItem","position":3,"name":"Bolsa de trabajo Ex Alumnos Ciclos Formativos"}]},{"@type":"WebSite","@id":"https:\/\/colegio.sanjaimemoncada.es\/#website","url":"https:\/\/colegio.sanjaimemoncada.es\/","name":"C. Parroquial San Jaime Ap\u00f3stol","description":"","potentialAction":[{"@type":"SearchAction","target":{"@type":"EntryPoint","urlTemplate":"https:\/\/colegio.sanjaimemoncada.es\/?s={search_term_string}"},"query-input":{"@type":"PropertyValueSpecification","valueRequired":true,"valueName":"search_term_string"}}],"inLanguage":"en-US"}]}},"_links":{"self":[{"href":"https:\/\/colegio.sanjaimemoncada.es\/en\/wp-json\/wp\/v2\/pages\/9467","targetHints":{"allow":["GET"]}}],"collection":[{"href":"https:\/\/colegio.sanjaimemoncada.es\/en\/wp-json\/wp\/v2\/pages"}],"about":[{"href":"https:\/\/colegio.sanjaimemoncada.es\/en\/wp-json\/wp\/v2\/types\/page"}],"author":[{"embeddable":true,"href":"https:\/\/colegio.sanjaimemoncada.es\/en\/wp-json\/wp\/v2\/users\/4"}],"replies":[{"embeddable":true,"href":"https:\/\/colegio.sanjaimemoncada.es\/en\/wp-json\/wp\/v2\/comments?post=9467"}],"version-history":[{"count":2,"href":"https:\/\/colegio.sanjaimemoncada.es\/en\/wp-json\/wp\/v2\/pages\/9467\/revisions"}],"predecessor-version":[{"id":16799,"href":"https:\/\/colegio.sanjaimemoncada.es\/en\/wp-json\/wp\/v2\/pages\/9467\/revisions\/16799"}],"up":[{"embeddable":true,"href":"https:\/\/colegio.sanjaimemoncada.es\/en\/wp-json\/wp\/v2\/pages\/9463"}],"wp:attachment":[{"href":"https:\/\/colegio.sanjaimemoncada.es\/en\/wp-json\/wp\/v2\/media?parent=9467"}],"curies":[{"name":"wp","href":"https:\/\/api.w.org\/{rel}","templated":true}]}}