{"id":9465,"date":"2017-03-02T21:18:04","date_gmt":"2017-03-02T20:18:04","guid":{"rendered":"https:\/\/colegio.sanjaimemoncada.es\/ciclos-formativos\/actividades-complementarias\/"},"modified":"2022-03-22T17:00:41","modified_gmt":"2022-03-22T16:00:41","slug":"actividades-complementarias","status":"publish","type":"page","link":"https:\/\/colegio.sanjaimemoncada.es\/en\/ciclos-formativos\/actividades-complementarias\/","title":{"rendered":"Actividades complementarias"},"content":{"rendered":"<p style=\"text-align: justify;\">Son <strong>actividades complementarias<\/strong> aquellas que se realizan <strong>dentro del horario lectivo<\/strong>. Son actividades organizadas por los departamentos pedag\u00f3gicos y est\u00e1n recogidas en las programaciones did\u00e1cticas; estas actividades se diferencian del resto\u00a0de actividades lectivas por el momento, el espacio y los recursos que utilizan. Con ellas se pretende dinamizar la vida acad\u00e9mica, cultural y deportiva de nuestro colegio y fomentar los valores de la convivencia, la solidaridad y el respeto. Se intenta que el alumno salga de su entorno habitual y del aula, y que conozca la realidad que lo envuelve.<\/p>\n<p style=\"text-align: center;\"><strong><a href=\"https:\/\/colegio.sanjaimemoncada.es\/wp-content\/uploads\/2022\/03\/Actividades-complementarias-2021-2022-3.pdf\">Actividades complementarias 2021-2022<\/a><\/strong><\/p>\n<p style=\"text-align: justify;\"><em>Nota: El calendario propuesto puede sufrir cambios por necesidades organizativas o debido a la climatolog\u00eda.\u00a0<\/em><\/p>\n<p style=\"text-align: justify;\">Si durante el curso hubiera alguna actividad que se considere interesante, se tendr\u00eda en cuenta la posibilidad de su realizaci\u00f3n.<\/p>\n<p style=\"text-align: justify;\">\n","protected":false},"excerpt":{"rendered":"<p>Son actividades complementarias aquellas que se realizan dentro del horario lectivo. Son actividades organizadas por los departamentos pedag\u00f3gicos y est\u00e1n recogidas en las programaciones did\u00e1cticas; estas actividades se diferencian del resto\u00a0de actividades lectivas por el momento, el espacio y los recursos que utilizan. Con ellas se pretende dinamizar la vida acad\u00e9mica, cultural y deportiva de [&hellip;]<\/p>\n","protected":false},"author":4,"featured_media":0,"parent":9463,"menu_order":0,"comment_status":"closed","ping_status":"closed","template":"","meta":{"_monsterinsights_skip_tracking":false,"_monsterinsights_sitenote_active":false,"_monsterinsights_sitenote_note":"","_monsterinsights_sitenote_category":0,"footnotes":""},"class_list":["post-9465","page","type-page","status-publish","hentry"],"yoast_head":"<!-- This site is optimized with the Yoast SEO plugin v26.2 - https:\/\/yoast.com\/wordpress\/plugins\/seo\/ -->\n<title>Actividades complementarias - C. Parroquial San Jaime Ap\u00f3stol<\/title>\n<meta name=\"robots\" content=\"index, follow, max-snippet:-1, max-image-preview:large, max-video-preview:-1\" \/>\n<link rel=\"canonical\" href=\"https:\/\/colegio.sanjaimemoncada.es\/ciclos-formativos\/actividades-complementarias\/\" \/>\n<meta property=\"og:locale\" content=\"en_US\" \/>\n<meta property=\"og:type\" content=\"article\" \/>\n<meta property=\"og:title\" content=\"Actividades complementarias - C. Parroquial San Jaime Ap\u00f3stol\" \/>\n<meta property=\"og:description\" content=\"Son actividades complementarias aquellas que se realizan dentro del horario lectivo. Son actividades organizadas por los departamentos pedag\u00f3gicos y est\u00e1n recogidas en las programaciones did\u00e1cticas; estas actividades se diferencian del resto\u00a0de actividades lectivas por el momento, el espacio y los recursos que utilizan. Con ellas se pretende dinamizar la vida acad\u00e9mica, cultural y deportiva de [&hellip;]\" \/>\n<meta property=\"og:url\" content=\"https:\/\/colegio.sanjaimemoncada.es\/ciclos-formativos\/actividades-complementarias\/\" \/>\n<meta property=\"og:site_name\" content=\"C. Parroquial San Jaime Ap\u00f3stol\" \/>\n<meta property=\"article:modified_time\" content=\"2022-03-22T16:00:41+00:00\" \/>\n<meta name=\"twitter:card\" content=\"summary_large_image\" \/>\n<meta name=\"twitter:label1\" content=\"Est. reading time\" \/>\n\t<meta name=\"twitter:data1\" content=\"1 minute\" \/>\n<script type=\"application\/ld+json\" class=\"yoast-schema-graph\">{\"@context\":\"https:\/\/schema.org\",\"@graph\":[{\"@type\":\"WebPage\",\"@id\":\"https:\/\/colegio.sanjaimemoncada.es\/ciclos-formativos\/actividades-complementarias\/\",\"url\":\"https:\/\/colegio.sanjaimemoncada.es\/ciclos-formativos\/actividades-complementarias\/\",\"name\":\"Actividades complementarias - C. Parroquial San Jaime Ap\u00f3stol\",\"isPartOf\":{\"@id\":\"https:\/\/colegio.sanjaimemoncada.es\/#website\"},\"datePublished\":\"2017-03-02T20:18:04+00:00\",\"dateModified\":\"2022-03-22T16:00:41+00:00\",\"breadcrumb\":{\"@id\":\"https:\/\/colegio.sanjaimemoncada.es\/ciclos-formativos\/actividades-complementarias\/#breadcrumb\"},\"inLanguage\":\"en-US\",\"potentialAction\":[{\"@type\":\"ReadAction\",\"target\":[\"https:\/\/colegio.sanjaimemoncada.es\/ciclos-formativos\/actividades-complementarias\/\"]}]},{\"@type\":\"BreadcrumbList\",\"@id\":\"https:\/\/colegio.sanjaimemoncada.es\/ciclos-formativos\/actividades-complementarias\/#breadcrumb\",\"itemListElement\":[{\"@type\":\"ListItem\",\"position\":1,\"name\":\"Portada\",\"item\":\"https:\/\/colegio.sanjaimemoncada.es\/\"},{\"@type\":\"ListItem\",\"position\":2,\"name\":\"Ciclos Formativos\",\"item\":\"https:\/\/colegio.sanjaimemoncada.es\/ciclos-formativos\/\"},{\"@type\":\"ListItem\",\"position\":3,\"name\":\"Actividades complementarias\"}]},{\"@type\":\"WebSite\",\"@id\":\"https:\/\/colegio.sanjaimemoncada.es\/#website\",\"url\":\"https:\/\/colegio.sanjaimemoncada.es\/\",\"name\":\"C. Parroquial San Jaime Ap\u00f3stol\",\"description\":\"\",\"potentialAction\":[{\"@type\":\"SearchAction\",\"target\":{\"@type\":\"EntryPoint\",\"urlTemplate\":\"https:\/\/colegio.sanjaimemoncada.es\/?s={search_term_string}\"},\"query-input\":{\"@type\":\"PropertyValueSpecification\",\"valueRequired\":true,\"valueName\":\"search_term_string\"}}],\"inLanguage\":\"en-US\"}]}<\/script>\n<!-- \/ Yoast SEO plugin. -->","yoast_head_json":{"title":"Actividades complementarias - C. Parroquial San Jaime Ap\u00f3stol","robots":{"index":"index","follow":"follow","max-snippet":"max-snippet:-1","max-image-preview":"max-image-preview:large","max-video-preview":"max-video-preview:-1"},"canonical":"https:\/\/colegio.sanjaimemoncada.es\/ciclos-formativos\/actividades-complementarias\/","og_locale":"en_US","og_type":"article","og_title":"Actividades complementarias - C. Parroquial San Jaime Ap\u00f3stol","og_description":"Son actividades complementarias aquellas que se realizan dentro del horario lectivo. Son actividades organizadas por los departamentos pedag\u00f3gicos y est\u00e1n recogidas en las programaciones did\u00e1cticas; estas actividades se diferencian del resto\u00a0de actividades lectivas por el momento, el espacio y los recursos que utilizan. Con ellas se pretende dinamizar la vida acad\u00e9mica, cultural y deportiva de [&hellip;]","og_url":"https:\/\/colegio.sanjaimemoncada.es\/ciclos-formativos\/actividades-complementarias\/","og_site_name":"C. Parroquial San Jaime Ap\u00f3stol","article_modified_time":"2022-03-22T16:00:41+00:00","twitter_card":"summary_large_image","twitter_misc":{"Est. reading time":"1 minute"},"schema":{"@context":"https:\/\/schema.org","@graph":[{"@type":"WebPage","@id":"https:\/\/colegio.sanjaimemoncada.es\/ciclos-formativos\/actividades-complementarias\/","url":"https:\/\/colegio.sanjaimemoncada.es\/ciclos-formativos\/actividades-complementarias\/","name":"Actividades complementarias - C. Parroquial San Jaime Ap\u00f3stol","isPartOf":{"@id":"https:\/\/colegio.sanjaimemoncada.es\/#website"},"datePublished":"2017-03-02T20:18:04+00:00","dateModified":"2022-03-22T16:00:41+00:00","breadcrumb":{"@id":"https:\/\/colegio.sanjaimemoncada.es\/ciclos-formativos\/actividades-complementarias\/#breadcrumb"},"inLanguage":"en-US","potentialAction":[{"@type":"ReadAction","target":["https:\/\/colegio.sanjaimemoncada.es\/ciclos-formativos\/actividades-complementarias\/"]}]},{"@type":"BreadcrumbList","@id":"https:\/\/colegio.sanjaimemoncada.es\/ciclos-formativos\/actividades-complementarias\/#breadcrumb","itemListElement":[{"@type":"ListItem","position":1,"name":"Portada","item":"https:\/\/colegio.sanjaimemoncada.es\/"},{"@type":"ListItem","position":2,"name":"Ciclos Formativos","item":"https:\/\/colegio.sanjaimemoncada.es\/ciclos-formativos\/"},{"@type":"ListItem","position":3,"name":"Actividades complementarias"}]},{"@type":"WebSite","@id":"https:\/\/colegio.sanjaimemoncada.es\/#website","url":"https:\/\/colegio.sanjaimemoncada.es\/","name":"C. Parroquial San Jaime Ap\u00f3stol","description":"","potentialAction":[{"@type":"SearchAction","target":{"@type":"EntryPoint","urlTemplate":"https:\/\/colegio.sanjaimemoncada.es\/?s={search_term_string}"},"query-input":{"@type":"PropertyValueSpecification","valueRequired":true,"valueName":"search_term_string"}}],"inLanguage":"en-US"}]}},"_links":{"self":[{"href":"https:\/\/colegio.sanjaimemoncada.es\/en\/wp-json\/wp\/v2\/pages\/9465","targetHints":{"allow":["GET"]}}],"collection":[{"href":"https:\/\/colegio.sanjaimemoncada.es\/en\/wp-json\/wp\/v2\/pages"}],"about":[{"href":"https:\/\/colegio.sanjaimemoncada.es\/en\/wp-json\/wp\/v2\/types\/page"}],"author":[{"embeddable":true,"href":"https:\/\/colegio.sanjaimemoncada.es\/en\/wp-json\/wp\/v2\/users\/4"}],"replies":[{"embeddable":true,"href":"https:\/\/colegio.sanjaimemoncada.es\/en\/wp-json\/wp\/v2\/comments?post=9465"}],"version-history":[{"count":4,"href":"https:\/\/colegio.sanjaimemoncada.es\/en\/wp-json\/wp\/v2\/pages\/9465\/revisions"}],"predecessor-version":[{"id":22798,"href":"https:\/\/colegio.sanjaimemoncada.es\/en\/wp-json\/wp\/v2\/pages\/9465\/revisions\/22798"}],"up":[{"embeddable":true,"href":"https:\/\/colegio.sanjaimemoncada.es\/en\/wp-json\/wp\/v2\/pages\/9463"}],"wp:attachment":[{"href":"https:\/\/colegio.sanjaimemoncada.es\/en\/wp-json\/wp\/v2\/media?parent=9465"}],"curies":[{"name":"wp","href":"https:\/\/api.w.org\/{rel}","templated":true}]}}