{"id":9411,"date":"2016-07-16T08:26:26","date_gmt":"2016-07-16T06:26:26","guid":{"rendered":"https:\/\/colegio.sanjaimemoncada.es\/aviso-legal\/"},"modified":"2019-07-16T11:34:44","modified_gmt":"2019-07-16T09:34:44","slug":"aviso-legal","status":"publish","type":"page","link":"https:\/\/colegio.sanjaimemoncada.es\/en\/aviso-legal\/","title":{"rendered":"Aviso legal y Pol\u00edtica de privacidad"},"content":{"rendered":"<ul>\n<li style=\"list-style-type: none\">\n<ul>\n<li><a href=\"#_Toc514151948\">CONDICIONES GENERALES<\/a><\/li>\n<li><a href=\"#_Toc514151949\">TITULAR DE LA WEB<\/a><\/li>\n<li><a href=\"#_Toc514151950\">RESPONSABILIDAD LEGAL POR EL CONTENIDO<\/a><\/li>\n<li><a href=\"#_Toc514151951\">PROPIEDAD INDUSTRIAL E INTELECTUAL<\/a><\/li>\n<li><a href=\"#_Toc514151952\">EXCLUSI\u00d3N DE LA RESPONSABILIDAD<\/a><\/li>\n<li><a href=\"#_Toc514151953\">JURISDICCI\u00d3N Y LEY APLICABLE<\/a><\/li>\n<li><a href=\"#_Toc514151954\">POL\u00cdTICA DE CONFIDENCIALIDAD<\/a>\n<ul>\n<li><a href=\"#_Toc514151955\">Conservaci\u00f3n de los datos<\/a><\/li>\n<li><a href=\"#_Toc514151956\">Brechas de seguridad<\/a><\/li>\n<\/ul>\n<\/li>\n<\/ul>\n<\/li>\n<\/ul>\n<ul>\n<li><a href=\"#_Toc514151959\">QU\u00c9 INFORMACI\u00d3N RECABAMOS DE LOS USUARIOS Y PARA QU\u00c9 LOS UTILIZAMOS<\/a>\n<ul>\n<li><a href=\"#_Toc514151960\">Registro de actividades de tratamiento de los datos<\/a><\/li>\n<li><a href=\"#_Toc514151961\">Encargados del tratamiento fuera de la UE<\/a><\/li>\n<li><a href=\"#_Toc514151962\">Compromisos y obligaciones con nuestros usuarios<\/a><\/li>\n<\/ul>\n<\/li>\n<\/ul>\n<p>&nbsp;<\/p>\n<h2><a name=\"_Toc514151948\"><\/a>CONDICIONES GENERALES<\/h2>\n<p>Estas son las Condiciones Generales que regulan el uso del Sitio Web de Internet pecsanjaime.es, puesto a disposici\u00f3n de los usuarios.<\/p>\n<p>La p\u00e1gina Web www.pecsanjaime.es es titularidad de Centre Concertat Sant Jaume Apostol y cumple con los requisitos derivados de la Ley 34\/2002, de 11 de julio, de Servicios de la Sociedad de la Informaci\u00f3n y de Comercio Electr\u00f3nico, y normativa vigente relativa a la protecci\u00f3n de datos de car\u00e1cter personal y, en particular, el Reglamento (UE) 2016\/679 del Parlamento Europeo y del Consejo, de 27 de abril de 2016, relativo a la protecci\u00f3n de las personas f\u00edsicas en lo que respecta al tratamiento de datos personales y a la libre circulaci\u00f3n de estos datos<\/p>\n<p>Centre Concertat Sant Jaume Apostol se reserva el derecho a modificar o adaptar la presente Pol\u00edtica de Privacidad en todo momento. Por lo tanto, le recomendamos que revise la misma cada vez que acceda a la P\u00e1gina Web. En el supuesto de que usuario se haya registrado en la p\u00e1gina web y acceda a su cuenta o perfil, al acceder a la misma, se le informar\u00e1 en el supuesto de que haya habido modificaciones sustanciales en relaci\u00f3n con el tratamiento de sus datos personales.<\/p>\n<p>&nbsp;<\/p>\n<h2><a name=\"_Toc514151949\"><\/a>TITULAR DE LA WEB<\/h2>\n<p>Denominaci\u00f3n social es Centre Concertat\u00a0 Sant Jaume Ap\u00f2stol<\/p>\n<p>CIF:\u00a0R4600721G<\/p>\n<p>Domicilio social es: Calle Madrid, 7. 46113 Moncada (Valencia).<\/p>\n<p>Correo electr\u00f3nico: pec@pecsanjaime.es<\/p>\n<p>Contacto DPD: dpd@prodatvalencia.es<\/p>\n<p>Finalidad de sitio web: Oferta de servicios, divulgaci\u00f3n.<\/p>\n<p>P\u00e1gina web: https:\/\/colegio.sanjaimemoncada.es<\/p>\n<p>Colegio Parroquial Sant Jaume Ap\u00f2stol se reserva el derecho de modificar las presentes Condiciones Generales de Uso y suspender o interrumpir en cualquier momento la p\u00e1gina Web.<\/p>\n<p>El acceso, navegaci\u00f3n y uso de la p\u00e1gina Web pecsanjaime.es, es responsabilidad del usuario, por lo que \u00e9ste se compromete a usar los contenidos de forma diligente, correcta y l\u00edcita, eximiendo a Colegio Parroquial Sant Jaume Ap\u00f2stol, por tanto, de cualquier uso ileg\u00edtimo que pueda llevar a cabo el usuario de la presente p\u00e1gina Web.<\/p>\n<p>&nbsp;<\/p>\n<h2><a name=\"_Toc514151950\"><\/a>RESPONSABILIDAD LEGAL POR EL CONTENIDO<\/h2>\n<p>Pecsanjaime.es contiene textos elaborados con fines meramente informativos o divulgativos que pueden no reflejar el estado actual de la legislaci\u00f3n o la jurisprudencia y que se refieren a situaciones generales por lo que su contenido no puede ser aplicado nunca por el usuario a casos concretos.<\/p>\n<p>Las opiniones vertidas en los mismos no reflejan necesariamente los puntos de vista de Colegio Parroquial Sant Jaume Ap\u00f2stol<\/p>\n<p>El contenido de los art\u00edculos publicados en pecsanjaime.es no puede ser considerado, en ning\u00fan caso, sustitutivo de asesoramiento legal.<\/p>\n<p>El usuario no debe actuar sobre la base de la informaci\u00f3n contenida en Pecsanjaime.es sin recurrir previamente al correspondiente asesoramiento profesional.<\/p>\n<p>&nbsp;<\/p>\n<h2><a name=\"_Toc514151951\"><\/a>PROPIEDAD INDUSTRIAL E INTELECTUAL<\/h2>\n<p>Todos los derechos de Propiedad Industrial e Intelectual sobre los contenidos del Sitio Web pecsanjaime.es, (incluyendo entre otros, bases de datos, im\u00e1genes, dibujos, fotograf\u00edas, gr\u00e1ficos, archivos de texto, audio, v\u00eddeo y software) son propiedad de Colegio Parroquial Sant Jaume Ap\u00f2stol<\/p>\n<p>Las marcas, nombres comerciales y signos distintivos de cualquier clase que aparecen en la p\u00e1gina Web son tambi\u00e9n propiedad de Colegio Parroquial Sant Jaume Ap\u00f2stol, por lo que est\u00e1 prohibida su utilizaci\u00f3n, reproducci\u00f3n, distribuci\u00f3n o transformaci\u00f3n, sin la expresa autorizaci\u00f3n por parte de Colegio Parroquial Sant Jaume Ap\u00f2stol<\/p>\n<p>Colegio Parroquial Sant Jaume Ap\u00f2stol autoriza a los Usuarios del sitio Web a visualizar, imprimir y\/o descargar los contenidos del Sitio Web \u00fanica y exclusivamente para su uso privado. Por lo tanto, queda terminantemente prohibido cualquier comunicaci\u00f3n y\/o distribuci\u00f3n de los contenidos de la Web con fines comerciales y\/o lucrativos; as\u00ed como su modificaci\u00f3n, alteraci\u00f3n y\/o descompilaci\u00f3n. Para cualquier uso distinto de los expresamente permitidos, ser\u00e1 necesario obtener el consentimiento expreso del titular de los derechos de que se trate, sin que en ning\u00fan caso la falta de respuesta pueda ser considerada autorizaci\u00f3n presunta.<\/p>\n<p>Queda terminantemente prohibido suprimir y\/o manipular el distintivo de \u201ccopyright\u201d o cualquier otra indicaci\u00f3n que refleje la sujeci\u00f3n del objeto a derechos de autor o marca registrada as\u00ed como los sistemas de protecci\u00f3n o huellas digitales que pudieran estar incluidos en los contenidos.<\/p>\n<p>&nbsp;<\/p>\n<h2><a name=\"_Toc514151952\"><\/a>EXCLUSI\u00d3N DE LA RESPONSABILIDAD<\/h2>\n<p>Colegio Parroquial Sant Jaume Ap\u00f2stol se reserva la facultad de efectuar, en cualquier momento y sin necesidad de previo aviso, modificaciones y actualizaciones en la informaci\u00f3n contenida en su Sitio Web o en la configuraci\u00f3n y presentaci\u00f3n de \u00e9ste, as\u00ed como suspender temporalmente el acceso al mismo.<\/p>\n<p>Quedan prohibidos todos los actos que vulneren la legalidad, derechos o intereses de terceros, prohibi\u00e9ndose expresamente:<\/p>\n<p>Realizar actuaciones que puedan producir en la Web, o a trav\u00e9s de la misma y por cualquier medio alg\u00fan tipo de da\u00f1o a los sistemas de Colegio Parroquial Sant Jaume Ap\u00f2stol, o a terceros.<\/p>\n<p>Realizar publicidad o informaci\u00f3n comercial directamente o de forma encubierta, spam (env\u00edo de correos masivos) o el env\u00edo de grandes mensajes con el fin de bloquear los servidores de la red.<\/p>\n<p>Colegio Parroquial Sant Jaume Ap\u00f2stol no puede asumir ninguna responsabilidad derivada del uso incorrecto, inapropiado o il\u00edcito de la informaci\u00f3n aparecida en las p\u00e1ginas de Internet de Colegio Parroquial Sant Jaume Ap\u00f2stol<\/p>\n<p>Tanto el acceso a este Sitio Web como el uso que pueda hacerse de la informaci\u00f3n contenida en el mismo es de la exclusiva responsabilidad de quien lo realiza. Colegio Parroquial Sant Jaume Ap\u00f2stol no responder\u00e1 de ninguna consecuencia, da\u00f1o o perjuicio que pudieran derivarse de dicho acceso o uso de la informaci\u00f3n.<\/p>\n<p>Asimismo, Colegio Parroquial Sant Jaume Ap\u00f2stol excluye toda responsabilidad por la licitud, contenido y calidad de los datos e informaciones ofrecidos por terceras entidades a trav\u00e9s del citado sitio Web.<\/p>\n<p>Asimismo, no se hace responsable de los posibles errores de seguridad que se puedan producir ni de los posibles da\u00f1os que puedan causarse al sistema inform\u00e1tico del Usuario (hardware y software), o de los ficheros o documentos almacenados en el mismo, como consecuencia de la presencia de virus en el ordenador del Usuario utilizado para la conexi\u00f3n a los servicios y contenidos de la Web, de un mal funcionamiento del navegador o del uso de versiones no actualizadas del mismo.<\/p>\n<p>Con los l\u00edmites establecidos en la Ley, Colegio Parroquial Sant Jaume Ap\u00f2stol no asume ninguna responsabilidad derivada de la falta de actualizaci\u00f3n y precisi\u00f3n de los datos o informaciones que se contienen en sus p\u00e1ginas de Internet.<\/p>\n<p>&nbsp;<\/p>\n<h2><a name=\"_Toc514151953\"><\/a>JURISDICCI\u00d3N Y LEY APLICABLE<\/h2>\n<p>La legislaci\u00f3n aplicable al contenido del Sitio Web de Colegio Parroquial Sant Jaume Ap\u00f2stol ser\u00e1 la espa\u00f1ola.<\/p>\n<p>Los usuarios pueden someterse al Sistema Arbitral de Consumo del que\u00a0Colegio Parroquial Sant Jaume Ap\u00f2stol formar\u00e1 parte para resolver cualquier controversia o reclamaci\u00f3n derivada del presente texto o de cualquier actividad de Colegio Parroquial Sant Jaume Ap\u00f2stol, excepto para solventar aquellos conflictos que traigan causa del desarrollo de una actividad que requiera colegiaci\u00f3n, en cuyo caso el usuario deber\u00e1 dirigirse al \u00f3rgano correspondiente del colegio de abogados oportuno.<\/p>\n<p>La jurisdicci\u00f3n a la que se somete el titular de esta p\u00e1gina para la resoluci\u00f3n de cualquier controversia que pudiera derivarse de su relaci\u00f3n con el Usuario es a la de los Juzgados y Tribunales competentes de Valencia, Espa\u00f1a.<\/p>\n<p>&nbsp;<\/p>\n<h2><a name=\"_Toc514151954\"><\/a>POL\u00cdTICA DE CONFIDENCIALIDAD<\/h2>\n<h3><a name=\"_Toc514151955\"><\/a>Conservaci\u00f3n de los datos<\/h3>\n<p><strong>Datos desagregados:<\/strong>\u00a0Los datos desagregados ser\u00e1n conservados sin plazo de supresi\u00f3n.<\/p>\n<p><strong>Datos recogidos por los formularios de contacto: <\/strong>El periodo de conservaci\u00f3n de los datos recogidos en los formularios de contacto ser\u00e1 de 2 a\u00f1os.<\/p>\n<p>&nbsp;<\/p>\n<h3><a name=\"_Toc514151956\"><\/a>Brechas de seguridad<\/h3>\n<p>Colegio Parroquial Sant Jaume Ap\u00f2stol adopta medidas de seguridad razonablemente adecuadas para detectar la existencia de virus, ataques de fuerza bruta e inyecciones de c\u00f3digo. No obstante, debes ser consciente de que las medidas de seguridad de los sistemas inform\u00e1ticos en Internet no son enteramente fiables y que, por tanto Colegio Parroquial Sant Jaume Ap\u00f2stol no puede garantizar la inexistencia de virus u otros elementos que puedan producir alteraciones en los sistemas inform\u00e1ticos (software y hardware) del Usuario o en sus documentos electr\u00f3nicos y ficheros contenidos en los mismos.<\/p>\n<p>No obstante, pecsanjaime.es dispone de un sistema de vigilancia de seguridad activo que informa de cada actividad de los usuarios y posibles brechas en la seguridad de los datos de los usuarios.<\/p>\n<p>En caso de detectarse alguna brecha, Colegio Parroquial Sant Jaume Ap\u00f2stol se compromete a\u00a0<strong>informar a los usuarios en el plazo m\u00e1ximo de 72 horas<\/strong>.<\/p>\n<h2><\/h2>\n<h2><a name=\"_Toc514151959\"><\/a>QU\u00c9 INFORMACI\u00d3N RECABAMOS DE LOS USUARIOS Y PARA QU\u00c9 LOS UTILIZAMOS<\/h2>\n<h3><a name=\"_Toc514151960\"><\/a>Registro de actividades de tratamiento de los datos<\/h3>\n<p><strong>Web y hosting:<\/strong>\u00a0 pecsanjaime.es aloja lo datos recogidos en los servidores\u00a0que\u00a0Colegio Parroquial Sant Jaume Ap\u00f2stol ha contratado a\u00a0<a href=\"https:\/\/domitienda.com\/privacidad\/\">INFORTELECOM HOSTING S.L<\/a><\/p>\n<p>&nbsp;<\/p>\n<p><strong>Datos recabados a trav\u00e9s de la web:<\/strong>\u00a0Los datos personales recogidos ser\u00e1n objeto de tratamiento automatizado e incorporados a los correspondientes ficheros de los que Colegio Parroquial Sant Jaume Ap\u00f2stol es titular.<\/p>\n<ul>\n<li>Nos llegar\u00e1 tu IP, que ser\u00e1 usada para comprobar el origen del mensaje con objeto de ofrecerte informaci\u00f3n, protecci\u00f3n contra comentarios SPAM y para detectar posibles irregularidades (por ejemplo: partes opuestas del mismo caso escriben en el sitio web desde la misma IP), as\u00ed como datos relativos a su ISP.<\/li>\n<li>Asimismo, podr\u00e1s facilitarnos tus datos a trav\u00e9s correo electr\u00f3nico y otros medios de comunicaci\u00f3n indicados en la secci\u00f3n de\u00a0<a href=\"https:\/\/colegio.sanjaimemoncada.es\/en\/contacto\/\">contacto<\/a>.<\/li>\n<\/ul>\n<p><strong>Formulario de contacto: <\/strong>En la web existe la posibilidad de que los usuarios env\u00eden formularios solicitando informaci\u00f3n. El responsable del tratamiento de los datos es Colegio Parroquial Sant Jaume Ap\u00f2stol<\/p>\n<p>Los datos que se recogen son el nombre, email, el destinatario de la solicitud de informaci\u00f3n y la aceptaci\u00f3n de la pol\u00edtica de privacidad, y se recogen con la finalidad de responder a las solicitudes de informaci\u00f3n.\u00a0 Estos datos est\u00e1n almacenados en los servidores de INFORTELECOM HOSTING S.L<\/p>\n<p>En ning\u00fan momento cederemos datos a terceros salvo obligaci\u00f3n legal.<\/p>\n<p><strong>Correo electr\u00f3nico:<\/strong>\u00a0Nuestro prestador de servicios de correo electr\u00f3nico es\u00a0<a href=\"https:\/\/www.google.com\/intl\/es\/about\/company\/\">Google Inc<\/a>\u00a0a trav\u00e9s de\u00a0<a href=\"https:\/\/www.google.com\/gmail\">Google Gmail<\/a>.<\/p>\n<h4><\/h4>\n<h4><u>Contenido incrustado desde otras webs<\/u><\/h4>\n<p>Los art\u00edculos de pecsanjaime.es pueden incluir contenido incrustado (p.ej. v\u00eddeos, im\u00e1genes, art\u00edculos, etc.). El contenido incrustado desde otras webs se comporta del mismo modo que si el visitante ha visitado la otra web.<\/p>\n<p>Estas webs pueden recopilar datos sobre ti, usar cookies, incrustar seguimiento de terceros, y vigilar tu interacci\u00f3n con el contenido incrustado, incluido el seguimiento de tu interacci\u00f3n con el contenido incrustado si tienes una cuenta o est\u00e1s conectado a esa web.<\/p>\n<p><strong>Otros servicios:<\/strong>\u00a0Ciertos servicios prestados a trav\u00e9s del sitio web pecsanjaime.es pueden contener condiciones particulares con previsiones espec\u00edficas en materia de protecci\u00f3n de datos personales. Se hace indispensable su lectura y aceptaci\u00f3n con car\u00e1cter previo a la solicitud del servicio de que se trate.<\/p>\n<p><strong>Finalidad y legitimaci\u00f3n:<\/strong>\u00a0La finalidad del tratamiento de estos datos ser\u00e1 \u00fanicamente la de prestarte la informaci\u00f3n o servicios que nos solicites.<\/p>\n<p>&nbsp;<\/p>\n<h4><u>Redes sociales<\/u><\/h4>\n<p><strong>Presencia en redes:<\/strong>\u00a0Colegio Parroquial Sant Jaume Ap\u00f2stol cuenta con perfiles en algunas de las principales redes sociales de Internet.<\/p>\n<p><strong>Finalidad y legitimaci\u00f3n:<\/strong>\u00a0El tratamiento que\u00a0Colegio Parroquial Sant Jaume Ap\u00f2stol llevar\u00e1 a cabo con los\u00a0datos dentro de cada una de las referidas redes ser\u00e1, como m\u00e1ximo, el que la red social permita a los perfiles corporativos. As\u00ed pues,\u00a0Colegio Parroquial Sant Jaume Ap\u00f2stol podr\u00e1 informar, cuando la ley no lo proh\u00edba, a sus seguidores por cualquier v\u00eda que la red social permita sobre sus actividades, trabajos, ofertas, as\u00ed como prestar servicio personalizado de atenci\u00f3n al cliente.<\/p>\n<p><strong>Extracci\u00f3n de datos:<\/strong>\u00a0En ning\u00fan caso Colegio Parroquial Sant Jaume Ap\u00f2stol extraer\u00e1 datos de las redes sociales, a menos que se obtuviera puntual y expresamente el consentimiento del usuario para ello.<\/p>\n<p><strong>Derechos:<\/strong>\u00a0Cuando, debido a la propia naturaleza de las redes sociales, el ejercicio efectivo de los derechos de protecci\u00f3n de datos del seguidor quede supeditado a la modificaci\u00f3n del perfil personal de este, Colegio Parroquial Sant Jaume Ap\u00f2stol te ayudar\u00e1 y aconsejar\u00e1 a tal fin en la medida de sus posibilidades.<\/p>\n<p>&nbsp;<\/p>\n<h3><a name=\"_Toc514151961\"><\/a>Encargados del tratamiento fuera de la UE<\/h3>\n<p>No se realiza tratamiento de datos fuera de la UE.<\/p>\n<h3><a name=\"_Toc514151962\"><\/a><\/h3>\n<h3>Compromisos y obligaciones con nuestros usuarios<\/h3>\n<p>El acceso y\/o uso de\u00a0pecsanjaime.es atribuye a quien lo realiza la condici\u00f3n de usuario, aceptando, desde este mismo momento, plenamente y sin reserva alguna, el presente aviso legal en relaci\u00f3n con determinados servicios y contenidos de pecsanjaime.es.<\/p>\n<p>En la utilizaci\u00f3n de pecsanjaime.es el usuario se compromete a no llevar a cabo\u00a0ninguna conducta\u00a0que pudiera da\u00f1ar la imagen, los intereses y los derechos de Colegio Parroquial Sant Jaume Ap\u00f2stol o de terceros o que pudiera da\u00f1ar, inutilizar o sobrecargar el portal pecsanjaime.es o que impidiera, de cualquier forma, la normal utilizaci\u00f3n de pecsanjaime.es.<\/p>\n<p>&nbsp;<\/p>\n","protected":false},"excerpt":{"rendered":"<p>CONDICIONES GENERALES TITULAR DE LA WEB RESPONSABILIDAD LEGAL POR EL CONTENIDO PROPIEDAD INDUSTRIAL E INTELECTUAL EXCLUSI\u00d3N DE LA RESPONSABILIDAD JURISDICCI\u00d3N Y LEY APLICABLE POL\u00cdTICA DE CONFIDENCIALIDAD Conservaci\u00f3n de los datos Brechas de seguridad QU\u00c9 INFORMACI\u00d3N RECABAMOS DE LOS USUARIOS Y PARA QU\u00c9 LOS UTILIZAMOS Registro de actividades de tratamiento de los datos Encargados del tratamiento [&hellip;]<\/p>\n","protected":false},"author":3,"featured_media":0,"parent":0,"menu_order":0,"comment_status":"closed","ping_status":"closed","template":"","meta":{"_monsterinsights_skip_tracking":false,"_monsterinsights_sitenote_active":false,"_monsterinsights_sitenote_note":"","_monsterinsights_sitenote_category":0,"footnotes":""},"class_list":["post-9411","page","type-page","status-publish","hentry"],"yoast_head":"<!-- This site is optimized with the Yoast SEO plugin v26.2 - https:\/\/yoast.com\/wordpress\/plugins\/seo\/ -->\n<title>Aviso legal y Pol\u00edtica de privacidad - C. Parroquial San Jaime Ap\u00f3stol<\/title>\n<meta name=\"robots\" content=\"index, follow, max-snippet:-1, max-image-preview:large, max-video-preview:-1\" \/>\n<link rel=\"canonical\" href=\"https:\/\/colegio.sanjaimemoncada.es\/aviso-legal\/\" \/>\n<meta property=\"og:locale\" content=\"en_US\" \/>\n<meta property=\"og:type\" content=\"article\" \/>\n<meta property=\"og:title\" content=\"Aviso legal y Pol\u00edtica de privacidad - C. Parroquial San Jaime Ap\u00f3stol\" \/>\n<meta property=\"og:description\" content=\"CONDICIONES GENERALES TITULAR DE LA WEB RESPONSABILIDAD LEGAL POR EL CONTENIDO PROPIEDAD INDUSTRIAL E INTELECTUAL EXCLUSI\u00d3N DE LA RESPONSABILIDAD JURISDICCI\u00d3N Y LEY APLICABLE POL\u00cdTICA DE CONFIDENCIALIDAD Conservaci\u00f3n de los datos Brechas de seguridad QU\u00c9 INFORMACI\u00d3N RECABAMOS DE LOS USUARIOS Y PARA QU\u00c9 LOS UTILIZAMOS Registro de actividades de tratamiento de los datos Encargados del tratamiento [&hellip;]\" \/>\n<meta property=\"og:url\" content=\"https:\/\/colegio.sanjaimemoncada.es\/aviso-legal\/\" \/>\n<meta property=\"og:site_name\" content=\"C. Parroquial San Jaime Ap\u00f3stol\" \/>\n<meta property=\"article:modified_time\" content=\"2019-07-16T09:34:44+00:00\" \/>\n<meta name=\"twitter:card\" content=\"summary_large_image\" \/>\n<meta name=\"twitter:label1\" content=\"Est. reading time\" \/>\n\t<meta name=\"twitter:data1\" content=\"12 minutes\" \/>\n<script type=\"application\/ld+json\" class=\"yoast-schema-graph\">{\"@context\":\"https:\/\/schema.org\",\"@graph\":[{\"@type\":\"WebPage\",\"@id\":\"https:\/\/colegio.sanjaimemoncada.es\/aviso-legal\/\",\"url\":\"https:\/\/colegio.sanjaimemoncada.es\/aviso-legal\/\",\"name\":\"Aviso legal y Pol\u00edtica de privacidad - C. Parroquial San Jaime Ap\u00f3stol\",\"isPartOf\":{\"@id\":\"https:\/\/colegio.sanjaimemoncada.es\/#website\"},\"datePublished\":\"2016-07-16T06:26:26+00:00\",\"dateModified\":\"2019-07-16T09:34:44+00:00\",\"breadcrumb\":{\"@id\":\"https:\/\/colegio.sanjaimemoncada.es\/aviso-legal\/#breadcrumb\"},\"inLanguage\":\"en-US\",\"potentialAction\":[{\"@type\":\"ReadAction\",\"target\":[\"https:\/\/colegio.sanjaimemoncada.es\/aviso-legal\/\"]}]},{\"@type\":\"BreadcrumbList\",\"@id\":\"https:\/\/colegio.sanjaimemoncada.es\/aviso-legal\/#breadcrumb\",\"itemListElement\":[{\"@type\":\"ListItem\",\"position\":1,\"name\":\"Portada\",\"item\":\"https:\/\/colegio.sanjaimemoncada.es\/\"},{\"@type\":\"ListItem\",\"position\":2,\"name\":\"Aviso legal y Pol\u00edtica de privacidad\"}]},{\"@type\":\"WebSite\",\"@id\":\"https:\/\/colegio.sanjaimemoncada.es\/#website\",\"url\":\"https:\/\/colegio.sanjaimemoncada.es\/\",\"name\":\"C. Parroquial San Jaime Ap\u00f3stol\",\"description\":\"\",\"potentialAction\":[{\"@type\":\"SearchAction\",\"target\":{\"@type\":\"EntryPoint\",\"urlTemplate\":\"https:\/\/colegio.sanjaimemoncada.es\/?s={search_term_string}\"},\"query-input\":{\"@type\":\"PropertyValueSpecification\",\"valueRequired\":true,\"valueName\":\"search_term_string\"}}],\"inLanguage\":\"en-US\"}]}<\/script>\n<!-- \/ Yoast SEO plugin. -->","yoast_head_json":{"title":"Aviso legal y Pol\u00edtica de privacidad - C. Parroquial San Jaime Ap\u00f3stol","robots":{"index":"index","follow":"follow","max-snippet":"max-snippet:-1","max-image-preview":"max-image-preview:large","max-video-preview":"max-video-preview:-1"},"canonical":"https:\/\/colegio.sanjaimemoncada.es\/aviso-legal\/","og_locale":"en_US","og_type":"article","og_title":"Aviso legal y Pol\u00edtica de privacidad - C. Parroquial San Jaime Ap\u00f3stol","og_description":"CONDICIONES GENERALES TITULAR DE LA WEB RESPONSABILIDAD LEGAL POR EL CONTENIDO PROPIEDAD INDUSTRIAL E INTELECTUAL EXCLUSI\u00d3N DE LA RESPONSABILIDAD JURISDICCI\u00d3N Y LEY APLICABLE POL\u00cdTICA DE CONFIDENCIALIDAD Conservaci\u00f3n de los datos Brechas de seguridad QU\u00c9 INFORMACI\u00d3N RECABAMOS DE LOS USUARIOS Y PARA QU\u00c9 LOS UTILIZAMOS Registro de actividades de tratamiento de los datos Encargados del tratamiento [&hellip;]","og_url":"https:\/\/colegio.sanjaimemoncada.es\/aviso-legal\/","og_site_name":"C. Parroquial San Jaime Ap\u00f3stol","article_modified_time":"2019-07-16T09:34:44+00:00","twitter_card":"summary_large_image","twitter_misc":{"Est. reading time":"12 minutes"},"schema":{"@context":"https:\/\/schema.org","@graph":[{"@type":"WebPage","@id":"https:\/\/colegio.sanjaimemoncada.es\/aviso-legal\/","url":"https:\/\/colegio.sanjaimemoncada.es\/aviso-legal\/","name":"Aviso legal y Pol\u00edtica de privacidad - C. Parroquial San Jaime Ap\u00f3stol","isPartOf":{"@id":"https:\/\/colegio.sanjaimemoncada.es\/#website"},"datePublished":"2016-07-16T06:26:26+00:00","dateModified":"2019-07-16T09:34:44+00:00","breadcrumb":{"@id":"https:\/\/colegio.sanjaimemoncada.es\/aviso-legal\/#breadcrumb"},"inLanguage":"en-US","potentialAction":[{"@type":"ReadAction","target":["https:\/\/colegio.sanjaimemoncada.es\/aviso-legal\/"]}]},{"@type":"BreadcrumbList","@id":"https:\/\/colegio.sanjaimemoncada.es\/aviso-legal\/#breadcrumb","itemListElement":[{"@type":"ListItem","position":1,"name":"Portada","item":"https:\/\/colegio.sanjaimemoncada.es\/"},{"@type":"ListItem","position":2,"name":"Aviso legal y Pol\u00edtica de privacidad"}]},{"@type":"WebSite","@id":"https:\/\/colegio.sanjaimemoncada.es\/#website","url":"https:\/\/colegio.sanjaimemoncada.es\/","name":"C. Parroquial San Jaime Ap\u00f3stol","description":"","potentialAction":[{"@type":"SearchAction","target":{"@type":"EntryPoint","urlTemplate":"https:\/\/colegio.sanjaimemoncada.es\/?s={search_term_string}"},"query-input":{"@type":"PropertyValueSpecification","valueRequired":true,"valueName":"search_term_string"}}],"inLanguage":"en-US"}]}},"_links":{"self":[{"href":"https:\/\/colegio.sanjaimemoncada.es\/en\/wp-json\/wp\/v2\/pages\/9411","targetHints":{"allow":["GET"]}}],"collection":[{"href":"https:\/\/colegio.sanjaimemoncada.es\/en\/wp-json\/wp\/v2\/pages"}],"about":[{"href":"https:\/\/colegio.sanjaimemoncada.es\/en\/wp-json\/wp\/v2\/types\/page"}],"author":[{"embeddable":true,"href":"https:\/\/colegio.sanjaimemoncada.es\/en\/wp-json\/wp\/v2\/users\/3"}],"replies":[{"embeddable":true,"href":"https:\/\/colegio.sanjaimemoncada.es\/en\/wp-json\/wp\/v2\/comments?post=9411"}],"version-history":[{"count":3,"href":"https:\/\/colegio.sanjaimemoncada.es\/en\/wp-json\/wp\/v2\/pages\/9411\/revisions"}],"predecessor-version":[{"id":16347,"href":"https:\/\/colegio.sanjaimemoncada.es\/en\/wp-json\/wp\/v2\/pages\/9411\/revisions\/16347"}],"wp:attachment":[{"href":"https:\/\/colegio.sanjaimemoncada.es\/en\/wp-json\/wp\/v2\/media?parent=9411"}],"curies":[{"name":"wp","href":"https:\/\/api.w.org\/{rel}","templated":true}]}}