{"id":9389,"date":"2017-05-10T10:11:06","date_gmt":"2017-05-10T08:11:06","guid":{"rendered":"https:\/\/colegio.sanjaimemoncada.es\/admision-infantilprimaria\/"},"modified":"2017-05-10T10:11:06","modified_gmt":"2017-05-10T08:11:06","slug":"admision-infantilprimaria","status":"publish","type":"page","link":"https:\/\/colegio.sanjaimemoncada.es\/en\/admision-infantilprimaria\/","title":{"rendered":"Admisi\u00f3n Infantil\/Primaria"},"content":{"rendered":"<h1><a href=\"https:\/\/colegio.sanjaimemoncada.es\/wp-content\/uploads\/2018\/03\/Cartel-Web-Admisi\u00f3n-2.png\"><img loading=\"lazy\" decoding=\"async\" class=\"aligncenter  wp-image-5140\" src=\"https:\/\/colegio.sanjaimemoncada.es\/wp-content\/uploads\/2018\/03\/Cartel-Web-Admisi\u00f3n-2.png\" alt=\"\" width=\"746\" height=\"274\" \/><\/a><\/h1>\n<h3 class=\"cs-page-title\">CALENDARIO DE ADMISI\u00d3N:<\/h3>\n<table>\n<tbody>\n<tr style=\"height: 21px;\">\n<td style=\"height: 21px; text-align: center;\"><\/td>\n<td style=\"height: 21px; text-align: center;\"><strong>Infantil y Primaria<\/strong><\/td>\n<\/tr>\n<tr style=\"height: 21px;\">\n<td style=\"height: 21px; text-align: left;\">Jornada de puertas abiertas<\/td>\n<td style=\"height: 21px; text-align: center;\">2 de mayo &#8211; 18:00<\/td>\n<\/tr>\n<tr style=\"height: 21px;\">\n<td style=\"height: 21px; text-align: left;\">Presentaci\u00f3n de solicitudes<\/td>\n<td style=\"height: 21px; text-align: center;\">17 al 24 de mayo<\/td>\n<\/tr>\n<tr style=\"height: 21.5104px;\">\n<td style=\"height: 21.5104px; text-align: left;\">Baremaci\u00f3n solicitudes<\/td>\n<td style=\"height: 21.5104px; text-align: center;\">17 al 30 de mayo<\/td>\n<\/tr>\n<tr style=\"height: 21px;\">\n<td style=\"height: 21px; text-align: left;\">Elaboraci\u00f3n y publicaci\u00f3n listas provisionales<\/td>\n<td style=\"height: 21px; text-align: center;\">4 de junio<\/td>\n<\/tr>\n<tr style=\"height: 21px;\">\n<td style=\"height: 21px; text-align: left;\">Reclamaciones ante la titularidad del Centro<\/td>\n<td style=\"height: 21px; text-align: center;\">4 al 6 de junio<\/td>\n<\/tr>\n<tr style=\"height: 21px;\">\n<td style=\"height: 21px; text-align: left;\">Publicaci\u00f3n en los centros de las listas definitivas<\/td>\n<td style=\"height: 21px; text-align: center;\">13 de junio<\/td>\n<\/tr>\n<tr style=\"height: 21px;\">\n<td style=\"height: 21px; text-align: left;\">Plazo de formalizaci\u00f3n de la matr\u00edcula<\/td>\n<td style=\"height: 21px; text-align: center;\">14 de junio al 2 de julio<\/td>\n<\/tr>\n<tr style=\"height: 21px;\">\n<td style=\"height: 21px; text-align: left;\">Matr\u00edcula para cubrir plazas vacantes por renuncia o excedentes<\/td>\n<td style=\"height: 21px; text-align: center;\">3 de julio<\/td>\n<\/tr>\n<\/tbody>\n<\/table>\n<h3><\/h3>\n<h3>CRITERIOS DE BAREMACI\u00d3N:<\/h3>\n<p><span style=\"color: #333399;\"><strong>1.<\/strong> <\/span>Existencia de <strong>hermanos<\/strong> o hermanas matriculados en el centro:<span style=\"color: #008080;\"> <strong>15 puntos<\/strong><\/span><\/p>\n<p><span style=\"color: #333399;\"><strong>2.<\/strong> <\/span>Padre, madre o tutores legales <strong>trabajadores del centro<\/strong> docente: <span style=\"color: #008080;\"><strong>5 puntos<\/strong><\/span><\/p>\n<p><strong><span style=\"color: #333399;\">3. <\/span>Proximidad del domicilio <\/strong>o del<strong> puesto de trabajo<\/strong> de alguno de sus padres, madres o tutores legales.<br \/>\nAlumnado con domicilio que se encuentre en el \u00e1rea de influencia del centro:<span style=\"color: #008080;\"><strong>10 puntos<\/strong>.<\/span><br \/>\nAlumnado con domicilio que se encuentre en las \u00e1reas lim\u00edtrofes a la zona de influencia del centro: <span style=\"color: #008080;\"><strong>5 puntos<\/strong>.<\/span><\/p>\n<p>El domicilio familiar se acreditar\u00e1 mediante el DNI y un recibo reciente de agua, luz, tel\u00e9fono o contrato de alquiler (acreditando el dep\u00f3sito de la fianza en la conseller\u00eda mediante los modelos 805 o 806).<\/p>\n<p>El lugar de trabajo se justificar\u00e1 mediante certificado emitido por la empresa en el que acredite la relaci\u00f3n laboral y domicilio del centro de trabajo. Los trabajadores por cuenta propia lo har\u00e1n mediante la declaraci\u00f3n censal de alta en el censo de empresarios (modelo 036 o 037).<\/p>\n<p><strong><span style=\"color: #333399;\">4. <\/span>Renta<\/strong> per capita de la unidad familiar a\u00f1o 2016: <span style=\"color: #008080;\"><strong>2 puntos<\/strong><\/span> a las rentas familiares iguales o inferiores a dos veces el indicador p\u00fablico de renta a efectos m\u00faltiples (IPREM).<\/p>\n<p>Se considera unidad familiar los c\u00f3nyuges y los hijos\/as menores de 18 a\u00f1os, as\u00ed como los mayores de esta edad y menores de 26 a\u00f1os que convivan en el domicilio familiar y no perciban ning\u00fan tipo de ingresos.<\/p>\n<p style=\"text-align: justify;\">La Ley 6\/2017 de 24 de Marzo de la Generalitat ha derogado la Ley 6\/2009 de 30 de Junio de la Generalitat de protecci\u00f3n a la maternidad. En consecuencia, <strong>los hijos no nacidos NO\u00a0se computar\u00e1n como miembros de la unidad familiar<\/strong> al efecto de valorar el criterio de renta, familia numerosa o familia monoparental.<\/p>\n<p>En el caso de separaci\u00f3n o divorcio de los padres, no se considerar\u00e1n los ingresos del que no viva en el mismo domicilio del alumno\/a. Se considerar\u00e1 miembro de la unidad familiar el c\u00f3nyugue del padre o madre \u00a0que conviva en el mismo domicilio del alumno\/a . En caso de \u00a0custodia compartida se consederar\u00e1n miembros de la unidad familiar los que convivan en el domicilio de empadronamiento del alumno\/a.<\/p>\n<p><span style=\"color: #333399;\"><strong>5.<\/strong> <\/span>Condici\u00f3n legal de<strong> familia numerosa<\/strong>.<br \/>\nNumerosa <strong>general: <span style=\"color: #008080;\">3 puntos<\/span><\/strong><br \/>\nDe categor\u00eda <strong>especial:<\/strong> <span style=\"color: #008080;\"><strong>5 puntos<\/strong><\/span><\/p>\n<p><span style=\"color: #333399;\"><strong>6.<\/strong> <\/span>Concurrencia de <strong>discapacitado<\/strong> en el alumnado, en sus padres o hermanos y hermanas.<br \/>\nCuando exista discapacitado en el alumno\/a, entre el 33% y el 65%: <strong><span style=\"color: #008080;\">4 puntos. <\/span><\/strong><span style=\"color: #008080;\"><span style=\"color: #000000;\">Si es<\/span><\/span><strong><span style=\"color: #008080;\">\u00a0<\/span><\/strong>superior al 65%: <strong><span style=\"color: #008080;\">7 puntos<\/span><\/strong><br \/>\nEn el caso de padres y hermanos, cuando exista discapacitado de entre un 33% a un 64%: <strong><span style=\"color: #008080;\">3 puntos<\/span><\/strong>. Si supera el 65%: <strong><span style=\"color: #008080;\">5 puntos<\/span><\/strong>.<\/p>\n<p><span style=\"color: #333399;\"><strong>7.<\/strong> <\/span>La condici\u00f3n de <strong>familia monoparental general<\/strong> se valorar\u00e1 con <span style=\"color: #008080;\"><strong>3 puntos<\/strong><\/span>. Las de categor\u00eda <strong>especial<\/strong>, con <span style=\"color: #008080;\"><strong>5 puntos<\/strong><\/span>.\u00a0Se acreditar\u00e1 aportando el t\u00edtulo de familia monoparental.<\/p>\n<p>&nbsp;<\/p>\n<h3>DESEMPATES:<\/h3>\n<p>Una vez realizada la baremaci\u00f3n de todas las solicitudes, en caso de producirse empate entre varias solicitudes, seg\u00fan la Conseller\u00eda de Educaci\u00f3n, y tras haberse realizado un sorteo, el desempate se realizar\u00e1 por orden alfab\u00e9tico del primer apellido desde la <strong>letra U<\/strong>.<\/p>\n<h3>ACLARACIONES:<\/h3>\n<ul>\n<li><span style=\"color: #ff0000;\">Los <strong>sobres<\/strong> para solicitar la admisi\u00f3n\u00a0estar\u00e1n disponibles en la secretar\u00eda de la C\/Madrid, n\u00ba 7 unos d\u00edas antes del comienzo del periodo de presentaci\u00f3n de solicitudes\u00a0\u00a0<strong>(Se avisar\u00e1 cuando est\u00e9n disponibles)<\/strong><\/span><\/li>\n<li>\u00c1rea de influencia (10 puntos): Moncada<\/li>\n<li>\u00c1reas lim\u00edtrofes (5 puntos): Alfara del Patriarca, Massarrojos, Foios, Albalat, Museros, N\u00e1quera, B\u00e9tera, Benifaraig, Distrito 17 de Valencia. (<a href=\"http:\/\/www.moncada.es\/opencms\/portal\/downloads\/Educacion\/Comisixn_Municipal_de_escolarizacixn_de_Moncada-xreas_de_Influxncia..pdf\" target=\"_blank\" rel=\"noopener noreferrer\">Ver mapa<\/a>)<\/li>\n<\/ul>\n<h3>DOCUMENTACI\u00d3N OFICIAL RELACIONADA:<\/h3>\n<p style=\"text-align: justify;\"><a href=\"http:\/\/www.ceice.gva.es\/documents\/161634279\/165479884\/sorteo_letra_val.pdf\/e9c4c9ea-2d56-4d6c-bad9-4803213b43a3\" target=\"_blank\" rel=\"noopener\"><span style=\"color: #008080;\"><em>Resultat del sorteig p\u00fablic de la lletra de prioritat per a resoldre els empats en el procediment d&#8217;admissi\u00f3 de l&#8217;alumnat d&#8217;educaci\u00f3 infantil, educaci\u00f3 prim\u00e0ria, educaci\u00f3 secund\u00e0ria obligat\u00f2ria i batchillerat per al curs 2018\/2019.<\/em><\/span><\/a><\/p>\n<p style=\"text-align: justify;\"><span style=\"color: #008080;\"><em><a style=\"color: #008080;\" href=\"https:\/\/www.dogv.gva.es\/datos\/2018\/03\/28\/pdf\/2018_3153.pdf\" target=\"_blank\" rel=\"noopener\">RESOLUCI\u00d3N de 26 de marzo de 2018, del director territorial de Educaci\u00f3n, Investigaci\u00f3n, Cultura y Deporte de Valencia, por la que se establecen el calendario y el procedimiento de admisi\u00f3n del alumnado a las ense\u00f1anzas de Educaci\u00f3n Infantil, Primaria, Educaci\u00f3n Secundaria Obligatoria y Bachillerato en centros p\u00fablicos y centros privados concertados, no universitarios, para el curso 2018-2019, en el \u00e1mbito competencial de la provincia de Valencia. [2018\/3153]<\/a><\/em><\/span><\/p>\n<p style=\"text-align: justify;\"><em><span style=\"color: #008080;\"><a style=\"color: #008080;\" href=\"http:\/\/www.dogv.gva.es\/datos\/2016\/04\/21\/pdf\/2016_2652.pdf\">ORDEN 7\/2016, de 19 de abril, de la Conselleria de Educaci\u00f3n, Investigaci\u00f3n, Cultura y Deporte, por la que se regula el procedimiento de admisi\u00f3n del alumnado en los centros docentes sostenidos con fondos p\u00fablicos de la Comunitat Valenciana que imparten ense\u00f1anzas de Educaci\u00f3n Infantil, Educaci\u00f3n Primaria, Educaci\u00f3n Secundaria Obligatoria y Bachillerato. [2016\/2652]<\/a><\/span><\/em><\/p>\n<p style=\"text-align: justify;\"><em><span style=\"color: #008080;\"><a style=\"color: #008080;\" href=\"http:\/\/www.dogv.gva.es\/datos\/2016\/06\/02\/pdf\/2016_3982.pdf\" target=\"_blank\" rel=\"noopener\">CORRECCI\u00d3N de errores de la Orden 7\/2016, de 19 de\u00a0abril, de la Conselleria de Educaci\u00f3n, Investigaci\u00f3n, Cultura\u00a0y Deporte, por la que se regula el procedimiento de\u00a0admisi\u00f3n del alumnado en los centros docentes sostenidos\u00a0con fondos p\u00fablicos de la Comunitat Valenciana que\u00a0imparten ense\u00f1anzas de Educaci\u00f3n Infantil, Educaci\u00f3n\u00a0Primaria, Educaci\u00f3n Secundaria Obligatoria y Bachillerato.\u00a0[2016\/3982]<\/a><\/span><\/em><\/p>\n<p style=\"text-align: justify;\"><em><span style=\"color: #008080;\"><a style=\"color: #008080;\" href=\"http:\/\/www.dogv.gva.es\/datos\/2016\/04\/18\/pdf\/2016_2552.pdf\">DECRETO 40\/2016, de 15 de abril, del Consell, por el que se regula la admisi\u00f3n en los centros docentes p\u00fablicos y privados concertados que imparten ense\u00f1anzas de Educaci\u00f3n Infantil, Educaci\u00f3n Primaria, Educaci\u00f3n Secundaria Obligatoria y Bachillerato. [2016\/2552]<\/a><\/span><\/em><\/p>\n<p><a href=\"https:\/\/colegio.sanjaimemoncada.es\/wp-content\/uploads\/2018\/03\/ideario.pdf\" target=\"_blank\" rel=\"noopener\"><span style=\"color: #008080;\"><em>Ideario del centro<\/em><\/span><\/a><\/p>\n","protected":false},"excerpt":{"rendered":"<p>CALENDARIO DE ADMISI\u00d3N: Infantil y Primaria Jornada de puertas abiertas 2 de mayo &#8211; 18:00 Presentaci\u00f3n de solicitudes 17 al 24 de mayo Baremaci\u00f3n solicitudes 17 al 30 de mayo Elaboraci\u00f3n y publicaci\u00f3n listas provisionales 4 de junio Reclamaciones ante la titularidad del Centro 4 al 6 de junio Publicaci\u00f3n en los centros de las [&hellip;]<\/p>\n","protected":false},"author":7,"featured_media":0,"parent":0,"menu_order":0,"comment_status":"closed","ping_status":"closed","template":"","meta":{"_monsterinsights_skip_tracking":false,"_monsterinsights_sitenote_active":false,"_monsterinsights_sitenote_note":"","_monsterinsights_sitenote_category":0,"footnotes":""},"class_list":["post-9389","page","type-page","status-publish","hentry"],"yoast_head":"<!-- This site is optimized with the Yoast SEO plugin v26.2 - https:\/\/yoast.com\/wordpress\/plugins\/seo\/ -->\n<title>Admisi\u00f3n Infantil\/Primaria - C. Parroquial San Jaime Ap\u00f3stol<\/title>\n<meta name=\"robots\" content=\"index, follow, max-snippet:-1, max-image-preview:large, max-video-preview:-1\" \/>\n<link rel=\"canonical\" href=\"https:\/\/colegio.sanjaimemoncada.es\/en\/admision-infantilprimaria\/\" \/>\n<meta property=\"og:locale\" content=\"en_US\" \/>\n<meta property=\"og:type\" content=\"article\" \/>\n<meta property=\"og:title\" content=\"Admisi\u00f3n Infantil\/Primaria - C. Parroquial San Jaime Ap\u00f3stol\" \/>\n<meta property=\"og:description\" content=\"CALENDARIO DE ADMISI\u00d3N: Infantil y Primaria Jornada de puertas abiertas 2 de mayo &#8211; 18:00 Presentaci\u00f3n de solicitudes 17 al 24 de mayo Baremaci\u00f3n solicitudes 17 al 30 de mayo Elaboraci\u00f3n y publicaci\u00f3n listas provisionales 4 de junio Reclamaciones ante la titularidad del Centro 4 al 6 de junio Publicaci\u00f3n en los centros de las [&hellip;]\" \/>\n<meta property=\"og:url\" content=\"https:\/\/colegio.sanjaimemoncada.es\/en\/admision-infantilprimaria\/\" \/>\n<meta property=\"og:site_name\" content=\"C. Parroquial San Jaime Ap\u00f3stol\" \/>\n<meta name=\"twitter:card\" content=\"summary_large_image\" \/>\n<meta name=\"twitter:label1\" content=\"Est. reading time\" \/>\n\t<meta name=\"twitter:data1\" content=\"5 minutes\" \/>\n<script type=\"application\/ld+json\" class=\"yoast-schema-graph\">{\"@context\":\"https:\/\/schema.org\",\"@graph\":[{\"@type\":\"WebPage\",\"@id\":\"https:\/\/colegio.sanjaimemoncada.es\/en\/admision-infantilprimaria\/\",\"url\":\"https:\/\/colegio.sanjaimemoncada.es\/en\/admision-infantilprimaria\/\",\"name\":\"Admisi\u00f3n Infantil\/Primaria - C. Parroquial San Jaime Ap\u00f3stol\",\"isPartOf\":{\"@id\":\"https:\/\/colegio.sanjaimemoncada.es\/#website\"},\"datePublished\":\"2017-05-10T08:11:06+00:00\",\"breadcrumb\":{\"@id\":\"https:\/\/colegio.sanjaimemoncada.es\/en\/admision-infantilprimaria\/#breadcrumb\"},\"inLanguage\":\"en-US\",\"potentialAction\":[{\"@type\":\"ReadAction\",\"target\":[\"https:\/\/colegio.sanjaimemoncada.es\/en\/admision-infantilprimaria\/\"]}]},{\"@type\":\"BreadcrumbList\",\"@id\":\"https:\/\/colegio.sanjaimemoncada.es\/en\/admision-infantilprimaria\/#breadcrumb\",\"itemListElement\":[{\"@type\":\"ListItem\",\"position\":1,\"name\":\"Portada\",\"item\":\"https:\/\/colegio.sanjaimemoncada.es\/\"},{\"@type\":\"ListItem\",\"position\":2,\"name\":\"Admisi\u00f3n Infantil\/Primaria\"}]},{\"@type\":\"WebSite\",\"@id\":\"https:\/\/colegio.sanjaimemoncada.es\/#website\",\"url\":\"https:\/\/colegio.sanjaimemoncada.es\/\",\"name\":\"C. Parroquial San Jaime Ap\u00f3stol\",\"description\":\"\",\"potentialAction\":[{\"@type\":\"SearchAction\",\"target\":{\"@type\":\"EntryPoint\",\"urlTemplate\":\"https:\/\/colegio.sanjaimemoncada.es\/?s={search_term_string}\"},\"query-input\":{\"@type\":\"PropertyValueSpecification\",\"valueRequired\":true,\"valueName\":\"search_term_string\"}}],\"inLanguage\":\"en-US\"}]}<\/script>\n<!-- \/ Yoast SEO plugin. -->","yoast_head_json":{"title":"Admisi\u00f3n Infantil\/Primaria - C. Parroquial San Jaime Ap\u00f3stol","robots":{"index":"index","follow":"follow","max-snippet":"max-snippet:-1","max-image-preview":"max-image-preview:large","max-video-preview":"max-video-preview:-1"},"canonical":"https:\/\/colegio.sanjaimemoncada.es\/en\/admision-infantilprimaria\/","og_locale":"en_US","og_type":"article","og_title":"Admisi\u00f3n Infantil\/Primaria - C. Parroquial San Jaime Ap\u00f3stol","og_description":"CALENDARIO DE ADMISI\u00d3N: Infantil y Primaria Jornada de puertas abiertas 2 de mayo &#8211; 18:00 Presentaci\u00f3n de solicitudes 17 al 24 de mayo Baremaci\u00f3n solicitudes 17 al 30 de mayo Elaboraci\u00f3n y publicaci\u00f3n listas provisionales 4 de junio Reclamaciones ante la titularidad del Centro 4 al 6 de junio Publicaci\u00f3n en los centros de las [&hellip;]","og_url":"https:\/\/colegio.sanjaimemoncada.es\/en\/admision-infantilprimaria\/","og_site_name":"C. Parroquial San Jaime Ap\u00f3stol","twitter_card":"summary_large_image","twitter_misc":{"Est. reading time":"5 minutes"},"schema":{"@context":"https:\/\/schema.org","@graph":[{"@type":"WebPage","@id":"https:\/\/colegio.sanjaimemoncada.es\/en\/admision-infantilprimaria\/","url":"https:\/\/colegio.sanjaimemoncada.es\/en\/admision-infantilprimaria\/","name":"Admisi\u00f3n Infantil\/Primaria - C. Parroquial San Jaime Ap\u00f3stol","isPartOf":{"@id":"https:\/\/colegio.sanjaimemoncada.es\/#website"},"datePublished":"2017-05-10T08:11:06+00:00","breadcrumb":{"@id":"https:\/\/colegio.sanjaimemoncada.es\/en\/admision-infantilprimaria\/#breadcrumb"},"inLanguage":"en-US","potentialAction":[{"@type":"ReadAction","target":["https:\/\/colegio.sanjaimemoncada.es\/en\/admision-infantilprimaria\/"]}]},{"@type":"BreadcrumbList","@id":"https:\/\/colegio.sanjaimemoncada.es\/en\/admision-infantilprimaria\/#breadcrumb","itemListElement":[{"@type":"ListItem","position":1,"name":"Portada","item":"https:\/\/colegio.sanjaimemoncada.es\/"},{"@type":"ListItem","position":2,"name":"Admisi\u00f3n Infantil\/Primaria"}]},{"@type":"WebSite","@id":"https:\/\/colegio.sanjaimemoncada.es\/#website","url":"https:\/\/colegio.sanjaimemoncada.es\/","name":"C. Parroquial San Jaime Ap\u00f3stol","description":"","potentialAction":[{"@type":"SearchAction","target":{"@type":"EntryPoint","urlTemplate":"https:\/\/colegio.sanjaimemoncada.es\/?s={search_term_string}"},"query-input":{"@type":"PropertyValueSpecification","valueRequired":true,"valueName":"search_term_string"}}],"inLanguage":"en-US"}]}},"_links":{"self":[{"href":"https:\/\/colegio.sanjaimemoncada.es\/en\/wp-json\/wp\/v2\/pages\/9389","targetHints":{"allow":["GET"]}}],"collection":[{"href":"https:\/\/colegio.sanjaimemoncada.es\/en\/wp-json\/wp\/v2\/pages"}],"about":[{"href":"https:\/\/colegio.sanjaimemoncada.es\/en\/wp-json\/wp\/v2\/types\/page"}],"author":[{"embeddable":true,"href":"https:\/\/colegio.sanjaimemoncada.es\/en\/wp-json\/wp\/v2\/users\/7"}],"replies":[{"embeddable":true,"href":"https:\/\/colegio.sanjaimemoncada.es\/en\/wp-json\/wp\/v2\/comments?post=9389"}],"version-history":[{"count":0,"href":"https:\/\/colegio.sanjaimemoncada.es\/en\/wp-json\/wp\/v2\/pages\/9389\/revisions"}],"wp:attachment":[{"href":"https:\/\/colegio.sanjaimemoncada.es\/en\/wp-json\/wp\/v2\/media?parent=9389"}],"curies":[{"name":"wp","href":"https:\/\/api.w.org\/{rel}","templated":true}]}}