{"id":9377,"date":"2017-05-10T10:18:20","date_gmt":"2017-05-10T08:18:20","guid":{"rendered":"https:\/\/colegio.sanjaimemoncada.es\/admision-ciclos-formativos\/"},"modified":"2019-02-10T19:14:25","modified_gmt":"2019-02-10T18:14:25","slug":"admision-ciclos-formativos","status":"publish","type":"page","link":"https:\/\/colegio.sanjaimemoncada.es\/en\/admision-ciclos-formativos\/","title":{"rendered":"Admission Vocational Training"},"content":{"rendered":"<p><span style=\"font-weight: 400;\">Access Tests to Vocational Training 2018\/2019: <\/span><a href=\"https:\/\/colegio.sanjaimemoncada.es\/pruebas-acceso-ciclos-formativos\/\" target=\"_blank\" rel=\"noopener\"><strong><span style=\"color: #008080;\">link<\/span><\/strong><\/a><\/p>\n<h3><strong> ADMISSION CALENDAR<\/strong>:<\/h3>\n<table style=\"width: 711.358px;\">\n<tbody>\n<tr style=\"height: 21px;\">\n<td style=\"height: 21px; text-align: center; width: 415px;\"><\/td>\n<td style=\"height: 21px; text-align: center; width: 306.358px;\"><strong>Vocational Training<\/strong><\/td>\n<\/tr>\n<tr style=\"height: 21px;\">\n<td style=\"height: 21px; text-align: left; width: 415px;\"><strong>Open Day<\/strong><\/td>\n<td style=\"height: 21px; text-align: center; width: 306.358px;\">April 24th 10:00 to 18:00<\/td>\n<\/tr>\n<tr style=\"height: 21px;\">\n<td style=\"height: 21px; text-align: left; width: 415px;\"><strong>Submission of applications<\/strong><\/td>\n<td style=\"height: 21px; text-align: center; width: 306.358px;\">From the 18th to the 31st of May<\/td>\n<\/tr>\n<tr style=\"height: 21.5104px;\">\n<td style=\"height: 21.5104px; text-align: left; width: 415px;\">\n<p dir=\"ltr\"><strong>Presentation of the academic requirement<\/strong><\/p>\n<\/td>\n<td style=\"height: 21.5104px; text-align: center; width: 306.358px;\">Applicants who meet the academic requirements in June: from June 20th to 27th<\/p>\n<p>Other applicants: until July 9th at 1:00 p.m.<\/td>\n<\/tr>\n<tr style=\"height: 21px;\">\n<td style=\"height: 21px; text-align: left; width: 415px;\"><strong>Preparation and publication of provisional lists<\/strong><\/td>\n<td style=\"height: 21px; text-align: center; width: 306.358px;\">July 10th<\/td>\n<\/tr>\n<tr style=\"height: 21px;\">\n<td style=\"height: 21px; text-align: left; width: 415px;\"><strong>Claims to the School<\/strong><\/td>\n<td style=\"height: 21px; text-align: center; width: 306.358px;\">From July 10th to 12th<\/td>\n<\/tr>\n<tr style=\"height: 21px;\">\n<td style=\"height: 21px; text-align: left; width: 415px;\"><strong>Publication of the final lists in schools<\/strong><\/td>\n<td style=\"height: 21px; text-align: center; width: 306.358px;\">July 17th<\/td>\n<\/tr>\n<tr style=\"height: 21px;\">\n<td style=\"height: 21px; text-align: left; width: 415px;\"><strong>Allegations:<\/strong><\/td>\n<td style=\"height: 21px; text-align: center; width: 306.358px;\"><\/td>\n<\/tr>\n<tr style=\"height: 21px;\">\n<td style=\"height: 21px; text-align: left; width: 415px;\">\n<ul style=\"list-style-type: disc;\">\n<li>Telematic submission of allegations before the Sectoral Commission<\/li>\n<\/ul>\n<\/td>\n<td style=\"height: 21px; text-align: center; width: 306.358px;\">From July 17th to 19th<\/td>\n<\/tr>\n<tr style=\"height: 21px;\">\n<td style=\"height: 21px; text-align: left; width: 415px;\">\n<ul style=\"list-style-type: disc;\">\n<li>Resolution of allegations by the Sectoral Commission<\/li>\n<\/ul>\n<\/td>\n<td style=\"height: 21px; text-align: center; width: 306.358px;\">Until July 27th<\/td>\n<\/tr>\n<tr style=\"height: 21px;\">\n<td style=\"height: 21px; text-align: left; width: 415px;\">\n<ul style=\"list-style-type: disc;\">\n<li>Claims to Territorial Management<\/li>\n<\/ul>\n<\/td>\n<td style=\"height: 21px; text-align: center; width: 306.358px;\">From July 17th to 19th<\/td>\n<\/tr>\n<tr style=\"height: 21px;\">\n<td style=\"height: 21px; text-align: left; width: 415px;\">\n<ul style=\"list-style-type: disc;\">\n<li>Resolution of claims in Territorial Management<\/li>\n<\/ul>\n<\/td>\n<td style=\"height: 21px; text-align: center; width: 306.358px;\">Until July 27th<\/td>\n<\/tr>\n<tr style=\"height: 21px;\">\n<td style=\"height: 21px; text-align: left; width: 415px;\"><strong>Enrolment<\/strong><\/td>\n<td style=\"height: 21px; text-align: center; width: 306.358px;\">From July 18th to 27th<\/td>\n<\/tr>\n<tr style=\"height: 21px;\">\n<td style=\"height: 21px; text-align: left; width: 415px;\"><strong>Assignment of enrolment vacancies:<\/strong><\/td>\n<td style=\"height: 21px; text-align: center; width: 306.358px;\"><\/td>\n<\/tr>\n<tr style=\"height: 21px;\">\n<td style=\"height: 21px; text-align: left; width: 415px;\">\n<ul style=\"list-style-type: disc;\">\n<li>Phase 1 (only for those who have participated in the admission process)<\/li>\n<\/ul>\n<\/td>\n<td style=\"height: 21px; text-align: center; width: 306.358px;\">From September 11th to 21st<\/td>\n<\/tr>\n<tr style=\"height: 21px;\">\n<td style=\"height: 21px; text-align: left; width: 415px;\">\n<ul style=\"list-style-type: disc;\">\n<li>Phase 2 (for any interested party who meets the access requirements even if they have not participated in the admission process)<\/li>\n<\/ul>\n<\/td>\n<td style=\"height: 21px; text-align: center; width: 306.358px;\">From September 25th to October 8th<\/td>\n<\/tr>\n<\/tbody>\n<\/table>\n<h3><span style=\"font-weight: 400;\">INSTRUCTIONS TO MAKE THE APPLICATION:<\/span><\/h3>\n<p><span style=\"font-weight: 400;\">During the deadline for submitting applications (From May 18 to 31) a platform will be enabled on the <a href=\"http:\/\/www.ceice.gva.es\/va\/\">website of \u201cConseller\u00eda de Educaci\u00f3n\u201d<\/a> to make the request. Once this is done, you must present it in the same timeframe in the Secretariat (C \/ Madrid, 7 de Moncada).<\/span><\/p>\n<h3><\/h3>\n<p><strong>ACADEMIC REQUIREMENTS MIDDLE GRADE VOCATIONAL TRAINING:<\/strong><\/p>\n<p style=\"text-align: justify;\"><strong>Direct access<\/strong>:<\/p>\n<p>&nbsp;<\/p>\n<ul>\n<li style=\"font-weight: 400;\"><span style=\"font-weight: 400;\">To be in possession of the title of Graduate in Compulsory Secondary Education or be in possession of the Basic Professional Degree.<\/span><\/li>\n<\/ul>\n<ul>\n<li style=\"font-weight: 400;\"><span style=\"font-weight: 400;\">To have the title of Assistant Technician<\/span><\/li>\n<\/ul>\n<ul>\n<li style=\"font-weight: 400;\"><span style=\"font-weight: 400;\">To have the title of Technician.<\/span><\/li>\n<\/ul>\n<ul>\n<li style=\"font-weight: 400;\"><span style=\"font-weight: 400;\">Having passed the second year of the Unified and Multipurpose \u201cBachiller\u201d or accrediting a number of two outstanding subjects in the first two courses.<\/span><\/li>\n<\/ul>\n<ul>\n<li style=\"font-weight: 400;\"><span style=\"font-weight: 400;\">To have passed the second course of the first experimental cycle of the Reform of the Middle Teachings.<\/span><\/li>\n<\/ul>\n<ul>\n<li style=\"font-weight: 400;\"><span style=\"font-weight: 400;\">To have passed the third course of the Study Plan of 1963, or second experimental common course of the teachings of Applied Arts and Artistic Trades.<\/span><\/li>\n<\/ul>\n<ul>\n<li style=\"font-weight: 400;\"><span style=\"font-weight: 400;\">Having passed the \u201cBachiller\u201d.<\/span><\/li>\n<\/ul>\n<ul>\n<li style=\"font-weight: 400;\"><span style=\"font-weight: 400;\">To have the title of Senior Technician or Specialist Technician.<\/span><\/li>\n<\/ul>\n<ul>\n<li style=\"font-weight: 400;\"><span style=\"font-weight: 400;\">To have a university degree or equivalent.<\/span><\/li>\n<\/ul>\n<ul>\n<li style=\"font-weight: 400;\"><span style=\"font-weight: 400;\">To have any of the equivalent qualifications for access to higher education vocational training cycles.<\/span><\/li>\n<\/ul>\n<p>&nbsp;<\/p>\n<p><strong>Access through an initial professional qualification program:<\/strong><\/p>\n<ul style=\"list-style-type: disc; text-align: justify;\">\n<li><span style=\"font-weight: 400;\">It will be possible to access the middle cycles of Vocational Training without meeting the requirement mentioned in section 1.1 for students who have passed the first level of an initial professional qualification program.<\/span><\/li>\n<\/ul>\n<p style=\"text-align: justify;\"><strong>Access by course or test (it will be required to be at least seventeen years old, completed in the year of passing the course and taking the test, respectively):<\/strong><\/p>\n<ul style=\"list-style-type: disc; text-align: justify;\">\n<li style=\"font-weight: 400;\"><span style=\"font-weight: 400;\">Have passed the specific training course for direct access to medium grade cycles.<\/span><\/li>\n<li style=\"font-weight: 400;\"><span style=\"font-weight: 400;\">To have passed the entrance <a href=\"https:\/\/colegio.sanjaimemoncada.es\/pruebas-acceso-ciclos-formativos\/\">exam to the intermediate level vocational training<\/a> cycles in any call.<\/span><\/li>\n<\/ul>\n<p><strong>They will be exempt from the test:<\/strong><\/p>\n<p>&nbsp;<\/p>\n<ul>\n<li style=\"font-weight: 400;\"><span style=\"font-weight: 400;\">Those who have passed the specific training course of direct access to medium grade cycles.<\/span><\/li>\n<\/ul>\n<ul>\n<li style=\"font-weight: 400;\"><span style=\"font-weight: 400;\">Those who have passed the entrance exam to the university for over 25 years.<\/span><\/li>\n<\/ul>\n<ul>\n<li style=\"font-weight: 400;\"><span style=\"font-weight: 400;\">Those who have passed the entrance exam to Higher Vocational Training in any of the options.<\/span><\/li>\n<\/ul>\n<ul>\n<li style=\"font-weight: 400;\"><span style=\"font-weight: 400;\">Those who have passed the first level of an initial professional qualification program.<\/span><\/li>\n<\/ul>\n<p>&nbsp;<\/p>\n<h3><\/h3>\n<h3><strong>ACADEMIC REQUIREMENTS HIGHER GRADE VOCATIONAL TRAINING:<\/strong><\/h3>\n<p><strong>Direct access:<\/strong><\/p>\n<p>&nbsp;<\/p>\n<ul>\n<li style=\"font-weight: 400;\"><span style=\"font-weight: 400;\">Be in possession of the \u201cBachiller\u201d degree or the Professional Training Technician title<\/span><\/li>\n<\/ul>\n<ul>\n<li style=\"font-weight: 400;\"><span style=\"font-weight: 400;\">Having passed the second course of any type of Experimental \u201cBachiller\u201d.<\/span><\/li>\n<\/ul>\n<ul>\n<li style=\"font-weight: 400;\"><span style=\"font-weight: 400;\">Have passed the college or pre-university orientation course<\/span><\/li>\n<\/ul>\n<ul>\n<li style=\"font-weight: 400;\"><span style=\"font-weight: 400;\">Possess the title of Specialist Technician, Higher Technician or equivalent for academic purposes.<\/span><\/li>\n<\/ul>\n<ul>\n<li style=\"font-weight: 400;\"><span style=\"font-weight: 400;\">Possess a university degree or equivalent.<\/span><\/li>\n<\/ul>\n<p>&nbsp;<\/p>\n<p><span style=\"font-weight: 400;\"><a href=\"https:\/\/colegio.sanjaimemoncada.es\/pruebas-acceso-ciclos-formativos\/\">Access through test and other access routes:<\/a><\/span><\/p>\n<p>&nbsp;<\/p>\n<ul>\n<li style=\"font-weight: 400;\"><span style=\"font-weight: 400;\">To have passed the entrance exam to the higher education training cycles in any call. To access through this route will be required to be 19 years old in the natural year of the test.<\/span><\/li>\n<\/ul>\n<ul>\n<li style=\"font-weight: 400;\"><span style=\"font-weight: 400;\">They will be exempt from the test: Those who have passed the entrance exam to the university for over 25 years.<\/span><\/li>\n<\/ul>\n<ul>\n<li style=\"font-weight: 400;\"><span style=\"font-weight: 400;\">They will also be able to have access to the quota offered by access test and other access routes for those applicants who, being in possession of the Vocational Training Technician title, have passed the entrance exam or choose to complete it and pass it. In that case it will be required be 18 years old in the year of the test.<\/span><\/li>\n<\/ul>\n<p>&nbsp;<\/p>\n<p style=\"text-align: justify;\"><a href=\"https:\/\/www.dogv.gva.es\/datos\/2018\/04\/09\/pdf\/2018_3470.pdf\" target=\"_blank\" rel=\"noopener\">RESOLUCI\u00d3N de 29 de marzo de 2018, de la Secretar\u00eda\u00a0Auton\u00f3mica de Educaci\u00f3n e Investigaci\u00f3n, por la que se\u00a0establece el calendario y el procedimiento de admisi\u00f3n y\u00a0matr\u00edcula del alumnado en las ense\u00f1anzas de Formaci\u00f3n\u00a0Profesional B\u00e1sica, de grado medio y de grado superior,\u00a0en centros p\u00fablicos y centros privados con ciclos\u00a0 formativos\u00a0sostenidos con fondos p\u00fablicos no universitarios; en\u00a0los programas formativos de cualificaci\u00f3n b\u00e1sica financiados\u00a0con fondos p\u00fablicos y en los ciclos de Formaci\u00f3n\u00a0Profesional B\u00e1sica en institutos de Educaci\u00f3n Secundaria\u00a0y centros integrados p\u00fablicos de Formaci\u00f3n Profesional\u00a0de la Comunitat Valenciana, dirigidas a beneficiarios\u00a0del Plan de empleo juvenil para el curso 2018-2019.\u00a0[2018\/3470]<\/a><\/p>\n<p style=\"text-align: justify;\"><a href=\"http:\/\/www.dogv.gva.es\/datos\/2016\/06\/03\/pdf\/2016_4016.pdf\">ORDEN 18\/2016, de 1 de junio, de la Conselleria de Educaci\u00f3n, Investigaci\u00f3n, Cultura y Deporte, por la que se regula el acceso, la admisi\u00f3n y matr\u00edcula a ense\u00f1anzas de grado medio y de grado superior de Formaci\u00f3n Profesional en la Comunitat Valenciana [2016\/4016]<\/a><\/p>\n","protected":false},"excerpt":{"rendered":"<p>Access Tests to Vocational Training 2018\/2019: link ADMISSION CALENDAR: Vocational Training Open Day April 24th 10:00 to 18:00 Submission of applications From the 18th to the 31st of May Presentation of the academic requirement Applicants who meet the academic requirements in June: from June 20th to 27th Other applicants: until July 9th at 1:00 p.m. [&hellip;]<\/p>\n","protected":false},"author":7,"featured_media":9378,"parent":0,"menu_order":0,"comment_status":"closed","ping_status":"closed","template":"","meta":{"_monsterinsights_skip_tracking":false,"_monsterinsights_sitenote_active":false,"_monsterinsights_sitenote_note":"","_monsterinsights_sitenote_category":0,"footnotes":""},"class_list":["post-9377","page","type-page","status-publish","has-post-thumbnail","hentry"],"yoast_head":"<!-- This site is optimized with the Yoast SEO plugin v26.2 - https:\/\/yoast.com\/wordpress\/plugins\/seo\/ -->\n<title>Admission Vocational Training - C. Parroquial San Jaime Ap\u00f3stol<\/title>\n<meta name=\"robots\" content=\"index, follow, max-snippet:-1, max-image-preview:large, max-video-preview:-1\" \/>\n<link rel=\"canonical\" href=\"https:\/\/colegio.sanjaimemoncada.es\/admision-ciclos-formativos\/\" \/>\n<meta property=\"og:locale\" content=\"en_US\" \/>\n<meta property=\"og:type\" content=\"article\" \/>\n<meta property=\"og:title\" content=\"Admission Vocational Training - C. Parroquial San Jaime Ap\u00f3stol\" \/>\n<meta property=\"og:description\" content=\"Access Tests to Vocational Training 2018\/2019: link ADMISSION CALENDAR: Vocational Training Open Day April 24th 10:00 to 18:00 Submission of applications From the 18th to the 31st of May Presentation of the academic requirement Applicants who meet the academic requirements in June: from June 20th to 27th Other applicants: until July 9th at 1:00 p.m. [&hellip;]\" \/>\n<meta property=\"og:url\" content=\"https:\/\/colegio.sanjaimemoncada.es\/admision-ciclos-formativos\/\" \/>\n<meta property=\"og:site_name\" content=\"C. Parroquial San Jaime Ap\u00f3stol\" \/>\n<meta property=\"article:modified_time\" content=\"2019-02-10T18:14:25+00:00\" \/>\n<meta property=\"og:image\" content=\"https:\/\/colegio.sanjaimemoncada.es\/wp-content\/uploads\/2018\/03\/Cartel-Web-Admisi\u00f3n.png\" \/>\n\t<meta property=\"og:image:width\" content=\"1279\" \/>\n\t<meta property=\"og:image:height\" content=\"841\" \/>\n\t<meta property=\"og:image:type\" content=\"image\/png\" \/>\n<meta name=\"twitter:card\" content=\"summary_large_image\" \/>\n<meta name=\"twitter:label1\" content=\"Est. reading time\" \/>\n\t<meta name=\"twitter:data1\" content=\"4 minutes\" \/>\n<script type=\"application\/ld+json\" class=\"yoast-schema-graph\">{\"@context\":\"https:\/\/schema.org\",\"@graph\":[{\"@type\":\"WebPage\",\"@id\":\"https:\/\/colegio.sanjaimemoncada.es\/admision-ciclos-formativos\/\",\"url\":\"https:\/\/colegio.sanjaimemoncada.es\/admision-ciclos-formativos\/\",\"name\":\"Admission Vocational Training - C. Parroquial San Jaime Ap\u00f3stol\",\"isPartOf\":{\"@id\":\"https:\/\/colegio.sanjaimemoncada.es\/#website\"},\"primaryImageOfPage\":{\"@id\":\"https:\/\/colegio.sanjaimemoncada.es\/admision-ciclos-formativos\/#primaryimage\"},\"image\":{\"@id\":\"https:\/\/colegio.sanjaimemoncada.es\/admision-ciclos-formativos\/#primaryimage\"},\"thumbnailUrl\":\"https:\/\/colegio.sanjaimemoncada.es\/wp-content\/uploads\/2018\/03\/Cartel-Web-Admisi\u00f3n.png\",\"datePublished\":\"2017-05-10T08:18:20+00:00\",\"dateModified\":\"2019-02-10T18:14:25+00:00\",\"breadcrumb\":{\"@id\":\"https:\/\/colegio.sanjaimemoncada.es\/admision-ciclos-formativos\/#breadcrumb\"},\"inLanguage\":\"en-US\",\"potentialAction\":[{\"@type\":\"ReadAction\",\"target\":[\"https:\/\/colegio.sanjaimemoncada.es\/admision-ciclos-formativos\/\"]}]},{\"@type\":\"ImageObject\",\"inLanguage\":\"en-US\",\"@id\":\"https:\/\/colegio.sanjaimemoncada.es\/admision-ciclos-formativos\/#primaryimage\",\"url\":\"https:\/\/colegio.sanjaimemoncada.es\/wp-content\/uploads\/2018\/03\/Cartel-Web-Admisi\u00f3n.png\",\"contentUrl\":\"https:\/\/colegio.sanjaimemoncada.es\/wp-content\/uploads\/2018\/03\/Cartel-Web-Admisi\u00f3n.png\",\"width\":1279,\"height\":841},{\"@type\":\"BreadcrumbList\",\"@id\":\"https:\/\/colegio.sanjaimemoncada.es\/admision-ciclos-formativos\/#breadcrumb\",\"itemListElement\":[{\"@type\":\"ListItem\",\"position\":1,\"name\":\"Portada\",\"item\":\"https:\/\/colegio.sanjaimemoncada.es\/\"},{\"@type\":\"ListItem\",\"position\":2,\"name\":\"Admission Vocational Training\"}]},{\"@type\":\"WebSite\",\"@id\":\"https:\/\/colegio.sanjaimemoncada.es\/#website\",\"url\":\"https:\/\/colegio.sanjaimemoncada.es\/\",\"name\":\"C. Parroquial San Jaime Ap\u00f3stol\",\"description\":\"\",\"potentialAction\":[{\"@type\":\"SearchAction\",\"target\":{\"@type\":\"EntryPoint\",\"urlTemplate\":\"https:\/\/colegio.sanjaimemoncada.es\/?s={search_term_string}\"},\"query-input\":{\"@type\":\"PropertyValueSpecification\",\"valueRequired\":true,\"valueName\":\"search_term_string\"}}],\"inLanguage\":\"en-US\"}]}<\/script>\n<!-- \/ Yoast SEO plugin. -->","yoast_head_json":{"title":"Admission Vocational Training - C. Parroquial San Jaime Ap\u00f3stol","robots":{"index":"index","follow":"follow","max-snippet":"max-snippet:-1","max-image-preview":"max-image-preview:large","max-video-preview":"max-video-preview:-1"},"canonical":"https:\/\/colegio.sanjaimemoncada.es\/admision-ciclos-formativos\/","og_locale":"en_US","og_type":"article","og_title":"Admission Vocational Training - C. Parroquial San Jaime Ap\u00f3stol","og_description":"Access Tests to Vocational Training 2018\/2019: link ADMISSION CALENDAR: Vocational Training Open Day April 24th 10:00 to 18:00 Submission of applications From the 18th to the 31st of May Presentation of the academic requirement Applicants who meet the academic requirements in June: from June 20th to 27th Other applicants: until July 9th at 1:00 p.m. [&hellip;]","og_url":"https:\/\/colegio.sanjaimemoncada.es\/admision-ciclos-formativos\/","og_site_name":"C. Parroquial San Jaime Ap\u00f3stol","article_modified_time":"2019-02-10T18:14:25+00:00","og_image":[{"width":1279,"height":841,"url":"https:\/\/colegio.sanjaimemoncada.es\/wp-content\/uploads\/2018\/03\/Cartel-Web-Admisi\u00f3n.png","type":"image\/png"}],"twitter_card":"summary_large_image","twitter_misc":{"Est. reading time":"4 minutes"},"schema":{"@context":"https:\/\/schema.org","@graph":[{"@type":"WebPage","@id":"https:\/\/colegio.sanjaimemoncada.es\/admision-ciclos-formativos\/","url":"https:\/\/colegio.sanjaimemoncada.es\/admision-ciclos-formativos\/","name":"Admission Vocational Training - C. Parroquial San Jaime Ap\u00f3stol","isPartOf":{"@id":"https:\/\/colegio.sanjaimemoncada.es\/#website"},"primaryImageOfPage":{"@id":"https:\/\/colegio.sanjaimemoncada.es\/admision-ciclos-formativos\/#primaryimage"},"image":{"@id":"https:\/\/colegio.sanjaimemoncada.es\/admision-ciclos-formativos\/#primaryimage"},"thumbnailUrl":"https:\/\/colegio.sanjaimemoncada.es\/wp-content\/uploads\/2018\/03\/Cartel-Web-Admisi\u00f3n.png","datePublished":"2017-05-10T08:18:20+00:00","dateModified":"2019-02-10T18:14:25+00:00","breadcrumb":{"@id":"https:\/\/colegio.sanjaimemoncada.es\/admision-ciclos-formativos\/#breadcrumb"},"inLanguage":"en-US","potentialAction":[{"@type":"ReadAction","target":["https:\/\/colegio.sanjaimemoncada.es\/admision-ciclos-formativos\/"]}]},{"@type":"ImageObject","inLanguage":"en-US","@id":"https:\/\/colegio.sanjaimemoncada.es\/admision-ciclos-formativos\/#primaryimage","url":"https:\/\/colegio.sanjaimemoncada.es\/wp-content\/uploads\/2018\/03\/Cartel-Web-Admisi\u00f3n.png","contentUrl":"https:\/\/colegio.sanjaimemoncada.es\/wp-content\/uploads\/2018\/03\/Cartel-Web-Admisi\u00f3n.png","width":1279,"height":841},{"@type":"BreadcrumbList","@id":"https:\/\/colegio.sanjaimemoncada.es\/admision-ciclos-formativos\/#breadcrumb","itemListElement":[{"@type":"ListItem","position":1,"name":"Portada","item":"https:\/\/colegio.sanjaimemoncada.es\/"},{"@type":"ListItem","position":2,"name":"Admission Vocational Training"}]},{"@type":"WebSite","@id":"https:\/\/colegio.sanjaimemoncada.es\/#website","url":"https:\/\/colegio.sanjaimemoncada.es\/","name":"C. Parroquial San Jaime Ap\u00f3stol","description":"","potentialAction":[{"@type":"SearchAction","target":{"@type":"EntryPoint","urlTemplate":"https:\/\/colegio.sanjaimemoncada.es\/?s={search_term_string}"},"query-input":{"@type":"PropertyValueSpecification","valueRequired":true,"valueName":"search_term_string"}}],"inLanguage":"en-US"}]}},"_links":{"self":[{"href":"https:\/\/colegio.sanjaimemoncada.es\/en\/wp-json\/wp\/v2\/pages\/9377","targetHints":{"allow":["GET"]}}],"collection":[{"href":"https:\/\/colegio.sanjaimemoncada.es\/en\/wp-json\/wp\/v2\/pages"}],"about":[{"href":"https:\/\/colegio.sanjaimemoncada.es\/en\/wp-json\/wp\/v2\/types\/page"}],"author":[{"embeddable":true,"href":"https:\/\/colegio.sanjaimemoncada.es\/en\/wp-json\/wp\/v2\/users\/7"}],"replies":[{"embeddable":true,"href":"https:\/\/colegio.sanjaimemoncada.es\/en\/wp-json\/wp\/v2\/comments?post=9377"}],"version-history":[{"count":3,"href":"https:\/\/colegio.sanjaimemoncada.es\/en\/wp-json\/wp\/v2\/pages\/9377\/revisions"}],"predecessor-version":[{"id":12036,"href":"https:\/\/colegio.sanjaimemoncada.es\/en\/wp-json\/wp\/v2\/pages\/9377\/revisions\/12036"}],"wp:featuredmedia":[{"embeddable":true,"href":"https:\/\/colegio.sanjaimemoncada.es\/en\/wp-json\/wp\/v2\/media\/9378"}],"wp:attachment":[{"href":"https:\/\/colegio.sanjaimemoncada.es\/en\/wp-json\/wp\/v2\/media?parent=9377"}],"curies":[{"name":"wp","href":"https:\/\/api.w.org\/{rel}","templated":true}]}}