{"id":27536,"date":"2026-03-06T12:13:49","date_gmt":"2026-03-06T11:13:49","guid":{"rendered":"https:\/\/colegio.sanjaimemoncada.es\/jornadas-de-puertas-abiertas-2026-2027\/"},"modified":"2026-03-30T10:21:46","modified_gmt":"2026-03-30T08:21:46","slug":"jornadas-de-puertas-abiertas-2026-2027","status":"publish","type":"page","link":"https:\/\/colegio.sanjaimemoncada.es\/en\/jornadas-de-puertas-abiertas-2026-2027\/","title":{"rendered":"Jornadas de Puertas Abiertas 2026-2027"},"content":{"rendered":"<p><img loading=\"lazy\" decoding=\"async\" class=\"alignnone wp-image-27532 size-full\" src=\"https:\/\/colegio.sanjaimemoncada.es\/wp-content\/uploads\/2026\/03\/BANNER-JORNADAS-26-27.png\" alt=\"Jornadas puertas abiertas 2026-2027 San Jaime Moncada\" width=\"1080\" height=\"400\" srcset=\"https:\/\/colegio.sanjaimemoncada.es\/wp-content\/uploads\/2026\/03\/BANNER-JORNADAS-26-27.png 1080w, https:\/\/colegio.sanjaimemoncada.es\/wp-content\/uploads\/2026\/03\/BANNER-JORNADAS-26-27-300x111.png 300w, https:\/\/colegio.sanjaimemoncada.es\/wp-content\/uploads\/2026\/03\/BANNER-JORNADAS-26-27-1024x379.png 1024w, https:\/\/colegio.sanjaimemoncada.es\/wp-content\/uploads\/2026\/03\/BANNER-JORNADAS-26-27-768x284.png 768w\" sizes=\"auto, (max-width: 1080px) 100vw, 1080px\" \/><\/p>\n<h4><\/h4>\n<p>Queridas Familias:<\/p>\n<p>El Colegio Parroquial San Jaime Ap\u00f3stol de Moncada, celebra todos los a\u00f1os unas Jornada de Puertas Abiertas con el fin de que las familias pod\u00e1is conocer, de primera mano, nuestro Proyecto Educativo, las instalaciones y preguntar lo que necesit\u00e9is conocer de nuestro Colegio.<\/p>\n<p>Por ello, os invitamos a las\u00a0<b>Jornadas de Puertas Abiertas,<\/b>\u00a0que realizaremos \u00a0y donde podr\u00e9is conocer el Centro y realizar cualquier consulta.<\/p>\n<p>Os agradecemos vuestro inter\u00e9s por nosotros. Para tener una previsi\u00f3n de las familias interesadas en asistir, necesitamos que complet\u00e9is el formulario que encontrareis para cada una de las etapas del Colegio.<\/p>\n<p style=\"text-align: center;\"><a href=\"https:\/\/colegio.sanjaimemoncada.es\/jornadas-de-puertas-abiertas-infantil-y-primaria-26-27\" class=\"su-button su-button-style-default\" style=\"color:#FFFFFF;background-color:#017937;border-color:#01612c;border-radius:9px\" target=\"_blank\" rel=\"noopener noreferrer\"><span style=\"color:#FFFFFF;padding:0px 24px;font-size:18px;line-height:36px;border-color:#4ea273;border-radius:9px;text-shadow:none\"> Educaci\u00f3n Infantil y Primaria<\/span><\/a>\n<p style=\"text-align: center;\"><a href=\"https:\/\/colegio.sanjaimemoncada.es\/jornadas-de-puertas-abiertas-eso-bachillerato-26-27\/\" class=\"su-button su-button-style-default\" style=\"color:#FFFFFF;background-color:#017937;border-color:#01612c;border-radius:9px\" target=\"_blank\" rel=\"noopener noreferrer\"><span style=\"color:#FFFFFF;padding:0px 24px;font-size:18px;line-height:36px;border-color:#4ea273;border-radius:9px;text-shadow:none\"> Educaci\u00f3n Secundaria y Bachillerato<\/span><\/a>\n<p style=\"text-align: center;\">\u00a0<a href=\"https:\/\/colegio.sanjaimemoncada.es\/jornadas-de-puertas-abiertas-ciclos-formativos-26-27\/\" class=\"su-button su-button-style-default\" style=\"color:#FFFFFF;background-color:#017937;border-color:#01612c;border-radius:9px\" target=\"_blank\" rel=\"noopener noreferrer\"><span style=\"color:#FFFFFF;padding:0px 24px;font-size:18px;line-height:36px;border-color:#4ea273;border-radius:9px;text-shadow:none\"> Ciclos Formativos<\/span><\/a>\n<p>&nbsp;<\/p>\n<h2 style=\"text-align: center; font-family: 'Fira Sans', sans-serif;\"><span style=\"color: #017937;\"><strong>\u00a1Con\u00f3cenos!<\/strong><\/span><\/h2>\n<p style=\"text-align: center;\"><a href=\"https:\/\/colegio.sanjaimemoncada.es\/wp-content\/uploads\/2022\/03\/QUIENES-SOMOS-SAN-JAIME-MONCADA-CASTELLANO-202203.pdf\" class=\"su-button su-button-style-default\" style=\"color:#FFFFFF;background-color:#017937;border-color:#01612c;border-radius:9px\" target=\"_blank\" rel=\"noopener noreferrer\"><span style=\"color:#FFFFFF;padding:0px 24px;font-size:18px;line-height:36px;border-color:#4ea273;border-radius:9px;text-shadow:none\"> Qui\u00e9nes somos (Castellano)<\/span><\/a> <a href=\"https:\/\/colegio.sanjaimemoncada.es\/wp-content\/uploads\/2022\/03\/QUIENES-SOMOS-SAN-JAIME-MONCADA-VALENCIA-202203.pdf\" class=\"su-button su-button-style-default\" style=\"color:#FFFFFF;background-color:#017937;border-color:#01612c;border-radius:9px\" target=\"_blank\" rel=\"noopener noreferrer\"><span style=\"color:#FFFFFF;padding:0px 24px;font-size:18px;line-height:36px;border-color:#4ea273;border-radius:9px;text-shadow:none\"> Qui\u00e9nes somos (Valenci\u00e0)<\/span><\/a> <a href=\"https:\/\/colegio.sanjaimemoncada.es\/wp-content\/uploads\/2022\/03\/PERFIL-DE-SALIDA-DEL-ALUMNADO-SAN-JAIME-MONCADA-CAS-VAL-202203.pdf\" class=\"su-button su-button-style-default\" style=\"color:#FFFFFF;background-color:#017937;border-color:#01612c;border-radius:9px\" target=\"_blank\" rel=\"noopener noreferrer\"><span style=\"color:#FFFFFF;padding:0px 24px;font-size:18px;line-height:36px;border-color:#4ea273;border-radius:9px;text-shadow:none\"> Perfil de salida de nuestro alumnado<\/span><\/a>\n<p>&nbsp;<\/p>\n<div><\/div>\n<div>\n<h4 style=\"text-align: center; font-family: 'Fira Sans', sans-serif;\">Para cualquier duda, enviar un correo a: <a href=\"mailto:colegio@sanjaimemoncada.es\" target=\"_blank\" rel=\"noopener\"><strong>colegio@sanjaimemoncada.es<\/strong><\/a><\/h4>\n<\/div>\n<h4><\/h4>\n","protected":false},"excerpt":{"rendered":"<p>Queridas Familias: El Colegio Parroquial San Jaime Ap\u00f3stol de Moncada, celebra todos los a\u00f1os unas Jornada de Puertas Abiertas con el fin de que las familias pod\u00e1is conocer, de primera mano, nuestro Proyecto Educativo, las instalaciones y preguntar lo que necesit\u00e9is conocer de nuestro Colegio. Por ello, os invitamos a las\u00a0Jornadas de Puertas Abiertas,\u00a0que realizaremos [&hellip;]<\/p>\n","protected":false},"author":3,"featured_media":0,"parent":0,"menu_order":0,"comment_status":"closed","ping_status":"closed","template":"","meta":{"_monsterinsights_skip_tracking":false,"_monsterinsights_sitenote_active":false,"_monsterinsights_sitenote_note":"","_monsterinsights_sitenote_category":0,"footnotes":""},"class_list":["post-27536","page","type-page","status-publish","hentry"],"yoast_head":"<!-- This site is optimized with the Yoast SEO plugin v26.2 - https:\/\/yoast.com\/wordpress\/plugins\/seo\/ -->\n<title>Jornadas de Puertas Abiertas 2026-27- Colegio San Jaime Ap\u00f3stol - Moncada<\/title>\n<meta name=\"description\" content=\"Desde el Colegio Parroquial San Jaime de Moncada os invitamos a las pr\u00f3ximas Jornadas de Puertas Abiertas para el curso 2026-27\" \/>\n<meta name=\"robots\" content=\"index, follow, max-snippet:-1, max-image-preview:large, max-video-preview:-1\" \/>\n<link rel=\"canonical\" href=\"https:\/\/colegio.sanjaimemoncada.es\/en\/jornadas-de-puertas-abiertas-2026-2027\/\" \/>\n<meta property=\"og:locale\" content=\"en_US\" \/>\n<meta property=\"og:type\" content=\"article\" \/>\n<meta property=\"og:title\" content=\"Jornadas de Puertas Abiertas 2026-27- Colegio San Jaime Ap\u00f3stol - Moncada\" \/>\n<meta property=\"og:description\" content=\"Desde el Colegio Parroquial San Jaime de Moncada os invitamos a las pr\u00f3ximas Jornadas de Puertas Abiertas para el curso 2026-27\" \/>\n<meta property=\"og:url\" content=\"https:\/\/colegio.sanjaimemoncada.es\/en\/jornadas-de-puertas-abiertas-2026-2027\/\" \/>\n<meta property=\"og:site_name\" content=\"C. Parroquial San Jaime Ap\u00f3stol\" \/>\n<meta property=\"article:modified_time\" content=\"2026-03-30T08:21:46+00:00\" \/>\n<meta property=\"og:image\" content=\"https:\/\/colegio.sanjaimemoncada.es\/wp-content\/uploads\/2026\/03\/BANNER-JORNADAS-26-27.png\" \/>\n\t<meta property=\"og:image:width\" content=\"1080\" \/>\n\t<meta property=\"og:image:height\" content=\"400\" \/>\n\t<meta property=\"og:image:type\" content=\"image\/png\" \/>\n<meta name=\"twitter:card\" content=\"summary_large_image\" \/>\n<meta name=\"twitter:label1\" content=\"Est. reading time\" \/>\n\t<meta name=\"twitter:data1\" content=\"1 minute\" \/>\n<script type=\"application\/ld+json\" class=\"yoast-schema-graph\">{\"@context\":\"https:\/\/schema.org\",\"@graph\":[{\"@type\":\"WebPage\",\"@id\":\"https:\/\/colegio.sanjaimemoncada.es\/en\/jornadas-de-puertas-abiertas-2026-2027\/\",\"url\":\"https:\/\/colegio.sanjaimemoncada.es\/en\/jornadas-de-puertas-abiertas-2026-2027\/\",\"name\":\"Jornadas de Puertas Abiertas 2026-27- Colegio San Jaime Ap\u00f3stol - Moncada\",\"isPartOf\":{\"@id\":\"https:\/\/colegio.sanjaimemoncada.es\/#website\"},\"primaryImageOfPage\":{\"@id\":\"https:\/\/colegio.sanjaimemoncada.es\/en\/jornadas-de-puertas-abiertas-2026-2027\/#primaryimage\"},\"image\":{\"@id\":\"https:\/\/colegio.sanjaimemoncada.es\/en\/jornadas-de-puertas-abiertas-2026-2027\/#primaryimage\"},\"thumbnailUrl\":\"https:\/\/colegio.sanjaimemoncada.es\/wp-content\/uploads\/2026\/03\/BANNER-JORNADAS-26-27.png\",\"datePublished\":\"2026-03-06T11:13:49+00:00\",\"dateModified\":\"2026-03-30T08:21:46+00:00\",\"description\":\"Desde el Colegio Parroquial San Jaime de Moncada os invitamos a las pr\u00f3ximas Jornadas de Puertas Abiertas para el curso 2026-27\",\"breadcrumb\":{\"@id\":\"https:\/\/colegio.sanjaimemoncada.es\/en\/jornadas-de-puertas-abiertas-2026-2027\/#breadcrumb\"},\"inLanguage\":\"en-US\",\"potentialAction\":[{\"@type\":\"ReadAction\",\"target\":[\"https:\/\/colegio.sanjaimemoncada.es\/en\/jornadas-de-puertas-abiertas-2026-2027\/\"]}]},{\"@type\":\"ImageObject\",\"inLanguage\":\"en-US\",\"@id\":\"https:\/\/colegio.sanjaimemoncada.es\/en\/jornadas-de-puertas-abiertas-2026-2027\/#primaryimage\",\"url\":\"https:\/\/colegio.sanjaimemoncada.es\/wp-content\/uploads\/2026\/03\/BANNER-JORNADAS-26-27.png\",\"contentUrl\":\"https:\/\/colegio.sanjaimemoncada.es\/wp-content\/uploads\/2026\/03\/BANNER-JORNADAS-26-27.png\"},{\"@type\":\"BreadcrumbList\",\"@id\":\"https:\/\/colegio.sanjaimemoncada.es\/en\/jornadas-de-puertas-abiertas-2026-2027\/#breadcrumb\",\"itemListElement\":[{\"@type\":\"ListItem\",\"position\":1,\"name\":\"Portada\",\"item\":\"https:\/\/colegio.sanjaimemoncada.es\/\"},{\"@type\":\"ListItem\",\"position\":2,\"name\":\"Jornadas de Puertas Abiertas 2026-2027\"}]},{\"@type\":\"WebSite\",\"@id\":\"https:\/\/colegio.sanjaimemoncada.es\/#website\",\"url\":\"https:\/\/colegio.sanjaimemoncada.es\/\",\"name\":\"C. Parroquial San Jaime Ap\u00f3stol\",\"description\":\"\",\"potentialAction\":[{\"@type\":\"SearchAction\",\"target\":{\"@type\":\"EntryPoint\",\"urlTemplate\":\"https:\/\/colegio.sanjaimemoncada.es\/?s={search_term_string}\"},\"query-input\":{\"@type\":\"PropertyValueSpecification\",\"valueRequired\":true,\"valueName\":\"search_term_string\"}}],\"inLanguage\":\"en-US\"}]}<\/script>\n<!-- \/ Yoast SEO plugin. -->","yoast_head_json":{"title":"Jornadas de Puertas Abiertas 2026-27- Colegio San Jaime Ap\u00f3stol - Moncada","description":"Desde el Colegio Parroquial San Jaime de Moncada os invitamos a las pr\u00f3ximas Jornadas de Puertas Abiertas para el curso 2026-27","robots":{"index":"index","follow":"follow","max-snippet":"max-snippet:-1","max-image-preview":"max-image-preview:large","max-video-preview":"max-video-preview:-1"},"canonical":"https:\/\/colegio.sanjaimemoncada.es\/en\/jornadas-de-puertas-abiertas-2026-2027\/","og_locale":"en_US","og_type":"article","og_title":"Jornadas de Puertas Abiertas 2026-27- Colegio San Jaime Ap\u00f3stol - Moncada","og_description":"Desde el Colegio Parroquial San Jaime de Moncada os invitamos a las pr\u00f3ximas Jornadas de Puertas Abiertas para el curso 2026-27","og_url":"https:\/\/colegio.sanjaimemoncada.es\/en\/jornadas-de-puertas-abiertas-2026-2027\/","og_site_name":"C. Parroquial San Jaime Ap\u00f3stol","article_modified_time":"2026-03-30T08:21:46+00:00","og_image":[{"width":1080,"height":400,"url":"https:\/\/colegio.sanjaimemoncada.es\/wp-content\/uploads\/2026\/03\/BANNER-JORNADAS-26-27.png","type":"image\/png"}],"twitter_card":"summary_large_image","twitter_misc":{"Est. reading time":"1 minute"},"schema":{"@context":"https:\/\/schema.org","@graph":[{"@type":"WebPage","@id":"https:\/\/colegio.sanjaimemoncada.es\/en\/jornadas-de-puertas-abiertas-2026-2027\/","url":"https:\/\/colegio.sanjaimemoncada.es\/en\/jornadas-de-puertas-abiertas-2026-2027\/","name":"Jornadas de Puertas Abiertas 2026-27- Colegio San Jaime Ap\u00f3stol - Moncada","isPartOf":{"@id":"https:\/\/colegio.sanjaimemoncada.es\/#website"},"primaryImageOfPage":{"@id":"https:\/\/colegio.sanjaimemoncada.es\/en\/jornadas-de-puertas-abiertas-2026-2027\/#primaryimage"},"image":{"@id":"https:\/\/colegio.sanjaimemoncada.es\/en\/jornadas-de-puertas-abiertas-2026-2027\/#primaryimage"},"thumbnailUrl":"https:\/\/colegio.sanjaimemoncada.es\/wp-content\/uploads\/2026\/03\/BANNER-JORNADAS-26-27.png","datePublished":"2026-03-06T11:13:49+00:00","dateModified":"2026-03-30T08:21:46+00:00","description":"Desde el Colegio Parroquial San Jaime de Moncada os invitamos a las pr\u00f3ximas Jornadas de Puertas Abiertas para el curso 2026-27","breadcrumb":{"@id":"https:\/\/colegio.sanjaimemoncada.es\/en\/jornadas-de-puertas-abiertas-2026-2027\/#breadcrumb"},"inLanguage":"en-US","potentialAction":[{"@type":"ReadAction","target":["https:\/\/colegio.sanjaimemoncada.es\/en\/jornadas-de-puertas-abiertas-2026-2027\/"]}]},{"@type":"ImageObject","inLanguage":"en-US","@id":"https:\/\/colegio.sanjaimemoncada.es\/en\/jornadas-de-puertas-abiertas-2026-2027\/#primaryimage","url":"https:\/\/colegio.sanjaimemoncada.es\/wp-content\/uploads\/2026\/03\/BANNER-JORNADAS-26-27.png","contentUrl":"https:\/\/colegio.sanjaimemoncada.es\/wp-content\/uploads\/2026\/03\/BANNER-JORNADAS-26-27.png"},{"@type":"BreadcrumbList","@id":"https:\/\/colegio.sanjaimemoncada.es\/en\/jornadas-de-puertas-abiertas-2026-2027\/#breadcrumb","itemListElement":[{"@type":"ListItem","position":1,"name":"Portada","item":"https:\/\/colegio.sanjaimemoncada.es\/"},{"@type":"ListItem","position":2,"name":"Jornadas de Puertas Abiertas 2026-2027"}]},{"@type":"WebSite","@id":"https:\/\/colegio.sanjaimemoncada.es\/#website","url":"https:\/\/colegio.sanjaimemoncada.es\/","name":"C. Parroquial San Jaime Ap\u00f3stol","description":"","potentialAction":[{"@type":"SearchAction","target":{"@type":"EntryPoint","urlTemplate":"https:\/\/colegio.sanjaimemoncada.es\/?s={search_term_string}"},"query-input":{"@type":"PropertyValueSpecification","valueRequired":true,"valueName":"search_term_string"}}],"inLanguage":"en-US"}]}},"_links":{"self":[{"href":"https:\/\/colegio.sanjaimemoncada.es\/en\/wp-json\/wp\/v2\/pages\/27536","targetHints":{"allow":["GET"]}}],"collection":[{"href":"https:\/\/colegio.sanjaimemoncada.es\/en\/wp-json\/wp\/v2\/pages"}],"about":[{"href":"https:\/\/colegio.sanjaimemoncada.es\/en\/wp-json\/wp\/v2\/types\/page"}],"author":[{"embeddable":true,"href":"https:\/\/colegio.sanjaimemoncada.es\/en\/wp-json\/wp\/v2\/users\/3"}],"replies":[{"embeddable":true,"href":"https:\/\/colegio.sanjaimemoncada.es\/en\/wp-json\/wp\/v2\/comments?post=27536"}],"version-history":[{"count":3,"href":"https:\/\/colegio.sanjaimemoncada.es\/en\/wp-json\/wp\/v2\/pages\/27536\/revisions"}],"predecessor-version":[{"id":27685,"href":"https:\/\/colegio.sanjaimemoncada.es\/en\/wp-json\/wp\/v2\/pages\/27536\/revisions\/27685"}],"wp:attachment":[{"href":"https:\/\/colegio.sanjaimemoncada.es\/en\/wp-json\/wp\/v2\/media?parent=27536"}],"curies":[{"name":"wp","href":"https:\/\/api.w.org\/{rel}","templated":true}]}}