{"id":26539,"date":"2025-01-14T17:26:55","date_gmt":"2025-01-14T16:26:55","guid":{"rendered":"https:\/\/colegio.sanjaimemoncada.es\/reglamento-regimen-interior\/"},"modified":"2025-01-15T13:21:57","modified_gmt":"2025-01-15T12:21:57","slug":"reglamento-regimen-interior","status":"publish","type":"page","link":"https:\/\/colegio.sanjaimemoncada.es\/en\/reglamento-regimen-interior\/","title":{"rendered":"Reglamento de R\u00e9gimen Interior"},"content":{"rendered":"<p><img loading=\"lazy\" decoding=\"async\" class=\" wp-image-20258 aligncenter\" src=\"https:\/\/colegio.sanjaimemoncada.es\/wp-content\/uploads\/2020\/09\/LOGO-SAN-JAIME-COLEGIO.png\" alt=\"\" width=\"251\" height=\"184\" srcset=\"https:\/\/colegio.sanjaimemoncada.es\/wp-content\/uploads\/2020\/09\/LOGO-SAN-JAIME-COLEGIO.png 578w, https:\/\/colegio.sanjaimemoncada.es\/wp-content\/uploads\/2020\/09\/LOGO-SAN-JAIME-COLEGIO-300x220.png 300w\" sizes=\"auto, (max-width: 251px) 100vw, 251px\" \/><\/p>\n<p>El Reglamento de R\u00e9gimen Interior del Colegio Diocesano San Jaime Ap\u00f3stol, aprobado por la Entidad Titular el 28 de septiembre de 2023, establece las normas esenciales que rigen la vida escolar. Este documento regula la organizaci\u00f3n interna, las normas de convivencia, los derechos y deberes de los estudiantes, y otros aspectos clave para el funcionamiento del centro.<\/p>\n<p style=\"text-align: center;\">Puede descargar el Reglamento de R\u00e9gimen Interior en el siguiente enlace:<\/p>\n<p style=\"text-align: center;\"><a href=\"https:\/\/colegio.sanjaimemoncada.es\/wp-content\/uploads\/2025\/01\/Reglamento-Re\u0301gimen-Interior-2023.pdf\" class=\"su-button su-button-style-default\" style=\"color:#FFFFFF;background-color:#017937;border-color:#01612c;border-radius:9px\" target=\"_blank\" rel=\"noopener noreferrer\"><span style=\"color:#FFFFFF;padding:0px 24px;font-size:18px;line-height:36px;border-color:#4ea273;border-radius:9px;text-shadow:none\"> Reglamento de R\u00e9gimen Interno<\/span><\/a>\n<p>&nbsp;<\/p>\n","protected":false},"excerpt":{"rendered":"<p>El Reglamento de R\u00e9gimen Interior del Colegio Diocesano San Jaime Ap\u00f3stol, aprobado por la Entidad Titular el 28 de septiembre de 2023, establece las normas esenciales que rigen la vida escolar. Este documento regula la organizaci\u00f3n interna, las normas de convivencia, los derechos y deberes de los estudiantes, y otros aspectos clave para el funcionamiento [&hellip;]<\/p>\n","protected":false},"author":3,"featured_media":0,"parent":0,"menu_order":0,"comment_status":"closed","ping_status":"closed","template":"","meta":{"_monsterinsights_skip_tracking":false,"_monsterinsights_sitenote_active":false,"_monsterinsights_sitenote_note":"","_monsterinsights_sitenote_category":0,"footnotes":""},"class_list":["post-26539","page","type-page","status-publish","hentry"],"yoast_head":"<!-- This site is optimized with the Yoast SEO plugin v26.2 - https:\/\/yoast.com\/wordpress\/plugins\/seo\/ -->\n<title>Reglamento de R\u00e9gimen Interior - C. Parroquial San Jaime Ap\u00f3stol<\/title>\n<meta name=\"robots\" content=\"index, follow, max-snippet:-1, max-image-preview:large, max-video-preview:-1\" \/>\n<link rel=\"canonical\" href=\"https:\/\/colegio.sanjaimemoncada.es\/reglamento-regimen-interior\/\" \/>\n<meta property=\"og:locale\" content=\"en_US\" \/>\n<meta property=\"og:type\" content=\"article\" \/>\n<meta property=\"og:title\" content=\"Reglamento de R\u00e9gimen Interior - C. Parroquial San Jaime Ap\u00f3stol\" \/>\n<meta property=\"og:description\" content=\"El Reglamento de R\u00e9gimen Interior del Colegio Diocesano San Jaime Ap\u00f3stol, aprobado por la Entidad Titular el 28 de septiembre de 2023, establece las normas esenciales que rigen la vida escolar. Este documento regula la organizaci\u00f3n interna, las normas de convivencia, los derechos y deberes de los estudiantes, y otros aspectos clave para el funcionamiento [&hellip;]\" \/>\n<meta property=\"og:url\" content=\"https:\/\/colegio.sanjaimemoncada.es\/reglamento-regimen-interior\/\" \/>\n<meta property=\"og:site_name\" content=\"C. Parroquial San Jaime Ap\u00f3stol\" \/>\n<meta property=\"article:modified_time\" content=\"2025-01-15T12:21:57+00:00\" \/>\n<meta property=\"og:image\" content=\"https:\/\/colegio.sanjaimemoncada.es\/wp-content\/uploads\/2020\/09\/LOGO-SAN-JAIME-COLEGIO.png\" \/>\n\t<meta property=\"og:image:width\" content=\"578\" \/>\n\t<meta property=\"og:image:height\" content=\"424\" \/>\n\t<meta property=\"og:image:type\" content=\"image\/png\" \/>\n<meta name=\"twitter:card\" content=\"summary_large_image\" \/>\n<script type=\"application\/ld+json\" class=\"yoast-schema-graph\">{\"@context\":\"https:\/\/schema.org\",\"@graph\":[{\"@type\":\"WebPage\",\"@id\":\"https:\/\/colegio.sanjaimemoncada.es\/reglamento-regimen-interior\/\",\"url\":\"https:\/\/colegio.sanjaimemoncada.es\/reglamento-regimen-interior\/\",\"name\":\"Reglamento de R\u00e9gimen Interior - C. Parroquial San Jaime Ap\u00f3stol\",\"isPartOf\":{\"@id\":\"https:\/\/colegio.sanjaimemoncada.es\/#website\"},\"primaryImageOfPage\":{\"@id\":\"https:\/\/colegio.sanjaimemoncada.es\/reglamento-regimen-interior\/#primaryimage\"},\"image\":{\"@id\":\"https:\/\/colegio.sanjaimemoncada.es\/reglamento-regimen-interior\/#primaryimage\"},\"thumbnailUrl\":\"https:\/\/colegio.sanjaimemoncada.es\/wp-content\/uploads\/2020\/09\/LOGO-SAN-JAIME-COLEGIO.png\",\"datePublished\":\"2025-01-14T16:26:55+00:00\",\"dateModified\":\"2025-01-15T12:21:57+00:00\",\"breadcrumb\":{\"@id\":\"https:\/\/colegio.sanjaimemoncada.es\/reglamento-regimen-interior\/#breadcrumb\"},\"inLanguage\":\"en-US\",\"potentialAction\":[{\"@type\":\"ReadAction\",\"target\":[\"https:\/\/colegio.sanjaimemoncada.es\/reglamento-regimen-interior\/\"]}]},{\"@type\":\"ImageObject\",\"inLanguage\":\"en-US\",\"@id\":\"https:\/\/colegio.sanjaimemoncada.es\/reglamento-regimen-interior\/#primaryimage\",\"url\":\"https:\/\/colegio.sanjaimemoncada.es\/wp-content\/uploads\/2020\/09\/LOGO-SAN-JAIME-COLEGIO.png\",\"contentUrl\":\"https:\/\/colegio.sanjaimemoncada.es\/wp-content\/uploads\/2020\/09\/LOGO-SAN-JAIME-COLEGIO.png\"},{\"@type\":\"BreadcrumbList\",\"@id\":\"https:\/\/colegio.sanjaimemoncada.es\/reglamento-regimen-interior\/#breadcrumb\",\"itemListElement\":[{\"@type\":\"ListItem\",\"position\":1,\"name\":\"Portada\",\"item\":\"https:\/\/colegio.sanjaimemoncada.es\/\"},{\"@type\":\"ListItem\",\"position\":2,\"name\":\"Reglamento de R\u00e9gimen Interior\"}]},{\"@type\":\"WebSite\",\"@id\":\"https:\/\/colegio.sanjaimemoncada.es\/#website\",\"url\":\"https:\/\/colegio.sanjaimemoncada.es\/\",\"name\":\"C. Parroquial San Jaime Ap\u00f3stol\",\"description\":\"\",\"potentialAction\":[{\"@type\":\"SearchAction\",\"target\":{\"@type\":\"EntryPoint\",\"urlTemplate\":\"https:\/\/colegio.sanjaimemoncada.es\/?s={search_term_string}\"},\"query-input\":{\"@type\":\"PropertyValueSpecification\",\"valueRequired\":true,\"valueName\":\"search_term_string\"}}],\"inLanguage\":\"en-US\"}]}<\/script>\n<!-- \/ Yoast SEO plugin. -->","yoast_head_json":{"title":"Reglamento de R\u00e9gimen Interior - C. Parroquial San Jaime Ap\u00f3stol","robots":{"index":"index","follow":"follow","max-snippet":"max-snippet:-1","max-image-preview":"max-image-preview:large","max-video-preview":"max-video-preview:-1"},"canonical":"https:\/\/colegio.sanjaimemoncada.es\/reglamento-regimen-interior\/","og_locale":"en_US","og_type":"article","og_title":"Reglamento de R\u00e9gimen Interior - C. Parroquial San Jaime Ap\u00f3stol","og_description":"El Reglamento de R\u00e9gimen Interior del Colegio Diocesano San Jaime Ap\u00f3stol, aprobado por la Entidad Titular el 28 de septiembre de 2023, establece las normas esenciales que rigen la vida escolar. Este documento regula la organizaci\u00f3n interna, las normas de convivencia, los derechos y deberes de los estudiantes, y otros aspectos clave para el funcionamiento [&hellip;]","og_url":"https:\/\/colegio.sanjaimemoncada.es\/reglamento-regimen-interior\/","og_site_name":"C. Parroquial San Jaime Ap\u00f3stol","article_modified_time":"2025-01-15T12:21:57+00:00","og_image":[{"width":578,"height":424,"url":"https:\/\/colegio.sanjaimemoncada.es\/wp-content\/uploads\/2020\/09\/LOGO-SAN-JAIME-COLEGIO.png","type":"image\/png"}],"twitter_card":"summary_large_image","schema":{"@context":"https:\/\/schema.org","@graph":[{"@type":"WebPage","@id":"https:\/\/colegio.sanjaimemoncada.es\/reglamento-regimen-interior\/","url":"https:\/\/colegio.sanjaimemoncada.es\/reglamento-regimen-interior\/","name":"Reglamento de R\u00e9gimen Interior - C. Parroquial San Jaime Ap\u00f3stol","isPartOf":{"@id":"https:\/\/colegio.sanjaimemoncada.es\/#website"},"primaryImageOfPage":{"@id":"https:\/\/colegio.sanjaimemoncada.es\/reglamento-regimen-interior\/#primaryimage"},"image":{"@id":"https:\/\/colegio.sanjaimemoncada.es\/reglamento-regimen-interior\/#primaryimage"},"thumbnailUrl":"https:\/\/colegio.sanjaimemoncada.es\/wp-content\/uploads\/2020\/09\/LOGO-SAN-JAIME-COLEGIO.png","datePublished":"2025-01-14T16:26:55+00:00","dateModified":"2025-01-15T12:21:57+00:00","breadcrumb":{"@id":"https:\/\/colegio.sanjaimemoncada.es\/reglamento-regimen-interior\/#breadcrumb"},"inLanguage":"en-US","potentialAction":[{"@type":"ReadAction","target":["https:\/\/colegio.sanjaimemoncada.es\/reglamento-regimen-interior\/"]}]},{"@type":"ImageObject","inLanguage":"en-US","@id":"https:\/\/colegio.sanjaimemoncada.es\/reglamento-regimen-interior\/#primaryimage","url":"https:\/\/colegio.sanjaimemoncada.es\/wp-content\/uploads\/2020\/09\/LOGO-SAN-JAIME-COLEGIO.png","contentUrl":"https:\/\/colegio.sanjaimemoncada.es\/wp-content\/uploads\/2020\/09\/LOGO-SAN-JAIME-COLEGIO.png"},{"@type":"BreadcrumbList","@id":"https:\/\/colegio.sanjaimemoncada.es\/reglamento-regimen-interior\/#breadcrumb","itemListElement":[{"@type":"ListItem","position":1,"name":"Portada","item":"https:\/\/colegio.sanjaimemoncada.es\/"},{"@type":"ListItem","position":2,"name":"Reglamento de R\u00e9gimen Interior"}]},{"@type":"WebSite","@id":"https:\/\/colegio.sanjaimemoncada.es\/#website","url":"https:\/\/colegio.sanjaimemoncada.es\/","name":"C. Parroquial San Jaime Ap\u00f3stol","description":"","potentialAction":[{"@type":"SearchAction","target":{"@type":"EntryPoint","urlTemplate":"https:\/\/colegio.sanjaimemoncada.es\/?s={search_term_string}"},"query-input":{"@type":"PropertyValueSpecification","valueRequired":true,"valueName":"search_term_string"}}],"inLanguage":"en-US"}]}},"_links":{"self":[{"href":"https:\/\/colegio.sanjaimemoncada.es\/en\/wp-json\/wp\/v2\/pages\/26539","targetHints":{"allow":["GET"]}}],"collection":[{"href":"https:\/\/colegio.sanjaimemoncada.es\/en\/wp-json\/wp\/v2\/pages"}],"about":[{"href":"https:\/\/colegio.sanjaimemoncada.es\/en\/wp-json\/wp\/v2\/types\/page"}],"author":[{"embeddable":true,"href":"https:\/\/colegio.sanjaimemoncada.es\/en\/wp-json\/wp\/v2\/users\/3"}],"replies":[{"embeddable":true,"href":"https:\/\/colegio.sanjaimemoncada.es\/en\/wp-json\/wp\/v2\/comments?post=26539"}],"version-history":[{"count":2,"href":"https:\/\/colegio.sanjaimemoncada.es\/en\/wp-json\/wp\/v2\/pages\/26539\/revisions"}],"predecessor-version":[{"id":26546,"href":"https:\/\/colegio.sanjaimemoncada.es\/en\/wp-json\/wp\/v2\/pages\/26539\/revisions\/26546"}],"wp:attachment":[{"href":"https:\/\/colegio.sanjaimemoncada.es\/en\/wp-json\/wp\/v2\/media?parent=26539"}],"curies":[{"name":"wp","href":"https:\/\/api.w.org\/{rel}","templated":true}]}}