{"id":20607,"date":"2020-09-18T13:11:35","date_gmt":"2020-09-18T11:11:35","guid":{"rendered":"https:\/\/colegio.sanjaimemoncada.es\/?page_id=20607"},"modified":"2026-03-31T08:39:03","modified_gmt":"2026-03-31T06:39:03","slug":"comedor-escolar-infantil-primaria","status":"publish","type":"page","link":"https:\/\/colegio.sanjaimemoncada.es\/en\/comedor-escolar-infantil-primaria\/","title":{"rendered":"Comedor escolar Infantil y Primaria"},"content":{"rendered":"<p style=\"text-align: justify;\">Disponemos de un servicio de comedor para nuestros alumnos de Infantil y Primaria. Dicho servicio est\u00e1 regulado por\u00a0 <span style=\"color: #008080;\"><strong><a style=\"color: #008080;\" href=\"https:\/\/colegio.sanjaimemoncada.es\/wp-content\/uploads\/2023\/12\/Reglamento-del-Comedor-Extra\u00eddo-del-RRI_28_09_2023.pdf\" target=\"_blank\" rel=\"noopener\">el presente reglamento<\/a><\/strong><\/span> y se presta desde Septiembre hasta Junio.<\/p>\n<p style=\"text-align: justify;\">El centro dispone de\u00a0<em><strong>Cocina in situ<\/strong><\/em>, por lo que los men\u00fas se elaboran en el propio colegio. Adem\u00e1s, se atienden todo tipo de reg\u00edmenes alimenticios como cel\u00edacos, diab\u00e9ticos, al\u00e9rgicos\u2026 (previa justificaci\u00f3n m\u00e9dica).<\/p>\n<p style=\"text-align: justify;\">Los alumnos disponen de un men\u00fa distinto seg\u00fan la etapa educativa que est\u00e9n cursando.<\/p>\n<p lang=\"es-ES-u-co-trad\" align=\"justify\">Dado que el comedor tiene un l\u00edmite de capacidad, si la Conselleria competente indica que son necesarias medidas de distanciamiento e higiene personal, tendr\u00e1n prioridad por razones organizativas:<br \/>\n1. Los alumnos que se inscriban para todos los d\u00edas lectivos.<br \/>\n2. Aquellos que se inscriban para todo el curso en d\u00edas alternos.<\/p>\n<p lang=\"es-ES-u-co-trad\" align=\"justify\">Las modalidades de pago son:<\/p>\n<p style=\"text-align: justify;\"><strong>a) Abono mensual mediante domiciliaci\u00f3n bancaria. (curso 2025\/26)<\/strong><\/p>\n<p style=\"text-align: justify;\">En esta modalidad se abonar\u00e1n 6,95\u20ac \u20ac minuta\/d\u00eda, la mensualidad estar\u00e1 prorrateada, es decir el total de d\u00edas lectivos que este curso son <strong>178<\/strong>\u00a0se multiplica por el precio de la minuta diaria y se divide entre los 10 meses del servicio. Esta cuota corresponde al periodo de septiembre a junio. Para el de octubre a mayo ser\u00e1n <strong>147<\/strong>\u00a0d\u00edas lectivos.<\/p>\n<p style=\"text-align: justify;\">Para poder acogerse a este precio, deber\u00e1n asistir al comedor un m\u00ednimo de 3 d\u00edas a la semana.<\/p>\n<p style=\"text-align: justify;\">Para darse de alta en la modalidad de abono mensual, deber\u00e1n realizar la inscripci\u00f3n a trav\u00e9s del <strong>m\u00f3dulo educativo de Alexia(web),<\/strong>\u00a0(no desde la APP de padres).<\/p>\n<p>Para ello deben de entrar desde un navegador\/Alexia, poner el usuario y contrase\u00f1a de los padres, ir a visi\u00f3n general\/filiaci\u00f3n\/mis hijos, una vez en esta pesta\u00f1a, a la derecha se abre una p\u00e1gina y podr\u00e1 seleccionar a sus hijos desde un desplegable (si tiene m\u00e1s de uno) y tres l\u00edneas m\u00e1s abajo est\u00e1 SERVICIOS COMPLEMENTARIOS donde podr\u00e1 seleccionarlo.<\/p>\n<p style=\"text-align: justify;\"><strong>b) Vale diario (curso 2025\/26)<\/strong><\/p>\n<p style=\"text-align: justify;\">En esta modalidad se abonar\u00e1n 7,15\u20ac \u20ac minuta\/d\u00eda. Los vales de comedor se comprar\u00e1n por Alexia, y estar\u00e1n disponibles hasta las 09:30h, tendr\u00e1n tambi\u00e9n la opci\u00f3n de <strong>\u201cTAKE AWAY\u201d, para los alumnos de la ESO y Bachiller,<\/strong>\u00a0ofreci\u00e9ndoles la posibilidad de recoger la comida y llev\u00e1rsela para tomar en casa, el precio\u00a0<span lang=\"es-ES-u-co-trad\">s<\/span>er\u00e1 de 4,70\u20ac.- Euros minuta\/d\u00eda.<\/p>\n<p><a href=\"https:\/\/colegio.sanjaimemoncada.es\/wp-content\/uploads\/2026\/03\/MENU-BASAL-SAN-JAIME-APOSTOL-MARZO-2026-1-17-festivo.pdf\" target=\"_blank\" rel=\"noopener\">COLEGIO SAN JAIME APOSTOL &#8211; MENU BASAL -MARZO-2026<\/a><\/p>\n<p><a href=\"https:\/\/colegio.sanjaimemoncada.es\/wp-content\/uploads\/2026\/03\/MENU-BASAL-ABRIL-2026-SAN-JAIME-APOSTOL-1.pdf\">MEN\u00da BASAL-ABRIL 2026- SAN JAIME AP\u00d3STOL <\/a><a href=\"https:\/\/colegio.sanjaimemoncada.es\/wp-content\/uploads\/2026\/03\/MENU-BASAL-ABRIL-2026-SAN-JAIME-APOSTOL-1_page-0001.jpg\"><br \/>\n<img loading=\"lazy\" decoding=\"async\" class=\"aligncenter size-large wp-image-27714\" src=\"https:\/\/colegio.sanjaimemoncada.es\/wp-content\/uploads\/2026\/03\/MENU-BASAL-ABRIL-2026-SAN-JAIME-APOSTOL-1_page-0001-1024x724.jpg\" alt=\"\" width=\"1024\" height=\"724\" srcset=\"https:\/\/colegio.sanjaimemoncada.es\/wp-content\/uploads\/2026\/03\/MENU-BASAL-ABRIL-2026-SAN-JAIME-APOSTOL-1_page-0001-1024x724.jpg 1024w, https:\/\/colegio.sanjaimemoncada.es\/wp-content\/uploads\/2026\/03\/MENU-BASAL-ABRIL-2026-SAN-JAIME-APOSTOL-1_page-0001-300x212.jpg 300w, https:\/\/colegio.sanjaimemoncada.es\/wp-content\/uploads\/2026\/03\/MENU-BASAL-ABRIL-2026-SAN-JAIME-APOSTOL-1_page-0001-768x543.jpg 768w, https:\/\/colegio.sanjaimemoncada.es\/wp-content\/uploads\/2026\/03\/MENU-BASAL-ABRIL-2026-SAN-JAIME-APOSTOL-1_page-0001-1536x1086.jpg 1536w, https:\/\/colegio.sanjaimemoncada.es\/wp-content\/uploads\/2026\/03\/MENU-BASAL-ABRIL-2026-SAN-JAIME-APOSTOL-1_page-0001.jpg 1754w\" sizes=\"auto, (max-width: 1024px) 100vw, 1024px\" \/><\/a><\/p>\n<p><a href=\"https:\/\/colegio.sanjaimemoncada.es\/wp-content\/uploads\/2026\/03\/MENU-SIN-GLUTEN-ABRIL-2026-SAN-JAIME-APOSTOL-2.pdf\">MEN\u00da SIN GLUTEN-ABRIL 2026- SAN JAIME AP\u00d3STOL (2)<\/a><\/p>\n<p>&nbsp;<\/p>\n<h4 style=\"text-align: left;\"><strong>Im\u00e1genes cocina y comedor Infantil \/ Primaria<\/strong><\/h4>\n<style type=\"text\/css\">\n#foogallery-gallery-4770 .fg-image { width: 270px; }\n#foogallery-gallery-4770 { --fg-gutter: 10px; }<\/style>\n\t\t\t<div class=\"foogallery foogallery-container foogallery-default foogallery-lightbox-foogallery fg-center fg-default fg-ready fg-light fg-border-thin fg-shadow-medium fg-loading-default fg-loaded-fade-in fg-preset fg-brad fg-preset-small fg-preset fg-brad fg-preset-small\" id=\"foogallery-gallery-4770\" data-foogallery=\"{&quot;item&quot;:{&quot;showCaptionTitle&quot;:true,&quot;showCaptionDescription&quot;:true},&quot;lazy&quot;:true}\" data-foogallery-lightbox=\"{&quot;thumbs&quot;:&quot;bottom&quot;,&quot;thumbsCaptions&quot;:false,&quot;thumbsBestFit&quot;:false,&quot;thumbsSmall&quot;:false,&quot;thumbsCaptionsAlign&quot;:&quot;default&quot;,&quot;info&quot;:&quot;bottom&quot;,&quot;infoVisible&quot;:true,&quot;infoOverlay&quot;:true,&quot;infoAlign&quot;:&quot;default&quot;,&quot;transition&quot;:&quot;fade&quot;,&quot;hoverButtons&quot;:false,&quot;fitMedia&quot;:false,&quot;noScrollbars&quot;:true,&quot;preserveButtonSpace&quot;:true,&quot;buttons&quot;:{&quot;fullscreen&quot;:true,&quot;info&quot;:true,&quot;thumbs&quot;:false},&quot;video&quot;:{&quot;autoPlay&quot;:true}}\" >\n\t<div class=\"fg-item fg-type-image fg-idle\"><figure class=\"fg-item-inner\"><a href=\"https:\/\/colegio.sanjaimemoncada.es\/wp-content\/uploads\/2018\/02\/IMG_20190430_175622.jpg\" data-attachment-id=\"13870\" data-type=\"image\" class=\"fg-thumb\"><span class=\"fg-image-wrap\"><img fetchpriority=\"high\" decoding=\"async\" width=\"270\" height=\"230\" class=\"skip-lazy fg-image\" data-src-fg=\"https:\/\/colegio.sanjaimemoncada.es\/wp-content\/uploads\/cache\/2018\/02\/IMG_20190430_175622\/1433895620.jpg\" src=\"data:image\/svg+xml,%3Csvg%20xmlns%3D%22http%3A%2F%2Fwww.w3.org%2F2000%2Fsvg%22%20width%3D%22270%22%20height%3D%22230%22%20viewBox%3D%220%200%20270%20230%22%3E%3C%2Fsvg%3E\" loading=\"eager\"><\/span><span class=\"fg-image-overlay\"><\/span><\/a><\/figure><div class=\"fg-loader\"><\/div><\/div><div class=\"fg-item fg-type-image fg-idle\"><figure class=\"fg-item-inner\"><a href=\"https:\/\/colegio.sanjaimemoncada.es\/wp-content\/uploads\/2018\/02\/IMG_20190430_175602-1.jpg\" data-attachment-id=\"13885\" data-type=\"image\" class=\"fg-thumb\"><span class=\"fg-image-wrap\"><img decoding=\"async\" width=\"270\" height=\"230\" class=\"skip-lazy fg-image\" data-src-fg=\"https:\/\/colegio.sanjaimemoncada.es\/wp-content\/uploads\/cache\/2018\/02\/IMG_20190430_175602-1\/2911499312.jpg\" src=\"data:image\/svg+xml,%3Csvg%20xmlns%3D%22http%3A%2F%2Fwww.w3.org%2F2000%2Fsvg%22%20width%3D%22270%22%20height%3D%22230%22%20viewBox%3D%220%200%20270%20230%22%3E%3C%2Fsvg%3E\" loading=\"eager\"><\/span><span class=\"fg-image-overlay\"><\/span><\/a><\/figure><div class=\"fg-loader\"><\/div><\/div><div class=\"fg-item fg-type-image fg-idle\"><figure class=\"fg-item-inner\"><a href=\"https:\/\/colegio.sanjaimemoncada.es\/wp-content\/uploads\/2018\/02\/IMG_20190430_175658.jpg\" data-attachment-id=\"13882\" data-type=\"image\" class=\"fg-thumb\"><span class=\"fg-image-wrap\"><img decoding=\"async\" width=\"270\" height=\"230\" class=\"skip-lazy fg-image\" data-src-fg=\"https:\/\/colegio.sanjaimemoncada.es\/wp-content\/uploads\/cache\/2018\/02\/IMG_20190430_175658\/686609499.jpg\" src=\"data:image\/svg+xml,%3Csvg%20xmlns%3D%22http%3A%2F%2Fwww.w3.org%2F2000%2Fsvg%22%20width%3D%22270%22%20height%3D%22230%22%20viewBox%3D%220%200%20270%20230%22%3E%3C%2Fsvg%3E\" loading=\"eager\"><\/span><span class=\"fg-image-overlay\"><\/span><\/a><\/figure><div class=\"fg-loader\"><\/div><\/div><div class=\"fg-item fg-type-image fg-idle\"><figure class=\"fg-item-inner\"><a href=\"https:\/\/colegio.sanjaimemoncada.es\/wp-content\/uploads\/2018\/02\/IMG_20190430_175631.jpg\" data-attachment-id=\"13879\" data-type=\"image\" class=\"fg-thumb\"><span class=\"fg-image-wrap\"><img decoding=\"async\" width=\"270\" height=\"230\" class=\"skip-lazy fg-image\" data-src-fg=\"https:\/\/colegio.sanjaimemoncada.es\/wp-content\/uploads\/cache\/2018\/02\/IMG_20190430_175631\/3498620857.jpg\" src=\"data:image\/svg+xml,%3Csvg%20xmlns%3D%22http%3A%2F%2Fwww.w3.org%2F2000%2Fsvg%22%20width%3D%22270%22%20height%3D%22230%22%20viewBox%3D%220%200%20270%20230%22%3E%3C%2Fsvg%3E\" loading=\"eager\"><\/span><span class=\"fg-image-overlay\"><\/span><\/a><\/figure><div class=\"fg-loader\"><\/div><\/div><div class=\"fg-item fg-type-image fg-idle\"><figure class=\"fg-item-inner\"><a href=\"https:\/\/colegio.sanjaimemoncada.es\/wp-content\/uploads\/2018\/02\/IMG_0258.jpg\" data-attachment-id=\"4774\" data-type=\"image\" class=\"fg-thumb\"><span class=\"fg-image-wrap\"><img decoding=\"async\" width=\"270\" height=\"230\" class=\"skip-lazy fg-image\" data-src-fg=\"https:\/\/colegio.sanjaimemoncada.es\/wp-content\/uploads\/cache\/2018\/02\/IMG_0258\/1875759536.jpg\" src=\"data:image\/svg+xml,%3Csvg%20xmlns%3D%22http%3A%2F%2Fwww.w3.org%2F2000%2Fsvg%22%20width%3D%22270%22%20height%3D%22230%22%20viewBox%3D%220%200%20270%20230%22%3E%3C%2Fsvg%3E\" loading=\"eager\"><\/span><span class=\"fg-image-overlay\"><\/span><\/a><\/figure><div class=\"fg-loader\"><\/div><\/div><div class=\"fg-item fg-type-image fg-idle\"><figure class=\"fg-item-inner\"><a href=\"https:\/\/colegio.sanjaimemoncada.es\/wp-content\/uploads\/2018\/02\/IMG_0259.jpg\" data-attachment-id=\"4775\" data-type=\"image\" class=\"fg-thumb\"><span class=\"fg-image-wrap\"><img decoding=\"async\" width=\"270\" height=\"230\" class=\"skip-lazy fg-image\" data-src-fg=\"https:\/\/colegio.sanjaimemoncada.es\/wp-content\/uploads\/cache\/2018\/02\/IMG_0259\/1962301691.jpg\" src=\"data:image\/svg+xml,%3Csvg%20xmlns%3D%22http%3A%2F%2Fwww.w3.org%2F2000%2Fsvg%22%20width%3D%22270%22%20height%3D%22230%22%20viewBox%3D%220%200%20270%20230%22%3E%3C%2Fsvg%3E\" loading=\"eager\"><\/span><span class=\"fg-image-overlay\"><\/span><\/a><\/figure><div class=\"fg-loader\"><\/div><\/div><div class=\"fg-item fg-type-image fg-idle\"><figure class=\"fg-item-inner\"><a href=\"https:\/\/colegio.sanjaimemoncada.es\/wp-content\/uploads\/2018\/02\/IMG_0260.jpg\" data-attachment-id=\"4776\" data-type=\"image\" class=\"fg-thumb\"><span class=\"fg-image-wrap\"><img decoding=\"async\" width=\"270\" height=\"230\" class=\"skip-lazy fg-image\" data-src-fg=\"https:\/\/colegio.sanjaimemoncada.es\/wp-content\/uploads\/cache\/2018\/02\/IMG_0260\/4059554603.jpg\" src=\"data:image\/svg+xml,%3Csvg%20xmlns%3D%22http%3A%2F%2Fwww.w3.org%2F2000%2Fsvg%22%20width%3D%22270%22%20height%3D%22230%22%20viewBox%3D%220%200%20270%20230%22%3E%3C%2Fsvg%3E\" loading=\"eager\"><\/span><span class=\"fg-image-overlay\"><\/span><\/a><\/figure><div class=\"fg-loader\"><\/div><\/div><div class=\"fg-item fg-type-image fg-idle\"><figure class=\"fg-item-inner\"><a href=\"https:\/\/colegio.sanjaimemoncada.es\/wp-content\/uploads\/2018\/02\/Image-1-1.jpg\" data-attachment-id=\"4772\" data-type=\"image\" class=\"fg-thumb\"><span class=\"fg-image-wrap\"><img decoding=\"async\" width=\"270\" height=\"230\" class=\"skip-lazy fg-image\" data-src-fg=\"https:\/\/colegio.sanjaimemoncada.es\/wp-content\/uploads\/cache\/2018\/02\/Image-1-1\/939098652.jpg\" src=\"data:image\/svg+xml,%3Csvg%20xmlns%3D%22http%3A%2F%2Fwww.w3.org%2F2000%2Fsvg%22%20width%3D%22270%22%20height%3D%22230%22%20viewBox%3D%220%200%20270%20230%22%3E%3C%2Fsvg%3E\" loading=\"eager\"><\/span><span class=\"fg-image-overlay\"><\/span><\/a><\/figure><div class=\"fg-loader\"><\/div><\/div><div class=\"fg-item fg-type-image fg-idle\"><figure class=\"fg-item-inner\"><a href=\"https:\/\/colegio.sanjaimemoncada.es\/wp-content\/uploads\/2018\/02\/IMG_20190430_175555.jpg\" data-attachment-id=\"13867\" data-type=\"image\" class=\"fg-thumb\"><span class=\"fg-image-wrap\"><img decoding=\"async\" width=\"270\" height=\"230\" class=\"skip-lazy fg-image\" data-src-fg=\"https:\/\/colegio.sanjaimemoncada.es\/wp-content\/uploads\/cache\/2018\/02\/IMG_20190430_175555\/4218502050.jpg\" src=\"data:image\/svg+xml,%3Csvg%20xmlns%3D%22http%3A%2F%2Fwww.w3.org%2F2000%2Fsvg%22%20width%3D%22270%22%20height%3D%22230%22%20viewBox%3D%220%200%20270%20230%22%3E%3C%2Fsvg%3E\" loading=\"eager\"><\/span><span class=\"fg-image-overlay\"><\/span><\/a><\/figure><div class=\"fg-loader\"><\/div><\/div><div class=\"fg-item fg-type-image fg-idle\"><figure class=\"fg-item-inner\"><a href=\"https:\/\/colegio.sanjaimemoncada.es\/wp-content\/uploads\/2018\/02\/IMG_20190430_175610.jpg\" data-attachment-id=\"13876\" data-type=\"image\" class=\"fg-thumb\"><span class=\"fg-image-wrap\"><img decoding=\"async\" width=\"270\" height=\"230\" class=\"skip-lazy fg-image\" data-src-fg=\"https:\/\/colegio.sanjaimemoncada.es\/wp-content\/uploads\/cache\/2018\/02\/IMG_20190430_175610\/651695682.jpg\" src=\"data:image\/svg+xml,%3Csvg%20xmlns%3D%22http%3A%2F%2Fwww.w3.org%2F2000%2Fsvg%22%20width%3D%22270%22%20height%3D%22230%22%20viewBox%3D%220%200%20270%20230%22%3E%3C%2Fsvg%3E\" loading=\"eager\"><\/span><span class=\"fg-image-overlay\"><\/span><\/a><\/figure><div class=\"fg-loader\"><\/div><\/div><\/div>\n\n<table class=\" aligncenter\" style=\"height: 79px; background-color: #007a33; border-color: #000000; width: 1034.64px;\">\n<tbody>\n<tr>\n<td style=\"width: 1026.64px;\">\n<h2 style=\"text-align: center;\"><a href=\"https:\/\/colegio.sanjaimemoncada.es\/wp-content\/uploads\/2023\/12\/Reglamento-del-Comedor-Extra\u00eddo-del-RRI_28_09_2023.pdf\" target=\"_blank\" rel=\"noopener\"><span style=\"color: #ffffff;\">REGLAMENTO COMEDOR ESCOLAR<\/span><\/a><\/h2>\n<\/td>\n<\/tr>\n<\/tbody>\n<\/table>\n","protected":false},"excerpt":{"rendered":"<p>Disponemos de un servicio de comedor para nuestros alumnos de Infantil y Primaria. Dicho servicio est\u00e1 regulado por\u00a0 el presente reglamento y se presta desde Septiembre hasta Junio. El centro dispone de\u00a0Cocina in situ, por lo que los men\u00fas se elaboran en el propio colegio. Adem\u00e1s, se atienden todo tipo de reg\u00edmenes alimenticios como cel\u00edacos, [&hellip;]<\/p>\n","protected":false},"author":7,"featured_media":0,"parent":0,"menu_order":0,"comment_status":"closed","ping_status":"closed","template":"","meta":{"_monsterinsights_skip_tracking":false,"_monsterinsights_sitenote_active":false,"_monsterinsights_sitenote_note":"","_monsterinsights_sitenote_category":0,"footnotes":""},"class_list":["post-20607","page","type-page","status-publish","hentry"],"yoast_head":"<!-- This site is optimized with the Yoast SEO plugin v26.2 - https:\/\/yoast.com\/wordpress\/plugins\/seo\/ -->\n<title>Comedor escolar Infantil y Primaria - C. Parroquial San Jaime Ap\u00f3stol<\/title>\n<meta name=\"robots\" content=\"index, follow, max-snippet:-1, max-image-preview:large, max-video-preview:-1\" \/>\n<link rel=\"canonical\" href=\"https:\/\/colegio.sanjaimemoncada.es\/en\/comedor-escolar-infantil-primaria\/\" \/>\n<meta property=\"og:locale\" content=\"en_US\" \/>\n<meta property=\"og:type\" content=\"article\" \/>\n<meta property=\"og:title\" content=\"Comedor escolar Infantil y Primaria - C. Parroquial San Jaime Ap\u00f3stol\" \/>\n<meta property=\"og:description\" content=\"Disponemos de un servicio de comedor para nuestros alumnos de Infantil y Primaria. Dicho servicio est\u00e1 regulado por\u00a0 el presente reglamento y se presta desde Septiembre hasta Junio. El centro dispone de\u00a0Cocina in situ, por lo que los men\u00fas se elaboran en el propio colegio. Adem\u00e1s, se atienden todo tipo de reg\u00edmenes alimenticios como cel\u00edacos, [&hellip;]\" \/>\n<meta property=\"og:url\" content=\"https:\/\/colegio.sanjaimemoncada.es\/en\/comedor-escolar-infantil-primaria\/\" \/>\n<meta property=\"og:site_name\" content=\"C. Parroquial San Jaime Ap\u00f3stol\" \/>\n<meta property=\"article:modified_time\" content=\"2026-03-31T06:39:03+00:00\" \/>\n<meta property=\"og:image\" content=\"https:\/\/colegio.sanjaimemoncada.es\/wp-content\/uploads\/2026\/03\/MENU-BASAL-ABRIL-2026-SAN-JAIME-APOSTOL-1_page-0001.jpg\" \/>\n\t<meta property=\"og:image:width\" content=\"1754\" \/>\n\t<meta property=\"og:image:height\" content=\"1240\" \/>\n\t<meta property=\"og:image:type\" content=\"image\/jpeg\" \/>\n<meta name=\"twitter:card\" content=\"summary_large_image\" \/>\n<meta name=\"twitter:label1\" content=\"Est. reading time\" \/>\n\t<meta name=\"twitter:data1\" content=\"3 minutes\" \/>\n<script type=\"application\/ld+json\" class=\"yoast-schema-graph\">{\"@context\":\"https:\/\/schema.org\",\"@graph\":[{\"@type\":\"WebPage\",\"@id\":\"https:\/\/colegio.sanjaimemoncada.es\/en\/comedor-escolar-infantil-primaria\/\",\"url\":\"https:\/\/colegio.sanjaimemoncada.es\/en\/comedor-escolar-infantil-primaria\/\",\"name\":\"Comedor escolar Infantil y Primaria - C. Parroquial San Jaime Ap\u00f3stol\",\"isPartOf\":{\"@id\":\"https:\/\/colegio.sanjaimemoncada.es\/#website\"},\"primaryImageOfPage\":{\"@id\":\"https:\/\/colegio.sanjaimemoncada.es\/en\/comedor-escolar-infantil-primaria\/#primaryimage\"},\"image\":{\"@id\":\"https:\/\/colegio.sanjaimemoncada.es\/en\/comedor-escolar-infantil-primaria\/#primaryimage\"},\"thumbnailUrl\":\"https:\/\/colegio.sanjaimemoncada.es\/wp-content\/uploads\/2026\/03\/MENU-BASAL-ABRIL-2026-SAN-JAIME-APOSTOL-1_page-0001-1024x724.jpg\",\"datePublished\":\"2020-09-18T11:11:35+00:00\",\"dateModified\":\"2026-03-31T06:39:03+00:00\",\"breadcrumb\":{\"@id\":\"https:\/\/colegio.sanjaimemoncada.es\/en\/comedor-escolar-infantil-primaria\/#breadcrumb\"},\"inLanguage\":\"en-US\",\"potentialAction\":[{\"@type\":\"ReadAction\",\"target\":[\"https:\/\/colegio.sanjaimemoncada.es\/en\/comedor-escolar-infantil-primaria\/\"]}]},{\"@type\":\"ImageObject\",\"inLanguage\":\"en-US\",\"@id\":\"https:\/\/colegio.sanjaimemoncada.es\/en\/comedor-escolar-infantil-primaria\/#primaryimage\",\"url\":\"https:\/\/colegio.sanjaimemoncada.es\/wp-content\/uploads\/2026\/03\/MENU-BASAL-ABRIL-2026-SAN-JAIME-APOSTOL-1_page-0001-1024x724.jpg\",\"contentUrl\":\"https:\/\/colegio.sanjaimemoncada.es\/wp-content\/uploads\/2026\/03\/MENU-BASAL-ABRIL-2026-SAN-JAIME-APOSTOL-1_page-0001-1024x724.jpg\"},{\"@type\":\"BreadcrumbList\",\"@id\":\"https:\/\/colegio.sanjaimemoncada.es\/en\/comedor-escolar-infantil-primaria\/#breadcrumb\",\"itemListElement\":[{\"@type\":\"ListItem\",\"position\":1,\"name\":\"Portada\",\"item\":\"https:\/\/colegio.sanjaimemoncada.es\/\"},{\"@type\":\"ListItem\",\"position\":2,\"name\":\"Comedor escolar Infantil y Primaria\"}]},{\"@type\":\"WebSite\",\"@id\":\"https:\/\/colegio.sanjaimemoncada.es\/#website\",\"url\":\"https:\/\/colegio.sanjaimemoncada.es\/\",\"name\":\"C. Parroquial San Jaime Ap\u00f3stol\",\"description\":\"\",\"potentialAction\":[{\"@type\":\"SearchAction\",\"target\":{\"@type\":\"EntryPoint\",\"urlTemplate\":\"https:\/\/colegio.sanjaimemoncada.es\/?s={search_term_string}\"},\"query-input\":{\"@type\":\"PropertyValueSpecification\",\"valueRequired\":true,\"valueName\":\"search_term_string\"}}],\"inLanguage\":\"en-US\"}]}<\/script>\n<!-- \/ Yoast SEO plugin. -->","yoast_head_json":{"title":"Comedor escolar Infantil y Primaria - C. Parroquial San Jaime Ap\u00f3stol","robots":{"index":"index","follow":"follow","max-snippet":"max-snippet:-1","max-image-preview":"max-image-preview:large","max-video-preview":"max-video-preview:-1"},"canonical":"https:\/\/colegio.sanjaimemoncada.es\/en\/comedor-escolar-infantil-primaria\/","og_locale":"en_US","og_type":"article","og_title":"Comedor escolar Infantil y Primaria - C. Parroquial San Jaime Ap\u00f3stol","og_description":"Disponemos de un servicio de comedor para nuestros alumnos de Infantil y Primaria. Dicho servicio est\u00e1 regulado por\u00a0 el presente reglamento y se presta desde Septiembre hasta Junio. El centro dispone de\u00a0Cocina in situ, por lo que los men\u00fas se elaboran en el propio colegio. Adem\u00e1s, se atienden todo tipo de reg\u00edmenes alimenticios como cel\u00edacos, [&hellip;]","og_url":"https:\/\/colegio.sanjaimemoncada.es\/en\/comedor-escolar-infantil-primaria\/","og_site_name":"C. Parroquial San Jaime Ap\u00f3stol","article_modified_time":"2026-03-31T06:39:03+00:00","og_image":[{"width":1754,"height":1240,"url":"https:\/\/colegio.sanjaimemoncada.es\/wp-content\/uploads\/2026\/03\/MENU-BASAL-ABRIL-2026-SAN-JAIME-APOSTOL-1_page-0001.jpg","type":"image\/jpeg"}],"twitter_card":"summary_large_image","twitter_misc":{"Est. reading time":"3 minutes"},"schema":{"@context":"https:\/\/schema.org","@graph":[{"@type":"WebPage","@id":"https:\/\/colegio.sanjaimemoncada.es\/en\/comedor-escolar-infantil-primaria\/","url":"https:\/\/colegio.sanjaimemoncada.es\/en\/comedor-escolar-infantil-primaria\/","name":"Comedor escolar Infantil y Primaria - C. Parroquial San Jaime Ap\u00f3stol","isPartOf":{"@id":"https:\/\/colegio.sanjaimemoncada.es\/#website"},"primaryImageOfPage":{"@id":"https:\/\/colegio.sanjaimemoncada.es\/en\/comedor-escolar-infantil-primaria\/#primaryimage"},"image":{"@id":"https:\/\/colegio.sanjaimemoncada.es\/en\/comedor-escolar-infantil-primaria\/#primaryimage"},"thumbnailUrl":"https:\/\/colegio.sanjaimemoncada.es\/wp-content\/uploads\/2026\/03\/MENU-BASAL-ABRIL-2026-SAN-JAIME-APOSTOL-1_page-0001-1024x724.jpg","datePublished":"2020-09-18T11:11:35+00:00","dateModified":"2026-03-31T06:39:03+00:00","breadcrumb":{"@id":"https:\/\/colegio.sanjaimemoncada.es\/en\/comedor-escolar-infantil-primaria\/#breadcrumb"},"inLanguage":"en-US","potentialAction":[{"@type":"ReadAction","target":["https:\/\/colegio.sanjaimemoncada.es\/en\/comedor-escolar-infantil-primaria\/"]}]},{"@type":"ImageObject","inLanguage":"en-US","@id":"https:\/\/colegio.sanjaimemoncada.es\/en\/comedor-escolar-infantil-primaria\/#primaryimage","url":"https:\/\/colegio.sanjaimemoncada.es\/wp-content\/uploads\/2026\/03\/MENU-BASAL-ABRIL-2026-SAN-JAIME-APOSTOL-1_page-0001-1024x724.jpg","contentUrl":"https:\/\/colegio.sanjaimemoncada.es\/wp-content\/uploads\/2026\/03\/MENU-BASAL-ABRIL-2026-SAN-JAIME-APOSTOL-1_page-0001-1024x724.jpg"},{"@type":"BreadcrumbList","@id":"https:\/\/colegio.sanjaimemoncada.es\/en\/comedor-escolar-infantil-primaria\/#breadcrumb","itemListElement":[{"@type":"ListItem","position":1,"name":"Portada","item":"https:\/\/colegio.sanjaimemoncada.es\/"},{"@type":"ListItem","position":2,"name":"Comedor escolar Infantil y Primaria"}]},{"@type":"WebSite","@id":"https:\/\/colegio.sanjaimemoncada.es\/#website","url":"https:\/\/colegio.sanjaimemoncada.es\/","name":"C. Parroquial San Jaime Ap\u00f3stol","description":"","potentialAction":[{"@type":"SearchAction","target":{"@type":"EntryPoint","urlTemplate":"https:\/\/colegio.sanjaimemoncada.es\/?s={search_term_string}"},"query-input":{"@type":"PropertyValueSpecification","valueRequired":true,"valueName":"search_term_string"}}],"inLanguage":"en-US"}]}},"_links":{"self":[{"href":"https:\/\/colegio.sanjaimemoncada.es\/en\/wp-json\/wp\/v2\/pages\/20607","targetHints":{"allow":["GET"]}}],"collection":[{"href":"https:\/\/colegio.sanjaimemoncada.es\/en\/wp-json\/wp\/v2\/pages"}],"about":[{"href":"https:\/\/colegio.sanjaimemoncada.es\/en\/wp-json\/wp\/v2\/types\/page"}],"author":[{"embeddable":true,"href":"https:\/\/colegio.sanjaimemoncada.es\/en\/wp-json\/wp\/v2\/users\/7"}],"replies":[{"embeddable":true,"href":"https:\/\/colegio.sanjaimemoncada.es\/en\/wp-json\/wp\/v2\/comments?post=20607"}],"version-history":[{"count":117,"href":"https:\/\/colegio.sanjaimemoncada.es\/en\/wp-json\/wp\/v2\/pages\/20607\/revisions"}],"predecessor-version":[{"id":27723,"href":"https:\/\/colegio.sanjaimemoncada.es\/en\/wp-json\/wp\/v2\/pages\/20607\/revisions\/27723"}],"wp:attachment":[{"href":"https:\/\/colegio.sanjaimemoncada.es\/en\/wp-json\/wp\/v2\/media?parent=20607"}],"curies":[{"name":"wp","href":"https:\/\/api.w.org\/{rel}","templated":true}]}}